{"id":49354,"date":"2023-07-10T15:36:30","date_gmt":"2023-07-10T13:36:30","guid":{"rendered":"https:\/\/nationalstore.be\/?post_type=product&#038;p=49354"},"modified":"2023-09-13T21:20:18","modified_gmt":"2023-09-13T19:20:18","slug":"ubuntu","status":"publish","type":"product","link":"https:\/\/nationalstore.be\/fr\/produit\/ubuntu","title":{"rendered":"Ubuntu"},"content":{"rendered":"<p>Acrylique sur toile<\/p>\n<p>134 x 124 cm<\/p>\n<p>2023<\/p>\n","protected":false},"excerpt":{"rendered":"<p class=\"p1\" style=\"margin: 0px 0px 16px;line-height: normal;font-family: Georgia\" data-mce-style=\"margin: 0px 0px 16px; line-height: normal; font-family: Georgia;\"><span class=\"s1\">&#8220;Ubuntu, prononc\u00e9 [\u00f9b\u00fant\u00fa], est un concept africain traditionnel. Le mot ubuntu vient des langues zoulou et xhola et peut \u00eatre traduit approximativement par &#8220;humanit\u00e9 envers les autres&#8221;.<\/span><\/p>\n<p class=\"p1\" style=\"margin: 0px 0px 16px;line-height: normal;font-family: Georgia\" data-mce-style=\"margin: 0px 0px 16px; line-height: normal; font-family: Georgia;\"><span class=\"s1\">L&#8217;ubuntu incarne toutes les vertus qui maintiennent l&#8217;harmonie et l&#8217;esprit de partage entre les membres d&#8217;une soci\u00e9t\u00e9. Il implique une appr\u00e9ciation des croyances traditionnelles et une conscience constante du fait que les actions d&#8217;un individu aujourd&#8217;hui sont le reflet du pass\u00e9 et auront des cons\u00e9quences importantes pour l&#8217;avenir.<\/span><\/p>\n<p class=\"p1\" style=\"margin: 0px 0px 16px;line-height: normal;font-family: Georgia\" data-mce-style=\"margin: 0px 0px 16px; line-height: normal; font-family: Georgia;\"><span class=\"s1\">Une personne qui poss\u00e8de l&#8217;ubuntu conna\u00eet sa place dans l&#8217;univers et est par cons\u00e9quent capable d&#8217;interagir gracieusement avec d&#8217;autres individus. L&#8217;un des aspects de l&#8217;ubuntu est que, \u00e0 tout moment, l&#8217;individu repr\u00e9sente effectivement le peuple dont il est issu et s&#8217;efforce donc de se comporter selon les normes les plus \u00e9lev\u00e9es et d&#8217;afficher les vertus d\u00e9fendues par sa soci\u00e9t\u00e9.&#8221;<\/span><\/p>\n","protected":false},"featured_media":49352,"template":"","meta":[],"product_cat":[3410,570,2933],"product_tag":[363,2969,3578,3577],"yoast_head":"<!-- This site is optimized with the Yoast SEO plugin v19.1 - https:\/\/yoast.com\/wordpress\/plugins\/seo\/ -->\n<title>Ubuntu | E-shop artistes belges<\/title>\n<meta name=\"description\" content=\"Tableau, artiste peintre Gilles Mayk Navangi. Art africain, afrofuturisme, Ubuntu.\" \/>\n<meta name=\"robots\" content=\"index, follow, max-snippet:-1, max-image-preview:large, max-video-preview:-1\" \/>\n<link rel=\"canonical\" href=\"https:\/\/nationalstore.be\/fr\/produit\/ubuntu\" \/>\n<meta property=\"og:locale\" content=\"fr_FR\" \/>\n<meta property=\"og:type\" content=\"article\" \/>\n<meta property=\"og:title\" content=\"Ubuntu | E-shop artistes belges\" \/>\n<meta property=\"og:description\" content=\"Tableau, artiste peintre Gilles Mayk Navangi. Art africain, afrofuturisme, Ubuntu.\" \/>\n<meta property=\"og:url\" content=\"https:\/\/nationalstore.be\/fr\/produit\/ubuntu\" \/>\n<meta property=\"og:site_name\" content=\"NATIONA(A)L ARTIST SUPERMARKET\" \/>\n<meta property=\"article:publisher\" content=\"https:\/\/www.facebook.com\/nationalstore\/?ref=br_rs\" \/>\n<meta property=\"article:modified_time\" content=\"2023-09-13T19:20:18+00:00\" \/>\n<meta property=\"og:image\" content=\"https:\/\/nationalstore.be\/wp-content\/uploads\/2023\/07\/Gilles-Mayk-Navangi-Painting-UBUNTU.jpeg\" \/>\n\t<meta property=\"og:image:width\" content=\"1024\" \/>\n\t<meta property=\"og:image:height\" content=\"950\" \/>\n\t<meta property=\"og:image:type\" content=\"image\/jpeg\" \/>\n<meta name=\"twitter:card\" content=\"summary_large_image\" \/>\n<meta name=\"twitter:site\" content=\"@Nationalstore\" \/>\n<script type=\"application\/ld+json\" class=\"yoast-schema-graph\">{\"@context\":\"https:\/\/schema.org\",\"@graph\":[{\"@type\":\"Organization\",\"@id\":\"https:\/\/nationalstore.be\/fr#organization\",\"name\":\"NATIONA(A)L ARTIST MARKET\",\"url\":\"https:\/\/nationalstore.be\/fr\",\"sameAs\":[\"https:\/\/www.instagram.com\/nationalstore\/\",\"https:\/\/www.facebook.com\/nationalstore\/?ref=br_rs\",\"https:\/\/twitter.com\/Nationalstore\"],\"logo\":{\"@type\":\"ImageObject\",\"inLanguage\":\"fr-FR\",\"@id\":\"https:\/\/nationalstore.be\/fr#\/schema\/logo\/image\/\",\"url\":\"https:\/\/nationalstore.be\/wp-content\/uploads\/2024\/03\/nationaal-logo_mauve-cmjn.png\",\"contentUrl\":\"https:\/\/nationalstore.be\/wp-content\/uploads\/2024\/03\/nationaal-logo_mauve-cmjn.png\",\"width\":3475,\"height\":1352,\"caption\":\"NATIONA(A)L ARTIST MARKET\"},\"image\":{\"@id\":\"https:\/\/nationalstore.be\/fr#\/schema\/logo\/image\/\"}},{\"@type\":\"WebSite\",\"@id\":\"https:\/\/nationalstore.be\/fr#website\",\"url\":\"https:\/\/nationalstore.be\/fr\",\"name\":\"NATIONA(A)L ARTIST SUPERMARKET\",\"description\":\"\",\"publisher\":{\"@id\":\"https:\/\/nationalstore.be\/fr#organization\"},\"potentialAction\":[{\"@type\":\"SearchAction\",\"target\":{\"@type\":\"EntryPoint\",\"urlTemplate\":\"https:\/\/nationalstore.be\/fr?s={search_term_string}\"},\"query-input\":\"required name=search_term_string\"}],\"inLanguage\":\"fr-FR\"},{\"@type\":\"ImageObject\",\"inLanguage\":\"fr-FR\",\"@id\":\"https:\/\/nationalstore.be\/fr\/produit\/ubuntu#primaryimage\",\"url\":\"https:\/\/nationalstore.be\/wp-content\/uploads\/2023\/07\/Gilles-Mayk-Navangi-Painting-UBUNTU.jpeg\",\"contentUrl\":\"https:\/\/nationalstore.be\/wp-content\/uploads\/2023\/07\/Gilles-Mayk-Navangi-Painting-UBUNTU.jpeg\",\"width\":1024,\"height\":950,\"caption\":\"Painting_Ubuntu_Gilles Mayk Navangi\"},{\"@type\":[\"WebPage\",\"ItemPage\"],\"@id\":\"https:\/\/nationalstore.be\/fr\/produit\/ubuntu#webpage\",\"url\":\"https:\/\/nationalstore.be\/fr\/produit\/ubuntu\",\"name\":\"Ubuntu | E-shop artistes belges\",\"isPartOf\":{\"@id\":\"https:\/\/nationalstore.be\/fr#website\"},\"primaryImageOfPage\":{\"@id\":\"https:\/\/nationalstore.be\/fr\/produit\/ubuntu#primaryimage\"},\"datePublished\":\"2023-07-10T13:36:30+00:00\",\"dateModified\":\"2023-09-13T19:20:18+00:00\",\"description\":\"Tableau, artiste peintre Gilles Mayk Navangi. Art africain, afrofuturisme, Ubuntu.\",\"breadcrumb\":{\"@id\":\"https:\/\/nationalstore.be\/fr\/produit\/ubuntu#breadcrumb\"},\"inLanguage\":\"fr-FR\",\"potentialAction\":[{\"@type\":\"ReadAction\",\"target\":[\"https:\/\/nationalstore.be\/fr\/produit\/ubuntu\"]}]},{\"@type\":\"BreadcrumbList\",\"@id\":\"https:\/\/nationalstore.be\/fr\/produit\/ubuntu#breadcrumb\",\"itemListElement\":[{\"@type\":\"ListItem\",\"position\":1,\"name\":\"Home\",\"item\":\"https:\/\/nationalstore.be\/fr\"},{\"@type\":\"ListItem\",\"position\":2,\"name\":\"Produits\",\"item\":\"https:\/\/nationalstore.be\/fr\/shop\"},{\"@type\":\"ListItem\",\"position\":3,\"name\":\"Arts plastiques\",\"item\":\"https:\/\/nationalstore.be\/fr\/pc\/arts-plastiques\"},{\"@type\":\"ListItem\",\"position\":4,\"name\":\"Peinture\",\"item\":\"https:\/\/nationalstore.be\/fr\/pc\/arts-plastiques\/peinture\"},{\"@type\":\"ListItem\",\"position\":5,\"name\":\"Ubuntu\"}]}]}<\/script>\n<!-- \/ Yoast SEO plugin. -->","yoast_head_json":{"title":"Ubuntu | E-shop artistes belges","description":"Tableau, artiste peintre Gilles Mayk Navangi. Art africain, afrofuturisme, Ubuntu.","robots":{"index":"index","follow":"follow","max-snippet":"max-snippet:-1","max-image-preview":"max-image-preview:large","max-video-preview":"max-video-preview:-1"},"canonical":"https:\/\/nationalstore.be\/fr\/produit\/ubuntu","og_locale":"fr_FR","og_type":"article","og_title":"Ubuntu | E-shop artistes belges","og_description":"Tableau, artiste peintre Gilles Mayk Navangi. Art africain, afrofuturisme, Ubuntu.","og_url":"https:\/\/nationalstore.be\/fr\/produit\/ubuntu","og_site_name":"NATIONA(A)L ARTIST SUPERMARKET","article_publisher":"https:\/\/www.facebook.com\/nationalstore\/?ref=br_rs","article_modified_time":"2023-09-13T19:20:18+00:00","og_image":[{"width":1024,"height":950,"url":"https:\/\/nationalstore.be\/wp-content\/uploads\/2023\/07\/Gilles-Mayk-Navangi-Painting-UBUNTU.jpeg","type":"image\/jpeg"}],"twitter_card":"summary_large_image","twitter_site":"@Nationalstore","schema":{"@context":"https:\/\/schema.org","@graph":[{"@type":"Organization","@id":"https:\/\/nationalstore.be\/fr#organization","name":"NATIONA(A)L ARTIST MARKET","url":"https:\/\/nationalstore.be\/fr","sameAs":["https:\/\/www.instagram.com\/nationalstore\/","https:\/\/www.facebook.com\/nationalstore\/?ref=br_rs","https:\/\/twitter.com\/Nationalstore"],"logo":{"@type":"ImageObject","inLanguage":"fr-FR","@id":"https:\/\/nationalstore.be\/fr#\/schema\/logo\/image\/","url":"https:\/\/nationalstore.be\/wp-content\/uploads\/2024\/03\/nationaal-logo_mauve-cmjn.png","contentUrl":"https:\/\/nationalstore.be\/wp-content\/uploads\/2024\/03\/nationaal-logo_mauve-cmjn.png","width":3475,"height":1352,"caption":"NATIONA(A)L ARTIST MARKET"},"image":{"@id":"https:\/\/nationalstore.be\/fr#\/schema\/logo\/image\/"}},{"@type":"WebSite","@id":"https:\/\/nationalstore.be\/fr#website","url":"https:\/\/nationalstore.be\/fr","name":"NATIONA(A)L ARTIST SUPERMARKET","description":"","publisher":{"@id":"https:\/\/nationalstore.be\/fr#organization"},"potentialAction":[{"@type":"SearchAction","target":{"@type":"EntryPoint","urlTemplate":"https:\/\/nationalstore.be\/fr?s={search_term_string}"},"query-input":"required name=search_term_string"}],"inLanguage":"fr-FR"},{"@type":"ImageObject","inLanguage":"fr-FR","@id":"https:\/\/nationalstore.be\/fr\/produit\/ubuntu#primaryimage","url":"https:\/\/nationalstore.be\/wp-content\/uploads\/2023\/07\/Gilles-Mayk-Navangi-Painting-UBUNTU.jpeg","contentUrl":"https:\/\/nationalstore.be\/wp-content\/uploads\/2023\/07\/Gilles-Mayk-Navangi-Painting-UBUNTU.jpeg","width":1024,"height":950,"caption":"Painting_Ubuntu_Gilles Mayk Navangi"},{"@type":["WebPage","ItemPage"],"@id":"https:\/\/nationalstore.be\/fr\/produit\/ubuntu#webpage","url":"https:\/\/nationalstore.be\/fr\/produit\/ubuntu","name":"Ubuntu | E-shop artistes belges","isPartOf":{"@id":"https:\/\/nationalstore.be\/fr#website"},"primaryImageOfPage":{"@id":"https:\/\/nationalstore.be\/fr\/produit\/ubuntu#primaryimage"},"datePublished":"2023-07-10T13:36:30+00:00","dateModified":"2023-09-13T19:20:18+00:00","description":"Tableau, artiste peintre Gilles Mayk Navangi. Art africain, afrofuturisme, Ubuntu.","breadcrumb":{"@id":"https:\/\/nationalstore.be\/fr\/produit\/ubuntu#breadcrumb"},"inLanguage":"fr-FR","potentialAction":[{"@type":"ReadAction","target":["https:\/\/nationalstore.be\/fr\/produit\/ubuntu"]}]},{"@type":"BreadcrumbList","@id":"https:\/\/nationalstore.be\/fr\/produit\/ubuntu#breadcrumb","itemListElement":[{"@type":"ListItem","position":1,"name":"Home","item":"https:\/\/nationalstore.be\/fr"},{"@type":"ListItem","position":2,"name":"Produits","item":"https:\/\/nationalstore.be\/fr\/shop"},{"@type":"ListItem","position":3,"name":"Arts plastiques","item":"https:\/\/nationalstore.be\/fr\/pc\/arts-plastiques"},{"@type":"ListItem","position":4,"name":"Peinture","item":"https:\/\/nationalstore.be\/fr\/pc\/arts-plastiques\/peinture"},{"@type":"ListItem","position":5,"name":"Ubuntu"}]}]}},"_links":{"self":[{"href":"https:\/\/nationalstore.be\/fr\/wp-json\/wp\/v2\/product\/49354"}],"collection":[{"href":"https:\/\/nationalstore.be\/fr\/wp-json\/wp\/v2\/product"}],"about":[{"href":"https:\/\/nationalstore.be\/fr\/wp-json\/wp\/v2\/types\/product"}],"wp:featuredmedia":[{"embeddable":true,"href":"https:\/\/nationalstore.be\/fr\/wp-json\/wp\/v2\/media\/49352"}],"wp:attachment":[{"href":"https:\/\/nationalstore.be\/fr\/wp-json\/wp\/v2\/media?parent=49354"}],"wp:term":[{"taxonomy":"product_cat","embeddable":true,"href":"https:\/\/nationalstore.be\/fr\/wp-json\/wp\/v2\/product_cat?post=49354"},{"taxonomy":"product_tag","embeddable":true,"href":"https:\/\/nationalstore.be\/fr\/wp-json\/wp\/v2\/product_tag?post=49354"}],"curies":[{"name":"wp","href":"https:\/\/api.w.org\/{rel}","templated":true}]}}