{"id":49339,"date":"2023-07-10T14:21:37","date_gmt":"2023-07-10T12:21:37","guid":{"rendered":"https:\/\/nationalstore.be\/?post_type=product&#038;p=49339"},"modified":"2023-09-13T21:20:31","modified_gmt":"2023-09-13T19:20:31","slug":"carre-pose-au-calme","status":"publish","type":"product","link":"https:\/\/nationalstore.be\/fr\/produit\/carre-pose-au-calme","title":{"rendered":"Carr\u00e9, pos\u00e9, au calme"},"content":{"rendered":"<p>Acrylique sur toile<\/p>\n<p>76 x 81 cm<\/p>\n<p>2021<\/p>\n","protected":false},"excerpt":{"rendered":"<p class=\"p1\" style=\"margin: 0px;font-size: 17px;line-height: normal;font-family: Times\"><span class=\"s1\">Ce tableau fait partie d\u2019une s\u00e9rie de 3 tableaux r\u00e9alis\u00e9s pour une exposition \u00e0 Saint-Tropez.\u00a0Le titre est \u00ab Carr\u00e9, pos\u00e9, au calme \u00bb.<\/span><span class=\"s2\">\u00a0C\u2019est une\u00a0r\u00e9interpr\u00e9tation\u00a0du tableau de Matisse \u00ab<\/span><span class=\"s3\">\u00a0<\/span><span class=\"s2\">Luxe calme et volupt\u00e9 \u00bb.<\/span><\/p>\n<p class=\"p1\" style=\"margin: 0px;font-size: 17px;line-height: normal;font-family: Times\"><span class=\"s1\">En effet, Matisse s\u2019est rendu \u00e0 Saint-Tropez \u00e0 mainte reprise et a r\u00e9alis\u00e9 ce tableau sur place. C\u2019est l\u2019une de ces \u0153uvres far et qui est aussi \u00e0 l\u2019origine du mouvement fauvisme. Carr\u00e9, pos\u00e9 au calme est donc \u00e0 la fois un hommage \u00e0 Matisse et \u00e0 la ville de Saint-Tropez.\u00a0<\/span><\/p>\n","protected":false},"featured_media":49337,"template":"","meta":[],"product_cat":[3410,2933],"product_tag":[363,2969,3578,3577],"yoast_head":"<!-- This site is optimized with the Yoast SEO plugin v19.1 - https:\/\/yoast.com\/wordpress\/plugins\/seo\/ -->\n<title>Carr\u00e9, pos\u00e9, au calme | E-shop artistes belges<\/title>\n<meta name=\"description\" content=\"Tableau, artiste peintre Gilles Mayk Navangi. Art africain inspiration Henri Matisse.\" \/>\n<meta name=\"robots\" content=\"index, follow, max-snippet:-1, max-image-preview:large, max-video-preview:-1\" \/>\n<link rel=\"canonical\" href=\"https:\/\/nationalstore.be\/fr\/produit\/carre-pose-au-calme\" \/>\n<meta property=\"og:locale\" content=\"fr_FR\" \/>\n<meta property=\"og:type\" content=\"article\" \/>\n<meta property=\"og:title\" content=\"Carr\u00e9, pos\u00e9, au calme | E-shop artistes belges\" \/>\n<meta property=\"og:description\" content=\"Tableau, artiste peintre Gilles Mayk Navangi. Art africain inspiration Henri Matisse.\" \/>\n<meta property=\"og:url\" content=\"https:\/\/nationalstore.be\/fr\/produit\/carre-pose-au-calme\" \/>\n<meta property=\"og:site_name\" content=\"NATIONA(A)L ARTIST SUPERMARKET\" \/>\n<meta property=\"article:publisher\" content=\"https:\/\/www.facebook.com\/nationalstore\/?ref=br_rs\" \/>\n<meta property=\"article:modified_time\" content=\"2023-09-13T19:20:31+00:00\" \/>\n<meta property=\"og:image\" content=\"https:\/\/nationalstore.be\/wp-content\/uploads\/2023\/07\/Gilles-Mayk-Navangi-Painting-Carre\u0301-pose\u0301-au-calme-1024x996.jpg\" \/>\n\t<meta property=\"og:image:width\" content=\"1024\" \/>\n\t<meta property=\"og:image:height\" content=\"996\" \/>\n\t<meta property=\"og:image:type\" content=\"image\/jpeg\" \/>\n<meta name=\"twitter:card\" content=\"summary_large_image\" \/>\n<meta name=\"twitter:site\" content=\"@Nationalstore\" \/>\n<script type=\"application\/ld+json\" class=\"yoast-schema-graph\">{\"@context\":\"https:\/\/schema.org\",\"@graph\":[{\"@type\":\"Organization\",\"@id\":\"https:\/\/nationalstore.be\/fr#organization\",\"name\":\"NATIONA(A)L ARTIST MARKET\",\"url\":\"https:\/\/nationalstore.be\/fr\",\"sameAs\":[\"https:\/\/www.instagram.com\/nationalstore\/\",\"https:\/\/www.facebook.com\/nationalstore\/?ref=br_rs\",\"https:\/\/twitter.com\/Nationalstore\"],\"logo\":{\"@type\":\"ImageObject\",\"inLanguage\":\"fr-FR\",\"@id\":\"https:\/\/nationalstore.be\/fr#\/schema\/logo\/image\/\",\"url\":\"https:\/\/nationalstore.be\/wp-content\/uploads\/2024\/03\/nationaal-logo_mauve-cmjn.png\",\"contentUrl\":\"https:\/\/nationalstore.be\/wp-content\/uploads\/2024\/03\/nationaal-logo_mauve-cmjn.png\",\"width\":3475,\"height\":1352,\"caption\":\"NATIONA(A)L ARTIST MARKET\"},\"image\":{\"@id\":\"https:\/\/nationalstore.be\/fr#\/schema\/logo\/image\/\"}},{\"@type\":\"WebSite\",\"@id\":\"https:\/\/nationalstore.be\/fr#website\",\"url\":\"https:\/\/nationalstore.be\/fr\",\"name\":\"NATIONA(A)L ARTIST SUPERMARKET\",\"description\":\"\",\"publisher\":{\"@id\":\"https:\/\/nationalstore.be\/fr#organization\"},\"potentialAction\":[{\"@type\":\"SearchAction\",\"target\":{\"@type\":\"EntryPoint\",\"urlTemplate\":\"https:\/\/nationalstore.be\/fr?s={search_term_string}\"},\"query-input\":\"required name=search_term_string\"}],\"inLanguage\":\"fr-FR\"},{\"@type\":\"ImageObject\",\"inLanguage\":\"fr-FR\",\"@id\":\"https:\/\/nationalstore.be\/fr\/produit\/carre-pose-au-calme#primaryimage\",\"url\":\"https:\/\/nationalstore.be\/wp-content\/uploads\/2023\/07\/Gilles-Mayk-Navangi-Painting-Carre\u0301-pose\u0301-au-calme-scaled.jpg\",\"contentUrl\":\"https:\/\/nationalstore.be\/wp-content\/uploads\/2023\/07\/Gilles-Mayk-Navangi-Painting-Carre\u0301-pose\u0301-au-calme-scaled.jpg\",\"width\":2560,\"height\":2490,\"caption\":\"Saint-Tropez_Matisse_Luxe Calme et volumpt\u00e9_Gilles Mayk Navangi_Carr\u00e9, pos\u00e9, au calme\"},{\"@type\":[\"WebPage\",\"ItemPage\"],\"@id\":\"https:\/\/nationalstore.be\/fr\/produit\/carre-pose-au-calme#webpage\",\"url\":\"https:\/\/nationalstore.be\/fr\/produit\/carre-pose-au-calme\",\"name\":\"Carr\u00e9, pos\u00e9, au calme | E-shop artistes belges\",\"isPartOf\":{\"@id\":\"https:\/\/nationalstore.be\/fr#website\"},\"primaryImageOfPage\":{\"@id\":\"https:\/\/nationalstore.be\/fr\/produit\/carre-pose-au-calme#primaryimage\"},\"datePublished\":\"2023-07-10T12:21:37+00:00\",\"dateModified\":\"2023-09-13T19:20:31+00:00\",\"description\":\"Tableau, artiste peintre Gilles Mayk Navangi. Art africain inspiration Henri Matisse.\",\"breadcrumb\":{\"@id\":\"https:\/\/nationalstore.be\/fr\/produit\/carre-pose-au-calme#breadcrumb\"},\"inLanguage\":\"fr-FR\",\"potentialAction\":[{\"@type\":\"ReadAction\",\"target\":[\"https:\/\/nationalstore.be\/fr\/produit\/carre-pose-au-calme\"]}]},{\"@type\":\"BreadcrumbList\",\"@id\":\"https:\/\/nationalstore.be\/fr\/produit\/carre-pose-au-calme#breadcrumb\",\"itemListElement\":[{\"@type\":\"ListItem\",\"position\":1,\"name\":\"Home\",\"item\":\"https:\/\/nationalstore.be\/fr\"},{\"@type\":\"ListItem\",\"position\":2,\"name\":\"Produits\",\"item\":\"https:\/\/nationalstore.be\/fr\/shop\"},{\"@type\":\"ListItem\",\"position\":3,\"name\":\"Arts plastiques\",\"item\":\"https:\/\/nationalstore.be\/fr\/pc\/arts-plastiques\"},{\"@type\":\"ListItem\",\"position\":4,\"name\":\"Peinture\",\"item\":\"https:\/\/nationalstore.be\/fr\/pc\/arts-plastiques\/peinture\"},{\"@type\":\"ListItem\",\"position\":5,\"name\":\"Carr\u00e9, pos\u00e9, au calme\"}]}]}<\/script>\n<!-- \/ Yoast SEO plugin. -->","yoast_head_json":{"title":"Carr\u00e9, pos\u00e9, au calme | E-shop artistes belges","description":"Tableau, artiste peintre Gilles Mayk Navangi. Art africain inspiration Henri Matisse.","robots":{"index":"index","follow":"follow","max-snippet":"max-snippet:-1","max-image-preview":"max-image-preview:large","max-video-preview":"max-video-preview:-1"},"canonical":"https:\/\/nationalstore.be\/fr\/produit\/carre-pose-au-calme","og_locale":"fr_FR","og_type":"article","og_title":"Carr\u00e9, pos\u00e9, au calme | E-shop artistes belges","og_description":"Tableau, artiste peintre Gilles Mayk Navangi. Art africain inspiration Henri Matisse.","og_url":"https:\/\/nationalstore.be\/fr\/produit\/carre-pose-au-calme","og_site_name":"NATIONA(A)L ARTIST SUPERMARKET","article_publisher":"https:\/\/www.facebook.com\/nationalstore\/?ref=br_rs","article_modified_time":"2023-09-13T19:20:31+00:00","og_image":[{"width":1024,"height":996,"url":"https:\/\/nationalstore.be\/wp-content\/uploads\/2023\/07\/Gilles-Mayk-Navangi-Painting-Carre\u0301-pose\u0301-au-calme-1024x996.jpg","type":"image\/jpeg"}],"twitter_card":"summary_large_image","twitter_site":"@Nationalstore","schema":{"@context":"https:\/\/schema.org","@graph":[{"@type":"Organization","@id":"https:\/\/nationalstore.be\/fr#organization","name":"NATIONA(A)L ARTIST MARKET","url":"https:\/\/nationalstore.be\/fr","sameAs":["https:\/\/www.instagram.com\/nationalstore\/","https:\/\/www.facebook.com\/nationalstore\/?ref=br_rs","https:\/\/twitter.com\/Nationalstore"],"logo":{"@type":"ImageObject","inLanguage":"fr-FR","@id":"https:\/\/nationalstore.be\/fr#\/schema\/logo\/image\/","url":"https:\/\/nationalstore.be\/wp-content\/uploads\/2024\/03\/nationaal-logo_mauve-cmjn.png","contentUrl":"https:\/\/nationalstore.be\/wp-content\/uploads\/2024\/03\/nationaal-logo_mauve-cmjn.png","width":3475,"height":1352,"caption":"NATIONA(A)L ARTIST MARKET"},"image":{"@id":"https:\/\/nationalstore.be\/fr#\/schema\/logo\/image\/"}},{"@type":"WebSite","@id":"https:\/\/nationalstore.be\/fr#website","url":"https:\/\/nationalstore.be\/fr","name":"NATIONA(A)L ARTIST SUPERMARKET","description":"","publisher":{"@id":"https:\/\/nationalstore.be\/fr#organization"},"potentialAction":[{"@type":"SearchAction","target":{"@type":"EntryPoint","urlTemplate":"https:\/\/nationalstore.be\/fr?s={search_term_string}"},"query-input":"required name=search_term_string"}],"inLanguage":"fr-FR"},{"@type":"ImageObject","inLanguage":"fr-FR","@id":"https:\/\/nationalstore.be\/fr\/produit\/carre-pose-au-calme#primaryimage","url":"https:\/\/nationalstore.be\/wp-content\/uploads\/2023\/07\/Gilles-Mayk-Navangi-Painting-Carre\u0301-pose\u0301-au-calme-scaled.jpg","contentUrl":"https:\/\/nationalstore.be\/wp-content\/uploads\/2023\/07\/Gilles-Mayk-Navangi-Painting-Carre\u0301-pose\u0301-au-calme-scaled.jpg","width":2560,"height":2490,"caption":"Saint-Tropez_Matisse_Luxe Calme et volumpt\u00e9_Gilles Mayk Navangi_Carr\u00e9, pos\u00e9, au calme"},{"@type":["WebPage","ItemPage"],"@id":"https:\/\/nationalstore.be\/fr\/produit\/carre-pose-au-calme#webpage","url":"https:\/\/nationalstore.be\/fr\/produit\/carre-pose-au-calme","name":"Carr\u00e9, pos\u00e9, au calme | E-shop artistes belges","isPartOf":{"@id":"https:\/\/nationalstore.be\/fr#website"},"primaryImageOfPage":{"@id":"https:\/\/nationalstore.be\/fr\/produit\/carre-pose-au-calme#primaryimage"},"datePublished":"2023-07-10T12:21:37+00:00","dateModified":"2023-09-13T19:20:31+00:00","description":"Tableau, artiste peintre Gilles Mayk Navangi. Art africain inspiration Henri Matisse.","breadcrumb":{"@id":"https:\/\/nationalstore.be\/fr\/produit\/carre-pose-au-calme#breadcrumb"},"inLanguage":"fr-FR","potentialAction":[{"@type":"ReadAction","target":["https:\/\/nationalstore.be\/fr\/produit\/carre-pose-au-calme"]}]},{"@type":"BreadcrumbList","@id":"https:\/\/nationalstore.be\/fr\/produit\/carre-pose-au-calme#breadcrumb","itemListElement":[{"@type":"ListItem","position":1,"name":"Home","item":"https:\/\/nationalstore.be\/fr"},{"@type":"ListItem","position":2,"name":"Produits","item":"https:\/\/nationalstore.be\/fr\/shop"},{"@type":"ListItem","position":3,"name":"Arts plastiques","item":"https:\/\/nationalstore.be\/fr\/pc\/arts-plastiques"},{"@type":"ListItem","position":4,"name":"Peinture","item":"https:\/\/nationalstore.be\/fr\/pc\/arts-plastiques\/peinture"},{"@type":"ListItem","position":5,"name":"Carr\u00e9, pos\u00e9, au calme"}]}]}},"_links":{"self":[{"href":"https:\/\/nationalstore.be\/fr\/wp-json\/wp\/v2\/product\/49339"}],"collection":[{"href":"https:\/\/nationalstore.be\/fr\/wp-json\/wp\/v2\/product"}],"about":[{"href":"https:\/\/nationalstore.be\/fr\/wp-json\/wp\/v2\/types\/product"}],"wp:featuredmedia":[{"embeddable":true,"href":"https:\/\/nationalstore.be\/fr\/wp-json\/wp\/v2\/media\/49337"}],"wp:attachment":[{"href":"https:\/\/nationalstore.be\/fr\/wp-json\/wp\/v2\/media?parent=49339"}],"wp:term":[{"taxonomy":"product_cat","embeddable":true,"href":"https:\/\/nationalstore.be\/fr\/wp-json\/wp\/v2\/product_cat?post=49339"},{"taxonomy":"product_tag","embeddable":true,"href":"https:\/\/nationalstore.be\/fr\/wp-json\/wp\/v2\/product_tag?post=49339"}],"curies":[{"name":"wp","href":"https:\/\/api.w.org\/{rel}","templated":true}]}}