{"id":48956,"date":"2023-07-03T10:20:55","date_gmt":"2023-06-07T09:29:21","guid":{"rendered":"https:\/\/nationalstore.be\/?post_type=product&#038;p=48956"},"modified":"2023-11-15T22:36:41","modified_gmt":"2023-11-15T21:36:41","slug":"girl-sitting-on-the-floor","status":"publish","type":"product","link":"https:\/\/nationalstore.be\/fr\/produit\/girl-sitting-on-the-floor","title":{"rendered":"Fille assise par terre."},"content":{"rendered":"<p style=\"border: 0px solid #d9d9e3;box-sizing: border-box;margin: 0px 0px 1.25em;color: #374151;font-family: S\u00f6hne, ui-sans-serif, system-ui, -apple-system,\" data-mce-style=\"border: 0px solid #d9d9e3; box-sizing: border-box; margin: 0px 0px 1.25em; caret-color: #374151; color: #374151; font-family: S\u00f6hne, ui-sans-serif, system-ui, -apple-system,;\">Son genou gauche est lev\u00e9, le pied \u00e0 plat sur le sol. Son pied droit est repli\u00e9 vers son corps, le pied droit soigneusement gliss\u00e9 derri\u00e8re le gauche. Son bras droit repose sur sa cuisse int\u00e9rieure et son mollet. La femme semble \u00eatre dans un moment de silence. Cependant, sa posture sugg\u00e8re des soucis ou une profonde r\u00e9flexion. Ou peut-\u00eatre profite-t-elle simplement de la solitude. Les tons accueillants du mur et de la moquette luttent contre les soucis ou les mauvaises humeurs.<\/p>\n<p style=\"border: 0px solid #d9d9e3;box-sizing: border-box;margin: 1.25em 0px;color: #374151;font-family: S\u00f6hne, ui-sans-serif, system-ui, -apple-system,\" data-mce-style=\"border: 0px solid #d9d9e3; box-sizing: border-box; margin: 1.25em 0px; caret-color: #374151; color: #374151; font-family: S\u00f6hne, ui-sans-serif, system-ui, -apple-system,;\">C&#8217;est une femme qui se fait parfois du mal en trop r\u00e9fl\u00e9chissant. Une personne qui aime planifier cinq coups \u00e0 l&#8217;avance ! Une personne inqui\u00e8te et perfectionniste ! Une femme qui sera pr\u00eate pour l&#8217;impr\u00e9vu !<\/p>\n<p style=\"border: 0px solid #d9d9e3;box-sizing: border-box;margin: 1.25em 0px 0px;color: #374151;font-family: S\u00f6hne, ui-sans-serif, system-ui, -apple-system,\" data-mce-style=\"border: 0px solid #d9d9e3; box-sizing: border-box; margin: 1.25em 0px 0px; caret-color: #374151; color: #374151; font-family: S\u00f6hne, ui-sans-serif, system-ui, -apple-system,;\">Ce tableau figuratif est compos\u00e9 de couleurs douces, sur un fond orange en acrylique. Les couleurs soutiennent le r\u00e9cit et l&#8217;\u00e9motion. La peinture \u00e0 l&#8217;huile est appliqu\u00e9e de mani\u00e8re fine, ce qui lui conf\u00e8re une certaine l\u00e9g\u00e8ret\u00e9. Il est peint assez r\u00e9aliste et ressemble \u00e0 une photographie. Le d\u00e9coupage prononc\u00e9 met l&#8217;accent sur le langage corporel universel.<\/p>\n","protected":false},"excerpt":{"rendered":"<p><span style=\"color: #374151;font-family: S\u00f6hne, ui-sans-serif, system-ui, -apple-system,\" data-mce-style=\"caret-color: #374151; color: #374151; font-family: S\u00f6hne, ui-sans-serif, system-ui, -apple-system,;\">L&#8217;image montre une femme en jeans bleu et un t-shirt bleu fonc\u00e9 assise sur un sol recouvert de moquette, le dos contre le mur.<\/span><\/p>\n","protected":false},"featured_media":48953,"template":"","meta":[],"product_cat":[570,2933,3676,3716],"product_tag":[1275,2341,1080,2970,825,2969,3420],"yoast_head":"<!-- This site is optimized with the Yoast SEO plugin v19.1 - https:\/\/yoast.com\/wordpress\/plugins\/seo\/ -->\n<title>Fille assise par terre. | E-shop artistes belges<\/title>\n<meta name=\"description\" content=\"Acheter un produit comme Fille assise par terre.? Laissez vous surprendre par nos artistes belges sp\u00e9cialis\u00e9s en produits artisanaux!\" \/>\n<meta name=\"robots\" content=\"index, follow, max-snippet:-1, max-image-preview:large, max-video-preview:-1\" \/>\n<link rel=\"canonical\" href=\"https:\/\/nationalstore.be\/fr\/produit\/girl-sitting-on-the-floor\" \/>\n<meta property=\"og:locale\" content=\"fr_FR\" \/>\n<meta property=\"og:type\" content=\"article\" \/>\n<meta property=\"og:title\" content=\"Fille assise par terre. | E-shop artistes belges\" \/>\n<meta property=\"og:description\" content=\"Acheter un produit comme Fille assise par terre.? Laissez vous surprendre par nos artistes belges sp\u00e9cialis\u00e9s en produits artisanaux!\" \/>\n<meta property=\"og:url\" content=\"https:\/\/nationalstore.be\/fr\/produit\/girl-sitting-on-the-floor\" \/>\n<meta property=\"og:site_name\" content=\"NATIONA(A)L ARTIST SUPERMARKET\" \/>\n<meta property=\"article:publisher\" content=\"https:\/\/www.facebook.com\/nationalstore\/?ref=br_rs\" \/>\n<meta property=\"article:modified_time\" content=\"2023-11-15T21:36:41+00:00\" \/>\n<meta property=\"og:image\" content=\"https:\/\/nationalstore.be\/wp-content\/uploads\/2023\/06\/IMG_7394-scaled.jpeg\" \/>\n\t<meta property=\"og:image:width\" content=\"2560\" \/>\n\t<meta property=\"og:image:height\" content=\"1849\" \/>\n\t<meta property=\"og:image:type\" content=\"image\/jpeg\" \/>\n<meta name=\"twitter:card\" content=\"summary_large_image\" \/>\n<meta name=\"twitter:site\" content=\"@Nationalstore\" \/>\n<meta name=\"twitter:label1\" content=\"Dur\u00e9e de lecture estim\u00e9e\" \/>\n\t<meta name=\"twitter:data1\" content=\"1 minute\" \/>\n<script type=\"application\/ld+json\" class=\"yoast-schema-graph\">{\"@context\":\"https:\/\/schema.org\",\"@graph\":[{\"@type\":\"Organization\",\"@id\":\"https:\/\/nationalstore.be\/fr#organization\",\"name\":\"NATIONA(A)L ARTIST MARKET\",\"url\":\"https:\/\/nationalstore.be\/fr\",\"sameAs\":[\"https:\/\/www.instagram.com\/nationalstore\/\",\"https:\/\/www.facebook.com\/nationalstore\/?ref=br_rs\",\"https:\/\/twitter.com\/Nationalstore\"],\"logo\":{\"@type\":\"ImageObject\",\"inLanguage\":\"fr-FR\",\"@id\":\"https:\/\/nationalstore.be\/fr#\/schema\/logo\/image\/\",\"url\":\"https:\/\/nationalstore.be\/wp-content\/uploads\/2024\/03\/nationaal-logo_mauve-cmjn.png\",\"contentUrl\":\"https:\/\/nationalstore.be\/wp-content\/uploads\/2024\/03\/nationaal-logo_mauve-cmjn.png\",\"width\":3475,\"height\":1352,\"caption\":\"NATIONA(A)L ARTIST MARKET\"},\"image\":{\"@id\":\"https:\/\/nationalstore.be\/fr#\/schema\/logo\/image\/\"}},{\"@type\":\"WebSite\",\"@id\":\"https:\/\/nationalstore.be\/fr#website\",\"url\":\"https:\/\/nationalstore.be\/fr\",\"name\":\"NATIONA(A)L ARTIST SUPERMARKET\",\"description\":\"\",\"publisher\":{\"@id\":\"https:\/\/nationalstore.be\/fr#organization\"},\"potentialAction\":[{\"@type\":\"SearchAction\",\"target\":{\"@type\":\"EntryPoint\",\"urlTemplate\":\"https:\/\/nationalstore.be\/fr?s={search_term_string}\"},\"query-input\":\"required name=search_term_string\"}],\"inLanguage\":\"fr-FR\"},{\"@type\":\"ImageObject\",\"inLanguage\":\"fr-FR\",\"@id\":\"https:\/\/nationalstore.be\/fr\/produit\/girl-sitting-on-the-floor#primaryimage\",\"url\":\"https:\/\/nationalstore.be\/wp-content\/uploads\/2023\/06\/IMG_7394-scaled.jpeg\",\"contentUrl\":\"https:\/\/nationalstore.be\/wp-content\/uploads\/2023\/06\/IMG_7394-scaled.jpeg\",\"width\":2560,\"height\":1849},{\"@type\":[\"WebPage\",\"ItemPage\"],\"@id\":\"https:\/\/nationalstore.be\/fr\/produit\/girl-sitting-on-the-floor#webpage\",\"url\":\"https:\/\/nationalstore.be\/fr\/produit\/girl-sitting-on-the-floor\",\"name\":\"Fille assise par terre. | E-shop artistes belges\",\"isPartOf\":{\"@id\":\"https:\/\/nationalstore.be\/fr#website\"},\"primaryImageOfPage\":{\"@id\":\"https:\/\/nationalstore.be\/fr\/produit\/girl-sitting-on-the-floor#primaryimage\"},\"datePublished\":\"2023-06-07T09:29:21+00:00\",\"dateModified\":\"2023-11-15T21:36:41+00:00\",\"description\":\"Acheter un produit comme Fille assise par terre.? Laissez vous surprendre par nos artistes belges sp\u00e9cialis\u00e9s en produits artisanaux!\",\"breadcrumb\":{\"@id\":\"https:\/\/nationalstore.be\/fr\/produit\/girl-sitting-on-the-floor#breadcrumb\"},\"inLanguage\":\"fr-FR\",\"potentialAction\":[{\"@type\":\"ReadAction\",\"target\":[\"https:\/\/nationalstore.be\/fr\/produit\/girl-sitting-on-the-floor\"]}]},{\"@type\":\"BreadcrumbList\",\"@id\":\"https:\/\/nationalstore.be\/fr\/produit\/girl-sitting-on-the-floor#breadcrumb\",\"itemListElement\":[{\"@type\":\"ListItem\",\"position\":1,\"name\":\"Home\",\"item\":\"https:\/\/nationalstore.be\/fr\"},{\"@type\":\"ListItem\",\"position\":2,\"name\":\"Produits\",\"item\":\"https:\/\/nationalstore.be\/fr\/shop\"},{\"@type\":\"ListItem\",\"position\":3,\"name\":\"Arts plastiques\",\"item\":\"https:\/\/nationalstore.be\/fr\/pc\/arts-plastiques\"},{\"@type\":\"ListItem\",\"position\":4,\"name\":\"Peinture\",\"item\":\"https:\/\/nationalstore.be\/fr\/pc\/arts-plastiques\/peinture\"},{\"@type\":\"ListItem\",\"position\":5,\"name\":\"Fille assise par terre.\"}]}]}<\/script>\n<!-- \/ Yoast SEO plugin. -->","yoast_head_json":{"title":"Fille assise par terre. | E-shop artistes belges","description":"Acheter un produit comme Fille assise par terre.? Laissez vous surprendre par nos artistes belges sp\u00e9cialis\u00e9s en produits artisanaux!","robots":{"index":"index","follow":"follow","max-snippet":"max-snippet:-1","max-image-preview":"max-image-preview:large","max-video-preview":"max-video-preview:-1"},"canonical":"https:\/\/nationalstore.be\/fr\/produit\/girl-sitting-on-the-floor","og_locale":"fr_FR","og_type":"article","og_title":"Fille assise par terre. | E-shop artistes belges","og_description":"Acheter un produit comme Fille assise par terre.? Laissez vous surprendre par nos artistes belges sp\u00e9cialis\u00e9s en produits artisanaux!","og_url":"https:\/\/nationalstore.be\/fr\/produit\/girl-sitting-on-the-floor","og_site_name":"NATIONA(A)L ARTIST SUPERMARKET","article_publisher":"https:\/\/www.facebook.com\/nationalstore\/?ref=br_rs","article_modified_time":"2023-11-15T21:36:41+00:00","og_image":[{"width":2560,"height":1849,"url":"https:\/\/nationalstore.be\/wp-content\/uploads\/2023\/06\/IMG_7394-scaled.jpeg","type":"image\/jpeg"}],"twitter_card":"summary_large_image","twitter_site":"@Nationalstore","twitter_misc":{"Dur\u00e9e de lecture estim\u00e9e":"1 minute"},"schema":{"@context":"https:\/\/schema.org","@graph":[{"@type":"Organization","@id":"https:\/\/nationalstore.be\/fr#organization","name":"NATIONA(A)L ARTIST MARKET","url":"https:\/\/nationalstore.be\/fr","sameAs":["https:\/\/www.instagram.com\/nationalstore\/","https:\/\/www.facebook.com\/nationalstore\/?ref=br_rs","https:\/\/twitter.com\/Nationalstore"],"logo":{"@type":"ImageObject","inLanguage":"fr-FR","@id":"https:\/\/nationalstore.be\/fr#\/schema\/logo\/image\/","url":"https:\/\/nationalstore.be\/wp-content\/uploads\/2024\/03\/nationaal-logo_mauve-cmjn.png","contentUrl":"https:\/\/nationalstore.be\/wp-content\/uploads\/2024\/03\/nationaal-logo_mauve-cmjn.png","width":3475,"height":1352,"caption":"NATIONA(A)L ARTIST MARKET"},"image":{"@id":"https:\/\/nationalstore.be\/fr#\/schema\/logo\/image\/"}},{"@type":"WebSite","@id":"https:\/\/nationalstore.be\/fr#website","url":"https:\/\/nationalstore.be\/fr","name":"NATIONA(A)L ARTIST SUPERMARKET","description":"","publisher":{"@id":"https:\/\/nationalstore.be\/fr#organization"},"potentialAction":[{"@type":"SearchAction","target":{"@type":"EntryPoint","urlTemplate":"https:\/\/nationalstore.be\/fr?s={search_term_string}"},"query-input":"required name=search_term_string"}],"inLanguage":"fr-FR"},{"@type":"ImageObject","inLanguage":"fr-FR","@id":"https:\/\/nationalstore.be\/fr\/produit\/girl-sitting-on-the-floor#primaryimage","url":"https:\/\/nationalstore.be\/wp-content\/uploads\/2023\/06\/IMG_7394-scaled.jpeg","contentUrl":"https:\/\/nationalstore.be\/wp-content\/uploads\/2023\/06\/IMG_7394-scaled.jpeg","width":2560,"height":1849},{"@type":["WebPage","ItemPage"],"@id":"https:\/\/nationalstore.be\/fr\/produit\/girl-sitting-on-the-floor#webpage","url":"https:\/\/nationalstore.be\/fr\/produit\/girl-sitting-on-the-floor","name":"Fille assise par terre. | E-shop artistes belges","isPartOf":{"@id":"https:\/\/nationalstore.be\/fr#website"},"primaryImageOfPage":{"@id":"https:\/\/nationalstore.be\/fr\/produit\/girl-sitting-on-the-floor#primaryimage"},"datePublished":"2023-06-07T09:29:21+00:00","dateModified":"2023-11-15T21:36:41+00:00","description":"Acheter un produit comme Fille assise par terre.? Laissez vous surprendre par nos artistes belges sp\u00e9cialis\u00e9s en produits artisanaux!","breadcrumb":{"@id":"https:\/\/nationalstore.be\/fr\/produit\/girl-sitting-on-the-floor#breadcrumb"},"inLanguage":"fr-FR","potentialAction":[{"@type":"ReadAction","target":["https:\/\/nationalstore.be\/fr\/produit\/girl-sitting-on-the-floor"]}]},{"@type":"BreadcrumbList","@id":"https:\/\/nationalstore.be\/fr\/produit\/girl-sitting-on-the-floor#breadcrumb","itemListElement":[{"@type":"ListItem","position":1,"name":"Home","item":"https:\/\/nationalstore.be\/fr"},{"@type":"ListItem","position":2,"name":"Produits","item":"https:\/\/nationalstore.be\/fr\/shop"},{"@type":"ListItem","position":3,"name":"Arts plastiques","item":"https:\/\/nationalstore.be\/fr\/pc\/arts-plastiques"},{"@type":"ListItem","position":4,"name":"Peinture","item":"https:\/\/nationalstore.be\/fr\/pc\/arts-plastiques\/peinture"},{"@type":"ListItem","position":5,"name":"Fille assise par terre."}]}]}},"_links":{"self":[{"href":"https:\/\/nationalstore.be\/fr\/wp-json\/wp\/v2\/product\/48956"}],"collection":[{"href":"https:\/\/nationalstore.be\/fr\/wp-json\/wp\/v2\/product"}],"about":[{"href":"https:\/\/nationalstore.be\/fr\/wp-json\/wp\/v2\/types\/product"}],"wp:featuredmedia":[{"embeddable":true,"href":"https:\/\/nationalstore.be\/fr\/wp-json\/wp\/v2\/media\/48953"}],"wp:attachment":[{"href":"https:\/\/nationalstore.be\/fr\/wp-json\/wp\/v2\/media?parent=48956"}],"wp:term":[{"taxonomy":"product_cat","embeddable":true,"href":"https:\/\/nationalstore.be\/fr\/wp-json\/wp\/v2\/product_cat?post=48956"},{"taxonomy":"product_tag","embeddable":true,"href":"https:\/\/nationalstore.be\/fr\/wp-json\/wp\/v2\/product_tag?post=48956"}],"curies":[{"name":"wp","href":"https:\/\/api.w.org\/{rel}","templated":true}]}}