{"id":47690,"date":"2023-03-17T12:00:16","date_gmt":"2023-03-15T14:46:26","guid":{"rendered":"https:\/\/nationalstore.be\/?post_type=product&#038;p=47690"},"modified":"2026-02-24T16:31:49","modified_gmt":"2026-02-24T15:31:49","slug":"le-bain-a-plusieurs","status":"publish","type":"product","link":"https:\/\/nationalstore.be\/fr\/produit\/le-bain-a-plusieurs","title":{"rendered":"Le bain \u00e0 plusieurs"},"content":{"rendered":"<p>Le bain \u00e0 plusieurs<\/p>\n<p>Les sujets de ces dessins ne sont pas les \u00eatres qui les habitent mais le d\u00e9cor dans lequel ils se fondent : cuisines, salons, chambre ou salles de bain. Autant d\u2019espaces familiers devenus anxiog\u00e8nes, cannibales et syst\u00e9matiquement clos. Quelques figurent \u00e9chappent cependant aux pi\u00e8ges de la domesticit\u00e9 : les Venus, puis aussi une kyrielle de personnages anthropomorphes, homme oiseaux ou b\u00e9liers, femmes louves\u2026 mais leurs ambigu\u00eft\u00e9s les situent en un entre-deux, suspendus \u00e0 la fronti\u00e8re\u00a0 du r\u00eave et du cauchemar, comme indiff\u00e9rant et par l\u00e0 m\u00eame relativement effrayant.\u00a0<\/p>\n<p>L\u2019aplomb ou les b\u00e9gaiements du trait, l\u2019aspect malmen\u00e9 des supports et surtout leurs dimensions, offrent \u00e0 ces images une forme d\u2019incarnation, en prise directe avec l\u2019espace d\u2019exposition. On peut aborder l\u2019ensemble \u00e0 distance, mais tout invite \u00e0 s\u2019y impliquer : le spectateur devient t\u00e9moin,\u00a0 le t\u00e9moin voyeur\u2026 Il y a l\u00e0 une sorte de pi\u00e8ge, plut\u00f4t exquis, \u00e0 s\u2019inscrire dans cette suite de formes, y d\u00e9celer progressivement les aspects les plus \u00e9tranges, se surprendre des d\u00e9tails les plus crus.\u00a0<\/p>\n","protected":false},"excerpt":{"rendered":"<p><em><strong>Le bain \u00e0 plusieurs<\/strong><\/em><\/p>\n<p>Impression sur papier Hahnemuhle, 70&#215;50 cm<\/p>\n<p>Edition limit\u00e9e 3<\/p>\n","protected":false},"featured_media":47687,"template":"","meta":[],"product_cat":[3410,570,2951,2948,2933],"product_tag":[1861,2339,1133,2341,3400,318,3067,477,2970,493,3416,3418,1208,3417,984,465,844,3284,3350,1154,499,2373,3419,3399,3420],"yoast_head":"<!-- This site is optimized with the Yoast SEO plugin v19.1 - https:\/\/yoast.com\/wordpress\/plugins\/seo\/ -->\n<title>Le bain \u00e0 plusieurs | E-shop artistes belges<\/title>\n<meta name=\"description\" content=\"Acheter un produit comme Le bain \u00e0 plusieurs? Laissez vous surprendre par nos artistes belges sp\u00e9cialis\u00e9s en produits artisanaux!\" \/>\n<meta name=\"robots\" content=\"index, follow, max-snippet:-1, max-image-preview:large, max-video-preview:-1\" \/>\n<link rel=\"canonical\" href=\"https:\/\/nationalstore.be\/fr\/produit\/le-bain-a-plusieurs\" \/>\n<meta property=\"og:locale\" content=\"fr_FR\" \/>\n<meta property=\"og:type\" content=\"article\" \/>\n<meta property=\"og:title\" content=\"Le bain \u00e0 plusieurs | E-shop artistes belges\" \/>\n<meta property=\"og:description\" content=\"Acheter un produit comme Le bain \u00e0 plusieurs? Laissez vous surprendre par nos artistes belges sp\u00e9cialis\u00e9s en produits artisanaux!\" \/>\n<meta property=\"og:url\" content=\"https:\/\/nationalstore.be\/fr\/produit\/le-bain-a-plusieurs\" \/>\n<meta property=\"og:site_name\" content=\"NATIONA(A)L ARTIST SUPERMARKET\" \/>\n<meta property=\"article:publisher\" content=\"https:\/\/www.facebook.com\/nationalstore\/?ref=br_rs\" \/>\n<meta property=\"article:modified_time\" content=\"2026-02-24T15:31:49+00:00\" \/>\n<meta property=\"og:image\" content=\"https:\/\/nationalstore.be\/wp-content\/uploads\/2023\/03\/le-bain-web.jpg\" \/>\n\t<meta property=\"og:image:width\" content=\"2067\" \/>\n\t<meta property=\"og:image:height\" content=\"1476\" \/>\n\t<meta property=\"og:image:type\" content=\"image\/jpeg\" \/>\n<meta name=\"twitter:card\" content=\"summary_large_image\" \/>\n<meta name=\"twitter:site\" content=\"@Nationalstore\" \/>\n<meta name=\"twitter:label1\" content=\"Dur\u00e9e de lecture estim\u00e9e\" \/>\n\t<meta name=\"twitter:data1\" content=\"1 minute\" \/>\n<script type=\"application\/ld+json\" class=\"yoast-schema-graph\">{\"@context\":\"https:\/\/schema.org\",\"@graph\":[{\"@type\":\"Organization\",\"@id\":\"https:\/\/nationalstore.be\/fr#organization\",\"name\":\"NATIONA(A)L ARTIST MARKET\",\"url\":\"https:\/\/nationalstore.be\/fr\",\"sameAs\":[\"https:\/\/www.instagram.com\/nationalstore\/\",\"https:\/\/www.facebook.com\/nationalstore\/?ref=br_rs\",\"https:\/\/twitter.com\/Nationalstore\"],\"logo\":{\"@type\":\"ImageObject\",\"inLanguage\":\"fr-FR\",\"@id\":\"https:\/\/nationalstore.be\/fr#\/schema\/logo\/image\/\",\"url\":\"https:\/\/nationalstore.be\/wp-content\/uploads\/2024\/03\/nationaal-logo_mauve-cmjn.png\",\"contentUrl\":\"https:\/\/nationalstore.be\/wp-content\/uploads\/2024\/03\/nationaal-logo_mauve-cmjn.png\",\"width\":3475,\"height\":1352,\"caption\":\"NATIONA(A)L ARTIST MARKET\"},\"image\":{\"@id\":\"https:\/\/nationalstore.be\/fr#\/schema\/logo\/image\/\"}},{\"@type\":\"WebSite\",\"@id\":\"https:\/\/nationalstore.be\/fr#website\",\"url\":\"https:\/\/nationalstore.be\/fr\",\"name\":\"NATIONA(A)L ARTIST SUPERMARKET\",\"description\":\"\",\"publisher\":{\"@id\":\"https:\/\/nationalstore.be\/fr#organization\"},\"potentialAction\":[{\"@type\":\"SearchAction\",\"target\":{\"@type\":\"EntryPoint\",\"urlTemplate\":\"https:\/\/nationalstore.be\/fr?s={search_term_string}\"},\"query-input\":\"required name=search_term_string\"}],\"inLanguage\":\"fr-FR\"},{\"@type\":\"ImageObject\",\"inLanguage\":\"fr-FR\",\"@id\":\"https:\/\/nationalstore.be\/fr\/produit\/le-bain-a-plusieurs#primaryimage\",\"url\":\"https:\/\/nationalstore.be\/wp-content\/uploads\/2023\/03\/le-bain-web.jpg\",\"contentUrl\":\"https:\/\/nationalstore.be\/wp-content\/uploads\/2023\/03\/le-bain-web.jpg\",\"width\":2067,\"height\":1476},{\"@type\":[\"WebPage\",\"ItemPage\"],\"@id\":\"https:\/\/nationalstore.be\/fr\/produit\/le-bain-a-plusieurs#webpage\",\"url\":\"https:\/\/nationalstore.be\/fr\/produit\/le-bain-a-plusieurs\",\"name\":\"Le bain \u00e0 plusieurs | E-shop artistes belges\",\"isPartOf\":{\"@id\":\"https:\/\/nationalstore.be\/fr#website\"},\"primaryImageOfPage\":{\"@id\":\"https:\/\/nationalstore.be\/fr\/produit\/le-bain-a-plusieurs#primaryimage\"},\"datePublished\":\"2023-03-15T14:46:26+00:00\",\"dateModified\":\"2026-02-24T15:31:49+00:00\",\"description\":\"Acheter un produit comme Le bain \u00e0 plusieurs? Laissez vous surprendre par nos artistes belges sp\u00e9cialis\u00e9s en produits artisanaux!\",\"breadcrumb\":{\"@id\":\"https:\/\/nationalstore.be\/fr\/produit\/le-bain-a-plusieurs#breadcrumb\"},\"inLanguage\":\"fr-FR\",\"potentialAction\":[{\"@type\":\"ReadAction\",\"target\":[\"https:\/\/nationalstore.be\/fr\/produit\/le-bain-a-plusieurs\"]}]},{\"@type\":\"BreadcrumbList\",\"@id\":\"https:\/\/nationalstore.be\/fr\/produit\/le-bain-a-plusieurs#breadcrumb\",\"itemListElement\":[{\"@type\":\"ListItem\",\"position\":1,\"name\":\"Home\",\"item\":\"https:\/\/nationalstore.be\/fr\"},{\"@type\":\"ListItem\",\"position\":2,\"name\":\"Produits\",\"item\":\"https:\/\/nationalstore.be\/fr\/shop\"},{\"@type\":\"ListItem\",\"position\":3,\"name\":\"Arts plastiques\",\"item\":\"https:\/\/nationalstore.be\/fr\/pc\/arts-plastiques\"},{\"@type\":\"ListItem\",\"position\":4,\"name\":\"Dessin\",\"item\":\"https:\/\/nationalstore.be\/fr\/pc\/arts-plastiques\/dessin\"},{\"@type\":\"ListItem\",\"position\":5,\"name\":\"Le bain \u00e0 plusieurs\"}]}]}<\/script>\n<!-- \/ Yoast SEO plugin. -->","yoast_head_json":{"title":"Le bain \u00e0 plusieurs | E-shop artistes belges","description":"Acheter un produit comme Le bain \u00e0 plusieurs? Laissez vous surprendre par nos artistes belges sp\u00e9cialis\u00e9s en produits artisanaux!","robots":{"index":"index","follow":"follow","max-snippet":"max-snippet:-1","max-image-preview":"max-image-preview:large","max-video-preview":"max-video-preview:-1"},"canonical":"https:\/\/nationalstore.be\/fr\/produit\/le-bain-a-plusieurs","og_locale":"fr_FR","og_type":"article","og_title":"Le bain \u00e0 plusieurs | E-shop artistes belges","og_description":"Acheter un produit comme Le bain \u00e0 plusieurs? Laissez vous surprendre par nos artistes belges sp\u00e9cialis\u00e9s en produits artisanaux!","og_url":"https:\/\/nationalstore.be\/fr\/produit\/le-bain-a-plusieurs","og_site_name":"NATIONA(A)L ARTIST SUPERMARKET","article_publisher":"https:\/\/www.facebook.com\/nationalstore\/?ref=br_rs","article_modified_time":"2026-02-24T15:31:49+00:00","og_image":[{"width":2067,"height":1476,"url":"https:\/\/nationalstore.be\/wp-content\/uploads\/2023\/03\/le-bain-web.jpg","type":"image\/jpeg"}],"twitter_card":"summary_large_image","twitter_site":"@Nationalstore","twitter_misc":{"Dur\u00e9e de lecture estim\u00e9e":"1 minute"},"schema":{"@context":"https:\/\/schema.org","@graph":[{"@type":"Organization","@id":"https:\/\/nationalstore.be\/fr#organization","name":"NATIONA(A)L ARTIST MARKET","url":"https:\/\/nationalstore.be\/fr","sameAs":["https:\/\/www.instagram.com\/nationalstore\/","https:\/\/www.facebook.com\/nationalstore\/?ref=br_rs","https:\/\/twitter.com\/Nationalstore"],"logo":{"@type":"ImageObject","inLanguage":"fr-FR","@id":"https:\/\/nationalstore.be\/fr#\/schema\/logo\/image\/","url":"https:\/\/nationalstore.be\/wp-content\/uploads\/2024\/03\/nationaal-logo_mauve-cmjn.png","contentUrl":"https:\/\/nationalstore.be\/wp-content\/uploads\/2024\/03\/nationaal-logo_mauve-cmjn.png","width":3475,"height":1352,"caption":"NATIONA(A)L ARTIST MARKET"},"image":{"@id":"https:\/\/nationalstore.be\/fr#\/schema\/logo\/image\/"}},{"@type":"WebSite","@id":"https:\/\/nationalstore.be\/fr#website","url":"https:\/\/nationalstore.be\/fr","name":"NATIONA(A)L ARTIST SUPERMARKET","description":"","publisher":{"@id":"https:\/\/nationalstore.be\/fr#organization"},"potentialAction":[{"@type":"SearchAction","target":{"@type":"EntryPoint","urlTemplate":"https:\/\/nationalstore.be\/fr?s={search_term_string}"},"query-input":"required name=search_term_string"}],"inLanguage":"fr-FR"},{"@type":"ImageObject","inLanguage":"fr-FR","@id":"https:\/\/nationalstore.be\/fr\/produit\/le-bain-a-plusieurs#primaryimage","url":"https:\/\/nationalstore.be\/wp-content\/uploads\/2023\/03\/le-bain-web.jpg","contentUrl":"https:\/\/nationalstore.be\/wp-content\/uploads\/2023\/03\/le-bain-web.jpg","width":2067,"height":1476},{"@type":["WebPage","ItemPage"],"@id":"https:\/\/nationalstore.be\/fr\/produit\/le-bain-a-plusieurs#webpage","url":"https:\/\/nationalstore.be\/fr\/produit\/le-bain-a-plusieurs","name":"Le bain \u00e0 plusieurs | E-shop artistes belges","isPartOf":{"@id":"https:\/\/nationalstore.be\/fr#website"},"primaryImageOfPage":{"@id":"https:\/\/nationalstore.be\/fr\/produit\/le-bain-a-plusieurs#primaryimage"},"datePublished":"2023-03-15T14:46:26+00:00","dateModified":"2026-02-24T15:31:49+00:00","description":"Acheter un produit comme Le bain \u00e0 plusieurs? Laissez vous surprendre par nos artistes belges sp\u00e9cialis\u00e9s en produits artisanaux!","breadcrumb":{"@id":"https:\/\/nationalstore.be\/fr\/produit\/le-bain-a-plusieurs#breadcrumb"},"inLanguage":"fr-FR","potentialAction":[{"@type":"ReadAction","target":["https:\/\/nationalstore.be\/fr\/produit\/le-bain-a-plusieurs"]}]},{"@type":"BreadcrumbList","@id":"https:\/\/nationalstore.be\/fr\/produit\/le-bain-a-plusieurs#breadcrumb","itemListElement":[{"@type":"ListItem","position":1,"name":"Home","item":"https:\/\/nationalstore.be\/fr"},{"@type":"ListItem","position":2,"name":"Produits","item":"https:\/\/nationalstore.be\/fr\/shop"},{"@type":"ListItem","position":3,"name":"Arts plastiques","item":"https:\/\/nationalstore.be\/fr\/pc\/arts-plastiques"},{"@type":"ListItem","position":4,"name":"Dessin","item":"https:\/\/nationalstore.be\/fr\/pc\/arts-plastiques\/dessin"},{"@type":"ListItem","position":5,"name":"Le bain \u00e0 plusieurs"}]}]}},"_links":{"self":[{"href":"https:\/\/nationalstore.be\/fr\/wp-json\/wp\/v2\/product\/47690"}],"collection":[{"href":"https:\/\/nationalstore.be\/fr\/wp-json\/wp\/v2\/product"}],"about":[{"href":"https:\/\/nationalstore.be\/fr\/wp-json\/wp\/v2\/types\/product"}],"wp:featuredmedia":[{"embeddable":true,"href":"https:\/\/nationalstore.be\/fr\/wp-json\/wp\/v2\/media\/47687"}],"wp:attachment":[{"href":"https:\/\/nationalstore.be\/fr\/wp-json\/wp\/v2\/media?parent=47690"}],"wp:term":[{"taxonomy":"product_cat","embeddable":true,"href":"https:\/\/nationalstore.be\/fr\/wp-json\/wp\/v2\/product_cat?post=47690"},{"taxonomy":"product_tag","embeddable":true,"href":"https:\/\/nationalstore.be\/fr\/wp-json\/wp\/v2\/product_tag?post=47690"}],"curies":[{"name":"wp","href":"https:\/\/api.w.org\/{rel}","templated":true}]}}