{"id":47665,"date":"2023-03-17T12:11:28","date_gmt":"2023-03-15T13:53:41","guid":{"rendered":"https:\/\/nationalstore.be\/?post_type=product&#038;p=47665"},"modified":"2026-02-24T16:32:28","modified_gmt":"2026-02-24T15:32:28","slug":"teapot","status":"publish","type":"product","link":"https:\/\/nationalstore.be\/fr\/produit\/teapot","title":{"rendered":"Teapot"},"content":{"rendered":"<p class=\"MsoNormal\" style=\"margin: 0cm 0cm 20pt;font-size: 12pt;font-family: Cambria;color: #000000;line-height: 18pt\" data-mce-style=\"margin: 0cm 0cm 20pt; font-size: 12pt; font-family: Cambria; color: #000000; line-height: 18pt;\"><span lang=\"FR\" style=\"font-size: 12pt;font-family: georgia, palatino, serif\" data-mce-style=\"font-size: 12pt; font-family: georgia, palatino, serif; color: #2a3140;\">&#8220;Th\u00e9i\u00e8re, collage<\/span><\/p>\n<p class=\"MsoNormal\" style=\"margin: 0cm 0cm 0.0001pt;font-size: 12pt;font-family: Cambria;color: #000000;line-height: 18pt\" data-mce-style=\"margin: 0cm 0cm 0.0001pt; font-size: 12pt; font-family: Cambria; color: #000000; line-height: 18pt;\"><span lang=\"FR\" style=\"font-size: 16pt\" data-mce-style=\"font-size: 16pt;\"><span style=\"font-family: georgia, palatino, serif;font-size: 12pt\" data-mce-style=\"font-family: georgia, palatino, serif; font-size: 12pt;\">Le travail de Priscilla Beccari est progressivement apprivois\u00e9, \u00e0 travers des images, des actions et des formes, qui r\u00e9sonnent ou se pr\u00e9figurent mutuellement. Cet univers en constante \u00e9volution multiplie les ruptures stylistiques et les registres, et se situe \u00e0 l&#8217;intersection de l&#8217;\u00e9rotisme carnassier, du f\u00e9minisme gilet jaune, d&#8217;un sens de l&#8217;absurde m\u00eal\u00e9 \u00e0 une touche de terreur. Il traite de la claustration domestique et de l&#8217;animalit\u00e9, des femmes en tant que valises et corps sans vie, de l&#8217;effondrement et de l&#8217;effronterie.&#8221;<\/span><\/span><\/p>\n","protected":false},"excerpt":{"rendered":"<p style=\"margin-right: 0cm;margin-left: 0cm;font-size: 10pt;font-family: Times;color: #000000\" data-mce-style=\"margin-right: 0cm; margin-left: 0cm; font-size: 10pt; font-family: Times; color: #000000;\"><strong><i><span style=\"font-size: 12pt;font-family: Georgia;color: #333333\" data-mce-style=\"font-size: 12pt; font-family: Georgia; color: #333333;\">Th\u00e9i\u00e8re<\/span><\/i><\/strong><\/p>\n<p style=\"margin-right: 0cm;margin-left: 0cm;font-size: 10pt;font-family: Times;color: #000000\" data-mce-style=\"margin-right: 0cm; margin-left: 0cm; font-size: 10pt; font-family: Times; color: #000000;\"><span style=\"font-size: 12pt;font-family: Georgia\" data-mce-style=\"font-size: 12pt; font-family: Georgia;\">Print sur papier Hahnem\u00fchle 200GR, 40x30cm<\/span><\/p>\n<p style=\"margin-right: 0cm;margin-left: 0cm;font-size: 10pt;font-family: Times;color: #000000\" data-mce-style=\"margin-right: 0cm; margin-left: 0cm; font-size: 10pt; font-family: Times; color: #000000; text-size-adjust: auto;\"><span style=\"font-size: 12pt;font-family: Georgia\" data-mce-style=\"font-size: 12pt; font-family: Georgia;\">\u00c9dition limit\u00e9e de 3<\/span><\/p>\n<p>Num\u00e9rot\u00e9e et sign\u00e9e<\/p>\n","protected":false},"featured_media":47662,"template":"","meta":[],"product_cat":[570,1142,3676],"product_tag":[1861,2339,1133,2341,3400,318,3067,477,2970,493,3416,3418,1208,3417,984,465,844,3284,3350,1154,499,2373,3419,3399,3420],"yoast_head":"<!-- This site is optimized with the Yoast SEO plugin v19.1 - https:\/\/yoast.com\/wordpress\/plugins\/seo\/ -->\n<title>Teapot | E-shop artistes belges<\/title>\n<meta name=\"description\" content=\"Acheter un produit comme Teapot? Laissez vous surprendre par nos artistes belges sp\u00e9cialis\u00e9s en produits artisanaux!\" \/>\n<meta name=\"robots\" content=\"index, follow, max-snippet:-1, max-image-preview:large, max-video-preview:-1\" \/>\n<link rel=\"canonical\" href=\"https:\/\/nationalstore.be\/fr\/produit\/teapot\" \/>\n<meta property=\"og:locale\" content=\"fr_FR\" \/>\n<meta property=\"og:type\" content=\"article\" \/>\n<meta property=\"og:title\" content=\"Teapot | E-shop artistes belges\" \/>\n<meta property=\"og:description\" content=\"Acheter un produit comme Teapot? Laissez vous surprendre par nos artistes belges sp\u00e9cialis\u00e9s en produits artisanaux!\" \/>\n<meta property=\"og:url\" content=\"https:\/\/nationalstore.be\/fr\/produit\/teapot\" \/>\n<meta property=\"og:site_name\" content=\"NATIONA(A)L ARTIST SUPERMARKET\" \/>\n<meta property=\"article:publisher\" content=\"https:\/\/www.facebook.com\/nationalstore\/?ref=br_rs\" \/>\n<meta property=\"article:modified_time\" content=\"2026-02-24T15:32:28+00:00\" \/>\n<meta property=\"og:image\" content=\"https:\/\/nationalstore.be\/wp-content\/uploads\/2023\/03\/enfant-cruche-web.jpg\" \/>\n\t<meta property=\"og:image:width\" content=\"1181\" \/>\n\t<meta property=\"og:image:height\" content=\"1476\" \/>\n\t<meta property=\"og:image:type\" content=\"image\/jpeg\" \/>\n<meta name=\"twitter:card\" content=\"summary_large_image\" \/>\n<meta name=\"twitter:site\" content=\"@Nationalstore\" \/>\n<script type=\"application\/ld+json\" class=\"yoast-schema-graph\">{\"@context\":\"https:\/\/schema.org\",\"@graph\":[{\"@type\":\"Organization\",\"@id\":\"https:\/\/nationalstore.be\/fr#organization\",\"name\":\"NATIONA(A)L ARTIST MARKET\",\"url\":\"https:\/\/nationalstore.be\/fr\",\"sameAs\":[\"https:\/\/www.instagram.com\/nationalstore\/\",\"https:\/\/www.facebook.com\/nationalstore\/?ref=br_rs\",\"https:\/\/twitter.com\/Nationalstore\"],\"logo\":{\"@type\":\"ImageObject\",\"inLanguage\":\"fr-FR\",\"@id\":\"https:\/\/nationalstore.be\/fr#\/schema\/logo\/image\/\",\"url\":\"https:\/\/nationalstore.be\/wp-content\/uploads\/2024\/03\/nationaal-logo_mauve-cmjn.png\",\"contentUrl\":\"https:\/\/nationalstore.be\/wp-content\/uploads\/2024\/03\/nationaal-logo_mauve-cmjn.png\",\"width\":3475,\"height\":1352,\"caption\":\"NATIONA(A)L ARTIST MARKET\"},\"image\":{\"@id\":\"https:\/\/nationalstore.be\/fr#\/schema\/logo\/image\/\"}},{\"@type\":\"WebSite\",\"@id\":\"https:\/\/nationalstore.be\/fr#website\",\"url\":\"https:\/\/nationalstore.be\/fr\",\"name\":\"NATIONA(A)L ARTIST SUPERMARKET\",\"description\":\"\",\"publisher\":{\"@id\":\"https:\/\/nationalstore.be\/fr#organization\"},\"potentialAction\":[{\"@type\":\"SearchAction\",\"target\":{\"@type\":\"EntryPoint\",\"urlTemplate\":\"https:\/\/nationalstore.be\/fr?s={search_term_string}\"},\"query-input\":\"required name=search_term_string\"}],\"inLanguage\":\"fr-FR\"},{\"@type\":\"ImageObject\",\"inLanguage\":\"fr-FR\",\"@id\":\"https:\/\/nationalstore.be\/fr\/produit\/teapot#primaryimage\",\"url\":\"https:\/\/nationalstore.be\/wp-content\/uploads\/2023\/03\/enfant-cruche-web.jpg\",\"contentUrl\":\"https:\/\/nationalstore.be\/wp-content\/uploads\/2023\/03\/enfant-cruche-web.jpg\",\"width\":1181,\"height\":1476},{\"@type\":[\"WebPage\",\"ItemPage\"],\"@id\":\"https:\/\/nationalstore.be\/fr\/produit\/teapot#webpage\",\"url\":\"https:\/\/nationalstore.be\/fr\/produit\/teapot\",\"name\":\"Teapot | E-shop artistes belges\",\"isPartOf\":{\"@id\":\"https:\/\/nationalstore.be\/fr#website\"},\"primaryImageOfPage\":{\"@id\":\"https:\/\/nationalstore.be\/fr\/produit\/teapot#primaryimage\"},\"datePublished\":\"2023-03-15T13:53:41+00:00\",\"dateModified\":\"2026-02-24T15:32:28+00:00\",\"description\":\"Acheter un produit comme Teapot? Laissez vous surprendre par nos artistes belges sp\u00e9cialis\u00e9s en produits artisanaux!\",\"breadcrumb\":{\"@id\":\"https:\/\/nationalstore.be\/fr\/produit\/teapot#breadcrumb\"},\"inLanguage\":\"fr-FR\",\"potentialAction\":[{\"@type\":\"ReadAction\",\"target\":[\"https:\/\/nationalstore.be\/fr\/produit\/teapot\"]}]},{\"@type\":\"BreadcrumbList\",\"@id\":\"https:\/\/nationalstore.be\/fr\/produit\/teapot#breadcrumb\",\"itemListElement\":[{\"@type\":\"ListItem\",\"position\":1,\"name\":\"Home\",\"item\":\"https:\/\/nationalstore.be\/fr\"},{\"@type\":\"ListItem\",\"position\":2,\"name\":\"Produits\",\"item\":\"https:\/\/nationalstore.be\/fr\/shop\"},{\"@type\":\"ListItem\",\"position\":3,\"name\":\"Arts plastiques\",\"item\":\"https:\/\/nationalstore.be\/fr\/pc\/arts-plastiques\"},{\"@type\":\"ListItem\",\"position\":4,\"name\":\"Collage\",\"item\":\"https:\/\/nationalstore.be\/fr\/pc\/arts-plastiques\/collage-fr\"},{\"@type\":\"ListItem\",\"position\":5,\"name\":\"Teapot\"}]}]}<\/script>\n<!-- \/ Yoast SEO plugin. -->","yoast_head_json":{"title":"Teapot | E-shop artistes belges","description":"Acheter un produit comme Teapot? Laissez vous surprendre par nos artistes belges sp\u00e9cialis\u00e9s en produits artisanaux!","robots":{"index":"index","follow":"follow","max-snippet":"max-snippet:-1","max-image-preview":"max-image-preview:large","max-video-preview":"max-video-preview:-1"},"canonical":"https:\/\/nationalstore.be\/fr\/produit\/teapot","og_locale":"fr_FR","og_type":"article","og_title":"Teapot | E-shop artistes belges","og_description":"Acheter un produit comme Teapot? Laissez vous surprendre par nos artistes belges sp\u00e9cialis\u00e9s en produits artisanaux!","og_url":"https:\/\/nationalstore.be\/fr\/produit\/teapot","og_site_name":"NATIONA(A)L ARTIST SUPERMARKET","article_publisher":"https:\/\/www.facebook.com\/nationalstore\/?ref=br_rs","article_modified_time":"2026-02-24T15:32:28+00:00","og_image":[{"width":1181,"height":1476,"url":"https:\/\/nationalstore.be\/wp-content\/uploads\/2023\/03\/enfant-cruche-web.jpg","type":"image\/jpeg"}],"twitter_card":"summary_large_image","twitter_site":"@Nationalstore","schema":{"@context":"https:\/\/schema.org","@graph":[{"@type":"Organization","@id":"https:\/\/nationalstore.be\/fr#organization","name":"NATIONA(A)L ARTIST MARKET","url":"https:\/\/nationalstore.be\/fr","sameAs":["https:\/\/www.instagram.com\/nationalstore\/","https:\/\/www.facebook.com\/nationalstore\/?ref=br_rs","https:\/\/twitter.com\/Nationalstore"],"logo":{"@type":"ImageObject","inLanguage":"fr-FR","@id":"https:\/\/nationalstore.be\/fr#\/schema\/logo\/image\/","url":"https:\/\/nationalstore.be\/wp-content\/uploads\/2024\/03\/nationaal-logo_mauve-cmjn.png","contentUrl":"https:\/\/nationalstore.be\/wp-content\/uploads\/2024\/03\/nationaal-logo_mauve-cmjn.png","width":3475,"height":1352,"caption":"NATIONA(A)L ARTIST MARKET"},"image":{"@id":"https:\/\/nationalstore.be\/fr#\/schema\/logo\/image\/"}},{"@type":"WebSite","@id":"https:\/\/nationalstore.be\/fr#website","url":"https:\/\/nationalstore.be\/fr","name":"NATIONA(A)L ARTIST SUPERMARKET","description":"","publisher":{"@id":"https:\/\/nationalstore.be\/fr#organization"},"potentialAction":[{"@type":"SearchAction","target":{"@type":"EntryPoint","urlTemplate":"https:\/\/nationalstore.be\/fr?s={search_term_string}"},"query-input":"required name=search_term_string"}],"inLanguage":"fr-FR"},{"@type":"ImageObject","inLanguage":"fr-FR","@id":"https:\/\/nationalstore.be\/fr\/produit\/teapot#primaryimage","url":"https:\/\/nationalstore.be\/wp-content\/uploads\/2023\/03\/enfant-cruche-web.jpg","contentUrl":"https:\/\/nationalstore.be\/wp-content\/uploads\/2023\/03\/enfant-cruche-web.jpg","width":1181,"height":1476},{"@type":["WebPage","ItemPage"],"@id":"https:\/\/nationalstore.be\/fr\/produit\/teapot#webpage","url":"https:\/\/nationalstore.be\/fr\/produit\/teapot","name":"Teapot | E-shop artistes belges","isPartOf":{"@id":"https:\/\/nationalstore.be\/fr#website"},"primaryImageOfPage":{"@id":"https:\/\/nationalstore.be\/fr\/produit\/teapot#primaryimage"},"datePublished":"2023-03-15T13:53:41+00:00","dateModified":"2026-02-24T15:32:28+00:00","description":"Acheter un produit comme Teapot? Laissez vous surprendre par nos artistes belges sp\u00e9cialis\u00e9s en produits artisanaux!","breadcrumb":{"@id":"https:\/\/nationalstore.be\/fr\/produit\/teapot#breadcrumb"},"inLanguage":"fr-FR","potentialAction":[{"@type":"ReadAction","target":["https:\/\/nationalstore.be\/fr\/produit\/teapot"]}]},{"@type":"BreadcrumbList","@id":"https:\/\/nationalstore.be\/fr\/produit\/teapot#breadcrumb","itemListElement":[{"@type":"ListItem","position":1,"name":"Home","item":"https:\/\/nationalstore.be\/fr"},{"@type":"ListItem","position":2,"name":"Produits","item":"https:\/\/nationalstore.be\/fr\/shop"},{"@type":"ListItem","position":3,"name":"Arts plastiques","item":"https:\/\/nationalstore.be\/fr\/pc\/arts-plastiques"},{"@type":"ListItem","position":4,"name":"Collage","item":"https:\/\/nationalstore.be\/fr\/pc\/arts-plastiques\/collage-fr"},{"@type":"ListItem","position":5,"name":"Teapot"}]}]}},"_links":{"self":[{"href":"https:\/\/nationalstore.be\/fr\/wp-json\/wp\/v2\/product\/47665"}],"collection":[{"href":"https:\/\/nationalstore.be\/fr\/wp-json\/wp\/v2\/product"}],"about":[{"href":"https:\/\/nationalstore.be\/fr\/wp-json\/wp\/v2\/types\/product"}],"wp:featuredmedia":[{"embeddable":true,"href":"https:\/\/nationalstore.be\/fr\/wp-json\/wp\/v2\/media\/47662"}],"wp:attachment":[{"href":"https:\/\/nationalstore.be\/fr\/wp-json\/wp\/v2\/media?parent=47665"}],"wp:term":[{"taxonomy":"product_cat","embeddable":true,"href":"https:\/\/nationalstore.be\/fr\/wp-json\/wp\/v2\/product_cat?post=47665"},{"taxonomy":"product_tag","embeddable":true,"href":"https:\/\/nationalstore.be\/fr\/wp-json\/wp\/v2\/product_tag?post=47665"}],"curies":[{"name":"wp","href":"https:\/\/api.w.org\/{rel}","templated":true}]}}