{"id":47634,"date":"2023-03-15T13:33:35","date_gmt":"2023-03-15T12:33:35","guid":{"rendered":"https:\/\/nationalstore.be\/?post_type=product&#038;p=47634"},"modified":"2026-02-24T16:32:12","modified_gmt":"2026-02-24T15:32:12","slug":"lhomme-mixer","status":"publish","type":"product","link":"https:\/\/nationalstore.be\/fr\/produit\/lhomme-mixer","title":{"rendered":"L&#8217;homme Mixer"},"content":{"rendered":"<p>L&#8217;Homme-Mixer est un dessin \u00e0 l&#8217;encre sur papier. Les corps ou fragments de corps deviennent des signes ou des indices qui, comme un r\u00e9bus, composent les histoires invisibles de l&#8217;inconscient collectif. Une partie du travail de Priscilla Beccari met en sc\u00e8ne des femmes dans un univers domestique bourgeois des ann\u00e9es 70. La Femme au foyer est un exemple de ces mythes qui persistent autant en tant que fantasmes que traumatismes. Le traitement sculptural et la dimension immersive ou intime des peintures renforcent l&#8217;effet miroir de notre int\u00e9riorit\u00e9. Enfin, le style d\u00e9lib\u00e9r\u00e9ment na\u00eff ou ludique, mettant en sc\u00e8ne une innocence grin\u00e7ante, \u00e9voque la na\u00efvet\u00e9 de l&#8217;ouverture de la conscience. @Th\u00e9odora Domenech&#8221;<\/p>\n","protected":false},"excerpt":{"rendered":"<p><em><strong>L&#8217;homme Mixer<\/strong><\/em><\/p>\n<p>Impression sur papier Hahnemuhle 200GR, 40x30cm<\/p>\n<p>Edition limit\u00e9e 3<\/p>\n<p>Edition num\u00e9rot\u00e9e et sign\u00e9e<\/p>\n","protected":false},"featured_media":47632,"template":"","meta":[],"product_cat":[570,2951,2912],"product_tag":[1861,2339,1133,2341,3400,318,3067,477,2970,3416,3418,1208,319,349,3417,844,465,3284,3350,1154,499,2373,3419,3399,3420],"yoast_head":"<!-- This site is optimized with the Yoast SEO plugin v19.1 - https:\/\/yoast.com\/wordpress\/plugins\/seo\/ -->\n<title>L&#039;homme Mixer | E-shop artistes belges<\/title>\n<meta name=\"description\" content=\"Acheter un produit comme L&#039;homme Mixer? Laissez vous surprendre par nos artistes belges sp\u00e9cialis\u00e9s en produits artisanaux!\" \/>\n<meta name=\"robots\" content=\"index, follow, max-snippet:-1, max-image-preview:large, max-video-preview:-1\" \/>\n<link rel=\"canonical\" href=\"https:\/\/nationalstore.be\/fr\/produit\/lhomme-mixer\" \/>\n<meta property=\"og:locale\" content=\"fr_FR\" \/>\n<meta property=\"og:type\" content=\"article\" \/>\n<meta property=\"og:title\" content=\"L&#039;homme Mixer | E-shop artistes belges\" \/>\n<meta property=\"og:description\" content=\"Acheter un produit comme L&#039;homme Mixer? Laissez vous surprendre par nos artistes belges sp\u00e9cialis\u00e9s en produits artisanaux!\" \/>\n<meta property=\"og:url\" content=\"https:\/\/nationalstore.be\/fr\/produit\/lhomme-mixer\" \/>\n<meta property=\"og:site_name\" content=\"NATIONA(A)L ARTIST SUPERMARKET\" \/>\n<meta property=\"article:publisher\" content=\"https:\/\/www.facebook.com\/nationalstore\/?ref=br_rs\" \/>\n<meta property=\"article:modified_time\" content=\"2026-02-24T15:32:12+00:00\" \/>\n<meta property=\"og:image\" content=\"https:\/\/nationalstore.be\/wp-content\/uploads\/2023\/03\/homme-mixer-web.jpg\" \/>\n\t<meta property=\"og:image:width\" content=\"1181\" \/>\n\t<meta property=\"og:image:height\" content=\"1476\" \/>\n\t<meta property=\"og:image:type\" content=\"image\/jpeg\" \/>\n<meta name=\"twitter:card\" content=\"summary_large_image\" \/>\n<meta name=\"twitter:site\" content=\"@Nationalstore\" \/>\n<meta name=\"twitter:label1\" content=\"Dur\u00e9e de lecture estim\u00e9e\" \/>\n\t<meta name=\"twitter:data1\" content=\"1 minute\" \/>\n<script type=\"application\/ld+json\" class=\"yoast-schema-graph\">{\"@context\":\"https:\/\/schema.org\",\"@graph\":[{\"@type\":\"Organization\",\"@id\":\"https:\/\/nationalstore.be\/fr#organization\",\"name\":\"NATIONA(A)L ARTIST MARKET\",\"url\":\"https:\/\/nationalstore.be\/fr\",\"sameAs\":[\"https:\/\/www.instagram.com\/nationalstore\/\",\"https:\/\/www.facebook.com\/nationalstore\/?ref=br_rs\",\"https:\/\/twitter.com\/Nationalstore\"],\"logo\":{\"@type\":\"ImageObject\",\"inLanguage\":\"fr-FR\",\"@id\":\"https:\/\/nationalstore.be\/fr#\/schema\/logo\/image\/\",\"url\":\"https:\/\/nationalstore.be\/wp-content\/uploads\/2024\/03\/nationaal-logo_mauve-cmjn.png\",\"contentUrl\":\"https:\/\/nationalstore.be\/wp-content\/uploads\/2024\/03\/nationaal-logo_mauve-cmjn.png\",\"width\":3475,\"height\":1352,\"caption\":\"NATIONA(A)L ARTIST MARKET\"},\"image\":{\"@id\":\"https:\/\/nationalstore.be\/fr#\/schema\/logo\/image\/\"}},{\"@type\":\"WebSite\",\"@id\":\"https:\/\/nationalstore.be\/fr#website\",\"url\":\"https:\/\/nationalstore.be\/fr\",\"name\":\"NATIONA(A)L ARTIST SUPERMARKET\",\"description\":\"\",\"publisher\":{\"@id\":\"https:\/\/nationalstore.be\/fr#organization\"},\"potentialAction\":[{\"@type\":\"SearchAction\",\"target\":{\"@type\":\"EntryPoint\",\"urlTemplate\":\"https:\/\/nationalstore.be\/fr?s={search_term_string}\"},\"query-input\":\"required name=search_term_string\"}],\"inLanguage\":\"fr-FR\"},{\"@type\":\"ImageObject\",\"inLanguage\":\"fr-FR\",\"@id\":\"https:\/\/nationalstore.be\/fr\/produit\/lhomme-mixer#primaryimage\",\"url\":\"https:\/\/nationalstore.be\/wp-content\/uploads\/2023\/03\/homme-mixer-web.jpg\",\"contentUrl\":\"https:\/\/nationalstore.be\/wp-content\/uploads\/2023\/03\/homme-mixer-web.jpg\",\"width\":1181,\"height\":1476},{\"@type\":[\"WebPage\",\"ItemPage\"],\"@id\":\"https:\/\/nationalstore.be\/fr\/produit\/lhomme-mixer#webpage\",\"url\":\"https:\/\/nationalstore.be\/fr\/produit\/lhomme-mixer\",\"name\":\"L'homme Mixer | E-shop artistes belges\",\"isPartOf\":{\"@id\":\"https:\/\/nationalstore.be\/fr#website\"},\"primaryImageOfPage\":{\"@id\":\"https:\/\/nationalstore.be\/fr\/produit\/lhomme-mixer#primaryimage\"},\"datePublished\":\"2023-03-15T12:33:35+00:00\",\"dateModified\":\"2026-02-24T15:32:12+00:00\",\"description\":\"Acheter un produit comme L'homme Mixer? Laissez vous surprendre par nos artistes belges sp\u00e9cialis\u00e9s en produits artisanaux!\",\"breadcrumb\":{\"@id\":\"https:\/\/nationalstore.be\/fr\/produit\/lhomme-mixer#breadcrumb\"},\"inLanguage\":\"fr-FR\",\"potentialAction\":[{\"@type\":\"ReadAction\",\"target\":[\"https:\/\/nationalstore.be\/fr\/produit\/lhomme-mixer\"]}]},{\"@type\":\"BreadcrumbList\",\"@id\":\"https:\/\/nationalstore.be\/fr\/produit\/lhomme-mixer#breadcrumb\",\"itemListElement\":[{\"@type\":\"ListItem\",\"position\":1,\"name\":\"Home\",\"item\":\"https:\/\/nationalstore.be\/fr\"},{\"@type\":\"ListItem\",\"position\":2,\"name\":\"Produits\",\"item\":\"https:\/\/nationalstore.be\/fr\/shop\"},{\"@type\":\"ListItem\",\"position\":3,\"name\":\"Arts plastiques\",\"item\":\"https:\/\/nationalstore.be\/fr\/pc\/arts-plastiques\"},{\"@type\":\"ListItem\",\"position\":4,\"name\":\"Dessin\",\"item\":\"https:\/\/nationalstore.be\/fr\/pc\/arts-plastiques\/dessin\"},{\"@type\":\"ListItem\",\"position\":5,\"name\":\"L&#8217;homme Mixer\"}]}]}<\/script>\n<!-- \/ Yoast SEO plugin. -->","yoast_head_json":{"title":"L'homme Mixer | E-shop artistes belges","description":"Acheter un produit comme L'homme Mixer? Laissez vous surprendre par nos artistes belges sp\u00e9cialis\u00e9s en produits artisanaux!","robots":{"index":"index","follow":"follow","max-snippet":"max-snippet:-1","max-image-preview":"max-image-preview:large","max-video-preview":"max-video-preview:-1"},"canonical":"https:\/\/nationalstore.be\/fr\/produit\/lhomme-mixer","og_locale":"fr_FR","og_type":"article","og_title":"L'homme Mixer | E-shop artistes belges","og_description":"Acheter un produit comme L'homme Mixer? Laissez vous surprendre par nos artistes belges sp\u00e9cialis\u00e9s en produits artisanaux!","og_url":"https:\/\/nationalstore.be\/fr\/produit\/lhomme-mixer","og_site_name":"NATIONA(A)L ARTIST SUPERMARKET","article_publisher":"https:\/\/www.facebook.com\/nationalstore\/?ref=br_rs","article_modified_time":"2026-02-24T15:32:12+00:00","og_image":[{"width":1181,"height":1476,"url":"https:\/\/nationalstore.be\/wp-content\/uploads\/2023\/03\/homme-mixer-web.jpg","type":"image\/jpeg"}],"twitter_card":"summary_large_image","twitter_site":"@Nationalstore","twitter_misc":{"Dur\u00e9e de lecture estim\u00e9e":"1 minute"},"schema":{"@context":"https:\/\/schema.org","@graph":[{"@type":"Organization","@id":"https:\/\/nationalstore.be\/fr#organization","name":"NATIONA(A)L ARTIST MARKET","url":"https:\/\/nationalstore.be\/fr","sameAs":["https:\/\/www.instagram.com\/nationalstore\/","https:\/\/www.facebook.com\/nationalstore\/?ref=br_rs","https:\/\/twitter.com\/Nationalstore"],"logo":{"@type":"ImageObject","inLanguage":"fr-FR","@id":"https:\/\/nationalstore.be\/fr#\/schema\/logo\/image\/","url":"https:\/\/nationalstore.be\/wp-content\/uploads\/2024\/03\/nationaal-logo_mauve-cmjn.png","contentUrl":"https:\/\/nationalstore.be\/wp-content\/uploads\/2024\/03\/nationaal-logo_mauve-cmjn.png","width":3475,"height":1352,"caption":"NATIONA(A)L ARTIST MARKET"},"image":{"@id":"https:\/\/nationalstore.be\/fr#\/schema\/logo\/image\/"}},{"@type":"WebSite","@id":"https:\/\/nationalstore.be\/fr#website","url":"https:\/\/nationalstore.be\/fr","name":"NATIONA(A)L ARTIST SUPERMARKET","description":"","publisher":{"@id":"https:\/\/nationalstore.be\/fr#organization"},"potentialAction":[{"@type":"SearchAction","target":{"@type":"EntryPoint","urlTemplate":"https:\/\/nationalstore.be\/fr?s={search_term_string}"},"query-input":"required name=search_term_string"}],"inLanguage":"fr-FR"},{"@type":"ImageObject","inLanguage":"fr-FR","@id":"https:\/\/nationalstore.be\/fr\/produit\/lhomme-mixer#primaryimage","url":"https:\/\/nationalstore.be\/wp-content\/uploads\/2023\/03\/homme-mixer-web.jpg","contentUrl":"https:\/\/nationalstore.be\/wp-content\/uploads\/2023\/03\/homme-mixer-web.jpg","width":1181,"height":1476},{"@type":["WebPage","ItemPage"],"@id":"https:\/\/nationalstore.be\/fr\/produit\/lhomme-mixer#webpage","url":"https:\/\/nationalstore.be\/fr\/produit\/lhomme-mixer","name":"L'homme Mixer | E-shop artistes belges","isPartOf":{"@id":"https:\/\/nationalstore.be\/fr#website"},"primaryImageOfPage":{"@id":"https:\/\/nationalstore.be\/fr\/produit\/lhomme-mixer#primaryimage"},"datePublished":"2023-03-15T12:33:35+00:00","dateModified":"2026-02-24T15:32:12+00:00","description":"Acheter un produit comme L'homme Mixer? Laissez vous surprendre par nos artistes belges sp\u00e9cialis\u00e9s en produits artisanaux!","breadcrumb":{"@id":"https:\/\/nationalstore.be\/fr\/produit\/lhomme-mixer#breadcrumb"},"inLanguage":"fr-FR","potentialAction":[{"@type":"ReadAction","target":["https:\/\/nationalstore.be\/fr\/produit\/lhomme-mixer"]}]},{"@type":"BreadcrumbList","@id":"https:\/\/nationalstore.be\/fr\/produit\/lhomme-mixer#breadcrumb","itemListElement":[{"@type":"ListItem","position":1,"name":"Home","item":"https:\/\/nationalstore.be\/fr"},{"@type":"ListItem","position":2,"name":"Produits","item":"https:\/\/nationalstore.be\/fr\/shop"},{"@type":"ListItem","position":3,"name":"Arts plastiques","item":"https:\/\/nationalstore.be\/fr\/pc\/arts-plastiques"},{"@type":"ListItem","position":4,"name":"Dessin","item":"https:\/\/nationalstore.be\/fr\/pc\/arts-plastiques\/dessin"},{"@type":"ListItem","position":5,"name":"L&#8217;homme Mixer"}]}]}},"_links":{"self":[{"href":"https:\/\/nationalstore.be\/fr\/wp-json\/wp\/v2\/product\/47634"}],"collection":[{"href":"https:\/\/nationalstore.be\/fr\/wp-json\/wp\/v2\/product"}],"about":[{"href":"https:\/\/nationalstore.be\/fr\/wp-json\/wp\/v2\/types\/product"}],"wp:featuredmedia":[{"embeddable":true,"href":"https:\/\/nationalstore.be\/fr\/wp-json\/wp\/v2\/media\/47632"}],"wp:attachment":[{"href":"https:\/\/nationalstore.be\/fr\/wp-json\/wp\/v2\/media?parent=47634"}],"wp:term":[{"taxonomy":"product_cat","embeddable":true,"href":"https:\/\/nationalstore.be\/fr\/wp-json\/wp\/v2\/product_cat?post=47634"},{"taxonomy":"product_tag","embeddable":true,"href":"https:\/\/nationalstore.be\/fr\/wp-json\/wp\/v2\/product_tag?post=47634"}],"curies":[{"name":"wp","href":"https:\/\/api.w.org\/{rel}","templated":true}]}}