{"id":47627,"date":"2023-03-17T11:37:56","date_gmt":"2023-03-17T10:37:56","guid":{"rendered":"https:\/\/nationalstore.be\/?post_type=product&#038;p=47627"},"modified":"2026-02-24T16:32:17","modified_gmt":"2026-02-24T15:32:17","slug":"lhomme-balai","status":"publish","type":"product","link":"https:\/\/nationalstore.be\/fr\/produit\/lhomme-balai","title":{"rendered":"L&#8217;homme-balai"},"content":{"rendered":"<p class=\"MsoNormal\" style=\"line-height: normal;background: white;margin: 24.0pt 0cm 24.0pt 0cm\" data-mce-style=\"line-height: normal; tab-stops: 45.8pt 91.6pt 137.4pt 183.2pt 229.0pt 274.8pt 320.6pt 366.4pt 412.2pt 458.0pt 503.8pt 549.6pt 595.4pt 641.2pt 687.0pt 732.8pt; background: white; margin: 24.0pt 0cm 24.0pt 0cm;\">L\u2019homme balai est un dessin r\u00e9alis\u00e9 \u00e0 l\u2019encre de Chine<br \/>et \u00e0 l\u2019\u00e9coline sur papier. Les corps ou fragments de corps se font les signes ou indices composant, tel un r\u00e9bus, les r\u00e9cits invisibles de<br \/>l\u2019inconscient\u00a0collectif. Une partie des travaux de Priscilla Beccari met en sc\u00e8ne<br \/>des femmes dans un univers domestique bourgeois des ann\u00e9es 70. La m\u00e9nag\u00e8re<br \/>est un exemple de ces mythes\u00a0persistant sous forme de fantasme autant que de<br \/>trauma. Le traitement\u00a0sculptural, la dimension immersive ou intimiste des peintures<br \/>renforcent l\u2019effet de miroir de notre int\u00e9riorit\u00e9. Enfin, le style<br \/>volontairement na\u00eff ou joueur, mettant en\u00a0sc\u00e8ne une innocence grin\u00e7ante, \u00e9voquent la na\u00efvet\u00e9<br \/>de l\u2019ouverture de la\u00a0conscience.\u00a0@Th\u00e9odora Domenech<\/p>\n","protected":false},"excerpt":{"rendered":"<p><em><strong>l&#8217;homme-balai<\/strong><\/em><\/p>\n<p style=\"color: #000000;font-family: HelveticaNeue;font-size: 12px\" data-mce-style=\"color: #000000; font-family: HelveticaNeue; font-size: 12px; text-size-adjust: auto;\"><span data-mce-style=\"vertical-align: inherit;\">Impression sur papier Hahnem\u00fchle 200GR, 40&#215;30 cm<\/span><\/p>\n<p style=\"color: #000000;font-family: HelveticaNeue;font-size: 12px\" data-mce-style=\"color: #000000; font-family: HelveticaNeue; font-size: 12px; text-size-adjust: auto;\"><span data-mce-style=\"vertical-align: inherit;\">\u00c9dition limit\u00e9e 3<\/span><\/p>\n<p style=\"color: #000000;font-family: HelveticaNeue;font-size: 12px\" data-mce-style=\"color: #000000; font-family: HelveticaNeue; font-size: 12px; text-size-adjust: auto;\"><span data-mce-style=\"vertical-align: inherit;\">\u00c9dition num\u00e9rot\u00e9e et sign\u00e9e\u00a0<\/span><\/p>\n","protected":false},"featured_media":47624,"template":"","meta":[],"product_cat":[3410,570,2951,2933,3676],"product_tag":[1861,1133,3400,318,477,493,1208,984,465,3284,499,2373,3399],"yoast_head":"<!-- This site is optimized with the Yoast SEO plugin v19.1 - https:\/\/yoast.com\/wordpress\/plugins\/seo\/ -->\n<title>L&#039;homme-balai | E-shop artistes belges<\/title>\n<meta name=\"description\" content=\"Acheter un produit comme L&#039;homme-balai? Laissez vous surprendre par nos artistes belges sp\u00e9cialis\u00e9s en produits artisanaux!\" \/>\n<meta name=\"robots\" content=\"index, follow, max-snippet:-1, max-image-preview:large, max-video-preview:-1\" \/>\n<link rel=\"canonical\" href=\"https:\/\/nationalstore.be\/fr\/produit\/lhomme-balai\" \/>\n<meta property=\"og:locale\" content=\"fr_FR\" \/>\n<meta property=\"og:type\" content=\"article\" \/>\n<meta property=\"og:title\" content=\"L&#039;homme-balai | E-shop artistes belges\" \/>\n<meta property=\"og:description\" content=\"Acheter un produit comme L&#039;homme-balai? Laissez vous surprendre par nos artistes belges sp\u00e9cialis\u00e9s en produits artisanaux!\" \/>\n<meta property=\"og:url\" content=\"https:\/\/nationalstore.be\/fr\/produit\/lhomme-balai\" \/>\n<meta property=\"og:site_name\" content=\"NATIONA(A)L ARTIST SUPERMARKET\" \/>\n<meta property=\"article:publisher\" content=\"https:\/\/www.facebook.com\/nationalstore\/?ref=br_rs\" \/>\n<meta property=\"article:modified_time\" content=\"2026-02-24T15:32:17+00:00\" \/>\n<meta property=\"og:image\" content=\"https:\/\/nationalstore.be\/wp-content\/uploads\/2023\/03\/Homme-balai-web.jpg\" \/>\n\t<meta property=\"og:image:width\" content=\"1181\" \/>\n\t<meta property=\"og:image:height\" content=\"1476\" \/>\n\t<meta property=\"og:image:type\" content=\"image\/jpeg\" \/>\n<meta name=\"twitter:card\" content=\"summary_large_image\" \/>\n<meta name=\"twitter:site\" content=\"@Nationalstore\" \/>\n<meta name=\"twitter:label1\" content=\"Dur\u00e9e de lecture estim\u00e9e\" \/>\n\t<meta name=\"twitter:data1\" content=\"1 minute\" \/>\n<script type=\"application\/ld+json\" class=\"yoast-schema-graph\">{\"@context\":\"https:\/\/schema.org\",\"@graph\":[{\"@type\":\"Organization\",\"@id\":\"https:\/\/nationalstore.be\/fr#organization\",\"name\":\"NATIONA(A)L ARTIST MARKET\",\"url\":\"https:\/\/nationalstore.be\/fr\",\"sameAs\":[\"https:\/\/www.instagram.com\/nationalstore\/\",\"https:\/\/www.facebook.com\/nationalstore\/?ref=br_rs\",\"https:\/\/twitter.com\/Nationalstore\"],\"logo\":{\"@type\":\"ImageObject\",\"inLanguage\":\"fr-FR\",\"@id\":\"https:\/\/nationalstore.be\/fr#\/schema\/logo\/image\/\",\"url\":\"https:\/\/nationalstore.be\/wp-content\/uploads\/2024\/03\/nationaal-logo_mauve-cmjn.png\",\"contentUrl\":\"https:\/\/nationalstore.be\/wp-content\/uploads\/2024\/03\/nationaal-logo_mauve-cmjn.png\",\"width\":3475,\"height\":1352,\"caption\":\"NATIONA(A)L ARTIST MARKET\"},\"image\":{\"@id\":\"https:\/\/nationalstore.be\/fr#\/schema\/logo\/image\/\"}},{\"@type\":\"WebSite\",\"@id\":\"https:\/\/nationalstore.be\/fr#website\",\"url\":\"https:\/\/nationalstore.be\/fr\",\"name\":\"NATIONA(A)L ARTIST SUPERMARKET\",\"description\":\"\",\"publisher\":{\"@id\":\"https:\/\/nationalstore.be\/fr#organization\"},\"potentialAction\":[{\"@type\":\"SearchAction\",\"target\":{\"@type\":\"EntryPoint\",\"urlTemplate\":\"https:\/\/nationalstore.be\/fr?s={search_term_string}\"},\"query-input\":\"required name=search_term_string\"}],\"inLanguage\":\"fr-FR\"},{\"@type\":\"ImageObject\",\"inLanguage\":\"fr-FR\",\"@id\":\"https:\/\/nationalstore.be\/fr\/produit\/lhomme-balai#primaryimage\",\"url\":\"https:\/\/nationalstore.be\/wp-content\/uploads\/2023\/03\/Homme-balai-web.jpg\",\"contentUrl\":\"https:\/\/nationalstore.be\/wp-content\/uploads\/2023\/03\/Homme-balai-web.jpg\",\"width\":1181,\"height\":1476,\"caption\":\"print on Hahnemuhle paper 40x30cm\"},{\"@type\":[\"WebPage\",\"ItemPage\"],\"@id\":\"https:\/\/nationalstore.be\/fr\/produit\/lhomme-balai#webpage\",\"url\":\"https:\/\/nationalstore.be\/fr\/produit\/lhomme-balai\",\"name\":\"L'homme-balai | E-shop artistes belges\",\"isPartOf\":{\"@id\":\"https:\/\/nationalstore.be\/fr#website\"},\"primaryImageOfPage\":{\"@id\":\"https:\/\/nationalstore.be\/fr\/produit\/lhomme-balai#primaryimage\"},\"datePublished\":\"2023-03-17T10:37:56+00:00\",\"dateModified\":\"2026-02-24T15:32:17+00:00\",\"description\":\"Acheter un produit comme L'homme-balai? Laissez vous surprendre par nos artistes belges sp\u00e9cialis\u00e9s en produits artisanaux!\",\"breadcrumb\":{\"@id\":\"https:\/\/nationalstore.be\/fr\/produit\/lhomme-balai#breadcrumb\"},\"inLanguage\":\"fr-FR\",\"potentialAction\":[{\"@type\":\"ReadAction\",\"target\":[\"https:\/\/nationalstore.be\/fr\/produit\/lhomme-balai\"]}]},{\"@type\":\"BreadcrumbList\",\"@id\":\"https:\/\/nationalstore.be\/fr\/produit\/lhomme-balai#breadcrumb\",\"itemListElement\":[{\"@type\":\"ListItem\",\"position\":1,\"name\":\"Home\",\"item\":\"https:\/\/nationalstore.be\/fr\"},{\"@type\":\"ListItem\",\"position\":2,\"name\":\"Produits\",\"item\":\"https:\/\/nationalstore.be\/fr\/shop\"},{\"@type\":\"ListItem\",\"position\":3,\"name\":\"Arts plastiques\",\"item\":\"https:\/\/nationalstore.be\/fr\/pc\/arts-plastiques\"},{\"@type\":\"ListItem\",\"position\":4,\"name\":\"Dessin\",\"item\":\"https:\/\/nationalstore.be\/fr\/pc\/arts-plastiques\/dessin\"},{\"@type\":\"ListItem\",\"position\":5,\"name\":\"L&#8217;homme-balai\"}]}]}<\/script>\n<!-- \/ Yoast SEO plugin. -->","yoast_head_json":{"title":"L'homme-balai | E-shop artistes belges","description":"Acheter un produit comme L'homme-balai? Laissez vous surprendre par nos artistes belges sp\u00e9cialis\u00e9s en produits artisanaux!","robots":{"index":"index","follow":"follow","max-snippet":"max-snippet:-1","max-image-preview":"max-image-preview:large","max-video-preview":"max-video-preview:-1"},"canonical":"https:\/\/nationalstore.be\/fr\/produit\/lhomme-balai","og_locale":"fr_FR","og_type":"article","og_title":"L'homme-balai | E-shop artistes belges","og_description":"Acheter un produit comme L'homme-balai? Laissez vous surprendre par nos artistes belges sp\u00e9cialis\u00e9s en produits artisanaux!","og_url":"https:\/\/nationalstore.be\/fr\/produit\/lhomme-balai","og_site_name":"NATIONA(A)L ARTIST SUPERMARKET","article_publisher":"https:\/\/www.facebook.com\/nationalstore\/?ref=br_rs","article_modified_time":"2026-02-24T15:32:17+00:00","og_image":[{"width":1181,"height":1476,"url":"https:\/\/nationalstore.be\/wp-content\/uploads\/2023\/03\/Homme-balai-web.jpg","type":"image\/jpeg"}],"twitter_card":"summary_large_image","twitter_site":"@Nationalstore","twitter_misc":{"Dur\u00e9e de lecture estim\u00e9e":"1 minute"},"schema":{"@context":"https:\/\/schema.org","@graph":[{"@type":"Organization","@id":"https:\/\/nationalstore.be\/fr#organization","name":"NATIONA(A)L ARTIST MARKET","url":"https:\/\/nationalstore.be\/fr","sameAs":["https:\/\/www.instagram.com\/nationalstore\/","https:\/\/www.facebook.com\/nationalstore\/?ref=br_rs","https:\/\/twitter.com\/Nationalstore"],"logo":{"@type":"ImageObject","inLanguage":"fr-FR","@id":"https:\/\/nationalstore.be\/fr#\/schema\/logo\/image\/","url":"https:\/\/nationalstore.be\/wp-content\/uploads\/2024\/03\/nationaal-logo_mauve-cmjn.png","contentUrl":"https:\/\/nationalstore.be\/wp-content\/uploads\/2024\/03\/nationaal-logo_mauve-cmjn.png","width":3475,"height":1352,"caption":"NATIONA(A)L ARTIST MARKET"},"image":{"@id":"https:\/\/nationalstore.be\/fr#\/schema\/logo\/image\/"}},{"@type":"WebSite","@id":"https:\/\/nationalstore.be\/fr#website","url":"https:\/\/nationalstore.be\/fr","name":"NATIONA(A)L ARTIST SUPERMARKET","description":"","publisher":{"@id":"https:\/\/nationalstore.be\/fr#organization"},"potentialAction":[{"@type":"SearchAction","target":{"@type":"EntryPoint","urlTemplate":"https:\/\/nationalstore.be\/fr?s={search_term_string}"},"query-input":"required name=search_term_string"}],"inLanguage":"fr-FR"},{"@type":"ImageObject","inLanguage":"fr-FR","@id":"https:\/\/nationalstore.be\/fr\/produit\/lhomme-balai#primaryimage","url":"https:\/\/nationalstore.be\/wp-content\/uploads\/2023\/03\/Homme-balai-web.jpg","contentUrl":"https:\/\/nationalstore.be\/wp-content\/uploads\/2023\/03\/Homme-balai-web.jpg","width":1181,"height":1476,"caption":"print on Hahnemuhle paper 40x30cm"},{"@type":["WebPage","ItemPage"],"@id":"https:\/\/nationalstore.be\/fr\/produit\/lhomme-balai#webpage","url":"https:\/\/nationalstore.be\/fr\/produit\/lhomme-balai","name":"L'homme-balai | E-shop artistes belges","isPartOf":{"@id":"https:\/\/nationalstore.be\/fr#website"},"primaryImageOfPage":{"@id":"https:\/\/nationalstore.be\/fr\/produit\/lhomme-balai#primaryimage"},"datePublished":"2023-03-17T10:37:56+00:00","dateModified":"2026-02-24T15:32:17+00:00","description":"Acheter un produit comme L'homme-balai? Laissez vous surprendre par nos artistes belges sp\u00e9cialis\u00e9s en produits artisanaux!","breadcrumb":{"@id":"https:\/\/nationalstore.be\/fr\/produit\/lhomme-balai#breadcrumb"},"inLanguage":"fr-FR","potentialAction":[{"@type":"ReadAction","target":["https:\/\/nationalstore.be\/fr\/produit\/lhomme-balai"]}]},{"@type":"BreadcrumbList","@id":"https:\/\/nationalstore.be\/fr\/produit\/lhomme-balai#breadcrumb","itemListElement":[{"@type":"ListItem","position":1,"name":"Home","item":"https:\/\/nationalstore.be\/fr"},{"@type":"ListItem","position":2,"name":"Produits","item":"https:\/\/nationalstore.be\/fr\/shop"},{"@type":"ListItem","position":3,"name":"Arts plastiques","item":"https:\/\/nationalstore.be\/fr\/pc\/arts-plastiques"},{"@type":"ListItem","position":4,"name":"Dessin","item":"https:\/\/nationalstore.be\/fr\/pc\/arts-plastiques\/dessin"},{"@type":"ListItem","position":5,"name":"L&#8217;homme-balai"}]}]}},"_links":{"self":[{"href":"https:\/\/nationalstore.be\/fr\/wp-json\/wp\/v2\/product\/47627"}],"collection":[{"href":"https:\/\/nationalstore.be\/fr\/wp-json\/wp\/v2\/product"}],"about":[{"href":"https:\/\/nationalstore.be\/fr\/wp-json\/wp\/v2\/types\/product"}],"wp:featuredmedia":[{"embeddable":true,"href":"https:\/\/nationalstore.be\/fr\/wp-json\/wp\/v2\/media\/47624"}],"wp:attachment":[{"href":"https:\/\/nationalstore.be\/fr\/wp-json\/wp\/v2\/media?parent=47627"}],"wp:term":[{"taxonomy":"product_cat","embeddable":true,"href":"https:\/\/nationalstore.be\/fr\/wp-json\/wp\/v2\/product_cat?post=47627"},{"taxonomy":"product_tag","embeddable":true,"href":"https:\/\/nationalstore.be\/fr\/wp-json\/wp\/v2\/product_tag?post=47627"}],"curies":[{"name":"wp","href":"https:\/\/api.w.org\/{rel}","templated":true}]}}