{"id":47476,"date":"2023-03-01T16:06:50","date_gmt":"2023-03-01T15:06:50","guid":{"rendered":"https:\/\/nationalstore.be\/?post_type=product&#038;p=47476"},"modified":"2023-03-10T16:55:13","modified_gmt":"2023-03-10T15:55:13","slug":"francois-de-coninck-morceaux-moisis-1998-2020","status":"publish","type":"product","link":"https:\/\/nationalstore.be\/fr\/produit\/francois-de-coninck-morceaux-moisis-1998-2020","title":{"rendered":"Fran\u00e7ois de Coninck, \u201cMorceaux moisis\u201d (1998-2020)"},"content":{"rendered":"<p><\/p>\n","protected":false},"excerpt":{"rendered":"<p><span data-mce-style=\"font-family: arial, helvetica, sans-serif;\" style=\"font-family: arial, helvetica, sans-serif;\"><a data-mce-href=\"http:\/\/www.francoisdeconinck.be\" href=\"http:\/\/www.francoisdeconinck.be\">Fran\u00e7ois de Coninck<\/a><\/span><\/p>\n<p><span data-mce-style=\"font-family: arial, helvetica, sans-serif;\" style=\"font-family: arial, helvetica, sans-serif;\"><span data-mce-style=\"caret-color: #000000; color: #000000; text-align: justify;\" style=\"caret-color: rgb(0, 0, 0); color: rgb(0, 0, 0); text-align: justify;\">Impression typographique sur papier Hahnem\u00fchle 300g r\u00e9alis\u00e9e dans le studio de cr\u00e9ation et d\u2019impression exp\u00e9rimentale de Xavier Michel \u00a0<\/span><em data-mce-style=\"box-sizing: border-box; caret-color: #000000; color: #000000; text-align: justify;\" style=\"box-sizing: border-box; caret-color: rgb(0, 0, 0); color: rgb(0, 0, 0); text-align: justify;\"><a href=\"https:\/\/multipledetrois.wordpress.com\/contact\/latelier-au-chiffon-dencre\/\" data-mce-href=\"https:\/\/multipledetrois.wordpress.com\/contact\/latelier-au-chiffon-dencre\/\" data-mce-style=\"box-sizing: border-box; color: #000000; text-decoration: none;\" style=\"box-sizing: border-box; color: rgb(0, 0, 0); text-decoration: none;\">Au chiffon d\u2019encre<\/a><\/em><span data-mce-style=\"caret-color: #000000; color: #000000; text-align: justify;\" style=\"caret-color: rgb(0, 0, 0); color: rgb(0, 0, 0); text-align: justify;\">, \u00e0 Meslin-L\u2019Ev\u00eaque.<\/span><\/span><\/p>\n<p class=\"MsoNormal\" data-mce-style=\"margin: 0cm; font-size: medium; font-family: Garamond, serif; caret-color: #000000; color: #000000;\" style=\"margin: 0cm; font-size: medium; font-family: Garamond, serif; caret-color: rgb(0, 0, 0); color: rgb(0, 0, 0);\"><span lang=\"FR\" data-mce-style=\"font-family: arial, helvetica, sans-serif;\" style=\"font-family: arial, helvetica, sans-serif;\">Format 42 x 60 cm. Une \u00e9dition sign\u00e9e, num\u00e9rot\u00e9e et poin\u00e7onn\u00e9e de 50 exemplaires de chaque.<\/span><\/p>\n<p><\/p>\n<p><\/p>\n","protected":false},"featured_media":47224,"template":"","meta":[],"product_cat":[570,2948,2942,3349],"product_tag":[1861,1133,319],"yoast_head":"<!-- This site is optimized with the Yoast SEO plugin v19.1 - https:\/\/yoast.com\/wordpress\/plugins\/seo\/ -->\n<title>Fran\u00e7ois de Coninck, \u201cMorceaux moisis\u201d (1998-2020) | E-shop artistes belges<\/title>\n<meta name=\"description\" content=\"Acheter un produit comme Fran\u00e7ois de Coninck, \u201cMorceaux moisis\u201d (1998-2020)? Laissez vous surprendre par nos artistes belges sp\u00e9cialis\u00e9s en produits artisanaux!\" \/>\n<meta name=\"robots\" content=\"index, follow, max-snippet:-1, max-image-preview:large, max-video-preview:-1\" \/>\n<link rel=\"canonical\" href=\"https:\/\/nationalstore.be\/fr\/produit\/francois-de-coninck-morceaux-moisis-1998-2020\" \/>\n<meta property=\"og:locale\" content=\"fr_FR\" \/>\n<meta property=\"og:type\" content=\"article\" \/>\n<meta property=\"og:title\" content=\"Fran\u00e7ois de Coninck, \u201cMorceaux moisis\u201d (1998-2020) | E-shop artistes belges\" \/>\n<meta property=\"og:description\" content=\"Acheter un produit comme Fran\u00e7ois de Coninck, \u201cMorceaux moisis\u201d (1998-2020)? Laissez vous surprendre par nos artistes belges sp\u00e9cialis\u00e9s en produits artisanaux!\" \/>\n<meta property=\"og:url\" content=\"https:\/\/nationalstore.be\/fr\/produit\/francois-de-coninck-morceaux-moisis-1998-2020\" \/>\n<meta property=\"og:site_name\" content=\"NATIONA(A)L ARTIST SUPERMARKET\" \/>\n<meta property=\"article:publisher\" content=\"https:\/\/www.facebook.com\/nationalstore\/?ref=br_rs\" \/>\n<meta property=\"article:modified_time\" content=\"2023-03-10T15:55:13+00:00\" \/>\n<meta property=\"og:image\" content=\"https:\/\/nationalstore.be\/wp-content\/uploads\/2023\/02\/morceaux-moisis-francois-de-Coninck-01-scaled.jpg\" \/>\n\t<meta property=\"og:image:width\" content=\"1803\" \/>\n\t<meta property=\"og:image:height\" content=\"2560\" \/>\n\t<meta property=\"og:image:type\" content=\"image\/jpeg\" \/>\n<meta name=\"twitter:card\" content=\"summary_large_image\" \/>\n<meta name=\"twitter:site\" content=\"@Nationalstore\" \/>\n<script type=\"application\/ld+json\" class=\"yoast-schema-graph\">{\"@context\":\"https:\/\/schema.org\",\"@graph\":[{\"@type\":\"Organization\",\"@id\":\"https:\/\/nationalstore.be\/fr#organization\",\"name\":\"NATIONA(A)L ARTIST MARKET\",\"url\":\"https:\/\/nationalstore.be\/fr\",\"sameAs\":[\"https:\/\/www.instagram.com\/nationalstore\/\",\"https:\/\/www.facebook.com\/nationalstore\/?ref=br_rs\",\"https:\/\/twitter.com\/Nationalstore\"],\"logo\":{\"@type\":\"ImageObject\",\"inLanguage\":\"fr-FR\",\"@id\":\"https:\/\/nationalstore.be\/fr#\/schema\/logo\/image\/\",\"url\":\"https:\/\/nationalstore.be\/wp-content\/uploads\/2024\/03\/nationaal-logo_mauve-cmjn.png\",\"contentUrl\":\"https:\/\/nationalstore.be\/wp-content\/uploads\/2024\/03\/nationaal-logo_mauve-cmjn.png\",\"width\":3475,\"height\":1352,\"caption\":\"NATIONA(A)L ARTIST MARKET\"},\"image\":{\"@id\":\"https:\/\/nationalstore.be\/fr#\/schema\/logo\/image\/\"}},{\"@type\":\"WebSite\",\"@id\":\"https:\/\/nationalstore.be\/fr#website\",\"url\":\"https:\/\/nationalstore.be\/fr\",\"name\":\"NATIONA(A)L ARTIST SUPERMARKET\",\"description\":\"\",\"publisher\":{\"@id\":\"https:\/\/nationalstore.be\/fr#organization\"},\"potentialAction\":[{\"@type\":\"SearchAction\",\"target\":{\"@type\":\"EntryPoint\",\"urlTemplate\":\"https:\/\/nationalstore.be\/fr?s={search_term_string}\"},\"query-input\":\"required name=search_term_string\"}],\"inLanguage\":\"fr-FR\"},{\"@type\":\"ImageObject\",\"inLanguage\":\"fr-FR\",\"@id\":\"https:\/\/nationalstore.be\/fr\/produit\/francois-de-coninck-morceaux-moisis-1998-2020#primaryimage\",\"url\":\"https:\/\/nationalstore.be\/wp-content\/uploads\/2023\/02\/morceaux-moisis-francois-de-Coninck-01-scaled.jpg\",\"contentUrl\":\"https:\/\/nationalstore.be\/wp-content\/uploads\/2023\/02\/morceaux-moisis-francois-de-Coninck-01-scaled.jpg\",\"width\":1803,\"height\":2560},{\"@type\":[\"WebPage\",\"ItemPage\"],\"@id\":\"https:\/\/nationalstore.be\/fr\/produit\/francois-de-coninck-morceaux-moisis-1998-2020#webpage\",\"url\":\"https:\/\/nationalstore.be\/fr\/produit\/francois-de-coninck-morceaux-moisis-1998-2020\",\"name\":\"Fran\u00e7ois de Coninck, \u201cMorceaux moisis\u201d (1998-2020) | E-shop artistes belges\",\"isPartOf\":{\"@id\":\"https:\/\/nationalstore.be\/fr#website\"},\"primaryImageOfPage\":{\"@id\":\"https:\/\/nationalstore.be\/fr\/produit\/francois-de-coninck-morceaux-moisis-1998-2020#primaryimage\"},\"datePublished\":\"2023-03-01T15:06:50+00:00\",\"dateModified\":\"2023-03-10T15:55:13+00:00\",\"description\":\"Acheter un produit comme Fran\u00e7ois de Coninck, \u201cMorceaux moisis\u201d (1998-2020)? Laissez vous surprendre par nos artistes belges sp\u00e9cialis\u00e9s en produits artisanaux!\",\"breadcrumb\":{\"@id\":\"https:\/\/nationalstore.be\/fr\/produit\/francois-de-coninck-morceaux-moisis-1998-2020#breadcrumb\"},\"inLanguage\":\"fr-FR\",\"potentialAction\":[{\"@type\":\"ReadAction\",\"target\":[\"https:\/\/nationalstore.be\/fr\/produit\/francois-de-coninck-morceaux-moisis-1998-2020\"]}]},{\"@type\":\"BreadcrumbList\",\"@id\":\"https:\/\/nationalstore.be\/fr\/produit\/francois-de-coninck-morceaux-moisis-1998-2020#breadcrumb\",\"itemListElement\":[{\"@type\":\"ListItem\",\"position\":1,\"name\":\"Home\",\"item\":\"https:\/\/nationalstore.be\/fr\"},{\"@type\":\"ListItem\",\"position\":2,\"name\":\"Produits\",\"item\":\"https:\/\/nationalstore.be\/fr\/shop\"},{\"@type\":\"ListItem\",\"position\":3,\"name\":\"Arts plastiques\",\"item\":\"https:\/\/nationalstore.be\/fr\/pc\/arts-plastiques\"},{\"@type\":\"ListItem\",\"position\":4,\"name\":\"Editions\",\"item\":\"https:\/\/nationalstore.be\/fr\/pc\/arts-plastiques\/editions-fr\"},{\"@type\":\"ListItem\",\"position\":5,\"name\":\"Fran\u00e7ois de Coninck, \u201cMorceaux moisis\u201d (1998-2020)\"}]}]}<\/script>\n<!-- \/ Yoast SEO plugin. -->","yoast_head_json":{"title":"Fran\u00e7ois de Coninck, \u201cMorceaux moisis\u201d (1998-2020) | E-shop artistes belges","description":"Acheter un produit comme Fran\u00e7ois de Coninck, \u201cMorceaux moisis\u201d (1998-2020)? Laissez vous surprendre par nos artistes belges sp\u00e9cialis\u00e9s en produits artisanaux!","robots":{"index":"index","follow":"follow","max-snippet":"max-snippet:-1","max-image-preview":"max-image-preview:large","max-video-preview":"max-video-preview:-1"},"canonical":"https:\/\/nationalstore.be\/fr\/produit\/francois-de-coninck-morceaux-moisis-1998-2020","og_locale":"fr_FR","og_type":"article","og_title":"Fran\u00e7ois de Coninck, \u201cMorceaux moisis\u201d (1998-2020) | E-shop artistes belges","og_description":"Acheter un produit comme Fran\u00e7ois de Coninck, \u201cMorceaux moisis\u201d (1998-2020)? Laissez vous surprendre par nos artistes belges sp\u00e9cialis\u00e9s en produits artisanaux!","og_url":"https:\/\/nationalstore.be\/fr\/produit\/francois-de-coninck-morceaux-moisis-1998-2020","og_site_name":"NATIONA(A)L ARTIST SUPERMARKET","article_publisher":"https:\/\/www.facebook.com\/nationalstore\/?ref=br_rs","article_modified_time":"2023-03-10T15:55:13+00:00","og_image":[{"width":1803,"height":2560,"url":"https:\/\/nationalstore.be\/wp-content\/uploads\/2023\/02\/morceaux-moisis-francois-de-Coninck-01-scaled.jpg","type":"image\/jpeg"}],"twitter_card":"summary_large_image","twitter_site":"@Nationalstore","schema":{"@context":"https:\/\/schema.org","@graph":[{"@type":"Organization","@id":"https:\/\/nationalstore.be\/fr#organization","name":"NATIONA(A)L ARTIST MARKET","url":"https:\/\/nationalstore.be\/fr","sameAs":["https:\/\/www.instagram.com\/nationalstore\/","https:\/\/www.facebook.com\/nationalstore\/?ref=br_rs","https:\/\/twitter.com\/Nationalstore"],"logo":{"@type":"ImageObject","inLanguage":"fr-FR","@id":"https:\/\/nationalstore.be\/fr#\/schema\/logo\/image\/","url":"https:\/\/nationalstore.be\/wp-content\/uploads\/2024\/03\/nationaal-logo_mauve-cmjn.png","contentUrl":"https:\/\/nationalstore.be\/wp-content\/uploads\/2024\/03\/nationaal-logo_mauve-cmjn.png","width":3475,"height":1352,"caption":"NATIONA(A)L ARTIST MARKET"},"image":{"@id":"https:\/\/nationalstore.be\/fr#\/schema\/logo\/image\/"}},{"@type":"WebSite","@id":"https:\/\/nationalstore.be\/fr#website","url":"https:\/\/nationalstore.be\/fr","name":"NATIONA(A)L ARTIST SUPERMARKET","description":"","publisher":{"@id":"https:\/\/nationalstore.be\/fr#organization"},"potentialAction":[{"@type":"SearchAction","target":{"@type":"EntryPoint","urlTemplate":"https:\/\/nationalstore.be\/fr?s={search_term_string}"},"query-input":"required name=search_term_string"}],"inLanguage":"fr-FR"},{"@type":"ImageObject","inLanguage":"fr-FR","@id":"https:\/\/nationalstore.be\/fr\/produit\/francois-de-coninck-morceaux-moisis-1998-2020#primaryimage","url":"https:\/\/nationalstore.be\/wp-content\/uploads\/2023\/02\/morceaux-moisis-francois-de-Coninck-01-scaled.jpg","contentUrl":"https:\/\/nationalstore.be\/wp-content\/uploads\/2023\/02\/morceaux-moisis-francois-de-Coninck-01-scaled.jpg","width":1803,"height":2560},{"@type":["WebPage","ItemPage"],"@id":"https:\/\/nationalstore.be\/fr\/produit\/francois-de-coninck-morceaux-moisis-1998-2020#webpage","url":"https:\/\/nationalstore.be\/fr\/produit\/francois-de-coninck-morceaux-moisis-1998-2020","name":"Fran\u00e7ois de Coninck, \u201cMorceaux moisis\u201d (1998-2020) | E-shop artistes belges","isPartOf":{"@id":"https:\/\/nationalstore.be\/fr#website"},"primaryImageOfPage":{"@id":"https:\/\/nationalstore.be\/fr\/produit\/francois-de-coninck-morceaux-moisis-1998-2020#primaryimage"},"datePublished":"2023-03-01T15:06:50+00:00","dateModified":"2023-03-10T15:55:13+00:00","description":"Acheter un produit comme Fran\u00e7ois de Coninck, \u201cMorceaux moisis\u201d (1998-2020)? Laissez vous surprendre par nos artistes belges sp\u00e9cialis\u00e9s en produits artisanaux!","breadcrumb":{"@id":"https:\/\/nationalstore.be\/fr\/produit\/francois-de-coninck-morceaux-moisis-1998-2020#breadcrumb"},"inLanguage":"fr-FR","potentialAction":[{"@type":"ReadAction","target":["https:\/\/nationalstore.be\/fr\/produit\/francois-de-coninck-morceaux-moisis-1998-2020"]}]},{"@type":"BreadcrumbList","@id":"https:\/\/nationalstore.be\/fr\/produit\/francois-de-coninck-morceaux-moisis-1998-2020#breadcrumb","itemListElement":[{"@type":"ListItem","position":1,"name":"Home","item":"https:\/\/nationalstore.be\/fr"},{"@type":"ListItem","position":2,"name":"Produits","item":"https:\/\/nationalstore.be\/fr\/shop"},{"@type":"ListItem","position":3,"name":"Arts plastiques","item":"https:\/\/nationalstore.be\/fr\/pc\/arts-plastiques"},{"@type":"ListItem","position":4,"name":"Editions","item":"https:\/\/nationalstore.be\/fr\/pc\/arts-plastiques\/editions-fr"},{"@type":"ListItem","position":5,"name":"Fran\u00e7ois de Coninck, \u201cMorceaux moisis\u201d (1998-2020)"}]}]}},"_links":{"self":[{"href":"https:\/\/nationalstore.be\/fr\/wp-json\/wp\/v2\/product\/47476"}],"collection":[{"href":"https:\/\/nationalstore.be\/fr\/wp-json\/wp\/v2\/product"}],"about":[{"href":"https:\/\/nationalstore.be\/fr\/wp-json\/wp\/v2\/types\/product"}],"wp:featuredmedia":[{"embeddable":true,"href":"https:\/\/nationalstore.be\/fr\/wp-json\/wp\/v2\/media\/47224"}],"wp:attachment":[{"href":"https:\/\/nationalstore.be\/fr\/wp-json\/wp\/v2\/media?parent=47476"}],"wp:term":[{"taxonomy":"product_cat","embeddable":true,"href":"https:\/\/nationalstore.be\/fr\/wp-json\/wp\/v2\/product_cat?post=47476"},{"taxonomy":"product_tag","embeddable":true,"href":"https:\/\/nationalstore.be\/fr\/wp-json\/wp\/v2\/product_tag?post=47476"}],"curies":[{"name":"wp","href":"https:\/\/api.w.org\/{rel}","templated":true}]}}