{"id":47474,"date":"2023-03-01T15:59:30","date_gmt":"2023-03-01T14:59:30","guid":{"rendered":"https:\/\/nationalstore.be\/?post_type=product&#038;p=47474"},"modified":"2023-03-10T16:54:41","modified_gmt":"2023-03-10T15:54:41","slug":"francois-de-coninck-jai-de-la-chance","status":"publish","type":"product","link":"https:\/\/nationalstore.be\/fr\/produit\/francois-de-coninck-jai-de-la-chance","title":{"rendered":"Fran\u00e7ois de Coninck, \u201cJ\u2019ai de la chance\u201d"},"content":{"rendered":"<p style=\"margin-right: 0cm; margin-left: 0cm; font-size: medium;\" data-mce-style=\"margin-right: 0cm; margin-left: 0cm; font-size: medium;\"><em><span style=\"font-size: 11pt; font-family: Arial, sans-serif;\" data-mce-style=\"font-size: 11pt; font-family: Arial, sans-serif;\">J\u2019ai de la chance\u00a0<\/span><\/em><span style=\"font-size: 11pt; font-family: Arial, sans-serif;\" data-mce-style=\"font-size: 11pt; font-family: Arial, sans-serif;\">nous offre une plong\u00e9e vertigineuse dans la solitude existentielle, affective ou sexuelle d\u2019un monde pourtant hyper-connect\u00e9. Qui n\u2019a jamais, par curiosit\u00e9, lassitude ou d\u00e9sespoir, pos\u00e9 \u00e0 Google une question \u00e0 laquelle il semble ne pas y avoir de r\u00e9ponse\u00a0?\u00a0Fran\u00e7ois de Coninck s\u2019est adress\u00e9 \u00e0 Google au d\u00e9part de plusieurs ordinateurs (donc de diff\u00e9rents profils d\u2019utilisateurs), avec des requ\u00eates telles que\u00a0: \u00ab\u00a0Pourquoi mon mari\u00a0\u00bb, \u00ab\u00a0Pourquoi ma femme\u00a0\u00bb, \u00ab\u00a0Pourquoi les filles\u00a0\u00bb, \u00ab\u00a0Pourquoi le d\u00e9sir\u00a0\u00bb, \u00ab\u00a0Pourquoi les artistes\u00a0\u00bb, \u2026 et force est de constater une \u00e9tonnante similitude dans les suggestions renvoy\u00e9es, tous profils confondus.\u00a0<em data-mce-style=\"box-sizing: border-box;\" style=\"box-sizing: border-box;\">J\u2019ai de la chance\u00a0<\/em>pose ainsi des questions fondamentales quant \u00e0 la place prise aujourd\u2019hui par Google dans nos vies quotidiennes, \u00e0 l\u2019heure o\u00f9 des assistants vocaux, de plus en plus intrusifs, se multiplient. La particularit\u00e9 du projet tient \u00e9galement dans sa forme\u00a0: l\u2019auteur a ensuite envoy\u00e9 ses captures d\u2019\u00e9cran \u00e0 Damien De Lepeleire, qui les a transpos\u00e9es en aquarelles. Ce travail s\u2019inscrit dans une d\u00e9marche plus globale de r\u00e9interpr\u00e9tation du concept de nature morte\u00a0: plut\u00f4t que de peindre des pommes et des poires dans des plats, Damien De Lepeleire peint des lettres. Cette pratique de la typographie \u00e0 main lev\u00e9e, qui \u00e9voque l\u2019art de la calligraphie, ne permet aucun repentir et produit un r\u00e9sultat imparfait par nature (la taille des lettres, ou celle des espaces qui les s\u00e9parent, sont variables). Cette imperfection appara\u00eet comme un contre-pied \u00e0 la rigueur toute num\u00e9rique des polices telles qu\u2019elles s\u2019affichent sur un \u00e9cran. Mais apr\u00e8s tout, Steve Jobs n\u2019a-t-il pas souvent rappel\u00e9 que, sans sa passion pour la calligraphie et la typographie, le Mac n\u2019aurait probablement jamais exist\u00e9\u00a0?<\/span><\/p>\n<p data-mce-style=\"box-sizing: border-box; margin-top: 0px; margin-bottom: 1rem; text-align: justify; caret-color: #000000; color: #000000; font-family: Garamond, Georgia, serif;\" style=\"margin: 0cm 0cm 1rem; font-size: medium; font-family: \"><span style=\"font-size: 11pt; font-family: Arial, sans-serif;\" data-mce-style=\"font-size: 11pt; font-family: Arial, sans-serif;\">Pierre-Yves Desaive, historien et critique d\u2019art, conservateur pour l\u2019art contemporain aux Mus\u00e9es Royaux des Beaux-Arts de Belgique<\/span><\/p>\n","protected":false},"excerpt":{"rendered":"<p style=\"margin-right: 0cm; margin-left: 0cm; font-size: medium;\" data-mce-style=\"margin-right: 0cm; margin-left: 0cm; font-size: medium;\"><a data-mce-href=\"https:\/\/www.francoisdeconinck.be\" href=\"https:\/\/www.francoisdeconinck.be\"><span style=\"font-family: Arial, sans-serif; font-size: 14.666667px;\" data-mce-style=\"font-family: Arial, sans-serif; font-size: 14.666667px;\">Fran\u00e7ois de Coninck<\/span><\/a><\/p>\n<p style=\"margin-right: 0cm; margin-left: 0cm; font-size: medium;\" data-mce-style=\"margin-right: 0cm; margin-left: 0cm; font-size: medium;\"><span style=\"font-size: 11pt; font-family: Arial, sans-serif; color: #333333;\" data-mce-style=\"font-size: 11pt; font-family: Arial, sans-serif; color: #333333;\">Aquarelles de\u00a0<a href=\"https:\/\/www.instagram.com\/damiendelepeleire\/?hl=fr\" data-mce-href=\"https:\/\/www.instagram.com\/damiendelepeleire\/?hl=fr\" style=\"color: #954f72;\" data-mce-style=\"color: #954f72;\">Damien De Lepeleire<\/a>.<\/span><\/p>\n<p style=\"margin-right: 0cm; margin-left: 0cm; font-size: medium;\" data-mce-style=\"margin-right: 0cm; margin-left: 0cm; font-size: medium;\"><span style=\"font-size: 11pt; font-family: Arial, sans-serif; color: #333333;\" data-mce-style=\"font-size: 11pt; font-family: Arial, sans-serif; color: #333333;\">Livre d&#8217;artiste. Impression Offset, couverture cartonn\u00e9e. 64 pages imprim\u00e9es sur Munken Bioset. D\u00e9cembre 2020.<\/span><\/p>\n","protected":false},"featured_media":47313,"template":"","meta":[],"product_cat":[570,2948,525,2942,2933],"product_tag":[1133,318,1208,349,363],"yoast_head":"<!-- This site is optimized with the Yoast SEO plugin v19.1 - https:\/\/yoast.com\/wordpress\/plugins\/seo\/ -->\n<title>Fran\u00e7ois de Coninck, \u201cJ\u2019ai de la chance\u201d | E-shop artistes belges<\/title>\n<meta name=\"description\" content=\"Acheter un produit comme Fran\u00e7ois de Coninck, \u201cJ\u2019ai de la chance\u201d? Laissez vous surprendre par nos artistes belges sp\u00e9cialis\u00e9s en produits artisanaux!\" \/>\n<meta name=\"robots\" content=\"index, follow, max-snippet:-1, max-image-preview:large, max-video-preview:-1\" \/>\n<link rel=\"canonical\" href=\"https:\/\/nationalstore.be\/fr\/produit\/francois-de-coninck-jai-de-la-chance\" \/>\n<meta property=\"og:locale\" content=\"fr_FR\" \/>\n<meta property=\"og:type\" content=\"article\" \/>\n<meta property=\"og:title\" content=\"Fran\u00e7ois de Coninck, \u201cJ\u2019ai de la chance\u201d | E-shop artistes belges\" \/>\n<meta property=\"og:description\" content=\"Acheter un produit comme Fran\u00e7ois de Coninck, \u201cJ\u2019ai de la chance\u201d? Laissez vous surprendre par nos artistes belges sp\u00e9cialis\u00e9s en produits artisanaux!\" \/>\n<meta property=\"og:url\" content=\"https:\/\/nationalstore.be\/fr\/produit\/francois-de-coninck-jai-de-la-chance\" \/>\n<meta property=\"og:site_name\" content=\"NATIONA(A)L ARTIST SUPERMARKET\" \/>\n<meta property=\"article:publisher\" content=\"https:\/\/www.facebook.com\/nationalstore\/?ref=br_rs\" \/>\n<meta property=\"article:modified_time\" content=\"2023-03-10T15:54:41+00:00\" \/>\n<meta property=\"og:image\" content=\"https:\/\/nationalstore.be\/wp-content\/uploads\/2023\/02\/j-ai-de-la-chance-francois-de-coninck-02-copie.jpeg\" \/>\n\t<meta property=\"og:image:width\" content=\"2379\" \/>\n\t<meta property=\"og:image:height\" content=\"1903\" \/>\n\t<meta property=\"og:image:type\" content=\"image\/jpeg\" \/>\n<meta name=\"twitter:card\" content=\"summary_large_image\" \/>\n<meta name=\"twitter:site\" content=\"@Nationalstore\" \/>\n<meta name=\"twitter:label1\" content=\"Dur\u00e9e de lecture estim\u00e9e\" \/>\n\t<meta name=\"twitter:data1\" content=\"2 minutes\" \/>\n<script type=\"application\/ld+json\" class=\"yoast-schema-graph\">{\"@context\":\"https:\/\/schema.org\",\"@graph\":[{\"@type\":\"Organization\",\"@id\":\"https:\/\/nationalstore.be\/fr#organization\",\"name\":\"NATIONA(A)L ARTIST MARKET\",\"url\":\"https:\/\/nationalstore.be\/fr\",\"sameAs\":[\"https:\/\/www.instagram.com\/nationalstore\/\",\"https:\/\/www.facebook.com\/nationalstore\/?ref=br_rs\",\"https:\/\/twitter.com\/Nationalstore\"],\"logo\":{\"@type\":\"ImageObject\",\"inLanguage\":\"fr-FR\",\"@id\":\"https:\/\/nationalstore.be\/fr#\/schema\/logo\/image\/\",\"url\":\"https:\/\/nationalstore.be\/wp-content\/uploads\/2024\/03\/nationaal-logo_mauve-cmjn.png\",\"contentUrl\":\"https:\/\/nationalstore.be\/wp-content\/uploads\/2024\/03\/nationaal-logo_mauve-cmjn.png\",\"width\":3475,\"height\":1352,\"caption\":\"NATIONA(A)L ARTIST MARKET\"},\"image\":{\"@id\":\"https:\/\/nationalstore.be\/fr#\/schema\/logo\/image\/\"}},{\"@type\":\"WebSite\",\"@id\":\"https:\/\/nationalstore.be\/fr#website\",\"url\":\"https:\/\/nationalstore.be\/fr\",\"name\":\"NATIONA(A)L ARTIST SUPERMARKET\",\"description\":\"\",\"publisher\":{\"@id\":\"https:\/\/nationalstore.be\/fr#organization\"},\"potentialAction\":[{\"@type\":\"SearchAction\",\"target\":{\"@type\":\"EntryPoint\",\"urlTemplate\":\"https:\/\/nationalstore.be\/fr?s={search_term_string}\"},\"query-input\":\"required name=search_term_string\"}],\"inLanguage\":\"fr-FR\"},{\"@type\":\"ImageObject\",\"inLanguage\":\"fr-FR\",\"@id\":\"https:\/\/nationalstore.be\/fr\/produit\/francois-de-coninck-jai-de-la-chance#primaryimage\",\"url\":\"https:\/\/nationalstore.be\/wp-content\/uploads\/2023\/02\/j-ai-de-la-chance-francois-de-coninck-02-copie.jpeg\",\"contentUrl\":\"https:\/\/nationalstore.be\/wp-content\/uploads\/2023\/02\/j-ai-de-la-chance-francois-de-coninck-02-copie.jpeg\",\"width\":2379,\"height\":1903},{\"@type\":[\"WebPage\",\"ItemPage\"],\"@id\":\"https:\/\/nationalstore.be\/fr\/produit\/francois-de-coninck-jai-de-la-chance#webpage\",\"url\":\"https:\/\/nationalstore.be\/fr\/produit\/francois-de-coninck-jai-de-la-chance\",\"name\":\"Fran\u00e7ois de Coninck, \u201cJ\u2019ai de la chance\u201d | E-shop artistes belges\",\"isPartOf\":{\"@id\":\"https:\/\/nationalstore.be\/fr#website\"},\"primaryImageOfPage\":{\"@id\":\"https:\/\/nationalstore.be\/fr\/produit\/francois-de-coninck-jai-de-la-chance#primaryimage\"},\"datePublished\":\"2023-03-01T14:59:30+00:00\",\"dateModified\":\"2023-03-10T15:54:41+00:00\",\"description\":\"Acheter un produit comme Fran\u00e7ois de Coninck, \u201cJ\u2019ai de la chance\u201d? Laissez vous surprendre par nos artistes belges sp\u00e9cialis\u00e9s en produits artisanaux!\",\"breadcrumb\":{\"@id\":\"https:\/\/nationalstore.be\/fr\/produit\/francois-de-coninck-jai-de-la-chance#breadcrumb\"},\"inLanguage\":\"fr-FR\",\"potentialAction\":[{\"@type\":\"ReadAction\",\"target\":[\"https:\/\/nationalstore.be\/fr\/produit\/francois-de-coninck-jai-de-la-chance\"]}]},{\"@type\":\"BreadcrumbList\",\"@id\":\"https:\/\/nationalstore.be\/fr\/produit\/francois-de-coninck-jai-de-la-chance#breadcrumb\",\"itemListElement\":[{\"@type\":\"ListItem\",\"position\":1,\"name\":\"Home\",\"item\":\"https:\/\/nationalstore.be\/fr\"},{\"@type\":\"ListItem\",\"position\":2,\"name\":\"Produits\",\"item\":\"https:\/\/nationalstore.be\/fr\/shop\"},{\"@type\":\"ListItem\",\"position\":3,\"name\":\"Arts plastiques\",\"item\":\"https:\/\/nationalstore.be\/fr\/pc\/arts-plastiques\"},{\"@type\":\"ListItem\",\"position\":4,\"name\":\"Editions\",\"item\":\"https:\/\/nationalstore.be\/fr\/pc\/arts-plastiques\/editions-fr\"},{\"@type\":\"ListItem\",\"position\":5,\"name\":\"Fran\u00e7ois de Coninck, \u201cJ\u2019ai de la chance\u201d\"}]}]}<\/script>\n<!-- \/ Yoast SEO plugin. -->","yoast_head_json":{"title":"Fran\u00e7ois de Coninck, \u201cJ\u2019ai de la chance\u201d | E-shop artistes belges","description":"Acheter un produit comme Fran\u00e7ois de Coninck, \u201cJ\u2019ai de la chance\u201d? Laissez vous surprendre par nos artistes belges sp\u00e9cialis\u00e9s en produits artisanaux!","robots":{"index":"index","follow":"follow","max-snippet":"max-snippet:-1","max-image-preview":"max-image-preview:large","max-video-preview":"max-video-preview:-1"},"canonical":"https:\/\/nationalstore.be\/fr\/produit\/francois-de-coninck-jai-de-la-chance","og_locale":"fr_FR","og_type":"article","og_title":"Fran\u00e7ois de Coninck, \u201cJ\u2019ai de la chance\u201d | E-shop artistes belges","og_description":"Acheter un produit comme Fran\u00e7ois de Coninck, \u201cJ\u2019ai de la chance\u201d? Laissez vous surprendre par nos artistes belges sp\u00e9cialis\u00e9s en produits artisanaux!","og_url":"https:\/\/nationalstore.be\/fr\/produit\/francois-de-coninck-jai-de-la-chance","og_site_name":"NATIONA(A)L ARTIST SUPERMARKET","article_publisher":"https:\/\/www.facebook.com\/nationalstore\/?ref=br_rs","article_modified_time":"2023-03-10T15:54:41+00:00","og_image":[{"width":2379,"height":1903,"url":"https:\/\/nationalstore.be\/wp-content\/uploads\/2023\/02\/j-ai-de-la-chance-francois-de-coninck-02-copie.jpeg","type":"image\/jpeg"}],"twitter_card":"summary_large_image","twitter_site":"@Nationalstore","twitter_misc":{"Dur\u00e9e de lecture estim\u00e9e":"2 minutes"},"schema":{"@context":"https:\/\/schema.org","@graph":[{"@type":"Organization","@id":"https:\/\/nationalstore.be\/fr#organization","name":"NATIONA(A)L ARTIST MARKET","url":"https:\/\/nationalstore.be\/fr","sameAs":["https:\/\/www.instagram.com\/nationalstore\/","https:\/\/www.facebook.com\/nationalstore\/?ref=br_rs","https:\/\/twitter.com\/Nationalstore"],"logo":{"@type":"ImageObject","inLanguage":"fr-FR","@id":"https:\/\/nationalstore.be\/fr#\/schema\/logo\/image\/","url":"https:\/\/nationalstore.be\/wp-content\/uploads\/2024\/03\/nationaal-logo_mauve-cmjn.png","contentUrl":"https:\/\/nationalstore.be\/wp-content\/uploads\/2024\/03\/nationaal-logo_mauve-cmjn.png","width":3475,"height":1352,"caption":"NATIONA(A)L ARTIST MARKET"},"image":{"@id":"https:\/\/nationalstore.be\/fr#\/schema\/logo\/image\/"}},{"@type":"WebSite","@id":"https:\/\/nationalstore.be\/fr#website","url":"https:\/\/nationalstore.be\/fr","name":"NATIONA(A)L ARTIST SUPERMARKET","description":"","publisher":{"@id":"https:\/\/nationalstore.be\/fr#organization"},"potentialAction":[{"@type":"SearchAction","target":{"@type":"EntryPoint","urlTemplate":"https:\/\/nationalstore.be\/fr?s={search_term_string}"},"query-input":"required name=search_term_string"}],"inLanguage":"fr-FR"},{"@type":"ImageObject","inLanguage":"fr-FR","@id":"https:\/\/nationalstore.be\/fr\/produit\/francois-de-coninck-jai-de-la-chance#primaryimage","url":"https:\/\/nationalstore.be\/wp-content\/uploads\/2023\/02\/j-ai-de-la-chance-francois-de-coninck-02-copie.jpeg","contentUrl":"https:\/\/nationalstore.be\/wp-content\/uploads\/2023\/02\/j-ai-de-la-chance-francois-de-coninck-02-copie.jpeg","width":2379,"height":1903},{"@type":["WebPage","ItemPage"],"@id":"https:\/\/nationalstore.be\/fr\/produit\/francois-de-coninck-jai-de-la-chance#webpage","url":"https:\/\/nationalstore.be\/fr\/produit\/francois-de-coninck-jai-de-la-chance","name":"Fran\u00e7ois de Coninck, \u201cJ\u2019ai de la chance\u201d | E-shop artistes belges","isPartOf":{"@id":"https:\/\/nationalstore.be\/fr#website"},"primaryImageOfPage":{"@id":"https:\/\/nationalstore.be\/fr\/produit\/francois-de-coninck-jai-de-la-chance#primaryimage"},"datePublished":"2023-03-01T14:59:30+00:00","dateModified":"2023-03-10T15:54:41+00:00","description":"Acheter un produit comme Fran\u00e7ois de Coninck, \u201cJ\u2019ai de la chance\u201d? Laissez vous surprendre par nos artistes belges sp\u00e9cialis\u00e9s en produits artisanaux!","breadcrumb":{"@id":"https:\/\/nationalstore.be\/fr\/produit\/francois-de-coninck-jai-de-la-chance#breadcrumb"},"inLanguage":"fr-FR","potentialAction":[{"@type":"ReadAction","target":["https:\/\/nationalstore.be\/fr\/produit\/francois-de-coninck-jai-de-la-chance"]}]},{"@type":"BreadcrumbList","@id":"https:\/\/nationalstore.be\/fr\/produit\/francois-de-coninck-jai-de-la-chance#breadcrumb","itemListElement":[{"@type":"ListItem","position":1,"name":"Home","item":"https:\/\/nationalstore.be\/fr"},{"@type":"ListItem","position":2,"name":"Produits","item":"https:\/\/nationalstore.be\/fr\/shop"},{"@type":"ListItem","position":3,"name":"Arts plastiques","item":"https:\/\/nationalstore.be\/fr\/pc\/arts-plastiques"},{"@type":"ListItem","position":4,"name":"Editions","item":"https:\/\/nationalstore.be\/fr\/pc\/arts-plastiques\/editions-fr"},{"@type":"ListItem","position":5,"name":"Fran\u00e7ois de Coninck, \u201cJ\u2019ai de la chance\u201d"}]}]}},"_links":{"self":[{"href":"https:\/\/nationalstore.be\/fr\/wp-json\/wp\/v2\/product\/47474"}],"collection":[{"href":"https:\/\/nationalstore.be\/fr\/wp-json\/wp\/v2\/product"}],"about":[{"href":"https:\/\/nationalstore.be\/fr\/wp-json\/wp\/v2\/types\/product"}],"wp:featuredmedia":[{"embeddable":true,"href":"https:\/\/nationalstore.be\/fr\/wp-json\/wp\/v2\/media\/47313"}],"wp:attachment":[{"href":"https:\/\/nationalstore.be\/fr\/wp-json\/wp\/v2\/media?parent=47474"}],"wp:term":[{"taxonomy":"product_cat","embeddable":true,"href":"https:\/\/nationalstore.be\/fr\/wp-json\/wp\/v2\/product_cat?post=47474"},{"taxonomy":"product_tag","embeddable":true,"href":"https:\/\/nationalstore.be\/fr\/wp-json\/wp\/v2\/product_tag?post=47474"}],"curies":[{"name":"wp","href":"https:\/\/api.w.org\/{rel}","templated":true}]}}