{"id":47469,"date":"2023-02-27T22:57:18","date_gmt":"2023-03-01T14:44:29","guid":{"rendered":"https:\/\/nationalstore.be\/?post_type=product&#038;p=47469"},"modified":"2023-11-15T22:36:45","modified_gmt":"2023-11-15T21:36:45","slug":"anonyme-dieu-soit-loue","status":"publish","type":"product","link":"https:\/\/nationalstore.be\/fr\/produit\/anonyme-dieu-soit-loue","title":{"rendered":"Anonyme, \u201cDieu soit lou\u00e9\u201d"},"content":{"rendered":"<p class=\"MsoNormal\" data-mce-style=\"margin: 0cm; font-size: medium; font-family: Garamond, serif; caret-color: #000000; color: #000000;\" style=\"font-size: medium; margin: 0cm; font-family: Garamond, serif; caret-color: rgb(0, 0, 0); color: rgb(0, 0, 0);\"><\/p>\n","protected":false},"excerpt":{"rendered":"<p class=\"MsoNormal\" style=\"margin: 0cm; font-size: medium; font-family: Garamond, serif; caret-color: #000000; color: #000000; text-align: justify;\" data-mce-style=\"margin: 0cm; font-size: medium; font-family: Garamond, serif; caret-color: #000000; color: #000000; text-align: justify;\"><span lang=\"FR\" style=\"font-size: 11pt; font-family: Arial, sans-serif;\" data-mce-style=\"font-size: 11pt; font-family: Arial, sans-serif;\">\u00a0<\/span><\/p>\n<p class=\"MsoNormal\" style=\"margin: 0cm; font-size: medium; font-family: Garamond, serif; caret-color: #000000; color: #000000; text-align: justify;\" data-mce-style=\"margin: 0cm; font-size: medium; font-family: Garamond, serif; caret-color: #000000; color: #000000; text-align: justify;\"><span lang=\"FR\" style=\"font-size: 11pt; font-family: Arial, sans-serif;\" data-mce-style=\"font-size: 11pt; font-family: Arial, sans-serif;\">Impression typographique en bichromie sur papier Old Mill Bianco 350g r\u00e9alis\u00e9e dans le studio de cr\u00e9ation et d\u2019impression exp\u00e9rimentale de Xavier Michel \u00a0<\/span><em data-mce-style=\"box-sizing: border-box; caret-color: #000000; color: #000000; text-align: justify;\" style=\"box-sizing: border-box;\"><span style=\"font-family: Arial, sans-serif;\" data-mce-style=\"font-family: Arial, sans-serif;\"><a href=\"https:\/\/multipledetrois.wordpress.com\/contact\/latelier-au-chiffon-dencre\/\" data-mce-href=\"https:\/\/multipledetrois.wordpress.com\/contact\/latelier-au-chiffon-dencre\/\" data-mce-style=\"box-sizing: border-box; color: #000000; text-decoration-line: none;\" style=\"color: rgb(149, 79, 114); box-sizing: border-box;\"><span style=\"color: black; text-decoration: none;\" data-mce-style=\"color: black; text-decoration: none;\">Au chiffon d\u2019encre.<\/span><\/a><\/span><\/em><\/p>\n<p class=\"MsoNormal\" style=\"margin: 0cm; font-size: medium; font-family: Garamond, serif; caret-color: #000000; color: #000000;\" data-mce-style=\"margin: 0cm; font-size: medium; font-family: Garamond, serif; caret-color: #000000; color: #000000;\"><span lang=\"FR\" style=\"font-size: 11pt; font-family: Arial, sans-serif;\" data-mce-style=\"font-size: 11pt; font-family: Arial, sans-serif;\">Format 30 x 40 cm.\u00a0<\/span><\/p>\n<p class=\"MsoNormal\" style=\"margin: 0cm; font-size: medium; font-family: Garamond, serif; caret-color: #000000; color: #000000;\" data-mce-style=\"margin: 0cm; font-size: medium; font-family: Garamond, serif; caret-color: #000000; color: #000000;\"><span lang=\"FR\" style=\"font-size: 11pt; font-family: Arial, sans-serif;\" data-mce-style=\"font-size: 11pt; font-family: Arial, sans-serif;\">Une \u00e9dition num\u00e9rot\u00e9e de 50 exemplaires.<\/span><\/p>\n","protected":false},"featured_media":47278,"template":"","meta":[],"product_cat":[3410,570,2948,3349,3676],"product_tag":[2339,3416,823,825,1154],"yoast_head":"<!-- This site is optimized with the Yoast SEO plugin v19.1 - https:\/\/yoast.com\/wordpress\/plugins\/seo\/ -->\n<title>Anonyme, \u201cDieu soit lou\u00e9\u201d | E-shop artistes belges<\/title>\n<meta name=\"description\" content=\"Acheter un produit comme Anonyme, \u201cDieu soit lou\u00e9\u201d? Laissez vous surprendre par nos artistes belges sp\u00e9cialis\u00e9s en produits artisanaux!\" \/>\n<meta name=\"robots\" content=\"index, follow, max-snippet:-1, max-image-preview:large, max-video-preview:-1\" \/>\n<link rel=\"canonical\" href=\"https:\/\/nationalstore.be\/fr\/produit\/anonyme-dieu-soit-loue\" \/>\n<meta property=\"og:locale\" content=\"fr_FR\" \/>\n<meta property=\"og:type\" content=\"article\" \/>\n<meta property=\"og:title\" content=\"Anonyme, \u201cDieu soit lou\u00e9\u201d | E-shop artistes belges\" \/>\n<meta property=\"og:description\" content=\"Acheter un produit comme Anonyme, \u201cDieu soit lou\u00e9\u201d? Laissez vous surprendre par nos artistes belges sp\u00e9cialis\u00e9s en produits artisanaux!\" \/>\n<meta property=\"og:url\" content=\"https:\/\/nationalstore.be\/fr\/produit\/anonyme-dieu-soit-loue\" \/>\n<meta property=\"og:site_name\" content=\"NATIONA(A)L ARTIST SUPERMARKET\" \/>\n<meta property=\"article:publisher\" content=\"https:\/\/www.facebook.com\/nationalstore\/?ref=br_rs\" \/>\n<meta property=\"article:modified_time\" content=\"2023-11-15T21:36:45+00:00\" \/>\n<meta property=\"og:image\" content=\"https:\/\/nationalstore.be\/wp-content\/uploads\/2023\/02\/Dieu-soit-loue-anonyme.jpg\" \/>\n\t<meta property=\"og:image:width\" content=\"2304\" \/>\n\t<meta property=\"og:image:height\" content=\"1702\" \/>\n\t<meta property=\"og:image:type\" content=\"image\/jpeg\" \/>\n<meta name=\"twitter:card\" content=\"summary_large_image\" \/>\n<meta name=\"twitter:site\" content=\"@Nationalstore\" \/>\n<script type=\"application\/ld+json\" class=\"yoast-schema-graph\">{\"@context\":\"https:\/\/schema.org\",\"@graph\":[{\"@type\":\"Organization\",\"@id\":\"https:\/\/nationalstore.be\/fr#organization\",\"name\":\"NATIONA(A)L ARTIST MARKET\",\"url\":\"https:\/\/nationalstore.be\/fr\",\"sameAs\":[\"https:\/\/www.instagram.com\/nationalstore\/\",\"https:\/\/www.facebook.com\/nationalstore\/?ref=br_rs\",\"https:\/\/twitter.com\/Nationalstore\"],\"logo\":{\"@type\":\"ImageObject\",\"inLanguage\":\"fr-FR\",\"@id\":\"https:\/\/nationalstore.be\/fr#\/schema\/logo\/image\/\",\"url\":\"https:\/\/nationalstore.be\/wp-content\/uploads\/2024\/03\/nationaal-logo_mauve-cmjn.png\",\"contentUrl\":\"https:\/\/nationalstore.be\/wp-content\/uploads\/2024\/03\/nationaal-logo_mauve-cmjn.png\",\"width\":3475,\"height\":1352,\"caption\":\"NATIONA(A)L ARTIST MARKET\"},\"image\":{\"@id\":\"https:\/\/nationalstore.be\/fr#\/schema\/logo\/image\/\"}},{\"@type\":\"WebSite\",\"@id\":\"https:\/\/nationalstore.be\/fr#website\",\"url\":\"https:\/\/nationalstore.be\/fr\",\"name\":\"NATIONA(A)L ARTIST SUPERMARKET\",\"description\":\"\",\"publisher\":{\"@id\":\"https:\/\/nationalstore.be\/fr#organization\"},\"potentialAction\":[{\"@type\":\"SearchAction\",\"target\":{\"@type\":\"EntryPoint\",\"urlTemplate\":\"https:\/\/nationalstore.be\/fr?s={search_term_string}\"},\"query-input\":\"required name=search_term_string\"}],\"inLanguage\":\"fr-FR\"},{\"@type\":\"ImageObject\",\"inLanguage\":\"fr-FR\",\"@id\":\"https:\/\/nationalstore.be\/fr\/produit\/anonyme-dieu-soit-loue#primaryimage\",\"url\":\"https:\/\/nationalstore.be\/wp-content\/uploads\/2023\/02\/Dieu-soit-loue-anonyme.jpg\",\"contentUrl\":\"https:\/\/nationalstore.be\/wp-content\/uploads\/2023\/02\/Dieu-soit-loue-anonyme.jpg\",\"width\":2304,\"height\":1702},{\"@type\":[\"WebPage\",\"ItemPage\"],\"@id\":\"https:\/\/nationalstore.be\/fr\/produit\/anonyme-dieu-soit-loue#webpage\",\"url\":\"https:\/\/nationalstore.be\/fr\/produit\/anonyme-dieu-soit-loue\",\"name\":\"Anonyme, \u201cDieu soit lou\u00e9\u201d | E-shop artistes belges\",\"isPartOf\":{\"@id\":\"https:\/\/nationalstore.be\/fr#website\"},\"primaryImageOfPage\":{\"@id\":\"https:\/\/nationalstore.be\/fr\/produit\/anonyme-dieu-soit-loue#primaryimage\"},\"datePublished\":\"2023-03-01T14:44:29+00:00\",\"dateModified\":\"2023-11-15T21:36:45+00:00\",\"description\":\"Acheter un produit comme Anonyme, \u201cDieu soit lou\u00e9\u201d? Laissez vous surprendre par nos artistes belges sp\u00e9cialis\u00e9s en produits artisanaux!\",\"breadcrumb\":{\"@id\":\"https:\/\/nationalstore.be\/fr\/produit\/anonyme-dieu-soit-loue#breadcrumb\"},\"inLanguage\":\"fr-FR\",\"potentialAction\":[{\"@type\":\"ReadAction\",\"target\":[\"https:\/\/nationalstore.be\/fr\/produit\/anonyme-dieu-soit-loue\"]}]},{\"@type\":\"BreadcrumbList\",\"@id\":\"https:\/\/nationalstore.be\/fr\/produit\/anonyme-dieu-soit-loue#breadcrumb\",\"itemListElement\":[{\"@type\":\"ListItem\",\"position\":1,\"name\":\"Home\",\"item\":\"https:\/\/nationalstore.be\/fr\"},{\"@type\":\"ListItem\",\"position\":2,\"name\":\"Produits\",\"item\":\"https:\/\/nationalstore.be\/fr\/shop\"},{\"@type\":\"ListItem\",\"position\":3,\"name\":\"Arts plastiques\",\"item\":\"https:\/\/nationalstore.be\/fr\/pc\/arts-plastiques\"},{\"@type\":\"ListItem\",\"position\":4,\"name\":\"Editions\",\"item\":\"https:\/\/nationalstore.be\/fr\/pc\/arts-plastiques\/editions-fr\"},{\"@type\":\"ListItem\",\"position\":5,\"name\":\"Anonyme, \u201cDieu soit lou\u00e9\u201d\"}]}]}<\/script>\n<!-- \/ Yoast SEO plugin. -->","yoast_head_json":{"title":"Anonyme, \u201cDieu soit lou\u00e9\u201d | E-shop artistes belges","description":"Acheter un produit comme Anonyme, \u201cDieu soit lou\u00e9\u201d? Laissez vous surprendre par nos artistes belges sp\u00e9cialis\u00e9s en produits artisanaux!","robots":{"index":"index","follow":"follow","max-snippet":"max-snippet:-1","max-image-preview":"max-image-preview:large","max-video-preview":"max-video-preview:-1"},"canonical":"https:\/\/nationalstore.be\/fr\/produit\/anonyme-dieu-soit-loue","og_locale":"fr_FR","og_type":"article","og_title":"Anonyme, \u201cDieu soit lou\u00e9\u201d | E-shop artistes belges","og_description":"Acheter un produit comme Anonyme, \u201cDieu soit lou\u00e9\u201d? Laissez vous surprendre par nos artistes belges sp\u00e9cialis\u00e9s en produits artisanaux!","og_url":"https:\/\/nationalstore.be\/fr\/produit\/anonyme-dieu-soit-loue","og_site_name":"NATIONA(A)L ARTIST SUPERMARKET","article_publisher":"https:\/\/www.facebook.com\/nationalstore\/?ref=br_rs","article_modified_time":"2023-11-15T21:36:45+00:00","og_image":[{"width":2304,"height":1702,"url":"https:\/\/nationalstore.be\/wp-content\/uploads\/2023\/02\/Dieu-soit-loue-anonyme.jpg","type":"image\/jpeg"}],"twitter_card":"summary_large_image","twitter_site":"@Nationalstore","schema":{"@context":"https:\/\/schema.org","@graph":[{"@type":"Organization","@id":"https:\/\/nationalstore.be\/fr#organization","name":"NATIONA(A)L ARTIST MARKET","url":"https:\/\/nationalstore.be\/fr","sameAs":["https:\/\/www.instagram.com\/nationalstore\/","https:\/\/www.facebook.com\/nationalstore\/?ref=br_rs","https:\/\/twitter.com\/Nationalstore"],"logo":{"@type":"ImageObject","inLanguage":"fr-FR","@id":"https:\/\/nationalstore.be\/fr#\/schema\/logo\/image\/","url":"https:\/\/nationalstore.be\/wp-content\/uploads\/2024\/03\/nationaal-logo_mauve-cmjn.png","contentUrl":"https:\/\/nationalstore.be\/wp-content\/uploads\/2024\/03\/nationaal-logo_mauve-cmjn.png","width":3475,"height":1352,"caption":"NATIONA(A)L ARTIST MARKET"},"image":{"@id":"https:\/\/nationalstore.be\/fr#\/schema\/logo\/image\/"}},{"@type":"WebSite","@id":"https:\/\/nationalstore.be\/fr#website","url":"https:\/\/nationalstore.be\/fr","name":"NATIONA(A)L ARTIST SUPERMARKET","description":"","publisher":{"@id":"https:\/\/nationalstore.be\/fr#organization"},"potentialAction":[{"@type":"SearchAction","target":{"@type":"EntryPoint","urlTemplate":"https:\/\/nationalstore.be\/fr?s={search_term_string}"},"query-input":"required name=search_term_string"}],"inLanguage":"fr-FR"},{"@type":"ImageObject","inLanguage":"fr-FR","@id":"https:\/\/nationalstore.be\/fr\/produit\/anonyme-dieu-soit-loue#primaryimage","url":"https:\/\/nationalstore.be\/wp-content\/uploads\/2023\/02\/Dieu-soit-loue-anonyme.jpg","contentUrl":"https:\/\/nationalstore.be\/wp-content\/uploads\/2023\/02\/Dieu-soit-loue-anonyme.jpg","width":2304,"height":1702},{"@type":["WebPage","ItemPage"],"@id":"https:\/\/nationalstore.be\/fr\/produit\/anonyme-dieu-soit-loue#webpage","url":"https:\/\/nationalstore.be\/fr\/produit\/anonyme-dieu-soit-loue","name":"Anonyme, \u201cDieu soit lou\u00e9\u201d | E-shop artistes belges","isPartOf":{"@id":"https:\/\/nationalstore.be\/fr#website"},"primaryImageOfPage":{"@id":"https:\/\/nationalstore.be\/fr\/produit\/anonyme-dieu-soit-loue#primaryimage"},"datePublished":"2023-03-01T14:44:29+00:00","dateModified":"2023-11-15T21:36:45+00:00","description":"Acheter un produit comme Anonyme, \u201cDieu soit lou\u00e9\u201d? Laissez vous surprendre par nos artistes belges sp\u00e9cialis\u00e9s en produits artisanaux!","breadcrumb":{"@id":"https:\/\/nationalstore.be\/fr\/produit\/anonyme-dieu-soit-loue#breadcrumb"},"inLanguage":"fr-FR","potentialAction":[{"@type":"ReadAction","target":["https:\/\/nationalstore.be\/fr\/produit\/anonyme-dieu-soit-loue"]}]},{"@type":"BreadcrumbList","@id":"https:\/\/nationalstore.be\/fr\/produit\/anonyme-dieu-soit-loue#breadcrumb","itemListElement":[{"@type":"ListItem","position":1,"name":"Home","item":"https:\/\/nationalstore.be\/fr"},{"@type":"ListItem","position":2,"name":"Produits","item":"https:\/\/nationalstore.be\/fr\/shop"},{"@type":"ListItem","position":3,"name":"Arts plastiques","item":"https:\/\/nationalstore.be\/fr\/pc\/arts-plastiques"},{"@type":"ListItem","position":4,"name":"Editions","item":"https:\/\/nationalstore.be\/fr\/pc\/arts-plastiques\/editions-fr"},{"@type":"ListItem","position":5,"name":"Anonyme, \u201cDieu soit lou\u00e9\u201d"}]}]}},"_links":{"self":[{"href":"https:\/\/nationalstore.be\/fr\/wp-json\/wp\/v2\/product\/47469"}],"collection":[{"href":"https:\/\/nationalstore.be\/fr\/wp-json\/wp\/v2\/product"}],"about":[{"href":"https:\/\/nationalstore.be\/fr\/wp-json\/wp\/v2\/types\/product"}],"wp:featuredmedia":[{"embeddable":true,"href":"https:\/\/nationalstore.be\/fr\/wp-json\/wp\/v2\/media\/47278"}],"wp:attachment":[{"href":"https:\/\/nationalstore.be\/fr\/wp-json\/wp\/v2\/media?parent=47469"}],"wp:term":[{"taxonomy":"product_cat","embeddable":true,"href":"https:\/\/nationalstore.be\/fr\/wp-json\/wp\/v2\/product_cat?post=47469"},{"taxonomy":"product_tag","embeddable":true,"href":"https:\/\/nationalstore.be\/fr\/wp-json\/wp\/v2\/product_tag?post=47469"}],"curies":[{"name":"wp","href":"https:\/\/api.w.org\/{rel}","templated":true}]}}