{"id":47450,"date":"2023-02-27T22:59:30","date_gmt":"2023-03-01T13:50:07","guid":{"rendered":"https:\/\/nationalstore.be\/?post_type=product&#038;p=47450"},"modified":"2023-11-15T22:36:46","modified_gmt":"2023-11-15T21:36:46","slug":"patrick-guns-no-to-contemporary-art","status":"publish","type":"product","link":"https:\/\/nationalstore.be\/fr\/produit\/patrick-guns-no-to-contemporary-art","title":{"rendered":"Patrick Guns, \u201cNo to Contemporary Art\u201d"},"content":{"rendered":"<p class=\"MsoNormal\" style=\"margin: 0cm; font-size: medium; font-family: Garamond, serif; caret-color: #000000; color: #000000; text-align: justify;\" data-mce-style=\"margin: 0cm; font-size: medium; font-family: Garamond, serif; caret-color: #000000; color: #000000; text-align: justify;\"><span style=\"font-family: arial, helvetica, sans-serif;\" data-mce-style=\"font-family: arial, helvetica, sans-serif;\">Jeu de langage \u00e0 multiples sens, <em>No to Contemporary Art<\/em> est une invitation \u00e0 la controverse et \u00e0 la discussion autour de l\u2019art contemporain, de sa d\u00e9finition et de son rapport au monde. D\u00e9calage, retournement de situation o\u00f9 l\u2019art contemporain serait suffisamment visible \u2013 voire trop pr\u00e9sent \u2013 pour qu\u2019il en subisse une manifestation citoyenne mondiale.<\/span><\/p>\n","protected":false},"excerpt":{"rendered":"<p style=\"margin-right: 0cm; margin-left: 0cm; font-size: medium;\" data-mce-style=\"margin-right: 0cm; margin-left: 0cm; font-size: medium;\"><span style=\"font-size: 11pt; font-family: Arial, sans-serif; color: #333333;\" data-mce-style=\"font-size: 11pt; font-family: Arial, sans-serif; color: #333333;\"><a href=\"http:\/\/www.patrickguns.com\/\" style=\"color: #954f72;\" data-mce-href=\"http:\/\/www.patrickguns.com\/\" data-mce-style=\"color: #954f72;\">Patrick Guns<\/a><\/span><\/p>\n<p style=\"margin-right: 0cm; margin-left: 0cm; font-size: medium;\" data-mce-style=\"margin-right: 0cm; margin-left: 0cm; font-size: medium;\"><span style=\"font-size: 11pt; font-family: Arial, sans-serif; color: #333333;\" data-mce-style=\"font-size: 11pt; font-family: Arial, sans-serif; color: #333333;\">Impression num\u00e9rique aux encres pigmentaires sur papier Hahnem\u00fchle Photo Rag Fine Art 308 g.\u00a0<\/span><\/p>\n<p style=\"margin-right: 0cm; margin-left: 0cm; font-size: medium;\" data-mce-style=\"margin-right: 0cm; margin-left: 0cm; font-size: medium;\"><span data-mce-style=\"font-family: georgia, palatino, serif; font-size: 12pt;\"><span style=\"font-size: 11pt; font-family: Arial, sans-serif; color: #333333;\" data-mce-style=\"font-size: 11pt; font-family: Arial, sans-serif; color: #333333;\">Format 70 x 50 cm. Une \u00e9dition limit\u00e9e, num\u00e9rot\u00e9e et sign\u00e9e de 5 exemplaires.\u00a0<\/span><\/span><\/p>\n","protected":false},"featured_media":47369,"template":"","meta":[],"product_cat":[3410,570,2942,2927,3676],"product_tag":[1275,2339,2341,3416,825,3543,1154],"yoast_head":"<!-- This site is optimized with the Yoast SEO plugin v19.1 - https:\/\/yoast.com\/wordpress\/plugins\/seo\/ -->\n<title>Patrick Guns, \u201cNo to Contemporary Art\u201d | E-shop artistes belges<\/title>\n<meta name=\"description\" content=\"Acheter un produit comme Patrick Guns, \u201cNo to Contemporary Art\u201d? Laissez vous surprendre par nos artistes belges sp\u00e9cialis\u00e9s en produits artisanaux!\" \/>\n<meta name=\"robots\" content=\"index, follow, max-snippet:-1, max-image-preview:large, max-video-preview:-1\" \/>\n<link rel=\"canonical\" href=\"https:\/\/nationalstore.be\/fr\/produit\/patrick-guns-no-to-contemporary-art\" \/>\n<meta property=\"og:locale\" content=\"fr_FR\" \/>\n<meta property=\"og:type\" content=\"article\" \/>\n<meta property=\"og:title\" content=\"Patrick Guns, \u201cNo to Contemporary Art\u201d | E-shop artistes belges\" \/>\n<meta property=\"og:description\" content=\"Acheter un produit comme Patrick Guns, \u201cNo to Contemporary Art\u201d? Laissez vous surprendre par nos artistes belges sp\u00e9cialis\u00e9s en produits artisanaux!\" \/>\n<meta property=\"og:url\" content=\"https:\/\/nationalstore.be\/fr\/produit\/patrick-guns-no-to-contemporary-art\" \/>\n<meta property=\"og:site_name\" content=\"NATIONA(A)L ARTIST SUPERMARKET\" \/>\n<meta property=\"article:publisher\" content=\"https:\/\/www.facebook.com\/nationalstore\/?ref=br_rs\" \/>\n<meta property=\"article:modified_time\" content=\"2023-11-15T21:36:46+00:00\" \/>\n<meta property=\"og:image\" content=\"https:\/\/nationalstore.be\/wp-content\/uploads\/2023\/02\/patrick-guns-no-to-contemporary-art-scaled.jpg\" \/>\n\t<meta property=\"og:image:width\" content=\"2560\" \/>\n\t<meta property=\"og:image:height\" content=\"1706\" \/>\n\t<meta property=\"og:image:type\" content=\"image\/jpeg\" \/>\n<meta name=\"twitter:card\" content=\"summary_large_image\" \/>\n<meta name=\"twitter:site\" content=\"@Nationalstore\" \/>\n<script type=\"application\/ld+json\" class=\"yoast-schema-graph\">{\"@context\":\"https:\/\/schema.org\",\"@graph\":[{\"@type\":\"Organization\",\"@id\":\"https:\/\/nationalstore.be\/fr#organization\",\"name\":\"NATIONA(A)L ARTIST MARKET\",\"url\":\"https:\/\/nationalstore.be\/fr\",\"sameAs\":[\"https:\/\/www.instagram.com\/nationalstore\/\",\"https:\/\/www.facebook.com\/nationalstore\/?ref=br_rs\",\"https:\/\/twitter.com\/Nationalstore\"],\"logo\":{\"@type\":\"ImageObject\",\"inLanguage\":\"fr-FR\",\"@id\":\"https:\/\/nationalstore.be\/fr#\/schema\/logo\/image\/\",\"url\":\"https:\/\/nationalstore.be\/wp-content\/uploads\/2024\/03\/nationaal-logo_mauve-cmjn.png\",\"contentUrl\":\"https:\/\/nationalstore.be\/wp-content\/uploads\/2024\/03\/nationaal-logo_mauve-cmjn.png\",\"width\":3475,\"height\":1352,\"caption\":\"NATIONA(A)L ARTIST MARKET\"},\"image\":{\"@id\":\"https:\/\/nationalstore.be\/fr#\/schema\/logo\/image\/\"}},{\"@type\":\"WebSite\",\"@id\":\"https:\/\/nationalstore.be\/fr#website\",\"url\":\"https:\/\/nationalstore.be\/fr\",\"name\":\"NATIONA(A)L ARTIST SUPERMARKET\",\"description\":\"\",\"publisher\":{\"@id\":\"https:\/\/nationalstore.be\/fr#organization\"},\"potentialAction\":[{\"@type\":\"SearchAction\",\"target\":{\"@type\":\"EntryPoint\",\"urlTemplate\":\"https:\/\/nationalstore.be\/fr?s={search_term_string}\"},\"query-input\":\"required name=search_term_string\"}],\"inLanguage\":\"fr-FR\"},{\"@type\":\"ImageObject\",\"inLanguage\":\"fr-FR\",\"@id\":\"https:\/\/nationalstore.be\/fr\/produit\/patrick-guns-no-to-contemporary-art#primaryimage\",\"url\":\"https:\/\/nationalstore.be\/wp-content\/uploads\/2023\/02\/patrick-guns-no-to-contemporary-art-scaled.jpg\",\"contentUrl\":\"https:\/\/nationalstore.be\/wp-content\/uploads\/2023\/02\/patrick-guns-no-to-contemporary-art-scaled.jpg\",\"width\":2560,\"height\":1706},{\"@type\":[\"WebPage\",\"ItemPage\"],\"@id\":\"https:\/\/nationalstore.be\/fr\/produit\/patrick-guns-no-to-contemporary-art#webpage\",\"url\":\"https:\/\/nationalstore.be\/fr\/produit\/patrick-guns-no-to-contemporary-art\",\"name\":\"Patrick Guns, \u201cNo to Contemporary Art\u201d | E-shop artistes belges\",\"isPartOf\":{\"@id\":\"https:\/\/nationalstore.be\/fr#website\"},\"primaryImageOfPage\":{\"@id\":\"https:\/\/nationalstore.be\/fr\/produit\/patrick-guns-no-to-contemporary-art#primaryimage\"},\"datePublished\":\"2023-03-01T13:50:07+00:00\",\"dateModified\":\"2023-11-15T21:36:46+00:00\",\"description\":\"Acheter un produit comme Patrick Guns, \u201cNo to Contemporary Art\u201d? Laissez vous surprendre par nos artistes belges sp\u00e9cialis\u00e9s en produits artisanaux!\",\"breadcrumb\":{\"@id\":\"https:\/\/nationalstore.be\/fr\/produit\/patrick-guns-no-to-contemporary-art#breadcrumb\"},\"inLanguage\":\"fr-FR\",\"potentialAction\":[{\"@type\":\"ReadAction\",\"target\":[\"https:\/\/nationalstore.be\/fr\/produit\/patrick-guns-no-to-contemporary-art\"]}]},{\"@type\":\"BreadcrumbList\",\"@id\":\"https:\/\/nationalstore.be\/fr\/produit\/patrick-guns-no-to-contemporary-art#breadcrumb\",\"itemListElement\":[{\"@type\":\"ListItem\",\"position\":1,\"name\":\"Home\",\"item\":\"https:\/\/nationalstore.be\/fr\"},{\"@type\":\"ListItem\",\"position\":2,\"name\":\"Produits\",\"item\":\"https:\/\/nationalstore.be\/fr\/shop\"},{\"@type\":\"ListItem\",\"position\":3,\"name\":\"Arts plastiques\",\"item\":\"https:\/\/nationalstore.be\/fr\/pc\/arts-plastiques\"},{\"@type\":\"ListItem\",\"position\":4,\"name\":\"M\u00e9dias mixtes\",\"item\":\"https:\/\/nationalstore.be\/fr\/pc\/arts-plastiques\/medias-mixtes\"},{\"@type\":\"ListItem\",\"position\":5,\"name\":\"Patrick Guns, \u201cNo to Contemporary Art\u201d\"}]}]}<\/script>\n<!-- \/ Yoast SEO plugin. -->","yoast_head_json":{"title":"Patrick Guns, \u201cNo to Contemporary Art\u201d | E-shop artistes belges","description":"Acheter un produit comme Patrick Guns, \u201cNo to Contemporary Art\u201d? Laissez vous surprendre par nos artistes belges sp\u00e9cialis\u00e9s en produits artisanaux!","robots":{"index":"index","follow":"follow","max-snippet":"max-snippet:-1","max-image-preview":"max-image-preview:large","max-video-preview":"max-video-preview:-1"},"canonical":"https:\/\/nationalstore.be\/fr\/produit\/patrick-guns-no-to-contemporary-art","og_locale":"fr_FR","og_type":"article","og_title":"Patrick Guns, \u201cNo to Contemporary Art\u201d | E-shop artistes belges","og_description":"Acheter un produit comme Patrick Guns, \u201cNo to Contemporary Art\u201d? Laissez vous surprendre par nos artistes belges sp\u00e9cialis\u00e9s en produits artisanaux!","og_url":"https:\/\/nationalstore.be\/fr\/produit\/patrick-guns-no-to-contemporary-art","og_site_name":"NATIONA(A)L ARTIST SUPERMARKET","article_publisher":"https:\/\/www.facebook.com\/nationalstore\/?ref=br_rs","article_modified_time":"2023-11-15T21:36:46+00:00","og_image":[{"width":2560,"height":1706,"url":"https:\/\/nationalstore.be\/wp-content\/uploads\/2023\/02\/patrick-guns-no-to-contemporary-art-scaled.jpg","type":"image\/jpeg"}],"twitter_card":"summary_large_image","twitter_site":"@Nationalstore","schema":{"@context":"https:\/\/schema.org","@graph":[{"@type":"Organization","@id":"https:\/\/nationalstore.be\/fr#organization","name":"NATIONA(A)L ARTIST MARKET","url":"https:\/\/nationalstore.be\/fr","sameAs":["https:\/\/www.instagram.com\/nationalstore\/","https:\/\/www.facebook.com\/nationalstore\/?ref=br_rs","https:\/\/twitter.com\/Nationalstore"],"logo":{"@type":"ImageObject","inLanguage":"fr-FR","@id":"https:\/\/nationalstore.be\/fr#\/schema\/logo\/image\/","url":"https:\/\/nationalstore.be\/wp-content\/uploads\/2024\/03\/nationaal-logo_mauve-cmjn.png","contentUrl":"https:\/\/nationalstore.be\/wp-content\/uploads\/2024\/03\/nationaal-logo_mauve-cmjn.png","width":3475,"height":1352,"caption":"NATIONA(A)L ARTIST MARKET"},"image":{"@id":"https:\/\/nationalstore.be\/fr#\/schema\/logo\/image\/"}},{"@type":"WebSite","@id":"https:\/\/nationalstore.be\/fr#website","url":"https:\/\/nationalstore.be\/fr","name":"NATIONA(A)L ARTIST SUPERMARKET","description":"","publisher":{"@id":"https:\/\/nationalstore.be\/fr#organization"},"potentialAction":[{"@type":"SearchAction","target":{"@type":"EntryPoint","urlTemplate":"https:\/\/nationalstore.be\/fr?s={search_term_string}"},"query-input":"required name=search_term_string"}],"inLanguage":"fr-FR"},{"@type":"ImageObject","inLanguage":"fr-FR","@id":"https:\/\/nationalstore.be\/fr\/produit\/patrick-guns-no-to-contemporary-art#primaryimage","url":"https:\/\/nationalstore.be\/wp-content\/uploads\/2023\/02\/patrick-guns-no-to-contemporary-art-scaled.jpg","contentUrl":"https:\/\/nationalstore.be\/wp-content\/uploads\/2023\/02\/patrick-guns-no-to-contemporary-art-scaled.jpg","width":2560,"height":1706},{"@type":["WebPage","ItemPage"],"@id":"https:\/\/nationalstore.be\/fr\/produit\/patrick-guns-no-to-contemporary-art#webpage","url":"https:\/\/nationalstore.be\/fr\/produit\/patrick-guns-no-to-contemporary-art","name":"Patrick Guns, \u201cNo to Contemporary Art\u201d | E-shop artistes belges","isPartOf":{"@id":"https:\/\/nationalstore.be\/fr#website"},"primaryImageOfPage":{"@id":"https:\/\/nationalstore.be\/fr\/produit\/patrick-guns-no-to-contemporary-art#primaryimage"},"datePublished":"2023-03-01T13:50:07+00:00","dateModified":"2023-11-15T21:36:46+00:00","description":"Acheter un produit comme Patrick Guns, \u201cNo to Contemporary Art\u201d? Laissez vous surprendre par nos artistes belges sp\u00e9cialis\u00e9s en produits artisanaux!","breadcrumb":{"@id":"https:\/\/nationalstore.be\/fr\/produit\/patrick-guns-no-to-contemporary-art#breadcrumb"},"inLanguage":"fr-FR","potentialAction":[{"@type":"ReadAction","target":["https:\/\/nationalstore.be\/fr\/produit\/patrick-guns-no-to-contemporary-art"]}]},{"@type":"BreadcrumbList","@id":"https:\/\/nationalstore.be\/fr\/produit\/patrick-guns-no-to-contemporary-art#breadcrumb","itemListElement":[{"@type":"ListItem","position":1,"name":"Home","item":"https:\/\/nationalstore.be\/fr"},{"@type":"ListItem","position":2,"name":"Produits","item":"https:\/\/nationalstore.be\/fr\/shop"},{"@type":"ListItem","position":3,"name":"Arts plastiques","item":"https:\/\/nationalstore.be\/fr\/pc\/arts-plastiques"},{"@type":"ListItem","position":4,"name":"M\u00e9dias mixtes","item":"https:\/\/nationalstore.be\/fr\/pc\/arts-plastiques\/medias-mixtes"},{"@type":"ListItem","position":5,"name":"Patrick Guns, \u201cNo to Contemporary Art\u201d"}]}]}},"_links":{"self":[{"href":"https:\/\/nationalstore.be\/fr\/wp-json\/wp\/v2\/product\/47450"}],"collection":[{"href":"https:\/\/nationalstore.be\/fr\/wp-json\/wp\/v2\/product"}],"about":[{"href":"https:\/\/nationalstore.be\/fr\/wp-json\/wp\/v2\/types\/product"}],"wp:featuredmedia":[{"embeddable":true,"href":"https:\/\/nationalstore.be\/fr\/wp-json\/wp\/v2\/media\/47369"}],"wp:attachment":[{"href":"https:\/\/nationalstore.be\/fr\/wp-json\/wp\/v2\/media?parent=47450"}],"wp:term":[{"taxonomy":"product_cat","embeddable":true,"href":"https:\/\/nationalstore.be\/fr\/wp-json\/wp\/v2\/product_cat?post=47450"},{"taxonomy":"product_tag","embeddable":true,"href":"https:\/\/nationalstore.be\/fr\/wp-json\/wp\/v2\/product_tag?post=47450"}],"curies":[{"name":"wp","href":"https:\/\/api.w.org\/{rel}","templated":true}]}}