{"id":47365,"date":"2023-02-27T22:59:48","date_gmt":"2023-02-27T21:59:48","guid":{"rendered":"https:\/\/nationalstore.be\/?post_type=product&#038;p=47365"},"modified":"2023-03-10T16:54:24","modified_gmt":"2023-03-10T15:54:24","slug":"alain-riviere-hubris","status":"publish","type":"product","link":"https:\/\/nationalstore.be\/fr\/produit\/alain-riviere-hubris","title":{"rendered":"Alain Rivi\u00e8re, &#8220;Hubris&#8221;"},"content":{"rendered":"<p><span style=\"font-size: 12pt;\" data-mce-style=\"font-size: 12pt;\"><span style=\"caret-color: #000000; color: #000000; font-family: Garamond, Georgia, serif; text-align: justify;\" data-mce-style=\"caret-color: #000000; color: #000000; font-family: Garamond, Georgia, serif; text-align: justify;\"><span lang=\"FR\" style=\"font-family: Arial, sans-serif;\" data-mce-style=\"font-family: Arial, sans-serif;\">S\u00e9rie de quatre diptyques compos\u00e9s chacun d\u2019un manuscrit et d\u2019un portrait de l\u2019auteur, qui n\u2019est autre, \u00e0 chaque fois, qu\u2019Alain Rivi\u00e8re lui-m\u00eame. Sous l\u2019apparence de ces auteurs imaginaires, Alain Rivi\u00e8re endosse la paternit\u00e9 de quatre textes : quatre feuillets satur\u00e9s d\u2019intentions po\u00e9tiques, m\u00e9taphysiques, politiques et philosophiques, que l\u2019on qualifiera rapidement d\u2019<\/span><em data-mce-style=\"font-family: Garamond, serif; box-sizing: border-box;\" style=\"font-family: Garamond, serif; box-sizing: border-box;\"><span style=\"font-family: Arial, sans-serif;\" data-mce-style=\"font-family: Arial, sans-serif;\">\u0153uvres de basse altitude<\/span><\/em><span data-mce-style=\"font-family: Garamond, serif;\" style=\"font-family: Garamond, serif;\">.\u00a0<\/span><\/span><span lang=\"FR\" style=\"caret-color: rgb(0, 0, 0); color: rgb(0, 0, 0); text-align: justify; font-family: Arial, sans-serif;\" data-mce-style=\"caret-color: #000000; color: #000000; text-align: justify; font-family: Arial, sans-serif;\">Quatre essais passionn\u00e9ment tendus vers des cimes hors d\u2019atteinte. Des d\u00e9collages impossibles, en somme. Ces ouvrages ne peuvent pas voler, on en est s\u00fbr au premier coup d\u2019\u0153il. Pourtant, \u00e0 bien y regarder, de surprenantes figures, \u00e9trangement a\u00e9riennes, se dessinent parfois dans les glissades de ces malheureux auteurs sur le\u00a0<\/span><em data-mce-style=\"caret-color: #000000; color: #000000; font-family: Garamond, serif; text-align: justify; box-sizing: border-box;\" style=\"caret-color: rgb(0, 0, 0); color: rgb(0, 0, 0); font-family: Garamond, serif; text-align: justify; box-sizing: border-box;\"><span style=\"font-family: Arial, sans-serif;\" data-mce-style=\"font-family: Arial, sans-serif;\">dancefloor<\/span><\/em><span data-mce-style=\"caret-color: #000000; color: #000000; font-family: Garamond, serif; text-align: justify;\" style=\"caret-color: rgb(0, 0, 0); color: rgb(0, 0, 0); font-family: Garamond, serif; text-align: justify;\">\u00a0<span style=\"font-family: Arial, sans-serif;\" data-mce-style=\"font-family: Arial, sans-serif;\">de la pens\u00e9e.<\/span>\u00a0<\/span><em data-mce-style=\"caret-color: #000000; color: #000000; font-family: Garamond, serif; text-align: justify; box-sizing: border-box;\" style=\"caret-color: rgb(0, 0, 0); color: rgb(0, 0, 0); font-family: Garamond, serif; text-align: justify; box-sizing: border-box;\"><span style=\"font-family: Arial, sans-serif;\" data-mce-style=\"font-family: Arial, sans-serif;\">Hubris\u00a0<\/span><\/em><span style=\"caret-color: rgb(0, 0, 0); color: rgb(0, 0, 0); font-family: Garamond, serif; text-align: justify;\" data-mce-style=\"caret-color: #000000; color: #000000; font-family: Garamond, serif; text-align: justify;\"><span style=\"font-family: arial, helvetica, sans-serif;\" data-mce-style=\"font-family: arial, helvetica, sans-serif;\">appartient au plus large ensemble regroup\u00e9 sous le nom de\u00a0<\/span><\/span><em data-mce-style=\"caret-color: #000000; color: #000000; font-family: Garamond, serif; text-align: justify; box-sizing: border-box;\" style=\"caret-color: rgb(0, 0, 0); color: rgb(0, 0, 0); font-family: Garamond, serif; text-align: justify; box-sizing: border-box;\"><span style=\"font-family: Arial, sans-serif;\" data-mce-style=\"font-family: Arial, sans-serif;\">Vues de l\u2019esprit. \u00a0<\/span><\/em><\/span><\/p>\n<p class=\"MsoNormal\" style=\"margin: 0cm; font-size: medium; font-family: Garamond, serif; caret-color: #000000; color: #000000; text-align: justify;\" data-mce-style=\"margin: 0cm; font-size: medium; font-family: Garamond, serif; caret-color: #000000; color: #000000; text-align: justify;\"><span style=\"font-size: 12pt; font-family: Arial, sans-serif;\" data-mce-style=\"font-size: 12pt; font-family: Arial, sans-serif;\">\u00a0<\/span><\/p>\n","protected":false},"excerpt":{"rendered":"<p data-mce-style=\"margin-right: 0cm; margin-left: 0cm; font-size: medium;\" style=\"margin-right: 0cm; margin-left: 0cm; font-size: medium; font-family: \"><a data-mce-href=\"http:\/\/alain-riviere.com\" href=\"http:\/\/alain-riviere.com\"><span data-mce-style=\"font-family: Garamond, serif;\"><span style=\"font-family: Arial, sans-serif; color: #333333;\" data-mce-style=\"font-family: Arial, sans-serif; color: #333333;\">Alain Rivi\u00e8re<\/span><\/span><\/a><\/p>\n<p data-mce-style=\"margin-right: 0cm; margin-left: 0cm; font-size: medium;\" style=\"margin-right: 0cm; margin-left: 0cm; font-size: medium; font-family: \"><span data-mce-style=\"font-family: Garamond, serif;\"><span style=\"font-family: Arial, sans-serif; color: #333333;\" data-mce-style=\"font-family: Arial, sans-serif; color: #333333;\">Impression num\u00e9rique aux encres pigmentaires sur papier Hahnem\u00fchle Photo Rag Fine Art 315g (photographies) et papier de riz 100g (manuscrit). Encadrement ch\u00eane, verre mus\u00e9e.<span class=\"apple-converted-space\">\u00a0<\/span><\/span><\/span><\/p>\n<p data-mce-style=\"margin-right: 0cm; margin-left: 0cm; font-size: medium;\" style=\"margin-right: 0cm; margin-left: 0cm; font-size: medium; font-family: \"><span data-mce-style=\"caret-color: #a24b29;\" style=\"caret-color: rgb(162, 75, 41);\"><span style=\"font-family: Arial, sans-serif; color: #333333;\" data-mce-style=\"font-family: Arial, sans-serif; color: #333333;\">Format 42 x 68 cm. Une \u00e9dition num\u00e9rot\u00e9e et sign\u00e9e de cinq exemplaires de chaque.\u00a0<\/span><\/span><\/p>\n<p class=\"MsoNormal\" style=\"margin: 0cm; font-size: medium; font-family: Garamond, serif; caret-color: #000000; color: #000000;\" data-mce-style=\"margin: 0cm; font-size: medium; font-family: Garamond, serif; caret-color: #000000; color: #000000;\"><span style=\"font-size: 13.5pt; font-family: Arial, sans-serif;\" data-mce-style=\"font-size: 13.5pt; font-family: Arial, sans-serif;\">\u00a0<\/span><\/p>\n","protected":false},"featured_media":47353,"template":"","meta":[],"product_cat":[2951,2948,2942,2927],"product_tag":[1861,318,493,950,465],"yoast_head":"<!-- This site is optimized with the Yoast SEO plugin v19.1 - https:\/\/yoast.com\/wordpress\/plugins\/seo\/ -->\n<title>Alain Rivi\u00e8re, &quot;Hubris&quot; | E-shop artistes belges<\/title>\n<meta name=\"description\" content=\"Acheter un produit comme Alain Rivi\u00e8re, &quot;Hubris&quot;? Laissez vous surprendre par nos artistes belges sp\u00e9cialis\u00e9s en produits artisanaux!\" \/>\n<meta name=\"robots\" content=\"index, follow, max-snippet:-1, max-image-preview:large, max-video-preview:-1\" \/>\n<link rel=\"canonical\" href=\"https:\/\/nationalstore.be\/fr\/produit\/alain-riviere-hubris\" \/>\n<meta property=\"og:locale\" content=\"fr_FR\" \/>\n<meta property=\"og:type\" content=\"article\" \/>\n<meta property=\"og:title\" content=\"Alain Rivi\u00e8re, &quot;Hubris&quot; | E-shop artistes belges\" \/>\n<meta property=\"og:description\" content=\"Acheter un produit comme Alain Rivi\u00e8re, &quot;Hubris&quot;? Laissez vous surprendre par nos artistes belges sp\u00e9cialis\u00e9s en produits artisanaux!\" \/>\n<meta property=\"og:url\" content=\"https:\/\/nationalstore.be\/fr\/produit\/alain-riviere-hubris\" \/>\n<meta property=\"og:site_name\" content=\"NATIONA(A)L ARTIST SUPERMARKET\" \/>\n<meta property=\"article:publisher\" content=\"https:\/\/www.facebook.com\/nationalstore\/?ref=br_rs\" \/>\n<meta property=\"article:modified_time\" content=\"2023-03-10T15:54:24+00:00\" \/>\n<meta property=\"og:image\" content=\"https:\/\/nationalstore.be\/wp-content\/uploads\/2023\/02\/hubris-alain-riviere-01-scaled.jpeg\" \/>\n\t<meta property=\"og:image:width\" content=\"2560\" \/>\n\t<meta property=\"og:image:height\" content=\"1637\" \/>\n\t<meta property=\"og:image:type\" content=\"image\/jpeg\" \/>\n<meta name=\"twitter:card\" content=\"summary_large_image\" \/>\n<meta name=\"twitter:site\" content=\"@Nationalstore\" \/>\n<meta name=\"twitter:label1\" content=\"Dur\u00e9e de lecture estim\u00e9e\" \/>\n\t<meta name=\"twitter:data1\" content=\"1 minute\" \/>\n<script type=\"application\/ld+json\" class=\"yoast-schema-graph\">{\"@context\":\"https:\/\/schema.org\",\"@graph\":[{\"@type\":\"Organization\",\"@id\":\"https:\/\/nationalstore.be\/fr#organization\",\"name\":\"NATIONA(A)L ARTIST MARKET\",\"url\":\"https:\/\/nationalstore.be\/fr\",\"sameAs\":[\"https:\/\/www.instagram.com\/nationalstore\/\",\"https:\/\/www.facebook.com\/nationalstore\/?ref=br_rs\",\"https:\/\/twitter.com\/Nationalstore\"],\"logo\":{\"@type\":\"ImageObject\",\"inLanguage\":\"fr-FR\",\"@id\":\"https:\/\/nationalstore.be\/fr#\/schema\/logo\/image\/\",\"url\":\"https:\/\/nationalstore.be\/wp-content\/uploads\/2024\/03\/nationaal-logo_mauve-cmjn.png\",\"contentUrl\":\"https:\/\/nationalstore.be\/wp-content\/uploads\/2024\/03\/nationaal-logo_mauve-cmjn.png\",\"width\":3475,\"height\":1352,\"caption\":\"NATIONA(A)L ARTIST MARKET\"},\"image\":{\"@id\":\"https:\/\/nationalstore.be\/fr#\/schema\/logo\/image\/\"}},{\"@type\":\"WebSite\",\"@id\":\"https:\/\/nationalstore.be\/fr#website\",\"url\":\"https:\/\/nationalstore.be\/fr\",\"name\":\"NATIONA(A)L ARTIST SUPERMARKET\",\"description\":\"\",\"publisher\":{\"@id\":\"https:\/\/nationalstore.be\/fr#organization\"},\"potentialAction\":[{\"@type\":\"SearchAction\",\"target\":{\"@type\":\"EntryPoint\",\"urlTemplate\":\"https:\/\/nationalstore.be\/fr?s={search_term_string}\"},\"query-input\":\"required name=search_term_string\"}],\"inLanguage\":\"fr-FR\"},{\"@type\":\"ImageObject\",\"inLanguage\":\"fr-FR\",\"@id\":\"https:\/\/nationalstore.be\/fr\/produit\/alain-riviere-hubris#primaryimage\",\"url\":\"https:\/\/nationalstore.be\/wp-content\/uploads\/2023\/02\/hubris-alain-riviere-01-scaled.jpeg\",\"contentUrl\":\"https:\/\/nationalstore.be\/wp-content\/uploads\/2023\/02\/hubris-alain-riviere-01-scaled.jpeg\",\"width\":2560,\"height\":1637},{\"@type\":[\"WebPage\",\"ItemPage\"],\"@id\":\"https:\/\/nationalstore.be\/fr\/produit\/alain-riviere-hubris#webpage\",\"url\":\"https:\/\/nationalstore.be\/fr\/produit\/alain-riviere-hubris\",\"name\":\"Alain Rivi\u00e8re, \\\"Hubris\\\" | E-shop artistes belges\",\"isPartOf\":{\"@id\":\"https:\/\/nationalstore.be\/fr#website\"},\"primaryImageOfPage\":{\"@id\":\"https:\/\/nationalstore.be\/fr\/produit\/alain-riviere-hubris#primaryimage\"},\"datePublished\":\"2023-02-27T21:59:48+00:00\",\"dateModified\":\"2023-03-10T15:54:24+00:00\",\"description\":\"Acheter un produit comme Alain Rivi\u00e8re, \\\"Hubris\\\"? Laissez vous surprendre par nos artistes belges sp\u00e9cialis\u00e9s en produits artisanaux!\",\"breadcrumb\":{\"@id\":\"https:\/\/nationalstore.be\/fr\/produit\/alain-riviere-hubris#breadcrumb\"},\"inLanguage\":\"fr-FR\",\"potentialAction\":[{\"@type\":\"ReadAction\",\"target\":[\"https:\/\/nationalstore.be\/fr\/produit\/alain-riviere-hubris\"]}]},{\"@type\":\"BreadcrumbList\",\"@id\":\"https:\/\/nationalstore.be\/fr\/produit\/alain-riviere-hubris#breadcrumb\",\"itemListElement\":[{\"@type\":\"ListItem\",\"position\":1,\"name\":\"Home\",\"item\":\"https:\/\/nationalstore.be\/fr\"},{\"@type\":\"ListItem\",\"position\":2,\"name\":\"Produits\",\"item\":\"https:\/\/nationalstore.be\/fr\/shop\"},{\"@type\":\"ListItem\",\"position\":3,\"name\":\"Arts plastiques\",\"item\":\"https:\/\/nationalstore.be\/fr\/pc\/arts-plastiques\"},{\"@type\":\"ListItem\",\"position\":4,\"name\":\"Dessin\",\"item\":\"https:\/\/nationalstore.be\/fr\/pc\/arts-plastiques\/dessin\"},{\"@type\":\"ListItem\",\"position\":5,\"name\":\"Alain Rivi\u00e8re, &#8220;Hubris&#8221;\"}]}]}<\/script>\n<!-- \/ Yoast SEO plugin. -->","yoast_head_json":{"title":"Alain Rivi\u00e8re, \"Hubris\" | E-shop artistes belges","description":"Acheter un produit comme Alain Rivi\u00e8re, \"Hubris\"? Laissez vous surprendre par nos artistes belges sp\u00e9cialis\u00e9s en produits artisanaux!","robots":{"index":"index","follow":"follow","max-snippet":"max-snippet:-1","max-image-preview":"max-image-preview:large","max-video-preview":"max-video-preview:-1"},"canonical":"https:\/\/nationalstore.be\/fr\/produit\/alain-riviere-hubris","og_locale":"fr_FR","og_type":"article","og_title":"Alain Rivi\u00e8re, \"Hubris\" | E-shop artistes belges","og_description":"Acheter un produit comme Alain Rivi\u00e8re, \"Hubris\"? Laissez vous surprendre par nos artistes belges sp\u00e9cialis\u00e9s en produits artisanaux!","og_url":"https:\/\/nationalstore.be\/fr\/produit\/alain-riviere-hubris","og_site_name":"NATIONA(A)L ARTIST SUPERMARKET","article_publisher":"https:\/\/www.facebook.com\/nationalstore\/?ref=br_rs","article_modified_time":"2023-03-10T15:54:24+00:00","og_image":[{"width":2560,"height":1637,"url":"https:\/\/nationalstore.be\/wp-content\/uploads\/2023\/02\/hubris-alain-riviere-01-scaled.jpeg","type":"image\/jpeg"}],"twitter_card":"summary_large_image","twitter_site":"@Nationalstore","twitter_misc":{"Dur\u00e9e de lecture estim\u00e9e":"1 minute"},"schema":{"@context":"https:\/\/schema.org","@graph":[{"@type":"Organization","@id":"https:\/\/nationalstore.be\/fr#organization","name":"NATIONA(A)L ARTIST MARKET","url":"https:\/\/nationalstore.be\/fr","sameAs":["https:\/\/www.instagram.com\/nationalstore\/","https:\/\/www.facebook.com\/nationalstore\/?ref=br_rs","https:\/\/twitter.com\/Nationalstore"],"logo":{"@type":"ImageObject","inLanguage":"fr-FR","@id":"https:\/\/nationalstore.be\/fr#\/schema\/logo\/image\/","url":"https:\/\/nationalstore.be\/wp-content\/uploads\/2024\/03\/nationaal-logo_mauve-cmjn.png","contentUrl":"https:\/\/nationalstore.be\/wp-content\/uploads\/2024\/03\/nationaal-logo_mauve-cmjn.png","width":3475,"height":1352,"caption":"NATIONA(A)L ARTIST MARKET"},"image":{"@id":"https:\/\/nationalstore.be\/fr#\/schema\/logo\/image\/"}},{"@type":"WebSite","@id":"https:\/\/nationalstore.be\/fr#website","url":"https:\/\/nationalstore.be\/fr","name":"NATIONA(A)L ARTIST SUPERMARKET","description":"","publisher":{"@id":"https:\/\/nationalstore.be\/fr#organization"},"potentialAction":[{"@type":"SearchAction","target":{"@type":"EntryPoint","urlTemplate":"https:\/\/nationalstore.be\/fr?s={search_term_string}"},"query-input":"required name=search_term_string"}],"inLanguage":"fr-FR"},{"@type":"ImageObject","inLanguage":"fr-FR","@id":"https:\/\/nationalstore.be\/fr\/produit\/alain-riviere-hubris#primaryimage","url":"https:\/\/nationalstore.be\/wp-content\/uploads\/2023\/02\/hubris-alain-riviere-01-scaled.jpeg","contentUrl":"https:\/\/nationalstore.be\/wp-content\/uploads\/2023\/02\/hubris-alain-riviere-01-scaled.jpeg","width":2560,"height":1637},{"@type":["WebPage","ItemPage"],"@id":"https:\/\/nationalstore.be\/fr\/produit\/alain-riviere-hubris#webpage","url":"https:\/\/nationalstore.be\/fr\/produit\/alain-riviere-hubris","name":"Alain Rivi\u00e8re, \"Hubris\" | E-shop artistes belges","isPartOf":{"@id":"https:\/\/nationalstore.be\/fr#website"},"primaryImageOfPage":{"@id":"https:\/\/nationalstore.be\/fr\/produit\/alain-riviere-hubris#primaryimage"},"datePublished":"2023-02-27T21:59:48+00:00","dateModified":"2023-03-10T15:54:24+00:00","description":"Acheter un produit comme Alain Rivi\u00e8re, \"Hubris\"? Laissez vous surprendre par nos artistes belges sp\u00e9cialis\u00e9s en produits artisanaux!","breadcrumb":{"@id":"https:\/\/nationalstore.be\/fr\/produit\/alain-riviere-hubris#breadcrumb"},"inLanguage":"fr-FR","potentialAction":[{"@type":"ReadAction","target":["https:\/\/nationalstore.be\/fr\/produit\/alain-riviere-hubris"]}]},{"@type":"BreadcrumbList","@id":"https:\/\/nationalstore.be\/fr\/produit\/alain-riviere-hubris#breadcrumb","itemListElement":[{"@type":"ListItem","position":1,"name":"Home","item":"https:\/\/nationalstore.be\/fr"},{"@type":"ListItem","position":2,"name":"Produits","item":"https:\/\/nationalstore.be\/fr\/shop"},{"@type":"ListItem","position":3,"name":"Arts plastiques","item":"https:\/\/nationalstore.be\/fr\/pc\/arts-plastiques"},{"@type":"ListItem","position":4,"name":"Dessin","item":"https:\/\/nationalstore.be\/fr\/pc\/arts-plastiques\/dessin"},{"@type":"ListItem","position":5,"name":"Alain Rivi\u00e8re, &#8220;Hubris&#8221;"}]}]}},"_links":{"self":[{"href":"https:\/\/nationalstore.be\/fr\/wp-json\/wp\/v2\/product\/47365"}],"collection":[{"href":"https:\/\/nationalstore.be\/fr\/wp-json\/wp\/v2\/product"}],"about":[{"href":"https:\/\/nationalstore.be\/fr\/wp-json\/wp\/v2\/types\/product"}],"wp:featuredmedia":[{"embeddable":true,"href":"https:\/\/nationalstore.be\/fr\/wp-json\/wp\/v2\/media\/47353"}],"wp:attachment":[{"href":"https:\/\/nationalstore.be\/fr\/wp-json\/wp\/v2\/media?parent=47365"}],"wp:term":[{"taxonomy":"product_cat","embeddable":true,"href":"https:\/\/nationalstore.be\/fr\/wp-json\/wp\/v2\/product_cat?post=47365"},{"taxonomy":"product_tag","embeddable":true,"href":"https:\/\/nationalstore.be\/fr\/wp-json\/wp\/v2\/product_tag?post=47365"}],"curies":[{"name":"wp","href":"https:\/\/api.w.org\/{rel}","templated":true}]}}