{"id":47223,"date":"2023-02-26T14:22:58","date_gmt":"2023-02-26T13:22:58","guid":{"rendered":"https:\/\/nationalstore.be\/?post_type=product&#038;p=47223"},"modified":"2023-03-10T16:55:29","modified_gmt":"2023-03-10T15:55:29","slug":"francois-de-coninck-avec-letre-on-se-fait-toujours-avoir","status":"publish","type":"product","link":"https:\/\/nationalstore.be\/fr\/produit\/francois-de-coninck-avec-letre-on-se-fait-toujours-avoir","title":{"rendered":"Fran\u00e7ois de Coninck, &#8220;Avec l&#8217;\u00eatre on se fait toujours avoir&#8221;"},"content":{"rendered":"<p><\/p>\n","protected":false},"excerpt":{"rendered":"<p class=\"MsoNormal\" style=\"margin: 0cm; font-size: medium; font-family: Garamond, serif; caret-color: #000000; color: #000000; text-align: justify;\" data-mce-style=\"margin: 0cm; font-size: medium; font-family: Garamond, serif; caret-color: #000000; color: #000000; text-align: justify;\"><span style=\"font-size: 11pt; font-family: Arial, sans-serif; color: #333333;\" data-mce-style=\"font-size: 11pt; font-family: Arial, sans-serif; color: #333333;\"><a href=\"https:\/\/www.francoisdeconinck.be\/\" style=\"color: #954f72;\" data-mce-href=\"https:\/\/www.francoisdeconinck.be\/\" data-mce-style=\"color: #954f72;\">Fran\u00e7ois de Coninck<\/a><\/span><\/p>\n<p class=\"MsoNormal\" style=\"margin: 0cm; font-size: medium; font-family: Garamond, serif; caret-color: #000000; color: #000000; text-align: justify;\" data-mce-style=\"margin: 0cm; font-size: medium; font-family: Garamond, serif; caret-color: #000000; color: #000000; text-align: justify;\"><span style=\"font-size: 11pt; font-family: Arial, sans-serif;\" data-mce-style=\"font-size: 11pt; font-family: Arial, sans-serif;\">Impression offset \u00e0 plat (photolithographie) sur papier Plike Ivory 140g r\u00e9alis\u00e9e dans l\u2019atelier de\u00a0<a href=\"http:\/\/similix.be\/\" style=\"color: #954f72;\" data-mce-href=\"http:\/\/similix.be\/\" data-mce-style=\"color: #954f72;\">Philippe Kessel,<\/a>\u00a0imprimeur typographe \u00e0 Bruxelles.<\/span><\/p>\n<p class=\"MsoNormal\" style=\"margin: 0cm; font-size: medium; font-family: Garamond, serif; caret-color: #000000; color: #000000; text-align: justify;\" data-mce-style=\"margin: 0cm; font-size: medium; font-family: Garamond, serif; caret-color: #000000; color: #000000; text-align: justify;\"><span lang=\"FR\" style=\"font-size: 11pt; font-family: Arial, sans-serif;\" data-mce-style=\"font-size: 11pt; font-family: Arial, sans-serif;\">Format 70 x 100 cm. Edition de cinquante exemplaires num\u00e9rot\u00e9s, poin\u00e7onn\u00e9s et sign\u00e9s.<\/span><\/p>\n","protected":false},"featured_media":47218,"template":"","meta":[],"product_cat":[570,2948,2942,3349],"product_tag":[1861,2339,1133,2341,3416,319],"yoast_head":"<!-- This site is optimized with the Yoast SEO plugin v19.1 - https:\/\/yoast.com\/wordpress\/plugins\/seo\/ -->\n<title>Fran\u00e7ois de Coninck, &quot;Avec l&#039;\u00eatre on se fait toujours avoir&quot; | E-shop artistes belges<\/title>\n<meta name=\"description\" content=\"Acheter un produit comme Fran\u00e7ois de Coninck, &quot;Avec l&#039;\u00eatre on se fait toujours avoir&quot;? Laissez vous surprendre par nos artistes belges sp\u00e9cialis\u00e9s en produits artisanaux!\" \/>\n<meta name=\"robots\" content=\"index, follow, max-snippet:-1, max-image-preview:large, max-video-preview:-1\" \/>\n<link rel=\"canonical\" href=\"https:\/\/nationalstore.be\/fr\/produit\/francois-de-coninck-avec-letre-on-se-fait-toujours-avoir\" \/>\n<meta property=\"og:locale\" content=\"fr_FR\" \/>\n<meta property=\"og:type\" content=\"article\" \/>\n<meta property=\"og:title\" content=\"Fran\u00e7ois de Coninck, &quot;Avec l&#039;\u00eatre on se fait toujours avoir&quot; | E-shop artistes belges\" \/>\n<meta property=\"og:description\" content=\"Acheter un produit comme Fran\u00e7ois de Coninck, &quot;Avec l&#039;\u00eatre on se fait toujours avoir&quot;? Laissez vous surprendre par nos artistes belges sp\u00e9cialis\u00e9s en produits artisanaux!\" \/>\n<meta property=\"og:url\" content=\"https:\/\/nationalstore.be\/fr\/produit\/francois-de-coninck-avec-letre-on-se-fait-toujours-avoir\" \/>\n<meta property=\"og:site_name\" content=\"NATIONA(A)L ARTIST SUPERMARKET\" \/>\n<meta property=\"article:publisher\" content=\"https:\/\/www.facebook.com\/nationalstore\/?ref=br_rs\" \/>\n<meta property=\"article:modified_time\" content=\"2023-03-10T15:55:29+00:00\" \/>\n<meta property=\"og:image\" content=\"https:\/\/nationalstore.be\/wp-content\/uploads\/2023\/02\/etre-francois-de-coninck.jpg\" \/>\n\t<meta property=\"og:image:width\" content=\"1782\" \/>\n\t<meta property=\"og:image:height\" content=\"2480\" \/>\n\t<meta property=\"og:image:type\" content=\"image\/jpeg\" \/>\n<meta name=\"twitter:card\" content=\"summary_large_image\" \/>\n<meta name=\"twitter:site\" content=\"@Nationalstore\" \/>\n<script type=\"application\/ld+json\" class=\"yoast-schema-graph\">{\"@context\":\"https:\/\/schema.org\",\"@graph\":[{\"@type\":\"Organization\",\"@id\":\"https:\/\/nationalstore.be\/fr#organization\",\"name\":\"NATIONA(A)L ARTIST MARKET\",\"url\":\"https:\/\/nationalstore.be\/fr\",\"sameAs\":[\"https:\/\/www.instagram.com\/nationalstore\/\",\"https:\/\/www.facebook.com\/nationalstore\/?ref=br_rs\",\"https:\/\/twitter.com\/Nationalstore\"],\"logo\":{\"@type\":\"ImageObject\",\"inLanguage\":\"fr-FR\",\"@id\":\"https:\/\/nationalstore.be\/fr#\/schema\/logo\/image\/\",\"url\":\"https:\/\/nationalstore.be\/wp-content\/uploads\/2024\/03\/nationaal-logo_mauve-cmjn.png\",\"contentUrl\":\"https:\/\/nationalstore.be\/wp-content\/uploads\/2024\/03\/nationaal-logo_mauve-cmjn.png\",\"width\":3475,\"height\":1352,\"caption\":\"NATIONA(A)L ARTIST MARKET\"},\"image\":{\"@id\":\"https:\/\/nationalstore.be\/fr#\/schema\/logo\/image\/\"}},{\"@type\":\"WebSite\",\"@id\":\"https:\/\/nationalstore.be\/fr#website\",\"url\":\"https:\/\/nationalstore.be\/fr\",\"name\":\"NATIONA(A)L ARTIST SUPERMARKET\",\"description\":\"\",\"publisher\":{\"@id\":\"https:\/\/nationalstore.be\/fr#organization\"},\"potentialAction\":[{\"@type\":\"SearchAction\",\"target\":{\"@type\":\"EntryPoint\",\"urlTemplate\":\"https:\/\/nationalstore.be\/fr?s={search_term_string}\"},\"query-input\":\"required name=search_term_string\"}],\"inLanguage\":\"fr-FR\"},{\"@type\":\"ImageObject\",\"inLanguage\":\"fr-FR\",\"@id\":\"https:\/\/nationalstore.be\/fr\/produit\/francois-de-coninck-avec-letre-on-se-fait-toujours-avoir#primaryimage\",\"url\":\"https:\/\/nationalstore.be\/wp-content\/uploads\/2023\/02\/etre-francois-de-coninck.jpg\",\"contentUrl\":\"https:\/\/nationalstore.be\/wp-content\/uploads\/2023\/02\/etre-francois-de-coninck.jpg\",\"width\":1782,\"height\":2480},{\"@type\":[\"WebPage\",\"ItemPage\"],\"@id\":\"https:\/\/nationalstore.be\/fr\/produit\/francois-de-coninck-avec-letre-on-se-fait-toujours-avoir#webpage\",\"url\":\"https:\/\/nationalstore.be\/fr\/produit\/francois-de-coninck-avec-letre-on-se-fait-toujours-avoir\",\"name\":\"Fran\u00e7ois de Coninck, \\\"Avec l'\u00eatre on se fait toujours avoir\\\" | E-shop artistes belges\",\"isPartOf\":{\"@id\":\"https:\/\/nationalstore.be\/fr#website\"},\"primaryImageOfPage\":{\"@id\":\"https:\/\/nationalstore.be\/fr\/produit\/francois-de-coninck-avec-letre-on-se-fait-toujours-avoir#primaryimage\"},\"datePublished\":\"2023-02-26T13:22:58+00:00\",\"dateModified\":\"2023-03-10T15:55:29+00:00\",\"description\":\"Acheter un produit comme Fran\u00e7ois de Coninck, \\\"Avec l'\u00eatre on se fait toujours avoir\\\"? Laissez vous surprendre par nos artistes belges sp\u00e9cialis\u00e9s en produits artisanaux!\",\"breadcrumb\":{\"@id\":\"https:\/\/nationalstore.be\/fr\/produit\/francois-de-coninck-avec-letre-on-se-fait-toujours-avoir#breadcrumb\"},\"inLanguage\":\"fr-FR\",\"potentialAction\":[{\"@type\":\"ReadAction\",\"target\":[\"https:\/\/nationalstore.be\/fr\/produit\/francois-de-coninck-avec-letre-on-se-fait-toujours-avoir\"]}]},{\"@type\":\"BreadcrumbList\",\"@id\":\"https:\/\/nationalstore.be\/fr\/produit\/francois-de-coninck-avec-letre-on-se-fait-toujours-avoir#breadcrumb\",\"itemListElement\":[{\"@type\":\"ListItem\",\"position\":1,\"name\":\"Home\",\"item\":\"https:\/\/nationalstore.be\/fr\"},{\"@type\":\"ListItem\",\"position\":2,\"name\":\"Produits\",\"item\":\"https:\/\/nationalstore.be\/fr\/shop\"},{\"@type\":\"ListItem\",\"position\":3,\"name\":\"Arts plastiques\",\"item\":\"https:\/\/nationalstore.be\/fr\/pc\/arts-plastiques\"},{\"@type\":\"ListItem\",\"position\":4,\"name\":\"Editions\",\"item\":\"https:\/\/nationalstore.be\/fr\/pc\/arts-plastiques\/editions-fr\"},{\"@type\":\"ListItem\",\"position\":5,\"name\":\"Fran\u00e7ois de Coninck, &#8220;Avec l&#8217;\u00eatre on se fait toujours avoir&#8221;\"}]}]}<\/script>\n<!-- \/ Yoast SEO plugin. -->","yoast_head_json":{"title":"Fran\u00e7ois de Coninck, \"Avec l'\u00eatre on se fait toujours avoir\" | E-shop artistes belges","description":"Acheter un produit comme Fran\u00e7ois de Coninck, \"Avec l'\u00eatre on se fait toujours avoir\"? Laissez vous surprendre par nos artistes belges sp\u00e9cialis\u00e9s en produits artisanaux!","robots":{"index":"index","follow":"follow","max-snippet":"max-snippet:-1","max-image-preview":"max-image-preview:large","max-video-preview":"max-video-preview:-1"},"canonical":"https:\/\/nationalstore.be\/fr\/produit\/francois-de-coninck-avec-letre-on-se-fait-toujours-avoir","og_locale":"fr_FR","og_type":"article","og_title":"Fran\u00e7ois de Coninck, \"Avec l'\u00eatre on se fait toujours avoir\" | E-shop artistes belges","og_description":"Acheter un produit comme Fran\u00e7ois de Coninck, \"Avec l'\u00eatre on se fait toujours avoir\"? Laissez vous surprendre par nos artistes belges sp\u00e9cialis\u00e9s en produits artisanaux!","og_url":"https:\/\/nationalstore.be\/fr\/produit\/francois-de-coninck-avec-letre-on-se-fait-toujours-avoir","og_site_name":"NATIONA(A)L ARTIST SUPERMARKET","article_publisher":"https:\/\/www.facebook.com\/nationalstore\/?ref=br_rs","article_modified_time":"2023-03-10T15:55:29+00:00","og_image":[{"width":1782,"height":2480,"url":"https:\/\/nationalstore.be\/wp-content\/uploads\/2023\/02\/etre-francois-de-coninck.jpg","type":"image\/jpeg"}],"twitter_card":"summary_large_image","twitter_site":"@Nationalstore","schema":{"@context":"https:\/\/schema.org","@graph":[{"@type":"Organization","@id":"https:\/\/nationalstore.be\/fr#organization","name":"NATIONA(A)L ARTIST MARKET","url":"https:\/\/nationalstore.be\/fr","sameAs":["https:\/\/www.instagram.com\/nationalstore\/","https:\/\/www.facebook.com\/nationalstore\/?ref=br_rs","https:\/\/twitter.com\/Nationalstore"],"logo":{"@type":"ImageObject","inLanguage":"fr-FR","@id":"https:\/\/nationalstore.be\/fr#\/schema\/logo\/image\/","url":"https:\/\/nationalstore.be\/wp-content\/uploads\/2024\/03\/nationaal-logo_mauve-cmjn.png","contentUrl":"https:\/\/nationalstore.be\/wp-content\/uploads\/2024\/03\/nationaal-logo_mauve-cmjn.png","width":3475,"height":1352,"caption":"NATIONA(A)L ARTIST MARKET"},"image":{"@id":"https:\/\/nationalstore.be\/fr#\/schema\/logo\/image\/"}},{"@type":"WebSite","@id":"https:\/\/nationalstore.be\/fr#website","url":"https:\/\/nationalstore.be\/fr","name":"NATIONA(A)L ARTIST SUPERMARKET","description":"","publisher":{"@id":"https:\/\/nationalstore.be\/fr#organization"},"potentialAction":[{"@type":"SearchAction","target":{"@type":"EntryPoint","urlTemplate":"https:\/\/nationalstore.be\/fr?s={search_term_string}"},"query-input":"required name=search_term_string"}],"inLanguage":"fr-FR"},{"@type":"ImageObject","inLanguage":"fr-FR","@id":"https:\/\/nationalstore.be\/fr\/produit\/francois-de-coninck-avec-letre-on-se-fait-toujours-avoir#primaryimage","url":"https:\/\/nationalstore.be\/wp-content\/uploads\/2023\/02\/etre-francois-de-coninck.jpg","contentUrl":"https:\/\/nationalstore.be\/wp-content\/uploads\/2023\/02\/etre-francois-de-coninck.jpg","width":1782,"height":2480},{"@type":["WebPage","ItemPage"],"@id":"https:\/\/nationalstore.be\/fr\/produit\/francois-de-coninck-avec-letre-on-se-fait-toujours-avoir#webpage","url":"https:\/\/nationalstore.be\/fr\/produit\/francois-de-coninck-avec-letre-on-se-fait-toujours-avoir","name":"Fran\u00e7ois de Coninck, \"Avec l'\u00eatre on se fait toujours avoir\" | E-shop artistes belges","isPartOf":{"@id":"https:\/\/nationalstore.be\/fr#website"},"primaryImageOfPage":{"@id":"https:\/\/nationalstore.be\/fr\/produit\/francois-de-coninck-avec-letre-on-se-fait-toujours-avoir#primaryimage"},"datePublished":"2023-02-26T13:22:58+00:00","dateModified":"2023-03-10T15:55:29+00:00","description":"Acheter un produit comme Fran\u00e7ois de Coninck, \"Avec l'\u00eatre on se fait toujours avoir\"? Laissez vous surprendre par nos artistes belges sp\u00e9cialis\u00e9s en produits artisanaux!","breadcrumb":{"@id":"https:\/\/nationalstore.be\/fr\/produit\/francois-de-coninck-avec-letre-on-se-fait-toujours-avoir#breadcrumb"},"inLanguage":"fr-FR","potentialAction":[{"@type":"ReadAction","target":["https:\/\/nationalstore.be\/fr\/produit\/francois-de-coninck-avec-letre-on-se-fait-toujours-avoir"]}]},{"@type":"BreadcrumbList","@id":"https:\/\/nationalstore.be\/fr\/produit\/francois-de-coninck-avec-letre-on-se-fait-toujours-avoir#breadcrumb","itemListElement":[{"@type":"ListItem","position":1,"name":"Home","item":"https:\/\/nationalstore.be\/fr"},{"@type":"ListItem","position":2,"name":"Produits","item":"https:\/\/nationalstore.be\/fr\/shop"},{"@type":"ListItem","position":3,"name":"Arts plastiques","item":"https:\/\/nationalstore.be\/fr\/pc\/arts-plastiques"},{"@type":"ListItem","position":4,"name":"Editions","item":"https:\/\/nationalstore.be\/fr\/pc\/arts-plastiques\/editions-fr"},{"@type":"ListItem","position":5,"name":"Fran\u00e7ois de Coninck, &#8220;Avec l&#8217;\u00eatre on se fait toujours avoir&#8221;"}]}]}},"_links":{"self":[{"href":"https:\/\/nationalstore.be\/fr\/wp-json\/wp\/v2\/product\/47223"}],"collection":[{"href":"https:\/\/nationalstore.be\/fr\/wp-json\/wp\/v2\/product"}],"about":[{"href":"https:\/\/nationalstore.be\/fr\/wp-json\/wp\/v2\/types\/product"}],"wp:featuredmedia":[{"embeddable":true,"href":"https:\/\/nationalstore.be\/fr\/wp-json\/wp\/v2\/media\/47218"}],"wp:attachment":[{"href":"https:\/\/nationalstore.be\/fr\/wp-json\/wp\/v2\/media?parent=47223"}],"wp:term":[{"taxonomy":"product_cat","embeddable":true,"href":"https:\/\/nationalstore.be\/fr\/wp-json\/wp\/v2\/product_cat?post=47223"},{"taxonomy":"product_tag","embeddable":true,"href":"https:\/\/nationalstore.be\/fr\/wp-json\/wp\/v2\/product_tag?post=47223"}],"curies":[{"name":"wp","href":"https:\/\/api.w.org\/{rel}","templated":true}]}}