{"id":46805,"date":"2023-01-16T12:36:56","date_gmt":"2023-01-16T11:36:29","guid":{"rendered":"https:\/\/nationalstore.be\/?post_type=product&#038;p=46805"},"modified":"2023-11-15T22:40:31","modified_gmt":"2023-11-15T21:40:31","slug":"sweet-memory-wallpaper-fr","status":"publish","type":"product","link":"https:\/\/nationalstore.be\/fr\/produit\/sweet-memory-wallpaper-fr","title":{"rendered":"Sweet Memory Wallpaper FR"},"content":{"rendered":"<p class=\"MsoNormal\" style=\"margin: 0cm 0cm 28pt; font-size: 12pt; font-family: Cambria; color: #000000;\"><span lang=\"FR\" style=\"font-family: Georgia; color: #18191b;\">Nous nous effor\u00e7ons de nous assurer que tous les d\u00e9tails, descriptions et prix des produits apparaissant sur le site Web sont corrects. Les couleurs des photos montrant les produits peuvent diff\u00e9rer l\u00e9g\u00e8rement du produit d&#8217;origine en raison des limitations des proc\u00e9d\u00e9s photographiques et web et nous ne pouvons \u00eatre tenus responsables des variations de couleurs pouvant survenir en raison de votre navigateur ou de votre logiciel informatique. Les produits \u00e9tant fabriqu\u00e9s \u00e0 la main, nous mettons tout en \u0153uvre pour vous fournir la qualit\u00e9 de produit la plus pr\u00e9cise.<\/span><\/p>\n","protected":false},"excerpt":{"rendered":"<p class=\"MsoNormal\" style=\"margin: 0cm 0cm 0.0001pt; font-size: 12pt; font-family: Cambria; color: #000000;\"><span lang=\"FR\" style=\"font-family: Georgia; color: #18191b;\">Largeur : 52 cm<\/span><\/p>\n<p class=\"MsoNormal\" style=\"margin: 0cm 0cm 0.0001pt; font-size: 12pt; font-family: Cambria; color: #000000;\"><span lang=\"FR\" style=\"font-family: Georgia; color: #18191b;\">R\u00e9p\u00e9tition du motif : 52 cm (largeur) x 143,66 cm (hauteur)<\/span><\/p>\n<p class=\"MsoNormal\" style=\"margin: 0cm 0cm 0.0001pt; font-size: 12pt; font-family: Cambria; color: #000000;\"><span lang=\"FR\" style=\"font-family: Georgia; color: #18191b;\">Longueur du rouleau &#8211; 10 m<\/span><\/p>\n<p class=\"MsoNormal\" style=\"margin: 0cm 0cm 0.0001pt; font-size: 12pt; font-family: Cambria; color: #000000;\"><span lang=\"FR\" style=\"font-family: Georgia; color: #18191b;\">Composition du papier &#8211; Non tiss\u00e9<\/span><\/p>\n<p class=\"MsoNormal\" style=\"margin: 0cm 0cm 0.0001pt; font-size: 12pt; font-family: Cambria; color: #000000;\"><span lang=\"FR\" style=\"font-family: Georgia; color: #18191b;\">M\u00e9thode d&#8217;impression : Imprim\u00e9 num\u00e9riquement au Royaume-Uni<\/span><\/p>\n<p class=\"MsoNormal\" style=\"margin: 0cm 0cm 0.0001pt; font-size: 12pt; font-family: Cambria; color: #000000;\"><span lang=\"FR\" style=\"font-family: Georgia; color: #18191b;\">Personnalis\u00e9 : Oui<\/span><\/p>\n<p class=\"MsoNormal\" style=\"margin: 0cm 0cm 0.0001pt; font-size: 12pt; font-family: Cambria; color: #000000;\"><span lang=\"FR\" style=\"font-family: Georgia; color: #18191b;\">D\u00e9lai de livraison standard : 4 \u00e0 6 semaines (si pas en stock)<\/span><\/p>\n<p class=\"MsoNormal\" style=\"margin: 0cm 0cm 0.0001pt; font-size: 12pt; font-family: Cambria; color: #000000;\"><span lang=\"FR\" style=\"font-family: Georgia; color: #18191b;\">Imprim\u00e9 \u00e0 la commande<\/span><\/p>\n<p class=\"MsoNormal\" style=\"margin: 0cm 0cm 0.0001pt; font-size: 12pt; font-family: Cambria; color: #000000;\"><span lang=\"FR\" style=\"font-family: Georgia; color: #18191b;\">La correspondance des couleurs entre les commandes individuelles ne peut \u00eatre garantie<\/span><\/p>\n","protected":false},"featured_media":46737,"template":"","meta":[],"product_cat":[527,3382,2858,3676],"product_tag":[3387],"yoast_head":"<!-- This site is optimized with the Yoast SEO plugin v19.1 - https:\/\/yoast.com\/wordpress\/plugins\/seo\/ -->\n<title>Sweet Memory Wallpaper FR | E-shop artistes belges<\/title>\n<meta name=\"description\" content=\"Acheter un produit comme Sweet Memory Wallpaper FR? Laissez vous surprendre par nos artistes belges sp\u00e9cialis\u00e9s en produits artisanaux!\" \/>\n<meta name=\"robots\" content=\"index, follow, max-snippet:-1, max-image-preview:large, max-video-preview:-1\" \/>\n<link rel=\"canonical\" href=\"https:\/\/nationalstore.be\/fr\/produit\/sweet-memory-wallpaper-fr\" \/>\n<meta property=\"og:locale\" content=\"fr_FR\" \/>\n<meta property=\"og:type\" content=\"article\" \/>\n<meta property=\"og:title\" content=\"Sweet Memory Wallpaper FR | E-shop artistes belges\" \/>\n<meta property=\"og:description\" content=\"Acheter un produit comme Sweet Memory Wallpaper FR? Laissez vous surprendre par nos artistes belges sp\u00e9cialis\u00e9s en produits artisanaux!\" \/>\n<meta property=\"og:url\" content=\"https:\/\/nationalstore.be\/fr\/produit\/sweet-memory-wallpaper-fr\" \/>\n<meta property=\"og:site_name\" content=\"NATIONA(A)L ARTIST SUPERMARKET\" \/>\n<meta property=\"article:publisher\" content=\"https:\/\/www.facebook.com\/nationalstore\/?ref=br_rs\" \/>\n<meta property=\"article:modified_time\" content=\"2023-11-15T21:40:31+00:00\" \/>\n<meta property=\"og:image\" content=\"https:\/\/nationalstore.be\/wp-content\/uploads\/2024\/09\/2-2.png\" \/>\n\t<meta property=\"og:image:width\" content=\"1080\" \/>\n\t<meta property=\"og:image:height\" content=\"1080\" \/>\n\t<meta property=\"og:image:type\" content=\"image\/png\" \/>\n<meta name=\"twitter:card\" content=\"summary_large_image\" \/>\n<meta name=\"twitter:site\" content=\"@Nationalstore\" \/>\n<script type=\"application\/ld+json\" class=\"yoast-schema-graph\">{\"@context\":\"https:\/\/schema.org\",\"@graph\":[{\"@type\":\"Organization\",\"@id\":\"https:\/\/nationalstore.be\/fr#organization\",\"name\":\"NATIONA(A)L ARTIST MARKET\",\"url\":\"https:\/\/nationalstore.be\/fr\",\"sameAs\":[\"https:\/\/www.instagram.com\/nationalstore\/\",\"https:\/\/www.facebook.com\/nationalstore\/?ref=br_rs\",\"https:\/\/twitter.com\/Nationalstore\"],\"logo\":{\"@type\":\"ImageObject\",\"inLanguage\":\"fr-FR\",\"@id\":\"https:\/\/nationalstore.be\/fr#\/schema\/logo\/image\/\",\"url\":\"https:\/\/nationalstore.be\/wp-content\/uploads\/2024\/03\/nationaal-logo_mauve-cmjn.png\",\"contentUrl\":\"https:\/\/nationalstore.be\/wp-content\/uploads\/2024\/03\/nationaal-logo_mauve-cmjn.png\",\"width\":3475,\"height\":1352,\"caption\":\"NATIONA(A)L ARTIST MARKET\"},\"image\":{\"@id\":\"https:\/\/nationalstore.be\/fr#\/schema\/logo\/image\/\"}},{\"@type\":\"WebSite\",\"@id\":\"https:\/\/nationalstore.be\/fr#website\",\"url\":\"https:\/\/nationalstore.be\/fr\",\"name\":\"NATIONA(A)L ARTIST SUPERMARKET\",\"description\":\"\",\"publisher\":{\"@id\":\"https:\/\/nationalstore.be\/fr#organization\"},\"potentialAction\":[{\"@type\":\"SearchAction\",\"target\":{\"@type\":\"EntryPoint\",\"urlTemplate\":\"https:\/\/nationalstore.be\/fr?s={search_term_string}\"},\"query-input\":\"required name=search_term_string\"}],\"inLanguage\":\"fr-FR\"},{\"@type\":\"ImageObject\",\"inLanguage\":\"fr-FR\",\"@id\":\"https:\/\/nationalstore.be\/fr\/produit\/sweet-memory-wallpaper-fr#primaryimage\",\"url\":\"https:\/\/nationalstore.be\/wp-content\/uploads\/2023\/01\/14_212e696b-c486-4fa8-bd00-0ecf7ed1d382_1024x1024.jpg.webp\",\"contentUrl\":\"https:\/\/nationalstore.be\/wp-content\/uploads\/2023\/01\/14_212e696b-c486-4fa8-bd00-0ecf7ed1d382_1024x1024.jpg.webp\",\"width\":768,\"height\":1024},{\"@type\":[\"WebPage\",\"ItemPage\"],\"@id\":\"https:\/\/nationalstore.be\/fr\/produit\/sweet-memory-wallpaper-fr#webpage\",\"url\":\"https:\/\/nationalstore.be\/fr\/produit\/sweet-memory-wallpaper-fr\",\"name\":\"Sweet Memory Wallpaper FR | E-shop artistes belges\",\"isPartOf\":{\"@id\":\"https:\/\/nationalstore.be\/fr#website\"},\"primaryImageOfPage\":{\"@id\":\"https:\/\/nationalstore.be\/fr\/produit\/sweet-memory-wallpaper-fr#primaryimage\"},\"datePublished\":\"2023-01-16T11:36:29+00:00\",\"dateModified\":\"2023-11-15T21:40:31+00:00\",\"description\":\"Acheter un produit comme Sweet Memory Wallpaper FR? Laissez vous surprendre par nos artistes belges sp\u00e9cialis\u00e9s en produits artisanaux!\",\"breadcrumb\":{\"@id\":\"https:\/\/nationalstore.be\/fr\/produit\/sweet-memory-wallpaper-fr#breadcrumb\"},\"inLanguage\":\"fr-FR\",\"potentialAction\":[{\"@type\":\"ReadAction\",\"target\":[\"https:\/\/nationalstore.be\/fr\/produit\/sweet-memory-wallpaper-fr\"]}]},{\"@type\":\"BreadcrumbList\",\"@id\":\"https:\/\/nationalstore.be\/fr\/produit\/sweet-memory-wallpaper-fr#breadcrumb\",\"itemListElement\":[{\"@type\":\"ListItem\",\"position\":1,\"name\":\"Home\",\"item\":\"https:\/\/nationalstore.be\/fr\"},{\"@type\":\"ListItem\",\"position\":2,\"name\":\"Produits\",\"item\":\"https:\/\/nationalstore.be\/fr\/shop\"},{\"@type\":\"ListItem\",\"position\":3,\"name\":\"Subcategories\",\"item\":\"https:\/\/nationalstore.be\/fr\/pc\/subcategories-fr\"},{\"@type\":\"ListItem\",\"position\":4,\"name\":\"Nouvel an 2023\",\"item\":\"https:\/\/nationalstore.be\/fr\/pc\/subcategories-fr\/nouvel-an-2023\"},{\"@type\":\"ListItem\",\"position\":5,\"name\":\"Sweet Memory Wallpaper FR\"}]}]}<\/script>\n<!-- \/ Yoast SEO plugin. -->","yoast_head_json":{"title":"Sweet Memory Wallpaper FR | E-shop artistes belges","description":"Acheter un produit comme Sweet Memory Wallpaper FR? Laissez vous surprendre par nos artistes belges sp\u00e9cialis\u00e9s en produits artisanaux!","robots":{"index":"index","follow":"follow","max-snippet":"max-snippet:-1","max-image-preview":"max-image-preview:large","max-video-preview":"max-video-preview:-1"},"canonical":"https:\/\/nationalstore.be\/fr\/produit\/sweet-memory-wallpaper-fr","og_locale":"fr_FR","og_type":"article","og_title":"Sweet Memory Wallpaper FR | E-shop artistes belges","og_description":"Acheter un produit comme Sweet Memory Wallpaper FR? Laissez vous surprendre par nos artistes belges sp\u00e9cialis\u00e9s en produits artisanaux!","og_url":"https:\/\/nationalstore.be\/fr\/produit\/sweet-memory-wallpaper-fr","og_site_name":"NATIONA(A)L ARTIST SUPERMARKET","article_publisher":"https:\/\/www.facebook.com\/nationalstore\/?ref=br_rs","article_modified_time":"2023-11-15T21:40:31+00:00","og_image":[{"width":1080,"height":1080,"url":"https:\/\/nationalstore.be\/wp-content\/uploads\/2024\/09\/2-2.png","type":"image\/png"}],"twitter_card":"summary_large_image","twitter_site":"@Nationalstore","schema":{"@context":"https:\/\/schema.org","@graph":[{"@type":"Organization","@id":"https:\/\/nationalstore.be\/fr#organization","name":"NATIONA(A)L ARTIST MARKET","url":"https:\/\/nationalstore.be\/fr","sameAs":["https:\/\/www.instagram.com\/nationalstore\/","https:\/\/www.facebook.com\/nationalstore\/?ref=br_rs","https:\/\/twitter.com\/Nationalstore"],"logo":{"@type":"ImageObject","inLanguage":"fr-FR","@id":"https:\/\/nationalstore.be\/fr#\/schema\/logo\/image\/","url":"https:\/\/nationalstore.be\/wp-content\/uploads\/2024\/03\/nationaal-logo_mauve-cmjn.png","contentUrl":"https:\/\/nationalstore.be\/wp-content\/uploads\/2024\/03\/nationaal-logo_mauve-cmjn.png","width":3475,"height":1352,"caption":"NATIONA(A)L ARTIST MARKET"},"image":{"@id":"https:\/\/nationalstore.be\/fr#\/schema\/logo\/image\/"}},{"@type":"WebSite","@id":"https:\/\/nationalstore.be\/fr#website","url":"https:\/\/nationalstore.be\/fr","name":"NATIONA(A)L ARTIST SUPERMARKET","description":"","publisher":{"@id":"https:\/\/nationalstore.be\/fr#organization"},"potentialAction":[{"@type":"SearchAction","target":{"@type":"EntryPoint","urlTemplate":"https:\/\/nationalstore.be\/fr?s={search_term_string}"},"query-input":"required name=search_term_string"}],"inLanguage":"fr-FR"},{"@type":"ImageObject","inLanguage":"fr-FR","@id":"https:\/\/nationalstore.be\/fr\/produit\/sweet-memory-wallpaper-fr#primaryimage","url":"https:\/\/nationalstore.be\/wp-content\/uploads\/2023\/01\/14_212e696b-c486-4fa8-bd00-0ecf7ed1d382_1024x1024.jpg.webp","contentUrl":"https:\/\/nationalstore.be\/wp-content\/uploads\/2023\/01\/14_212e696b-c486-4fa8-bd00-0ecf7ed1d382_1024x1024.jpg.webp","width":768,"height":1024},{"@type":["WebPage","ItemPage"],"@id":"https:\/\/nationalstore.be\/fr\/produit\/sweet-memory-wallpaper-fr#webpage","url":"https:\/\/nationalstore.be\/fr\/produit\/sweet-memory-wallpaper-fr","name":"Sweet Memory Wallpaper FR | E-shop artistes belges","isPartOf":{"@id":"https:\/\/nationalstore.be\/fr#website"},"primaryImageOfPage":{"@id":"https:\/\/nationalstore.be\/fr\/produit\/sweet-memory-wallpaper-fr#primaryimage"},"datePublished":"2023-01-16T11:36:29+00:00","dateModified":"2023-11-15T21:40:31+00:00","description":"Acheter un produit comme Sweet Memory Wallpaper FR? Laissez vous surprendre par nos artistes belges sp\u00e9cialis\u00e9s en produits artisanaux!","breadcrumb":{"@id":"https:\/\/nationalstore.be\/fr\/produit\/sweet-memory-wallpaper-fr#breadcrumb"},"inLanguage":"fr-FR","potentialAction":[{"@type":"ReadAction","target":["https:\/\/nationalstore.be\/fr\/produit\/sweet-memory-wallpaper-fr"]}]},{"@type":"BreadcrumbList","@id":"https:\/\/nationalstore.be\/fr\/produit\/sweet-memory-wallpaper-fr#breadcrumb","itemListElement":[{"@type":"ListItem","position":1,"name":"Home","item":"https:\/\/nationalstore.be\/fr"},{"@type":"ListItem","position":2,"name":"Produits","item":"https:\/\/nationalstore.be\/fr\/shop"},{"@type":"ListItem","position":3,"name":"Subcategories","item":"https:\/\/nationalstore.be\/fr\/pc\/subcategories-fr"},{"@type":"ListItem","position":4,"name":"Nouvel an 2023","item":"https:\/\/nationalstore.be\/fr\/pc\/subcategories-fr\/nouvel-an-2023"},{"@type":"ListItem","position":5,"name":"Sweet Memory Wallpaper FR"}]}]}},"_links":{"self":[{"href":"https:\/\/nationalstore.be\/fr\/wp-json\/wp\/v2\/product\/46805"}],"collection":[{"href":"https:\/\/nationalstore.be\/fr\/wp-json\/wp\/v2\/product"}],"about":[{"href":"https:\/\/nationalstore.be\/fr\/wp-json\/wp\/v2\/types\/product"}],"wp:featuredmedia":[{"embeddable":true,"href":"https:\/\/nationalstore.be\/fr\/wp-json\/wp\/v2\/media\/46737"}],"wp:attachment":[{"href":"https:\/\/nationalstore.be\/fr\/wp-json\/wp\/v2\/media?parent=46805"}],"wp:term":[{"taxonomy":"product_cat","embeddable":true,"href":"https:\/\/nationalstore.be\/fr\/wp-json\/wp\/v2\/product_cat?post=46805"},{"taxonomy":"product_tag","embeddable":true,"href":"https:\/\/nationalstore.be\/fr\/wp-json\/wp\/v2\/product_tag?post=46805"}],"curies":[{"name":"wp","href":"https:\/\/api.w.org\/{rel}","templated":true}]}}