{"id":46803,"date":"2023-01-16T12:25:34","date_gmt":"2023-01-16T11:17:06","guid":{"rendered":"https:\/\/nationalstore.be\/?post_type=product&#038;p=46803"},"modified":"2023-01-25T16:13:28","modified_gmt":"2023-01-25T15:13:28","slug":"douce-fabric-fr","status":"publish","type":"product","link":"https:\/\/nationalstore.be\/fr\/produit\/douce-fabric-fr","title":{"rendered":"Douce Fabric FR"},"content":{"rendered":"<p class=\"MsoNormal\" style=\"margin: 0cm 0cm 12pt; font-size: 12pt; font-family: Cambria; color: #000000;\" data-mce-style=\"margin: 0cm 0cm 12pt; font-size: 12pt; font-family: Cambria; color: #000000;\"><span lang=\"FR\" style=\"font-family: Georgia; color: #18191b;\" data-mce-style=\"font-family: Georgia; color: #18191b;\"><span style=\"font-family: georgia, palatino, serif;\" data-mce-style=\"font-family: georgia, palatino, serif;\">S&#8217;il s&#8217;agit d&#8217;une livraison d&#8217;articles volumineux de plus de 20 kg, nous vous contacterons pour conna\u00eetre le prix sp\u00e9cifique de l&#8217;article.\u00a0 Veuillez noter que le tissu coup\u00e9 n&#8217;est pas retournable. Retour: Veuillez pr\u00e9voir jusqu&#8217;\u00e0 10 \u00e0 15 jours pour un remboursement complet \u00e0 compter de la date de r\u00e9ception des marchandises.\u00a0 Nous prenons toutes les pr\u00e9cautions raisonnables pour nous assurer que tous les d\u00e9tails, descriptions et prix des produits apparaissant sur le site Web sont corrects. Les couleurs des images montrant les produits peuvent \u00eatre l\u00e9g\u00e8rement diff\u00e9rentes du produit original en raison des limitations des processus photographiques et Web et nous ne pouvons \u00eatre tenus responsables des variations de couleur pouvant survenir caus\u00e9es par votre navigateur ou votre logiciel informatique. Les produits \u00e9tant fabriqu\u00e9s \u00e0 la main, nous mettons tout en \u0153uvre pour vous livrer la qualit\u00e9 de produit la plus juste possible.<\/span><\/span><\/p>\n","protected":false},"excerpt":{"rendered":"<p class=\"MsoNormal\" style=\"margin: 0cm 0cm 0.0001pt; font-size: 12pt; font-family: Cambria; color: #000000;\" data-mce-style=\"margin: 0cm 0cm 0.0001pt; font-size: 12pt; font-family: Cambria; color: #000000;\"><span lang=\"FR\" style=\"font-family: Georgia; color: #18191b;\" data-mce-style=\"font-family: Georgia; color: #18191b;\">Ce tissu convient \u00e0 la confection de rideaux et \u00e0 l&#8217;ameublement. Le tissu est imprim\u00e9 en Angleterre sur du lin-coton et pr\u00e9sente une impression de qualit\u00e9 similaire \u00e0 la peinture originale.<\/span><\/p>\n<p class=\"MsoNormal\" style=\"margin: 0cm 0cm 0.0001pt; font-size: 12pt; font-family: Cambria; color: #000000;\" data-mce-style=\"margin: 0cm 0cm 0.0001pt; font-size: 12pt; font-family: Cambria; color: #000000;\"><span lang=\"FR\" style=\"font-family: Georgia; color: #18191b;\" data-mce-style=\"font-family: Georgia; color: #18191b;\">\u00a0<\/span><\/p>\n<p class=\"MsoNormal\" style=\"margin: 0cm 0cm 0.0001pt; font-size: 12pt; font-family: Cambria; color: #000000;\" data-mce-style=\"margin: 0cm 0cm 0.0001pt; font-size: 12pt; font-family: Cambria; color: #000000;\"><span lang=\"FR\" style=\"font-family: Georgia; color: #18191b;\" data-mce-style=\"font-family: Georgia; color: #18191b;\">Largeur du tissu : 142 cm<\/span><\/p>\n<p class=\"MsoNormal\" style=\"margin: 0cm 0cm 0.0001pt; font-size: 12pt; font-family: Cambria; color: #000000;\" data-mce-style=\"margin: 0cm 0cm 0.0001pt; font-size: 12pt; font-family: Cambria; color: #000000;\"><span lang=\"FR\" style=\"font-family: Georgia; color: #18191b;\" data-mce-style=\"font-family: Georgia; color: #18191b;\">\u00a0<\/span><\/p>\n<p class=\"MsoNormal\" style=\"margin: 0cm 0cm 0.0001pt; font-size: 12pt; font-family: Cambria; color: #000000;\" data-mce-style=\"margin: 0cm 0cm 0.0001pt; font-size: 12pt; font-family: Cambria; color: #000000;\"><span lang=\"FR\" style=\"font-family: Georgia; color: #18191b;\" data-mce-style=\"font-family: Georgia; color: #18191b;\">R\u00e9p\u00e9tition du motif\u00a0:\u00a053\u00a0cm (Largeur) x 72,5\u00a0cm (Hauteur)<\/span><\/p>\n<p class=\"MsoNormal\" style=\"margin: 0cm 0cm 0.0001pt; font-size: 12pt; font-family: Cambria; color: #000000;\" data-mce-style=\"margin: 0cm 0cm 0.0001pt; font-size: 12pt; font-family: Cambria; color: #000000;\"><span lang=\"FR\" style=\"font-family: Georgia; color: #18191b;\" data-mce-style=\"font-family: Georgia; color: #18191b;\">\u00a0<\/span><\/p>\n<p class=\"MsoNormal\" style=\"margin: 0cm 0cm 0.0001pt; font-size: 12pt; font-family: Cambria; color: #000000;\" data-mce-style=\"margin: 0cm 0cm 0.0001pt; font-size: 12pt; font-family: Cambria; color: #000000;\"><span lang=\"FR\" style=\"font-family: Georgia; color: #18191b;\" data-mce-style=\"font-family: Georgia; color: #18191b;\">Composition : 50 % lin, 40 % coton, 10 % nylon<\/span><\/p>\n<p class=\"MsoNormal\" style=\"margin: 0cm 0cm 0.0001pt; font-size: 12pt; font-family: Cambria; color: #000000;\" data-mce-style=\"margin: 0cm 0cm 0.0001pt; font-size: 12pt; font-family: Cambria; color: #000000;\"><span lang=\"FR\" style=\"font-family: Georgia; color: #18191b;\" data-mce-style=\"font-family: Georgia; color: #18191b;\">\u00a0<\/span><\/p>\n<p class=\"MsoNormal\" style=\"margin: 0cm 0cm 0.0001pt; font-size: 12pt; font-family: Cambria; color: #000000;\" data-mce-style=\"margin: 0cm 0cm 0.0001pt; font-size: 12pt; font-family: Cambria; color: #000000;\"><span lang=\"FR\" style=\"font-family: Georgia; color: #18191b;\" data-mce-style=\"font-family: Georgia; color: #18191b;\">Poids : 349 g\/m\u00b2<\/span><\/p>\n<p class=\"MsoNormal\" style=\"margin: 0cm 0cm 0.0001pt; font-size: 12pt; font-family: Cambria; color: #000000;\" data-mce-style=\"margin: 0cm 0cm 0.0001pt; font-size: 12pt; font-family: Cambria; color: #000000;\"><span lang=\"FR\" style=\"font-family: Georgia; color: #18191b;\" data-mce-style=\"font-family: Georgia; color: #18191b;\">\u00a0<\/span><\/p>\n<p class=\"MsoNormal\" style=\"margin: 0cm 0cm 0.0001pt; font-size: 12pt; font-family: Cambria; color: #000000;\" data-mce-style=\"margin: 0cm 0cm 0.0001pt; font-size: 12pt; font-family: Cambria; color: #000000;\"><span lang=\"FR\" style=\"font-family: Georgia; color: #18191b;\" data-mce-style=\"font-family: Georgia; color: #18191b;\">Frottement\u00a0: 40\u00a0000<\/span><\/p>\n","protected":false},"featured_media":46726,"template":"","meta":[],"product_cat":[527,3382,3676,2867],"product_tag":[3389],"yoast_head":"<!-- This site is optimized with the Yoast SEO plugin v19.1 - https:\/\/yoast.com\/wordpress\/plugins\/seo\/ -->\n<title>Douce Fabric FR | E-shop artistes belges<\/title>\n<meta name=\"description\" content=\"Acheter un produit comme Douce Fabric FR? Laissez vous surprendre par nos artistes belges sp\u00e9cialis\u00e9s en produits artisanaux!\" \/>\n<meta name=\"robots\" content=\"index, follow, max-snippet:-1, max-image-preview:large, max-video-preview:-1\" \/>\n<link rel=\"canonical\" href=\"https:\/\/nationalstore.be\/fr\/produit\/douce-fabric-fr\" \/>\n<meta property=\"og:locale\" content=\"fr_FR\" \/>\n<meta property=\"og:type\" content=\"article\" \/>\n<meta property=\"og:title\" content=\"Douce Fabric FR | E-shop artistes belges\" \/>\n<meta property=\"og:description\" content=\"Acheter un produit comme Douce Fabric FR? Laissez vous surprendre par nos artistes belges sp\u00e9cialis\u00e9s en produits artisanaux!\" \/>\n<meta property=\"og:url\" content=\"https:\/\/nationalstore.be\/fr\/produit\/douce-fabric-fr\" \/>\n<meta property=\"og:site_name\" content=\"NATIONA(A)L ARTIST SUPERMARKET\" \/>\n<meta property=\"article:publisher\" content=\"https:\/\/www.facebook.com\/nationalstore\/?ref=br_rs\" \/>\n<meta property=\"article:modified_time\" content=\"2023-01-25T15:13:28+00:00\" \/>\n<meta property=\"og:image\" content=\"https:\/\/nationalstore.be\/wp-content\/uploads\/2023\/01\/Douce_1_1024x1024.jpeg\" \/>\n\t<meta property=\"og:image:width\" content=\"819\" \/>\n\t<meta property=\"og:image:height\" content=\"1024\" \/>\n\t<meta property=\"og:image:type\" content=\"image\/jpeg\" \/>\n<meta name=\"twitter:card\" content=\"summary_large_image\" \/>\n<meta name=\"twitter:site\" content=\"@Nationalstore\" \/>\n<meta name=\"twitter:label1\" content=\"Dur\u00e9e de lecture estim\u00e9e\" \/>\n\t<meta name=\"twitter:data1\" content=\"1 minute\" \/>\n<script type=\"application\/ld+json\" class=\"yoast-schema-graph\">{\"@context\":\"https:\/\/schema.org\",\"@graph\":[{\"@type\":\"Organization\",\"@id\":\"https:\/\/nationalstore.be\/fr#organization\",\"name\":\"NATIONA(A)L ARTIST MARKET\",\"url\":\"https:\/\/nationalstore.be\/fr\",\"sameAs\":[\"https:\/\/www.instagram.com\/nationalstore\/\",\"https:\/\/www.facebook.com\/nationalstore\/?ref=br_rs\",\"https:\/\/twitter.com\/Nationalstore\"],\"logo\":{\"@type\":\"ImageObject\",\"inLanguage\":\"fr-FR\",\"@id\":\"https:\/\/nationalstore.be\/fr#\/schema\/logo\/image\/\",\"url\":\"https:\/\/nationalstore.be\/wp-content\/uploads\/2024\/03\/nationaal-logo_mauve-cmjn.png\",\"contentUrl\":\"https:\/\/nationalstore.be\/wp-content\/uploads\/2024\/03\/nationaal-logo_mauve-cmjn.png\",\"width\":3475,\"height\":1352,\"caption\":\"NATIONA(A)L ARTIST MARKET\"},\"image\":{\"@id\":\"https:\/\/nationalstore.be\/fr#\/schema\/logo\/image\/\"}},{\"@type\":\"WebSite\",\"@id\":\"https:\/\/nationalstore.be\/fr#website\",\"url\":\"https:\/\/nationalstore.be\/fr\",\"name\":\"NATIONA(A)L ARTIST SUPERMARKET\",\"description\":\"\",\"publisher\":{\"@id\":\"https:\/\/nationalstore.be\/fr#organization\"},\"potentialAction\":[{\"@type\":\"SearchAction\",\"target\":{\"@type\":\"EntryPoint\",\"urlTemplate\":\"https:\/\/nationalstore.be\/fr?s={search_term_string}\"},\"query-input\":\"required name=search_term_string\"}],\"inLanguage\":\"fr-FR\"},{\"@type\":\"ImageObject\",\"inLanguage\":\"fr-FR\",\"@id\":\"https:\/\/nationalstore.be\/fr\/produit\/douce-fabric-fr#primaryimage\",\"url\":\"https:\/\/nationalstore.be\/wp-content\/uploads\/2023\/01\/Douce_1_1024x1024.jpeg\",\"contentUrl\":\"https:\/\/nationalstore.be\/wp-content\/uploads\/2023\/01\/Douce_1_1024x1024.jpeg\",\"width\":819,\"height\":1024},{\"@type\":[\"WebPage\",\"ItemPage\"],\"@id\":\"https:\/\/nationalstore.be\/fr\/produit\/douce-fabric-fr#webpage\",\"url\":\"https:\/\/nationalstore.be\/fr\/produit\/douce-fabric-fr\",\"name\":\"Douce Fabric FR | E-shop artistes belges\",\"isPartOf\":{\"@id\":\"https:\/\/nationalstore.be\/fr#website\"},\"primaryImageOfPage\":{\"@id\":\"https:\/\/nationalstore.be\/fr\/produit\/douce-fabric-fr#primaryimage\"},\"datePublished\":\"2023-01-16T11:17:06+00:00\",\"dateModified\":\"2023-01-25T15:13:28+00:00\",\"description\":\"Acheter un produit comme Douce Fabric FR? Laissez vous surprendre par nos artistes belges sp\u00e9cialis\u00e9s en produits artisanaux!\",\"breadcrumb\":{\"@id\":\"https:\/\/nationalstore.be\/fr\/produit\/douce-fabric-fr#breadcrumb\"},\"inLanguage\":\"fr-FR\",\"potentialAction\":[{\"@type\":\"ReadAction\",\"target\":[\"https:\/\/nationalstore.be\/fr\/produit\/douce-fabric-fr\"]}]},{\"@type\":\"BreadcrumbList\",\"@id\":\"https:\/\/nationalstore.be\/fr\/produit\/douce-fabric-fr#breadcrumb\",\"itemListElement\":[{\"@type\":\"ListItem\",\"position\":1,\"name\":\"Home\",\"item\":\"https:\/\/nationalstore.be\/fr\"},{\"@type\":\"ListItem\",\"position\":2,\"name\":\"Produits\",\"item\":\"https:\/\/nationalstore.be\/fr\/shop\"},{\"@type\":\"ListItem\",\"position\":3,\"name\":\"Subcategories\",\"item\":\"https:\/\/nationalstore.be\/fr\/pc\/subcategories-fr\"},{\"@type\":\"ListItem\",\"position\":4,\"name\":\"Nouvel an 2023\",\"item\":\"https:\/\/nationalstore.be\/fr\/pc\/subcategories-fr\/nouvel-an-2023\"},{\"@type\":\"ListItem\",\"position\":5,\"name\":\"Douce Fabric FR\"}]}]}<\/script>\n<!-- \/ Yoast SEO plugin. -->","yoast_head_json":{"title":"Douce Fabric FR | E-shop artistes belges","description":"Acheter un produit comme Douce Fabric FR? Laissez vous surprendre par nos artistes belges sp\u00e9cialis\u00e9s en produits artisanaux!","robots":{"index":"index","follow":"follow","max-snippet":"max-snippet:-1","max-image-preview":"max-image-preview:large","max-video-preview":"max-video-preview:-1"},"canonical":"https:\/\/nationalstore.be\/fr\/produit\/douce-fabric-fr","og_locale":"fr_FR","og_type":"article","og_title":"Douce Fabric FR | E-shop artistes belges","og_description":"Acheter un produit comme Douce Fabric FR? Laissez vous surprendre par nos artistes belges sp\u00e9cialis\u00e9s en produits artisanaux!","og_url":"https:\/\/nationalstore.be\/fr\/produit\/douce-fabric-fr","og_site_name":"NATIONA(A)L ARTIST SUPERMARKET","article_publisher":"https:\/\/www.facebook.com\/nationalstore\/?ref=br_rs","article_modified_time":"2023-01-25T15:13:28+00:00","og_image":[{"width":819,"height":1024,"url":"https:\/\/nationalstore.be\/wp-content\/uploads\/2023\/01\/Douce_1_1024x1024.jpeg","type":"image\/jpeg"}],"twitter_card":"summary_large_image","twitter_site":"@Nationalstore","twitter_misc":{"Dur\u00e9e de lecture estim\u00e9e":"1 minute"},"schema":{"@context":"https:\/\/schema.org","@graph":[{"@type":"Organization","@id":"https:\/\/nationalstore.be\/fr#organization","name":"NATIONA(A)L ARTIST MARKET","url":"https:\/\/nationalstore.be\/fr","sameAs":["https:\/\/www.instagram.com\/nationalstore\/","https:\/\/www.facebook.com\/nationalstore\/?ref=br_rs","https:\/\/twitter.com\/Nationalstore"],"logo":{"@type":"ImageObject","inLanguage":"fr-FR","@id":"https:\/\/nationalstore.be\/fr#\/schema\/logo\/image\/","url":"https:\/\/nationalstore.be\/wp-content\/uploads\/2024\/03\/nationaal-logo_mauve-cmjn.png","contentUrl":"https:\/\/nationalstore.be\/wp-content\/uploads\/2024\/03\/nationaal-logo_mauve-cmjn.png","width":3475,"height":1352,"caption":"NATIONA(A)L ARTIST MARKET"},"image":{"@id":"https:\/\/nationalstore.be\/fr#\/schema\/logo\/image\/"}},{"@type":"WebSite","@id":"https:\/\/nationalstore.be\/fr#website","url":"https:\/\/nationalstore.be\/fr","name":"NATIONA(A)L ARTIST SUPERMARKET","description":"","publisher":{"@id":"https:\/\/nationalstore.be\/fr#organization"},"potentialAction":[{"@type":"SearchAction","target":{"@type":"EntryPoint","urlTemplate":"https:\/\/nationalstore.be\/fr?s={search_term_string}"},"query-input":"required name=search_term_string"}],"inLanguage":"fr-FR"},{"@type":"ImageObject","inLanguage":"fr-FR","@id":"https:\/\/nationalstore.be\/fr\/produit\/douce-fabric-fr#primaryimage","url":"https:\/\/nationalstore.be\/wp-content\/uploads\/2023\/01\/Douce_1_1024x1024.jpeg","contentUrl":"https:\/\/nationalstore.be\/wp-content\/uploads\/2023\/01\/Douce_1_1024x1024.jpeg","width":819,"height":1024},{"@type":["WebPage","ItemPage"],"@id":"https:\/\/nationalstore.be\/fr\/produit\/douce-fabric-fr#webpage","url":"https:\/\/nationalstore.be\/fr\/produit\/douce-fabric-fr","name":"Douce Fabric FR | E-shop artistes belges","isPartOf":{"@id":"https:\/\/nationalstore.be\/fr#website"},"primaryImageOfPage":{"@id":"https:\/\/nationalstore.be\/fr\/produit\/douce-fabric-fr#primaryimage"},"datePublished":"2023-01-16T11:17:06+00:00","dateModified":"2023-01-25T15:13:28+00:00","description":"Acheter un produit comme Douce Fabric FR? Laissez vous surprendre par nos artistes belges sp\u00e9cialis\u00e9s en produits artisanaux!","breadcrumb":{"@id":"https:\/\/nationalstore.be\/fr\/produit\/douce-fabric-fr#breadcrumb"},"inLanguage":"fr-FR","potentialAction":[{"@type":"ReadAction","target":["https:\/\/nationalstore.be\/fr\/produit\/douce-fabric-fr"]}]},{"@type":"BreadcrumbList","@id":"https:\/\/nationalstore.be\/fr\/produit\/douce-fabric-fr#breadcrumb","itemListElement":[{"@type":"ListItem","position":1,"name":"Home","item":"https:\/\/nationalstore.be\/fr"},{"@type":"ListItem","position":2,"name":"Produits","item":"https:\/\/nationalstore.be\/fr\/shop"},{"@type":"ListItem","position":3,"name":"Subcategories","item":"https:\/\/nationalstore.be\/fr\/pc\/subcategories-fr"},{"@type":"ListItem","position":4,"name":"Nouvel an 2023","item":"https:\/\/nationalstore.be\/fr\/pc\/subcategories-fr\/nouvel-an-2023"},{"@type":"ListItem","position":5,"name":"Douce Fabric FR"}]}]}},"_links":{"self":[{"href":"https:\/\/nationalstore.be\/fr\/wp-json\/wp\/v2\/product\/46803"}],"collection":[{"href":"https:\/\/nationalstore.be\/fr\/wp-json\/wp\/v2\/product"}],"about":[{"href":"https:\/\/nationalstore.be\/fr\/wp-json\/wp\/v2\/types\/product"}],"wp:featuredmedia":[{"embeddable":true,"href":"https:\/\/nationalstore.be\/fr\/wp-json\/wp\/v2\/media\/46726"}],"wp:attachment":[{"href":"https:\/\/nationalstore.be\/fr\/wp-json\/wp\/v2\/media?parent=46803"}],"wp:term":[{"taxonomy":"product_cat","embeddable":true,"href":"https:\/\/nationalstore.be\/fr\/wp-json\/wp\/v2\/product_cat?post=46803"},{"taxonomy":"product_tag","embeddable":true,"href":"https:\/\/nationalstore.be\/fr\/wp-json\/wp\/v2\/product_tag?post=46803"}],"curies":[{"name":"wp","href":"https:\/\/api.w.org\/{rel}","templated":true}]}}