{"id":46742,"date":"2023-01-12T10:55:11","date_gmt":"2023-01-12T09:42:44","guid":{"rendered":"https:\/\/nationalstore.be\/?post_type=product&#038;p=46742"},"modified":"2023-01-26T12:51:34","modified_gmt":"2023-01-26T11:51:34","slug":"pia-wallpaper","status":"publish","type":"product","link":"https:\/\/nationalstore.be\/fr\/produit\/pia-wallpaper","title":{"rendered":"Pia Wallpaper"},"content":{"rendered":"<p class=\"MsoNormal\" style=\"margin: 0cm 0cm 12pt; font-size: 12pt; font-family: Cambria; color: #000000; line-height: 14pt;\"><span lang=\"FR\" style=\"font-family: georgia, palatino, serif;\">Nous prenons toutes les pr\u00e9cautions raisonnables pour nous assurer que tous les d\u00e9tails, descriptions et prix des produits apparaissant sur le site Web sont corrects. Les couleurs des images montrant les produits peuvent \u00eatre l\u00e9g\u00e8rement diff\u00e9rentes du produit original en raison des limitations des processus photographiques et Web et nous ne pouvons \u00eatre tenus responsables des variations de couleur pouvant survenir caus\u00e9es par votre navigateur ou votre logiciel informatique. Les produits \u00e9tant fabriqu\u00e9s \u00e0 la main, nous mettons tout en \u0153uvre pour vous livrer la qualit\u00e9 de produit la plus juste possible.<\/span><\/p>\n","protected":false},"excerpt":{"rendered":"<p style=\"box-sizing: border-box; caret-color: #000000; color: #000000; font-family: Claire, Helvetica,;\" data-mce-fragment=\"1\">Largeur: 52 cm &amp; Longueur du rouleau &#8211; 10 m<\/p>\n<p style=\"box-sizing: border-box; caret-color: #000000; color: #000000; font-family: Claire, Helvetica,;\" data-mce-fragment=\"1\">R\u00e9p\u00e9tition du motif: 28 cm (largeur) x 29,50 cm (Hauteur)<\/p>\n<p style=\"box-sizing: border-box; caret-color: #000000; color: #000000; font-family: Claire, Helvetica,;\" data-mce-fragment=\"1\"><span style=\"box-sizing: border-box;\" data-mce-fragment=\"1\">Composition du papier &#8211; Non tiss\u00e9<\/span><\/p>\n<p style=\"box-sizing: border-box; caret-color: #000000; color: #000000; font-family: Claire, Helvetica,;\" data-mce-fragment=\"1\">M\u00e9thode d&#8217;impression: Imprim\u00e9 digitalement aux royaumes-unis.<\/p>\n<p style=\"box-sizing: border-box; caret-color: #000000; color: #000000; font-family: Claire, Helvetica,;\" data-mce-fragment=\"1\">Sur mesure : oui<\/p>\n<p style=\"box-sizing: border-box; caret-color: #000000; color: #000000; font-family: Claire, Helvetica,;\" data-mce-fragment=\"1\">D\u00e9lai de livraison standard: 4\u20136 semaines (si pas en stock)<\/p>\n<p style=\"box-sizing: border-box; caret-color: #000000; color: #000000; font-family: Claire, Helvetica,;\" data-mce-fragment=\"1\">Imprim\u00e9 sur demande \/ Nous ne pouvons pas garantir que la couleur \u00e0 l&#8217;impression sur des commandes faites s\u00e9par\u00e9ment sera similaire. Nous recommandons \u00e0 nos clients d&#8217;acheter un \u00e9chantillon avant de commander.<\/p>\n","protected":false},"featured_media":46713,"template":"","meta":[],"product_cat":[527,2858],"product_tag":[3369],"yoast_head":"<!-- This site is optimized with the Yoast SEO plugin v19.1 - https:\/\/yoast.com\/wordpress\/plugins\/seo\/ -->\n<title>Pia Wallpaper | E-shop artistes belges<\/title>\n<meta name=\"description\" content=\"Acheter un produit comme Pia Wallpaper? Laissez vous surprendre par nos artistes belges sp\u00e9cialis\u00e9s en produits artisanaux!\" \/>\n<meta name=\"robots\" content=\"index, follow, max-snippet:-1, max-image-preview:large, max-video-preview:-1\" \/>\n<link rel=\"canonical\" href=\"https:\/\/nationalstore.be\/fr\/produit\/pia-wallpaper\" \/>\n<meta property=\"og:locale\" content=\"fr_FR\" \/>\n<meta property=\"og:type\" content=\"article\" \/>\n<meta property=\"og:title\" content=\"Pia Wallpaper | E-shop artistes belges\" \/>\n<meta property=\"og:description\" content=\"Acheter un produit comme Pia Wallpaper? Laissez vous surprendre par nos artistes belges sp\u00e9cialis\u00e9s en produits artisanaux!\" \/>\n<meta property=\"og:url\" content=\"https:\/\/nationalstore.be\/fr\/produit\/pia-wallpaper\" \/>\n<meta property=\"og:site_name\" content=\"NATIONA(A)L ARTIST SUPERMARKET\" \/>\n<meta property=\"article:publisher\" content=\"https:\/\/www.facebook.com\/nationalstore\/?ref=br_rs\" \/>\n<meta property=\"article:modified_time\" content=\"2023-01-26T11:51:34+00:00\" \/>\n<meta property=\"og:image\" content=\"https:\/\/nationalstore.be\/wp-content\/uploads\/2023\/01\/19.jpg\" \/>\n\t<meta property=\"og:image:width\" content=\"768\" \/>\n\t<meta property=\"og:image:height\" content=\"1024\" \/>\n\t<meta property=\"og:image:type\" content=\"image\/jpeg\" \/>\n<meta name=\"twitter:card\" content=\"summary_large_image\" \/>\n<meta name=\"twitter:site\" content=\"@Nationalstore\" \/>\n<script type=\"application\/ld+json\" class=\"yoast-schema-graph\">{\"@context\":\"https:\/\/schema.org\",\"@graph\":[{\"@type\":\"Organization\",\"@id\":\"https:\/\/nationalstore.be\/fr#organization\",\"name\":\"NATIONA(A)L ARTIST MARKET\",\"url\":\"https:\/\/nationalstore.be\/fr\",\"sameAs\":[\"https:\/\/www.instagram.com\/nationalstore\/\",\"https:\/\/www.facebook.com\/nationalstore\/?ref=br_rs\",\"https:\/\/twitter.com\/Nationalstore\"],\"logo\":{\"@type\":\"ImageObject\",\"inLanguage\":\"fr-FR\",\"@id\":\"https:\/\/nationalstore.be\/fr#\/schema\/logo\/image\/\",\"url\":\"https:\/\/nationalstore.be\/wp-content\/uploads\/2024\/03\/nationaal-logo_mauve-cmjn.png\",\"contentUrl\":\"https:\/\/nationalstore.be\/wp-content\/uploads\/2024\/03\/nationaal-logo_mauve-cmjn.png\",\"width\":3475,\"height\":1352,\"caption\":\"NATIONA(A)L ARTIST MARKET\"},\"image\":{\"@id\":\"https:\/\/nationalstore.be\/fr#\/schema\/logo\/image\/\"}},{\"@type\":\"WebSite\",\"@id\":\"https:\/\/nationalstore.be\/fr#website\",\"url\":\"https:\/\/nationalstore.be\/fr\",\"name\":\"NATIONA(A)L ARTIST SUPERMARKET\",\"description\":\"\",\"publisher\":{\"@id\":\"https:\/\/nationalstore.be\/fr#organization\"},\"potentialAction\":[{\"@type\":\"SearchAction\",\"target\":{\"@type\":\"EntryPoint\",\"urlTemplate\":\"https:\/\/nationalstore.be\/fr?s={search_term_string}\"},\"query-input\":\"required name=search_term_string\"}],\"inLanguage\":\"fr-FR\"},{\"@type\":\"ImageObject\",\"inLanguage\":\"fr-FR\",\"@id\":\"https:\/\/nationalstore.be\/fr\/produit\/pia-wallpaper#primaryimage\",\"url\":\"https:\/\/nationalstore.be\/wp-content\/uploads\/2023\/01\/19.jpg\",\"contentUrl\":\"https:\/\/nationalstore.be\/wp-content\/uploads\/2023\/01\/19.jpg\",\"width\":768,\"height\":1024},{\"@type\":[\"WebPage\",\"ItemPage\"],\"@id\":\"https:\/\/nationalstore.be\/fr\/produit\/pia-wallpaper#webpage\",\"url\":\"https:\/\/nationalstore.be\/fr\/produit\/pia-wallpaper\",\"name\":\"Pia Wallpaper | E-shop artistes belges\",\"isPartOf\":{\"@id\":\"https:\/\/nationalstore.be\/fr#website\"},\"primaryImageOfPage\":{\"@id\":\"https:\/\/nationalstore.be\/fr\/produit\/pia-wallpaper#primaryimage\"},\"datePublished\":\"2023-01-12T09:42:44+00:00\",\"dateModified\":\"2023-01-26T11:51:34+00:00\",\"description\":\"Acheter un produit comme Pia Wallpaper? Laissez vous surprendre par nos artistes belges sp\u00e9cialis\u00e9s en produits artisanaux!\",\"breadcrumb\":{\"@id\":\"https:\/\/nationalstore.be\/fr\/produit\/pia-wallpaper#breadcrumb\"},\"inLanguage\":\"fr-FR\",\"potentialAction\":[{\"@type\":\"ReadAction\",\"target\":[\"https:\/\/nationalstore.be\/fr\/produit\/pia-wallpaper\"]}]},{\"@type\":\"BreadcrumbList\",\"@id\":\"https:\/\/nationalstore.be\/fr\/produit\/pia-wallpaper#breadcrumb\",\"itemListElement\":[{\"@type\":\"ListItem\",\"position\":1,\"name\":\"Home\",\"item\":\"https:\/\/nationalstore.be\/fr\"},{\"@type\":\"ListItem\",\"position\":2,\"name\":\"Produits\",\"item\":\"https:\/\/nationalstore.be\/fr\/shop\"},{\"@type\":\"ListItem\",\"position\":3,\"name\":\"Design pour la maison\",\"item\":\"https:\/\/nationalstore.be\/fr\/pc\/design-pour-la-maison\"},{\"@type\":\"ListItem\",\"position\":4,\"name\":\"Papier peint\",\"item\":\"https:\/\/nationalstore.be\/fr\/pc\/design-pour-la-maison\/papier-peint\"},{\"@type\":\"ListItem\",\"position\":5,\"name\":\"Pia Wallpaper\"}]}]}<\/script>\n<!-- \/ Yoast SEO plugin. -->","yoast_head_json":{"title":"Pia Wallpaper | E-shop artistes belges","description":"Acheter un produit comme Pia Wallpaper? Laissez vous surprendre par nos artistes belges sp\u00e9cialis\u00e9s en produits artisanaux!","robots":{"index":"index","follow":"follow","max-snippet":"max-snippet:-1","max-image-preview":"max-image-preview:large","max-video-preview":"max-video-preview:-1"},"canonical":"https:\/\/nationalstore.be\/fr\/produit\/pia-wallpaper","og_locale":"fr_FR","og_type":"article","og_title":"Pia Wallpaper | E-shop artistes belges","og_description":"Acheter un produit comme Pia Wallpaper? Laissez vous surprendre par nos artistes belges sp\u00e9cialis\u00e9s en produits artisanaux!","og_url":"https:\/\/nationalstore.be\/fr\/produit\/pia-wallpaper","og_site_name":"NATIONA(A)L ARTIST SUPERMARKET","article_publisher":"https:\/\/www.facebook.com\/nationalstore\/?ref=br_rs","article_modified_time":"2023-01-26T11:51:34+00:00","og_image":[{"width":768,"height":1024,"url":"https:\/\/nationalstore.be\/wp-content\/uploads\/2023\/01\/19.jpg","type":"image\/jpeg"}],"twitter_card":"summary_large_image","twitter_site":"@Nationalstore","schema":{"@context":"https:\/\/schema.org","@graph":[{"@type":"Organization","@id":"https:\/\/nationalstore.be\/fr#organization","name":"NATIONA(A)L ARTIST MARKET","url":"https:\/\/nationalstore.be\/fr","sameAs":["https:\/\/www.instagram.com\/nationalstore\/","https:\/\/www.facebook.com\/nationalstore\/?ref=br_rs","https:\/\/twitter.com\/Nationalstore"],"logo":{"@type":"ImageObject","inLanguage":"fr-FR","@id":"https:\/\/nationalstore.be\/fr#\/schema\/logo\/image\/","url":"https:\/\/nationalstore.be\/wp-content\/uploads\/2024\/03\/nationaal-logo_mauve-cmjn.png","contentUrl":"https:\/\/nationalstore.be\/wp-content\/uploads\/2024\/03\/nationaal-logo_mauve-cmjn.png","width":3475,"height":1352,"caption":"NATIONA(A)L ARTIST MARKET"},"image":{"@id":"https:\/\/nationalstore.be\/fr#\/schema\/logo\/image\/"}},{"@type":"WebSite","@id":"https:\/\/nationalstore.be\/fr#website","url":"https:\/\/nationalstore.be\/fr","name":"NATIONA(A)L ARTIST SUPERMARKET","description":"","publisher":{"@id":"https:\/\/nationalstore.be\/fr#organization"},"potentialAction":[{"@type":"SearchAction","target":{"@type":"EntryPoint","urlTemplate":"https:\/\/nationalstore.be\/fr?s={search_term_string}"},"query-input":"required name=search_term_string"}],"inLanguage":"fr-FR"},{"@type":"ImageObject","inLanguage":"fr-FR","@id":"https:\/\/nationalstore.be\/fr\/produit\/pia-wallpaper#primaryimage","url":"https:\/\/nationalstore.be\/wp-content\/uploads\/2023\/01\/19.jpg","contentUrl":"https:\/\/nationalstore.be\/wp-content\/uploads\/2023\/01\/19.jpg","width":768,"height":1024},{"@type":["WebPage","ItemPage"],"@id":"https:\/\/nationalstore.be\/fr\/produit\/pia-wallpaper#webpage","url":"https:\/\/nationalstore.be\/fr\/produit\/pia-wallpaper","name":"Pia Wallpaper | E-shop artistes belges","isPartOf":{"@id":"https:\/\/nationalstore.be\/fr#website"},"primaryImageOfPage":{"@id":"https:\/\/nationalstore.be\/fr\/produit\/pia-wallpaper#primaryimage"},"datePublished":"2023-01-12T09:42:44+00:00","dateModified":"2023-01-26T11:51:34+00:00","description":"Acheter un produit comme Pia Wallpaper? Laissez vous surprendre par nos artistes belges sp\u00e9cialis\u00e9s en produits artisanaux!","breadcrumb":{"@id":"https:\/\/nationalstore.be\/fr\/produit\/pia-wallpaper#breadcrumb"},"inLanguage":"fr-FR","potentialAction":[{"@type":"ReadAction","target":["https:\/\/nationalstore.be\/fr\/produit\/pia-wallpaper"]}]},{"@type":"BreadcrumbList","@id":"https:\/\/nationalstore.be\/fr\/produit\/pia-wallpaper#breadcrumb","itemListElement":[{"@type":"ListItem","position":1,"name":"Home","item":"https:\/\/nationalstore.be\/fr"},{"@type":"ListItem","position":2,"name":"Produits","item":"https:\/\/nationalstore.be\/fr\/shop"},{"@type":"ListItem","position":3,"name":"Design pour la maison","item":"https:\/\/nationalstore.be\/fr\/pc\/design-pour-la-maison"},{"@type":"ListItem","position":4,"name":"Papier peint","item":"https:\/\/nationalstore.be\/fr\/pc\/design-pour-la-maison\/papier-peint"},{"@type":"ListItem","position":5,"name":"Pia Wallpaper"}]}]}},"_links":{"self":[{"href":"https:\/\/nationalstore.be\/fr\/wp-json\/wp\/v2\/product\/46742"}],"collection":[{"href":"https:\/\/nationalstore.be\/fr\/wp-json\/wp\/v2\/product"}],"about":[{"href":"https:\/\/nationalstore.be\/fr\/wp-json\/wp\/v2\/types\/product"}],"wp:featuredmedia":[{"embeddable":true,"href":"https:\/\/nationalstore.be\/fr\/wp-json\/wp\/v2\/media\/46713"}],"wp:attachment":[{"href":"https:\/\/nationalstore.be\/fr\/wp-json\/wp\/v2\/media?parent=46742"}],"wp:term":[{"taxonomy":"product_cat","embeddable":true,"href":"https:\/\/nationalstore.be\/fr\/wp-json\/wp\/v2\/product_cat?post=46742"},{"taxonomy":"product_tag","embeddable":true,"href":"https:\/\/nationalstore.be\/fr\/wp-json\/wp\/v2\/product_tag?post=46742"}],"curies":[{"name":"wp","href":"https:\/\/api.w.org\/{rel}","templated":true}]}}