{"id":46380,"date":"2022-12-13T22:32:04","date_gmt":"2022-12-13T21:32:05","guid":{"rendered":"https:\/\/nationalstore.be\/?post_type=product&#038;p=46380"},"modified":"2022-12-14T10:05:09","modified_gmt":"2022-12-14T09:05:09","slug":"multiple-choice-pillow-space-blue","status":"publish","type":"product","link":"https:\/\/nationalstore.be\/fr\/produit\/multiple-choice-pillow-space-blue","title":{"rendered":"Multiple Choice Pillow space blue"},"content":{"rendered":"<p>La\u00a0collection de coussins\u00a0&#8216;multiple choice&#8217; est n\u00e9e d&#8217;exp\u00e9riences spontan\u00e9es avec des textures et des couleurs de tricot,\u00a0pour une production durable.<\/p>\n<p>Les coussins &#8216;multiple choice&#8217; se d\u00e9clinent dans une vari\u00e9t\u00e9 de couleurs m\u00e9lang\u00e9es, du vert au rouille en passant par le bleu profond, cr\u00e9ant ainsi des motifs subtils et chaleureux. Le tricot volumineux offre une douceur suppl\u00e9mentaire.<br \/>\nLa collection est \u00e9cologique et durable : les\u00a0coussins\u00a0sont\u00a0tricot\u00e9s\u00a0\u00e0 partir de fils de denim belges recycl\u00e9s. Les fils de rebut du fabricant de tricot sont utilis\u00e9s pour obtenir la structure rembourr\u00e9e . Le coussin de remplissage amovible est m\u00eame compos\u00e9 de plumes de duvet recycl\u00e9es.<br \/>\nLa collection est Belge : l&#8217;ensemble de la production, du tricotage \u00e0 l&#8217;assemblage, a lieu dans une entreprise belge. Les fils de denim et les fermetures \u00e9clair sont fabriqu\u00e9es en Belgique.<\/p>\n<p>Les coussins sont produits en petites quantit\u00e9s mais sont disponibles dans un grand choix de couleurs.<\/p>\n","protected":false},"excerpt":{"rendered":"<ul>\n<li>Fil de denim belge recycl\u00e9, fil de laine de r\u00e9serve, lycra<\/li>\n<li>40 x 60 cm<\/li>\n<li>lavage en machine \u00e0 30\u00b0, programme laine douce, ne pas s\u00e9cher en machine<\/li>\n<li>\u00e9quip\u00e9 d&#8217;une fermeture \u00e9clair, coussin de remplissage amovible en plumes recycl\u00e9es<\/li>\n<\/ul>\n","protected":false},"featured_media":46283,"template":"","meta":[],"product_cat":[527,3382,2867,3342],"product_tag":[1936,878,2976,825,1168],"yoast_head":"<!-- This site is optimized with the Yoast SEO plugin v19.1 - https:\/\/yoast.com\/wordpress\/plugins\/seo\/ -->\n<title>Multiple Choice Pillow space blue | E-shop artistes belges<\/title>\n<meta name=\"description\" content=\"The Multiple Choice Pillow is knitted with belgian recycled denim yarn-made in Belgium-recycled materials-ecological and conscious design\" \/>\n<meta name=\"robots\" content=\"index, follow, max-snippet:-1, max-image-preview:large, max-video-preview:-1\" \/>\n<link rel=\"canonical\" href=\"https:\/\/nationalstore.be\/fr\/produit\/multiple-choice-pillow-space-blue\" \/>\n<meta property=\"og:locale\" content=\"fr_FR\" \/>\n<meta property=\"og:type\" content=\"article\" \/>\n<meta property=\"og:title\" content=\"Multiple Choice Pillow space blue | E-shop artistes belges\" \/>\n<meta property=\"og:description\" content=\"The Multiple Choice Pillow is knitted with belgian recycled denim yarn-made in Belgium-recycled materials-ecological and conscious design\" \/>\n<meta property=\"og:url\" content=\"https:\/\/nationalstore.be\/fr\/produit\/multiple-choice-pillow-space-blue\" \/>\n<meta property=\"og:site_name\" content=\"NATIONA(A)L ARTIST SUPERMARKET\" \/>\n<meta property=\"article:publisher\" content=\"https:\/\/www.facebook.com\/nationalstore\/?ref=br_rs\" \/>\n<meta property=\"article:modified_time\" content=\"2022-12-14T09:05:09+00:00\" \/>\n<meta property=\"og:image\" content=\"https:\/\/nationalstore.be\/wp-content\/uploads\/2022\/12\/VT-022022-61-scaled.jpg\" \/>\n\t<meta property=\"og:image:width\" content=\"2560\" \/>\n\t<meta property=\"og:image:height\" content=\"1707\" \/>\n\t<meta property=\"og:image:type\" content=\"image\/jpeg\" \/>\n<meta name=\"twitter:card\" content=\"summary_large_image\" \/>\n<meta name=\"twitter:site\" content=\"@Nationalstore\" \/>\n<meta name=\"twitter:label1\" content=\"Dur\u00e9e de lecture estim\u00e9e\" \/>\n\t<meta name=\"twitter:data1\" content=\"1 minute\" \/>\n<script type=\"application\/ld+json\" class=\"yoast-schema-graph\">{\"@context\":\"https:\/\/schema.org\",\"@graph\":[{\"@type\":\"Organization\",\"@id\":\"https:\/\/nationalstore.be\/fr#organization\",\"name\":\"NATIONA(A)L ARTIST MARKET\",\"url\":\"https:\/\/nationalstore.be\/fr\",\"sameAs\":[\"https:\/\/www.instagram.com\/nationalstore\/\",\"https:\/\/www.facebook.com\/nationalstore\/?ref=br_rs\",\"https:\/\/twitter.com\/Nationalstore\"],\"logo\":{\"@type\":\"ImageObject\",\"inLanguage\":\"fr-FR\",\"@id\":\"https:\/\/nationalstore.be\/fr#\/schema\/logo\/image\/\",\"url\":\"https:\/\/nationalstore.be\/wp-content\/uploads\/2024\/03\/nationaal-logo_mauve-cmjn.png\",\"contentUrl\":\"https:\/\/nationalstore.be\/wp-content\/uploads\/2024\/03\/nationaal-logo_mauve-cmjn.png\",\"width\":3475,\"height\":1352,\"caption\":\"NATIONA(A)L ARTIST MARKET\"},\"image\":{\"@id\":\"https:\/\/nationalstore.be\/fr#\/schema\/logo\/image\/\"}},{\"@type\":\"WebSite\",\"@id\":\"https:\/\/nationalstore.be\/fr#website\",\"url\":\"https:\/\/nationalstore.be\/fr\",\"name\":\"NATIONA(A)L ARTIST SUPERMARKET\",\"description\":\"\",\"publisher\":{\"@id\":\"https:\/\/nationalstore.be\/fr#organization\"},\"potentialAction\":[{\"@type\":\"SearchAction\",\"target\":{\"@type\":\"EntryPoint\",\"urlTemplate\":\"https:\/\/nationalstore.be\/fr?s={search_term_string}\"},\"query-input\":\"required name=search_term_string\"}],\"inLanguage\":\"fr-FR\"},{\"@type\":\"ImageObject\",\"inLanguage\":\"fr-FR\",\"@id\":\"https:\/\/nationalstore.be\/fr\/produit\/multiple-choice-pillow-space-blue#primaryimage\",\"url\":\"https:\/\/nationalstore.be\/wp-content\/uploads\/2022\/12\/VT-022022-61-scaled.jpg\",\"contentUrl\":\"https:\/\/nationalstore.be\/wp-content\/uploads\/2022\/12\/VT-022022-61-scaled.jpg\",\"width\":2560,\"height\":1707},{\"@type\":[\"WebPage\",\"ItemPage\"],\"@id\":\"https:\/\/nationalstore.be\/fr\/produit\/multiple-choice-pillow-space-blue#webpage\",\"url\":\"https:\/\/nationalstore.be\/fr\/produit\/multiple-choice-pillow-space-blue\",\"name\":\"Multiple Choice Pillow space blue | E-shop artistes belges\",\"isPartOf\":{\"@id\":\"https:\/\/nationalstore.be\/fr#website\"},\"primaryImageOfPage\":{\"@id\":\"https:\/\/nationalstore.be\/fr\/produit\/multiple-choice-pillow-space-blue#primaryimage\"},\"datePublished\":\"2022-12-13T21:32:05+00:00\",\"dateModified\":\"2022-12-14T09:05:09+00:00\",\"description\":\"The Multiple Choice Pillow is knitted with belgian recycled denim yarn-made in Belgium-recycled materials-ecological and conscious design\",\"breadcrumb\":{\"@id\":\"https:\/\/nationalstore.be\/fr\/produit\/multiple-choice-pillow-space-blue#breadcrumb\"},\"inLanguage\":\"fr-FR\",\"potentialAction\":[{\"@type\":\"ReadAction\",\"target\":[\"https:\/\/nationalstore.be\/fr\/produit\/multiple-choice-pillow-space-blue\"]}]},{\"@type\":\"BreadcrumbList\",\"@id\":\"https:\/\/nationalstore.be\/fr\/produit\/multiple-choice-pillow-space-blue#breadcrumb\",\"itemListElement\":[{\"@type\":\"ListItem\",\"position\":1,\"name\":\"Home\",\"item\":\"https:\/\/nationalstore.be\/fr\"},{\"@type\":\"ListItem\",\"position\":2,\"name\":\"Produits\",\"item\":\"https:\/\/nationalstore.be\/fr\/shop\"},{\"@type\":\"ListItem\",\"position\":3,\"name\":\"Design pour la maison\",\"item\":\"https:\/\/nationalstore.be\/fr\/pc\/design-pour-la-maison\"},{\"@type\":\"ListItem\",\"position\":4,\"name\":\"Textile\",\"item\":\"https:\/\/nationalstore.be\/fr\/pc\/design-pour-la-maison\/textile-fr\"},{\"@type\":\"ListItem\",\"position\":5,\"name\":\"Multiple Choice Pillow space blue\"}]}]}<\/script>\n<!-- \/ Yoast SEO plugin. -->","yoast_head_json":{"title":"Multiple Choice Pillow space blue | E-shop artistes belges","description":"The Multiple Choice Pillow is knitted with belgian recycled denim yarn-made in Belgium-recycled materials-ecological and conscious design","robots":{"index":"index","follow":"follow","max-snippet":"max-snippet:-1","max-image-preview":"max-image-preview:large","max-video-preview":"max-video-preview:-1"},"canonical":"https:\/\/nationalstore.be\/fr\/produit\/multiple-choice-pillow-space-blue","og_locale":"fr_FR","og_type":"article","og_title":"Multiple Choice Pillow space blue | E-shop artistes belges","og_description":"The Multiple Choice Pillow is knitted with belgian recycled denim yarn-made in Belgium-recycled materials-ecological and conscious design","og_url":"https:\/\/nationalstore.be\/fr\/produit\/multiple-choice-pillow-space-blue","og_site_name":"NATIONA(A)L ARTIST SUPERMARKET","article_publisher":"https:\/\/www.facebook.com\/nationalstore\/?ref=br_rs","article_modified_time":"2022-12-14T09:05:09+00:00","og_image":[{"width":2560,"height":1707,"url":"https:\/\/nationalstore.be\/wp-content\/uploads\/2022\/12\/VT-022022-61-scaled.jpg","type":"image\/jpeg"}],"twitter_card":"summary_large_image","twitter_site":"@Nationalstore","twitter_misc":{"Dur\u00e9e de lecture estim\u00e9e":"1 minute"},"schema":{"@context":"https:\/\/schema.org","@graph":[{"@type":"Organization","@id":"https:\/\/nationalstore.be\/fr#organization","name":"NATIONA(A)L ARTIST MARKET","url":"https:\/\/nationalstore.be\/fr","sameAs":["https:\/\/www.instagram.com\/nationalstore\/","https:\/\/www.facebook.com\/nationalstore\/?ref=br_rs","https:\/\/twitter.com\/Nationalstore"],"logo":{"@type":"ImageObject","inLanguage":"fr-FR","@id":"https:\/\/nationalstore.be\/fr#\/schema\/logo\/image\/","url":"https:\/\/nationalstore.be\/wp-content\/uploads\/2024\/03\/nationaal-logo_mauve-cmjn.png","contentUrl":"https:\/\/nationalstore.be\/wp-content\/uploads\/2024\/03\/nationaal-logo_mauve-cmjn.png","width":3475,"height":1352,"caption":"NATIONA(A)L ARTIST MARKET"},"image":{"@id":"https:\/\/nationalstore.be\/fr#\/schema\/logo\/image\/"}},{"@type":"WebSite","@id":"https:\/\/nationalstore.be\/fr#website","url":"https:\/\/nationalstore.be\/fr","name":"NATIONA(A)L ARTIST SUPERMARKET","description":"","publisher":{"@id":"https:\/\/nationalstore.be\/fr#organization"},"potentialAction":[{"@type":"SearchAction","target":{"@type":"EntryPoint","urlTemplate":"https:\/\/nationalstore.be\/fr?s={search_term_string}"},"query-input":"required name=search_term_string"}],"inLanguage":"fr-FR"},{"@type":"ImageObject","inLanguage":"fr-FR","@id":"https:\/\/nationalstore.be\/fr\/produit\/multiple-choice-pillow-space-blue#primaryimage","url":"https:\/\/nationalstore.be\/wp-content\/uploads\/2022\/12\/VT-022022-61-scaled.jpg","contentUrl":"https:\/\/nationalstore.be\/wp-content\/uploads\/2022\/12\/VT-022022-61-scaled.jpg","width":2560,"height":1707},{"@type":["WebPage","ItemPage"],"@id":"https:\/\/nationalstore.be\/fr\/produit\/multiple-choice-pillow-space-blue#webpage","url":"https:\/\/nationalstore.be\/fr\/produit\/multiple-choice-pillow-space-blue","name":"Multiple Choice Pillow space blue | E-shop artistes belges","isPartOf":{"@id":"https:\/\/nationalstore.be\/fr#website"},"primaryImageOfPage":{"@id":"https:\/\/nationalstore.be\/fr\/produit\/multiple-choice-pillow-space-blue#primaryimage"},"datePublished":"2022-12-13T21:32:05+00:00","dateModified":"2022-12-14T09:05:09+00:00","description":"The Multiple Choice Pillow is knitted with belgian recycled denim yarn-made in Belgium-recycled materials-ecological and conscious design","breadcrumb":{"@id":"https:\/\/nationalstore.be\/fr\/produit\/multiple-choice-pillow-space-blue#breadcrumb"},"inLanguage":"fr-FR","potentialAction":[{"@type":"ReadAction","target":["https:\/\/nationalstore.be\/fr\/produit\/multiple-choice-pillow-space-blue"]}]},{"@type":"BreadcrumbList","@id":"https:\/\/nationalstore.be\/fr\/produit\/multiple-choice-pillow-space-blue#breadcrumb","itemListElement":[{"@type":"ListItem","position":1,"name":"Home","item":"https:\/\/nationalstore.be\/fr"},{"@type":"ListItem","position":2,"name":"Produits","item":"https:\/\/nationalstore.be\/fr\/shop"},{"@type":"ListItem","position":3,"name":"Design pour la maison","item":"https:\/\/nationalstore.be\/fr\/pc\/design-pour-la-maison"},{"@type":"ListItem","position":4,"name":"Textile","item":"https:\/\/nationalstore.be\/fr\/pc\/design-pour-la-maison\/textile-fr"},{"@type":"ListItem","position":5,"name":"Multiple Choice Pillow space blue"}]}]}},"_links":{"self":[{"href":"https:\/\/nationalstore.be\/fr\/wp-json\/wp\/v2\/product\/46380"}],"collection":[{"href":"https:\/\/nationalstore.be\/fr\/wp-json\/wp\/v2\/product"}],"about":[{"href":"https:\/\/nationalstore.be\/fr\/wp-json\/wp\/v2\/types\/product"}],"wp:featuredmedia":[{"embeddable":true,"href":"https:\/\/nationalstore.be\/fr\/wp-json\/wp\/v2\/media\/46283"}],"wp:attachment":[{"href":"https:\/\/nationalstore.be\/fr\/wp-json\/wp\/v2\/media?parent=46380"}],"wp:term":[{"taxonomy":"product_cat","embeddable":true,"href":"https:\/\/nationalstore.be\/fr\/wp-json\/wp\/v2\/product_cat?post=46380"},{"taxonomy":"product_tag","embeddable":true,"href":"https:\/\/nationalstore.be\/fr\/wp-json\/wp\/v2\/product_tag?post=46380"}],"curies":[{"name":"wp","href":"https:\/\/api.w.org\/{rel}","templated":true}]}}