{"id":45359,"date":"2022-11-25T22:06:14","date_gmt":"2022-11-25T21:06:17","guid":{"rendered":"https:\/\/nationalstore.be\/?post_type=product&#038;p=45359"},"modified":"2022-11-28T11:36:12","modified_gmt":"2022-11-28T10:36:12","slug":"ring-clarity","status":"publish","type":"product","link":"https:\/\/nationalstore.be\/fr\/produit\/ring-clarity","title":{"rendered":"Ring Clarity"},"content":{"rendered":"<p>Mat\u00e9riau<\/p>\n<p>argent 925, am\u00e9thyste verte<\/p>\n","protected":false},"excerpt":{"rendered":"<p>La bague Clarity peut \u00eatre combin\u00e9e facilement avec des basiques de tous les jours tout en rehaussant votre style. La subtilit\u00e9 de cette cr\u00e9ation illuminera vos journ\u00e9es et accompagnera vos moments importants.<\/p>\n<p>R\u00eavez et brillez avec Len\u00f9 Jewellery.<\/p>\n","protected":false},"featured_media":44734,"template":"","meta":[],"product_cat":[552,529],"product_tag":[1272,3327,827,1168],"yoast_head":"<!-- This site is optimized with the Yoast SEO plugin v19.1 - https:\/\/yoast.com\/wordpress\/plugins\/seo\/ -->\n<title>Ring Clarity | E-shop artistes belges<\/title>\n<meta name=\"description\" content=\"The ring Clarity is the perfect trademark piece in your jewellery collection. Enjoy the elegant ring and combine it with all your most precious jewels.\" \/>\n<meta name=\"robots\" content=\"index, follow, max-snippet:-1, max-image-preview:large, max-video-preview:-1\" \/>\n<link rel=\"canonical\" href=\"https:\/\/nationalstore.be\/fr\/produit\/ring-clarity\" \/>\n<meta property=\"og:locale\" content=\"fr_FR\" \/>\n<meta property=\"og:type\" content=\"article\" \/>\n<meta property=\"og:title\" content=\"Ring Clarity | E-shop artistes belges\" \/>\n<meta property=\"og:description\" content=\"The ring Clarity is the perfect trademark piece in your jewellery collection. Enjoy the elegant ring and combine it with all your most precious jewels.\" \/>\n<meta property=\"og:url\" content=\"https:\/\/nationalstore.be\/fr\/produit\/ring-clarity\" \/>\n<meta property=\"og:site_name\" content=\"NATIONA(A)L ARTIST SUPERMARKET\" \/>\n<meta property=\"article:publisher\" content=\"https:\/\/www.facebook.com\/nationalstore\/?ref=br_rs\" \/>\n<meta property=\"article:modified_time\" content=\"2022-11-28T10:36:12+00:00\" \/>\n<meta property=\"og:image\" content=\"https:\/\/nationalstore.be\/wp-content\/uploads\/2022\/11\/LENU-jewellery-ring-2-e1669065614705.jpg\" \/>\n\t<meta property=\"og:image:width\" content=\"2162\" \/>\n\t<meta property=\"og:image:height\" content=\"1533\" \/>\n\t<meta property=\"og:image:type\" content=\"image\/jpeg\" \/>\n<meta name=\"twitter:card\" content=\"summary_large_image\" \/>\n<meta name=\"twitter:site\" content=\"@Nationalstore\" \/>\n<script type=\"application\/ld+json\" class=\"yoast-schema-graph\">{\"@context\":\"https:\/\/schema.org\",\"@graph\":[{\"@type\":\"Organization\",\"@id\":\"https:\/\/nationalstore.be\/fr#organization\",\"name\":\"NATIONA(A)L ARTIST MARKET\",\"url\":\"https:\/\/nationalstore.be\/fr\",\"sameAs\":[\"https:\/\/www.instagram.com\/nationalstore\/\",\"https:\/\/www.facebook.com\/nationalstore\/?ref=br_rs\",\"https:\/\/twitter.com\/Nationalstore\"],\"logo\":{\"@type\":\"ImageObject\",\"inLanguage\":\"fr-FR\",\"@id\":\"https:\/\/nationalstore.be\/fr#\/schema\/logo\/image\/\",\"url\":\"https:\/\/nationalstore.be\/wp-content\/uploads\/2024\/03\/nationaal-logo_mauve-cmjn.png\",\"contentUrl\":\"https:\/\/nationalstore.be\/wp-content\/uploads\/2024\/03\/nationaal-logo_mauve-cmjn.png\",\"width\":3475,\"height\":1352,\"caption\":\"NATIONA(A)L ARTIST MARKET\"},\"image\":{\"@id\":\"https:\/\/nationalstore.be\/fr#\/schema\/logo\/image\/\"}},{\"@type\":\"WebSite\",\"@id\":\"https:\/\/nationalstore.be\/fr#website\",\"url\":\"https:\/\/nationalstore.be\/fr\",\"name\":\"NATIONA(A)L ARTIST SUPERMARKET\",\"description\":\"\",\"publisher\":{\"@id\":\"https:\/\/nationalstore.be\/fr#organization\"},\"potentialAction\":[{\"@type\":\"SearchAction\",\"target\":{\"@type\":\"EntryPoint\",\"urlTemplate\":\"https:\/\/nationalstore.be\/fr?s={search_term_string}\"},\"query-input\":\"required name=search_term_string\"}],\"inLanguage\":\"fr-FR\"},{\"@type\":\"ImageObject\",\"inLanguage\":\"fr-FR\",\"@id\":\"https:\/\/nationalstore.be\/fr\/produit\/ring-clarity#primaryimage\",\"url\":\"https:\/\/nationalstore.be\/wp-content\/uploads\/2022\/11\/LENU-jewellery-ring-2-e1669065614705.jpg\",\"contentUrl\":\"https:\/\/nationalstore.be\/wp-content\/uploads\/2022\/11\/LENU-jewellery-ring-2-e1669065614705.jpg\",\"width\":2162,\"height\":1533},{\"@type\":[\"WebPage\",\"ItemPage\"],\"@id\":\"https:\/\/nationalstore.be\/fr\/produit\/ring-clarity#webpage\",\"url\":\"https:\/\/nationalstore.be\/fr\/produit\/ring-clarity\",\"name\":\"Ring Clarity | E-shop artistes belges\",\"isPartOf\":{\"@id\":\"https:\/\/nationalstore.be\/fr#website\"},\"primaryImageOfPage\":{\"@id\":\"https:\/\/nationalstore.be\/fr\/produit\/ring-clarity#primaryimage\"},\"datePublished\":\"2022-11-25T21:06:17+00:00\",\"dateModified\":\"2022-11-28T10:36:12+00:00\",\"description\":\"The ring Clarity is the perfect trademark piece in your jewellery collection. Enjoy the elegant ring and combine it with all your most precious jewels.\",\"breadcrumb\":{\"@id\":\"https:\/\/nationalstore.be\/fr\/produit\/ring-clarity#breadcrumb\"},\"inLanguage\":\"fr-FR\",\"potentialAction\":[{\"@type\":\"ReadAction\",\"target\":[\"https:\/\/nationalstore.be\/fr\/produit\/ring-clarity\"]}]},{\"@type\":\"BreadcrumbList\",\"@id\":\"https:\/\/nationalstore.be\/fr\/produit\/ring-clarity#breadcrumb\",\"itemListElement\":[{\"@type\":\"ListItem\",\"position\":1,\"name\":\"Home\",\"item\":\"https:\/\/nationalstore.be\/fr\"},{\"@type\":\"ListItem\",\"position\":2,\"name\":\"Produits\",\"item\":\"https:\/\/nationalstore.be\/fr\/shop\"},{\"@type\":\"ListItem\",\"position\":3,\"name\":\"Mode &amp; Accessoires\",\"item\":\"https:\/\/nationalstore.be\/fr\/pc\/mode\"},{\"@type\":\"ListItem\",\"position\":4,\"name\":\"Bijoux\",\"item\":\"https:\/\/nationalstore.be\/fr\/pc\/mode\/bijoux\"},{\"@type\":\"ListItem\",\"position\":5,\"name\":\"Ring Clarity\"}]}]}<\/script>\n<!-- \/ Yoast SEO plugin. -->","yoast_head_json":{"title":"Ring Clarity | E-shop artistes belges","description":"The ring Clarity is the perfect trademark piece in your jewellery collection. Enjoy the elegant ring and combine it with all your most precious jewels.","robots":{"index":"index","follow":"follow","max-snippet":"max-snippet:-1","max-image-preview":"max-image-preview:large","max-video-preview":"max-video-preview:-1"},"canonical":"https:\/\/nationalstore.be\/fr\/produit\/ring-clarity","og_locale":"fr_FR","og_type":"article","og_title":"Ring Clarity | E-shop artistes belges","og_description":"The ring Clarity is the perfect trademark piece in your jewellery collection. Enjoy the elegant ring and combine it with all your most precious jewels.","og_url":"https:\/\/nationalstore.be\/fr\/produit\/ring-clarity","og_site_name":"NATIONA(A)L ARTIST SUPERMARKET","article_publisher":"https:\/\/www.facebook.com\/nationalstore\/?ref=br_rs","article_modified_time":"2022-11-28T10:36:12+00:00","og_image":[{"width":2162,"height":1533,"url":"https:\/\/nationalstore.be\/wp-content\/uploads\/2022\/11\/LENU-jewellery-ring-2-e1669065614705.jpg","type":"image\/jpeg"}],"twitter_card":"summary_large_image","twitter_site":"@Nationalstore","schema":{"@context":"https:\/\/schema.org","@graph":[{"@type":"Organization","@id":"https:\/\/nationalstore.be\/fr#organization","name":"NATIONA(A)L ARTIST MARKET","url":"https:\/\/nationalstore.be\/fr","sameAs":["https:\/\/www.instagram.com\/nationalstore\/","https:\/\/www.facebook.com\/nationalstore\/?ref=br_rs","https:\/\/twitter.com\/Nationalstore"],"logo":{"@type":"ImageObject","inLanguage":"fr-FR","@id":"https:\/\/nationalstore.be\/fr#\/schema\/logo\/image\/","url":"https:\/\/nationalstore.be\/wp-content\/uploads\/2024\/03\/nationaal-logo_mauve-cmjn.png","contentUrl":"https:\/\/nationalstore.be\/wp-content\/uploads\/2024\/03\/nationaal-logo_mauve-cmjn.png","width":3475,"height":1352,"caption":"NATIONA(A)L ARTIST MARKET"},"image":{"@id":"https:\/\/nationalstore.be\/fr#\/schema\/logo\/image\/"}},{"@type":"WebSite","@id":"https:\/\/nationalstore.be\/fr#website","url":"https:\/\/nationalstore.be\/fr","name":"NATIONA(A)L ARTIST SUPERMARKET","description":"","publisher":{"@id":"https:\/\/nationalstore.be\/fr#organization"},"potentialAction":[{"@type":"SearchAction","target":{"@type":"EntryPoint","urlTemplate":"https:\/\/nationalstore.be\/fr?s={search_term_string}"},"query-input":"required name=search_term_string"}],"inLanguage":"fr-FR"},{"@type":"ImageObject","inLanguage":"fr-FR","@id":"https:\/\/nationalstore.be\/fr\/produit\/ring-clarity#primaryimage","url":"https:\/\/nationalstore.be\/wp-content\/uploads\/2022\/11\/LENU-jewellery-ring-2-e1669065614705.jpg","contentUrl":"https:\/\/nationalstore.be\/wp-content\/uploads\/2022\/11\/LENU-jewellery-ring-2-e1669065614705.jpg","width":2162,"height":1533},{"@type":["WebPage","ItemPage"],"@id":"https:\/\/nationalstore.be\/fr\/produit\/ring-clarity#webpage","url":"https:\/\/nationalstore.be\/fr\/produit\/ring-clarity","name":"Ring Clarity | E-shop artistes belges","isPartOf":{"@id":"https:\/\/nationalstore.be\/fr#website"},"primaryImageOfPage":{"@id":"https:\/\/nationalstore.be\/fr\/produit\/ring-clarity#primaryimage"},"datePublished":"2022-11-25T21:06:17+00:00","dateModified":"2022-11-28T10:36:12+00:00","description":"The ring Clarity is the perfect trademark piece in your jewellery collection. Enjoy the elegant ring and combine it with all your most precious jewels.","breadcrumb":{"@id":"https:\/\/nationalstore.be\/fr\/produit\/ring-clarity#breadcrumb"},"inLanguage":"fr-FR","potentialAction":[{"@type":"ReadAction","target":["https:\/\/nationalstore.be\/fr\/produit\/ring-clarity"]}]},{"@type":"BreadcrumbList","@id":"https:\/\/nationalstore.be\/fr\/produit\/ring-clarity#breadcrumb","itemListElement":[{"@type":"ListItem","position":1,"name":"Home","item":"https:\/\/nationalstore.be\/fr"},{"@type":"ListItem","position":2,"name":"Produits","item":"https:\/\/nationalstore.be\/fr\/shop"},{"@type":"ListItem","position":3,"name":"Mode &amp; Accessoires","item":"https:\/\/nationalstore.be\/fr\/pc\/mode"},{"@type":"ListItem","position":4,"name":"Bijoux","item":"https:\/\/nationalstore.be\/fr\/pc\/mode\/bijoux"},{"@type":"ListItem","position":5,"name":"Ring Clarity"}]}]}},"_links":{"self":[{"href":"https:\/\/nationalstore.be\/fr\/wp-json\/wp\/v2\/product\/45359"}],"collection":[{"href":"https:\/\/nationalstore.be\/fr\/wp-json\/wp\/v2\/product"}],"about":[{"href":"https:\/\/nationalstore.be\/fr\/wp-json\/wp\/v2\/types\/product"}],"wp:featuredmedia":[{"embeddable":true,"href":"https:\/\/nationalstore.be\/fr\/wp-json\/wp\/v2\/media\/44734"}],"wp:attachment":[{"href":"https:\/\/nationalstore.be\/fr\/wp-json\/wp\/v2\/media?parent=45359"}],"wp:term":[{"taxonomy":"product_cat","embeddable":true,"href":"https:\/\/nationalstore.be\/fr\/wp-json\/wp\/v2\/product_cat?post=45359"},{"taxonomy":"product_tag","embeddable":true,"href":"https:\/\/nationalstore.be\/fr\/wp-json\/wp\/v2\/product_tag?post=45359"}],"curies":[{"name":"wp","href":"https:\/\/api.w.org\/{rel}","templated":true}]}}