{"id":45311,"date":"2022-11-25T20:52:55","date_gmt":"2022-11-25T19:52:55","guid":{"rendered":"https:\/\/nationalstore.be\/?post_type=product&#038;p=45311"},"modified":"2022-11-28T13:22:10","modified_gmt":"2022-11-28T12:22:10","slug":"creoles-silver-wind-no-1","status":"publish","type":"product","link":"https:\/\/nationalstore.be\/fr\/produit\/creoles-silver-wind-no-1","title":{"rendered":"Cr\u00e9oles Silver Wind No.1"},"content":{"rendered":"<p>Mat\u00e9riau<\/p>\n<p>fil argent 0.7 mm, diam\u00e8tre 2.5 cm<\/p>\n","protected":false},"excerpt":{"rendered":"<p>Les boucles d&#8217;oreilles Cr\u00e9oles Silver Wind No.1 peuvent \u00eatre combin\u00e9es facilement avec des basiques de tous les jours tout en rehaussant votre style. La subtilit\u00e9 de cette cr\u00e9ation illuminera vos journ\u00e9es et accompagnera vos moments importants. Ajoutez une touche unique \u00e0 votre style.<\/p>\n","protected":false},"featured_media":45327,"template":"","meta":[],"product_cat":[552,529],"product_tag":[1272,3327,827,1168],"yoast_head":"<!-- This site is optimized with the Yoast SEO plugin v19.1 - https:\/\/yoast.com\/wordpress\/plugins\/seo\/ -->\n<title>Cr\u00e9oles Silver Wind No.1 | E-shop artistes belges<\/title>\n<meta name=\"description\" content=\"The Cr\u00e9oles Silver Wind grands can be combined with everyday wardrobe basics while elevating your style.\" \/>\n<meta name=\"robots\" content=\"index, follow, max-snippet:-1, max-image-preview:large, max-video-preview:-1\" \/>\n<link rel=\"canonical\" href=\"https:\/\/nationalstore.be\/fr\/produit\/creoles-silver-wind-no-1\" \/>\n<meta property=\"og:locale\" content=\"fr_FR\" \/>\n<meta property=\"og:type\" content=\"article\" \/>\n<meta property=\"og:title\" content=\"Cr\u00e9oles Silver Wind No.1 | E-shop artistes belges\" \/>\n<meta property=\"og:description\" content=\"The Cr\u00e9oles Silver Wind grands can be combined with everyday wardrobe basics while elevating your style.\" \/>\n<meta property=\"og:url\" content=\"https:\/\/nationalstore.be\/fr\/produit\/creoles-silver-wind-no-1\" \/>\n<meta property=\"og:site_name\" content=\"NATIONA(A)L ARTIST SUPERMARKET\" \/>\n<meta property=\"article:publisher\" content=\"https:\/\/www.facebook.com\/nationalstore\/?ref=br_rs\" \/>\n<meta property=\"article:modified_time\" content=\"2022-11-28T12:22:10+00:00\" \/>\n<meta property=\"og:image\" content=\"https:\/\/nationalstore.be\/wp-content\/uploads\/2022\/11\/creoles-silver2narionalmarkt.jpg\" \/>\n\t<meta property=\"og:image:width\" content=\"2183\" \/>\n\t<meta property=\"og:image:height\" content=\"2027\" \/>\n\t<meta property=\"og:image:type\" content=\"image\/jpeg\" \/>\n<meta name=\"twitter:card\" content=\"summary_large_image\" \/>\n<meta name=\"twitter:site\" content=\"@Nationalstore\" \/>\n<script type=\"application\/ld+json\" class=\"yoast-schema-graph\">{\"@context\":\"https:\/\/schema.org\",\"@graph\":[{\"@type\":\"Organization\",\"@id\":\"https:\/\/nationalstore.be\/fr#organization\",\"name\":\"NATIONA(A)L ARTIST MARKET\",\"url\":\"https:\/\/nationalstore.be\/fr\",\"sameAs\":[\"https:\/\/www.instagram.com\/nationalstore\/\",\"https:\/\/www.facebook.com\/nationalstore\/?ref=br_rs\",\"https:\/\/twitter.com\/Nationalstore\"],\"logo\":{\"@type\":\"ImageObject\",\"inLanguage\":\"fr-FR\",\"@id\":\"https:\/\/nationalstore.be\/fr#\/schema\/logo\/image\/\",\"url\":\"https:\/\/nationalstore.be\/wp-content\/uploads\/2024\/03\/nationaal-logo_mauve-cmjn.png\",\"contentUrl\":\"https:\/\/nationalstore.be\/wp-content\/uploads\/2024\/03\/nationaal-logo_mauve-cmjn.png\",\"width\":3475,\"height\":1352,\"caption\":\"NATIONA(A)L ARTIST MARKET\"},\"image\":{\"@id\":\"https:\/\/nationalstore.be\/fr#\/schema\/logo\/image\/\"}},{\"@type\":\"WebSite\",\"@id\":\"https:\/\/nationalstore.be\/fr#website\",\"url\":\"https:\/\/nationalstore.be\/fr\",\"name\":\"NATIONA(A)L ARTIST SUPERMARKET\",\"description\":\"\",\"publisher\":{\"@id\":\"https:\/\/nationalstore.be\/fr#organization\"},\"potentialAction\":[{\"@type\":\"SearchAction\",\"target\":{\"@type\":\"EntryPoint\",\"urlTemplate\":\"https:\/\/nationalstore.be\/fr?s={search_term_string}\"},\"query-input\":\"required name=search_term_string\"}],\"inLanguage\":\"fr-FR\"},{\"@type\":\"ImageObject\",\"inLanguage\":\"fr-FR\",\"@id\":\"https:\/\/nationalstore.be\/fr\/produit\/creoles-silver-wind-no-1#primaryimage\",\"url\":\"https:\/\/nationalstore.be\/wp-content\/uploads\/2022\/11\/creoles-silver2narionalmarkt.jpg\",\"contentUrl\":\"https:\/\/nationalstore.be\/wp-content\/uploads\/2022\/11\/creoles-silver2narionalmarkt.jpg\",\"width\":2183,\"height\":2027},{\"@type\":[\"WebPage\",\"ItemPage\"],\"@id\":\"https:\/\/nationalstore.be\/fr\/produit\/creoles-silver-wind-no-1#webpage\",\"url\":\"https:\/\/nationalstore.be\/fr\/produit\/creoles-silver-wind-no-1\",\"name\":\"Cr\u00e9oles Silver Wind No.1 | E-shop artistes belges\",\"isPartOf\":{\"@id\":\"https:\/\/nationalstore.be\/fr#website\"},\"primaryImageOfPage\":{\"@id\":\"https:\/\/nationalstore.be\/fr\/produit\/creoles-silver-wind-no-1#primaryimage\"},\"datePublished\":\"2022-11-25T19:52:55+00:00\",\"dateModified\":\"2022-11-28T12:22:10+00:00\",\"description\":\"The Cr\u00e9oles Silver Wind grands can be combined with everyday wardrobe basics while elevating your style.\",\"breadcrumb\":{\"@id\":\"https:\/\/nationalstore.be\/fr\/produit\/creoles-silver-wind-no-1#breadcrumb\"},\"inLanguage\":\"fr-FR\",\"potentialAction\":[{\"@type\":\"ReadAction\",\"target\":[\"https:\/\/nationalstore.be\/fr\/produit\/creoles-silver-wind-no-1\"]}]},{\"@type\":\"BreadcrumbList\",\"@id\":\"https:\/\/nationalstore.be\/fr\/produit\/creoles-silver-wind-no-1#breadcrumb\",\"itemListElement\":[{\"@type\":\"ListItem\",\"position\":1,\"name\":\"Home\",\"item\":\"https:\/\/nationalstore.be\/fr\"},{\"@type\":\"ListItem\",\"position\":2,\"name\":\"Produits\",\"item\":\"https:\/\/nationalstore.be\/fr\/shop\"},{\"@type\":\"ListItem\",\"position\":3,\"name\":\"Mode &amp; Accessoires\",\"item\":\"https:\/\/nationalstore.be\/fr\/pc\/mode\"},{\"@type\":\"ListItem\",\"position\":4,\"name\":\"Bijoux\",\"item\":\"https:\/\/nationalstore.be\/fr\/pc\/mode\/bijoux\"},{\"@type\":\"ListItem\",\"position\":5,\"name\":\"Cr\u00e9oles Silver Wind No.1\"}]}]}<\/script>\n<!-- \/ Yoast SEO plugin. -->","yoast_head_json":{"title":"Cr\u00e9oles Silver Wind No.1 | E-shop artistes belges","description":"The Cr\u00e9oles Silver Wind grands can be combined with everyday wardrobe basics while elevating your style.","robots":{"index":"index","follow":"follow","max-snippet":"max-snippet:-1","max-image-preview":"max-image-preview:large","max-video-preview":"max-video-preview:-1"},"canonical":"https:\/\/nationalstore.be\/fr\/produit\/creoles-silver-wind-no-1","og_locale":"fr_FR","og_type":"article","og_title":"Cr\u00e9oles Silver Wind No.1 | E-shop artistes belges","og_description":"The Cr\u00e9oles Silver Wind grands can be combined with everyday wardrobe basics while elevating your style.","og_url":"https:\/\/nationalstore.be\/fr\/produit\/creoles-silver-wind-no-1","og_site_name":"NATIONA(A)L ARTIST SUPERMARKET","article_publisher":"https:\/\/www.facebook.com\/nationalstore\/?ref=br_rs","article_modified_time":"2022-11-28T12:22:10+00:00","og_image":[{"width":2183,"height":2027,"url":"https:\/\/nationalstore.be\/wp-content\/uploads\/2022\/11\/creoles-silver2narionalmarkt.jpg","type":"image\/jpeg"}],"twitter_card":"summary_large_image","twitter_site":"@Nationalstore","schema":{"@context":"https:\/\/schema.org","@graph":[{"@type":"Organization","@id":"https:\/\/nationalstore.be\/fr#organization","name":"NATIONA(A)L ARTIST MARKET","url":"https:\/\/nationalstore.be\/fr","sameAs":["https:\/\/www.instagram.com\/nationalstore\/","https:\/\/www.facebook.com\/nationalstore\/?ref=br_rs","https:\/\/twitter.com\/Nationalstore"],"logo":{"@type":"ImageObject","inLanguage":"fr-FR","@id":"https:\/\/nationalstore.be\/fr#\/schema\/logo\/image\/","url":"https:\/\/nationalstore.be\/wp-content\/uploads\/2024\/03\/nationaal-logo_mauve-cmjn.png","contentUrl":"https:\/\/nationalstore.be\/wp-content\/uploads\/2024\/03\/nationaal-logo_mauve-cmjn.png","width":3475,"height":1352,"caption":"NATIONA(A)L ARTIST MARKET"},"image":{"@id":"https:\/\/nationalstore.be\/fr#\/schema\/logo\/image\/"}},{"@type":"WebSite","@id":"https:\/\/nationalstore.be\/fr#website","url":"https:\/\/nationalstore.be\/fr","name":"NATIONA(A)L ARTIST SUPERMARKET","description":"","publisher":{"@id":"https:\/\/nationalstore.be\/fr#organization"},"potentialAction":[{"@type":"SearchAction","target":{"@type":"EntryPoint","urlTemplate":"https:\/\/nationalstore.be\/fr?s={search_term_string}"},"query-input":"required name=search_term_string"}],"inLanguage":"fr-FR"},{"@type":"ImageObject","inLanguage":"fr-FR","@id":"https:\/\/nationalstore.be\/fr\/produit\/creoles-silver-wind-no-1#primaryimage","url":"https:\/\/nationalstore.be\/wp-content\/uploads\/2022\/11\/creoles-silver2narionalmarkt.jpg","contentUrl":"https:\/\/nationalstore.be\/wp-content\/uploads\/2022\/11\/creoles-silver2narionalmarkt.jpg","width":2183,"height":2027},{"@type":["WebPage","ItemPage"],"@id":"https:\/\/nationalstore.be\/fr\/produit\/creoles-silver-wind-no-1#webpage","url":"https:\/\/nationalstore.be\/fr\/produit\/creoles-silver-wind-no-1","name":"Cr\u00e9oles Silver Wind No.1 | E-shop artistes belges","isPartOf":{"@id":"https:\/\/nationalstore.be\/fr#website"},"primaryImageOfPage":{"@id":"https:\/\/nationalstore.be\/fr\/produit\/creoles-silver-wind-no-1#primaryimage"},"datePublished":"2022-11-25T19:52:55+00:00","dateModified":"2022-11-28T12:22:10+00:00","description":"The Cr\u00e9oles Silver Wind grands can be combined with everyday wardrobe basics while elevating your style.","breadcrumb":{"@id":"https:\/\/nationalstore.be\/fr\/produit\/creoles-silver-wind-no-1#breadcrumb"},"inLanguage":"fr-FR","potentialAction":[{"@type":"ReadAction","target":["https:\/\/nationalstore.be\/fr\/produit\/creoles-silver-wind-no-1"]}]},{"@type":"BreadcrumbList","@id":"https:\/\/nationalstore.be\/fr\/produit\/creoles-silver-wind-no-1#breadcrumb","itemListElement":[{"@type":"ListItem","position":1,"name":"Home","item":"https:\/\/nationalstore.be\/fr"},{"@type":"ListItem","position":2,"name":"Produits","item":"https:\/\/nationalstore.be\/fr\/shop"},{"@type":"ListItem","position":3,"name":"Mode &amp; Accessoires","item":"https:\/\/nationalstore.be\/fr\/pc\/mode"},{"@type":"ListItem","position":4,"name":"Bijoux","item":"https:\/\/nationalstore.be\/fr\/pc\/mode\/bijoux"},{"@type":"ListItem","position":5,"name":"Cr\u00e9oles Silver Wind No.1"}]}]}},"_links":{"self":[{"href":"https:\/\/nationalstore.be\/fr\/wp-json\/wp\/v2\/product\/45311"}],"collection":[{"href":"https:\/\/nationalstore.be\/fr\/wp-json\/wp\/v2\/product"}],"about":[{"href":"https:\/\/nationalstore.be\/fr\/wp-json\/wp\/v2\/types\/product"}],"wp:featuredmedia":[{"embeddable":true,"href":"https:\/\/nationalstore.be\/fr\/wp-json\/wp\/v2\/media\/45327"}],"wp:attachment":[{"href":"https:\/\/nationalstore.be\/fr\/wp-json\/wp\/v2\/media?parent=45311"}],"wp:term":[{"taxonomy":"product_cat","embeddable":true,"href":"https:\/\/nationalstore.be\/fr\/wp-json\/wp\/v2\/product_cat?post=45311"},{"taxonomy":"product_tag","embeddable":true,"href":"https:\/\/nationalstore.be\/fr\/wp-json\/wp\/v2\/product_tag?post=45311"}],"curies":[{"name":"wp","href":"https:\/\/api.w.org\/{rel}","templated":true}]}}