{"id":42480,"date":"2020-12-09T14:46:06","date_gmt":"2020-12-09T13:46:06","guid":{"rendered":"https:\/\/nationalstore.be\/product\/hinterland-exil-interieur"},"modified":"2020-12-09T14:46:06","modified_gmt":"2020-12-09T13:46:06","slug":"hinterland-exil-interieur","status":"publish","type":"product","link":"https:\/\/nationalstore.be\/fr\/produit\/hinterland-exil-interieur","title":{"rendered":"Hinterland. Exil int\u00e9rieur"},"content":{"rendered":"<p>Hinterland lib\u00e8re l&#8217;\u00e9cho du monde dans ses failles, tel, en creux, un souvenir silencieux de soi, un arri\u00e8re-pays int\u00e9rieur.<\/p>\n<p>Si la schizo\u00efdie est l&#8217;incapacit\u00e9 \u00e0 r\u00e9aliser sa propre solitude, Hinterland en serait le reflet, dans et hors du monde.<\/p>\n<p>La s\u00e9rie photographique Hinterland est un projet \u00e0 long terme qui explore les diff\u00e9rentes r\u00e9alit\u00e9s d&#8217;un territoire. Ces images montrent des lieux marginaux, des zones de transition fragment\u00e9es, des structures abandonn\u00e9es ; des espaces entre proximit\u00e9 et distance, pr\u00e9sence et absence, naturel et artificiel. Elles livrent \u00e9galement un potentiel fictionnel : un territoire situ\u00e9 au-del\u00e0 du visible ou du connu, de cet \u00e9trange arri\u00e8re-pays o\u00f9 la vie commence et finit. Le livre se termine par une courte fiction de No\u00ebmie Nicolas.<\/p>\n<p>Textes en fran\u00e7ais, anglais et n\u00e9erlandais<\/p>\n<p>&nbsp;<\/p>\n","protected":false},"excerpt":{"rendered":"<p><strong>Auteur<\/strong> : Alexis Gicart<\/p>\n","protected":false},"featured_media":5491,"template":"","meta":[],"product_cat":[1361,2786,525],"product_tag":[852,827,825,3246],"yoast_head":"<!-- This site is optimized with the Yoast SEO plugin v19.1 - https:\/\/yoast.com\/wordpress\/plugins\/seo\/ -->\n<title>Hinterland. Exil int\u00e9rieur | E-shop artistes belges<\/title>\n<meta name=\"description\" content=\"Acheter un produit comme Hinterland. Exil int\u00e9rieur? Laissez vous surprendre par nos artistes belges sp\u00e9cialis\u00e9s en produits artisanaux!\" \/>\n<meta name=\"robots\" content=\"index, follow, max-snippet:-1, max-image-preview:large, max-video-preview:-1\" \/>\n<link rel=\"canonical\" href=\"https:\/\/nationalstore.be\/fr\/produit\/hinterland-exil-interieur\" \/>\n<meta property=\"og:locale\" content=\"fr_FR\" \/>\n<meta property=\"og:type\" content=\"article\" \/>\n<meta property=\"og:title\" content=\"Hinterland. Exil int\u00e9rieur | E-shop artistes belges\" \/>\n<meta property=\"og:description\" content=\"Acheter un produit comme Hinterland. Exil int\u00e9rieur? Laissez vous surprendre par nos artistes belges sp\u00e9cialis\u00e9s en produits artisanaux!\" \/>\n<meta property=\"og:url\" content=\"https:\/\/nationalstore.be\/fr\/produit\/hinterland-exil-interieur\" \/>\n<meta property=\"og:site_name\" content=\"NATIONA(A)L ARTIST SUPERMARKET\" \/>\n<meta property=\"article:publisher\" content=\"https:\/\/www.facebook.com\/nationalstore\/?ref=br_rs\" \/>\n<meta property=\"og:image\" content=\"https:\/\/nationalstore.be\/wp-content\/uploads\/2020\/12\/Hinterland-couv-4-3.jpeg\" \/>\n\t<meta property=\"og:image:width\" content=\"960\" \/>\n\t<meta property=\"og:image:height\" content=\"640\" \/>\n\t<meta property=\"og:image:type\" content=\"image\/jpeg\" \/>\n<meta name=\"twitter:card\" content=\"summary_large_image\" \/>\n<meta name=\"twitter:site\" content=\"@Nationalstore\" \/>\n<meta name=\"twitter:label1\" content=\"Dur\u00e9e de lecture estim\u00e9e\" \/>\n\t<meta name=\"twitter:data1\" content=\"1 minute\" \/>\n<script type=\"application\/ld+json\" class=\"yoast-schema-graph\">{\"@context\":\"https:\/\/schema.org\",\"@graph\":[{\"@type\":\"Organization\",\"@id\":\"https:\/\/nationalstore.be\/fr#organization\",\"name\":\"NATIONA(A)L ARTIST MARKET\",\"url\":\"https:\/\/nationalstore.be\/fr\",\"sameAs\":[\"https:\/\/www.instagram.com\/nationalstore\/\",\"https:\/\/www.facebook.com\/nationalstore\/?ref=br_rs\",\"https:\/\/twitter.com\/Nationalstore\"],\"logo\":{\"@type\":\"ImageObject\",\"inLanguage\":\"fr-FR\",\"@id\":\"https:\/\/nationalstore.be\/fr#\/schema\/logo\/image\/\",\"url\":\"https:\/\/nationalstore.be\/wp-content\/uploads\/2024\/03\/nationaal-logo_mauve-cmjn.png\",\"contentUrl\":\"https:\/\/nationalstore.be\/wp-content\/uploads\/2024\/03\/nationaal-logo_mauve-cmjn.png\",\"width\":3475,\"height\":1352,\"caption\":\"NATIONA(A)L ARTIST MARKET\"},\"image\":{\"@id\":\"https:\/\/nationalstore.be\/fr#\/schema\/logo\/image\/\"}},{\"@type\":\"WebSite\",\"@id\":\"https:\/\/nationalstore.be\/fr#website\",\"url\":\"https:\/\/nationalstore.be\/fr\",\"name\":\"NATIONA(A)L ARTIST SUPERMARKET\",\"description\":\"\",\"publisher\":{\"@id\":\"https:\/\/nationalstore.be\/fr#organization\"},\"potentialAction\":[{\"@type\":\"SearchAction\",\"target\":{\"@type\":\"EntryPoint\",\"urlTemplate\":\"https:\/\/nationalstore.be\/fr?s={search_term_string}\"},\"query-input\":\"required name=search_term_string\"}],\"inLanguage\":\"fr-FR\"},{\"@type\":\"ImageObject\",\"inLanguage\":\"fr-FR\",\"@id\":\"https:\/\/nationalstore.be\/fr\/produit\/hinterland-exil-interieur#primaryimage\",\"url\":\"https:\/\/nationalstore.be\/wp-content\/uploads\/2020\/12\/Hinterland-couv-4-3.jpeg\",\"contentUrl\":\"https:\/\/nationalstore.be\/wp-content\/uploads\/2020\/12\/Hinterland-couv-4-3.jpeg\",\"width\":960,\"height\":640},{\"@type\":[\"WebPage\",\"ItemPage\"],\"@id\":\"https:\/\/nationalstore.be\/fr\/produit\/hinterland-exil-interieur#webpage\",\"url\":\"https:\/\/nationalstore.be\/fr\/produit\/hinterland-exil-interieur\",\"name\":\"Hinterland. Exil int\u00e9rieur | E-shop artistes belges\",\"isPartOf\":{\"@id\":\"https:\/\/nationalstore.be\/fr#website\"},\"primaryImageOfPage\":{\"@id\":\"https:\/\/nationalstore.be\/fr\/produit\/hinterland-exil-interieur#primaryimage\"},\"datePublished\":\"2020-12-09T13:46:06+00:00\",\"dateModified\":\"2020-12-09T13:46:06+00:00\",\"description\":\"Acheter un produit comme Hinterland. Exil int\u00e9rieur? Laissez vous surprendre par nos artistes belges sp\u00e9cialis\u00e9s en produits artisanaux!\",\"breadcrumb\":{\"@id\":\"https:\/\/nationalstore.be\/fr\/produit\/hinterland-exil-interieur#breadcrumb\"},\"inLanguage\":\"fr-FR\",\"potentialAction\":[{\"@type\":\"ReadAction\",\"target\":[\"https:\/\/nationalstore.be\/fr\/produit\/hinterland-exil-interieur\"]}]},{\"@type\":\"BreadcrumbList\",\"@id\":\"https:\/\/nationalstore.be\/fr\/produit\/hinterland-exil-interieur#breadcrumb\",\"itemListElement\":[{\"@type\":\"ListItem\",\"position\":1,\"name\":\"Home\",\"item\":\"https:\/\/nationalstore.be\/fr\"},{\"@type\":\"ListItem\",\"position\":2,\"name\":\"Produits\",\"item\":\"https:\/\/nationalstore.be\/fr\/shop\"},{\"@type\":\"ListItem\",\"position\":3,\"name\":\"Subcategories\",\"item\":\"https:\/\/nationalstore.be\/fr\/pc\/subcategories-fr\"},{\"@type\":\"ListItem\",\"position\":4,\"name\":\"5 maisons d\u2019\u00e9ditions belges qui ont le vent en poupe\",\"item\":\"https:\/\/nationalstore.be\/fr\/pc\/subcategories-fr\/5-maisons-deditions-belges-qui-ont-le-vent-en-poupe\"},{\"@type\":\"ListItem\",\"position\":5,\"name\":\"Hinterland. Exil int\u00e9rieur\"}]}]}<\/script>\n<!-- \/ Yoast SEO plugin. -->","yoast_head_json":{"title":"Hinterland. Exil int\u00e9rieur | E-shop artistes belges","description":"Acheter un produit comme Hinterland. Exil int\u00e9rieur? Laissez vous surprendre par nos artistes belges sp\u00e9cialis\u00e9s en produits artisanaux!","robots":{"index":"index","follow":"follow","max-snippet":"max-snippet:-1","max-image-preview":"max-image-preview:large","max-video-preview":"max-video-preview:-1"},"canonical":"https:\/\/nationalstore.be\/fr\/produit\/hinterland-exil-interieur","og_locale":"fr_FR","og_type":"article","og_title":"Hinterland. Exil int\u00e9rieur | E-shop artistes belges","og_description":"Acheter un produit comme Hinterland. Exil int\u00e9rieur? Laissez vous surprendre par nos artistes belges sp\u00e9cialis\u00e9s en produits artisanaux!","og_url":"https:\/\/nationalstore.be\/fr\/produit\/hinterland-exil-interieur","og_site_name":"NATIONA(A)L ARTIST SUPERMARKET","article_publisher":"https:\/\/www.facebook.com\/nationalstore\/?ref=br_rs","og_image":[{"width":960,"height":640,"url":"https:\/\/nationalstore.be\/wp-content\/uploads\/2020\/12\/Hinterland-couv-4-3.jpeg","type":"image\/jpeg"}],"twitter_card":"summary_large_image","twitter_site":"@Nationalstore","twitter_misc":{"Dur\u00e9e de lecture estim\u00e9e":"1 minute"},"schema":{"@context":"https:\/\/schema.org","@graph":[{"@type":"Organization","@id":"https:\/\/nationalstore.be\/fr#organization","name":"NATIONA(A)L ARTIST MARKET","url":"https:\/\/nationalstore.be\/fr","sameAs":["https:\/\/www.instagram.com\/nationalstore\/","https:\/\/www.facebook.com\/nationalstore\/?ref=br_rs","https:\/\/twitter.com\/Nationalstore"],"logo":{"@type":"ImageObject","inLanguage":"fr-FR","@id":"https:\/\/nationalstore.be\/fr#\/schema\/logo\/image\/","url":"https:\/\/nationalstore.be\/wp-content\/uploads\/2024\/03\/nationaal-logo_mauve-cmjn.png","contentUrl":"https:\/\/nationalstore.be\/wp-content\/uploads\/2024\/03\/nationaal-logo_mauve-cmjn.png","width":3475,"height":1352,"caption":"NATIONA(A)L ARTIST MARKET"},"image":{"@id":"https:\/\/nationalstore.be\/fr#\/schema\/logo\/image\/"}},{"@type":"WebSite","@id":"https:\/\/nationalstore.be\/fr#website","url":"https:\/\/nationalstore.be\/fr","name":"NATIONA(A)L ARTIST SUPERMARKET","description":"","publisher":{"@id":"https:\/\/nationalstore.be\/fr#organization"},"potentialAction":[{"@type":"SearchAction","target":{"@type":"EntryPoint","urlTemplate":"https:\/\/nationalstore.be\/fr?s={search_term_string}"},"query-input":"required name=search_term_string"}],"inLanguage":"fr-FR"},{"@type":"ImageObject","inLanguage":"fr-FR","@id":"https:\/\/nationalstore.be\/fr\/produit\/hinterland-exil-interieur#primaryimage","url":"https:\/\/nationalstore.be\/wp-content\/uploads\/2020\/12\/Hinterland-couv-4-3.jpeg","contentUrl":"https:\/\/nationalstore.be\/wp-content\/uploads\/2020\/12\/Hinterland-couv-4-3.jpeg","width":960,"height":640},{"@type":["WebPage","ItemPage"],"@id":"https:\/\/nationalstore.be\/fr\/produit\/hinterland-exil-interieur#webpage","url":"https:\/\/nationalstore.be\/fr\/produit\/hinterland-exil-interieur","name":"Hinterland. Exil int\u00e9rieur | E-shop artistes belges","isPartOf":{"@id":"https:\/\/nationalstore.be\/fr#website"},"primaryImageOfPage":{"@id":"https:\/\/nationalstore.be\/fr\/produit\/hinterland-exil-interieur#primaryimage"},"datePublished":"2020-12-09T13:46:06+00:00","dateModified":"2020-12-09T13:46:06+00:00","description":"Acheter un produit comme Hinterland. Exil int\u00e9rieur? Laissez vous surprendre par nos artistes belges sp\u00e9cialis\u00e9s en produits artisanaux!","breadcrumb":{"@id":"https:\/\/nationalstore.be\/fr\/produit\/hinterland-exil-interieur#breadcrumb"},"inLanguage":"fr-FR","potentialAction":[{"@type":"ReadAction","target":["https:\/\/nationalstore.be\/fr\/produit\/hinterland-exil-interieur"]}]},{"@type":"BreadcrumbList","@id":"https:\/\/nationalstore.be\/fr\/produit\/hinterland-exil-interieur#breadcrumb","itemListElement":[{"@type":"ListItem","position":1,"name":"Home","item":"https:\/\/nationalstore.be\/fr"},{"@type":"ListItem","position":2,"name":"Produits","item":"https:\/\/nationalstore.be\/fr\/shop"},{"@type":"ListItem","position":3,"name":"Subcategories","item":"https:\/\/nationalstore.be\/fr\/pc\/subcategories-fr"},{"@type":"ListItem","position":4,"name":"5 maisons d\u2019\u00e9ditions belges qui ont le vent en poupe","item":"https:\/\/nationalstore.be\/fr\/pc\/subcategories-fr\/5-maisons-deditions-belges-qui-ont-le-vent-en-poupe"},{"@type":"ListItem","position":5,"name":"Hinterland. Exil int\u00e9rieur"}]}]}},"_links":{"self":[{"href":"https:\/\/nationalstore.be\/fr\/wp-json\/wp\/v2\/product\/42480"}],"collection":[{"href":"https:\/\/nationalstore.be\/fr\/wp-json\/wp\/v2\/product"}],"about":[{"href":"https:\/\/nationalstore.be\/fr\/wp-json\/wp\/v2\/types\/product"}],"wp:featuredmedia":[{"embeddable":true,"href":"https:\/\/nationalstore.be\/fr\/wp-json\/wp\/v2\/media\/5491"}],"wp:attachment":[{"href":"https:\/\/nationalstore.be\/fr\/wp-json\/wp\/v2\/media?parent=42480"}],"wp:term":[{"taxonomy":"product_cat","embeddable":true,"href":"https:\/\/nationalstore.be\/fr\/wp-json\/wp\/v2\/product_cat?post=42480"},{"taxonomy":"product_tag","embeddable":true,"href":"https:\/\/nationalstore.be\/fr\/wp-json\/wp\/v2\/product_tag?post=42480"}],"curies":[{"name":"wp","href":"https:\/\/api.w.org\/{rel}","templated":true}]}}