{"id":42479,"date":"2020-12-09T14:32:31","date_gmt":"2020-12-09T13:32:31","guid":{"rendered":"https:\/\/nationalstore.be\/product\/some-things-gudny-rosa-ingimarsdottir-2"},"modified":"2020-12-09T14:32:31","modified_gmt":"2020-12-09T13:32:31","slug":"some-things-gudny-rosa-ingimarsdottir-2","status":"publish","type":"product","link":"https:\/\/nationalstore.be\/fr\/produit\/some-things-gudny-rosa-ingimarsdottir-2","title":{"rendered":"some things&#8230; | Gudny Rosa Ingimarsdottir"},"content":{"rendered":"<p>some &#8230; things est un livre co\u00e9dit\u00e9 par le CFC et l&#8217;ISELP, consacr\u00e9 au travail de l&#8217;artiste islandaise Gudny Rosa Ingimardottir, \u00e0 l&#8217;occasion de l&#8217;exposition r\u00e9trospective qui lui est consacr\u00e9e \u00e0 l&#8217;ISELP.<\/p>\n<p>Silence, retenue et \u00e9conomie de moyens composent l&#8217;univers de Gu\u00f0n\u00fd R\u00f3sa Ingimarsd\u00f3ttir. Son atelier est \u00e0 la fois un cabinet de curiosit\u00e9s et un laboratoire exp\u00e9rimental o\u00f9 l&#8217;artiste fa\u00e7onne les mat\u00e9riaux \u00e0 sa disposition. Bouts de papier, d\u00e9coupes d&#8217;\u0153uvres ant\u00e9rieures pr\u00e9cieusement conserv\u00e9es, petits mots, traces, souvenirs&#8230; Autant de fragments \u00e9pars qui se m\u00e9tamorphosent et s&#8217;assemblent par une subtile alchimie, pour former un univers singulier o\u00f9 rien n&#8217;est jamais fig\u00e9.<\/p>\n<p>Gudny Rosa est n\u00e9e en 1969 \u00e0 Reykjavik (Islande). Elle a \u00e9tudi\u00e9 au Coll\u00e8ge islandais d&#8217;art et d&#8217;artisanat de Reyjavik au d\u00e9but des ann\u00e9es 1990. Elle a ensuite poursuivi sa formation \u00e0 La Cambre (Bruxelles) pour la terminer \u00e0 HISK-Hoger (Gand). Elle vit et travaille \u00e0 Bruxelles tout en \u00e9tant tr\u00e8s active sur la sc\u00e8ne islandaise.<\/p>\n<p>Avec la contribution de Catherine Henkinet &amp; Filip Luyckx<\/p>\n<p>&nbsp;<\/p>\n","protected":false},"excerpt":{"rendered":"<p><strong>Auteurs<\/strong> : Catherine Henkinet &amp; Filip Luyckx<\/p>\n","protected":false},"featured_media":5444,"template":"","meta":[],"product_cat":[1361,2786,2287,525,3382],"product_tag":[852,827,825,3246],"yoast_head":"<!-- This site is optimized with the Yoast SEO plugin v19.1 - https:\/\/yoast.com\/wordpress\/plugins\/seo\/ -->\n<title>some things... | Gudny Rosa Ingimarsdottir | E-shop artistes belges<\/title>\n<meta name=\"description\" content=\"Acheter un produit comme some things... | Gudny Rosa Ingimarsdottir? Laissez vous surprendre par nos artistes belges sp\u00e9cialis\u00e9s en produits artisanaux!\" \/>\n<meta name=\"robots\" content=\"index, follow, max-snippet:-1, max-image-preview:large, max-video-preview:-1\" \/>\n<link rel=\"canonical\" href=\"https:\/\/nationalstore.be\/fr\/produit\/some-things-gudny-rosa-ingimarsdottir-2\" \/>\n<meta property=\"og:locale\" content=\"fr_FR\" \/>\n<meta property=\"og:type\" content=\"article\" \/>\n<meta property=\"og:title\" content=\"some things... | Gudny Rosa Ingimarsdottir | E-shop artistes belges\" \/>\n<meta property=\"og:description\" content=\"Acheter un produit comme some things... | Gudny Rosa Ingimarsdottir? Laissez vous surprendre par nos artistes belges sp\u00e9cialis\u00e9s en produits artisanaux!\" \/>\n<meta property=\"og:url\" content=\"https:\/\/nationalstore.be\/fr\/produit\/some-things-gudny-rosa-ingimarsdottir-2\" \/>\n<meta property=\"og:site_name\" content=\"NATIONA(A)L ARTIST SUPERMARKET\" \/>\n<meta property=\"article:publisher\" content=\"https:\/\/www.facebook.com\/nationalstore\/?ref=br_rs\" \/>\n<meta property=\"og:image\" content=\"https:\/\/nationalstore.be\/wp-content\/uploads\/2020\/12\/gudny.jpeg\" \/>\n\t<meta property=\"og:image:width\" content=\"960\" \/>\n\t<meta property=\"og:image:height\" content=\"640\" \/>\n\t<meta property=\"og:image:type\" content=\"image\/jpeg\" \/>\n<meta name=\"twitter:card\" content=\"summary_large_image\" \/>\n<meta name=\"twitter:site\" content=\"@Nationalstore\" \/>\n<meta name=\"twitter:label1\" content=\"Dur\u00e9e de lecture estim\u00e9e\" \/>\n\t<meta name=\"twitter:data1\" content=\"1 minute\" \/>\n<script type=\"application\/ld+json\" class=\"yoast-schema-graph\">{\"@context\":\"https:\/\/schema.org\",\"@graph\":[{\"@type\":\"Organization\",\"@id\":\"https:\/\/nationalstore.be\/fr#organization\",\"name\":\"NATIONA(A)L ARTIST MARKET\",\"url\":\"https:\/\/nationalstore.be\/fr\",\"sameAs\":[\"https:\/\/www.instagram.com\/nationalstore\/\",\"https:\/\/www.facebook.com\/nationalstore\/?ref=br_rs\",\"https:\/\/twitter.com\/Nationalstore\"],\"logo\":{\"@type\":\"ImageObject\",\"inLanguage\":\"fr-FR\",\"@id\":\"https:\/\/nationalstore.be\/fr#\/schema\/logo\/image\/\",\"url\":\"https:\/\/nationalstore.be\/wp-content\/uploads\/2024\/03\/nationaal-logo_mauve-cmjn.png\",\"contentUrl\":\"https:\/\/nationalstore.be\/wp-content\/uploads\/2024\/03\/nationaal-logo_mauve-cmjn.png\",\"width\":3475,\"height\":1352,\"caption\":\"NATIONA(A)L ARTIST MARKET\"},\"image\":{\"@id\":\"https:\/\/nationalstore.be\/fr#\/schema\/logo\/image\/\"}},{\"@type\":\"WebSite\",\"@id\":\"https:\/\/nationalstore.be\/fr#website\",\"url\":\"https:\/\/nationalstore.be\/fr\",\"name\":\"NATIONA(A)L ARTIST SUPERMARKET\",\"description\":\"\",\"publisher\":{\"@id\":\"https:\/\/nationalstore.be\/fr#organization\"},\"potentialAction\":[{\"@type\":\"SearchAction\",\"target\":{\"@type\":\"EntryPoint\",\"urlTemplate\":\"https:\/\/nationalstore.be\/fr?s={search_term_string}\"},\"query-input\":\"required name=search_term_string\"}],\"inLanguage\":\"fr-FR\"},{\"@type\":\"ImageObject\",\"inLanguage\":\"fr-FR\",\"@id\":\"https:\/\/nationalstore.be\/fr\/produit\/some-things-gudny-rosa-ingimarsdottir-2#primaryimage\",\"url\":\"https:\/\/nationalstore.be\/wp-content\/uploads\/2020\/12\/gudny.jpeg\",\"contentUrl\":\"https:\/\/nationalstore.be\/wp-content\/uploads\/2020\/12\/gudny.jpeg\",\"width\":960,\"height\":640},{\"@type\":[\"WebPage\",\"ItemPage\"],\"@id\":\"https:\/\/nationalstore.be\/fr\/produit\/some-things-gudny-rosa-ingimarsdottir-2#webpage\",\"url\":\"https:\/\/nationalstore.be\/fr\/produit\/some-things-gudny-rosa-ingimarsdottir-2\",\"name\":\"some things... | Gudny Rosa Ingimarsdottir | E-shop artistes belges\",\"isPartOf\":{\"@id\":\"https:\/\/nationalstore.be\/fr#website\"},\"primaryImageOfPage\":{\"@id\":\"https:\/\/nationalstore.be\/fr\/produit\/some-things-gudny-rosa-ingimarsdottir-2#primaryimage\"},\"datePublished\":\"2020-12-09T13:32:31+00:00\",\"dateModified\":\"2020-12-09T13:32:31+00:00\",\"description\":\"Acheter un produit comme some things... | Gudny Rosa Ingimarsdottir? Laissez vous surprendre par nos artistes belges sp\u00e9cialis\u00e9s en produits artisanaux!\",\"breadcrumb\":{\"@id\":\"https:\/\/nationalstore.be\/fr\/produit\/some-things-gudny-rosa-ingimarsdottir-2#breadcrumb\"},\"inLanguage\":\"fr-FR\",\"potentialAction\":[{\"@type\":\"ReadAction\",\"target\":[\"https:\/\/nationalstore.be\/fr\/produit\/some-things-gudny-rosa-ingimarsdottir-2\"]}]},{\"@type\":\"BreadcrumbList\",\"@id\":\"https:\/\/nationalstore.be\/fr\/produit\/some-things-gudny-rosa-ingimarsdottir-2#breadcrumb\",\"itemListElement\":[{\"@type\":\"ListItem\",\"position\":1,\"name\":\"Home\",\"item\":\"https:\/\/nationalstore.be\/fr\"},{\"@type\":\"ListItem\",\"position\":2,\"name\":\"Produits\",\"item\":\"https:\/\/nationalstore.be\/fr\/shop\"},{\"@type\":\"ListItem\",\"position\":3,\"name\":\"Subcategories\",\"item\":\"https:\/\/nationalstore.be\/fr\/pc\/subcategories-fr\"},{\"@type\":\"ListItem\",\"position\":4,\"name\":\"5 maisons d\u2019\u00e9ditions belges qui ont le vent en poupe\",\"item\":\"https:\/\/nationalstore.be\/fr\/pc\/subcategories-fr\/5-maisons-deditions-belges-qui-ont-le-vent-en-poupe\"},{\"@type\":\"ListItem\",\"position\":5,\"name\":\"some things&#8230; | Gudny Rosa Ingimarsdottir\"}]}]}<\/script>\n<!-- \/ Yoast SEO plugin. -->","yoast_head_json":{"title":"some things... | Gudny Rosa Ingimarsdottir | E-shop artistes belges","description":"Acheter un produit comme some things... | Gudny Rosa Ingimarsdottir? Laissez vous surprendre par nos artistes belges sp\u00e9cialis\u00e9s en produits artisanaux!","robots":{"index":"index","follow":"follow","max-snippet":"max-snippet:-1","max-image-preview":"max-image-preview:large","max-video-preview":"max-video-preview:-1"},"canonical":"https:\/\/nationalstore.be\/fr\/produit\/some-things-gudny-rosa-ingimarsdottir-2","og_locale":"fr_FR","og_type":"article","og_title":"some things... | Gudny Rosa Ingimarsdottir | E-shop artistes belges","og_description":"Acheter un produit comme some things... | Gudny Rosa Ingimarsdottir? Laissez vous surprendre par nos artistes belges sp\u00e9cialis\u00e9s en produits artisanaux!","og_url":"https:\/\/nationalstore.be\/fr\/produit\/some-things-gudny-rosa-ingimarsdottir-2","og_site_name":"NATIONA(A)L ARTIST SUPERMARKET","article_publisher":"https:\/\/www.facebook.com\/nationalstore\/?ref=br_rs","og_image":[{"width":960,"height":640,"url":"https:\/\/nationalstore.be\/wp-content\/uploads\/2020\/12\/gudny.jpeg","type":"image\/jpeg"}],"twitter_card":"summary_large_image","twitter_site":"@Nationalstore","twitter_misc":{"Dur\u00e9e de lecture estim\u00e9e":"1 minute"},"schema":{"@context":"https:\/\/schema.org","@graph":[{"@type":"Organization","@id":"https:\/\/nationalstore.be\/fr#organization","name":"NATIONA(A)L ARTIST MARKET","url":"https:\/\/nationalstore.be\/fr","sameAs":["https:\/\/www.instagram.com\/nationalstore\/","https:\/\/www.facebook.com\/nationalstore\/?ref=br_rs","https:\/\/twitter.com\/Nationalstore"],"logo":{"@type":"ImageObject","inLanguage":"fr-FR","@id":"https:\/\/nationalstore.be\/fr#\/schema\/logo\/image\/","url":"https:\/\/nationalstore.be\/wp-content\/uploads\/2024\/03\/nationaal-logo_mauve-cmjn.png","contentUrl":"https:\/\/nationalstore.be\/wp-content\/uploads\/2024\/03\/nationaal-logo_mauve-cmjn.png","width":3475,"height":1352,"caption":"NATIONA(A)L ARTIST MARKET"},"image":{"@id":"https:\/\/nationalstore.be\/fr#\/schema\/logo\/image\/"}},{"@type":"WebSite","@id":"https:\/\/nationalstore.be\/fr#website","url":"https:\/\/nationalstore.be\/fr","name":"NATIONA(A)L ARTIST SUPERMARKET","description":"","publisher":{"@id":"https:\/\/nationalstore.be\/fr#organization"},"potentialAction":[{"@type":"SearchAction","target":{"@type":"EntryPoint","urlTemplate":"https:\/\/nationalstore.be\/fr?s={search_term_string}"},"query-input":"required name=search_term_string"}],"inLanguage":"fr-FR"},{"@type":"ImageObject","inLanguage":"fr-FR","@id":"https:\/\/nationalstore.be\/fr\/produit\/some-things-gudny-rosa-ingimarsdottir-2#primaryimage","url":"https:\/\/nationalstore.be\/wp-content\/uploads\/2020\/12\/gudny.jpeg","contentUrl":"https:\/\/nationalstore.be\/wp-content\/uploads\/2020\/12\/gudny.jpeg","width":960,"height":640},{"@type":["WebPage","ItemPage"],"@id":"https:\/\/nationalstore.be\/fr\/produit\/some-things-gudny-rosa-ingimarsdottir-2#webpage","url":"https:\/\/nationalstore.be\/fr\/produit\/some-things-gudny-rosa-ingimarsdottir-2","name":"some things... | Gudny Rosa Ingimarsdottir | E-shop artistes belges","isPartOf":{"@id":"https:\/\/nationalstore.be\/fr#website"},"primaryImageOfPage":{"@id":"https:\/\/nationalstore.be\/fr\/produit\/some-things-gudny-rosa-ingimarsdottir-2#primaryimage"},"datePublished":"2020-12-09T13:32:31+00:00","dateModified":"2020-12-09T13:32:31+00:00","description":"Acheter un produit comme some things... | Gudny Rosa Ingimarsdottir? Laissez vous surprendre par nos artistes belges sp\u00e9cialis\u00e9s en produits artisanaux!","breadcrumb":{"@id":"https:\/\/nationalstore.be\/fr\/produit\/some-things-gudny-rosa-ingimarsdottir-2#breadcrumb"},"inLanguage":"fr-FR","potentialAction":[{"@type":"ReadAction","target":["https:\/\/nationalstore.be\/fr\/produit\/some-things-gudny-rosa-ingimarsdottir-2"]}]},{"@type":"BreadcrumbList","@id":"https:\/\/nationalstore.be\/fr\/produit\/some-things-gudny-rosa-ingimarsdottir-2#breadcrumb","itemListElement":[{"@type":"ListItem","position":1,"name":"Home","item":"https:\/\/nationalstore.be\/fr"},{"@type":"ListItem","position":2,"name":"Produits","item":"https:\/\/nationalstore.be\/fr\/shop"},{"@type":"ListItem","position":3,"name":"Subcategories","item":"https:\/\/nationalstore.be\/fr\/pc\/subcategories-fr"},{"@type":"ListItem","position":4,"name":"5 maisons d\u2019\u00e9ditions belges qui ont le vent en poupe","item":"https:\/\/nationalstore.be\/fr\/pc\/subcategories-fr\/5-maisons-deditions-belges-qui-ont-le-vent-en-poupe"},{"@type":"ListItem","position":5,"name":"some things&#8230; | Gudny Rosa Ingimarsdottir"}]}]}},"_links":{"self":[{"href":"https:\/\/nationalstore.be\/fr\/wp-json\/wp\/v2\/product\/42479"}],"collection":[{"href":"https:\/\/nationalstore.be\/fr\/wp-json\/wp\/v2\/product"}],"about":[{"href":"https:\/\/nationalstore.be\/fr\/wp-json\/wp\/v2\/types\/product"}],"wp:featuredmedia":[{"embeddable":true,"href":"https:\/\/nationalstore.be\/fr\/wp-json\/wp\/v2\/media\/5444"}],"wp:attachment":[{"href":"https:\/\/nationalstore.be\/fr\/wp-json\/wp\/v2\/media?parent=42479"}],"wp:term":[{"taxonomy":"product_cat","embeddable":true,"href":"https:\/\/nationalstore.be\/fr\/wp-json\/wp\/v2\/product_cat?post=42479"},{"taxonomy":"product_tag","embeddable":true,"href":"https:\/\/nationalstore.be\/fr\/wp-json\/wp\/v2\/product_tag?post=42479"}],"curies":[{"name":"wp","href":"https:\/\/api.w.org\/{rel}","templated":true}]}}