{"id":42476,"date":"2020-12-09T14:26:40","date_gmt":"2020-12-09T13:26:40","guid":{"rendered":"https:\/\/nationalstore.be\/product\/colouring-brussels"},"modified":"2020-12-09T14:26:40","modified_gmt":"2020-12-09T13:26:40","slug":"colouring-brussels","status":"publish","type":"product","link":"https:\/\/nationalstore.be\/fr\/produit\/colouring-brussels","title":{"rendered":"Colouring Brussels"},"content":{"rendered":"<p>Edgar est un renard bruxellois. Il a beaucoup d&#8217;amis qui, comme lui, sortent de leur cachette d\u00e8s que la nuit tombe, pour partir \u00e0 la d\u00e9couverte de leur ville. Mais voil\u00e0, dans le noir, Bruxelles est incolore. Prenez vos crayons, feutres, marqueurs, pinceaux, pour d\u00e9couvrir une multitude de couleurs qui rendront la promenade du renard joyeuse.<\/p>\n<p>Il s&#8217;agit d&#8217;un livre de coloriage et d&#8217;activit\u00e9s pour les enfants. Le th\u00e8me est Bruxelles et son architecture \u00e9clectique. Lorsqu&#8217;elle vivait \u00e0 Bruxelles, Gwen Gu\u00e9gan a dessin\u00e9 de nombreuses fa\u00e7ades de maisons, parfois remarquables, parfois simples. Elle s&#8217;est amus\u00e9e \u00e0 recomposer la ville, regroupant les maisons sans tenir compte de leur situation g\u00e9ographique mais en les associant au gr\u00e9 de sa fantaisie. C&#8217;est Edgar le renard, animal apparaissant de plus en plus dans la capitale aujourd&#8217;hui, qui va servir de guide et emmener les jeunes lecteurs dans une promenade atypique et nocturne dans la ville vide. Il les encourage \u00e0 colorier, dessiner, compl\u00e9ter et reconna\u00eetre les \u00e9l\u00e9ments les plus embl\u00e9matiques de la ville comme les plus simples. Apprendre \u00e0 regarder la ville pour se l&#8217;approprier en \u00e9tant cr\u00e9atif est l&#8217;un des objectifs de ce carnet. Une annexe permettra aux plus curieux ou \u00e0 leurs parents de compl\u00e9ter leurs connaissances sur les \u00e9l\u00e9ments architecturaux essentiels de la ville crois\u00e9s au fil de l&#8217;histoire et de conna\u00eetre leur adresse pour les voir en vrai s&#8217;ils le souhaitent.<\/p>\n<p>&nbsp;<\/p>\n","protected":false},"excerpt":{"rendered":"<p><strong>Auteur<\/strong> : Gwen Gu\u00e9gan<\/p>\n","protected":false},"featured_media":5390,"template":"","meta":[],"product_cat":[1361,2786,525],"product_tag":[3067,852,827,825],"yoast_head":"<!-- This site is optimized with the Yoast SEO plugin v19.1 - https:\/\/yoast.com\/wordpress\/plugins\/seo\/ -->\n<title>Colouring Brussels | E-shop artistes belges<\/title>\n<meta name=\"description\" content=\"Acheter un produit comme Colouring Brussels? Laissez vous surprendre par nos artistes belges sp\u00e9cialis\u00e9s en produits artisanaux!\" \/>\n<meta name=\"robots\" content=\"index, follow, max-snippet:-1, max-image-preview:large, max-video-preview:-1\" \/>\n<link rel=\"canonical\" href=\"https:\/\/nationalstore.be\/fr\/produit\/colouring-brussels\" \/>\n<meta property=\"og:locale\" content=\"fr_FR\" \/>\n<meta property=\"og:type\" content=\"article\" \/>\n<meta property=\"og:title\" content=\"Colouring Brussels | E-shop artistes belges\" \/>\n<meta property=\"og:description\" content=\"Acheter un produit comme Colouring Brussels? Laissez vous surprendre par nos artistes belges sp\u00e9cialis\u00e9s en produits artisanaux!\" \/>\n<meta property=\"og:url\" content=\"https:\/\/nationalstore.be\/fr\/produit\/colouring-brussels\" \/>\n<meta property=\"og:site_name\" content=\"NATIONA(A)L ARTIST SUPERMARKET\" \/>\n<meta property=\"article:publisher\" content=\"https:\/\/www.facebook.com\/nationalstore\/?ref=br_rs\" \/>\n<meta property=\"og:image\" content=\"https:\/\/nationalstore.be\/wp-content\/uploads\/2020\/12\/BXL-a-colorier-COUVERTURE-EN-4-3.jpeg\" \/>\n\t<meta property=\"og:image:width\" content=\"960\" \/>\n\t<meta property=\"og:image:height\" content=\"640\" \/>\n\t<meta property=\"og:image:type\" content=\"image\/jpeg\" \/>\n<meta name=\"twitter:card\" content=\"summary_large_image\" \/>\n<meta name=\"twitter:site\" content=\"@Nationalstore\" \/>\n<meta name=\"twitter:label1\" content=\"Dur\u00e9e de lecture estim\u00e9e\" \/>\n\t<meta name=\"twitter:data1\" content=\"1 minute\" \/>\n<script type=\"application\/ld+json\" class=\"yoast-schema-graph\">{\"@context\":\"https:\/\/schema.org\",\"@graph\":[{\"@type\":\"Organization\",\"@id\":\"https:\/\/nationalstore.be\/fr#organization\",\"name\":\"NATIONA(A)L ARTIST MARKET\",\"url\":\"https:\/\/nationalstore.be\/fr\",\"sameAs\":[\"https:\/\/www.instagram.com\/nationalstore\/\",\"https:\/\/www.facebook.com\/nationalstore\/?ref=br_rs\",\"https:\/\/twitter.com\/Nationalstore\"],\"logo\":{\"@type\":\"ImageObject\",\"inLanguage\":\"fr-FR\",\"@id\":\"https:\/\/nationalstore.be\/fr#\/schema\/logo\/image\/\",\"url\":\"https:\/\/nationalstore.be\/wp-content\/uploads\/2024\/03\/nationaal-logo_mauve-cmjn.png\",\"contentUrl\":\"https:\/\/nationalstore.be\/wp-content\/uploads\/2024\/03\/nationaal-logo_mauve-cmjn.png\",\"width\":3475,\"height\":1352,\"caption\":\"NATIONA(A)L ARTIST MARKET\"},\"image\":{\"@id\":\"https:\/\/nationalstore.be\/fr#\/schema\/logo\/image\/\"}},{\"@type\":\"WebSite\",\"@id\":\"https:\/\/nationalstore.be\/fr#website\",\"url\":\"https:\/\/nationalstore.be\/fr\",\"name\":\"NATIONA(A)L ARTIST SUPERMARKET\",\"description\":\"\",\"publisher\":{\"@id\":\"https:\/\/nationalstore.be\/fr#organization\"},\"potentialAction\":[{\"@type\":\"SearchAction\",\"target\":{\"@type\":\"EntryPoint\",\"urlTemplate\":\"https:\/\/nationalstore.be\/fr?s={search_term_string}\"},\"query-input\":\"required name=search_term_string\"}],\"inLanguage\":\"fr-FR\"},{\"@type\":\"ImageObject\",\"inLanguage\":\"fr-FR\",\"@id\":\"https:\/\/nationalstore.be\/fr\/produit\/colouring-brussels#primaryimage\",\"url\":\"https:\/\/nationalstore.be\/wp-content\/uploads\/2020\/12\/BXL-a-colorier-COUVERTURE-EN-4-3.jpeg\",\"contentUrl\":\"https:\/\/nationalstore.be\/wp-content\/uploads\/2020\/12\/BXL-a-colorier-COUVERTURE-EN-4-3.jpeg\",\"width\":960,\"height\":640},{\"@type\":[\"WebPage\",\"ItemPage\"],\"@id\":\"https:\/\/nationalstore.be\/fr\/produit\/colouring-brussels#webpage\",\"url\":\"https:\/\/nationalstore.be\/fr\/produit\/colouring-brussels\",\"name\":\"Colouring Brussels | E-shop artistes belges\",\"isPartOf\":{\"@id\":\"https:\/\/nationalstore.be\/fr#website\"},\"primaryImageOfPage\":{\"@id\":\"https:\/\/nationalstore.be\/fr\/produit\/colouring-brussels#primaryimage\"},\"datePublished\":\"2020-12-09T13:26:40+00:00\",\"dateModified\":\"2020-12-09T13:26:40+00:00\",\"description\":\"Acheter un produit comme Colouring Brussels? Laissez vous surprendre par nos artistes belges sp\u00e9cialis\u00e9s en produits artisanaux!\",\"breadcrumb\":{\"@id\":\"https:\/\/nationalstore.be\/fr\/produit\/colouring-brussels#breadcrumb\"},\"inLanguage\":\"fr-FR\",\"potentialAction\":[{\"@type\":\"ReadAction\",\"target\":[\"https:\/\/nationalstore.be\/fr\/produit\/colouring-brussels\"]}]},{\"@type\":\"BreadcrumbList\",\"@id\":\"https:\/\/nationalstore.be\/fr\/produit\/colouring-brussels#breadcrumb\",\"itemListElement\":[{\"@type\":\"ListItem\",\"position\":1,\"name\":\"Home\",\"item\":\"https:\/\/nationalstore.be\/fr\"},{\"@type\":\"ListItem\",\"position\":2,\"name\":\"Produits\",\"item\":\"https:\/\/nationalstore.be\/fr\/shop\"},{\"@type\":\"ListItem\",\"position\":3,\"name\":\"Subcategories\",\"item\":\"https:\/\/nationalstore.be\/fr\/pc\/subcategories-fr\"},{\"@type\":\"ListItem\",\"position\":4,\"name\":\"5 maisons d\u2019\u00e9ditions belges qui ont le vent en poupe\",\"item\":\"https:\/\/nationalstore.be\/fr\/pc\/subcategories-fr\/5-maisons-deditions-belges-qui-ont-le-vent-en-poupe\"},{\"@type\":\"ListItem\",\"position\":5,\"name\":\"Colouring Brussels\"}]}]}<\/script>\n<!-- \/ Yoast SEO plugin. -->","yoast_head_json":{"title":"Colouring Brussels | E-shop artistes belges","description":"Acheter un produit comme Colouring Brussels? Laissez vous surprendre par nos artistes belges sp\u00e9cialis\u00e9s en produits artisanaux!","robots":{"index":"index","follow":"follow","max-snippet":"max-snippet:-1","max-image-preview":"max-image-preview:large","max-video-preview":"max-video-preview:-1"},"canonical":"https:\/\/nationalstore.be\/fr\/produit\/colouring-brussels","og_locale":"fr_FR","og_type":"article","og_title":"Colouring Brussels | E-shop artistes belges","og_description":"Acheter un produit comme Colouring Brussels? Laissez vous surprendre par nos artistes belges sp\u00e9cialis\u00e9s en produits artisanaux!","og_url":"https:\/\/nationalstore.be\/fr\/produit\/colouring-brussels","og_site_name":"NATIONA(A)L ARTIST SUPERMARKET","article_publisher":"https:\/\/www.facebook.com\/nationalstore\/?ref=br_rs","og_image":[{"width":960,"height":640,"url":"https:\/\/nationalstore.be\/wp-content\/uploads\/2020\/12\/BXL-a-colorier-COUVERTURE-EN-4-3.jpeg","type":"image\/jpeg"}],"twitter_card":"summary_large_image","twitter_site":"@Nationalstore","twitter_misc":{"Dur\u00e9e de lecture estim\u00e9e":"1 minute"},"schema":{"@context":"https:\/\/schema.org","@graph":[{"@type":"Organization","@id":"https:\/\/nationalstore.be\/fr#organization","name":"NATIONA(A)L ARTIST MARKET","url":"https:\/\/nationalstore.be\/fr","sameAs":["https:\/\/www.instagram.com\/nationalstore\/","https:\/\/www.facebook.com\/nationalstore\/?ref=br_rs","https:\/\/twitter.com\/Nationalstore"],"logo":{"@type":"ImageObject","inLanguage":"fr-FR","@id":"https:\/\/nationalstore.be\/fr#\/schema\/logo\/image\/","url":"https:\/\/nationalstore.be\/wp-content\/uploads\/2024\/03\/nationaal-logo_mauve-cmjn.png","contentUrl":"https:\/\/nationalstore.be\/wp-content\/uploads\/2024\/03\/nationaal-logo_mauve-cmjn.png","width":3475,"height":1352,"caption":"NATIONA(A)L ARTIST MARKET"},"image":{"@id":"https:\/\/nationalstore.be\/fr#\/schema\/logo\/image\/"}},{"@type":"WebSite","@id":"https:\/\/nationalstore.be\/fr#website","url":"https:\/\/nationalstore.be\/fr","name":"NATIONA(A)L ARTIST SUPERMARKET","description":"","publisher":{"@id":"https:\/\/nationalstore.be\/fr#organization"},"potentialAction":[{"@type":"SearchAction","target":{"@type":"EntryPoint","urlTemplate":"https:\/\/nationalstore.be\/fr?s={search_term_string}"},"query-input":"required name=search_term_string"}],"inLanguage":"fr-FR"},{"@type":"ImageObject","inLanguage":"fr-FR","@id":"https:\/\/nationalstore.be\/fr\/produit\/colouring-brussels#primaryimage","url":"https:\/\/nationalstore.be\/wp-content\/uploads\/2020\/12\/BXL-a-colorier-COUVERTURE-EN-4-3.jpeg","contentUrl":"https:\/\/nationalstore.be\/wp-content\/uploads\/2020\/12\/BXL-a-colorier-COUVERTURE-EN-4-3.jpeg","width":960,"height":640},{"@type":["WebPage","ItemPage"],"@id":"https:\/\/nationalstore.be\/fr\/produit\/colouring-brussels#webpage","url":"https:\/\/nationalstore.be\/fr\/produit\/colouring-brussels","name":"Colouring Brussels | E-shop artistes belges","isPartOf":{"@id":"https:\/\/nationalstore.be\/fr#website"},"primaryImageOfPage":{"@id":"https:\/\/nationalstore.be\/fr\/produit\/colouring-brussels#primaryimage"},"datePublished":"2020-12-09T13:26:40+00:00","dateModified":"2020-12-09T13:26:40+00:00","description":"Acheter un produit comme Colouring Brussels? Laissez vous surprendre par nos artistes belges sp\u00e9cialis\u00e9s en produits artisanaux!","breadcrumb":{"@id":"https:\/\/nationalstore.be\/fr\/produit\/colouring-brussels#breadcrumb"},"inLanguage":"fr-FR","potentialAction":[{"@type":"ReadAction","target":["https:\/\/nationalstore.be\/fr\/produit\/colouring-brussels"]}]},{"@type":"BreadcrumbList","@id":"https:\/\/nationalstore.be\/fr\/produit\/colouring-brussels#breadcrumb","itemListElement":[{"@type":"ListItem","position":1,"name":"Home","item":"https:\/\/nationalstore.be\/fr"},{"@type":"ListItem","position":2,"name":"Produits","item":"https:\/\/nationalstore.be\/fr\/shop"},{"@type":"ListItem","position":3,"name":"Subcategories","item":"https:\/\/nationalstore.be\/fr\/pc\/subcategories-fr"},{"@type":"ListItem","position":4,"name":"5 maisons d\u2019\u00e9ditions belges qui ont le vent en poupe","item":"https:\/\/nationalstore.be\/fr\/pc\/subcategories-fr\/5-maisons-deditions-belges-qui-ont-le-vent-en-poupe"},{"@type":"ListItem","position":5,"name":"Colouring Brussels"}]}]}},"_links":{"self":[{"href":"https:\/\/nationalstore.be\/fr\/wp-json\/wp\/v2\/product\/42476"}],"collection":[{"href":"https:\/\/nationalstore.be\/fr\/wp-json\/wp\/v2\/product"}],"about":[{"href":"https:\/\/nationalstore.be\/fr\/wp-json\/wp\/v2\/types\/product"}],"wp:featuredmedia":[{"embeddable":true,"href":"https:\/\/nationalstore.be\/fr\/wp-json\/wp\/v2\/media\/5390"}],"wp:attachment":[{"href":"https:\/\/nationalstore.be\/fr\/wp-json\/wp\/v2\/media?parent=42476"}],"wp:term":[{"taxonomy":"product_cat","embeddable":true,"href":"https:\/\/nationalstore.be\/fr\/wp-json\/wp\/v2\/product_cat?post=42476"},{"taxonomy":"product_tag","embeddable":true,"href":"https:\/\/nationalstore.be\/fr\/wp-json\/wp\/v2\/product_tag?post=42476"}],"curies":[{"name":"wp","href":"https:\/\/api.w.org\/{rel}","templated":true}]}}