{"id":41719,"date":"2022-09-21T11:02:09","date_gmt":"2022-09-22T06:45:37","guid":{"rendered":"https:\/\/nationalstore.be\/?post_type=product&#038;p=41719"},"modified":"2022-09-22T08:47:05","modified_gmt":"2022-09-22T06:47:05","slug":"up-2-you-une-formule-dautoconstruction-innovante-et-circulaire","status":"publish","type":"product","link":"https:\/\/nationalstore.be\/fr\/produit\/up-2-you-une-formule-dautoconstruction-innovante-et-circulaire","title":{"rendered":"UP 2 YOU : Une formule d&#8217;autoconstruction innovante et circulaire"},"content":{"rendered":"<p><strong><br class=\"Apple-interchange-newline\">Vous \u00eates curieux de conna\u00eetre les options ? Prenez rendez-vous et venez d\u00e9couvrir l&#8217;atelier !<\/strong><\/p>\n<p>> esther@hitchconcept.be + sophie@onbetaalbaar.com<\/p>\n<p>***<\/p>\n<p>IMPORTANT ; Apr\u00e8s avoir achet\u00e9 le connecteur ici sur nationalstore.be, vous devez venir dans notre espace de production pour r\u00e9aliser sur mesure votre objet\/meuble\/installation id\u00e9al. Nous discuterons ensemble de toutes les options et le prix total d\u00e9pendra de la quantit\u00e9 de connecteurs et des mat\u00e9riaux et finitions choisis.<\/p>\n","protected":false},"excerpt":{"rendered":"<p>ONBETAALBAAR + HITCH s&#8217;associent pour pr\u00e9senter UP2YOU : Une formule d&#8217;autoconstruction innovante et circulaire qui r\u00e9pond \u00e0 vos besoins actuels ou souhait\u00e9s en mati\u00e8re d&#8217;ameublement.<\/p>\n<p>Ensemble, nous pouvons relever un d\u00e9fi modulaire et circulaire !\u00a0<\/p>\n<p>Comment cela fonctionne-t-il ? Vous composez votre objet\/meuble\/installation id\u00e9al(e), s\u00e9lectionnez vos mat\u00e9riaux circulaires et vos finitions pr\u00e9f\u00e9r\u00e9s. Nous vous livrons un kit unique et adaptable que vous pourrez utiliser toute votre vie.\u00a0<\/p>\n<p>Pour votre maison, votre bureau ou votre magasin. Vous pouvez ainsi cr\u00e9er rapidement votre propre table, \u00e9tag\u00e8re, armoire, bureau, cabine d&#8217;essayage, &#8230; \u00e0 partir de mat\u00e9riaux circulaires et personnalisez-le vous-m\u00eame. Vous contribuez ainsi \u00e0 l&#8217;essor sain de toutes sortes de nouveaux mat\u00e9riaux circulaires et d&#8217;attelages modulaires r\u00e9utilisables \u00e0 vie.<\/p>\n<p>Le d\u00e9but d&#8217;une assurance-vie durable. ONBETAALBAAR r\u00e9alise des concepts de personnalisation et d&#8217;am\u00e9nagement int\u00e9rieur avec des mat\u00e9riaux r\u00e9utilis\u00e9s et circulaires. HITCH fournit des outils simples pour assembler facilement toutes sortes de mat\u00e9riaux en feuilles.\u00a0<\/p>\n<p><br data-mce-bogus=\"1\"><\/p>\n","protected":false},"featured_media":42907,"template":"","meta":[],"product_cat":[3121,527,550,3311],"product_tag":[823,1168],"yoast_head":"<!-- This site is optimized with the Yoast SEO plugin v19.1 - https:\/\/yoast.com\/wordpress\/plugins\/seo\/ -->\n<title>UP 2 YOU : Une formule d&#039;autoconstruction innovante et circulaire | E-shop artistes belges<\/title>\n<meta name=\"description\" content=\"Acheter un produit comme UP 2 YOU : Une formule d&#039;autoconstruction innovante et circulaire? Laissez vous surprendre par nos artistes belges sp\u00e9cialis\u00e9s en produits artisanaux!\" \/>\n<meta name=\"robots\" content=\"index, follow, max-snippet:-1, max-image-preview:large, max-video-preview:-1\" \/>\n<link rel=\"canonical\" href=\"https:\/\/nationalstore.be\/fr\/produit\/up-2-you-une-formule-dautoconstruction-innovante-et-circulaire\" \/>\n<meta property=\"og:locale\" content=\"fr_FR\" \/>\n<meta property=\"og:type\" content=\"article\" \/>\n<meta property=\"og:title\" content=\"UP 2 YOU : Une formule d&#039;autoconstruction innovante et circulaire | E-shop artistes belges\" \/>\n<meta property=\"og:description\" content=\"Acheter un produit comme UP 2 YOU : Une formule d&#039;autoconstruction innovante et circulaire? Laissez vous surprendre par nos artistes belges sp\u00e9cialis\u00e9s en produits artisanaux!\" \/>\n<meta property=\"og:url\" content=\"https:\/\/nationalstore.be\/fr\/produit\/up-2-you-une-formule-dautoconstruction-innovante-et-circulaire\" \/>\n<meta property=\"og:site_name\" content=\"NATIONA(A)L ARTIST SUPERMARKET\" \/>\n<meta property=\"article:publisher\" content=\"https:\/\/www.facebook.com\/nationalstore\/?ref=br_rs\" \/>\n<meta property=\"article:modified_time\" content=\"2022-09-22T06:47:05+00:00\" \/>\n<meta property=\"og:image\" content=\"https:\/\/nationalstore.be\/wp-content\/uploads\/2022\/09\/posterCDMA1_DEF.jpg\" \/>\n\t<meta property=\"og:image:width\" content=\"1684\" \/>\n\t<meta property=\"og:image:height\" content=\"2384\" \/>\n\t<meta property=\"og:image:type\" content=\"image\/jpeg\" \/>\n<meta name=\"twitter:card\" content=\"summary_large_image\" \/>\n<meta name=\"twitter:site\" content=\"@Nationalstore\" \/>\n<script type=\"application\/ld+json\" class=\"yoast-schema-graph\">{\"@context\":\"https:\/\/schema.org\",\"@graph\":[{\"@type\":\"Organization\",\"@id\":\"https:\/\/nationalstore.be\/fr#organization\",\"name\":\"NATIONA(A)L ARTIST MARKET\",\"url\":\"https:\/\/nationalstore.be\/fr\",\"sameAs\":[\"https:\/\/www.instagram.com\/nationalstore\/\",\"https:\/\/www.facebook.com\/nationalstore\/?ref=br_rs\",\"https:\/\/twitter.com\/Nationalstore\"],\"logo\":{\"@type\":\"ImageObject\",\"inLanguage\":\"fr-FR\",\"@id\":\"https:\/\/nationalstore.be\/fr#\/schema\/logo\/image\/\",\"url\":\"https:\/\/nationalstore.be\/wp-content\/uploads\/2024\/03\/nationaal-logo_mauve-cmjn.png\",\"contentUrl\":\"https:\/\/nationalstore.be\/wp-content\/uploads\/2024\/03\/nationaal-logo_mauve-cmjn.png\",\"width\":3475,\"height\":1352,\"caption\":\"NATIONA(A)L ARTIST MARKET\"},\"image\":{\"@id\":\"https:\/\/nationalstore.be\/fr#\/schema\/logo\/image\/\"}},{\"@type\":\"WebSite\",\"@id\":\"https:\/\/nationalstore.be\/fr#website\",\"url\":\"https:\/\/nationalstore.be\/fr\",\"name\":\"NATIONA(A)L ARTIST SUPERMARKET\",\"description\":\"\",\"publisher\":{\"@id\":\"https:\/\/nationalstore.be\/fr#organization\"},\"potentialAction\":[{\"@type\":\"SearchAction\",\"target\":{\"@type\":\"EntryPoint\",\"urlTemplate\":\"https:\/\/nationalstore.be\/fr?s={search_term_string}\"},\"query-input\":\"required name=search_term_string\"}],\"inLanguage\":\"fr-FR\"},{\"@type\":\"ImageObject\",\"inLanguage\":\"fr-FR\",\"@id\":\"https:\/\/nationalstore.be\/fr\/produit\/up-2-you-une-formule-dautoconstruction-innovante-et-circulaire#primaryimage\",\"url\":\"https:\/\/nationalstore.be\/wp-content\/uploads\/2022\/10\/Hitch_analog-06-scaled.jpg\",\"contentUrl\":\"https:\/\/nationalstore.be\/wp-content\/uploads\/2022\/10\/Hitch_analog-06-scaled.jpg\",\"width\":2560,\"height\":1703,\"caption\":\"Choose your own materials and build your unique furniture\"},{\"@type\":[\"WebPage\",\"ItemPage\"],\"@id\":\"https:\/\/nationalstore.be\/fr\/produit\/up-2-you-une-formule-dautoconstruction-innovante-et-circulaire#webpage\",\"url\":\"https:\/\/nationalstore.be\/fr\/produit\/up-2-you-une-formule-dautoconstruction-innovante-et-circulaire\",\"name\":\"UP 2 YOU : Une formule d'autoconstruction innovante et circulaire | E-shop artistes belges\",\"isPartOf\":{\"@id\":\"https:\/\/nationalstore.be\/fr#website\"},\"primaryImageOfPage\":{\"@id\":\"https:\/\/nationalstore.be\/fr\/produit\/up-2-you-une-formule-dautoconstruction-innovante-et-circulaire#primaryimage\"},\"datePublished\":\"2022-09-22T06:45:37+00:00\",\"dateModified\":\"2022-09-22T06:47:05+00:00\",\"description\":\"Acheter un produit comme UP 2 YOU : Une formule d'autoconstruction innovante et circulaire? Laissez vous surprendre par nos artistes belges sp\u00e9cialis\u00e9s en produits artisanaux!\",\"breadcrumb\":{\"@id\":\"https:\/\/nationalstore.be\/fr\/produit\/up-2-you-une-formule-dautoconstruction-innovante-et-circulaire#breadcrumb\"},\"inLanguage\":\"fr-FR\",\"potentialAction\":[{\"@type\":\"ReadAction\",\"target\":[\"https:\/\/nationalstore.be\/fr\/produit\/up-2-you-une-formule-dautoconstruction-innovante-et-circulaire\"]}]},{\"@type\":\"BreadcrumbList\",\"@id\":\"https:\/\/nationalstore.be\/fr\/produit\/up-2-you-une-formule-dautoconstruction-innovante-et-circulaire#breadcrumb\",\"itemListElement\":[{\"@type\":\"ListItem\",\"position\":1,\"name\":\"Home\",\"item\":\"https:\/\/nationalstore.be\/fr\"},{\"@type\":\"ListItem\",\"position\":2,\"name\":\"Produits\",\"item\":\"https:\/\/nationalstore.be\/fr\/shop\"},{\"@type\":\"ListItem\",\"position\":3,\"name\":\"Design pour la maison\",\"item\":\"https:\/\/nationalstore.be\/fr\/pc\/design-pour-la-maison\"},{\"@type\":\"ListItem\",\"position\":4,\"name\":\"UP 2 YOU : Une formule d&#8217;autoconstruction innovante et circulaire\"}]}]}<\/script>\n<!-- \/ Yoast SEO plugin. -->","yoast_head_json":{"title":"UP 2 YOU : Une formule d'autoconstruction innovante et circulaire | E-shop artistes belges","description":"Acheter un produit comme UP 2 YOU : Une formule d'autoconstruction innovante et circulaire? Laissez vous surprendre par nos artistes belges sp\u00e9cialis\u00e9s en produits artisanaux!","robots":{"index":"index","follow":"follow","max-snippet":"max-snippet:-1","max-image-preview":"max-image-preview:large","max-video-preview":"max-video-preview:-1"},"canonical":"https:\/\/nationalstore.be\/fr\/produit\/up-2-you-une-formule-dautoconstruction-innovante-et-circulaire","og_locale":"fr_FR","og_type":"article","og_title":"UP 2 YOU : Une formule d'autoconstruction innovante et circulaire | E-shop artistes belges","og_description":"Acheter un produit comme UP 2 YOU : Une formule d'autoconstruction innovante et circulaire? Laissez vous surprendre par nos artistes belges sp\u00e9cialis\u00e9s en produits artisanaux!","og_url":"https:\/\/nationalstore.be\/fr\/produit\/up-2-you-une-formule-dautoconstruction-innovante-et-circulaire","og_site_name":"NATIONA(A)L ARTIST SUPERMARKET","article_publisher":"https:\/\/www.facebook.com\/nationalstore\/?ref=br_rs","article_modified_time":"2022-09-22T06:47:05+00:00","og_image":[{"width":1684,"height":2384,"url":"https:\/\/nationalstore.be\/wp-content\/uploads\/2022\/09\/posterCDMA1_DEF.jpg","type":"image\/jpeg"}],"twitter_card":"summary_large_image","twitter_site":"@Nationalstore","schema":{"@context":"https:\/\/schema.org","@graph":[{"@type":"Organization","@id":"https:\/\/nationalstore.be\/fr#organization","name":"NATIONA(A)L ARTIST MARKET","url":"https:\/\/nationalstore.be\/fr","sameAs":["https:\/\/www.instagram.com\/nationalstore\/","https:\/\/www.facebook.com\/nationalstore\/?ref=br_rs","https:\/\/twitter.com\/Nationalstore"],"logo":{"@type":"ImageObject","inLanguage":"fr-FR","@id":"https:\/\/nationalstore.be\/fr#\/schema\/logo\/image\/","url":"https:\/\/nationalstore.be\/wp-content\/uploads\/2024\/03\/nationaal-logo_mauve-cmjn.png","contentUrl":"https:\/\/nationalstore.be\/wp-content\/uploads\/2024\/03\/nationaal-logo_mauve-cmjn.png","width":3475,"height":1352,"caption":"NATIONA(A)L ARTIST MARKET"},"image":{"@id":"https:\/\/nationalstore.be\/fr#\/schema\/logo\/image\/"}},{"@type":"WebSite","@id":"https:\/\/nationalstore.be\/fr#website","url":"https:\/\/nationalstore.be\/fr","name":"NATIONA(A)L ARTIST SUPERMARKET","description":"","publisher":{"@id":"https:\/\/nationalstore.be\/fr#organization"},"potentialAction":[{"@type":"SearchAction","target":{"@type":"EntryPoint","urlTemplate":"https:\/\/nationalstore.be\/fr?s={search_term_string}"},"query-input":"required name=search_term_string"}],"inLanguage":"fr-FR"},{"@type":"ImageObject","inLanguage":"fr-FR","@id":"https:\/\/nationalstore.be\/fr\/produit\/up-2-you-une-formule-dautoconstruction-innovante-et-circulaire#primaryimage","url":"https:\/\/nationalstore.be\/wp-content\/uploads\/2022\/10\/Hitch_analog-06-scaled.jpg","contentUrl":"https:\/\/nationalstore.be\/wp-content\/uploads\/2022\/10\/Hitch_analog-06-scaled.jpg","width":2560,"height":1703,"caption":"Choose your own materials and build your unique furniture"},{"@type":["WebPage","ItemPage"],"@id":"https:\/\/nationalstore.be\/fr\/produit\/up-2-you-une-formule-dautoconstruction-innovante-et-circulaire#webpage","url":"https:\/\/nationalstore.be\/fr\/produit\/up-2-you-une-formule-dautoconstruction-innovante-et-circulaire","name":"UP 2 YOU : Une formule d'autoconstruction innovante et circulaire | E-shop artistes belges","isPartOf":{"@id":"https:\/\/nationalstore.be\/fr#website"},"primaryImageOfPage":{"@id":"https:\/\/nationalstore.be\/fr\/produit\/up-2-you-une-formule-dautoconstruction-innovante-et-circulaire#primaryimage"},"datePublished":"2022-09-22T06:45:37+00:00","dateModified":"2022-09-22T06:47:05+00:00","description":"Acheter un produit comme UP 2 YOU : Une formule d'autoconstruction innovante et circulaire? Laissez vous surprendre par nos artistes belges sp\u00e9cialis\u00e9s en produits artisanaux!","breadcrumb":{"@id":"https:\/\/nationalstore.be\/fr\/produit\/up-2-you-une-formule-dautoconstruction-innovante-et-circulaire#breadcrumb"},"inLanguage":"fr-FR","potentialAction":[{"@type":"ReadAction","target":["https:\/\/nationalstore.be\/fr\/produit\/up-2-you-une-formule-dautoconstruction-innovante-et-circulaire"]}]},{"@type":"BreadcrumbList","@id":"https:\/\/nationalstore.be\/fr\/produit\/up-2-you-une-formule-dautoconstruction-innovante-et-circulaire#breadcrumb","itemListElement":[{"@type":"ListItem","position":1,"name":"Home","item":"https:\/\/nationalstore.be\/fr"},{"@type":"ListItem","position":2,"name":"Produits","item":"https:\/\/nationalstore.be\/fr\/shop"},{"@type":"ListItem","position":3,"name":"Design pour la maison","item":"https:\/\/nationalstore.be\/fr\/pc\/design-pour-la-maison"},{"@type":"ListItem","position":4,"name":"UP 2 YOU : Une formule d&#8217;autoconstruction innovante et circulaire"}]}]}},"_links":{"self":[{"href":"https:\/\/nationalstore.be\/fr\/wp-json\/wp\/v2\/product\/41719"}],"collection":[{"href":"https:\/\/nationalstore.be\/fr\/wp-json\/wp\/v2\/product"}],"about":[{"href":"https:\/\/nationalstore.be\/fr\/wp-json\/wp\/v2\/types\/product"}],"wp:featuredmedia":[{"embeddable":true,"href":"https:\/\/nationalstore.be\/fr\/wp-json\/wp\/v2\/media\/42907"}],"wp:attachment":[{"href":"https:\/\/nationalstore.be\/fr\/wp-json\/wp\/v2\/media?parent=41719"}],"wp:term":[{"taxonomy":"product_cat","embeddable":true,"href":"https:\/\/nationalstore.be\/fr\/wp-json\/wp\/v2\/product_cat?post=41719"},{"taxonomy":"product_tag","embeddable":true,"href":"https:\/\/nationalstore.be\/fr\/wp-json\/wp\/v2\/product_tag?post=41719"}],"curies":[{"name":"wp","href":"https:\/\/api.w.org\/{rel}","templated":true}]}}