{"id":41713,"date":"2022-09-22T08:17:31","date_gmt":"2022-09-22T06:17:54","guid":{"rendered":"https:\/\/nationalstore.be\/?post_type=product&#038;p=41713"},"modified":"2022-09-22T08:19:26","modified_gmt":"2022-09-22T06:19:26","slug":"gordn-steel-series-i-table-basse-table-dappoint","status":"publish","type":"product","link":"https:\/\/nationalstore.be\/fr\/produit\/gordn-steel-series-i-table-basse-table-dappoint","title":{"rendered":"Gordn Steel Series I Table Basse &#038; Table d&#8217;Appoint."},"content":{"rendered":"<p><strong>TABLE BASSE<\/strong><\/p>\n<p>Acier avec traitement de surface artisanal<\/p>\n<p>45 cm x 90 cm x 160 cm<\/p>\n<p><\/p>\n<p><strong>TABLE D&#8217;APPOINT<\/strong><\/p>\n<p>Acier avec traitement de surface artisanal<\/p>\n<p>45 cm x 70 cm x 35 cm<\/p>\n<p><\/p>\n","protected":false},"excerpt":{"rendered":"<p><strong>TABLE BASSE<\/strong><\/p>\n<p>Des ouvertures et des lignes de coupe apparemment al\u00e9atoires &#8211; inspir\u00e9es par Gordon Matta-Clark &#8211; forment de mani\u00e8re inattendue une forme g\u00e9om\u00e9trique parfaite, transformant la 3D en 2D et brouillant la fronti\u00e8re entre mobilier et art. Comme cette table basse semble soit massive soit super l\u00e9g\u00e8re, selon le point de vue, les utilisateurs auront envie de se promener \u00e0 la recherche du carr\u00e9 parfait.<\/p>\n<p><\/p>\n<p><strong>TABLE D&#8217;APPOINT<\/strong><\/p>\n<p>Ce petit meuble est fabriqu\u00e9 \u00e0 partir du surplus de la table basse Gordn, ce qui a donn\u00e9 naissance \u00e0 la table d&#8217;appoint Gordn. Comme son nom l&#8217;indique, ce meuble n&#8217;est pas seulement un objet d&#8217;art mais, comme la grande table dont il est d\u00e9riv\u00e9, un objet d&#8217;art fonctionnel. Avec une \u00e9tag\u00e8re sur quatre c\u00f4t\u00e9s, cette pi\u00e8ce est int\u00e9ressante et fonctionnelle sous tous les angles, de sorte que les utilisateurs auront envie de se promener \u00e0 la recherche du carr\u00e9 parfait.<\/p>\n<p><\/p>\n<p><br data-mce-bogus=\"1\"><\/p>\n","protected":false},"featured_media":41698,"template":"","meta":[],"product_cat":[3121,527,550,2912],"product_tag":[823,827,825],"yoast_head":"<!-- This site is optimized with the Yoast SEO plugin v19.1 - https:\/\/yoast.com\/wordpress\/plugins\/seo\/ -->\n<title>Gordn Steel Series I Table Basse &amp; Table d&#039;Appoint. | E-shop artistes belges<\/title>\n<meta name=\"description\" content=\"Acheter un produit comme Gordn Steel Series I Table Basse &amp; Table d&#039;Appoint.? Laissez vous surprendre par nos artistes belges sp\u00e9cialis\u00e9s en produits artisanaux!\" \/>\n<meta name=\"robots\" content=\"index, follow, max-snippet:-1, max-image-preview:large, max-video-preview:-1\" \/>\n<link rel=\"canonical\" href=\"https:\/\/nationalstore.be\/fr\/produit\/gordn-steel-series-i-table-basse-table-dappoint\" \/>\n<meta property=\"og:locale\" content=\"fr_FR\" \/>\n<meta property=\"og:type\" content=\"article\" \/>\n<meta property=\"og:title\" content=\"Gordn Steel Series I Table Basse &amp; Table d&#039;Appoint. | E-shop artistes belges\" \/>\n<meta property=\"og:description\" content=\"Acheter un produit comme Gordn Steel Series I Table Basse &amp; Table d&#039;Appoint.? Laissez vous surprendre par nos artistes belges sp\u00e9cialis\u00e9s en produits artisanaux!\" \/>\n<meta property=\"og:url\" content=\"https:\/\/nationalstore.be\/fr\/produit\/gordn-steel-series-i-table-basse-table-dappoint\" \/>\n<meta property=\"og:site_name\" content=\"NATIONA(A)L ARTIST SUPERMARKET\" \/>\n<meta property=\"article:publisher\" content=\"https:\/\/www.facebook.com\/nationalstore\/?ref=br_rs\" \/>\n<meta property=\"article:modified_time\" content=\"2022-09-22T06:19:26+00:00\" \/>\n<meta property=\"og:image\" content=\"https:\/\/nationalstore.be\/wp-content\/uploads\/2022\/09\/GSS-lowtable-2.jpg\" \/>\n\t<meta property=\"og:image:width\" content=\"948\" \/>\n\t<meta property=\"og:image:height\" content=\"948\" \/>\n\t<meta property=\"og:image:type\" content=\"image\/jpeg\" \/>\n<meta name=\"twitter:card\" content=\"summary_large_image\" \/>\n<meta name=\"twitter:site\" content=\"@Nationalstore\" \/>\n<script type=\"application\/ld+json\" class=\"yoast-schema-graph\">{\"@context\":\"https:\/\/schema.org\",\"@graph\":[{\"@type\":\"Organization\",\"@id\":\"https:\/\/nationalstore.be\/fr#organization\",\"name\":\"NATIONA(A)L ARTIST MARKET\",\"url\":\"https:\/\/nationalstore.be\/fr\",\"sameAs\":[\"https:\/\/www.instagram.com\/nationalstore\/\",\"https:\/\/www.facebook.com\/nationalstore\/?ref=br_rs\",\"https:\/\/twitter.com\/Nationalstore\"],\"logo\":{\"@type\":\"ImageObject\",\"inLanguage\":\"fr-FR\",\"@id\":\"https:\/\/nationalstore.be\/fr#\/schema\/logo\/image\/\",\"url\":\"https:\/\/nationalstore.be\/wp-content\/uploads\/2024\/03\/nationaal-logo_mauve-cmjn.png\",\"contentUrl\":\"https:\/\/nationalstore.be\/wp-content\/uploads\/2024\/03\/nationaal-logo_mauve-cmjn.png\",\"width\":3475,\"height\":1352,\"caption\":\"NATIONA(A)L ARTIST MARKET\"},\"image\":{\"@id\":\"https:\/\/nationalstore.be\/fr#\/schema\/logo\/image\/\"}},{\"@type\":\"WebSite\",\"@id\":\"https:\/\/nationalstore.be\/fr#website\",\"url\":\"https:\/\/nationalstore.be\/fr\",\"name\":\"NATIONA(A)L ARTIST SUPERMARKET\",\"description\":\"\",\"publisher\":{\"@id\":\"https:\/\/nationalstore.be\/fr#organization\"},\"potentialAction\":[{\"@type\":\"SearchAction\",\"target\":{\"@type\":\"EntryPoint\",\"urlTemplate\":\"https:\/\/nationalstore.be\/fr?s={search_term_string}\"},\"query-input\":\"required name=search_term_string\"}],\"inLanguage\":\"fr-FR\"},{\"@type\":\"ImageObject\",\"inLanguage\":\"fr-FR\",\"@id\":\"https:\/\/nationalstore.be\/fr\/produit\/gordn-steel-series-i-table-basse-table-dappoint#primaryimage\",\"url\":\"https:\/\/nationalstore.be\/wp-content\/uploads\/2022\/09\/GSS-lowtable-2.jpg\",\"contentUrl\":\"https:\/\/nationalstore.be\/wp-content\/uploads\/2022\/09\/GSS-lowtable-2.jpg\",\"width\":948,\"height\":948},{\"@type\":[\"WebPage\",\"ItemPage\"],\"@id\":\"https:\/\/nationalstore.be\/fr\/produit\/gordn-steel-series-i-table-basse-table-dappoint#webpage\",\"url\":\"https:\/\/nationalstore.be\/fr\/produit\/gordn-steel-series-i-table-basse-table-dappoint\",\"name\":\"Gordn Steel Series I Table Basse & Table d'Appoint. | E-shop artistes belges\",\"isPartOf\":{\"@id\":\"https:\/\/nationalstore.be\/fr#website\"},\"primaryImageOfPage\":{\"@id\":\"https:\/\/nationalstore.be\/fr\/produit\/gordn-steel-series-i-table-basse-table-dappoint#primaryimage\"},\"datePublished\":\"2022-09-22T06:17:54+00:00\",\"dateModified\":\"2022-09-22T06:19:26+00:00\",\"description\":\"Acheter un produit comme Gordn Steel Series I Table Basse & Table d'Appoint.? Laissez vous surprendre par nos artistes belges sp\u00e9cialis\u00e9s en produits artisanaux!\",\"breadcrumb\":{\"@id\":\"https:\/\/nationalstore.be\/fr\/produit\/gordn-steel-series-i-table-basse-table-dappoint#breadcrumb\"},\"inLanguage\":\"fr-FR\",\"potentialAction\":[{\"@type\":\"ReadAction\",\"target\":[\"https:\/\/nationalstore.be\/fr\/produit\/gordn-steel-series-i-table-basse-table-dappoint\"]}]},{\"@type\":\"BreadcrumbList\",\"@id\":\"https:\/\/nationalstore.be\/fr\/produit\/gordn-steel-series-i-table-basse-table-dappoint#breadcrumb\",\"itemListElement\":[{\"@type\":\"ListItem\",\"position\":1,\"name\":\"Home\",\"item\":\"https:\/\/nationalstore.be\/fr\"},{\"@type\":\"ListItem\",\"position\":2,\"name\":\"Produits\",\"item\":\"https:\/\/nationalstore.be\/fr\/shop\"},{\"@type\":\"ListItem\",\"position\":3,\"name\":\"Design pour la maison\",\"item\":\"https:\/\/nationalstore.be\/fr\/pc\/design-pour-la-maison\"},{\"@type\":\"ListItem\",\"position\":4,\"name\":\"Gordn Steel Series I Table Basse &#038; Table d&#8217;Appoint.\"}]}]}<\/script>\n<!-- \/ Yoast SEO plugin. -->","yoast_head_json":{"title":"Gordn Steel Series I Table Basse & Table d'Appoint. | E-shop artistes belges","description":"Acheter un produit comme Gordn Steel Series I Table Basse & Table d'Appoint.? Laissez vous surprendre par nos artistes belges sp\u00e9cialis\u00e9s en produits artisanaux!","robots":{"index":"index","follow":"follow","max-snippet":"max-snippet:-1","max-image-preview":"max-image-preview:large","max-video-preview":"max-video-preview:-1"},"canonical":"https:\/\/nationalstore.be\/fr\/produit\/gordn-steel-series-i-table-basse-table-dappoint","og_locale":"fr_FR","og_type":"article","og_title":"Gordn Steel Series I Table Basse & Table d'Appoint. | E-shop artistes belges","og_description":"Acheter un produit comme Gordn Steel Series I Table Basse & Table d'Appoint.? Laissez vous surprendre par nos artistes belges sp\u00e9cialis\u00e9s en produits artisanaux!","og_url":"https:\/\/nationalstore.be\/fr\/produit\/gordn-steel-series-i-table-basse-table-dappoint","og_site_name":"NATIONA(A)L ARTIST SUPERMARKET","article_publisher":"https:\/\/www.facebook.com\/nationalstore\/?ref=br_rs","article_modified_time":"2022-09-22T06:19:26+00:00","og_image":[{"width":948,"height":948,"url":"https:\/\/nationalstore.be\/wp-content\/uploads\/2022\/09\/GSS-lowtable-2.jpg","type":"image\/jpeg"}],"twitter_card":"summary_large_image","twitter_site":"@Nationalstore","schema":{"@context":"https:\/\/schema.org","@graph":[{"@type":"Organization","@id":"https:\/\/nationalstore.be\/fr#organization","name":"NATIONA(A)L ARTIST MARKET","url":"https:\/\/nationalstore.be\/fr","sameAs":["https:\/\/www.instagram.com\/nationalstore\/","https:\/\/www.facebook.com\/nationalstore\/?ref=br_rs","https:\/\/twitter.com\/Nationalstore"],"logo":{"@type":"ImageObject","inLanguage":"fr-FR","@id":"https:\/\/nationalstore.be\/fr#\/schema\/logo\/image\/","url":"https:\/\/nationalstore.be\/wp-content\/uploads\/2024\/03\/nationaal-logo_mauve-cmjn.png","contentUrl":"https:\/\/nationalstore.be\/wp-content\/uploads\/2024\/03\/nationaal-logo_mauve-cmjn.png","width":3475,"height":1352,"caption":"NATIONA(A)L ARTIST MARKET"},"image":{"@id":"https:\/\/nationalstore.be\/fr#\/schema\/logo\/image\/"}},{"@type":"WebSite","@id":"https:\/\/nationalstore.be\/fr#website","url":"https:\/\/nationalstore.be\/fr","name":"NATIONA(A)L ARTIST SUPERMARKET","description":"","publisher":{"@id":"https:\/\/nationalstore.be\/fr#organization"},"potentialAction":[{"@type":"SearchAction","target":{"@type":"EntryPoint","urlTemplate":"https:\/\/nationalstore.be\/fr?s={search_term_string}"},"query-input":"required name=search_term_string"}],"inLanguage":"fr-FR"},{"@type":"ImageObject","inLanguage":"fr-FR","@id":"https:\/\/nationalstore.be\/fr\/produit\/gordn-steel-series-i-table-basse-table-dappoint#primaryimage","url":"https:\/\/nationalstore.be\/wp-content\/uploads\/2022\/09\/GSS-lowtable-2.jpg","contentUrl":"https:\/\/nationalstore.be\/wp-content\/uploads\/2022\/09\/GSS-lowtable-2.jpg","width":948,"height":948},{"@type":["WebPage","ItemPage"],"@id":"https:\/\/nationalstore.be\/fr\/produit\/gordn-steel-series-i-table-basse-table-dappoint#webpage","url":"https:\/\/nationalstore.be\/fr\/produit\/gordn-steel-series-i-table-basse-table-dappoint","name":"Gordn Steel Series I Table Basse & Table d'Appoint. | E-shop artistes belges","isPartOf":{"@id":"https:\/\/nationalstore.be\/fr#website"},"primaryImageOfPage":{"@id":"https:\/\/nationalstore.be\/fr\/produit\/gordn-steel-series-i-table-basse-table-dappoint#primaryimage"},"datePublished":"2022-09-22T06:17:54+00:00","dateModified":"2022-09-22T06:19:26+00:00","description":"Acheter un produit comme Gordn Steel Series I Table Basse & Table d'Appoint.? Laissez vous surprendre par nos artistes belges sp\u00e9cialis\u00e9s en produits artisanaux!","breadcrumb":{"@id":"https:\/\/nationalstore.be\/fr\/produit\/gordn-steel-series-i-table-basse-table-dappoint#breadcrumb"},"inLanguage":"fr-FR","potentialAction":[{"@type":"ReadAction","target":["https:\/\/nationalstore.be\/fr\/produit\/gordn-steel-series-i-table-basse-table-dappoint"]}]},{"@type":"BreadcrumbList","@id":"https:\/\/nationalstore.be\/fr\/produit\/gordn-steel-series-i-table-basse-table-dappoint#breadcrumb","itemListElement":[{"@type":"ListItem","position":1,"name":"Home","item":"https:\/\/nationalstore.be\/fr"},{"@type":"ListItem","position":2,"name":"Produits","item":"https:\/\/nationalstore.be\/fr\/shop"},{"@type":"ListItem","position":3,"name":"Design pour la maison","item":"https:\/\/nationalstore.be\/fr\/pc\/design-pour-la-maison"},{"@type":"ListItem","position":4,"name":"Gordn Steel Series I Table Basse &#038; Table d&#8217;Appoint."}]}]}},"_links":{"self":[{"href":"https:\/\/nationalstore.be\/fr\/wp-json\/wp\/v2\/product\/41713"}],"collection":[{"href":"https:\/\/nationalstore.be\/fr\/wp-json\/wp\/v2\/product"}],"about":[{"href":"https:\/\/nationalstore.be\/fr\/wp-json\/wp\/v2\/types\/product"}],"wp:featuredmedia":[{"embeddable":true,"href":"https:\/\/nationalstore.be\/fr\/wp-json\/wp\/v2\/media\/41698"}],"wp:attachment":[{"href":"https:\/\/nationalstore.be\/fr\/wp-json\/wp\/v2\/media?parent=41713"}],"wp:term":[{"taxonomy":"product_cat","embeddable":true,"href":"https:\/\/nationalstore.be\/fr\/wp-json\/wp\/v2\/product_cat?post=41713"},{"taxonomy":"product_tag","embeddable":true,"href":"https:\/\/nationalstore.be\/fr\/wp-json\/wp\/v2\/product_tag?post=41713"}],"curies":[{"name":"wp","href":"https:\/\/api.w.org\/{rel}","templated":true}]}}