{"id":41711,"date":"2022-09-21T23:53:30","date_gmt":"2022-09-22T06:13:31","guid":{"rendered":"https:\/\/nationalstore.be\/?post_type=product&#038;p=41711"},"modified":"2022-09-22T08:14:41","modified_gmt":"2022-09-22T06:14:41","slug":"gordn-steel-series-i-bibliotheque-o","status":"publish","type":"product","link":"https:\/\/nationalstore.be\/fr\/produit\/gordn-steel-series-i-bibliotheque-o","title":{"rendered":"Gordn Steel Series I Biblioth\u00e8que &#038; O"},"content":{"rendered":"<p><strong>BIBLIOTHEQUE<\/strong><\/p>\n<p>Aluminium avec traitement de surface artisanal<\/p>\n<p>22 cm x 10,5 cm x 35 cm, ouverture sur mesure<\/p>\n<p><br data-mce-bogus=\"1\"><\/p>\n<p><strong>O<\/strong><\/p>\n<p>Aluminium avec traitement de surface artisanal<\/p>\n<p>80 cm x 105 cm x 35 cm<\/p>\n","protected":false},"excerpt":{"rendered":"<p><strong>BIBLIOTHEQUE<\/strong><\/p>\n<p>Des ouvertures et des lignes de coupe apparemment al\u00e9atoires &#8211; inspir\u00e9es par Gordon Matta-Clark &#8211; forment de mani\u00e8re inattendue une forme g\u00e9om\u00e9trique parfaite, transformant la 3D en 2D et brouillant la fronti\u00e8re entre mobilier et art. Comme cette biblioth\u00e8que sert de s\u00e9parateur de pi\u00e8ce avec des \u00e9tag\u00e8res des deux c\u00f4t\u00e9s et des vues int\u00e9ressantes de chaque c\u00f4t\u00e9, les utilisateurs auront envie de se promener \u00e0 la recherche du cercle parfait.<\/p>\n<p><\/p>\n<p><strong>O<\/strong><\/p>\n<p>Comme cette \u0153uvre d&#8217;art plus petite est r\u00e9alis\u00e9e \u00e0 partir du surplus de la biblioth\u00e8que Gordn, O forme ce m\u00eame trou. Alors qu&#8217;en tant que spectateur, les gens devaient marcher autour de la biblioth\u00e8que (avec le trou) &#8211; \u00e0 la recherche de&#8230; O &#8211; le trou tangible se transforme ici devant les yeux. L&#8217;\u00e9tonnement est proche&#8230; avec la r\u00e9gularit\u00e9 de l&#8217;horloge, ce cercle parfait se r\u00e9v\u00e8le.<\/p>\n<p><br data-mce-bogus=\"1\"><\/p>\n","protected":false},"featured_media":41692,"template":"","meta":[],"product_cat":[3121,527,550,2903,2912],"product_tag":[823,827,825],"yoast_head":"<!-- This site is optimized with the Yoast SEO plugin v19.1 - https:\/\/yoast.com\/wordpress\/plugins\/seo\/ -->\n<title>Gordn Steel Series I Biblioth\u00e8que &amp; O | E-shop artistes belges<\/title>\n<meta name=\"description\" content=\"Acheter un produit comme Gordn Steel Series I Biblioth\u00e8que &amp; O? Laissez vous surprendre par nos artistes belges sp\u00e9cialis\u00e9s en produits artisanaux!\" \/>\n<meta name=\"robots\" content=\"index, follow, max-snippet:-1, max-image-preview:large, max-video-preview:-1\" \/>\n<link rel=\"canonical\" href=\"https:\/\/nationalstore.be\/fr\/produit\/gordn-steel-series-i-bibliotheque-o\" \/>\n<meta property=\"og:locale\" content=\"fr_FR\" \/>\n<meta property=\"og:type\" content=\"article\" \/>\n<meta property=\"og:title\" content=\"Gordn Steel Series I Biblioth\u00e8que &amp; O | E-shop artistes belges\" \/>\n<meta property=\"og:description\" content=\"Acheter un produit comme Gordn Steel Series I Biblioth\u00e8que &amp; O? Laissez vous surprendre par nos artistes belges sp\u00e9cialis\u00e9s en produits artisanaux!\" \/>\n<meta property=\"og:url\" content=\"https:\/\/nationalstore.be\/fr\/produit\/gordn-steel-series-i-bibliotheque-o\" \/>\n<meta property=\"og:site_name\" content=\"NATIONA(A)L ARTIST SUPERMARKET\" \/>\n<meta property=\"article:publisher\" content=\"https:\/\/www.facebook.com\/nationalstore\/?ref=br_rs\" \/>\n<meta property=\"article:modified_time\" content=\"2022-09-22T06:14:41+00:00\" \/>\n<meta property=\"og:image\" content=\"https:\/\/nationalstore.be\/wp-content\/uploads\/2022\/09\/GSS-bookcase-3.jpg\" \/>\n\t<meta property=\"og:image:width\" content=\"632\" \/>\n\t<meta property=\"og:image:height\" content=\"948\" \/>\n\t<meta property=\"og:image:type\" content=\"image\/jpeg\" \/>\n<meta name=\"twitter:card\" content=\"summary_large_image\" \/>\n<meta name=\"twitter:site\" content=\"@Nationalstore\" \/>\n<script type=\"application\/ld+json\" class=\"yoast-schema-graph\">{\"@context\":\"https:\/\/schema.org\",\"@graph\":[{\"@type\":\"Organization\",\"@id\":\"https:\/\/nationalstore.be\/fr#organization\",\"name\":\"NATIONA(A)L ARTIST MARKET\",\"url\":\"https:\/\/nationalstore.be\/fr\",\"sameAs\":[\"https:\/\/www.instagram.com\/nationalstore\/\",\"https:\/\/www.facebook.com\/nationalstore\/?ref=br_rs\",\"https:\/\/twitter.com\/Nationalstore\"],\"logo\":{\"@type\":\"ImageObject\",\"inLanguage\":\"fr-FR\",\"@id\":\"https:\/\/nationalstore.be\/fr#\/schema\/logo\/image\/\",\"url\":\"https:\/\/nationalstore.be\/wp-content\/uploads\/2024\/03\/nationaal-logo_mauve-cmjn.png\",\"contentUrl\":\"https:\/\/nationalstore.be\/wp-content\/uploads\/2024\/03\/nationaal-logo_mauve-cmjn.png\",\"width\":3475,\"height\":1352,\"caption\":\"NATIONA(A)L ARTIST MARKET\"},\"image\":{\"@id\":\"https:\/\/nationalstore.be\/fr#\/schema\/logo\/image\/\"}},{\"@type\":\"WebSite\",\"@id\":\"https:\/\/nationalstore.be\/fr#website\",\"url\":\"https:\/\/nationalstore.be\/fr\",\"name\":\"NATIONA(A)L ARTIST SUPERMARKET\",\"description\":\"\",\"publisher\":{\"@id\":\"https:\/\/nationalstore.be\/fr#organization\"},\"potentialAction\":[{\"@type\":\"SearchAction\",\"target\":{\"@type\":\"EntryPoint\",\"urlTemplate\":\"https:\/\/nationalstore.be\/fr?s={search_term_string}\"},\"query-input\":\"required name=search_term_string\"}],\"inLanguage\":\"fr-FR\"},{\"@type\":\"ImageObject\",\"inLanguage\":\"fr-FR\",\"@id\":\"https:\/\/nationalstore.be\/fr\/produit\/gordn-steel-series-i-bibliotheque-o#primaryimage\",\"url\":\"https:\/\/nationalstore.be\/wp-content\/uploads\/2022\/09\/GSS-bookcase-3.jpg\",\"contentUrl\":\"https:\/\/nationalstore.be\/wp-content\/uploads\/2022\/09\/GSS-bookcase-3.jpg\",\"width\":632,\"height\":948},{\"@type\":[\"WebPage\",\"ItemPage\"],\"@id\":\"https:\/\/nationalstore.be\/fr\/produit\/gordn-steel-series-i-bibliotheque-o#webpage\",\"url\":\"https:\/\/nationalstore.be\/fr\/produit\/gordn-steel-series-i-bibliotheque-o\",\"name\":\"Gordn Steel Series I Biblioth\u00e8que & O | E-shop artistes belges\",\"isPartOf\":{\"@id\":\"https:\/\/nationalstore.be\/fr#website\"},\"primaryImageOfPage\":{\"@id\":\"https:\/\/nationalstore.be\/fr\/produit\/gordn-steel-series-i-bibliotheque-o#primaryimage\"},\"datePublished\":\"2022-09-22T06:13:31+00:00\",\"dateModified\":\"2022-09-22T06:14:41+00:00\",\"description\":\"Acheter un produit comme Gordn Steel Series I Biblioth\u00e8que & O? Laissez vous surprendre par nos artistes belges sp\u00e9cialis\u00e9s en produits artisanaux!\",\"breadcrumb\":{\"@id\":\"https:\/\/nationalstore.be\/fr\/produit\/gordn-steel-series-i-bibliotheque-o#breadcrumb\"},\"inLanguage\":\"fr-FR\",\"potentialAction\":[{\"@type\":\"ReadAction\",\"target\":[\"https:\/\/nationalstore.be\/fr\/produit\/gordn-steel-series-i-bibliotheque-o\"]}]},{\"@type\":\"BreadcrumbList\",\"@id\":\"https:\/\/nationalstore.be\/fr\/produit\/gordn-steel-series-i-bibliotheque-o#breadcrumb\",\"itemListElement\":[{\"@type\":\"ListItem\",\"position\":1,\"name\":\"Home\",\"item\":\"https:\/\/nationalstore.be\/fr\"},{\"@type\":\"ListItem\",\"position\":2,\"name\":\"Produits\",\"item\":\"https:\/\/nationalstore.be\/fr\/shop\"},{\"@type\":\"ListItem\",\"position\":3,\"name\":\"Design pour la maison\",\"item\":\"https:\/\/nationalstore.be\/fr\/pc\/design-pour-la-maison\"},{\"@type\":\"ListItem\",\"position\":4,\"name\":\"Gordn Steel Series I Biblioth\u00e8que &#038; O\"}]}]}<\/script>\n<!-- \/ Yoast SEO plugin. -->","yoast_head_json":{"title":"Gordn Steel Series I Biblioth\u00e8que & O | E-shop artistes belges","description":"Acheter un produit comme Gordn Steel Series I Biblioth\u00e8que & O? Laissez vous surprendre par nos artistes belges sp\u00e9cialis\u00e9s en produits artisanaux!","robots":{"index":"index","follow":"follow","max-snippet":"max-snippet:-1","max-image-preview":"max-image-preview:large","max-video-preview":"max-video-preview:-1"},"canonical":"https:\/\/nationalstore.be\/fr\/produit\/gordn-steel-series-i-bibliotheque-o","og_locale":"fr_FR","og_type":"article","og_title":"Gordn Steel Series I Biblioth\u00e8que & O | E-shop artistes belges","og_description":"Acheter un produit comme Gordn Steel Series I Biblioth\u00e8que & O? Laissez vous surprendre par nos artistes belges sp\u00e9cialis\u00e9s en produits artisanaux!","og_url":"https:\/\/nationalstore.be\/fr\/produit\/gordn-steel-series-i-bibliotheque-o","og_site_name":"NATIONA(A)L ARTIST SUPERMARKET","article_publisher":"https:\/\/www.facebook.com\/nationalstore\/?ref=br_rs","article_modified_time":"2022-09-22T06:14:41+00:00","og_image":[{"width":632,"height":948,"url":"https:\/\/nationalstore.be\/wp-content\/uploads\/2022\/09\/GSS-bookcase-3.jpg","type":"image\/jpeg"}],"twitter_card":"summary_large_image","twitter_site":"@Nationalstore","schema":{"@context":"https:\/\/schema.org","@graph":[{"@type":"Organization","@id":"https:\/\/nationalstore.be\/fr#organization","name":"NATIONA(A)L ARTIST MARKET","url":"https:\/\/nationalstore.be\/fr","sameAs":["https:\/\/www.instagram.com\/nationalstore\/","https:\/\/www.facebook.com\/nationalstore\/?ref=br_rs","https:\/\/twitter.com\/Nationalstore"],"logo":{"@type":"ImageObject","inLanguage":"fr-FR","@id":"https:\/\/nationalstore.be\/fr#\/schema\/logo\/image\/","url":"https:\/\/nationalstore.be\/wp-content\/uploads\/2024\/03\/nationaal-logo_mauve-cmjn.png","contentUrl":"https:\/\/nationalstore.be\/wp-content\/uploads\/2024\/03\/nationaal-logo_mauve-cmjn.png","width":3475,"height":1352,"caption":"NATIONA(A)L ARTIST MARKET"},"image":{"@id":"https:\/\/nationalstore.be\/fr#\/schema\/logo\/image\/"}},{"@type":"WebSite","@id":"https:\/\/nationalstore.be\/fr#website","url":"https:\/\/nationalstore.be\/fr","name":"NATIONA(A)L ARTIST SUPERMARKET","description":"","publisher":{"@id":"https:\/\/nationalstore.be\/fr#organization"},"potentialAction":[{"@type":"SearchAction","target":{"@type":"EntryPoint","urlTemplate":"https:\/\/nationalstore.be\/fr?s={search_term_string}"},"query-input":"required name=search_term_string"}],"inLanguage":"fr-FR"},{"@type":"ImageObject","inLanguage":"fr-FR","@id":"https:\/\/nationalstore.be\/fr\/produit\/gordn-steel-series-i-bibliotheque-o#primaryimage","url":"https:\/\/nationalstore.be\/wp-content\/uploads\/2022\/09\/GSS-bookcase-3.jpg","contentUrl":"https:\/\/nationalstore.be\/wp-content\/uploads\/2022\/09\/GSS-bookcase-3.jpg","width":632,"height":948},{"@type":["WebPage","ItemPage"],"@id":"https:\/\/nationalstore.be\/fr\/produit\/gordn-steel-series-i-bibliotheque-o#webpage","url":"https:\/\/nationalstore.be\/fr\/produit\/gordn-steel-series-i-bibliotheque-o","name":"Gordn Steel Series I Biblioth\u00e8que & O | E-shop artistes belges","isPartOf":{"@id":"https:\/\/nationalstore.be\/fr#website"},"primaryImageOfPage":{"@id":"https:\/\/nationalstore.be\/fr\/produit\/gordn-steel-series-i-bibliotheque-o#primaryimage"},"datePublished":"2022-09-22T06:13:31+00:00","dateModified":"2022-09-22T06:14:41+00:00","description":"Acheter un produit comme Gordn Steel Series I Biblioth\u00e8que & O? Laissez vous surprendre par nos artistes belges sp\u00e9cialis\u00e9s en produits artisanaux!","breadcrumb":{"@id":"https:\/\/nationalstore.be\/fr\/produit\/gordn-steel-series-i-bibliotheque-o#breadcrumb"},"inLanguage":"fr-FR","potentialAction":[{"@type":"ReadAction","target":["https:\/\/nationalstore.be\/fr\/produit\/gordn-steel-series-i-bibliotheque-o"]}]},{"@type":"BreadcrumbList","@id":"https:\/\/nationalstore.be\/fr\/produit\/gordn-steel-series-i-bibliotheque-o#breadcrumb","itemListElement":[{"@type":"ListItem","position":1,"name":"Home","item":"https:\/\/nationalstore.be\/fr"},{"@type":"ListItem","position":2,"name":"Produits","item":"https:\/\/nationalstore.be\/fr\/shop"},{"@type":"ListItem","position":3,"name":"Design pour la maison","item":"https:\/\/nationalstore.be\/fr\/pc\/design-pour-la-maison"},{"@type":"ListItem","position":4,"name":"Gordn Steel Series I Biblioth\u00e8que &#038; O"}]}]}},"_links":{"self":[{"href":"https:\/\/nationalstore.be\/fr\/wp-json\/wp\/v2\/product\/41711"}],"collection":[{"href":"https:\/\/nationalstore.be\/fr\/wp-json\/wp\/v2\/product"}],"about":[{"href":"https:\/\/nationalstore.be\/fr\/wp-json\/wp\/v2\/types\/product"}],"wp:featuredmedia":[{"embeddable":true,"href":"https:\/\/nationalstore.be\/fr\/wp-json\/wp\/v2\/media\/41692"}],"wp:attachment":[{"href":"https:\/\/nationalstore.be\/fr\/wp-json\/wp\/v2\/media?parent=41711"}],"wp:term":[{"taxonomy":"product_cat","embeddable":true,"href":"https:\/\/nationalstore.be\/fr\/wp-json\/wp\/v2\/product_cat?post=41711"},{"taxonomy":"product_tag","embeddable":true,"href":"https:\/\/nationalstore.be\/fr\/wp-json\/wp\/v2\/product_tag?post=41711"}],"curies":[{"name":"wp","href":"https:\/\/api.w.org\/{rel}","templated":true}]}}