{"id":41662,"date":"2022-09-21T12:29:44","date_gmt":"2022-09-21T10:22:44","guid":{"rendered":"https:\/\/nationalstore.be\/?post_type=product&#038;p=41662"},"modified":"2022-11-14T13:03:30","modified_gmt":"2022-11-14T12:03:30","slug":"contemplation-table","status":"publish","type":"product","link":"https:\/\/nationalstore.be\/fr\/produit\/contemplation-table","title":{"rendered":"CONTEMPLATION \u2013 Table"},"content":{"rendered":"<p>Dimensions : 61 x 45 x 44<\/p>\n<p>\u00c9dition limit\u00e9e de seulement 7 tables. Seulement 1 disponible en ligne ici sur la plateforme.<\/p>\n","protected":false},"excerpt":{"rendered":"<p>Le principe du cadre est utilis\u00e9 ici en combinaison avec une dalle de pierre de schiste pour former un banc\/une table d&#8217;appoint. La pierre noire provient de la carri\u00e8re de schiste de Bertrix et a \u00e9t\u00e9 choisie \u00e0 la main pour la collection. Elle a d&#8217;abord \u00e9t\u00e9 huil\u00e9e pour sceller et prot\u00e9ger la pierre, puis bross\u00e9e pour pr\u00e9server son aspect naturellement mat. La structure magnifiquement stratifi\u00e9e ajoute une texture \u00e9tonnante \u00e0 d\u00e9couvrir en s&#8217;asseyant, cr\u00e9ant ainsi un lieu de contemplation.<\/p>\n<p>Le principe sous-jacent de cette collection \u00e9tait la recherche d&#8217;un moyen de pr\u00e9senter des mat\u00e9riaux naturels dans le but de cr\u00e9er une exp\u00e9rience sensorielle pour l&#8217;utilisateur. Une structure en aluminium sert d&#8217;\u00e9l\u00e9ment de base, offrant un fort contraste avec le mat\u00e9riau organique et naturel qui est mis en valeur dans chaque meuble.<\/p>\n<p>Mes recherches ont commenc\u00e9 par un manifeste sur le mod\u00e8le de conception lin\u00e9aire actuel, qui entra\u00eene une abondance de d\u00e9chets. J&#8217;ai entrepris de m&#8217;attaquer \u00e0 ce probl\u00e8me de gaspillage qui est en partie d\u00fb \u00e0 un manque de connexion avec nos possessions. L&#8217;intention de la collection \u00e9tait de se reconnecter avec la nature \u00e0 travers l&#8217;exp\u00e9rience sensorielle des mat\u00e9riaux naturels pr\u00e9sent\u00e9s dans chaque pi\u00e8ce.<\/p>\n<p>Le cadre en aluminium est \u00e0 l&#8217;origine des \u00e9l\u00e9ments de base d&#8217;une collection de meubles intitul\u00e9e CONTEMPLATION\/\/REST\/\/NURTURE. Le principe du cadre est utilis\u00e9 ici en combinaison avec une dalle de pierre de schiste pour former un banc\/une table d&#8217;appoint. La pierre noire provient de la carri\u00e8re de schiste de Bertrix et a \u00e9t\u00e9 choisie \u00e0 la main pour la collection. Elle a d&#8217;abord \u00e9t\u00e9 huil\u00e9e pour sceller et prot\u00e9ger la pierre, puis bross\u00e9e pour pr\u00e9server son aspect naturellement mat. La structure magnifiquement stratifi\u00e9e ajoute une texture \u00e9tonnante \u00e0 d\u00e9couvrir en s&#8217;asseyant, cr\u00e9ant ainsi un lieu de contemplation.<\/p>\n<p>***<\/p>\n","protected":false},"featured_media":41657,"template":"","meta":[],"product_cat":[3121,527,550],"product_tag":[1307,2363,139,823,349,827],"yoast_head":"<!-- This site is optimized with the Yoast SEO plugin v19.1 - https:\/\/yoast.com\/wordpress\/plugins\/seo\/ -->\n<title>CONTEMPLATION \u2013 Table | E-shop artistes belges<\/title>\n<meta name=\"description\" content=\"Acheter un produit comme CONTEMPLATION \u2013 Table? Laissez vous surprendre par nos artistes belges sp\u00e9cialis\u00e9s en produits artisanaux!\" \/>\n<meta name=\"robots\" content=\"index, follow, max-snippet:-1, max-image-preview:large, max-video-preview:-1\" \/>\n<link rel=\"canonical\" href=\"https:\/\/nationalstore.be\/fr\/produit\/contemplation-table\" \/>\n<meta property=\"og:locale\" content=\"fr_FR\" \/>\n<meta property=\"og:type\" content=\"article\" \/>\n<meta property=\"og:title\" content=\"CONTEMPLATION \u2013 Table | E-shop artistes belges\" \/>\n<meta property=\"og:description\" content=\"Acheter un produit comme CONTEMPLATION \u2013 Table? Laissez vous surprendre par nos artistes belges sp\u00e9cialis\u00e9s en produits artisanaux!\" \/>\n<meta property=\"og:url\" content=\"https:\/\/nationalstore.be\/fr\/produit\/contemplation-table\" \/>\n<meta property=\"og:site_name\" content=\"NATIONA(A)L ARTIST SUPERMARKET\" \/>\n<meta property=\"article:publisher\" content=\"https:\/\/www.facebook.com\/nationalstore\/?ref=br_rs\" \/>\n<meta property=\"article:modified_time\" content=\"2022-11-14T12:03:30+00:00\" \/>\n<meta property=\"og:image\" content=\"https:\/\/nationalstore.be\/wp-content\/uploads\/2022\/09\/Screenshot-2022-09-21-at-12.02.07.png\" \/>\n\t<meta property=\"og:image:width\" content=\"858\" \/>\n\t<meta property=\"og:image:height\" content=\"1058\" \/>\n\t<meta property=\"og:image:type\" content=\"image\/png\" \/>\n<meta name=\"twitter:card\" content=\"summary_large_image\" \/>\n<meta name=\"twitter:site\" content=\"@Nationalstore\" \/>\n<script type=\"application\/ld+json\" class=\"yoast-schema-graph\">{\"@context\":\"https:\/\/schema.org\",\"@graph\":[{\"@type\":\"Organization\",\"@id\":\"https:\/\/nationalstore.be\/fr#organization\",\"name\":\"NATIONA(A)L ARTIST MARKET\",\"url\":\"https:\/\/nationalstore.be\/fr\",\"sameAs\":[\"https:\/\/www.instagram.com\/nationalstore\/\",\"https:\/\/www.facebook.com\/nationalstore\/?ref=br_rs\",\"https:\/\/twitter.com\/Nationalstore\"],\"logo\":{\"@type\":\"ImageObject\",\"inLanguage\":\"fr-FR\",\"@id\":\"https:\/\/nationalstore.be\/fr#\/schema\/logo\/image\/\",\"url\":\"https:\/\/nationalstore.be\/wp-content\/uploads\/2024\/03\/nationaal-logo_mauve-cmjn.png\",\"contentUrl\":\"https:\/\/nationalstore.be\/wp-content\/uploads\/2024\/03\/nationaal-logo_mauve-cmjn.png\",\"width\":3475,\"height\":1352,\"caption\":\"NATIONA(A)L ARTIST MARKET\"},\"image\":{\"@id\":\"https:\/\/nationalstore.be\/fr#\/schema\/logo\/image\/\"}},{\"@type\":\"WebSite\",\"@id\":\"https:\/\/nationalstore.be\/fr#website\",\"url\":\"https:\/\/nationalstore.be\/fr\",\"name\":\"NATIONA(A)L ARTIST SUPERMARKET\",\"description\":\"\",\"publisher\":{\"@id\":\"https:\/\/nationalstore.be\/fr#organization\"},\"potentialAction\":[{\"@type\":\"SearchAction\",\"target\":{\"@type\":\"EntryPoint\",\"urlTemplate\":\"https:\/\/nationalstore.be\/fr?s={search_term_string}\"},\"query-input\":\"required name=search_term_string\"}],\"inLanguage\":\"fr-FR\"},{\"@type\":\"ImageObject\",\"inLanguage\":\"fr-FR\",\"@id\":\"https:\/\/nationalstore.be\/fr\/produit\/contemplation-table#primaryimage\",\"url\":\"https:\/\/nationalstore.be\/wp-content\/uploads\/2022\/09\/Screenshot-2022-09-21-at-12.02.07.png\",\"contentUrl\":\"https:\/\/nationalstore.be\/wp-content\/uploads\/2022\/09\/Screenshot-2022-09-21-at-12.02.07.png\",\"width\":858,\"height\":1058},{\"@type\":[\"WebPage\",\"ItemPage\"],\"@id\":\"https:\/\/nationalstore.be\/fr\/produit\/contemplation-table#webpage\",\"url\":\"https:\/\/nationalstore.be\/fr\/produit\/contemplation-table\",\"name\":\"CONTEMPLATION \u2013 Table | E-shop artistes belges\",\"isPartOf\":{\"@id\":\"https:\/\/nationalstore.be\/fr#website\"},\"primaryImageOfPage\":{\"@id\":\"https:\/\/nationalstore.be\/fr\/produit\/contemplation-table#primaryimage\"},\"datePublished\":\"2022-09-21T10:22:44+00:00\",\"dateModified\":\"2022-11-14T12:03:30+00:00\",\"description\":\"Acheter un produit comme CONTEMPLATION \u2013 Table? Laissez vous surprendre par nos artistes belges sp\u00e9cialis\u00e9s en produits artisanaux!\",\"breadcrumb\":{\"@id\":\"https:\/\/nationalstore.be\/fr\/produit\/contemplation-table#breadcrumb\"},\"inLanguage\":\"fr-FR\",\"potentialAction\":[{\"@type\":\"ReadAction\",\"target\":[\"https:\/\/nationalstore.be\/fr\/produit\/contemplation-table\"]}]},{\"@type\":\"BreadcrumbList\",\"@id\":\"https:\/\/nationalstore.be\/fr\/produit\/contemplation-table#breadcrumb\",\"itemListElement\":[{\"@type\":\"ListItem\",\"position\":1,\"name\":\"Home\",\"item\":\"https:\/\/nationalstore.be\/fr\"},{\"@type\":\"ListItem\",\"position\":2,\"name\":\"Produits\",\"item\":\"https:\/\/nationalstore.be\/fr\/shop\"},{\"@type\":\"ListItem\",\"position\":3,\"name\":\"Subcategories\",\"item\":\"https:\/\/nationalstore.be\/fr\/pc\/subcategories-fr\"},{\"@type\":\"ListItem\",\"position\":4,\"name\":\"CDM x NATIONA(A)L: Un nouveau language partag\u00e9\",\"item\":\"https:\/\/nationalstore.be\/fr\/pc\/subcategories-fr\/cdm-x-nationaal-un-nouveau-language-partage\"},{\"@type\":\"ListItem\",\"position\":5,\"name\":\"CONTEMPLATION \u2013 Table\"}]}]}<\/script>\n<!-- \/ Yoast SEO plugin. -->","yoast_head_json":{"title":"CONTEMPLATION \u2013 Table | E-shop artistes belges","description":"Acheter un produit comme CONTEMPLATION \u2013 Table? Laissez vous surprendre par nos artistes belges sp\u00e9cialis\u00e9s en produits artisanaux!","robots":{"index":"index","follow":"follow","max-snippet":"max-snippet:-1","max-image-preview":"max-image-preview:large","max-video-preview":"max-video-preview:-1"},"canonical":"https:\/\/nationalstore.be\/fr\/produit\/contemplation-table","og_locale":"fr_FR","og_type":"article","og_title":"CONTEMPLATION \u2013 Table | E-shop artistes belges","og_description":"Acheter un produit comme CONTEMPLATION \u2013 Table? Laissez vous surprendre par nos artistes belges sp\u00e9cialis\u00e9s en produits artisanaux!","og_url":"https:\/\/nationalstore.be\/fr\/produit\/contemplation-table","og_site_name":"NATIONA(A)L ARTIST SUPERMARKET","article_publisher":"https:\/\/www.facebook.com\/nationalstore\/?ref=br_rs","article_modified_time":"2022-11-14T12:03:30+00:00","og_image":[{"width":858,"height":1058,"url":"https:\/\/nationalstore.be\/wp-content\/uploads\/2022\/09\/Screenshot-2022-09-21-at-12.02.07.png","type":"image\/png"}],"twitter_card":"summary_large_image","twitter_site":"@Nationalstore","schema":{"@context":"https:\/\/schema.org","@graph":[{"@type":"Organization","@id":"https:\/\/nationalstore.be\/fr#organization","name":"NATIONA(A)L ARTIST MARKET","url":"https:\/\/nationalstore.be\/fr","sameAs":["https:\/\/www.instagram.com\/nationalstore\/","https:\/\/www.facebook.com\/nationalstore\/?ref=br_rs","https:\/\/twitter.com\/Nationalstore"],"logo":{"@type":"ImageObject","inLanguage":"fr-FR","@id":"https:\/\/nationalstore.be\/fr#\/schema\/logo\/image\/","url":"https:\/\/nationalstore.be\/wp-content\/uploads\/2024\/03\/nationaal-logo_mauve-cmjn.png","contentUrl":"https:\/\/nationalstore.be\/wp-content\/uploads\/2024\/03\/nationaal-logo_mauve-cmjn.png","width":3475,"height":1352,"caption":"NATIONA(A)L ARTIST MARKET"},"image":{"@id":"https:\/\/nationalstore.be\/fr#\/schema\/logo\/image\/"}},{"@type":"WebSite","@id":"https:\/\/nationalstore.be\/fr#website","url":"https:\/\/nationalstore.be\/fr","name":"NATIONA(A)L ARTIST SUPERMARKET","description":"","publisher":{"@id":"https:\/\/nationalstore.be\/fr#organization"},"potentialAction":[{"@type":"SearchAction","target":{"@type":"EntryPoint","urlTemplate":"https:\/\/nationalstore.be\/fr?s={search_term_string}"},"query-input":"required name=search_term_string"}],"inLanguage":"fr-FR"},{"@type":"ImageObject","inLanguage":"fr-FR","@id":"https:\/\/nationalstore.be\/fr\/produit\/contemplation-table#primaryimage","url":"https:\/\/nationalstore.be\/wp-content\/uploads\/2022\/09\/Screenshot-2022-09-21-at-12.02.07.png","contentUrl":"https:\/\/nationalstore.be\/wp-content\/uploads\/2022\/09\/Screenshot-2022-09-21-at-12.02.07.png","width":858,"height":1058},{"@type":["WebPage","ItemPage"],"@id":"https:\/\/nationalstore.be\/fr\/produit\/contemplation-table#webpage","url":"https:\/\/nationalstore.be\/fr\/produit\/contemplation-table","name":"CONTEMPLATION \u2013 Table | E-shop artistes belges","isPartOf":{"@id":"https:\/\/nationalstore.be\/fr#website"},"primaryImageOfPage":{"@id":"https:\/\/nationalstore.be\/fr\/produit\/contemplation-table#primaryimage"},"datePublished":"2022-09-21T10:22:44+00:00","dateModified":"2022-11-14T12:03:30+00:00","description":"Acheter un produit comme CONTEMPLATION \u2013 Table? Laissez vous surprendre par nos artistes belges sp\u00e9cialis\u00e9s en produits artisanaux!","breadcrumb":{"@id":"https:\/\/nationalstore.be\/fr\/produit\/contemplation-table#breadcrumb"},"inLanguage":"fr-FR","potentialAction":[{"@type":"ReadAction","target":["https:\/\/nationalstore.be\/fr\/produit\/contemplation-table"]}]},{"@type":"BreadcrumbList","@id":"https:\/\/nationalstore.be\/fr\/produit\/contemplation-table#breadcrumb","itemListElement":[{"@type":"ListItem","position":1,"name":"Home","item":"https:\/\/nationalstore.be\/fr"},{"@type":"ListItem","position":2,"name":"Produits","item":"https:\/\/nationalstore.be\/fr\/shop"},{"@type":"ListItem","position":3,"name":"Subcategories","item":"https:\/\/nationalstore.be\/fr\/pc\/subcategories-fr"},{"@type":"ListItem","position":4,"name":"CDM x NATIONA(A)L: Un nouveau language partag\u00e9","item":"https:\/\/nationalstore.be\/fr\/pc\/subcategories-fr\/cdm-x-nationaal-un-nouveau-language-partage"},{"@type":"ListItem","position":5,"name":"CONTEMPLATION \u2013 Table"}]}]}},"_links":{"self":[{"href":"https:\/\/nationalstore.be\/fr\/wp-json\/wp\/v2\/product\/41662"}],"collection":[{"href":"https:\/\/nationalstore.be\/fr\/wp-json\/wp\/v2\/product"}],"about":[{"href":"https:\/\/nationalstore.be\/fr\/wp-json\/wp\/v2\/types\/product"}],"wp:featuredmedia":[{"embeddable":true,"href":"https:\/\/nationalstore.be\/fr\/wp-json\/wp\/v2\/media\/41657"}],"wp:attachment":[{"href":"https:\/\/nationalstore.be\/fr\/wp-json\/wp\/v2\/media?parent=41662"}],"wp:term":[{"taxonomy":"product_cat","embeddable":true,"href":"https:\/\/nationalstore.be\/fr\/wp-json\/wp\/v2\/product_cat?post=41662"},{"taxonomy":"product_tag","embeddable":true,"href":"https:\/\/nationalstore.be\/fr\/wp-json\/wp\/v2\/product_tag?post=41662"}],"curies":[{"name":"wp","href":"https:\/\/api.w.org\/{rel}","templated":true}]}}