{"id":40928,"date":"2022-09-07T11:19:26","date_gmt":"2022-09-07T09:19:58","guid":{"rendered":"https:\/\/nationalstore.be\/?post_type=product&#038;p=40928"},"modified":"2022-09-07T11:21:01","modified_gmt":"2022-09-07T09:21:01","slug":"u-c2-chaise-en-chene","status":"publish","type":"product","link":"https:\/\/nationalstore.be\/fr\/produit\/u-c2-chaise-en-chene","title":{"rendered":"U.C2 \u2013 chaise en ch\u00eane."},"content":{"rendered":"<p>L&#8217;U.C2 est une chaise n\u00e9e de lignes minimalistes et de la recherche d&#8217;un savoir-faire optimal.\u00a0<\/p>\n<p>Un objet qui est un \u00e9l\u00e9ment statique dans un espace aux proportions dynamiques cr\u00e9e une perception fonctionnelle pour l&#8217;utilisateur final.\u00a0 Cela est d\u00fb \u00e0 ses pieds arri\u00e8re plus lourds en \u00e9quilibre avec des surfaces courbes.\u00a0<\/p>\n<p>Une ligne claire se retrouve dans les joints habiles qui se renforcent mutuellement dans leur force de construction. L&#8217;U.C2 est une chaise empilable en ch\u00eane europ\u00e9en massif avec 2 finitions diff\u00e9rentes, une destin\u00e9e au secteur des projets et une variante savonn\u00e9e qui ram\u00e8ne tous les \u00e9l\u00e9ments naturels vers l&#8217;utilisateur.<\/p>\n<p><\/p>\n<p><strong>Sp\u00e9cifications :<\/strong><\/p>\n<ul>\n<li>mat\u00e9riau : ch\u00eane europ\u00e9en massif<\/li>\n<li>finition : huile de cire dure naturelle ou savon naturel<\/li>\n<li>largeur : 457 mm<\/li>\n<li>hauteur : 775 mm<\/li>\n<li>si\u00e8ges : 455 mm<\/li>\n<li>profondeur : 470 mm<\/li>\n<li>empilable : max. 4 chaises<\/li>\n<\/ul>\n","protected":false},"excerpt":{"rendered":"<p>Chaise en bois massif de ch\u00eane.<br data-mce-bogus=\"1\"><\/p>\n","protected":false},"featured_media":40828,"template":"","meta":[],"product_cat":[3121,527,550],"product_tag":[2363,1272,825],"yoast_head":"<!-- This site is optimized with the Yoast SEO plugin v19.1 - https:\/\/yoast.com\/wordpress\/plugins\/seo\/ -->\n<title>U.C2 \u2013 chaise en ch\u00eane. | E-shop artistes belges<\/title>\n<meta name=\"description\" content=\"Acheter un produit comme U.C2 \u2013 chaise en ch\u00eane.? Laissez vous surprendre par nos artistes belges sp\u00e9cialis\u00e9s en produits artisanaux!\" \/>\n<meta name=\"robots\" content=\"index, follow, max-snippet:-1, max-image-preview:large, max-video-preview:-1\" \/>\n<link rel=\"canonical\" href=\"https:\/\/nationalstore.be\/fr\/produit\/u-c2-chaise-en-chene\" \/>\n<meta property=\"og:locale\" content=\"fr_FR\" \/>\n<meta property=\"og:type\" content=\"article\" \/>\n<meta property=\"og:title\" content=\"U.C2 \u2013 chaise en ch\u00eane. | E-shop artistes belges\" \/>\n<meta property=\"og:description\" content=\"Acheter un produit comme U.C2 \u2013 chaise en ch\u00eane.? Laissez vous surprendre par nos artistes belges sp\u00e9cialis\u00e9s en produits artisanaux!\" \/>\n<meta property=\"og:url\" content=\"https:\/\/nationalstore.be\/fr\/produit\/u-c2-chaise-en-chene\" \/>\n<meta property=\"og:site_name\" content=\"NATIONA(A)L ARTIST SUPERMARKET\" \/>\n<meta property=\"article:publisher\" content=\"https:\/\/www.facebook.com\/nationalstore\/?ref=br_rs\" \/>\n<meta property=\"article:modified_time\" content=\"2022-09-07T09:21:01+00:00\" \/>\n<meta property=\"og:image\" content=\"https:\/\/nationalstore.be\/wp-content\/uploads\/2022\/09\/U.C2_fronttop2_web-scaled.jpg\" \/>\n\t<meta property=\"og:image:width\" content=\"1762\" \/>\n\t<meta property=\"og:image:height\" content=\"2560\" \/>\n\t<meta property=\"og:image:type\" content=\"image\/jpeg\" \/>\n<meta name=\"twitter:card\" content=\"summary_large_image\" \/>\n<meta name=\"twitter:site\" content=\"@Nationalstore\" \/>\n<meta name=\"twitter:label1\" content=\"Dur\u00e9e de lecture estim\u00e9e\" \/>\n\t<meta name=\"twitter:data1\" content=\"1 minute\" \/>\n<script type=\"application\/ld+json\" class=\"yoast-schema-graph\">{\"@context\":\"https:\/\/schema.org\",\"@graph\":[{\"@type\":\"Organization\",\"@id\":\"https:\/\/nationalstore.be\/fr#organization\",\"name\":\"NATIONA(A)L ARTIST MARKET\",\"url\":\"https:\/\/nationalstore.be\/fr\",\"sameAs\":[\"https:\/\/www.instagram.com\/nationalstore\/\",\"https:\/\/www.facebook.com\/nationalstore\/?ref=br_rs\",\"https:\/\/twitter.com\/Nationalstore\"],\"logo\":{\"@type\":\"ImageObject\",\"inLanguage\":\"fr-FR\",\"@id\":\"https:\/\/nationalstore.be\/fr#\/schema\/logo\/image\/\",\"url\":\"https:\/\/nationalstore.be\/wp-content\/uploads\/2024\/03\/nationaal-logo_mauve-cmjn.png\",\"contentUrl\":\"https:\/\/nationalstore.be\/wp-content\/uploads\/2024\/03\/nationaal-logo_mauve-cmjn.png\",\"width\":3475,\"height\":1352,\"caption\":\"NATIONA(A)L ARTIST MARKET\"},\"image\":{\"@id\":\"https:\/\/nationalstore.be\/fr#\/schema\/logo\/image\/\"}},{\"@type\":\"WebSite\",\"@id\":\"https:\/\/nationalstore.be\/fr#website\",\"url\":\"https:\/\/nationalstore.be\/fr\",\"name\":\"NATIONA(A)L ARTIST SUPERMARKET\",\"description\":\"\",\"publisher\":{\"@id\":\"https:\/\/nationalstore.be\/fr#organization\"},\"potentialAction\":[{\"@type\":\"SearchAction\",\"target\":{\"@type\":\"EntryPoint\",\"urlTemplate\":\"https:\/\/nationalstore.be\/fr?s={search_term_string}\"},\"query-input\":\"required name=search_term_string\"}],\"inLanguage\":\"fr-FR\"},{\"@type\":\"ImageObject\",\"inLanguage\":\"fr-FR\",\"@id\":\"https:\/\/nationalstore.be\/fr\/produit\/u-c2-chaise-en-chene#primaryimage\",\"url\":\"https:\/\/nationalstore.be\/wp-content\/uploads\/2022\/09\/U.C2_fronttop2_web-scaled.jpg\",\"contentUrl\":\"https:\/\/nationalstore.be\/wp-content\/uploads\/2022\/09\/U.C2_fronttop2_web-scaled.jpg\",\"width\":1762,\"height\":2560},{\"@type\":[\"WebPage\",\"ItemPage\"],\"@id\":\"https:\/\/nationalstore.be\/fr\/produit\/u-c2-chaise-en-chene#webpage\",\"url\":\"https:\/\/nationalstore.be\/fr\/produit\/u-c2-chaise-en-chene\",\"name\":\"U.C2 \u2013 chaise en ch\u00eane. | E-shop artistes belges\",\"isPartOf\":{\"@id\":\"https:\/\/nationalstore.be\/fr#website\"},\"primaryImageOfPage\":{\"@id\":\"https:\/\/nationalstore.be\/fr\/produit\/u-c2-chaise-en-chene#primaryimage\"},\"datePublished\":\"2022-09-07T09:19:58+00:00\",\"dateModified\":\"2022-09-07T09:21:01+00:00\",\"description\":\"Acheter un produit comme U.C2 \u2013 chaise en ch\u00eane.? Laissez vous surprendre par nos artistes belges sp\u00e9cialis\u00e9s en produits artisanaux!\",\"breadcrumb\":{\"@id\":\"https:\/\/nationalstore.be\/fr\/produit\/u-c2-chaise-en-chene#breadcrumb\"},\"inLanguage\":\"fr-FR\",\"potentialAction\":[{\"@type\":\"ReadAction\",\"target\":[\"https:\/\/nationalstore.be\/fr\/produit\/u-c2-chaise-en-chene\"]}]},{\"@type\":\"BreadcrumbList\",\"@id\":\"https:\/\/nationalstore.be\/fr\/produit\/u-c2-chaise-en-chene#breadcrumb\",\"itemListElement\":[{\"@type\":\"ListItem\",\"position\":1,\"name\":\"Home\",\"item\":\"https:\/\/nationalstore.be\/fr\"},{\"@type\":\"ListItem\",\"position\":2,\"name\":\"Produits\",\"item\":\"https:\/\/nationalstore.be\/fr\/shop\"},{\"@type\":\"ListItem\",\"position\":3,\"name\":\"Design pour la maison\",\"item\":\"https:\/\/nationalstore.be\/fr\/pc\/design-pour-la-maison\"},{\"@type\":\"ListItem\",\"position\":4,\"name\":\"Mobilier\",\"item\":\"https:\/\/nationalstore.be\/fr\/pc\/design-pour-la-maison\/mobilier-design-pour-la-maison\"},{\"@type\":\"ListItem\",\"position\":5,\"name\":\"U.C2 \u2013 chaise en ch\u00eane.\"}]}]}<\/script>\n<!-- \/ Yoast SEO plugin. -->","yoast_head_json":{"title":"U.C2 \u2013 chaise en ch\u00eane. | E-shop artistes belges","description":"Acheter un produit comme U.C2 \u2013 chaise en ch\u00eane.? Laissez vous surprendre par nos artistes belges sp\u00e9cialis\u00e9s en produits artisanaux!","robots":{"index":"index","follow":"follow","max-snippet":"max-snippet:-1","max-image-preview":"max-image-preview:large","max-video-preview":"max-video-preview:-1"},"canonical":"https:\/\/nationalstore.be\/fr\/produit\/u-c2-chaise-en-chene","og_locale":"fr_FR","og_type":"article","og_title":"U.C2 \u2013 chaise en ch\u00eane. | E-shop artistes belges","og_description":"Acheter un produit comme U.C2 \u2013 chaise en ch\u00eane.? Laissez vous surprendre par nos artistes belges sp\u00e9cialis\u00e9s en produits artisanaux!","og_url":"https:\/\/nationalstore.be\/fr\/produit\/u-c2-chaise-en-chene","og_site_name":"NATIONA(A)L ARTIST SUPERMARKET","article_publisher":"https:\/\/www.facebook.com\/nationalstore\/?ref=br_rs","article_modified_time":"2022-09-07T09:21:01+00:00","og_image":[{"width":1762,"height":2560,"url":"https:\/\/nationalstore.be\/wp-content\/uploads\/2022\/09\/U.C2_fronttop2_web-scaled.jpg","type":"image\/jpeg"}],"twitter_card":"summary_large_image","twitter_site":"@Nationalstore","twitter_misc":{"Dur\u00e9e de lecture estim\u00e9e":"1 minute"},"schema":{"@context":"https:\/\/schema.org","@graph":[{"@type":"Organization","@id":"https:\/\/nationalstore.be\/fr#organization","name":"NATIONA(A)L ARTIST MARKET","url":"https:\/\/nationalstore.be\/fr","sameAs":["https:\/\/www.instagram.com\/nationalstore\/","https:\/\/www.facebook.com\/nationalstore\/?ref=br_rs","https:\/\/twitter.com\/Nationalstore"],"logo":{"@type":"ImageObject","inLanguage":"fr-FR","@id":"https:\/\/nationalstore.be\/fr#\/schema\/logo\/image\/","url":"https:\/\/nationalstore.be\/wp-content\/uploads\/2024\/03\/nationaal-logo_mauve-cmjn.png","contentUrl":"https:\/\/nationalstore.be\/wp-content\/uploads\/2024\/03\/nationaal-logo_mauve-cmjn.png","width":3475,"height":1352,"caption":"NATIONA(A)L ARTIST MARKET"},"image":{"@id":"https:\/\/nationalstore.be\/fr#\/schema\/logo\/image\/"}},{"@type":"WebSite","@id":"https:\/\/nationalstore.be\/fr#website","url":"https:\/\/nationalstore.be\/fr","name":"NATIONA(A)L ARTIST SUPERMARKET","description":"","publisher":{"@id":"https:\/\/nationalstore.be\/fr#organization"},"potentialAction":[{"@type":"SearchAction","target":{"@type":"EntryPoint","urlTemplate":"https:\/\/nationalstore.be\/fr?s={search_term_string}"},"query-input":"required name=search_term_string"}],"inLanguage":"fr-FR"},{"@type":"ImageObject","inLanguage":"fr-FR","@id":"https:\/\/nationalstore.be\/fr\/produit\/u-c2-chaise-en-chene#primaryimage","url":"https:\/\/nationalstore.be\/wp-content\/uploads\/2022\/09\/U.C2_fronttop2_web-scaled.jpg","contentUrl":"https:\/\/nationalstore.be\/wp-content\/uploads\/2022\/09\/U.C2_fronttop2_web-scaled.jpg","width":1762,"height":2560},{"@type":["WebPage","ItemPage"],"@id":"https:\/\/nationalstore.be\/fr\/produit\/u-c2-chaise-en-chene#webpage","url":"https:\/\/nationalstore.be\/fr\/produit\/u-c2-chaise-en-chene","name":"U.C2 \u2013 chaise en ch\u00eane. | E-shop artistes belges","isPartOf":{"@id":"https:\/\/nationalstore.be\/fr#website"},"primaryImageOfPage":{"@id":"https:\/\/nationalstore.be\/fr\/produit\/u-c2-chaise-en-chene#primaryimage"},"datePublished":"2022-09-07T09:19:58+00:00","dateModified":"2022-09-07T09:21:01+00:00","description":"Acheter un produit comme U.C2 \u2013 chaise en ch\u00eane.? Laissez vous surprendre par nos artistes belges sp\u00e9cialis\u00e9s en produits artisanaux!","breadcrumb":{"@id":"https:\/\/nationalstore.be\/fr\/produit\/u-c2-chaise-en-chene#breadcrumb"},"inLanguage":"fr-FR","potentialAction":[{"@type":"ReadAction","target":["https:\/\/nationalstore.be\/fr\/produit\/u-c2-chaise-en-chene"]}]},{"@type":"BreadcrumbList","@id":"https:\/\/nationalstore.be\/fr\/produit\/u-c2-chaise-en-chene#breadcrumb","itemListElement":[{"@type":"ListItem","position":1,"name":"Home","item":"https:\/\/nationalstore.be\/fr"},{"@type":"ListItem","position":2,"name":"Produits","item":"https:\/\/nationalstore.be\/fr\/shop"},{"@type":"ListItem","position":3,"name":"Design pour la maison","item":"https:\/\/nationalstore.be\/fr\/pc\/design-pour-la-maison"},{"@type":"ListItem","position":4,"name":"Mobilier","item":"https:\/\/nationalstore.be\/fr\/pc\/design-pour-la-maison\/mobilier-design-pour-la-maison"},{"@type":"ListItem","position":5,"name":"U.C2 \u2013 chaise en ch\u00eane."}]}]}},"_links":{"self":[{"href":"https:\/\/nationalstore.be\/fr\/wp-json\/wp\/v2\/product\/40928"}],"collection":[{"href":"https:\/\/nationalstore.be\/fr\/wp-json\/wp\/v2\/product"}],"about":[{"href":"https:\/\/nationalstore.be\/fr\/wp-json\/wp\/v2\/types\/product"}],"wp:featuredmedia":[{"embeddable":true,"href":"https:\/\/nationalstore.be\/fr\/wp-json\/wp\/v2\/media\/40828"}],"wp:attachment":[{"href":"https:\/\/nationalstore.be\/fr\/wp-json\/wp\/v2\/media?parent=40928"}],"wp:term":[{"taxonomy":"product_cat","embeddable":true,"href":"https:\/\/nationalstore.be\/fr\/wp-json\/wp\/v2\/product_cat?post=40928"},{"taxonomy":"product_tag","embeddable":true,"href":"https:\/\/nationalstore.be\/fr\/wp-json\/wp\/v2\/product_tag?post=40928"}],"curies":[{"name":"wp","href":"https:\/\/api.w.org\/{rel}","templated":true}]}}