{"id":40908,"date":"2022-09-22T09:11:46","date_gmt":"2022-09-06T14:25:58","guid":{"rendered":"https:\/\/nationalstore.be\/?post_type=product&#038;p=40908"},"modified":"2022-09-22T09:15:39","modified_gmt":"2022-09-22T07:15:39","slug":"strat-collection-chaises-impressions-3d","status":"publish","type":"product","link":"https:\/\/nationalstore.be\/fr\/produit\/strat-collection-chaises-impressions-3d","title":{"rendered":"Strat Collection &#8211; Chaises impression 3D"},"content":{"rendered":"<p>Cette collection est fabriqu\u00e9e \u00e0 partir de plastique recycl\u00e9 et utilise la technologie des imprimantes 3D. Ce type de fabrication pourrait concurrencer les processus industriels actuels en offrant une nouvelle forme potentielle d&#8217;industrialisations et les produits personnalisables offrent une nouvelle fa\u00e7on de cr\u00e9er des objets durables.<\/p>\n<p>La forme en boucle ferm\u00e9e des chaises att\u00e9nue visuellement les mat\u00e9riaux robustes et les courbes organiques douces. La mat\u00e9rialit\u00e9 durable a \u00e9t\u00e9 con\u00e7ue pour r\u00e9sister aux \u00e9l\u00e9ments dans toutes les conditions et peut \u00eatre int\u00e9gr\u00e9e dans diff\u00e9rents environnements tels que les h\u00f4tels, les magasins, les restaurants, les bars en plein air, etc.<\/p>\n<p><strong>Strat Lounge,<\/strong> 2019, 57 cm x 76 cm x 74 cm, imprim\u00e9 en 3d, plastique recycl\u00e9 PETC<\/p>\n<p><strong>Strat Stool,<\/strong> 2019, 40 cm x 50 cm x 55 cm, imprim\u00e9 en 3d, plastique recycl\u00e9 PETC<\/p>\n<p><strong>Strat Chair,<\/strong> 2019, 44 cm x 83 cm x 63 cm, imprim\u00e9 en 3d, plastique recycl\u00e9 PETC<\/p>\n","protected":false},"excerpt":{"rendered":"<p>La collection Strat con\u00e7ue par Joachim Froment est compos\u00e9e d&#8217;un sets de meubles imprim\u00e9s en 3D comprenant un tabouret, une chaise, une chaise longue et d&#8217;autres meubles personnalisables sur demande.<\/p>\n","protected":false},"featured_media":40892,"template":"","meta":[],"product_cat":[3121,527,550,3382],"product_tag":[2363,878,827,825],"yoast_head":"<!-- This site is optimized with the Yoast SEO plugin v19.1 - https:\/\/yoast.com\/wordpress\/plugins\/seo\/ -->\n<title>Strat Collection - Chaises impression 3D | E-shop artistes belges<\/title>\n<meta name=\"description\" content=\"Acheter un produit comme Strat Collection - Chaises impression 3D? Laissez vous surprendre par nos artistes belges sp\u00e9cialis\u00e9s en produits artisanaux!\" \/>\n<meta name=\"robots\" content=\"index, follow, max-snippet:-1, max-image-preview:large, max-video-preview:-1\" \/>\n<link rel=\"canonical\" href=\"https:\/\/nationalstore.be\/fr\/produit\/strat-collection-chaises-impressions-3d\" \/>\n<meta property=\"og:locale\" content=\"fr_FR\" \/>\n<meta property=\"og:type\" content=\"article\" \/>\n<meta property=\"og:title\" content=\"Strat Collection - Chaises impression 3D | E-shop artistes belges\" \/>\n<meta property=\"og:description\" content=\"Acheter un produit comme Strat Collection - Chaises impression 3D? Laissez vous surprendre par nos artistes belges sp\u00e9cialis\u00e9s en produits artisanaux!\" \/>\n<meta property=\"og:url\" content=\"https:\/\/nationalstore.be\/fr\/produit\/strat-collection-chaises-impressions-3d\" \/>\n<meta property=\"og:site_name\" content=\"NATIONA(A)L ARTIST SUPERMARKET\" \/>\n<meta property=\"article:publisher\" content=\"https:\/\/www.facebook.com\/nationalstore\/?ref=br_rs\" \/>\n<meta property=\"article:modified_time\" content=\"2022-09-22T07:15:39+00:00\" \/>\n<meta property=\"og:image\" content=\"https:\/\/nationalstore.be\/wp-content\/uploads\/2022\/09\/Furniture-collection_Joachim-Froment_Photo-Eline-Willaert-copie-scaled.jpg\" \/>\n\t<meta property=\"og:image:width\" content=\"2560\" \/>\n\t<meta property=\"og:image:height\" content=\"1707\" \/>\n\t<meta property=\"og:image:type\" content=\"image\/jpeg\" \/>\n<meta name=\"twitter:card\" content=\"summary_large_image\" \/>\n<meta name=\"twitter:site\" content=\"@Nationalstore\" \/>\n<meta name=\"twitter:label1\" content=\"Dur\u00e9e de lecture estim\u00e9e\" \/>\n\t<meta name=\"twitter:data1\" content=\"1 minute\" \/>\n<script type=\"application\/ld+json\" class=\"yoast-schema-graph\">{\"@context\":\"https:\/\/schema.org\",\"@graph\":[{\"@type\":\"Organization\",\"@id\":\"https:\/\/nationalstore.be\/fr#organization\",\"name\":\"NATIONA(A)L ARTIST MARKET\",\"url\":\"https:\/\/nationalstore.be\/fr\",\"sameAs\":[\"https:\/\/www.instagram.com\/nationalstore\/\",\"https:\/\/www.facebook.com\/nationalstore\/?ref=br_rs\",\"https:\/\/twitter.com\/Nationalstore\"],\"logo\":{\"@type\":\"ImageObject\",\"inLanguage\":\"fr-FR\",\"@id\":\"https:\/\/nationalstore.be\/fr#\/schema\/logo\/image\/\",\"url\":\"https:\/\/nationalstore.be\/wp-content\/uploads\/2024\/03\/nationaal-logo_mauve-cmjn.png\",\"contentUrl\":\"https:\/\/nationalstore.be\/wp-content\/uploads\/2024\/03\/nationaal-logo_mauve-cmjn.png\",\"width\":3475,\"height\":1352,\"caption\":\"NATIONA(A)L ARTIST MARKET\"},\"image\":{\"@id\":\"https:\/\/nationalstore.be\/fr#\/schema\/logo\/image\/\"}},{\"@type\":\"WebSite\",\"@id\":\"https:\/\/nationalstore.be\/fr#website\",\"url\":\"https:\/\/nationalstore.be\/fr\",\"name\":\"NATIONA(A)L ARTIST SUPERMARKET\",\"description\":\"\",\"publisher\":{\"@id\":\"https:\/\/nationalstore.be\/fr#organization\"},\"potentialAction\":[{\"@type\":\"SearchAction\",\"target\":{\"@type\":\"EntryPoint\",\"urlTemplate\":\"https:\/\/nationalstore.be\/fr?s={search_term_string}\"},\"query-input\":\"required name=search_term_string\"}],\"inLanguage\":\"fr-FR\"},{\"@type\":\"ImageObject\",\"inLanguage\":\"fr-FR\",\"@id\":\"https:\/\/nationalstore.be\/fr\/produit\/strat-collection-chaises-impressions-3d#primaryimage\",\"url\":\"https:\/\/nationalstore.be\/wp-content\/uploads\/2022\/09\/Furniture-collection_Joachim-Froment_Photo-Eline-Willaert-copie-scaled.jpg\",\"contentUrl\":\"https:\/\/nationalstore.be\/wp-content\/uploads\/2022\/09\/Furniture-collection_Joachim-Froment_Photo-Eline-Willaert-copie-scaled.jpg\",\"width\":2560,\"height\":1707},{\"@type\":[\"WebPage\",\"ItemPage\"],\"@id\":\"https:\/\/nationalstore.be\/fr\/produit\/strat-collection-chaises-impressions-3d#webpage\",\"url\":\"https:\/\/nationalstore.be\/fr\/produit\/strat-collection-chaises-impressions-3d\",\"name\":\"Strat Collection - Chaises impression 3D | E-shop artistes belges\",\"isPartOf\":{\"@id\":\"https:\/\/nationalstore.be\/fr#website\"},\"primaryImageOfPage\":{\"@id\":\"https:\/\/nationalstore.be\/fr\/produit\/strat-collection-chaises-impressions-3d#primaryimage\"},\"datePublished\":\"2022-09-06T14:25:58+00:00\",\"dateModified\":\"2022-09-22T07:15:39+00:00\",\"description\":\"Acheter un produit comme Strat Collection - Chaises impression 3D? Laissez vous surprendre par nos artistes belges sp\u00e9cialis\u00e9s en produits artisanaux!\",\"breadcrumb\":{\"@id\":\"https:\/\/nationalstore.be\/fr\/produit\/strat-collection-chaises-impressions-3d#breadcrumb\"},\"inLanguage\":\"fr-FR\",\"potentialAction\":[{\"@type\":\"ReadAction\",\"target\":[\"https:\/\/nationalstore.be\/fr\/produit\/strat-collection-chaises-impressions-3d\"]}]},{\"@type\":\"BreadcrumbList\",\"@id\":\"https:\/\/nationalstore.be\/fr\/produit\/strat-collection-chaises-impressions-3d#breadcrumb\",\"itemListElement\":[{\"@type\":\"ListItem\",\"position\":1,\"name\":\"Home\",\"item\":\"https:\/\/nationalstore.be\/fr\"},{\"@type\":\"ListItem\",\"position\":2,\"name\":\"Produits\",\"item\":\"https:\/\/nationalstore.be\/fr\/shop\"},{\"@type\":\"ListItem\",\"position\":3,\"name\":\"Design pour la maison\",\"item\":\"https:\/\/nationalstore.be\/fr\/pc\/design-pour-la-maison\"},{\"@type\":\"ListItem\",\"position\":4,\"name\":\"Mobilier\",\"item\":\"https:\/\/nationalstore.be\/fr\/pc\/design-pour-la-maison\/mobilier-design-pour-la-maison\"},{\"@type\":\"ListItem\",\"position\":5,\"name\":\"Strat Collection &#8211; Chaises impression 3D\"}]}]}<\/script>\n<!-- \/ Yoast SEO plugin. -->","yoast_head_json":{"title":"Strat Collection - Chaises impression 3D | E-shop artistes belges","description":"Acheter un produit comme Strat Collection - Chaises impression 3D? Laissez vous surprendre par nos artistes belges sp\u00e9cialis\u00e9s en produits artisanaux!","robots":{"index":"index","follow":"follow","max-snippet":"max-snippet:-1","max-image-preview":"max-image-preview:large","max-video-preview":"max-video-preview:-1"},"canonical":"https:\/\/nationalstore.be\/fr\/produit\/strat-collection-chaises-impressions-3d","og_locale":"fr_FR","og_type":"article","og_title":"Strat Collection - Chaises impression 3D | E-shop artistes belges","og_description":"Acheter un produit comme Strat Collection - Chaises impression 3D? Laissez vous surprendre par nos artistes belges sp\u00e9cialis\u00e9s en produits artisanaux!","og_url":"https:\/\/nationalstore.be\/fr\/produit\/strat-collection-chaises-impressions-3d","og_site_name":"NATIONA(A)L ARTIST SUPERMARKET","article_publisher":"https:\/\/www.facebook.com\/nationalstore\/?ref=br_rs","article_modified_time":"2022-09-22T07:15:39+00:00","og_image":[{"width":2560,"height":1707,"url":"https:\/\/nationalstore.be\/wp-content\/uploads\/2022\/09\/Furniture-collection_Joachim-Froment_Photo-Eline-Willaert-copie-scaled.jpg","type":"image\/jpeg"}],"twitter_card":"summary_large_image","twitter_site":"@Nationalstore","twitter_misc":{"Dur\u00e9e de lecture estim\u00e9e":"1 minute"},"schema":{"@context":"https:\/\/schema.org","@graph":[{"@type":"Organization","@id":"https:\/\/nationalstore.be\/fr#organization","name":"NATIONA(A)L ARTIST MARKET","url":"https:\/\/nationalstore.be\/fr","sameAs":["https:\/\/www.instagram.com\/nationalstore\/","https:\/\/www.facebook.com\/nationalstore\/?ref=br_rs","https:\/\/twitter.com\/Nationalstore"],"logo":{"@type":"ImageObject","inLanguage":"fr-FR","@id":"https:\/\/nationalstore.be\/fr#\/schema\/logo\/image\/","url":"https:\/\/nationalstore.be\/wp-content\/uploads\/2024\/03\/nationaal-logo_mauve-cmjn.png","contentUrl":"https:\/\/nationalstore.be\/wp-content\/uploads\/2024\/03\/nationaal-logo_mauve-cmjn.png","width":3475,"height":1352,"caption":"NATIONA(A)L ARTIST MARKET"},"image":{"@id":"https:\/\/nationalstore.be\/fr#\/schema\/logo\/image\/"}},{"@type":"WebSite","@id":"https:\/\/nationalstore.be\/fr#website","url":"https:\/\/nationalstore.be\/fr","name":"NATIONA(A)L ARTIST SUPERMARKET","description":"","publisher":{"@id":"https:\/\/nationalstore.be\/fr#organization"},"potentialAction":[{"@type":"SearchAction","target":{"@type":"EntryPoint","urlTemplate":"https:\/\/nationalstore.be\/fr?s={search_term_string}"},"query-input":"required name=search_term_string"}],"inLanguage":"fr-FR"},{"@type":"ImageObject","inLanguage":"fr-FR","@id":"https:\/\/nationalstore.be\/fr\/produit\/strat-collection-chaises-impressions-3d#primaryimage","url":"https:\/\/nationalstore.be\/wp-content\/uploads\/2022\/09\/Furniture-collection_Joachim-Froment_Photo-Eline-Willaert-copie-scaled.jpg","contentUrl":"https:\/\/nationalstore.be\/wp-content\/uploads\/2022\/09\/Furniture-collection_Joachim-Froment_Photo-Eline-Willaert-copie-scaled.jpg","width":2560,"height":1707},{"@type":["WebPage","ItemPage"],"@id":"https:\/\/nationalstore.be\/fr\/produit\/strat-collection-chaises-impressions-3d#webpage","url":"https:\/\/nationalstore.be\/fr\/produit\/strat-collection-chaises-impressions-3d","name":"Strat Collection - Chaises impression 3D | E-shop artistes belges","isPartOf":{"@id":"https:\/\/nationalstore.be\/fr#website"},"primaryImageOfPage":{"@id":"https:\/\/nationalstore.be\/fr\/produit\/strat-collection-chaises-impressions-3d#primaryimage"},"datePublished":"2022-09-06T14:25:58+00:00","dateModified":"2022-09-22T07:15:39+00:00","description":"Acheter un produit comme Strat Collection - Chaises impression 3D? Laissez vous surprendre par nos artistes belges sp\u00e9cialis\u00e9s en produits artisanaux!","breadcrumb":{"@id":"https:\/\/nationalstore.be\/fr\/produit\/strat-collection-chaises-impressions-3d#breadcrumb"},"inLanguage":"fr-FR","potentialAction":[{"@type":"ReadAction","target":["https:\/\/nationalstore.be\/fr\/produit\/strat-collection-chaises-impressions-3d"]}]},{"@type":"BreadcrumbList","@id":"https:\/\/nationalstore.be\/fr\/produit\/strat-collection-chaises-impressions-3d#breadcrumb","itemListElement":[{"@type":"ListItem","position":1,"name":"Home","item":"https:\/\/nationalstore.be\/fr"},{"@type":"ListItem","position":2,"name":"Produits","item":"https:\/\/nationalstore.be\/fr\/shop"},{"@type":"ListItem","position":3,"name":"Design pour la maison","item":"https:\/\/nationalstore.be\/fr\/pc\/design-pour-la-maison"},{"@type":"ListItem","position":4,"name":"Mobilier","item":"https:\/\/nationalstore.be\/fr\/pc\/design-pour-la-maison\/mobilier-design-pour-la-maison"},{"@type":"ListItem","position":5,"name":"Strat Collection &#8211; Chaises impression 3D"}]}]}},"_links":{"self":[{"href":"https:\/\/nationalstore.be\/fr\/wp-json\/wp\/v2\/product\/40908"}],"collection":[{"href":"https:\/\/nationalstore.be\/fr\/wp-json\/wp\/v2\/product"}],"about":[{"href":"https:\/\/nationalstore.be\/fr\/wp-json\/wp\/v2\/types\/product"}],"wp:featuredmedia":[{"embeddable":true,"href":"https:\/\/nationalstore.be\/fr\/wp-json\/wp\/v2\/media\/40892"}],"wp:attachment":[{"href":"https:\/\/nationalstore.be\/fr\/wp-json\/wp\/v2\/media?parent=40908"}],"wp:term":[{"taxonomy":"product_cat","embeddable":true,"href":"https:\/\/nationalstore.be\/fr\/wp-json\/wp\/v2\/product_cat?post=40908"},{"taxonomy":"product_tag","embeddable":true,"href":"https:\/\/nationalstore.be\/fr\/wp-json\/wp\/v2\/product_tag?post=40908"}],"curies":[{"name":"wp","href":"https:\/\/api.w.org\/{rel}","templated":true}]}}