{"id":40068,"date":"2022-09-15T17:06:07","date_gmt":"2022-09-15T15:06:07","guid":{"rendered":"https:\/\/nationalstore.be\/?post_type=product&#038;p=40068"},"modified":"2024-01-10T16:55:06","modified_gmt":"2024-01-10T15:55:06","slug":"the-altar","status":"publish","type":"product","link":"https:\/\/nationalstore.be\/fr\/produit\/the-altar","title":{"rendered":"THE ALTAR"},"content":{"rendered":"<p>Mat\u00e9riaux: acier<\/p>\n<p>Dimensions: H 90, W 25, D 45.5 cm<\/p>\n<p>Poids: 10 kgs<\/p>\n<p>Ann\u00e9e: 2021<\/p>\n<p>Edition de 8 + 1 prototype + 2 A.P.<\/p>\n","protected":false},"excerpt":{"rendered":"<p>The Altar est inspir\u00e9 des bancs de pri\u00e8re et des petits autels trouv\u00e9s dans les chambres des b\u00e9guines. Chaque pi\u00e8ce de m\u00e9tal est d\u00e9coup\u00e9e \u00e0 la main et les soudures sont encore visibles. L\u2019assemblage lisse de fines pi\u00e8ces de m\u00e9tal rend l\u2019objet presque invisible, flottant dans l\u2019espace.<\/p>\n","protected":false},"featured_media":40062,"template":"","meta":[],"product_cat":[527,550],"product_tag":[287],"yoast_head":"<!-- This site is optimized with the Yoast SEO plugin v19.1 - https:\/\/yoast.com\/wordpress\/plugins\/seo\/ -->\n<title>THE ALTAR | E-shop artistes belges<\/title>\n<meta name=\"description\" content=\"Acheter un produit comme THE ALTAR? Laissez vous surprendre par nos artistes belges sp\u00e9cialis\u00e9s en produits artisanaux!\" \/>\n<meta name=\"robots\" content=\"index, follow, max-snippet:-1, max-image-preview:large, max-video-preview:-1\" \/>\n<link rel=\"canonical\" href=\"https:\/\/nationalstore.be\/fr\/produit\/the-altar\" \/>\n<meta property=\"og:locale\" content=\"fr_FR\" \/>\n<meta property=\"og:type\" content=\"article\" \/>\n<meta property=\"og:title\" content=\"THE ALTAR | E-shop artistes belges\" \/>\n<meta property=\"og:description\" content=\"Acheter un produit comme THE ALTAR? Laissez vous surprendre par nos artistes belges sp\u00e9cialis\u00e9s en produits artisanaux!\" \/>\n<meta property=\"og:url\" content=\"https:\/\/nationalstore.be\/fr\/produit\/the-altar\" \/>\n<meta property=\"og:site_name\" content=\"NATIONA(A)L ARTIST SUPERMARKET\" \/>\n<meta property=\"article:publisher\" content=\"https:\/\/www.facebook.com\/nationalstore\/?ref=br_rs\" \/>\n<meta property=\"article:modified_time\" content=\"2024-01-10T15:55:06+00:00\" \/>\n<meta property=\"og:image\" content=\"https:\/\/nationalstore.be\/wp-content\/uploads\/2022\/08\/coseincorso_the_altar.jpeg\" \/>\n\t<meta property=\"og:image:width\" content=\"1079\" \/>\n\t<meta property=\"og:image:height\" content=\"1418\" \/>\n\t<meta property=\"og:image:type\" content=\"image\/jpeg\" \/>\n<meta name=\"twitter:card\" content=\"summary_large_image\" \/>\n<meta name=\"twitter:site\" content=\"@Nationalstore\" \/>\n<script type=\"application\/ld+json\" class=\"yoast-schema-graph\">{\"@context\":\"https:\/\/schema.org\",\"@graph\":[{\"@type\":\"Organization\",\"@id\":\"https:\/\/nationalstore.be\/fr#organization\",\"name\":\"NATIONA(A)L ARTIST MARKET\",\"url\":\"https:\/\/nationalstore.be\/fr\",\"sameAs\":[\"https:\/\/www.instagram.com\/nationalstore\/\",\"https:\/\/www.facebook.com\/nationalstore\/?ref=br_rs\",\"https:\/\/twitter.com\/Nationalstore\"],\"logo\":{\"@type\":\"ImageObject\",\"inLanguage\":\"fr-FR\",\"@id\":\"https:\/\/nationalstore.be\/fr#\/schema\/logo\/image\/\",\"url\":\"https:\/\/nationalstore.be\/wp-content\/uploads\/2024\/03\/nationaal-logo_mauve-cmjn.png\",\"contentUrl\":\"https:\/\/nationalstore.be\/wp-content\/uploads\/2024\/03\/nationaal-logo_mauve-cmjn.png\",\"width\":3475,\"height\":1352,\"caption\":\"NATIONA(A)L ARTIST MARKET\"},\"image\":{\"@id\":\"https:\/\/nationalstore.be\/fr#\/schema\/logo\/image\/\"}},{\"@type\":\"WebSite\",\"@id\":\"https:\/\/nationalstore.be\/fr#website\",\"url\":\"https:\/\/nationalstore.be\/fr\",\"name\":\"NATIONA(A)L ARTIST SUPERMARKET\",\"description\":\"\",\"publisher\":{\"@id\":\"https:\/\/nationalstore.be\/fr#organization\"},\"potentialAction\":[{\"@type\":\"SearchAction\",\"target\":{\"@type\":\"EntryPoint\",\"urlTemplate\":\"https:\/\/nationalstore.be\/fr?s={search_term_string}\"},\"query-input\":\"required name=search_term_string\"}],\"inLanguage\":\"fr-FR\"},{\"@type\":\"ImageObject\",\"inLanguage\":\"fr-FR\",\"@id\":\"https:\/\/nationalstore.be\/fr\/produit\/the-altar#primaryimage\",\"url\":\"https:\/\/nationalstore.be\/wp-content\/uploads\/2022\/08\/coseincorso_the_altar.jpeg\",\"contentUrl\":\"https:\/\/nationalstore.be\/wp-content\/uploads\/2022\/08\/coseincorso_the_altar.jpeg\",\"width\":1079,\"height\":1418,\"caption\":\"coseincorso the altar\"},{\"@type\":[\"WebPage\",\"ItemPage\"],\"@id\":\"https:\/\/nationalstore.be\/fr\/produit\/the-altar#webpage\",\"url\":\"https:\/\/nationalstore.be\/fr\/produit\/the-altar\",\"name\":\"THE ALTAR | E-shop artistes belges\",\"isPartOf\":{\"@id\":\"https:\/\/nationalstore.be\/fr#website\"},\"primaryImageOfPage\":{\"@id\":\"https:\/\/nationalstore.be\/fr\/produit\/the-altar#primaryimage\"},\"datePublished\":\"2022-09-15T15:06:07+00:00\",\"dateModified\":\"2024-01-10T15:55:06+00:00\",\"description\":\"Acheter un produit comme THE ALTAR? Laissez vous surprendre par nos artistes belges sp\u00e9cialis\u00e9s en produits artisanaux!\",\"breadcrumb\":{\"@id\":\"https:\/\/nationalstore.be\/fr\/produit\/the-altar#breadcrumb\"},\"inLanguage\":\"fr-FR\",\"potentialAction\":[{\"@type\":\"ReadAction\",\"target\":[\"https:\/\/nationalstore.be\/fr\/produit\/the-altar\"]}]},{\"@type\":\"BreadcrumbList\",\"@id\":\"https:\/\/nationalstore.be\/fr\/produit\/the-altar#breadcrumb\",\"itemListElement\":[{\"@type\":\"ListItem\",\"position\":1,\"name\":\"Home\",\"item\":\"https:\/\/nationalstore.be\/fr\"},{\"@type\":\"ListItem\",\"position\":2,\"name\":\"Produits\",\"item\":\"https:\/\/nationalstore.be\/fr\/shop\"},{\"@type\":\"ListItem\",\"position\":3,\"name\":\"Design pour la maison\",\"item\":\"https:\/\/nationalstore.be\/fr\/pc\/design-pour-la-maison\"},{\"@type\":\"ListItem\",\"position\":4,\"name\":\"Mobilier\",\"item\":\"https:\/\/nationalstore.be\/fr\/pc\/design-pour-la-maison\/mobilier-design-pour-la-maison\"},{\"@type\":\"ListItem\",\"position\":5,\"name\":\"THE ALTAR\"}]}]}<\/script>\n<!-- \/ Yoast SEO plugin. -->","yoast_head_json":{"title":"THE ALTAR | E-shop artistes belges","description":"Acheter un produit comme THE ALTAR? Laissez vous surprendre par nos artistes belges sp\u00e9cialis\u00e9s en produits artisanaux!","robots":{"index":"index","follow":"follow","max-snippet":"max-snippet:-1","max-image-preview":"max-image-preview:large","max-video-preview":"max-video-preview:-1"},"canonical":"https:\/\/nationalstore.be\/fr\/produit\/the-altar","og_locale":"fr_FR","og_type":"article","og_title":"THE ALTAR | E-shop artistes belges","og_description":"Acheter un produit comme THE ALTAR? Laissez vous surprendre par nos artistes belges sp\u00e9cialis\u00e9s en produits artisanaux!","og_url":"https:\/\/nationalstore.be\/fr\/produit\/the-altar","og_site_name":"NATIONA(A)L ARTIST SUPERMARKET","article_publisher":"https:\/\/www.facebook.com\/nationalstore\/?ref=br_rs","article_modified_time":"2024-01-10T15:55:06+00:00","og_image":[{"width":1079,"height":1418,"url":"https:\/\/nationalstore.be\/wp-content\/uploads\/2022\/08\/coseincorso_the_altar.jpeg","type":"image\/jpeg"}],"twitter_card":"summary_large_image","twitter_site":"@Nationalstore","schema":{"@context":"https:\/\/schema.org","@graph":[{"@type":"Organization","@id":"https:\/\/nationalstore.be\/fr#organization","name":"NATIONA(A)L ARTIST MARKET","url":"https:\/\/nationalstore.be\/fr","sameAs":["https:\/\/www.instagram.com\/nationalstore\/","https:\/\/www.facebook.com\/nationalstore\/?ref=br_rs","https:\/\/twitter.com\/Nationalstore"],"logo":{"@type":"ImageObject","inLanguage":"fr-FR","@id":"https:\/\/nationalstore.be\/fr#\/schema\/logo\/image\/","url":"https:\/\/nationalstore.be\/wp-content\/uploads\/2024\/03\/nationaal-logo_mauve-cmjn.png","contentUrl":"https:\/\/nationalstore.be\/wp-content\/uploads\/2024\/03\/nationaal-logo_mauve-cmjn.png","width":3475,"height":1352,"caption":"NATIONA(A)L ARTIST MARKET"},"image":{"@id":"https:\/\/nationalstore.be\/fr#\/schema\/logo\/image\/"}},{"@type":"WebSite","@id":"https:\/\/nationalstore.be\/fr#website","url":"https:\/\/nationalstore.be\/fr","name":"NATIONA(A)L ARTIST SUPERMARKET","description":"","publisher":{"@id":"https:\/\/nationalstore.be\/fr#organization"},"potentialAction":[{"@type":"SearchAction","target":{"@type":"EntryPoint","urlTemplate":"https:\/\/nationalstore.be\/fr?s={search_term_string}"},"query-input":"required name=search_term_string"}],"inLanguage":"fr-FR"},{"@type":"ImageObject","inLanguage":"fr-FR","@id":"https:\/\/nationalstore.be\/fr\/produit\/the-altar#primaryimage","url":"https:\/\/nationalstore.be\/wp-content\/uploads\/2022\/08\/coseincorso_the_altar.jpeg","contentUrl":"https:\/\/nationalstore.be\/wp-content\/uploads\/2022\/08\/coseincorso_the_altar.jpeg","width":1079,"height":1418,"caption":"coseincorso the altar"},{"@type":["WebPage","ItemPage"],"@id":"https:\/\/nationalstore.be\/fr\/produit\/the-altar#webpage","url":"https:\/\/nationalstore.be\/fr\/produit\/the-altar","name":"THE ALTAR | E-shop artistes belges","isPartOf":{"@id":"https:\/\/nationalstore.be\/fr#website"},"primaryImageOfPage":{"@id":"https:\/\/nationalstore.be\/fr\/produit\/the-altar#primaryimage"},"datePublished":"2022-09-15T15:06:07+00:00","dateModified":"2024-01-10T15:55:06+00:00","description":"Acheter un produit comme THE ALTAR? Laissez vous surprendre par nos artistes belges sp\u00e9cialis\u00e9s en produits artisanaux!","breadcrumb":{"@id":"https:\/\/nationalstore.be\/fr\/produit\/the-altar#breadcrumb"},"inLanguage":"fr-FR","potentialAction":[{"@type":"ReadAction","target":["https:\/\/nationalstore.be\/fr\/produit\/the-altar"]}]},{"@type":"BreadcrumbList","@id":"https:\/\/nationalstore.be\/fr\/produit\/the-altar#breadcrumb","itemListElement":[{"@type":"ListItem","position":1,"name":"Home","item":"https:\/\/nationalstore.be\/fr"},{"@type":"ListItem","position":2,"name":"Produits","item":"https:\/\/nationalstore.be\/fr\/shop"},{"@type":"ListItem","position":3,"name":"Design pour la maison","item":"https:\/\/nationalstore.be\/fr\/pc\/design-pour-la-maison"},{"@type":"ListItem","position":4,"name":"Mobilier","item":"https:\/\/nationalstore.be\/fr\/pc\/design-pour-la-maison\/mobilier-design-pour-la-maison"},{"@type":"ListItem","position":5,"name":"THE ALTAR"}]}]}},"_links":{"self":[{"href":"https:\/\/nationalstore.be\/fr\/wp-json\/wp\/v2\/product\/40068"}],"collection":[{"href":"https:\/\/nationalstore.be\/fr\/wp-json\/wp\/v2\/product"}],"about":[{"href":"https:\/\/nationalstore.be\/fr\/wp-json\/wp\/v2\/types\/product"}],"wp:featuredmedia":[{"embeddable":true,"href":"https:\/\/nationalstore.be\/fr\/wp-json\/wp\/v2\/media\/40062"}],"wp:attachment":[{"href":"https:\/\/nationalstore.be\/fr\/wp-json\/wp\/v2\/media?parent=40068"}],"wp:term":[{"taxonomy":"product_cat","embeddable":true,"href":"https:\/\/nationalstore.be\/fr\/wp-json\/wp\/v2\/product_cat?post=40068"},{"taxonomy":"product_tag","embeddable":true,"href":"https:\/\/nationalstore.be\/fr\/wp-json\/wp\/v2\/product_tag?post=40068"}],"curies":[{"name":"wp","href":"https:\/\/api.w.org\/{rel}","templated":true}]}}