{"id":3916,"date":"2020-11-29T12:17:33","date_gmt":"2020-12-01T18:09:41","guid":{"rendered":"https:\/\/nationalstore.be\/?post_type=product&#038;p=3916"},"modified":"2020-12-09T16:20:43","modified_gmt":"2020-12-09T15:20:43","slug":"rien-quen-restant-immobile-safia-hijos-4","status":"publish","type":"product","link":"https:\/\/nationalstore.be\/fr\/produit\/rien-quen-restant-immobile-safia-hijos-4","title":{"rendered":"Rien qu&#8217;en restant immobile \u2013 Safia Hijos"},"content":{"rendered":"<p><span style=\"font-family: Helvetica; font-size: medium;\" data-mce-style=\"font-family: Helvetica; font-size: medium;\">D\u00e9couvrez les incroyables\u00a0<\/span><b style=\"font-family: Helvetica;\" data-mce-style=\"font-family: Helvetica;\">sculptures en porcelaine<\/b><span style=\"font-family: Helvetica; font-size: medium;\" data-mce-style=\"font-family: Helvetica; font-size: medium;\">\u00a0r\u00e9alis\u00e9s par la c\u00e9ramiste\u00a0<\/span><b style=\"font-family: Helvetica;\" data-mce-style=\"font-family: Helvetica;\">Safia Hijos<\/b><span style=\"font-family: Helvetica; font-size: medium;\" data-mce-style=\"font-family: Helvetica; font-size: medium;\">\u00a0\u00e0 l\u2019occasion de sa r\u00e9sidence \u00e0\u00a0<\/span><b style=\"font-family: Helvetica;\" data-mce-style=\"font-family: Helvetica;\">Limoges<\/b><span style=\"font-family: Helvetica; font-size: medium;\" data-mce-style=\"font-family: Helvetica; font-size: medium;\">.<\/span><\/p>\n<div id=\"ConnectiveDocSignExtentionInstalled\" data-extension-version=\"1.0.4\">\n<p class=\"MsoNormal\" style=\"margin: 0cm 0cm 0.0001pt; font-size: medium;\" data-mce-style=\"margin: 0cm 0cm 0.0001pt; font-size: medium;\"><span style=\"font-size: 13.5pt; font-family: Helvetica;\" data-mce-style=\"font-size: 13.5pt; font-family: Helvetica;\">\u00a0<\/span><\/p>\n<p class=\"MsoNormal\" style=\"margin: 0cm 0cm 0.0001pt; font-size: medium;\" data-mce-style=\"margin: 0cm 0cm 0.0001pt; font-size: medium;\"><span style=\"font-family: Helvetica;\" data-mce-style=\"font-family: Helvetica;\">N&#8217;h\u00e9sitez pas \u00e0 nous contacter pour<span class=\"apple-converted-space\">\u00a0<\/span><strong>voir les pi\u00e8ces<\/strong><span class=\"apple-converted-space\">\u00a0<\/span>en vrai!<span class=\"apple-converted-space\">\u00a0<\/span><\/span>Nous nous\u00a0ferons un plaisir de vous\u00a0recevoir \u00e0 la galerie.<\/p>\n<p class=\"MsoNormal\" style=\"margin: 0cm 0cm 0.0001pt; font-size: medium;\" data-mce-style=\"margin: 0cm 0cm 0.0001pt; font-size: medium;\"><span style=\"font-family: Helvetica;\" data-mce-style=\"font-family: Helvetica;\">\u00a0<\/span><\/p>\n<p class=\"MsoNormal\" style=\"margin: 0cm 0cm 0.0001pt; font-size: medium;\" data-mce-style=\"margin: 0cm 0cm 0.0001pt; font-size: medium;\"><span style=\"font-family: Helvetica; color: #333333;\" data-mce-style=\"font-family: Helvetica; color: #333333;\">Toutes les pi\u00e8ces sont\u00a0<b>uniques<\/b>\u00a0et vendues<span class=\"apple-converted-space\">\u00a0<\/span><strong><span style=\"font-weight: normal;\" data-mce-style=\"font-weight: normal;\">avec un<\/span><\/strong><strong>\u00a0certificat d\u2019authenticit\u00e9.<\/strong><\/span><\/p>\n<\/div>\n<div id=\"ConnectiveDocSignExtentionInstalled\" data-extension-version=\"1.0.4\"><\/div>\n<div id=\"ConnectiveDocSignExtentionInstalled\" data-extension-version=\"1.0.4\"><\/div>\n<div id=\"ConnectiveDocSignExtentionInstalled\" data-extension-version=\"1.0.4\"><\/div>\n<div id=\"ConnectiveDocSignExtentionInstalled\" data-extension-version=\"1.0.4\"><\/div>\n<div id=\"ConnectiveDocSignExtentionInstalled\" data-extension-version=\"1.0.4\"><\/div>\n<div id=\"ConnectiveDocSignExtentionInstalled\" data-extension-version=\"1.0.4\"><\/div>\n<div id=\"ConnectiveDocSignExtentionInstalled\" data-extension-version=\"1.0.4\"><\/div>\n","protected":false},"excerpt":{"rendered":"<p><b>Porcelaine Teint\u00e9e<\/b><\/p>\n<p>Taille de la paire :\u00a020x23x8cm<\/p>\n<p>2020<\/p>\n<div id=\"ConnectiveDocSignExtentionInstalled\" data-extension-version=\"1.0.4\"><\/div>\n<div id=\"ConnectiveDocSignExtentionInstalled\" data-extension-version=\"1.0.4\"><\/div>\n<div id=\"ConnectiveDocSignExtentionInstalled\" data-extension-version=\"1.0.4\"><\/div>\n<div id=\"ConnectiveDocSignExtentionInstalled\" data-extension-version=\"1.0.4\"><\/div>\n<div id=\"ConnectiveDocSignExtentionInstalled\" data-extension-version=\"1.0.4\"><\/div>\n<div id=\"ConnectiveDocSignExtentionInstalled\" data-extension-version=\"1.0.4\"><\/div>\n<div id=\"ConnectiveDocSignExtentionInstalled\" data-extension-version=\"1.0.4\"><\/div>\n<div id=\"ConnectiveDocSignExtentionInstalled\" data-extension-version=\"1.0.4\"><\/div>\n","protected":false},"featured_media":2128,"template":"","meta":[],"product_cat":[570,1977,527,2903,908,1651],"product_tag":[823],"yoast_head":"<!-- This site is optimized with the Yoast SEO plugin v19.1 - https:\/\/yoast.com\/wordpress\/plugins\/seo\/ -->\n<title>Rien qu&#039;en restant immobile \u2013 Safia Hijos | E-shop artistes belges<\/title>\n<meta name=\"description\" content=\"Acheter un produit comme Rien qu&#039;en restant immobile \u2013 Safia Hijos? Laissez vous surprendre par nos artistes belges sp\u00e9cialis\u00e9s en produits artisanaux!\" \/>\n<meta name=\"robots\" content=\"index, follow, max-snippet:-1, max-image-preview:large, max-video-preview:-1\" \/>\n<link rel=\"canonical\" href=\"https:\/\/nationalstore.be\/fr\/produit\/rien-quen-restant-immobile-safia-hijos-4\" \/>\n<meta property=\"og:locale\" content=\"fr_FR\" \/>\n<meta property=\"og:type\" content=\"article\" \/>\n<meta property=\"og:title\" content=\"Rien qu&#039;en restant immobile \u2013 Safia Hijos | E-shop artistes belges\" \/>\n<meta property=\"og:description\" content=\"Acheter un produit comme Rien qu&#039;en restant immobile \u2013 Safia Hijos? Laissez vous surprendre par nos artistes belges sp\u00e9cialis\u00e9s en produits artisanaux!\" \/>\n<meta property=\"og:url\" content=\"https:\/\/nationalstore.be\/fr\/produit\/rien-quen-restant-immobile-safia-hijos-4\" \/>\n<meta property=\"og:site_name\" content=\"NATIONA(A)L ARTIST SUPERMARKET\" \/>\n<meta property=\"article:publisher\" content=\"https:\/\/www.facebook.com\/nationalstore\/?ref=br_rs\" \/>\n<meta property=\"article:modified_time\" content=\"2020-12-09T15:20:43+00:00\" \/>\n<meta property=\"og:image\" content=\"https:\/\/nationalstore.be\/wp-content\/uploads\/2020\/11\/SH150118_130_3-scaled.jpg\" \/>\n\t<meta property=\"og:image:width\" content=\"2560\" \/>\n\t<meta property=\"og:image:height\" content=\"2558\" \/>\n\t<meta property=\"og:image:type\" content=\"image\/jpeg\" \/>\n<meta name=\"twitter:card\" content=\"summary_large_image\" \/>\n<meta name=\"twitter:site\" content=\"@Nationalstore\" \/>\n<script type=\"application\/ld+json\" class=\"yoast-schema-graph\">{\"@context\":\"https:\/\/schema.org\",\"@graph\":[{\"@type\":\"Organization\",\"@id\":\"https:\/\/nationalstore.be\/fr#organization\",\"name\":\"NATIONA(A)L ARTIST MARKET\",\"url\":\"https:\/\/nationalstore.be\/fr\",\"sameAs\":[\"https:\/\/www.instagram.com\/nationalstore\/\",\"https:\/\/www.facebook.com\/nationalstore\/?ref=br_rs\",\"https:\/\/twitter.com\/Nationalstore\"],\"logo\":{\"@type\":\"ImageObject\",\"inLanguage\":\"fr-FR\",\"@id\":\"https:\/\/nationalstore.be\/fr#\/schema\/logo\/image\/\",\"url\":\"https:\/\/nationalstore.be\/wp-content\/uploads\/2024\/03\/nationaal-logo_mauve-cmjn.png\",\"contentUrl\":\"https:\/\/nationalstore.be\/wp-content\/uploads\/2024\/03\/nationaal-logo_mauve-cmjn.png\",\"width\":3475,\"height\":1352,\"caption\":\"NATIONA(A)L ARTIST MARKET\"},\"image\":{\"@id\":\"https:\/\/nationalstore.be\/fr#\/schema\/logo\/image\/\"}},{\"@type\":\"WebSite\",\"@id\":\"https:\/\/nationalstore.be\/fr#website\",\"url\":\"https:\/\/nationalstore.be\/fr\",\"name\":\"NATIONA(A)L ARTIST SUPERMARKET\",\"description\":\"\",\"publisher\":{\"@id\":\"https:\/\/nationalstore.be\/fr#organization\"},\"potentialAction\":[{\"@type\":\"SearchAction\",\"target\":{\"@type\":\"EntryPoint\",\"urlTemplate\":\"https:\/\/nationalstore.be\/fr?s={search_term_string}\"},\"query-input\":\"required name=search_term_string\"}],\"inLanguage\":\"fr-FR\"},{\"@type\":\"ImageObject\",\"inLanguage\":\"fr-FR\",\"@id\":\"https:\/\/nationalstore.be\/fr\/produit\/rien-quen-restant-immobile-safia-hijos-4#primaryimage\",\"url\":\"https:\/\/nationalstore.be\/wp-content\/uploads\/2020\/11\/SH150118_130_3-scaled.jpg\",\"contentUrl\":\"https:\/\/nationalstore.be\/wp-content\/uploads\/2020\/11\/SH150118_130_3-scaled.jpg\",\"width\":2560,\"height\":2558},{\"@type\":[\"WebPage\",\"ItemPage\"],\"@id\":\"https:\/\/nationalstore.be\/fr\/produit\/rien-quen-restant-immobile-safia-hijos-4#webpage\",\"url\":\"https:\/\/nationalstore.be\/fr\/produit\/rien-quen-restant-immobile-safia-hijos-4\",\"name\":\"Rien qu'en restant immobile \u2013 Safia Hijos | E-shop artistes belges\",\"isPartOf\":{\"@id\":\"https:\/\/nationalstore.be\/fr#website\"},\"primaryImageOfPage\":{\"@id\":\"https:\/\/nationalstore.be\/fr\/produit\/rien-quen-restant-immobile-safia-hijos-4#primaryimage\"},\"datePublished\":\"2020-12-01T18:09:41+00:00\",\"dateModified\":\"2020-12-09T15:20:43+00:00\",\"description\":\"Acheter un produit comme Rien qu'en restant immobile \u2013 Safia Hijos? Laissez vous surprendre par nos artistes belges sp\u00e9cialis\u00e9s en produits artisanaux!\",\"breadcrumb\":{\"@id\":\"https:\/\/nationalstore.be\/fr\/produit\/rien-quen-restant-immobile-safia-hijos-4#breadcrumb\"},\"inLanguage\":\"fr-FR\",\"potentialAction\":[{\"@type\":\"ReadAction\",\"target\":[\"https:\/\/nationalstore.be\/fr\/produit\/rien-quen-restant-immobile-safia-hijos-4\"]}]},{\"@type\":\"BreadcrumbList\",\"@id\":\"https:\/\/nationalstore.be\/fr\/produit\/rien-quen-restant-immobile-safia-hijos-4#breadcrumb\",\"itemListElement\":[{\"@type\":\"ListItem\",\"position\":1,\"name\":\"Home\",\"item\":\"https:\/\/nationalstore.be\/fr\"},{\"@type\":\"ListItem\",\"position\":2,\"name\":\"Produits\",\"item\":\"https:\/\/nationalstore.be\/fr\/shop\"},{\"@type\":\"ListItem\",\"position\":3,\"name\":\"Subcategories\",\"item\":\"https:\/\/nationalstore.be\/fr\/pc\/subcategories-fr\"},{\"@type\":\"ListItem\",\"position\":4,\"name\":\"Collection livraison gratuite\",\"item\":\"https:\/\/nationalstore.be\/fr\/pc\/subcategories-fr\/collection-livraison-gratuite\"},{\"@type\":\"ListItem\",\"position\":5,\"name\":\"Rien qu&#8217;en restant immobile \u2013 Safia Hijos\"}]}]}<\/script>\n<!-- \/ Yoast SEO plugin. -->","yoast_head_json":{"title":"Rien qu'en restant immobile \u2013 Safia Hijos | E-shop artistes belges","description":"Acheter un produit comme Rien qu'en restant immobile \u2013 Safia Hijos? Laissez vous surprendre par nos artistes belges sp\u00e9cialis\u00e9s en produits artisanaux!","robots":{"index":"index","follow":"follow","max-snippet":"max-snippet:-1","max-image-preview":"max-image-preview:large","max-video-preview":"max-video-preview:-1"},"canonical":"https:\/\/nationalstore.be\/fr\/produit\/rien-quen-restant-immobile-safia-hijos-4","og_locale":"fr_FR","og_type":"article","og_title":"Rien qu'en restant immobile \u2013 Safia Hijos | E-shop artistes belges","og_description":"Acheter un produit comme Rien qu'en restant immobile \u2013 Safia Hijos? Laissez vous surprendre par nos artistes belges sp\u00e9cialis\u00e9s en produits artisanaux!","og_url":"https:\/\/nationalstore.be\/fr\/produit\/rien-quen-restant-immobile-safia-hijos-4","og_site_name":"NATIONA(A)L ARTIST SUPERMARKET","article_publisher":"https:\/\/www.facebook.com\/nationalstore\/?ref=br_rs","article_modified_time":"2020-12-09T15:20:43+00:00","og_image":[{"width":2560,"height":2558,"url":"https:\/\/nationalstore.be\/wp-content\/uploads\/2020\/11\/SH150118_130_3-scaled.jpg","type":"image\/jpeg"}],"twitter_card":"summary_large_image","twitter_site":"@Nationalstore","schema":{"@context":"https:\/\/schema.org","@graph":[{"@type":"Organization","@id":"https:\/\/nationalstore.be\/fr#organization","name":"NATIONA(A)L ARTIST MARKET","url":"https:\/\/nationalstore.be\/fr","sameAs":["https:\/\/www.instagram.com\/nationalstore\/","https:\/\/www.facebook.com\/nationalstore\/?ref=br_rs","https:\/\/twitter.com\/Nationalstore"],"logo":{"@type":"ImageObject","inLanguage":"fr-FR","@id":"https:\/\/nationalstore.be\/fr#\/schema\/logo\/image\/","url":"https:\/\/nationalstore.be\/wp-content\/uploads\/2024\/03\/nationaal-logo_mauve-cmjn.png","contentUrl":"https:\/\/nationalstore.be\/wp-content\/uploads\/2024\/03\/nationaal-logo_mauve-cmjn.png","width":3475,"height":1352,"caption":"NATIONA(A)L ARTIST MARKET"},"image":{"@id":"https:\/\/nationalstore.be\/fr#\/schema\/logo\/image\/"}},{"@type":"WebSite","@id":"https:\/\/nationalstore.be\/fr#website","url":"https:\/\/nationalstore.be\/fr","name":"NATIONA(A)L ARTIST SUPERMARKET","description":"","publisher":{"@id":"https:\/\/nationalstore.be\/fr#organization"},"potentialAction":[{"@type":"SearchAction","target":{"@type":"EntryPoint","urlTemplate":"https:\/\/nationalstore.be\/fr?s={search_term_string}"},"query-input":"required name=search_term_string"}],"inLanguage":"fr-FR"},{"@type":"ImageObject","inLanguage":"fr-FR","@id":"https:\/\/nationalstore.be\/fr\/produit\/rien-quen-restant-immobile-safia-hijos-4#primaryimage","url":"https:\/\/nationalstore.be\/wp-content\/uploads\/2020\/11\/SH150118_130_3-scaled.jpg","contentUrl":"https:\/\/nationalstore.be\/wp-content\/uploads\/2020\/11\/SH150118_130_3-scaled.jpg","width":2560,"height":2558},{"@type":["WebPage","ItemPage"],"@id":"https:\/\/nationalstore.be\/fr\/produit\/rien-quen-restant-immobile-safia-hijos-4#webpage","url":"https:\/\/nationalstore.be\/fr\/produit\/rien-quen-restant-immobile-safia-hijos-4","name":"Rien qu'en restant immobile \u2013 Safia Hijos | E-shop artistes belges","isPartOf":{"@id":"https:\/\/nationalstore.be\/fr#website"},"primaryImageOfPage":{"@id":"https:\/\/nationalstore.be\/fr\/produit\/rien-quen-restant-immobile-safia-hijos-4#primaryimage"},"datePublished":"2020-12-01T18:09:41+00:00","dateModified":"2020-12-09T15:20:43+00:00","description":"Acheter un produit comme Rien qu'en restant immobile \u2013 Safia Hijos? Laissez vous surprendre par nos artistes belges sp\u00e9cialis\u00e9s en produits artisanaux!","breadcrumb":{"@id":"https:\/\/nationalstore.be\/fr\/produit\/rien-quen-restant-immobile-safia-hijos-4#breadcrumb"},"inLanguage":"fr-FR","potentialAction":[{"@type":"ReadAction","target":["https:\/\/nationalstore.be\/fr\/produit\/rien-quen-restant-immobile-safia-hijos-4"]}]},{"@type":"BreadcrumbList","@id":"https:\/\/nationalstore.be\/fr\/produit\/rien-quen-restant-immobile-safia-hijos-4#breadcrumb","itemListElement":[{"@type":"ListItem","position":1,"name":"Home","item":"https:\/\/nationalstore.be\/fr"},{"@type":"ListItem","position":2,"name":"Produits","item":"https:\/\/nationalstore.be\/fr\/shop"},{"@type":"ListItem","position":3,"name":"Subcategories","item":"https:\/\/nationalstore.be\/fr\/pc\/subcategories-fr"},{"@type":"ListItem","position":4,"name":"Collection livraison gratuite","item":"https:\/\/nationalstore.be\/fr\/pc\/subcategories-fr\/collection-livraison-gratuite"},{"@type":"ListItem","position":5,"name":"Rien qu&#8217;en restant immobile \u2013 Safia Hijos"}]}]}},"_links":{"self":[{"href":"https:\/\/nationalstore.be\/fr\/wp-json\/wp\/v2\/product\/3916"}],"collection":[{"href":"https:\/\/nationalstore.be\/fr\/wp-json\/wp\/v2\/product"}],"about":[{"href":"https:\/\/nationalstore.be\/fr\/wp-json\/wp\/v2\/types\/product"}],"wp:featuredmedia":[{"embeddable":true,"href":"https:\/\/nationalstore.be\/fr\/wp-json\/wp\/v2\/media\/2128"}],"wp:attachment":[{"href":"https:\/\/nationalstore.be\/fr\/wp-json\/wp\/v2\/media?parent=3916"}],"wp:term":[{"taxonomy":"product_cat","embeddable":true,"href":"https:\/\/nationalstore.be\/fr\/wp-json\/wp\/v2\/product_cat?post=3916"},{"taxonomy":"product_tag","embeddable":true,"href":"https:\/\/nationalstore.be\/fr\/wp-json\/wp\/v2\/product_tag?post=3916"}],"curies":[{"name":"wp","href":"https:\/\/api.w.org\/{rel}","templated":true}]}}