{"id":39061,"date":"2022-08-11T17:38:48","date_gmt":"2022-08-11T15:40:43","guid":{"rendered":"https:\/\/nationalstore.be\/?post_type=product&#038;p=39061"},"modified":"2022-08-24T15:32:15","modified_gmt":"2022-08-24T13:32:15","slug":"veld-xl-plaid-003-2","status":"publish","type":"product","link":"https:\/\/nationalstore.be\/fr\/produit\/veld-xl-plaid-003-2","title":{"rendered":"VELD XL PLAID 003"},"content":{"rendered":"<div id=\"panel-9871-0-1-4\" class=\"so-panel widget_so-wc-template-single-excerpt\" data-index=\"5\" data-mce-style=\"zoom: 1;\" style=\"zoom: 1;\">\n<div class=\"woocommerce-product-details__short-description\">\n<ul data-mce-style=\"margin: 20px 0px;\" style=\"margin: 20px 0px;\"><\/ul>\n<p data-mce-style=\"line-height: 20px; margin: 20px 0px !important;\" style=\"line-height: 20px; margin: 20px 0px !important;\">Les plaids VELD sont fabriqu\u00e9s dans une usine belge avec des fils de coton de qualit\u00e9 italienne. L\u2019Atelier Leda pr\u00e9f\u00e8re une qualit\u00e9 locale exclusive \u00e0 la quantit\u00e9. Cela explique pourquoi les oreillers sont fabriqu\u00e9s en \u00e9dition limit\u00e9e.<\/p>\n<\/div>\n<\/div>\n","protected":false},"excerpt":{"rendered":"<div id=\"panel-9871-0-1-4\" class=\"so-panel widget_so-wc-template-single-excerpt\" data-index=\"5\" data-mce-style=\"zoom: 1;\" style=\"zoom: 1;\">\n<div class=\"woocommerce-product-details__short-description\">\n<ul data-mce-style=\"margin: 20px 0px;\" style=\"margin: 20px 0px;\">\n<li>100% coton<\/li>\n<li>180 x 240 cm<\/li>\n<li>Fabriqu\u00e9 en Belgique<\/li>\n<li>Lavage \u00e0 30\u00b0, programme laine\u00a0<\/li>\n<li>Ne pas mettre au s\u00e8che-linge \/ s\u00e9cher \u00e0 l\u2019air libre \/ s\u00e9cher \u00e0 plat<\/li>\n<\/ul>\n<p><br data-mce-bogus=\"1\"><\/p>\n<\/div>\n<\/div>\n","protected":false},"featured_media":38538,"template":"","meta":[],"product_cat":[3121,527,2867,3342],"product_tag":[823],"yoast_head":"<!-- This site is optimized with the Yoast SEO plugin v19.1 - https:\/\/yoast.com\/wordpress\/plugins\/seo\/ -->\n<title>VELD XL PLAID 003 | E-shop artistes belges<\/title>\n<meta name=\"description\" content=\"Acheter un produit comme VELD XL PLAID 003? Laissez vous surprendre par nos artistes belges sp\u00e9cialis\u00e9s en produits artisanaux!\" \/>\n<meta name=\"robots\" content=\"index, follow, max-snippet:-1, max-image-preview:large, max-video-preview:-1\" \/>\n<link rel=\"canonical\" href=\"https:\/\/nationalstore.be\/fr\/produit\/veld-xl-plaid-003-2\" \/>\n<meta property=\"og:locale\" content=\"fr_FR\" \/>\n<meta property=\"og:type\" content=\"article\" \/>\n<meta property=\"og:title\" content=\"VELD XL PLAID 003 | E-shop artistes belges\" \/>\n<meta property=\"og:description\" content=\"Acheter un produit comme VELD XL PLAID 003? Laissez vous surprendre par nos artistes belges sp\u00e9cialis\u00e9s en produits artisanaux!\" \/>\n<meta property=\"og:url\" content=\"https:\/\/nationalstore.be\/fr\/produit\/veld-xl-plaid-003-2\" \/>\n<meta property=\"og:site_name\" content=\"NATIONA(A)L ARTIST SUPERMARKET\" \/>\n<meta property=\"article:publisher\" content=\"https:\/\/www.facebook.com\/nationalstore\/?ref=br_rs\" \/>\n<meta property=\"article:modified_time\" content=\"2022-08-24T13:32:15+00:00\" \/>\n<meta property=\"og:image\" content=\"https:\/\/nationalstore.be\/wp-content\/uploads\/2022\/07\/AtelierLeda_2021_11532_\u00a9AlexanderPopelier.jpg\" \/>\n\t<meta property=\"og:image:width\" content=\"667\" \/>\n\t<meta property=\"og:image:height\" content=\"1000\" \/>\n\t<meta property=\"og:image:type\" content=\"image\/jpeg\" \/>\n<meta name=\"twitter:card\" content=\"summary_large_image\" \/>\n<meta name=\"twitter:site\" content=\"@Nationalstore\" \/>\n<script type=\"application\/ld+json\" class=\"yoast-schema-graph\">{\"@context\":\"https:\/\/schema.org\",\"@graph\":[{\"@type\":\"Organization\",\"@id\":\"https:\/\/nationalstore.be\/fr#organization\",\"name\":\"NATIONA(A)L ARTIST MARKET\",\"url\":\"https:\/\/nationalstore.be\/fr\",\"sameAs\":[\"https:\/\/www.instagram.com\/nationalstore\/\",\"https:\/\/www.facebook.com\/nationalstore\/?ref=br_rs\",\"https:\/\/twitter.com\/Nationalstore\"],\"logo\":{\"@type\":\"ImageObject\",\"inLanguage\":\"fr-FR\",\"@id\":\"https:\/\/nationalstore.be\/fr#\/schema\/logo\/image\/\",\"url\":\"https:\/\/nationalstore.be\/wp-content\/uploads\/2024\/03\/nationaal-logo_mauve-cmjn.png\",\"contentUrl\":\"https:\/\/nationalstore.be\/wp-content\/uploads\/2024\/03\/nationaal-logo_mauve-cmjn.png\",\"width\":3475,\"height\":1352,\"caption\":\"NATIONA(A)L ARTIST MARKET\"},\"image\":{\"@id\":\"https:\/\/nationalstore.be\/fr#\/schema\/logo\/image\/\"}},{\"@type\":\"WebSite\",\"@id\":\"https:\/\/nationalstore.be\/fr#website\",\"url\":\"https:\/\/nationalstore.be\/fr\",\"name\":\"NATIONA(A)L ARTIST SUPERMARKET\",\"description\":\"\",\"publisher\":{\"@id\":\"https:\/\/nationalstore.be\/fr#organization\"},\"potentialAction\":[{\"@type\":\"SearchAction\",\"target\":{\"@type\":\"EntryPoint\",\"urlTemplate\":\"https:\/\/nationalstore.be\/fr?s={search_term_string}\"},\"query-input\":\"required name=search_term_string\"}],\"inLanguage\":\"fr-FR\"},{\"@type\":\"ImageObject\",\"inLanguage\":\"fr-FR\",\"@id\":\"https:\/\/nationalstore.be\/fr\/produit\/veld-xl-plaid-003-2#primaryimage\",\"url\":\"https:\/\/nationalstore.be\/wp-content\/uploads\/2022\/07\/AtelierLeda_2021_11532_\u00a9AlexanderPopelier.jpg\",\"contentUrl\":\"https:\/\/nationalstore.be\/wp-content\/uploads\/2022\/07\/AtelierLeda_2021_11532_\u00a9AlexanderPopelier.jpg\",\"width\":667,\"height\":1000},{\"@type\":[\"WebPage\",\"ItemPage\"],\"@id\":\"https:\/\/nationalstore.be\/fr\/produit\/veld-xl-plaid-003-2#webpage\",\"url\":\"https:\/\/nationalstore.be\/fr\/produit\/veld-xl-plaid-003-2\",\"name\":\"VELD XL PLAID 003 | E-shop artistes belges\",\"isPartOf\":{\"@id\":\"https:\/\/nationalstore.be\/fr#website\"},\"primaryImageOfPage\":{\"@id\":\"https:\/\/nationalstore.be\/fr\/produit\/veld-xl-plaid-003-2#primaryimage\"},\"datePublished\":\"2022-08-11T15:40:43+00:00\",\"dateModified\":\"2022-08-24T13:32:15+00:00\",\"description\":\"Acheter un produit comme VELD XL PLAID 003? Laissez vous surprendre par nos artistes belges sp\u00e9cialis\u00e9s en produits artisanaux!\",\"breadcrumb\":{\"@id\":\"https:\/\/nationalstore.be\/fr\/produit\/veld-xl-plaid-003-2#breadcrumb\"},\"inLanguage\":\"fr-FR\",\"potentialAction\":[{\"@type\":\"ReadAction\",\"target\":[\"https:\/\/nationalstore.be\/fr\/produit\/veld-xl-plaid-003-2\"]}]},{\"@type\":\"BreadcrumbList\",\"@id\":\"https:\/\/nationalstore.be\/fr\/produit\/veld-xl-plaid-003-2#breadcrumb\",\"itemListElement\":[{\"@type\":\"ListItem\",\"position\":1,\"name\":\"Home\",\"item\":\"https:\/\/nationalstore.be\/fr\"},{\"@type\":\"ListItem\",\"position\":2,\"name\":\"Produits\",\"item\":\"https:\/\/nationalstore.be\/fr\/shop\"},{\"@type\":\"ListItem\",\"position\":3,\"name\":\"Subcategories\",\"item\":\"https:\/\/nationalstore.be\/fr\/pc\/subcategories-fr\"},{\"@type\":\"ListItem\",\"position\":4,\"name\":\"CDM x NATIONA(A)L: Un nouveau language partag\u00e9\",\"item\":\"https:\/\/nationalstore.be\/fr\/pc\/subcategories-fr\/cdm-x-nationaal-un-nouveau-language-partage\"},{\"@type\":\"ListItem\",\"position\":5,\"name\":\"VELD XL PLAID 003\"}]}]}<\/script>\n<!-- \/ Yoast SEO plugin. -->","yoast_head_json":{"title":"VELD XL PLAID 003 | E-shop artistes belges","description":"Acheter un produit comme VELD XL PLAID 003? Laissez vous surprendre par nos artistes belges sp\u00e9cialis\u00e9s en produits artisanaux!","robots":{"index":"index","follow":"follow","max-snippet":"max-snippet:-1","max-image-preview":"max-image-preview:large","max-video-preview":"max-video-preview:-1"},"canonical":"https:\/\/nationalstore.be\/fr\/produit\/veld-xl-plaid-003-2","og_locale":"fr_FR","og_type":"article","og_title":"VELD XL PLAID 003 | E-shop artistes belges","og_description":"Acheter un produit comme VELD XL PLAID 003? Laissez vous surprendre par nos artistes belges sp\u00e9cialis\u00e9s en produits artisanaux!","og_url":"https:\/\/nationalstore.be\/fr\/produit\/veld-xl-plaid-003-2","og_site_name":"NATIONA(A)L ARTIST SUPERMARKET","article_publisher":"https:\/\/www.facebook.com\/nationalstore\/?ref=br_rs","article_modified_time":"2022-08-24T13:32:15+00:00","og_image":[{"width":667,"height":1000,"url":"https:\/\/nationalstore.be\/wp-content\/uploads\/2022\/07\/AtelierLeda_2021_11532_\u00a9AlexanderPopelier.jpg","type":"image\/jpeg"}],"twitter_card":"summary_large_image","twitter_site":"@Nationalstore","schema":{"@context":"https:\/\/schema.org","@graph":[{"@type":"Organization","@id":"https:\/\/nationalstore.be\/fr#organization","name":"NATIONA(A)L ARTIST MARKET","url":"https:\/\/nationalstore.be\/fr","sameAs":["https:\/\/www.instagram.com\/nationalstore\/","https:\/\/www.facebook.com\/nationalstore\/?ref=br_rs","https:\/\/twitter.com\/Nationalstore"],"logo":{"@type":"ImageObject","inLanguage":"fr-FR","@id":"https:\/\/nationalstore.be\/fr#\/schema\/logo\/image\/","url":"https:\/\/nationalstore.be\/wp-content\/uploads\/2024\/03\/nationaal-logo_mauve-cmjn.png","contentUrl":"https:\/\/nationalstore.be\/wp-content\/uploads\/2024\/03\/nationaal-logo_mauve-cmjn.png","width":3475,"height":1352,"caption":"NATIONA(A)L ARTIST MARKET"},"image":{"@id":"https:\/\/nationalstore.be\/fr#\/schema\/logo\/image\/"}},{"@type":"WebSite","@id":"https:\/\/nationalstore.be\/fr#website","url":"https:\/\/nationalstore.be\/fr","name":"NATIONA(A)L ARTIST SUPERMARKET","description":"","publisher":{"@id":"https:\/\/nationalstore.be\/fr#organization"},"potentialAction":[{"@type":"SearchAction","target":{"@type":"EntryPoint","urlTemplate":"https:\/\/nationalstore.be\/fr?s={search_term_string}"},"query-input":"required name=search_term_string"}],"inLanguage":"fr-FR"},{"@type":"ImageObject","inLanguage":"fr-FR","@id":"https:\/\/nationalstore.be\/fr\/produit\/veld-xl-plaid-003-2#primaryimage","url":"https:\/\/nationalstore.be\/wp-content\/uploads\/2022\/07\/AtelierLeda_2021_11532_\u00a9AlexanderPopelier.jpg","contentUrl":"https:\/\/nationalstore.be\/wp-content\/uploads\/2022\/07\/AtelierLeda_2021_11532_\u00a9AlexanderPopelier.jpg","width":667,"height":1000},{"@type":["WebPage","ItemPage"],"@id":"https:\/\/nationalstore.be\/fr\/produit\/veld-xl-plaid-003-2#webpage","url":"https:\/\/nationalstore.be\/fr\/produit\/veld-xl-plaid-003-2","name":"VELD XL PLAID 003 | E-shop artistes belges","isPartOf":{"@id":"https:\/\/nationalstore.be\/fr#website"},"primaryImageOfPage":{"@id":"https:\/\/nationalstore.be\/fr\/produit\/veld-xl-plaid-003-2#primaryimage"},"datePublished":"2022-08-11T15:40:43+00:00","dateModified":"2022-08-24T13:32:15+00:00","description":"Acheter un produit comme VELD XL PLAID 003? Laissez vous surprendre par nos artistes belges sp\u00e9cialis\u00e9s en produits artisanaux!","breadcrumb":{"@id":"https:\/\/nationalstore.be\/fr\/produit\/veld-xl-plaid-003-2#breadcrumb"},"inLanguage":"fr-FR","potentialAction":[{"@type":"ReadAction","target":["https:\/\/nationalstore.be\/fr\/produit\/veld-xl-plaid-003-2"]}]},{"@type":"BreadcrumbList","@id":"https:\/\/nationalstore.be\/fr\/produit\/veld-xl-plaid-003-2#breadcrumb","itemListElement":[{"@type":"ListItem","position":1,"name":"Home","item":"https:\/\/nationalstore.be\/fr"},{"@type":"ListItem","position":2,"name":"Produits","item":"https:\/\/nationalstore.be\/fr\/shop"},{"@type":"ListItem","position":3,"name":"Subcategories","item":"https:\/\/nationalstore.be\/fr\/pc\/subcategories-fr"},{"@type":"ListItem","position":4,"name":"CDM x NATIONA(A)L: Un nouveau language partag\u00e9","item":"https:\/\/nationalstore.be\/fr\/pc\/subcategories-fr\/cdm-x-nationaal-un-nouveau-language-partage"},{"@type":"ListItem","position":5,"name":"VELD XL PLAID 003"}]}]}},"_links":{"self":[{"href":"https:\/\/nationalstore.be\/fr\/wp-json\/wp\/v2\/product\/39061"}],"collection":[{"href":"https:\/\/nationalstore.be\/fr\/wp-json\/wp\/v2\/product"}],"about":[{"href":"https:\/\/nationalstore.be\/fr\/wp-json\/wp\/v2\/types\/product"}],"wp:featuredmedia":[{"embeddable":true,"href":"https:\/\/nationalstore.be\/fr\/wp-json\/wp\/v2\/media\/38538"}],"wp:attachment":[{"href":"https:\/\/nationalstore.be\/fr\/wp-json\/wp\/v2\/media?parent=39061"}],"wp:term":[{"taxonomy":"product_cat","embeddable":true,"href":"https:\/\/nationalstore.be\/fr\/wp-json\/wp\/v2\/product_cat?post=39061"},{"taxonomy":"product_tag","embeddable":true,"href":"https:\/\/nationalstore.be\/fr\/wp-json\/wp\/v2\/product_tag?post=39061"}],"curies":[{"name":"wp","href":"https:\/\/api.w.org\/{rel}","templated":true}]}}