{"id":39038,"date":"2022-08-11T16:15:37","date_gmt":"2022-08-11T13:27:30","guid":{"rendered":"https:\/\/nationalstore.be\/?post_type=product&#038;p=39038"},"modified":"2023-02-15T11:07:36","modified_gmt":"2023-02-15T10:07:36","slug":"ku-do-azo-jete-rose-orange","status":"publish","type":"product","link":"https:\/\/nationalstore.be\/fr\/produit\/ku-do-azo-jete-rose-orange","title":{"rendered":"KU DO AZ\u00d2 \u2013 Jet\u00e9 rose\/orange"},"content":{"rendered":"<p dir=\"ltr\" data-mce-style=\"line-height: 1.38; background-color: #ffffff; margin-top: 0pt; margin-bottom: 0pt; padding: 0pt 0pt 12pt;\" style=\"line-height: 1.38; margin-top: 0pt; margin-bottom: 0pt; padding: 0pt 0pt 12pt;\"><span data-mce-style=\"font-size: 12pt; font-family: Georgia; color: #333333; background-color: transparent; font-weight: 400; font-style: normal; font-variant-ligatures: normal; font-variant-caps: normal; font-variant-east-asian: normal; font-variant-position: normal; text-decoration: none; vertical-align: baseline; white-space: pre-wrap;\" style=\"font-size: 12pt; font-family: Georgia; font-variant-east-asian: normal; vertical-align: baseline; white-space: pre-wrap;\">Chaque pi\u00e8ce est un nuancier cr\u00e9\u00e9 \u00e0 partir d&#8217;une s\u00e9lection m\u00e9ticuleuse de pulls tricot\u00e9s. R\u00e9alis\u00e9 \u00e0 partir d&#8217;une longue pi\u00e8ce tiss\u00e9e sur le m\u00e9tier \u00e0 tisser b\u00e9ninois, ce plaid polyvalent est compos\u00e9 de 3 bandes de tissu assembl\u00e9es \u00e0 la main.<\/span><\/p>\n<p dir=\"ltr\" data-mce-style=\"line-height: 1.38; background-color: #ffffff; margin-top: 0pt; margin-bottom: 0pt; padding: 0pt 0pt 12pt;\" style=\"line-height: 1.38; margin-top: 0pt; margin-bottom: 0pt; padding: 0pt 0pt 12pt;\"><span data-mce-style=\"font-size: 12pt; font-family: Georgia; color: #333333; background-color: transparent; font-weight: 400; font-style: normal; font-variant-ligatures: normal; font-variant-caps: normal; font-variant-east-asian: normal; font-variant-position: normal; text-decoration: none; vertical-align: baseline; white-space: pre-wrap;\" style=\"font-size: 12pt; font-family: Georgia; font-variant-east-asian: normal; vertical-align: baseline; white-space: pre-wrap;\">Les s\u00e9quences et le rythme des couleurs jouent avec les raccords et les d\u00e9calages graphiques dans l&#8217;assemblage et cr\u00e9ent un tissu vibrant pour un usage polyvalent.<\/span><\/p>\n<p dir=\"ltr\" data-mce-style=\"line-height: 1.38; background-color: #ffffff; margin-top: 0pt; margin-bottom: 0pt; padding: 0pt 0pt 12pt;\" style=\"line-height: 1.38; margin-top: 0pt; margin-bottom: 0pt; padding: 0pt 0pt 12pt;\">Cette pi\u00e8ce a \u00e9t\u00e9 tiss\u00e9e dans notre atelier \u00e0 Bruxelles par Georges Ahokpe. Elle a \u00e9t\u00e9 r\u00e9alis\u00e9e \u00e0 partir de pulls s\u00e9lectionn\u00e9s dans les centres de tri belges qui auraient d\u00fb partir pour l&#8217;Afrique.<\/p>\n<p dir=\"ltr\" data-mce-style=\"line-height: 1.38; background-color: #ffffff; margin-top: 0pt; margin-bottom: 0pt; padding: 0pt 0pt 12pt;\" style=\"line-height: 1.38; margin-top: 0pt; margin-bottom: 0pt; padding: 0pt 0pt 12pt;\"><span data-mce-style=\"font-size: 12pt; font-family: Georgia; color: #333333; background-color: transparent; font-weight: 400; font-style: normal; font-variant-ligatures: normal; font-variant-caps: normal; font-variant-east-asian: normal; font-variant-position: normal; text-decoration: none; vertical-align: baseline; white-space: pre-wrap;\" style=\"font-size: 12pt; font-family: Georgia; font-variant-east-asian: normal; vertical-align: baseline; white-space: pre-wrap;\">40% coton du Burkina-Faso (chaine), 60% de fibres m\u00e9lang\u00e9es (trame)<\/span><\/p>\n<p dir=\"ltr\" data-mce-style=\"line-height: 1.38; background-color: #ffffff; margin-top: 0pt; margin-bottom: 12pt;\" style=\"line-height: 1.38; margin-top: 0pt; margin-bottom: 12pt;\"><span data-mce-style=\"font-size: 12pt; font-family: Georgia; color: #333333; background-color: transparent; font-weight: 400; font-style: normal; font-variant-ligatures: normal; font-variant-caps: normal; font-variant-east-asian: normal; font-variant-position: normal; text-decoration: none; vertical-align: baseline; white-space: pre-wrap;\" style=\"font-size: 12pt; font-family: Georgia; font-variant-east-asian: normal; vertical-align: baseline; white-space: pre-wrap;\">180 x 200 cm<\/span><\/p>\n<p dir=\"ltr\">Autres couleurs et tailles disponibles sur demande avec un d\u00e9lai de production de 6 semaines.<\/p>\n","protected":false},"excerpt":{"rendered":"<p dir=\"ltr\" data-mce-style=\"line-height: 1.38; background-color: #ffffff; margin-top: 12pt; margin-bottom: 0pt; padding: 0pt 0pt 12pt;\" style=\"line-height: 1.38; margin-top: 12pt; margin-bottom: 0pt; padding: 0pt 0pt 12pt;\"><span data-mce-style=\"font-size: 12pt; font-family: Georgia; color: #333333; background-color: transparent; font-weight: 400; font-style: italic; font-variant-ligatures: normal; font-variant-caps: normal; font-variant-east-asian: normal; font-variant-position: normal; text-decoration: none; vertical-align: baseline; white-space: pre-wrap;\" style=\"font-size: 12pt; font-family: Georgia; font-style: italic; font-variant-ligatures: normal; font-variant-east-asian: normal; font-variant-position: normal; vertical-align: baseline; white-space: pre-wrap;\">KU DO AZ\u00d2, &#8220;bon travail&#8221; en Fon, est une collection d\u00e9velopp\u00e9e par Estelle Chatelin et Georges Ahokpe. Elle r\u00e9sulte de leur \u00e9changes \u00e0 propos des mati\u00e8res premi\u00e8res, de leur circulation, des usages et des pratiques textiles en Belgique et au B\u00e9nin.\u00a0<\/span><\/p>\n<p dir=\"ltr\" data-mce-style=\"line-height: 1.38; background-color: #ffffff; margin-top: 0pt; margin-bottom: 0pt; padding: 0pt 0pt 12pt;\" style=\"line-height: 1.38; margin-top: 0pt; margin-bottom: 0pt; padding: 0pt 0pt 12pt;\"><span data-mce-style=\"font-size: 12pt; font-family: Georgia; color: #333333; background-color: transparent; font-weight: 400; font-style: italic; font-variant-ligatures: normal; font-variant-caps: normal; font-variant-east-asian: normal; font-variant-position: normal; text-decoration: none; vertical-align: baseline; white-space: pre-wrap;\" style=\"font-size: 12pt; font-family: Georgia; font-style: italic; font-variant-ligatures: normal; font-variant-east-asian: normal; font-variant-position: normal; vertical-align: baseline; white-space: pre-wrap;\">D&#8217;\u00e9normes quantit\u00e9s de pulls-over de seconde-main export\u00e9s d&#8217;Occident se retrouvent sur le march\u00e9 de Cotonou. Le trio a choisi de revaloriser ces v\u00eatements de laine et autres fibres mixtes qui sont inutilis\u00e9s au B\u00e9nin, en cr\u00e9ant des objets \u00e0 destination de l&#8217;Europe. Car l&#8217;une des grandes probl\u00e9matiques est que l&#8217;importation de friperies \u00e0 bas co\u00fbt sur le territoire remplace peu \u00e0 peu le travail des artisans tisserands.\u00a0<\/span><\/p>\n<p dir=\"ltr\"><\/p>\n","protected":false},"featured_media":37897,"template":"","meta":[],"product_cat":[3121,527,2867],"product_tag":[139,823],"yoast_head":"<!-- This site is optimized with the Yoast SEO plugin v19.1 - https:\/\/yoast.com\/wordpress\/plugins\/seo\/ -->\n<title>KU DO AZ\u00d2 \u2013 Jet\u00e9 rose\/orange | E-shop artistes belges<\/title>\n<meta name=\"description\" content=\"Acheter un produit comme KU DO AZ\u00d2 \u2013 Jet\u00e9 rose\/orange? Laissez vous surprendre par nos artistes belges sp\u00e9cialis\u00e9s en produits artisanaux!\" \/>\n<meta name=\"robots\" content=\"index, follow, max-snippet:-1, max-image-preview:large, max-video-preview:-1\" \/>\n<link rel=\"canonical\" href=\"https:\/\/nationalstore.be\/fr\/produit\/ku-do-azo-jete-rose-orange\" \/>\n<meta property=\"og:locale\" content=\"fr_FR\" \/>\n<meta property=\"og:type\" content=\"article\" \/>\n<meta property=\"og:title\" content=\"KU DO AZ\u00d2 \u2013 Jet\u00e9 rose\/orange | E-shop artistes belges\" \/>\n<meta property=\"og:description\" content=\"Acheter un produit comme KU DO AZ\u00d2 \u2013 Jet\u00e9 rose\/orange? Laissez vous surprendre par nos artistes belges sp\u00e9cialis\u00e9s en produits artisanaux!\" \/>\n<meta property=\"og:url\" content=\"https:\/\/nationalstore.be\/fr\/produit\/ku-do-azo-jete-rose-orange\" \/>\n<meta property=\"og:site_name\" content=\"NATIONA(A)L ARTIST SUPERMARKET\" \/>\n<meta property=\"article:publisher\" content=\"https:\/\/www.facebook.com\/nationalstore\/?ref=br_rs\" \/>\n<meta property=\"article:modified_time\" content=\"2023-02-15T10:07:36+00:00\" \/>\n<meta property=\"og:image\" content=\"https:\/\/nationalstore.be\/wp-content\/uploads\/2022\/07\/CDT_LOWRES-3.jpg\" \/>\n\t<meta property=\"og:image:width\" content=\"1668\" \/>\n\t<meta property=\"og:image:height\" content=\"2500\" \/>\n\t<meta property=\"og:image:type\" content=\"image\/jpeg\" \/>\n<meta name=\"twitter:card\" content=\"summary_large_image\" \/>\n<meta name=\"twitter:site\" content=\"@Nationalstore\" \/>\n<meta name=\"twitter:label1\" content=\"Dur\u00e9e de lecture estim\u00e9e\" \/>\n\t<meta name=\"twitter:data1\" content=\"1 minute\" \/>\n<script type=\"application\/ld+json\" class=\"yoast-schema-graph\">{\"@context\":\"https:\/\/schema.org\",\"@graph\":[{\"@type\":\"Organization\",\"@id\":\"https:\/\/nationalstore.be\/fr#organization\",\"name\":\"NATIONA(A)L ARTIST MARKET\",\"url\":\"https:\/\/nationalstore.be\/fr\",\"sameAs\":[\"https:\/\/www.instagram.com\/nationalstore\/\",\"https:\/\/www.facebook.com\/nationalstore\/?ref=br_rs\",\"https:\/\/twitter.com\/Nationalstore\"],\"logo\":{\"@type\":\"ImageObject\",\"inLanguage\":\"fr-FR\",\"@id\":\"https:\/\/nationalstore.be\/fr#\/schema\/logo\/image\/\",\"url\":\"https:\/\/nationalstore.be\/wp-content\/uploads\/2024\/03\/nationaal-logo_mauve-cmjn.png\",\"contentUrl\":\"https:\/\/nationalstore.be\/wp-content\/uploads\/2024\/03\/nationaal-logo_mauve-cmjn.png\",\"width\":3475,\"height\":1352,\"caption\":\"NATIONA(A)L ARTIST MARKET\"},\"image\":{\"@id\":\"https:\/\/nationalstore.be\/fr#\/schema\/logo\/image\/\"}},{\"@type\":\"WebSite\",\"@id\":\"https:\/\/nationalstore.be\/fr#website\",\"url\":\"https:\/\/nationalstore.be\/fr\",\"name\":\"NATIONA(A)L ARTIST SUPERMARKET\",\"description\":\"\",\"publisher\":{\"@id\":\"https:\/\/nationalstore.be\/fr#organization\"},\"potentialAction\":[{\"@type\":\"SearchAction\",\"target\":{\"@type\":\"EntryPoint\",\"urlTemplate\":\"https:\/\/nationalstore.be\/fr?s={search_term_string}\"},\"query-input\":\"required name=search_term_string\"}],\"inLanguage\":\"fr-FR\"},{\"@type\":\"ImageObject\",\"inLanguage\":\"fr-FR\",\"@id\":\"https:\/\/nationalstore.be\/fr\/produit\/ku-do-azo-jete-rose-orange#primaryimage\",\"url\":\"https:\/\/nationalstore.be\/wp-content\/uploads\/2022\/07\/CDT_LOWRES-3.jpg\",\"contentUrl\":\"https:\/\/nationalstore.be\/wp-content\/uploads\/2022\/07\/CDT_LOWRES-3.jpg\",\"width\":1668,\"height\":2500},{\"@type\":[\"WebPage\",\"ItemPage\"],\"@id\":\"https:\/\/nationalstore.be\/fr\/produit\/ku-do-azo-jete-rose-orange#webpage\",\"url\":\"https:\/\/nationalstore.be\/fr\/produit\/ku-do-azo-jete-rose-orange\",\"name\":\"KU DO AZ\u00d2 \u2013 Jet\u00e9 rose\/orange | E-shop artistes belges\",\"isPartOf\":{\"@id\":\"https:\/\/nationalstore.be\/fr#website\"},\"primaryImageOfPage\":{\"@id\":\"https:\/\/nationalstore.be\/fr\/produit\/ku-do-azo-jete-rose-orange#primaryimage\"},\"datePublished\":\"2022-08-11T13:27:30+00:00\",\"dateModified\":\"2023-02-15T10:07:36+00:00\",\"description\":\"Acheter un produit comme KU DO AZ\u00d2 \u2013 Jet\u00e9 rose\/orange? Laissez vous surprendre par nos artistes belges sp\u00e9cialis\u00e9s en produits artisanaux!\",\"breadcrumb\":{\"@id\":\"https:\/\/nationalstore.be\/fr\/produit\/ku-do-azo-jete-rose-orange#breadcrumb\"},\"inLanguage\":\"fr-FR\",\"potentialAction\":[{\"@type\":\"ReadAction\",\"target\":[\"https:\/\/nationalstore.be\/fr\/produit\/ku-do-azo-jete-rose-orange\"]}]},{\"@type\":\"BreadcrumbList\",\"@id\":\"https:\/\/nationalstore.be\/fr\/produit\/ku-do-azo-jete-rose-orange#breadcrumb\",\"itemListElement\":[{\"@type\":\"ListItem\",\"position\":1,\"name\":\"Home\",\"item\":\"https:\/\/nationalstore.be\/fr\"},{\"@type\":\"ListItem\",\"position\":2,\"name\":\"Produits\",\"item\":\"https:\/\/nationalstore.be\/fr\/shop\"},{\"@type\":\"ListItem\",\"position\":3,\"name\":\"Subcategories\",\"item\":\"https:\/\/nationalstore.be\/fr\/pc\/subcategories-fr\"},{\"@type\":\"ListItem\",\"position\":4,\"name\":\"CDM x NATIONA(A)L: Un nouveau language partag\u00e9\",\"item\":\"https:\/\/nationalstore.be\/fr\/pc\/subcategories-fr\/cdm-x-nationaal-un-nouveau-language-partage\"},{\"@type\":\"ListItem\",\"position\":5,\"name\":\"KU DO AZ\u00d2 \u2013 Jet\u00e9 rose\/orange\"}]}]}<\/script>\n<!-- \/ Yoast SEO plugin. -->","yoast_head_json":{"title":"KU DO AZ\u00d2 \u2013 Jet\u00e9 rose\/orange | E-shop artistes belges","description":"Acheter un produit comme KU DO AZ\u00d2 \u2013 Jet\u00e9 rose\/orange? Laissez vous surprendre par nos artistes belges sp\u00e9cialis\u00e9s en produits artisanaux!","robots":{"index":"index","follow":"follow","max-snippet":"max-snippet:-1","max-image-preview":"max-image-preview:large","max-video-preview":"max-video-preview:-1"},"canonical":"https:\/\/nationalstore.be\/fr\/produit\/ku-do-azo-jete-rose-orange","og_locale":"fr_FR","og_type":"article","og_title":"KU DO AZ\u00d2 \u2013 Jet\u00e9 rose\/orange | E-shop artistes belges","og_description":"Acheter un produit comme KU DO AZ\u00d2 \u2013 Jet\u00e9 rose\/orange? Laissez vous surprendre par nos artistes belges sp\u00e9cialis\u00e9s en produits artisanaux!","og_url":"https:\/\/nationalstore.be\/fr\/produit\/ku-do-azo-jete-rose-orange","og_site_name":"NATIONA(A)L ARTIST SUPERMARKET","article_publisher":"https:\/\/www.facebook.com\/nationalstore\/?ref=br_rs","article_modified_time":"2023-02-15T10:07:36+00:00","og_image":[{"width":1668,"height":2500,"url":"https:\/\/nationalstore.be\/wp-content\/uploads\/2022\/07\/CDT_LOWRES-3.jpg","type":"image\/jpeg"}],"twitter_card":"summary_large_image","twitter_site":"@Nationalstore","twitter_misc":{"Dur\u00e9e de lecture estim\u00e9e":"1 minute"},"schema":{"@context":"https:\/\/schema.org","@graph":[{"@type":"Organization","@id":"https:\/\/nationalstore.be\/fr#organization","name":"NATIONA(A)L ARTIST MARKET","url":"https:\/\/nationalstore.be\/fr","sameAs":["https:\/\/www.instagram.com\/nationalstore\/","https:\/\/www.facebook.com\/nationalstore\/?ref=br_rs","https:\/\/twitter.com\/Nationalstore"],"logo":{"@type":"ImageObject","inLanguage":"fr-FR","@id":"https:\/\/nationalstore.be\/fr#\/schema\/logo\/image\/","url":"https:\/\/nationalstore.be\/wp-content\/uploads\/2024\/03\/nationaal-logo_mauve-cmjn.png","contentUrl":"https:\/\/nationalstore.be\/wp-content\/uploads\/2024\/03\/nationaal-logo_mauve-cmjn.png","width":3475,"height":1352,"caption":"NATIONA(A)L ARTIST MARKET"},"image":{"@id":"https:\/\/nationalstore.be\/fr#\/schema\/logo\/image\/"}},{"@type":"WebSite","@id":"https:\/\/nationalstore.be\/fr#website","url":"https:\/\/nationalstore.be\/fr","name":"NATIONA(A)L ARTIST SUPERMARKET","description":"","publisher":{"@id":"https:\/\/nationalstore.be\/fr#organization"},"potentialAction":[{"@type":"SearchAction","target":{"@type":"EntryPoint","urlTemplate":"https:\/\/nationalstore.be\/fr?s={search_term_string}"},"query-input":"required name=search_term_string"}],"inLanguage":"fr-FR"},{"@type":"ImageObject","inLanguage":"fr-FR","@id":"https:\/\/nationalstore.be\/fr\/produit\/ku-do-azo-jete-rose-orange#primaryimage","url":"https:\/\/nationalstore.be\/wp-content\/uploads\/2022\/07\/CDT_LOWRES-3.jpg","contentUrl":"https:\/\/nationalstore.be\/wp-content\/uploads\/2022\/07\/CDT_LOWRES-3.jpg","width":1668,"height":2500},{"@type":["WebPage","ItemPage"],"@id":"https:\/\/nationalstore.be\/fr\/produit\/ku-do-azo-jete-rose-orange#webpage","url":"https:\/\/nationalstore.be\/fr\/produit\/ku-do-azo-jete-rose-orange","name":"KU DO AZ\u00d2 \u2013 Jet\u00e9 rose\/orange | E-shop artistes belges","isPartOf":{"@id":"https:\/\/nationalstore.be\/fr#website"},"primaryImageOfPage":{"@id":"https:\/\/nationalstore.be\/fr\/produit\/ku-do-azo-jete-rose-orange#primaryimage"},"datePublished":"2022-08-11T13:27:30+00:00","dateModified":"2023-02-15T10:07:36+00:00","description":"Acheter un produit comme KU DO AZ\u00d2 \u2013 Jet\u00e9 rose\/orange? Laissez vous surprendre par nos artistes belges sp\u00e9cialis\u00e9s en produits artisanaux!","breadcrumb":{"@id":"https:\/\/nationalstore.be\/fr\/produit\/ku-do-azo-jete-rose-orange#breadcrumb"},"inLanguage":"fr-FR","potentialAction":[{"@type":"ReadAction","target":["https:\/\/nationalstore.be\/fr\/produit\/ku-do-azo-jete-rose-orange"]}]},{"@type":"BreadcrumbList","@id":"https:\/\/nationalstore.be\/fr\/produit\/ku-do-azo-jete-rose-orange#breadcrumb","itemListElement":[{"@type":"ListItem","position":1,"name":"Home","item":"https:\/\/nationalstore.be\/fr"},{"@type":"ListItem","position":2,"name":"Produits","item":"https:\/\/nationalstore.be\/fr\/shop"},{"@type":"ListItem","position":3,"name":"Subcategories","item":"https:\/\/nationalstore.be\/fr\/pc\/subcategories-fr"},{"@type":"ListItem","position":4,"name":"CDM x NATIONA(A)L: Un nouveau language partag\u00e9","item":"https:\/\/nationalstore.be\/fr\/pc\/subcategories-fr\/cdm-x-nationaal-un-nouveau-language-partage"},{"@type":"ListItem","position":5,"name":"KU DO AZ\u00d2 \u2013 Jet\u00e9 rose\/orange"}]}]}},"_links":{"self":[{"href":"https:\/\/nationalstore.be\/fr\/wp-json\/wp\/v2\/product\/39038"}],"collection":[{"href":"https:\/\/nationalstore.be\/fr\/wp-json\/wp\/v2\/product"}],"about":[{"href":"https:\/\/nationalstore.be\/fr\/wp-json\/wp\/v2\/types\/product"}],"wp:featuredmedia":[{"embeddable":true,"href":"https:\/\/nationalstore.be\/fr\/wp-json\/wp\/v2\/media\/37897"}],"wp:attachment":[{"href":"https:\/\/nationalstore.be\/fr\/wp-json\/wp\/v2\/media?parent=39038"}],"wp:term":[{"taxonomy":"product_cat","embeddable":true,"href":"https:\/\/nationalstore.be\/fr\/wp-json\/wp\/v2\/product_cat?post=39038"},{"taxonomy":"product_tag","embeddable":true,"href":"https:\/\/nationalstore.be\/fr\/wp-json\/wp\/v2\/product_tag?post=39038"}],"curies":[{"name":"wp","href":"https:\/\/api.w.org\/{rel}","templated":true}]}}