{"id":38682,"date":"2022-08-11T16:05:06","date_gmt":"2022-07-29T14:35:16","guid":{"rendered":"https:\/\/nationalstore.be\/?post_type=product&#038;p=38682"},"modified":"2023-02-15T11:07:43","modified_gmt":"2023-02-15T10:07:43","slug":"ku-do-azo-jete-vert-crimson","status":"publish","type":"product","link":"https:\/\/nationalstore.be\/fr\/produit\/ku-do-azo-jete-vert-crimson","title":{"rendered":"KU DO AZ\u00d2 &#8211; Jet\u00e9 vert\/crimson"},"content":{"rendered":"<p>Chaque pi\u00e8ce est un nuancier cr\u00e9\u00e9 \u00e0 partir d&#8217;une s\u00e9lection m\u00e9ticuleuse de pulls tricot\u00e9s.\u00a0R\u00e9alis\u00e9 \u00e0 partir d&#8217;une longue pi\u00e8ce tiss\u00e9e sur le m\u00e9tier \u00e0 tisser b\u00e9ninois, ce plaid est compos\u00e9 de 5 bandes de tissu assembl\u00e9es \u00e0 la main.<\/p>\n<p>Les s\u00e9quences et le rythme des couleurs jouent avec les raccords et les d\u00e9calages graphiques dans\u00a0l&#8217;assemblage et cr\u00e9ent un tissu vibrant pour un usage polyvalent.<\/p>\n<p>Cette pi\u00e8ce est l&#8217;une des premi\u00e8res que nous avons r\u00e9alis\u00e9es, elle a \u00e9t\u00e9 produite au B\u00e9nin \u00e0 Abomey.<\/p>\n<p>40% coton du Burkina-Faso (chaine),\u00a060% de fibres m\u00e9lang\u00e9es (trame)<\/p>\n<p>140 x 200 cm<\/p>\n","protected":false},"excerpt":{"rendered":"<p><em>KU DO AZ\u00d2, &#8220;bon travail&#8221; en Fon, est une collection d\u00e9velopp\u00e9e par Estelle Chatelin et Georges Ahokpe. Elle r\u00e9sulte de leur \u00e9changes \u00e0 propos des mati\u00e8res premi\u00e8res, de leur circulation, des usages et des pratiques textiles en Belgique et au B\u00e9nin.\u00a0<\/em><\/p>\n<p><em>De grandes quantit\u00e9s de pulls-over de seconde-main export\u00e9s d&#8217;Occident se retrouvent sur le march\u00e9 de Cotonou. Le trio a choisi de revaloriser ces v\u00eatements de laine et autres fibres mixtes qui sont inutilis\u00e9s au B\u00e9nin, en cr\u00e9ant des objets \u00e0 destination de l&#8217;Europe. Car l&#8217;une des grandes probl\u00e9matiques est que l&#8217;importation de friperies \u00e0 bas co\u00fbt sur le territoire remplace peu \u00e0 peu le travail des artisans tisserands.\u00a0<\/em><\/p>\n<p><\/p>\n","protected":false},"featured_media":37844,"template":"","meta":[],"product_cat":[3121,527,2867],"product_tag":[1304,1936,139,823],"yoast_head":"<!-- This site is optimized with the Yoast SEO plugin v19.1 - https:\/\/yoast.com\/wordpress\/plugins\/seo\/ -->\n<title>KU DO AZ\u00d2 - Jet\u00e9 vert\/crimson | E-shop artistes belges<\/title>\n<meta name=\"description\" content=\"Acheter un produit comme KU DO AZ\u00d2 - Jet\u00e9 vert\/crimson? Laissez vous surprendre par nos artistes belges sp\u00e9cialis\u00e9s en produits artisanaux!\" \/>\n<meta name=\"robots\" content=\"index, follow, max-snippet:-1, max-image-preview:large, max-video-preview:-1\" \/>\n<link rel=\"canonical\" href=\"https:\/\/nationalstore.be\/fr\/produit\/ku-do-azo-jete-vert-crimson\" \/>\n<meta property=\"og:locale\" content=\"fr_FR\" \/>\n<meta property=\"og:type\" content=\"article\" \/>\n<meta property=\"og:title\" content=\"KU DO AZ\u00d2 - Jet\u00e9 vert\/crimson | E-shop artistes belges\" \/>\n<meta property=\"og:description\" content=\"Acheter un produit comme KU DO AZ\u00d2 - Jet\u00e9 vert\/crimson? Laissez vous surprendre par nos artistes belges sp\u00e9cialis\u00e9s en produits artisanaux!\" \/>\n<meta property=\"og:url\" content=\"https:\/\/nationalstore.be\/fr\/produit\/ku-do-azo-jete-vert-crimson\" \/>\n<meta property=\"og:site_name\" content=\"NATIONA(A)L ARTIST SUPERMARKET\" \/>\n<meta property=\"article:publisher\" content=\"https:\/\/www.facebook.com\/nationalstore\/?ref=br_rs\" \/>\n<meta property=\"article:modified_time\" content=\"2023-02-15T10:07:43+00:00\" \/>\n<meta property=\"og:image\" content=\"https:\/\/nationalstore.be\/wp-content\/uploads\/2022\/07\/CDT_LOWRES-7.jpg\" \/>\n\t<meta property=\"og:image:width\" content=\"1668\" \/>\n\t<meta property=\"og:image:height\" content=\"2500\" \/>\n\t<meta property=\"og:image:type\" content=\"image\/jpeg\" \/>\n<meta name=\"twitter:card\" content=\"summary_large_image\" \/>\n<meta name=\"twitter:site\" content=\"@Nationalstore\" \/>\n<meta name=\"twitter:label1\" content=\"Dur\u00e9e de lecture estim\u00e9e\" \/>\n\t<meta name=\"twitter:data1\" content=\"1 minute\" \/>\n<script type=\"application\/ld+json\" class=\"yoast-schema-graph\">{\"@context\":\"https:\/\/schema.org\",\"@graph\":[{\"@type\":\"Organization\",\"@id\":\"https:\/\/nationalstore.be\/fr#organization\",\"name\":\"NATIONA(A)L ARTIST MARKET\",\"url\":\"https:\/\/nationalstore.be\/fr\",\"sameAs\":[\"https:\/\/www.instagram.com\/nationalstore\/\",\"https:\/\/www.facebook.com\/nationalstore\/?ref=br_rs\",\"https:\/\/twitter.com\/Nationalstore\"],\"logo\":{\"@type\":\"ImageObject\",\"inLanguage\":\"fr-FR\",\"@id\":\"https:\/\/nationalstore.be\/fr#\/schema\/logo\/image\/\",\"url\":\"https:\/\/nationalstore.be\/wp-content\/uploads\/2024\/03\/nationaal-logo_mauve-cmjn.png\",\"contentUrl\":\"https:\/\/nationalstore.be\/wp-content\/uploads\/2024\/03\/nationaal-logo_mauve-cmjn.png\",\"width\":3475,\"height\":1352,\"caption\":\"NATIONA(A)L ARTIST MARKET\"},\"image\":{\"@id\":\"https:\/\/nationalstore.be\/fr#\/schema\/logo\/image\/\"}},{\"@type\":\"WebSite\",\"@id\":\"https:\/\/nationalstore.be\/fr#website\",\"url\":\"https:\/\/nationalstore.be\/fr\",\"name\":\"NATIONA(A)L ARTIST SUPERMARKET\",\"description\":\"\",\"publisher\":{\"@id\":\"https:\/\/nationalstore.be\/fr#organization\"},\"potentialAction\":[{\"@type\":\"SearchAction\",\"target\":{\"@type\":\"EntryPoint\",\"urlTemplate\":\"https:\/\/nationalstore.be\/fr?s={search_term_string}\"},\"query-input\":\"required name=search_term_string\"}],\"inLanguage\":\"fr-FR\"},{\"@type\":\"ImageObject\",\"inLanguage\":\"fr-FR\",\"@id\":\"https:\/\/nationalstore.be\/fr\/produit\/ku-do-azo-jete-vert-crimson#primaryimage\",\"url\":\"https:\/\/nationalstore.be\/wp-content\/uploads\/2022\/07\/CDT_LOWRES-7.jpg\",\"contentUrl\":\"https:\/\/nationalstore.be\/wp-content\/uploads\/2022\/07\/CDT_LOWRES-7.jpg\",\"width\":1668,\"height\":2500},{\"@type\":[\"WebPage\",\"ItemPage\"],\"@id\":\"https:\/\/nationalstore.be\/fr\/produit\/ku-do-azo-jete-vert-crimson#webpage\",\"url\":\"https:\/\/nationalstore.be\/fr\/produit\/ku-do-azo-jete-vert-crimson\",\"name\":\"KU DO AZ\u00d2 - Jet\u00e9 vert\/crimson | E-shop artistes belges\",\"isPartOf\":{\"@id\":\"https:\/\/nationalstore.be\/fr#website\"},\"primaryImageOfPage\":{\"@id\":\"https:\/\/nationalstore.be\/fr\/produit\/ku-do-azo-jete-vert-crimson#primaryimage\"},\"datePublished\":\"2022-07-29T14:35:16+00:00\",\"dateModified\":\"2023-02-15T10:07:43+00:00\",\"description\":\"Acheter un produit comme KU DO AZ\u00d2 - Jet\u00e9 vert\/crimson? Laissez vous surprendre par nos artistes belges sp\u00e9cialis\u00e9s en produits artisanaux!\",\"breadcrumb\":{\"@id\":\"https:\/\/nationalstore.be\/fr\/produit\/ku-do-azo-jete-vert-crimson#breadcrumb\"},\"inLanguage\":\"fr-FR\",\"potentialAction\":[{\"@type\":\"ReadAction\",\"target\":[\"https:\/\/nationalstore.be\/fr\/produit\/ku-do-azo-jete-vert-crimson\"]}]},{\"@type\":\"BreadcrumbList\",\"@id\":\"https:\/\/nationalstore.be\/fr\/produit\/ku-do-azo-jete-vert-crimson#breadcrumb\",\"itemListElement\":[{\"@type\":\"ListItem\",\"position\":1,\"name\":\"Home\",\"item\":\"https:\/\/nationalstore.be\/fr\"},{\"@type\":\"ListItem\",\"position\":2,\"name\":\"Produits\",\"item\":\"https:\/\/nationalstore.be\/fr\/shop\"},{\"@type\":\"ListItem\",\"position\":3,\"name\":\"Subcategories\",\"item\":\"https:\/\/nationalstore.be\/fr\/pc\/subcategories-fr\"},{\"@type\":\"ListItem\",\"position\":4,\"name\":\"CDM x NATIONA(A)L: Un nouveau language partag\u00e9\",\"item\":\"https:\/\/nationalstore.be\/fr\/pc\/subcategories-fr\/cdm-x-nationaal-un-nouveau-language-partage\"},{\"@type\":\"ListItem\",\"position\":5,\"name\":\"KU DO AZ\u00d2 &#8211; Jet\u00e9 vert\/crimson\"}]}]}<\/script>\n<!-- \/ Yoast SEO plugin. -->","yoast_head_json":{"title":"KU DO AZ\u00d2 - Jet\u00e9 vert\/crimson | E-shop artistes belges","description":"Acheter un produit comme KU DO AZ\u00d2 - Jet\u00e9 vert\/crimson? Laissez vous surprendre par nos artistes belges sp\u00e9cialis\u00e9s en produits artisanaux!","robots":{"index":"index","follow":"follow","max-snippet":"max-snippet:-1","max-image-preview":"max-image-preview:large","max-video-preview":"max-video-preview:-1"},"canonical":"https:\/\/nationalstore.be\/fr\/produit\/ku-do-azo-jete-vert-crimson","og_locale":"fr_FR","og_type":"article","og_title":"KU DO AZ\u00d2 - Jet\u00e9 vert\/crimson | E-shop artistes belges","og_description":"Acheter un produit comme KU DO AZ\u00d2 - Jet\u00e9 vert\/crimson? Laissez vous surprendre par nos artistes belges sp\u00e9cialis\u00e9s en produits artisanaux!","og_url":"https:\/\/nationalstore.be\/fr\/produit\/ku-do-azo-jete-vert-crimson","og_site_name":"NATIONA(A)L ARTIST SUPERMARKET","article_publisher":"https:\/\/www.facebook.com\/nationalstore\/?ref=br_rs","article_modified_time":"2023-02-15T10:07:43+00:00","og_image":[{"width":1668,"height":2500,"url":"https:\/\/nationalstore.be\/wp-content\/uploads\/2022\/07\/CDT_LOWRES-7.jpg","type":"image\/jpeg"}],"twitter_card":"summary_large_image","twitter_site":"@Nationalstore","twitter_misc":{"Dur\u00e9e de lecture estim\u00e9e":"1 minute"},"schema":{"@context":"https:\/\/schema.org","@graph":[{"@type":"Organization","@id":"https:\/\/nationalstore.be\/fr#organization","name":"NATIONA(A)L ARTIST MARKET","url":"https:\/\/nationalstore.be\/fr","sameAs":["https:\/\/www.instagram.com\/nationalstore\/","https:\/\/www.facebook.com\/nationalstore\/?ref=br_rs","https:\/\/twitter.com\/Nationalstore"],"logo":{"@type":"ImageObject","inLanguage":"fr-FR","@id":"https:\/\/nationalstore.be\/fr#\/schema\/logo\/image\/","url":"https:\/\/nationalstore.be\/wp-content\/uploads\/2024\/03\/nationaal-logo_mauve-cmjn.png","contentUrl":"https:\/\/nationalstore.be\/wp-content\/uploads\/2024\/03\/nationaal-logo_mauve-cmjn.png","width":3475,"height":1352,"caption":"NATIONA(A)L ARTIST MARKET"},"image":{"@id":"https:\/\/nationalstore.be\/fr#\/schema\/logo\/image\/"}},{"@type":"WebSite","@id":"https:\/\/nationalstore.be\/fr#website","url":"https:\/\/nationalstore.be\/fr","name":"NATIONA(A)L ARTIST SUPERMARKET","description":"","publisher":{"@id":"https:\/\/nationalstore.be\/fr#organization"},"potentialAction":[{"@type":"SearchAction","target":{"@type":"EntryPoint","urlTemplate":"https:\/\/nationalstore.be\/fr?s={search_term_string}"},"query-input":"required name=search_term_string"}],"inLanguage":"fr-FR"},{"@type":"ImageObject","inLanguage":"fr-FR","@id":"https:\/\/nationalstore.be\/fr\/produit\/ku-do-azo-jete-vert-crimson#primaryimage","url":"https:\/\/nationalstore.be\/wp-content\/uploads\/2022\/07\/CDT_LOWRES-7.jpg","contentUrl":"https:\/\/nationalstore.be\/wp-content\/uploads\/2022\/07\/CDT_LOWRES-7.jpg","width":1668,"height":2500},{"@type":["WebPage","ItemPage"],"@id":"https:\/\/nationalstore.be\/fr\/produit\/ku-do-azo-jete-vert-crimson#webpage","url":"https:\/\/nationalstore.be\/fr\/produit\/ku-do-azo-jete-vert-crimson","name":"KU DO AZ\u00d2 - Jet\u00e9 vert\/crimson | E-shop artistes belges","isPartOf":{"@id":"https:\/\/nationalstore.be\/fr#website"},"primaryImageOfPage":{"@id":"https:\/\/nationalstore.be\/fr\/produit\/ku-do-azo-jete-vert-crimson#primaryimage"},"datePublished":"2022-07-29T14:35:16+00:00","dateModified":"2023-02-15T10:07:43+00:00","description":"Acheter un produit comme KU DO AZ\u00d2 - Jet\u00e9 vert\/crimson? Laissez vous surprendre par nos artistes belges sp\u00e9cialis\u00e9s en produits artisanaux!","breadcrumb":{"@id":"https:\/\/nationalstore.be\/fr\/produit\/ku-do-azo-jete-vert-crimson#breadcrumb"},"inLanguage":"fr-FR","potentialAction":[{"@type":"ReadAction","target":["https:\/\/nationalstore.be\/fr\/produit\/ku-do-azo-jete-vert-crimson"]}]},{"@type":"BreadcrumbList","@id":"https:\/\/nationalstore.be\/fr\/produit\/ku-do-azo-jete-vert-crimson#breadcrumb","itemListElement":[{"@type":"ListItem","position":1,"name":"Home","item":"https:\/\/nationalstore.be\/fr"},{"@type":"ListItem","position":2,"name":"Produits","item":"https:\/\/nationalstore.be\/fr\/shop"},{"@type":"ListItem","position":3,"name":"Subcategories","item":"https:\/\/nationalstore.be\/fr\/pc\/subcategories-fr"},{"@type":"ListItem","position":4,"name":"CDM x NATIONA(A)L: Un nouveau language partag\u00e9","item":"https:\/\/nationalstore.be\/fr\/pc\/subcategories-fr\/cdm-x-nationaal-un-nouveau-language-partage"},{"@type":"ListItem","position":5,"name":"KU DO AZ\u00d2 &#8211; Jet\u00e9 vert\/crimson"}]}]}},"_links":{"self":[{"href":"https:\/\/nationalstore.be\/fr\/wp-json\/wp\/v2\/product\/38682"}],"collection":[{"href":"https:\/\/nationalstore.be\/fr\/wp-json\/wp\/v2\/product"}],"about":[{"href":"https:\/\/nationalstore.be\/fr\/wp-json\/wp\/v2\/types\/product"}],"wp:featuredmedia":[{"embeddable":true,"href":"https:\/\/nationalstore.be\/fr\/wp-json\/wp\/v2\/media\/37844"}],"wp:attachment":[{"href":"https:\/\/nationalstore.be\/fr\/wp-json\/wp\/v2\/media?parent=38682"}],"wp:term":[{"taxonomy":"product_cat","embeddable":true,"href":"https:\/\/nationalstore.be\/fr\/wp-json\/wp\/v2\/product_cat?post=38682"},{"taxonomy":"product_tag","embeddable":true,"href":"https:\/\/nationalstore.be\/fr\/wp-json\/wp\/v2\/product_tag?post=38682"}],"curies":[{"name":"wp","href":"https:\/\/api.w.org\/{rel}","templated":true}]}}