{"id":37986,"date":"2022-08-11T16:01:44","date_gmt":"2022-08-11T14:01:44","guid":{"rendered":"https:\/\/nationalstore.be\/?post_type=product&#038;p=37986"},"modified":"2024-09-20T14:24:37","modified_gmt":"2024-09-20T12:24:37","slug":"ku-do-azo-indoor-hanging-bed","status":"publish","type":"product","link":"https:\/\/nationalstore.be\/fr\/produit\/ku-do-azo-indoor-hanging-bed","title":{"rendered":"KU DO AZO &#8211; Indoor hanging bed"},"content":{"rendered":"<p>Un peu comme un po\u00e9tique retour \u00e0 l&#8217;envoyeur, cet hamac est un objet de r\u00e9sistance.<\/p>\n<p>Cr\u00e9e \u00e0 partir d&#8217;un assemblage de bandes tiss\u00e9es sur les m\u00e9tiers \u00e0 tisser b\u00e9ninois, chaque hamac est une pi\u00e8ce unique. La chaine est en polyester pour la solidit\u00e9 de l&#8217;objet et la trame est constitu\u00e9e de fils de pulls d\u00e9tricot\u00e9s.<\/p>\n<p>Le tisserand tisse les bandes d&#8217;un hamac en 4 jours.<\/p>\n<p>90 x 310 cm<\/p>\n<p>40% polyester, 60% fibres mix<\/p>\n<p>Livr\u00e9 avec 2 barres d&#8217;acier, cordes et anneaux pour la fixation<\/p>\n<p>D&#8217;autres coloris et dimensions disponibles sur demande avec un d\u00e9lai de fabrication de 6 semaines.<\/p>\n","protected":false},"excerpt":{"rendered":"<p><em>KU DO AZ\u00d2, &#8220;bon travail&#8221; en Fon, est une collection d\u00e9velopp\u00e9e par Estelle Chatelin et Georges Ahokpe. Elle r\u00e9sulte de leur \u00e9changes \u00e0 propos des mati\u00e8res premi\u00e8res, de leur circulation, des usages et des pratiques textiles en Belgique et au B\u00e9nin.\u00a0<\/em><\/p>\n<p><em>D&#8217;\u00e9normes quantit\u00e9s de pulls-over de seconde-main export\u00e9s d&#8217;Occident se retrouvent sur le march\u00e9 de Cotonou. Le trio a choisi de revaloriser ces v\u00eatements de laine et autres fibres mixtes qui sont inutilis\u00e9s au B\u00e9nin, en cr\u00e9ant des objets \u00e0 destination de l&#8217;Europe. L&#8217;une des grandes probl\u00e9matiques est que l&#8217;importation de friperies \u00e0 bas co\u00fbt sur le territoire remplace peu \u00e0 peu le travail des artisans tisserands.\u00a0<\/em><\/p>\n","protected":false},"featured_media":47749,"template":"","meta":[],"product_cat":[3121,527,550,2867,3716],"product_tag":[287],"yoast_head":"<!-- This site is optimized with the Yoast SEO plugin v19.1 - https:\/\/yoast.com\/wordpress\/plugins\/seo\/ -->\n<title>KU DO AZO - Indoor hanging bed | E-shop artistes belges<\/title>\n<meta name=\"description\" content=\"Acheter un produit comme KU DO AZO - Indoor hanging bed? Laissez vous surprendre par nos artistes belges sp\u00e9cialis\u00e9s en produits artisanaux!\" \/>\n<meta name=\"robots\" content=\"index, follow, max-snippet:-1, max-image-preview:large, max-video-preview:-1\" \/>\n<link rel=\"canonical\" href=\"https:\/\/nationalstore.be\/fr\/produit\/ku-do-azo-indoor-hanging-bed\" \/>\n<meta property=\"og:locale\" content=\"fr_FR\" \/>\n<meta property=\"og:type\" content=\"article\" \/>\n<meta property=\"og:title\" content=\"KU DO AZO - Indoor hanging bed | E-shop artistes belges\" \/>\n<meta property=\"og:description\" content=\"Acheter un produit comme KU DO AZO - Indoor hanging bed? Laissez vous surprendre par nos artistes belges sp\u00e9cialis\u00e9s en produits artisanaux!\" \/>\n<meta property=\"og:url\" content=\"https:\/\/nationalstore.be\/fr\/produit\/ku-do-azo-indoor-hanging-bed\" \/>\n<meta property=\"og:site_name\" content=\"NATIONA(A)L ARTIST SUPERMARKET\" \/>\n<meta property=\"article:publisher\" content=\"https:\/\/www.facebook.com\/nationalstore\/?ref=br_rs\" \/>\n<meta property=\"article:modified_time\" content=\"2024-09-20T12:24:37+00:00\" \/>\n<meta property=\"og:image\" content=\"https:\/\/nationalstore.be\/wp-content\/uploads\/2023\/03\/CDT_retouch-2lowres.jpg\" \/>\n\t<meta property=\"og:image:width\" content=\"1663\" \/>\n\t<meta property=\"og:image:height\" content=\"2500\" \/>\n\t<meta property=\"og:image:type\" content=\"image\/jpeg\" \/>\n<meta name=\"twitter:card\" content=\"summary_large_image\" \/>\n<meta name=\"twitter:site\" content=\"@Nationalstore\" \/>\n<meta name=\"twitter:label1\" content=\"Dur\u00e9e de lecture estim\u00e9e\" \/>\n\t<meta name=\"twitter:data1\" content=\"1 minute\" \/>\n<script type=\"application\/ld+json\" class=\"yoast-schema-graph\">{\"@context\":\"https:\/\/schema.org\",\"@graph\":[{\"@type\":\"Organization\",\"@id\":\"https:\/\/nationalstore.be\/fr#organization\",\"name\":\"NATIONA(A)L ARTIST MARKET\",\"url\":\"https:\/\/nationalstore.be\/fr\",\"sameAs\":[\"https:\/\/www.instagram.com\/nationalstore\/\",\"https:\/\/www.facebook.com\/nationalstore\/?ref=br_rs\",\"https:\/\/twitter.com\/Nationalstore\"],\"logo\":{\"@type\":\"ImageObject\",\"inLanguage\":\"fr-FR\",\"@id\":\"https:\/\/nationalstore.be\/fr#\/schema\/logo\/image\/\",\"url\":\"https:\/\/nationalstore.be\/wp-content\/uploads\/2024\/03\/nationaal-logo_mauve-cmjn.png\",\"contentUrl\":\"https:\/\/nationalstore.be\/wp-content\/uploads\/2024\/03\/nationaal-logo_mauve-cmjn.png\",\"width\":3475,\"height\":1352,\"caption\":\"NATIONA(A)L ARTIST MARKET\"},\"image\":{\"@id\":\"https:\/\/nationalstore.be\/fr#\/schema\/logo\/image\/\"}},{\"@type\":\"WebSite\",\"@id\":\"https:\/\/nationalstore.be\/fr#website\",\"url\":\"https:\/\/nationalstore.be\/fr\",\"name\":\"NATIONA(A)L ARTIST SUPERMARKET\",\"description\":\"\",\"publisher\":{\"@id\":\"https:\/\/nationalstore.be\/fr#organization\"},\"potentialAction\":[{\"@type\":\"SearchAction\",\"target\":{\"@type\":\"EntryPoint\",\"urlTemplate\":\"https:\/\/nationalstore.be\/fr?s={search_term_string}\"},\"query-input\":\"required name=search_term_string\"}],\"inLanguage\":\"fr-FR\"},{\"@type\":\"ImageObject\",\"inLanguage\":\"fr-FR\",\"@id\":\"https:\/\/nationalstore.be\/fr\/produit\/ku-do-azo-indoor-hanging-bed#primaryimage\",\"url\":\"https:\/\/nationalstore.be\/wp-content\/uploads\/2023\/03\/CDT_retouch-2lowres.jpg\",\"contentUrl\":\"https:\/\/nationalstore.be\/wp-content\/uploads\/2023\/03\/CDT_retouch-2lowres.jpg\",\"width\":1663,\"height\":2500},{\"@type\":[\"WebPage\",\"ItemPage\"],\"@id\":\"https:\/\/nationalstore.be\/fr\/produit\/ku-do-azo-indoor-hanging-bed#webpage\",\"url\":\"https:\/\/nationalstore.be\/fr\/produit\/ku-do-azo-indoor-hanging-bed\",\"name\":\"KU DO AZO - Indoor hanging bed | E-shop artistes belges\",\"isPartOf\":{\"@id\":\"https:\/\/nationalstore.be\/fr#website\"},\"primaryImageOfPage\":{\"@id\":\"https:\/\/nationalstore.be\/fr\/produit\/ku-do-azo-indoor-hanging-bed#primaryimage\"},\"datePublished\":\"2022-08-11T14:01:44+00:00\",\"dateModified\":\"2024-09-20T12:24:37+00:00\",\"description\":\"Acheter un produit comme KU DO AZO - Indoor hanging bed? Laissez vous surprendre par nos artistes belges sp\u00e9cialis\u00e9s en produits artisanaux!\",\"breadcrumb\":{\"@id\":\"https:\/\/nationalstore.be\/fr\/produit\/ku-do-azo-indoor-hanging-bed#breadcrumb\"},\"inLanguage\":\"fr-FR\",\"potentialAction\":[{\"@type\":\"ReadAction\",\"target\":[\"https:\/\/nationalstore.be\/fr\/produit\/ku-do-azo-indoor-hanging-bed\"]}]},{\"@type\":\"BreadcrumbList\",\"@id\":\"https:\/\/nationalstore.be\/fr\/produit\/ku-do-azo-indoor-hanging-bed#breadcrumb\",\"itemListElement\":[{\"@type\":\"ListItem\",\"position\":1,\"name\":\"Home\",\"item\":\"https:\/\/nationalstore.be\/fr\"},{\"@type\":\"ListItem\",\"position\":2,\"name\":\"Produits\",\"item\":\"https:\/\/nationalstore.be\/fr\/shop\"},{\"@type\":\"ListItem\",\"position\":3,\"name\":\"Design pour la maison\",\"item\":\"https:\/\/nationalstore.be\/fr\/pc\/design-pour-la-maison\"},{\"@type\":\"ListItem\",\"position\":4,\"name\":\"KU DO AZO &#8211; Indoor hanging bed\"}]}]}<\/script>\n<!-- \/ Yoast SEO plugin. -->","yoast_head_json":{"title":"KU DO AZO - Indoor hanging bed | E-shop artistes belges","description":"Acheter un produit comme KU DO AZO - Indoor hanging bed? Laissez vous surprendre par nos artistes belges sp\u00e9cialis\u00e9s en produits artisanaux!","robots":{"index":"index","follow":"follow","max-snippet":"max-snippet:-1","max-image-preview":"max-image-preview:large","max-video-preview":"max-video-preview:-1"},"canonical":"https:\/\/nationalstore.be\/fr\/produit\/ku-do-azo-indoor-hanging-bed","og_locale":"fr_FR","og_type":"article","og_title":"KU DO AZO - Indoor hanging bed | E-shop artistes belges","og_description":"Acheter un produit comme KU DO AZO - Indoor hanging bed? Laissez vous surprendre par nos artistes belges sp\u00e9cialis\u00e9s en produits artisanaux!","og_url":"https:\/\/nationalstore.be\/fr\/produit\/ku-do-azo-indoor-hanging-bed","og_site_name":"NATIONA(A)L ARTIST SUPERMARKET","article_publisher":"https:\/\/www.facebook.com\/nationalstore\/?ref=br_rs","article_modified_time":"2024-09-20T12:24:37+00:00","og_image":[{"width":1663,"height":2500,"url":"https:\/\/nationalstore.be\/wp-content\/uploads\/2023\/03\/CDT_retouch-2lowres.jpg","type":"image\/jpeg"}],"twitter_card":"summary_large_image","twitter_site":"@Nationalstore","twitter_misc":{"Dur\u00e9e de lecture estim\u00e9e":"1 minute"},"schema":{"@context":"https:\/\/schema.org","@graph":[{"@type":"Organization","@id":"https:\/\/nationalstore.be\/fr#organization","name":"NATIONA(A)L ARTIST MARKET","url":"https:\/\/nationalstore.be\/fr","sameAs":["https:\/\/www.instagram.com\/nationalstore\/","https:\/\/www.facebook.com\/nationalstore\/?ref=br_rs","https:\/\/twitter.com\/Nationalstore"],"logo":{"@type":"ImageObject","inLanguage":"fr-FR","@id":"https:\/\/nationalstore.be\/fr#\/schema\/logo\/image\/","url":"https:\/\/nationalstore.be\/wp-content\/uploads\/2024\/03\/nationaal-logo_mauve-cmjn.png","contentUrl":"https:\/\/nationalstore.be\/wp-content\/uploads\/2024\/03\/nationaal-logo_mauve-cmjn.png","width":3475,"height":1352,"caption":"NATIONA(A)L ARTIST MARKET"},"image":{"@id":"https:\/\/nationalstore.be\/fr#\/schema\/logo\/image\/"}},{"@type":"WebSite","@id":"https:\/\/nationalstore.be\/fr#website","url":"https:\/\/nationalstore.be\/fr","name":"NATIONA(A)L ARTIST SUPERMARKET","description":"","publisher":{"@id":"https:\/\/nationalstore.be\/fr#organization"},"potentialAction":[{"@type":"SearchAction","target":{"@type":"EntryPoint","urlTemplate":"https:\/\/nationalstore.be\/fr?s={search_term_string}"},"query-input":"required name=search_term_string"}],"inLanguage":"fr-FR"},{"@type":"ImageObject","inLanguage":"fr-FR","@id":"https:\/\/nationalstore.be\/fr\/produit\/ku-do-azo-indoor-hanging-bed#primaryimage","url":"https:\/\/nationalstore.be\/wp-content\/uploads\/2023\/03\/CDT_retouch-2lowres.jpg","contentUrl":"https:\/\/nationalstore.be\/wp-content\/uploads\/2023\/03\/CDT_retouch-2lowres.jpg","width":1663,"height":2500},{"@type":["WebPage","ItemPage"],"@id":"https:\/\/nationalstore.be\/fr\/produit\/ku-do-azo-indoor-hanging-bed#webpage","url":"https:\/\/nationalstore.be\/fr\/produit\/ku-do-azo-indoor-hanging-bed","name":"KU DO AZO - Indoor hanging bed | E-shop artistes belges","isPartOf":{"@id":"https:\/\/nationalstore.be\/fr#website"},"primaryImageOfPage":{"@id":"https:\/\/nationalstore.be\/fr\/produit\/ku-do-azo-indoor-hanging-bed#primaryimage"},"datePublished":"2022-08-11T14:01:44+00:00","dateModified":"2024-09-20T12:24:37+00:00","description":"Acheter un produit comme KU DO AZO - Indoor hanging bed? Laissez vous surprendre par nos artistes belges sp\u00e9cialis\u00e9s en produits artisanaux!","breadcrumb":{"@id":"https:\/\/nationalstore.be\/fr\/produit\/ku-do-azo-indoor-hanging-bed#breadcrumb"},"inLanguage":"fr-FR","potentialAction":[{"@type":"ReadAction","target":["https:\/\/nationalstore.be\/fr\/produit\/ku-do-azo-indoor-hanging-bed"]}]},{"@type":"BreadcrumbList","@id":"https:\/\/nationalstore.be\/fr\/produit\/ku-do-azo-indoor-hanging-bed#breadcrumb","itemListElement":[{"@type":"ListItem","position":1,"name":"Home","item":"https:\/\/nationalstore.be\/fr"},{"@type":"ListItem","position":2,"name":"Produits","item":"https:\/\/nationalstore.be\/fr\/shop"},{"@type":"ListItem","position":3,"name":"Design pour la maison","item":"https:\/\/nationalstore.be\/fr\/pc\/design-pour-la-maison"},{"@type":"ListItem","position":4,"name":"KU DO AZO &#8211; Indoor hanging bed"}]}]}},"_links":{"self":[{"href":"https:\/\/nationalstore.be\/fr\/wp-json\/wp\/v2\/product\/37986"}],"collection":[{"href":"https:\/\/nationalstore.be\/fr\/wp-json\/wp\/v2\/product"}],"about":[{"href":"https:\/\/nationalstore.be\/fr\/wp-json\/wp\/v2\/types\/product"}],"wp:featuredmedia":[{"embeddable":true,"href":"https:\/\/nationalstore.be\/fr\/wp-json\/wp\/v2\/media\/47749"}],"wp:attachment":[{"href":"https:\/\/nationalstore.be\/fr\/wp-json\/wp\/v2\/media?parent=37986"}],"wp:term":[{"taxonomy":"product_cat","embeddable":true,"href":"https:\/\/nationalstore.be\/fr\/wp-json\/wp\/v2\/product_cat?post=37986"},{"taxonomy":"product_tag","embeddable":true,"href":"https:\/\/nationalstore.be\/fr\/wp-json\/wp\/v2\/product_tag?post=37986"}],"curies":[{"name":"wp","href":"https:\/\/api.w.org\/{rel}","templated":true}]}}