{"id":37405,"date":"2022-07-27T12:55:21","date_gmt":"2022-07-27T10:55:21","guid":{"rendered":"https:\/\/nationalstore.be\/?post_type=product&#038;p=37405"},"modified":"2022-09-29T10:42:07","modified_gmt":"2022-09-29T08:42:07","slug":"ite-maledicti","status":"publish","type":"product","link":"https:\/\/nationalstore.be\/fr\/produit\/ite-maledicti","title":{"rendered":"Ite Maledicti"},"content":{"rendered":"<p>Ce triptyque est inspir\u00e9 d&#8217;une gravure\u00a0du 17\u00e8me &#8211;\u00a0Horeendum Tonitru, qui rassemble plusieurs symboliques de l&#8217;apocalypse. R\u00e9alis\u00e9e pendant le premier confinement cette oeuvre\u00a0questionne de le sentiment de finitude.<\/p>\n<p>Dans la tradition Chr\u00e9tienne et n\u00e9oplatonicienne la Terre est immobile dans le centre de l\u2019univers. La Terre ne tourne plus. Les \u00e9l\u00e9ments primaires se pr\u00e9parent \u00e0 rentrer en collision. A &#038; B Les \u00e9l\u00e9ments primaires du feu et de l\u2019eau. C La r\u00e9gion stellaire. D L\u2019air ou les \u00e9l\u00e9ments rejoignent en Chama\u00efm (ciel en h\u00e9breux) l\u2019esprit ign\u00e9 de l\u2019eau.<\/p>\n<p>*********<\/p>\n<blockquote>\n<p><em>Oeuvre accompagn\u00e9e d\u2019un texte de Jacques Lemaire, prix lockdownart, 2021.<\/em><\/p>\n<p><em>Il y a bien longtemps, une civilisation de premier ordre parsemait la surface, et cultivait le pigment.<\/em><br \/><em>Apr\u00e8s plusieurs \u00e9tudes arch\u00e9ologiques, les par\u00e9idoles ont \u00e9t\u00e9 d\u00e9couverte en fond de vall\u00e9e.<\/em><br \/><em>L\u00e0 o\u00f9 la gravitation est \u00e9gale \u00e0 l\u2019expansion.<\/em><br \/><em>L\u00e0 o\u00f9 les lunes sont des pommes, l\u00e0 o\u00f9 les forces en pr\u00e9sence donnent les traces inqui\u00e9tantes d\u2019un pass\u00e9 ignor\u00e9.<\/em><br \/><em>Un pass\u00e9 sans vices ni cupidit\u00e9.<\/em><br \/><em>Sans drones ni fronti\u00e8res.<\/em><br \/><em>Cette peuplade bien myst\u00e9rieuse avait la particularit\u00e9 de disparaitre dans les plis du vent.<\/em><br \/><em>Le cache-cache \u00e9tait interdit, et seuls les hommes des plaines usaient de replis pour passer des messages, et pr\u00e9venir de l\u2019arriv\u00e9e des g\u00e9ants.<\/em><br \/><em>Les g\u00e9ants observaient les par\u00e9idoles, le dos courb\u00e9 et les yeux en demi-lune.<\/em><br \/><em>Les petits g\u00e9ants grattaient le sable de leur gros doigt.<\/em><br \/><em>Les par\u00e9idoles avaient l\u2019habitude de ces visites : \u00e0 chaque fois qu\u2019un visiteur se pointait, le vent changeait et plus personne \u00e0 l\u2019horizon.<\/em><br \/><em>L\u00e0, c\u2019est la fin qui recommence : un grand-p\u00e8re qui tassait sa pipe<\/em><br \/><em>est parti en fum\u00e9e !<\/em><br \/><em>Les enfants des plaines sont pass\u00e9s de l\u2019autre c\u00f4t\u00e9 !<\/em><br \/><em>La bille devint lune, et le soleil s\u2019est enfui au hasard !<\/em><br \/><em>Un homme des plaines, p\u00e9trifi\u00e9, fit ricocher une alerte qui brinquebala sans sauver quiconque.<\/em><br \/><em>La fin du monde en arc-en-ciel !<\/em><br \/><em>Si on s\u2019approche bien, on peut deviner quelques par\u00e9idoles de surface qui se cache encore, de peur que \u00e7a recommence ou de sagesse que \u00e7a continue.<\/em><\/p>\n<p><em>Jacques Lemaire<\/em><\/p>\n<\/blockquote>\n<p>+\u00a0<a href=\"https:\/\/marinepenhouet.com\/Ite-Maledicti-2020-21\" data-mce-href=\"https:\/\/marinepenhouet.com\/Ite-Maledicti-2020-21\">info<\/a><\/p>\n","protected":false},"excerpt":{"rendered":"<p><span class=\"s1\" data-mce-style=\"font-kerning: none; font-family: 'times new roman', times, serif; font-size: 10pt;\" style=\"font-kerning: none; font-family: \">Triptyque, colle de peau pigment\u00e9e, acrylique, pl\u00e2tre et gravure sur bois<\/span><\/p>\n<p><span class=\"s1\" data-mce-style=\"font-kerning: none; font-family: 'times new roman', times, serif; font-size: 10pt;\" style=\"font-kerning: none; font-family: \">Matrice en cuivre et feuille s\u00e9ch\u00e9e<\/span><\/p>\n<p><span class=\"s1\" data-mce-style=\"font-kerning: none; font-family: 'times new roman', times, serif; font-size: 10pt;\" style=\"font-kerning: none; font-family: \">Encadrement en ch\u00eane<\/span><\/p>\n<p><span class=\"s1\" data-mce-style=\"font-kerning: none; font-family: 'times new roman', times, serif; font-size: 10pt;\" style=\"font-kerning: none; font-family: \">41x31cm x3<\/span><\/p>\n","protected":false},"featured_media":37443,"template":"","meta":[],"product_cat":[570,2942,2912],"product_tag":[2045],"yoast_head":"<!-- This site is optimized with the Yoast SEO plugin v19.1 - https:\/\/yoast.com\/wordpress\/plugins\/seo\/ -->\n<title>Ite Maledicti | E-shop artistes belges<\/title>\n<meta name=\"description\" content=\"Acheter un produit comme Ite Maledicti? Laissez vous surprendre par nos artistes belges sp\u00e9cialis\u00e9s en produits artisanaux!\" \/>\n<meta name=\"robots\" content=\"index, follow, max-snippet:-1, max-image-preview:large, max-video-preview:-1\" \/>\n<link rel=\"canonical\" href=\"https:\/\/nationalstore.be\/fr\/produit\/ite-maledicti\" \/>\n<meta property=\"og:locale\" content=\"fr_FR\" \/>\n<meta property=\"og:type\" content=\"article\" \/>\n<meta property=\"og:title\" content=\"Ite Maledicti | E-shop artistes belges\" \/>\n<meta property=\"og:description\" content=\"Acheter un produit comme Ite Maledicti? Laissez vous surprendre par nos artistes belges sp\u00e9cialis\u00e9s en produits artisanaux!\" \/>\n<meta property=\"og:url\" content=\"https:\/\/nationalstore.be\/fr\/produit\/ite-maledicti\" \/>\n<meta property=\"og:site_name\" content=\"NATIONA(A)L ARTIST SUPERMARKET\" \/>\n<meta property=\"article:publisher\" content=\"https:\/\/www.facebook.com\/nationalstore\/?ref=br_rs\" \/>\n<meta property=\"article:modified_time\" content=\"2022-09-29T08:42:07+00:00\" \/>\n<meta property=\"og:image\" content=\"https:\/\/nationalstore.be\/wp-content\/uploads\/2022\/07\/IMG_2501-scaled.jpg\" \/>\n\t<meta property=\"og:image:width\" content=\"1707\" \/>\n\t<meta property=\"og:image:height\" content=\"2560\" \/>\n\t<meta property=\"og:image:type\" content=\"image\/jpeg\" \/>\n<meta name=\"twitter:card\" content=\"summary_large_image\" \/>\n<meta name=\"twitter:site\" content=\"@Nationalstore\" \/>\n<meta name=\"twitter:label1\" content=\"Dur\u00e9e de lecture estim\u00e9e\" \/>\n\t<meta name=\"twitter:data1\" content=\"2 minutes\" \/>\n<script type=\"application\/ld+json\" class=\"yoast-schema-graph\">{\"@context\":\"https:\/\/schema.org\",\"@graph\":[{\"@type\":\"Organization\",\"@id\":\"https:\/\/nationalstore.be\/fr#organization\",\"name\":\"NATIONA(A)L ARTIST MARKET\",\"url\":\"https:\/\/nationalstore.be\/fr\",\"sameAs\":[\"https:\/\/www.instagram.com\/nationalstore\/\",\"https:\/\/www.facebook.com\/nationalstore\/?ref=br_rs\",\"https:\/\/twitter.com\/Nationalstore\"],\"logo\":{\"@type\":\"ImageObject\",\"inLanguage\":\"fr-FR\",\"@id\":\"https:\/\/nationalstore.be\/fr#\/schema\/logo\/image\/\",\"url\":\"https:\/\/nationalstore.be\/wp-content\/uploads\/2024\/03\/nationaal-logo_mauve-cmjn.png\",\"contentUrl\":\"https:\/\/nationalstore.be\/wp-content\/uploads\/2024\/03\/nationaal-logo_mauve-cmjn.png\",\"width\":3475,\"height\":1352,\"caption\":\"NATIONA(A)L ARTIST MARKET\"},\"image\":{\"@id\":\"https:\/\/nationalstore.be\/fr#\/schema\/logo\/image\/\"}},{\"@type\":\"WebSite\",\"@id\":\"https:\/\/nationalstore.be\/fr#website\",\"url\":\"https:\/\/nationalstore.be\/fr\",\"name\":\"NATIONA(A)L ARTIST SUPERMARKET\",\"description\":\"\",\"publisher\":{\"@id\":\"https:\/\/nationalstore.be\/fr#organization\"},\"potentialAction\":[{\"@type\":\"SearchAction\",\"target\":{\"@type\":\"EntryPoint\",\"urlTemplate\":\"https:\/\/nationalstore.be\/fr?s={search_term_string}\"},\"query-input\":\"required name=search_term_string\"}],\"inLanguage\":\"fr-FR\"},{\"@type\":\"ImageObject\",\"inLanguage\":\"fr-FR\",\"@id\":\"https:\/\/nationalstore.be\/fr\/produit\/ite-maledicti#primaryimage\",\"url\":\"https:\/\/nationalstore.be\/wp-content\/uploads\/2022\/07\/IMG_2501-scaled.jpg\",\"contentUrl\":\"https:\/\/nationalstore.be\/wp-content\/uploads\/2022\/07\/IMG_2501-scaled.jpg\",\"width\":1707,\"height\":2560},{\"@type\":[\"WebPage\",\"ItemPage\"],\"@id\":\"https:\/\/nationalstore.be\/fr\/produit\/ite-maledicti#webpage\",\"url\":\"https:\/\/nationalstore.be\/fr\/produit\/ite-maledicti\",\"name\":\"Ite Maledicti | E-shop artistes belges\",\"isPartOf\":{\"@id\":\"https:\/\/nationalstore.be\/fr#website\"},\"primaryImageOfPage\":{\"@id\":\"https:\/\/nationalstore.be\/fr\/produit\/ite-maledicti#primaryimage\"},\"datePublished\":\"2022-07-27T10:55:21+00:00\",\"dateModified\":\"2022-09-29T08:42:07+00:00\",\"description\":\"Acheter un produit comme Ite Maledicti? Laissez vous surprendre par nos artistes belges sp\u00e9cialis\u00e9s en produits artisanaux!\",\"breadcrumb\":{\"@id\":\"https:\/\/nationalstore.be\/fr\/produit\/ite-maledicti#breadcrumb\"},\"inLanguage\":\"fr-FR\",\"potentialAction\":[{\"@type\":\"ReadAction\",\"target\":[\"https:\/\/nationalstore.be\/fr\/produit\/ite-maledicti\"]}]},{\"@type\":\"BreadcrumbList\",\"@id\":\"https:\/\/nationalstore.be\/fr\/produit\/ite-maledicti#breadcrumb\",\"itemListElement\":[{\"@type\":\"ListItem\",\"position\":1,\"name\":\"Home\",\"item\":\"https:\/\/nationalstore.be\/fr\"},{\"@type\":\"ListItem\",\"position\":2,\"name\":\"Produits\",\"item\":\"https:\/\/nationalstore.be\/fr\/shop\"},{\"@type\":\"ListItem\",\"position\":3,\"name\":\"Arts plastiques\",\"item\":\"https:\/\/nationalstore.be\/fr\/pc\/arts-plastiques\"},{\"@type\":\"ListItem\",\"position\":4,\"name\":\"M\u00e9dias mixtes\",\"item\":\"https:\/\/nationalstore.be\/fr\/pc\/arts-plastiques\/medias-mixtes\"},{\"@type\":\"ListItem\",\"position\":5,\"name\":\"Ite Maledicti\"}]}]}<\/script>\n<!-- \/ Yoast SEO plugin. -->","yoast_head_json":{"title":"Ite Maledicti | E-shop artistes belges","description":"Acheter un produit comme Ite Maledicti? Laissez vous surprendre par nos artistes belges sp\u00e9cialis\u00e9s en produits artisanaux!","robots":{"index":"index","follow":"follow","max-snippet":"max-snippet:-1","max-image-preview":"max-image-preview:large","max-video-preview":"max-video-preview:-1"},"canonical":"https:\/\/nationalstore.be\/fr\/produit\/ite-maledicti","og_locale":"fr_FR","og_type":"article","og_title":"Ite Maledicti | E-shop artistes belges","og_description":"Acheter un produit comme Ite Maledicti? Laissez vous surprendre par nos artistes belges sp\u00e9cialis\u00e9s en produits artisanaux!","og_url":"https:\/\/nationalstore.be\/fr\/produit\/ite-maledicti","og_site_name":"NATIONA(A)L ARTIST SUPERMARKET","article_publisher":"https:\/\/www.facebook.com\/nationalstore\/?ref=br_rs","article_modified_time":"2022-09-29T08:42:07+00:00","og_image":[{"width":1707,"height":2560,"url":"https:\/\/nationalstore.be\/wp-content\/uploads\/2022\/07\/IMG_2501-scaled.jpg","type":"image\/jpeg"}],"twitter_card":"summary_large_image","twitter_site":"@Nationalstore","twitter_misc":{"Dur\u00e9e de lecture estim\u00e9e":"2 minutes"},"schema":{"@context":"https:\/\/schema.org","@graph":[{"@type":"Organization","@id":"https:\/\/nationalstore.be\/fr#organization","name":"NATIONA(A)L ARTIST MARKET","url":"https:\/\/nationalstore.be\/fr","sameAs":["https:\/\/www.instagram.com\/nationalstore\/","https:\/\/www.facebook.com\/nationalstore\/?ref=br_rs","https:\/\/twitter.com\/Nationalstore"],"logo":{"@type":"ImageObject","inLanguage":"fr-FR","@id":"https:\/\/nationalstore.be\/fr#\/schema\/logo\/image\/","url":"https:\/\/nationalstore.be\/wp-content\/uploads\/2024\/03\/nationaal-logo_mauve-cmjn.png","contentUrl":"https:\/\/nationalstore.be\/wp-content\/uploads\/2024\/03\/nationaal-logo_mauve-cmjn.png","width":3475,"height":1352,"caption":"NATIONA(A)L ARTIST MARKET"},"image":{"@id":"https:\/\/nationalstore.be\/fr#\/schema\/logo\/image\/"}},{"@type":"WebSite","@id":"https:\/\/nationalstore.be\/fr#website","url":"https:\/\/nationalstore.be\/fr","name":"NATIONA(A)L ARTIST SUPERMARKET","description":"","publisher":{"@id":"https:\/\/nationalstore.be\/fr#organization"},"potentialAction":[{"@type":"SearchAction","target":{"@type":"EntryPoint","urlTemplate":"https:\/\/nationalstore.be\/fr?s={search_term_string}"},"query-input":"required name=search_term_string"}],"inLanguage":"fr-FR"},{"@type":"ImageObject","inLanguage":"fr-FR","@id":"https:\/\/nationalstore.be\/fr\/produit\/ite-maledicti#primaryimage","url":"https:\/\/nationalstore.be\/wp-content\/uploads\/2022\/07\/IMG_2501-scaled.jpg","contentUrl":"https:\/\/nationalstore.be\/wp-content\/uploads\/2022\/07\/IMG_2501-scaled.jpg","width":1707,"height":2560},{"@type":["WebPage","ItemPage"],"@id":"https:\/\/nationalstore.be\/fr\/produit\/ite-maledicti#webpage","url":"https:\/\/nationalstore.be\/fr\/produit\/ite-maledicti","name":"Ite Maledicti | E-shop artistes belges","isPartOf":{"@id":"https:\/\/nationalstore.be\/fr#website"},"primaryImageOfPage":{"@id":"https:\/\/nationalstore.be\/fr\/produit\/ite-maledicti#primaryimage"},"datePublished":"2022-07-27T10:55:21+00:00","dateModified":"2022-09-29T08:42:07+00:00","description":"Acheter un produit comme Ite Maledicti? Laissez vous surprendre par nos artistes belges sp\u00e9cialis\u00e9s en produits artisanaux!","breadcrumb":{"@id":"https:\/\/nationalstore.be\/fr\/produit\/ite-maledicti#breadcrumb"},"inLanguage":"fr-FR","potentialAction":[{"@type":"ReadAction","target":["https:\/\/nationalstore.be\/fr\/produit\/ite-maledicti"]}]},{"@type":"BreadcrumbList","@id":"https:\/\/nationalstore.be\/fr\/produit\/ite-maledicti#breadcrumb","itemListElement":[{"@type":"ListItem","position":1,"name":"Home","item":"https:\/\/nationalstore.be\/fr"},{"@type":"ListItem","position":2,"name":"Produits","item":"https:\/\/nationalstore.be\/fr\/shop"},{"@type":"ListItem","position":3,"name":"Arts plastiques","item":"https:\/\/nationalstore.be\/fr\/pc\/arts-plastiques"},{"@type":"ListItem","position":4,"name":"M\u00e9dias mixtes","item":"https:\/\/nationalstore.be\/fr\/pc\/arts-plastiques\/medias-mixtes"},{"@type":"ListItem","position":5,"name":"Ite Maledicti"}]}]}},"_links":{"self":[{"href":"https:\/\/nationalstore.be\/fr\/wp-json\/wp\/v2\/product\/37405"}],"collection":[{"href":"https:\/\/nationalstore.be\/fr\/wp-json\/wp\/v2\/product"}],"about":[{"href":"https:\/\/nationalstore.be\/fr\/wp-json\/wp\/v2\/types\/product"}],"wp:featuredmedia":[{"embeddable":true,"href":"https:\/\/nationalstore.be\/fr\/wp-json\/wp\/v2\/media\/37443"}],"wp:attachment":[{"href":"https:\/\/nationalstore.be\/fr\/wp-json\/wp\/v2\/media?parent=37405"}],"wp:term":[{"taxonomy":"product_cat","embeddable":true,"href":"https:\/\/nationalstore.be\/fr\/wp-json\/wp\/v2\/product_cat?post=37405"},{"taxonomy":"product_tag","embeddable":true,"href":"https:\/\/nationalstore.be\/fr\/wp-json\/wp\/v2\/product_tag?post=37405"}],"curies":[{"name":"wp","href":"https:\/\/api.w.org\/{rel}","templated":true}]}}