{"id":37335,"date":"2022-07-01T11:08:21","date_gmt":"2022-07-01T09:08:22","guid":{"rendered":"https:\/\/nationalstore.be\/?post_type=product&#038;p=37335"},"modified":"2022-07-01T11:26:53","modified_gmt":"2022-07-01T09:26:53","slug":"knotting-knitting-3","status":"publish","type":"product","link":"https:\/\/nationalstore.be\/fr\/produit\/knotting-knitting-3","title":{"rendered":"Knotting Knitting"},"content":{"rendered":"<div title=\"Page 2\">\n<div>\n<div>\n<p>Cette pi\u00e8ce est fabriqu\u00e9e sur commande avec un d\u00e9lai de production de deux mois.\u00a0<\/p>\n<p>Taille : 70 x 140 cm<\/p>\n<p>Autres dimensions possibles sur demande !\u00a0<\/p>\n<\/div>\n<\/div>\n<\/div>\n","protected":false},"excerpt":{"rendered":"<p>Knotting Knitting\u00a0a e\u0301te\u0301 conc\u0327u a\u0300 partir de bandes pleines, toutes tricote\u0301es.<br \/>L\u2019ensemble forme une combinaison rythmique de couleurs et de lignes irre\u0301gulie\u0300res, qui peut servir plusieurs objectifs : s\u2019asseoir, dormir, lire, se coucher ou encore s\u2019emmitoufler. Il a e\u0301te\u0301 cre\u0301e\u0301 pour s\u2019adapter activement au corps tout en apportant du confort et de la chaleur.<\/p>\n","protected":false},"featured_media":37342,"template":"","meta":[],"product_cat":[1995,1589,527,1514,550,2903,548,1931,2867],"product_tag":[2363,823,1168],"yoast_head":"<!-- This site is optimized with the Yoast SEO plugin v19.1 - https:\/\/yoast.com\/wordpress\/plugins\/seo\/ -->\n<title>Knotting Knitting | E-shop artistes belges<\/title>\n<meta name=\"description\" content=\"Knitting knotting are made to adapt actively to your body and find any kind of comfort on the floor with a warming touch.\" \/>\n<meta name=\"robots\" content=\"index, follow, max-snippet:-1, max-image-preview:large, max-video-preview:-1\" \/>\n<link rel=\"canonical\" href=\"https:\/\/nationalstore.be\/fr\/produit\/knotting-knitting-3\" \/>\n<meta property=\"og:locale\" content=\"fr_FR\" \/>\n<meta property=\"og:type\" content=\"article\" \/>\n<meta property=\"og:title\" content=\"Knotting Knitting | E-shop artistes belges\" \/>\n<meta property=\"og:description\" content=\"Knitting knotting are made to adapt actively to your body and find any kind of comfort on the floor with a warming touch.\" \/>\n<meta property=\"og:url\" content=\"https:\/\/nationalstore.be\/fr\/produit\/knotting-knitting-3\" \/>\n<meta property=\"og:site_name\" content=\"NATIONA(A)L ARTIST SUPERMARKET\" \/>\n<meta property=\"article:publisher\" content=\"https:\/\/www.facebook.com\/nationalstore\/?ref=br_rs\" \/>\n<meta property=\"article:modified_time\" content=\"2022-07-01T09:26:53+00:00\" \/>\n<meta property=\"og:image\" content=\"https:\/\/nationalstore.be\/wp-content\/uploads\/2022\/07\/AMGS-Knotting-Knitting-70-x-140-cm-510euros-NATIONAAL_1-scaled.jpg\" \/>\n\t<meta property=\"og:image:width\" content=\"1707\" \/>\n\t<meta property=\"og:image:height\" content=\"2560\" \/>\n\t<meta property=\"og:image:type\" content=\"image\/jpeg\" \/>\n<meta name=\"twitter:card\" content=\"summary_large_image\" \/>\n<meta name=\"twitter:site\" content=\"@Nationalstore\" \/>\n<script type=\"application\/ld+json\" class=\"yoast-schema-graph\">{\"@context\":\"https:\/\/schema.org\",\"@graph\":[{\"@type\":\"Organization\",\"@id\":\"https:\/\/nationalstore.be\/fr#organization\",\"name\":\"NATIONA(A)L ARTIST MARKET\",\"url\":\"https:\/\/nationalstore.be\/fr\",\"sameAs\":[\"https:\/\/www.instagram.com\/nationalstore\/\",\"https:\/\/www.facebook.com\/nationalstore\/?ref=br_rs\",\"https:\/\/twitter.com\/Nationalstore\"],\"logo\":{\"@type\":\"ImageObject\",\"inLanguage\":\"fr-FR\",\"@id\":\"https:\/\/nationalstore.be\/fr#\/schema\/logo\/image\/\",\"url\":\"https:\/\/nationalstore.be\/wp-content\/uploads\/2024\/03\/nationaal-logo_mauve-cmjn.png\",\"contentUrl\":\"https:\/\/nationalstore.be\/wp-content\/uploads\/2024\/03\/nationaal-logo_mauve-cmjn.png\",\"width\":3475,\"height\":1352,\"caption\":\"NATIONA(A)L ARTIST MARKET\"},\"image\":{\"@id\":\"https:\/\/nationalstore.be\/fr#\/schema\/logo\/image\/\"}},{\"@type\":\"WebSite\",\"@id\":\"https:\/\/nationalstore.be\/fr#website\",\"url\":\"https:\/\/nationalstore.be\/fr\",\"name\":\"NATIONA(A)L ARTIST SUPERMARKET\",\"description\":\"\",\"publisher\":{\"@id\":\"https:\/\/nationalstore.be\/fr#organization\"},\"potentialAction\":[{\"@type\":\"SearchAction\",\"target\":{\"@type\":\"EntryPoint\",\"urlTemplate\":\"https:\/\/nationalstore.be\/fr?s={search_term_string}\"},\"query-input\":\"required name=search_term_string\"}],\"inLanguage\":\"fr-FR\"},{\"@type\":\"ImageObject\",\"inLanguage\":\"fr-FR\",\"@id\":\"https:\/\/nationalstore.be\/fr\/produit\/knotting-knitting-3#primaryimage\",\"url\":\"https:\/\/nationalstore.be\/wp-content\/uploads\/2022\/07\/AMGS-Knotting-Knitting-70-x-140-cm-510euros-NATIONAAL_1-scaled.jpg\",\"contentUrl\":\"https:\/\/nationalstore.be\/wp-content\/uploads\/2022\/07\/AMGS-Knotting-Knitting-70-x-140-cm-510euros-NATIONAAL_1-scaled.jpg\",\"width\":1707,\"height\":2560},{\"@type\":[\"WebPage\",\"ItemPage\"],\"@id\":\"https:\/\/nationalstore.be\/fr\/produit\/knotting-knitting-3#webpage\",\"url\":\"https:\/\/nationalstore.be\/fr\/produit\/knotting-knitting-3\",\"name\":\"Knotting Knitting | E-shop artistes belges\",\"isPartOf\":{\"@id\":\"https:\/\/nationalstore.be\/fr#website\"},\"primaryImageOfPage\":{\"@id\":\"https:\/\/nationalstore.be\/fr\/produit\/knotting-knitting-3#primaryimage\"},\"datePublished\":\"2022-07-01T09:08:22+00:00\",\"dateModified\":\"2022-07-01T09:26:53+00:00\",\"description\":\"Knitting knotting are made to adapt actively to your body and find any kind of comfort on the floor with a warming touch.\",\"breadcrumb\":{\"@id\":\"https:\/\/nationalstore.be\/fr\/produit\/knotting-knitting-3#breadcrumb\"},\"inLanguage\":\"fr-FR\",\"potentialAction\":[{\"@type\":\"ReadAction\",\"target\":[\"https:\/\/nationalstore.be\/fr\/produit\/knotting-knitting-3\"]}]},{\"@type\":\"BreadcrumbList\",\"@id\":\"https:\/\/nationalstore.be\/fr\/produit\/knotting-knitting-3#breadcrumb\",\"itemListElement\":[{\"@type\":\"ListItem\",\"position\":1,\"name\":\"Home\",\"item\":\"https:\/\/nationalstore.be\/fr\"},{\"@type\":\"ListItem\",\"position\":2,\"name\":\"Produits\",\"item\":\"https:\/\/nationalstore.be\/fr\/shop\"},{\"@type\":\"ListItem\",\"position\":3,\"name\":\"Design pour la maison\",\"item\":\"https:\/\/nationalstore.be\/fr\/pc\/design-pour-la-maison\"},{\"@type\":\"ListItem\",\"position\":4,\"name\":\"Knotting Knitting\"}]}]}<\/script>\n<!-- \/ Yoast SEO plugin. -->","yoast_head_json":{"title":"Knotting Knitting | E-shop artistes belges","description":"Knitting knotting are made to adapt actively to your body and find any kind of comfort on the floor with a warming touch.","robots":{"index":"index","follow":"follow","max-snippet":"max-snippet:-1","max-image-preview":"max-image-preview:large","max-video-preview":"max-video-preview:-1"},"canonical":"https:\/\/nationalstore.be\/fr\/produit\/knotting-knitting-3","og_locale":"fr_FR","og_type":"article","og_title":"Knotting Knitting | E-shop artistes belges","og_description":"Knitting knotting are made to adapt actively to your body and find any kind of comfort on the floor with a warming touch.","og_url":"https:\/\/nationalstore.be\/fr\/produit\/knotting-knitting-3","og_site_name":"NATIONA(A)L ARTIST SUPERMARKET","article_publisher":"https:\/\/www.facebook.com\/nationalstore\/?ref=br_rs","article_modified_time":"2022-07-01T09:26:53+00:00","og_image":[{"width":1707,"height":2560,"url":"https:\/\/nationalstore.be\/wp-content\/uploads\/2022\/07\/AMGS-Knotting-Knitting-70-x-140-cm-510euros-NATIONAAL_1-scaled.jpg","type":"image\/jpeg"}],"twitter_card":"summary_large_image","twitter_site":"@Nationalstore","schema":{"@context":"https:\/\/schema.org","@graph":[{"@type":"Organization","@id":"https:\/\/nationalstore.be\/fr#organization","name":"NATIONA(A)L ARTIST MARKET","url":"https:\/\/nationalstore.be\/fr","sameAs":["https:\/\/www.instagram.com\/nationalstore\/","https:\/\/www.facebook.com\/nationalstore\/?ref=br_rs","https:\/\/twitter.com\/Nationalstore"],"logo":{"@type":"ImageObject","inLanguage":"fr-FR","@id":"https:\/\/nationalstore.be\/fr#\/schema\/logo\/image\/","url":"https:\/\/nationalstore.be\/wp-content\/uploads\/2024\/03\/nationaal-logo_mauve-cmjn.png","contentUrl":"https:\/\/nationalstore.be\/wp-content\/uploads\/2024\/03\/nationaal-logo_mauve-cmjn.png","width":3475,"height":1352,"caption":"NATIONA(A)L ARTIST MARKET"},"image":{"@id":"https:\/\/nationalstore.be\/fr#\/schema\/logo\/image\/"}},{"@type":"WebSite","@id":"https:\/\/nationalstore.be\/fr#website","url":"https:\/\/nationalstore.be\/fr","name":"NATIONA(A)L ARTIST SUPERMARKET","description":"","publisher":{"@id":"https:\/\/nationalstore.be\/fr#organization"},"potentialAction":[{"@type":"SearchAction","target":{"@type":"EntryPoint","urlTemplate":"https:\/\/nationalstore.be\/fr?s={search_term_string}"},"query-input":"required name=search_term_string"}],"inLanguage":"fr-FR"},{"@type":"ImageObject","inLanguage":"fr-FR","@id":"https:\/\/nationalstore.be\/fr\/produit\/knotting-knitting-3#primaryimage","url":"https:\/\/nationalstore.be\/wp-content\/uploads\/2022\/07\/AMGS-Knotting-Knitting-70-x-140-cm-510euros-NATIONAAL_1-scaled.jpg","contentUrl":"https:\/\/nationalstore.be\/wp-content\/uploads\/2022\/07\/AMGS-Knotting-Knitting-70-x-140-cm-510euros-NATIONAAL_1-scaled.jpg","width":1707,"height":2560},{"@type":["WebPage","ItemPage"],"@id":"https:\/\/nationalstore.be\/fr\/produit\/knotting-knitting-3#webpage","url":"https:\/\/nationalstore.be\/fr\/produit\/knotting-knitting-3","name":"Knotting Knitting | E-shop artistes belges","isPartOf":{"@id":"https:\/\/nationalstore.be\/fr#website"},"primaryImageOfPage":{"@id":"https:\/\/nationalstore.be\/fr\/produit\/knotting-knitting-3#primaryimage"},"datePublished":"2022-07-01T09:08:22+00:00","dateModified":"2022-07-01T09:26:53+00:00","description":"Knitting knotting are made to adapt actively to your body and find any kind of comfort on the floor with a warming touch.","breadcrumb":{"@id":"https:\/\/nationalstore.be\/fr\/produit\/knotting-knitting-3#breadcrumb"},"inLanguage":"fr-FR","potentialAction":[{"@type":"ReadAction","target":["https:\/\/nationalstore.be\/fr\/produit\/knotting-knitting-3"]}]},{"@type":"BreadcrumbList","@id":"https:\/\/nationalstore.be\/fr\/produit\/knotting-knitting-3#breadcrumb","itemListElement":[{"@type":"ListItem","position":1,"name":"Home","item":"https:\/\/nationalstore.be\/fr"},{"@type":"ListItem","position":2,"name":"Produits","item":"https:\/\/nationalstore.be\/fr\/shop"},{"@type":"ListItem","position":3,"name":"Design pour la maison","item":"https:\/\/nationalstore.be\/fr\/pc\/design-pour-la-maison"},{"@type":"ListItem","position":4,"name":"Knotting Knitting"}]}]}},"_links":{"self":[{"href":"https:\/\/nationalstore.be\/fr\/wp-json\/wp\/v2\/product\/37335"}],"collection":[{"href":"https:\/\/nationalstore.be\/fr\/wp-json\/wp\/v2\/product"}],"about":[{"href":"https:\/\/nationalstore.be\/fr\/wp-json\/wp\/v2\/types\/product"}],"wp:featuredmedia":[{"embeddable":true,"href":"https:\/\/nationalstore.be\/fr\/wp-json\/wp\/v2\/media\/37342"}],"wp:attachment":[{"href":"https:\/\/nationalstore.be\/fr\/wp-json\/wp\/v2\/media?parent=37335"}],"wp:term":[{"taxonomy":"product_cat","embeddable":true,"href":"https:\/\/nationalstore.be\/fr\/wp-json\/wp\/v2\/product_cat?post=37335"},{"taxonomy":"product_tag","embeddable":true,"href":"https:\/\/nationalstore.be\/fr\/wp-json\/wp\/v2\/product_tag?post=37335"}],"curies":[{"name":"wp","href":"https:\/\/api.w.org\/{rel}","templated":true}]}}