{"id":36702,"date":"2022-06-24T12:02:46","date_gmt":"2022-06-24T10:02:46","guid":{"rendered":"https:\/\/nationalstore.be\/?post_type=product&#038;p=36702"},"modified":"2022-07-01T10:52:45","modified_gmt":"2022-07-01T08:52:45","slug":"toupy-38-cm-frene-lasure-noir","status":"publish","type":"product","link":"https:\/\/nationalstore.be\/fr\/produit\/toupy-38-cm-frene-lasure-noir","title":{"rendered":"TOUPY 38 cm fr\u00eane lasur\u00e9 noir"},"content":{"rendered":"<p>Suspendue \u00e0 l\u2019aide d\u2019une tige m\u00e9tallique fix\u00e9e au plafond, la toupie fluidifie l\u2019espace et permet d\u2019ajouter une touche sobre et \u00e9l\u00e9gante dans la maison.<br \/>\u2013 Vide poche en bois tourn\u00e9<br \/>\u2013 Diam\u00e8tre (taille M) : 38 cm<br \/>\u2013 Pat\u00e8re plafond<br \/>\u2013 Rallonge de base de 100 \u2013 30 \u2013 10 cm<br \/>\u2013 3 visses noires et 3 chevilles<br \/>\u2013 Rallonges suppl\u00e9mentaires \u00e0 commander s\u00e9par\u00e9ment :<\/p>\n<ul>\n<li>M\u00e9tal noir : 50 \u2013 30 \u2013 10<\/li>\n<li>Laiton : 50 \u2013 30 \u2013 10<\/li>\n<\/ul>\n","protected":false},"excerpt":{"rendered":"<p>Toupie en bois de fr\u00eane lasur\u00e9 noir, travaill\u00e9 au tour. Barre de suspension en m\u00e9tal noir ou en laiton.<br data-mce-bogus=\"1\"><\/p>\n","protected":false},"featured_media":32896,"template":"","meta":[],"product_cat":[1589,527,2311,550],"product_tag":[356,1272,335,1080,1066,2046,139,823],"yoast_head":"<!-- This site is optimized with the Yoast SEO plugin v19.1 - https:\/\/yoast.com\/wordpress\/plugins\/seo\/ -->\n<title>TOUPY 38 cm fr\u00eane lasur\u00e9 noir | E-shop artistes belges<\/title>\n<meta name=\"description\" content=\"Etag\u00e8re vide-poche en bois noble tourn\u00e9 sur tour. Trois qualit\u00e9s et coloris de bois : ch\u00eane clair, fr\u00eane lasur\u00e9 noir et fr\u00eane blanchi.\" \/>\n<meta name=\"robots\" content=\"index, follow, max-snippet:-1, max-image-preview:large, max-video-preview:-1\" \/>\n<link rel=\"canonical\" href=\"https:\/\/nationalstore.be\/fr\/produit\/toupy-38-cm-frene-lasure-noir\" \/>\n<meta property=\"og:locale\" content=\"fr_FR\" \/>\n<meta property=\"og:type\" content=\"article\" \/>\n<meta property=\"og:title\" content=\"TOUPY 38 cm fr\u00eane lasur\u00e9 noir | E-shop artistes belges\" \/>\n<meta property=\"og:description\" content=\"Etag\u00e8re vide-poche en bois noble tourn\u00e9 sur tour. Trois qualit\u00e9s et coloris de bois : ch\u00eane clair, fr\u00eane lasur\u00e9 noir et fr\u00eane blanchi.\" \/>\n<meta property=\"og:url\" content=\"https:\/\/nationalstore.be\/fr\/produit\/toupy-38-cm-frene-lasure-noir\" \/>\n<meta property=\"og:site_name\" content=\"NATIONA(A)L ARTIST SUPERMARKET\" \/>\n<meta property=\"article:publisher\" content=\"https:\/\/www.facebook.com\/nationalstore\/?ref=br_rs\" \/>\n<meta property=\"article:modified_time\" content=\"2022-07-01T08:52:45+00:00\" \/>\n<meta property=\"og:image\" content=\"https:\/\/nationalstore.be\/wp-content\/uploads\/2022\/04\/Capture-decran-2022-04-11-a-10.48.35.png\" \/>\n\t<meta property=\"og:image:width\" content=\"928\" \/>\n\t<meta property=\"og:image:height\" content=\"1236\" \/>\n\t<meta property=\"og:image:type\" content=\"image\/png\" \/>\n<meta name=\"twitter:card\" content=\"summary_large_image\" \/>\n<meta name=\"twitter:site\" content=\"@Nationalstore\" \/>\n<script type=\"application\/ld+json\" class=\"yoast-schema-graph\">{\"@context\":\"https:\/\/schema.org\",\"@graph\":[{\"@type\":\"Organization\",\"@id\":\"https:\/\/nationalstore.be\/fr#organization\",\"name\":\"NATIONA(A)L ARTIST MARKET\",\"url\":\"https:\/\/nationalstore.be\/fr\",\"sameAs\":[\"https:\/\/www.instagram.com\/nationalstore\/\",\"https:\/\/www.facebook.com\/nationalstore\/?ref=br_rs\",\"https:\/\/twitter.com\/Nationalstore\"],\"logo\":{\"@type\":\"ImageObject\",\"inLanguage\":\"fr-FR\",\"@id\":\"https:\/\/nationalstore.be\/fr#\/schema\/logo\/image\/\",\"url\":\"https:\/\/nationalstore.be\/wp-content\/uploads\/2024\/03\/nationaal-logo_mauve-cmjn.png\",\"contentUrl\":\"https:\/\/nationalstore.be\/wp-content\/uploads\/2024\/03\/nationaal-logo_mauve-cmjn.png\",\"width\":3475,\"height\":1352,\"caption\":\"NATIONA(A)L ARTIST MARKET\"},\"image\":{\"@id\":\"https:\/\/nationalstore.be\/fr#\/schema\/logo\/image\/\"}},{\"@type\":\"WebSite\",\"@id\":\"https:\/\/nationalstore.be\/fr#website\",\"url\":\"https:\/\/nationalstore.be\/fr\",\"name\":\"NATIONA(A)L ARTIST SUPERMARKET\",\"description\":\"\",\"publisher\":{\"@id\":\"https:\/\/nationalstore.be\/fr#organization\"},\"potentialAction\":[{\"@type\":\"SearchAction\",\"target\":{\"@type\":\"EntryPoint\",\"urlTemplate\":\"https:\/\/nationalstore.be\/fr?s={search_term_string}\"},\"query-input\":\"required name=search_term_string\"}],\"inLanguage\":\"fr-FR\"},{\"@type\":\"ImageObject\",\"inLanguage\":\"fr-FR\",\"@id\":\"https:\/\/nationalstore.be\/fr\/produit\/toupy-38-cm-frene-lasure-noir#primaryimage\",\"url\":\"https:\/\/nationalstore.be\/wp-content\/uploads\/2022\/04\/Capture-decran-2022-04-11-a-10.48.35.png\",\"contentUrl\":\"https:\/\/nationalstore.be\/wp-content\/uploads\/2022\/04\/Capture-decran-2022-04-11-a-10.48.35.png\",\"width\":928,\"height\":1236},{\"@type\":[\"WebPage\",\"ItemPage\"],\"@id\":\"https:\/\/nationalstore.be\/fr\/produit\/toupy-38-cm-frene-lasure-noir#webpage\",\"url\":\"https:\/\/nationalstore.be\/fr\/produit\/toupy-38-cm-frene-lasure-noir\",\"name\":\"TOUPY 38 cm fr\u00eane lasur\u00e9 noir | E-shop artistes belges\",\"isPartOf\":{\"@id\":\"https:\/\/nationalstore.be\/fr#website\"},\"primaryImageOfPage\":{\"@id\":\"https:\/\/nationalstore.be\/fr\/produit\/toupy-38-cm-frene-lasure-noir#primaryimage\"},\"datePublished\":\"2022-06-24T10:02:46+00:00\",\"dateModified\":\"2022-07-01T08:52:45+00:00\",\"description\":\"Etag\u00e8re vide-poche en bois noble tourn\u00e9 sur tour. Trois qualit\u00e9s et coloris de bois : ch\u00eane clair, fr\u00eane lasur\u00e9 noir et fr\u00eane blanchi.\",\"breadcrumb\":{\"@id\":\"https:\/\/nationalstore.be\/fr\/produit\/toupy-38-cm-frene-lasure-noir#breadcrumb\"},\"inLanguage\":\"fr-FR\",\"potentialAction\":[{\"@type\":\"ReadAction\",\"target\":[\"https:\/\/nationalstore.be\/fr\/produit\/toupy-38-cm-frene-lasure-noir\"]}]},{\"@type\":\"BreadcrumbList\",\"@id\":\"https:\/\/nationalstore.be\/fr\/produit\/toupy-38-cm-frene-lasure-noir#breadcrumb\",\"itemListElement\":[{\"@type\":\"ListItem\",\"position\":1,\"name\":\"Home\",\"item\":\"https:\/\/nationalstore.be\/fr\"},{\"@type\":\"ListItem\",\"position\":2,\"name\":\"Produits\",\"item\":\"https:\/\/nationalstore.be\/fr\/shop\"},{\"@type\":\"ListItem\",\"position\":3,\"name\":\"Design pour la maison\",\"item\":\"https:\/\/nationalstore.be\/fr\/pc\/design-pour-la-maison\"},{\"@type\":\"ListItem\",\"position\":4,\"name\":\"Mobilier\",\"item\":\"https:\/\/nationalstore.be\/fr\/pc\/design-pour-la-maison\/mobilier-design-pour-la-maison\"},{\"@type\":\"ListItem\",\"position\":5,\"name\":\"TOUPY 38 cm fr\u00eane lasur\u00e9 noir\"}]}]}<\/script>\n<!-- \/ Yoast SEO plugin. -->","yoast_head_json":{"title":"TOUPY 38 cm fr\u00eane lasur\u00e9 noir | E-shop artistes belges","description":"Etag\u00e8re vide-poche en bois noble tourn\u00e9 sur tour. Trois qualit\u00e9s et coloris de bois : ch\u00eane clair, fr\u00eane lasur\u00e9 noir et fr\u00eane blanchi.","robots":{"index":"index","follow":"follow","max-snippet":"max-snippet:-1","max-image-preview":"max-image-preview:large","max-video-preview":"max-video-preview:-1"},"canonical":"https:\/\/nationalstore.be\/fr\/produit\/toupy-38-cm-frene-lasure-noir","og_locale":"fr_FR","og_type":"article","og_title":"TOUPY 38 cm fr\u00eane lasur\u00e9 noir | E-shop artistes belges","og_description":"Etag\u00e8re vide-poche en bois noble tourn\u00e9 sur tour. Trois qualit\u00e9s et coloris de bois : ch\u00eane clair, fr\u00eane lasur\u00e9 noir et fr\u00eane blanchi.","og_url":"https:\/\/nationalstore.be\/fr\/produit\/toupy-38-cm-frene-lasure-noir","og_site_name":"NATIONA(A)L ARTIST SUPERMARKET","article_publisher":"https:\/\/www.facebook.com\/nationalstore\/?ref=br_rs","article_modified_time":"2022-07-01T08:52:45+00:00","og_image":[{"width":928,"height":1236,"url":"https:\/\/nationalstore.be\/wp-content\/uploads\/2022\/04\/Capture-decran-2022-04-11-a-10.48.35.png","type":"image\/png"}],"twitter_card":"summary_large_image","twitter_site":"@Nationalstore","schema":{"@context":"https:\/\/schema.org","@graph":[{"@type":"Organization","@id":"https:\/\/nationalstore.be\/fr#organization","name":"NATIONA(A)L ARTIST MARKET","url":"https:\/\/nationalstore.be\/fr","sameAs":["https:\/\/www.instagram.com\/nationalstore\/","https:\/\/www.facebook.com\/nationalstore\/?ref=br_rs","https:\/\/twitter.com\/Nationalstore"],"logo":{"@type":"ImageObject","inLanguage":"fr-FR","@id":"https:\/\/nationalstore.be\/fr#\/schema\/logo\/image\/","url":"https:\/\/nationalstore.be\/wp-content\/uploads\/2024\/03\/nationaal-logo_mauve-cmjn.png","contentUrl":"https:\/\/nationalstore.be\/wp-content\/uploads\/2024\/03\/nationaal-logo_mauve-cmjn.png","width":3475,"height":1352,"caption":"NATIONA(A)L ARTIST MARKET"},"image":{"@id":"https:\/\/nationalstore.be\/fr#\/schema\/logo\/image\/"}},{"@type":"WebSite","@id":"https:\/\/nationalstore.be\/fr#website","url":"https:\/\/nationalstore.be\/fr","name":"NATIONA(A)L ARTIST SUPERMARKET","description":"","publisher":{"@id":"https:\/\/nationalstore.be\/fr#organization"},"potentialAction":[{"@type":"SearchAction","target":{"@type":"EntryPoint","urlTemplate":"https:\/\/nationalstore.be\/fr?s={search_term_string}"},"query-input":"required name=search_term_string"}],"inLanguage":"fr-FR"},{"@type":"ImageObject","inLanguage":"fr-FR","@id":"https:\/\/nationalstore.be\/fr\/produit\/toupy-38-cm-frene-lasure-noir#primaryimage","url":"https:\/\/nationalstore.be\/wp-content\/uploads\/2022\/04\/Capture-decran-2022-04-11-a-10.48.35.png","contentUrl":"https:\/\/nationalstore.be\/wp-content\/uploads\/2022\/04\/Capture-decran-2022-04-11-a-10.48.35.png","width":928,"height":1236},{"@type":["WebPage","ItemPage"],"@id":"https:\/\/nationalstore.be\/fr\/produit\/toupy-38-cm-frene-lasure-noir#webpage","url":"https:\/\/nationalstore.be\/fr\/produit\/toupy-38-cm-frene-lasure-noir","name":"TOUPY 38 cm fr\u00eane lasur\u00e9 noir | E-shop artistes belges","isPartOf":{"@id":"https:\/\/nationalstore.be\/fr#website"},"primaryImageOfPage":{"@id":"https:\/\/nationalstore.be\/fr\/produit\/toupy-38-cm-frene-lasure-noir#primaryimage"},"datePublished":"2022-06-24T10:02:46+00:00","dateModified":"2022-07-01T08:52:45+00:00","description":"Etag\u00e8re vide-poche en bois noble tourn\u00e9 sur tour. Trois qualit\u00e9s et coloris de bois : ch\u00eane clair, fr\u00eane lasur\u00e9 noir et fr\u00eane blanchi.","breadcrumb":{"@id":"https:\/\/nationalstore.be\/fr\/produit\/toupy-38-cm-frene-lasure-noir#breadcrumb"},"inLanguage":"fr-FR","potentialAction":[{"@type":"ReadAction","target":["https:\/\/nationalstore.be\/fr\/produit\/toupy-38-cm-frene-lasure-noir"]}]},{"@type":"BreadcrumbList","@id":"https:\/\/nationalstore.be\/fr\/produit\/toupy-38-cm-frene-lasure-noir#breadcrumb","itemListElement":[{"@type":"ListItem","position":1,"name":"Home","item":"https:\/\/nationalstore.be\/fr"},{"@type":"ListItem","position":2,"name":"Produits","item":"https:\/\/nationalstore.be\/fr\/shop"},{"@type":"ListItem","position":3,"name":"Design pour la maison","item":"https:\/\/nationalstore.be\/fr\/pc\/design-pour-la-maison"},{"@type":"ListItem","position":4,"name":"Mobilier","item":"https:\/\/nationalstore.be\/fr\/pc\/design-pour-la-maison\/mobilier-design-pour-la-maison"},{"@type":"ListItem","position":5,"name":"TOUPY 38 cm fr\u00eane lasur\u00e9 noir"}]}]}},"_links":{"self":[{"href":"https:\/\/nationalstore.be\/fr\/wp-json\/wp\/v2\/product\/36702"}],"collection":[{"href":"https:\/\/nationalstore.be\/fr\/wp-json\/wp\/v2\/product"}],"about":[{"href":"https:\/\/nationalstore.be\/fr\/wp-json\/wp\/v2\/types\/product"}],"wp:featuredmedia":[{"embeddable":true,"href":"https:\/\/nationalstore.be\/fr\/wp-json\/wp\/v2\/media\/32896"}],"wp:attachment":[{"href":"https:\/\/nationalstore.be\/fr\/wp-json\/wp\/v2\/media?parent=36702"}],"wp:term":[{"taxonomy":"product_cat","embeddable":true,"href":"https:\/\/nationalstore.be\/fr\/wp-json\/wp\/v2\/product_cat?post=36702"},{"taxonomy":"product_tag","embeddable":true,"href":"https:\/\/nationalstore.be\/fr\/wp-json\/wp\/v2\/product_tag?post=36702"}],"curies":[{"name":"wp","href":"https:\/\/api.w.org\/{rel}","templated":true}]}}