{"id":33714,"date":"2022-04-20T15:29:18","date_gmt":"2022-04-20T13:29:18","guid":{"rendered":"https:\/\/nationalstore.be\/product\/youmy-table-ronde"},"modified":"2022-07-01T10:53:24","modified_gmt":"2022-07-01T08:53:24","slug":"youmy-table-ronde-degradee","status":"publish","type":"product","link":"https:\/\/nationalstore.be\/fr\/produit\/youmy-table-ronde-degradee","title":{"rendered":"YOUMY table ronde d\u00e9grad\u00e9e"},"content":{"rendered":"<p>La table d&#8217;appoint est en acier d\u00e9coup\u00e9, pli\u00e9 et laqu\u00e9, compos\u00e9e de 2 parties.<br \/>Avec le pied plac\u00e9 sous le bord du canap\u00e9, elle s&#8217;int\u00e8gre de mani\u00e8re utile dans votre salon.<br \/>&#8211; Diam\u00e8tre du plateau : 34 cm<br \/>&#8211; Hauteur : 43 cm<br \/>&#8211; Poids : 7,6 kg (2 parties ensemble)<br \/>&#8211; Couleur : noir bleut\u00e9 \u00e0 acier rouill\u00e9<br \/>&#8211; D\u00e9tails : patins en feutre sous les 2 pieds.<br \/>L&#8217;\u00e9l\u00e9ment avec le logo est plac\u00e9 au-dessus de l&#8217;\u00e9l\u00e9ment sans logo.<\/p>\n","protected":false},"excerpt":{"rendered":"<p>La table ronde est compos\u00e9e de 2 parties sym\u00e9triques, elle peut \u00eatre assembl\u00e9e ou s\u00e9par\u00e9e selon vos souhaits.<\/p>\n","protected":false},"featured_media":33766,"template":"","meta":[],"product_cat":[1589,527,2311,550],"product_tag":[1272,1080,3134,823,827],"yoast_head":"<!-- This site is optimized with the Yoast SEO plugin v19.1 - https:\/\/yoast.com\/wordpress\/plugins\/seo\/ -->\n<title>YOUMY table ronde d\u00e9grad\u00e9e | E-shop artistes belges<\/title>\n<meta name=\"description\" content=\"Acheter un produit comme YOUMY table ronde d\u00e9grad\u00e9e? Laissez vous surprendre par nos artistes belges sp\u00e9cialis\u00e9s en produits artisanaux!\" \/>\n<meta name=\"robots\" content=\"index, follow, max-snippet:-1, max-image-preview:large, max-video-preview:-1\" \/>\n<link rel=\"canonical\" href=\"https:\/\/nationalstore.be\/fr\/produit\/youmy-table-ronde-degradee\" \/>\n<meta property=\"og:locale\" content=\"fr_FR\" \/>\n<meta property=\"og:type\" content=\"article\" \/>\n<meta property=\"og:title\" content=\"YOUMY table ronde d\u00e9grad\u00e9e | E-shop artistes belges\" \/>\n<meta property=\"og:description\" content=\"Acheter un produit comme YOUMY table ronde d\u00e9grad\u00e9e? Laissez vous surprendre par nos artistes belges sp\u00e9cialis\u00e9s en produits artisanaux!\" \/>\n<meta property=\"og:url\" content=\"https:\/\/nationalstore.be\/fr\/produit\/youmy-table-ronde-degradee\" \/>\n<meta property=\"og:site_name\" content=\"NATIONA(A)L ARTIST SUPERMARKET\" \/>\n<meta property=\"article:publisher\" content=\"https:\/\/www.facebook.com\/nationalstore\/?ref=br_rs\" \/>\n<meta property=\"article:modified_time\" content=\"2022-07-01T08:53:24+00:00\" \/>\n<meta property=\"og:image\" content=\"https:\/\/nationalstore.be\/wp-content\/uploads\/2022\/04\/shop-table-youmi-2-600x791-1.jpeg\" \/>\n\t<meta property=\"og:image:width\" content=\"600\" \/>\n\t<meta property=\"og:image:height\" content=\"791\" \/>\n\t<meta property=\"og:image:type\" content=\"image\/jpeg\" \/>\n<meta name=\"twitter:card\" content=\"summary_large_image\" \/>\n<meta name=\"twitter:site\" content=\"@Nationalstore\" \/>\n<script type=\"application\/ld+json\" class=\"yoast-schema-graph\">{\"@context\":\"https:\/\/schema.org\",\"@graph\":[{\"@type\":\"Organization\",\"@id\":\"https:\/\/nationalstore.be\/fr#organization\",\"name\":\"NATIONA(A)L ARTIST MARKET\",\"url\":\"https:\/\/nationalstore.be\/fr\",\"sameAs\":[\"https:\/\/www.instagram.com\/nationalstore\/\",\"https:\/\/www.facebook.com\/nationalstore\/?ref=br_rs\",\"https:\/\/twitter.com\/Nationalstore\"],\"logo\":{\"@type\":\"ImageObject\",\"inLanguage\":\"fr-FR\",\"@id\":\"https:\/\/nationalstore.be\/fr#\/schema\/logo\/image\/\",\"url\":\"https:\/\/nationalstore.be\/wp-content\/uploads\/2024\/03\/nationaal-logo_mauve-cmjn.png\",\"contentUrl\":\"https:\/\/nationalstore.be\/wp-content\/uploads\/2024\/03\/nationaal-logo_mauve-cmjn.png\",\"width\":3475,\"height\":1352,\"caption\":\"NATIONA(A)L ARTIST MARKET\"},\"image\":{\"@id\":\"https:\/\/nationalstore.be\/fr#\/schema\/logo\/image\/\"}},{\"@type\":\"WebSite\",\"@id\":\"https:\/\/nationalstore.be\/fr#website\",\"url\":\"https:\/\/nationalstore.be\/fr\",\"name\":\"NATIONA(A)L ARTIST SUPERMARKET\",\"description\":\"\",\"publisher\":{\"@id\":\"https:\/\/nationalstore.be\/fr#organization\"},\"potentialAction\":[{\"@type\":\"SearchAction\",\"target\":{\"@type\":\"EntryPoint\",\"urlTemplate\":\"https:\/\/nationalstore.be\/fr?s={search_term_string}\"},\"query-input\":\"required name=search_term_string\"}],\"inLanguage\":\"fr-FR\"},{\"@type\":\"ImageObject\",\"inLanguage\":\"fr-FR\",\"@id\":\"https:\/\/nationalstore.be\/fr\/produit\/youmy-table-ronde-degradee#primaryimage\",\"url\":\"https:\/\/nationalstore.be\/wp-content\/uploads\/2022\/04\/shop-table-youmi-2-600x791-1.jpeg\",\"contentUrl\":\"https:\/\/nationalstore.be\/wp-content\/uploads\/2022\/04\/shop-table-youmi-2-600x791-1.jpeg\",\"width\":600,\"height\":791},{\"@type\":[\"WebPage\",\"ItemPage\"],\"@id\":\"https:\/\/nationalstore.be\/fr\/produit\/youmy-table-ronde-degradee#webpage\",\"url\":\"https:\/\/nationalstore.be\/fr\/produit\/youmy-table-ronde-degradee\",\"name\":\"YOUMY table ronde d\u00e9grad\u00e9e | E-shop artistes belges\",\"isPartOf\":{\"@id\":\"https:\/\/nationalstore.be\/fr#website\"},\"primaryImageOfPage\":{\"@id\":\"https:\/\/nationalstore.be\/fr\/produit\/youmy-table-ronde-degradee#primaryimage\"},\"datePublished\":\"2022-04-20T13:29:18+00:00\",\"dateModified\":\"2022-07-01T08:53:24+00:00\",\"description\":\"Acheter un produit comme YOUMY table ronde d\u00e9grad\u00e9e? Laissez vous surprendre par nos artistes belges sp\u00e9cialis\u00e9s en produits artisanaux!\",\"breadcrumb\":{\"@id\":\"https:\/\/nationalstore.be\/fr\/produit\/youmy-table-ronde-degradee#breadcrumb\"},\"inLanguage\":\"fr-FR\",\"potentialAction\":[{\"@type\":\"ReadAction\",\"target\":[\"https:\/\/nationalstore.be\/fr\/produit\/youmy-table-ronde-degradee\"]}]},{\"@type\":\"BreadcrumbList\",\"@id\":\"https:\/\/nationalstore.be\/fr\/produit\/youmy-table-ronde-degradee#breadcrumb\",\"itemListElement\":[{\"@type\":\"ListItem\",\"position\":1,\"name\":\"Home\",\"item\":\"https:\/\/nationalstore.be\/fr\"},{\"@type\":\"ListItem\",\"position\":2,\"name\":\"Produits\",\"item\":\"https:\/\/nationalstore.be\/fr\/shop\"},{\"@type\":\"ListItem\",\"position\":3,\"name\":\"Subcategories\",\"item\":\"https:\/\/nationalstore.be\/fr\/pc\/subcategories-fr\"},{\"@type\":\"ListItem\",\"position\":4,\"name\":\"Design &amp; Durabilit\u00e9\",\"item\":\"https:\/\/nationalstore.be\/fr\/pc\/subcategories-fr\/design-durabilite\"},{\"@type\":\"ListItem\",\"position\":5,\"name\":\"YOUMY table ronde d\u00e9grad\u00e9e\"}]}]}<\/script>\n<!-- \/ Yoast SEO plugin. -->","yoast_head_json":{"title":"YOUMY table ronde d\u00e9grad\u00e9e | E-shop artistes belges","description":"Acheter un produit comme YOUMY table ronde d\u00e9grad\u00e9e? Laissez vous surprendre par nos artistes belges sp\u00e9cialis\u00e9s en produits artisanaux!","robots":{"index":"index","follow":"follow","max-snippet":"max-snippet:-1","max-image-preview":"max-image-preview:large","max-video-preview":"max-video-preview:-1"},"canonical":"https:\/\/nationalstore.be\/fr\/produit\/youmy-table-ronde-degradee","og_locale":"fr_FR","og_type":"article","og_title":"YOUMY table ronde d\u00e9grad\u00e9e | E-shop artistes belges","og_description":"Acheter un produit comme YOUMY table ronde d\u00e9grad\u00e9e? Laissez vous surprendre par nos artistes belges sp\u00e9cialis\u00e9s en produits artisanaux!","og_url":"https:\/\/nationalstore.be\/fr\/produit\/youmy-table-ronde-degradee","og_site_name":"NATIONA(A)L ARTIST SUPERMARKET","article_publisher":"https:\/\/www.facebook.com\/nationalstore\/?ref=br_rs","article_modified_time":"2022-07-01T08:53:24+00:00","og_image":[{"width":600,"height":791,"url":"https:\/\/nationalstore.be\/wp-content\/uploads\/2022\/04\/shop-table-youmi-2-600x791-1.jpeg","type":"image\/jpeg"}],"twitter_card":"summary_large_image","twitter_site":"@Nationalstore","schema":{"@context":"https:\/\/schema.org","@graph":[{"@type":"Organization","@id":"https:\/\/nationalstore.be\/fr#organization","name":"NATIONA(A)L ARTIST MARKET","url":"https:\/\/nationalstore.be\/fr","sameAs":["https:\/\/www.instagram.com\/nationalstore\/","https:\/\/www.facebook.com\/nationalstore\/?ref=br_rs","https:\/\/twitter.com\/Nationalstore"],"logo":{"@type":"ImageObject","inLanguage":"fr-FR","@id":"https:\/\/nationalstore.be\/fr#\/schema\/logo\/image\/","url":"https:\/\/nationalstore.be\/wp-content\/uploads\/2024\/03\/nationaal-logo_mauve-cmjn.png","contentUrl":"https:\/\/nationalstore.be\/wp-content\/uploads\/2024\/03\/nationaal-logo_mauve-cmjn.png","width":3475,"height":1352,"caption":"NATIONA(A)L ARTIST MARKET"},"image":{"@id":"https:\/\/nationalstore.be\/fr#\/schema\/logo\/image\/"}},{"@type":"WebSite","@id":"https:\/\/nationalstore.be\/fr#website","url":"https:\/\/nationalstore.be\/fr","name":"NATIONA(A)L ARTIST SUPERMARKET","description":"","publisher":{"@id":"https:\/\/nationalstore.be\/fr#organization"},"potentialAction":[{"@type":"SearchAction","target":{"@type":"EntryPoint","urlTemplate":"https:\/\/nationalstore.be\/fr?s={search_term_string}"},"query-input":"required name=search_term_string"}],"inLanguage":"fr-FR"},{"@type":"ImageObject","inLanguage":"fr-FR","@id":"https:\/\/nationalstore.be\/fr\/produit\/youmy-table-ronde-degradee#primaryimage","url":"https:\/\/nationalstore.be\/wp-content\/uploads\/2022\/04\/shop-table-youmi-2-600x791-1.jpeg","contentUrl":"https:\/\/nationalstore.be\/wp-content\/uploads\/2022\/04\/shop-table-youmi-2-600x791-1.jpeg","width":600,"height":791},{"@type":["WebPage","ItemPage"],"@id":"https:\/\/nationalstore.be\/fr\/produit\/youmy-table-ronde-degradee#webpage","url":"https:\/\/nationalstore.be\/fr\/produit\/youmy-table-ronde-degradee","name":"YOUMY table ronde d\u00e9grad\u00e9e | E-shop artistes belges","isPartOf":{"@id":"https:\/\/nationalstore.be\/fr#website"},"primaryImageOfPage":{"@id":"https:\/\/nationalstore.be\/fr\/produit\/youmy-table-ronde-degradee#primaryimage"},"datePublished":"2022-04-20T13:29:18+00:00","dateModified":"2022-07-01T08:53:24+00:00","description":"Acheter un produit comme YOUMY table ronde d\u00e9grad\u00e9e? Laissez vous surprendre par nos artistes belges sp\u00e9cialis\u00e9s en produits artisanaux!","breadcrumb":{"@id":"https:\/\/nationalstore.be\/fr\/produit\/youmy-table-ronde-degradee#breadcrumb"},"inLanguage":"fr-FR","potentialAction":[{"@type":"ReadAction","target":["https:\/\/nationalstore.be\/fr\/produit\/youmy-table-ronde-degradee"]}]},{"@type":"BreadcrumbList","@id":"https:\/\/nationalstore.be\/fr\/produit\/youmy-table-ronde-degradee#breadcrumb","itemListElement":[{"@type":"ListItem","position":1,"name":"Home","item":"https:\/\/nationalstore.be\/fr"},{"@type":"ListItem","position":2,"name":"Produits","item":"https:\/\/nationalstore.be\/fr\/shop"},{"@type":"ListItem","position":3,"name":"Subcategories","item":"https:\/\/nationalstore.be\/fr\/pc\/subcategories-fr"},{"@type":"ListItem","position":4,"name":"Design &amp; Durabilit\u00e9","item":"https:\/\/nationalstore.be\/fr\/pc\/subcategories-fr\/design-durabilite"},{"@type":"ListItem","position":5,"name":"YOUMY table ronde d\u00e9grad\u00e9e"}]}]}},"_links":{"self":[{"href":"https:\/\/nationalstore.be\/fr\/wp-json\/wp\/v2\/product\/33714"}],"collection":[{"href":"https:\/\/nationalstore.be\/fr\/wp-json\/wp\/v2\/product"}],"about":[{"href":"https:\/\/nationalstore.be\/fr\/wp-json\/wp\/v2\/types\/product"}],"wp:featuredmedia":[{"embeddable":true,"href":"https:\/\/nationalstore.be\/fr\/wp-json\/wp\/v2\/media\/33766"}],"wp:attachment":[{"href":"https:\/\/nationalstore.be\/fr\/wp-json\/wp\/v2\/media?parent=33714"}],"wp:term":[{"taxonomy":"product_cat","embeddable":true,"href":"https:\/\/nationalstore.be\/fr\/wp-json\/wp\/v2\/product_cat?post=33714"},{"taxonomy":"product_tag","embeddable":true,"href":"https:\/\/nationalstore.be\/fr\/wp-json\/wp\/v2\/product_tag?post=33714"}],"curies":[{"name":"wp","href":"https:\/\/api.w.org\/{rel}","templated":true}]}}