{"id":33358,"date":"2022-06-25T15:20:14","date_gmt":"2022-04-15T13:31:59","guid":{"rendered":"https:\/\/nationalstore.be\/?post_type=product&#038;p=33358"},"modified":"2022-06-25T15:23:27","modified_gmt":"2022-06-25T13:23:27","slug":"waly-etagere-flottante","status":"publish","type":"product","link":"https:\/\/nationalstore.be\/fr\/produit\/waly-etagere-flottante","title":{"rendered":"WALY \u00e9tag\u00e8re flottante &#8211; Set 1"},"content":{"rendered":"<p>Les e\u0301tage\u0300res autoportantes WALY sont re\u0301alise\u0301es en bois de fre\u0302ne, avec un cordon en cuir colore\u0301 a\u0300 la teinture aniline orange bru\u0302le\u0301 qui souligne ses arrondis.<\/p>\n<p>Configuration 1 :<\/p>\n<div title=\"Page 1\">\n<div>\n<div>\n<p>3 pie\u0300ces horizontales :<br \/>\u2013 15\u00d714 cm<br \/>\u2013 30\u00d715 cm<br \/>\u2013 60\u00d717 cm<\/p>\n<\/div>\n<\/div>\n<\/div>\n","protected":false},"excerpt":{"rendered":"<p>\u00c9tag\u00e8re flottante en bois de fr\u00eane blanchi \/ fr\u00eane lasur\u00e9 noir avec un contour cuir orange br\u00fbl\u00e9.<\/p>\n","protected":false},"featured_media":32926,"template":"","meta":[],"product_cat":[1589,527,2311,2903],"product_tag":[1272,1080,3238,3134,823],"yoast_head":"<!-- This site is optimized with the Yoast SEO plugin v19.1 - https:\/\/yoast.com\/wordpress\/plugins\/seo\/ -->\n<title>WALY \u00e9tag\u00e8re flottante - Set 1 | E-shop artistes belges<\/title>\n<meta name=\"description\" content=\"\u00c9tag\u00e8res autoportantes. Deux coloris de bois : fr\u00eane blanchi et fr\u00eane lasur\u00e9 noir. Cordon en cuir color\u00e9 \u00e0 la teinture aniline orange br\u00fbl\u00e9.\" \/>\n<meta name=\"robots\" content=\"index, follow, max-snippet:-1, max-image-preview:large, max-video-preview:-1\" \/>\n<link rel=\"canonical\" href=\"https:\/\/nationalstore.be\/fr\/produit\/waly-etagere-flottante\" \/>\n<meta property=\"og:locale\" content=\"fr_FR\" \/>\n<meta property=\"og:type\" content=\"article\" \/>\n<meta property=\"og:title\" content=\"WALY \u00e9tag\u00e8re flottante - Set 1 | E-shop artistes belges\" \/>\n<meta property=\"og:description\" content=\"\u00c9tag\u00e8res autoportantes. Deux coloris de bois : fr\u00eane blanchi et fr\u00eane lasur\u00e9 noir. Cordon en cuir color\u00e9 \u00e0 la teinture aniline orange br\u00fbl\u00e9.\" \/>\n<meta property=\"og:url\" content=\"https:\/\/nationalstore.be\/fr\/produit\/waly-etagere-flottante\" \/>\n<meta property=\"og:site_name\" content=\"NATIONA(A)L ARTIST SUPERMARKET\" \/>\n<meta property=\"article:publisher\" content=\"https:\/\/www.facebook.com\/nationalstore\/?ref=br_rs\" \/>\n<meta property=\"article:modified_time\" content=\"2022-06-25T13:23:27+00:00\" \/>\n<meta property=\"og:image\" content=\"https:\/\/nationalstore.be\/wp-content\/uploads\/2022\/04\/Capture-decran-2022-04-11-a-10.54.13.png\" \/>\n\t<meta property=\"og:image:width\" content=\"930\" \/>\n\t<meta property=\"og:image:height\" content=\"970\" \/>\n\t<meta property=\"og:image:type\" content=\"image\/png\" \/>\n<meta name=\"twitter:card\" content=\"summary_large_image\" \/>\n<meta name=\"twitter:site\" content=\"@Nationalstore\" \/>\n<script type=\"application\/ld+json\" class=\"yoast-schema-graph\">{\"@context\":\"https:\/\/schema.org\",\"@graph\":[{\"@type\":\"Organization\",\"@id\":\"https:\/\/nationalstore.be\/fr#organization\",\"name\":\"NATIONA(A)L ARTIST MARKET\",\"url\":\"https:\/\/nationalstore.be\/fr\",\"sameAs\":[\"https:\/\/www.instagram.com\/nationalstore\/\",\"https:\/\/www.facebook.com\/nationalstore\/?ref=br_rs\",\"https:\/\/twitter.com\/Nationalstore\"],\"logo\":{\"@type\":\"ImageObject\",\"inLanguage\":\"fr-FR\",\"@id\":\"https:\/\/nationalstore.be\/fr#\/schema\/logo\/image\/\",\"url\":\"https:\/\/nationalstore.be\/wp-content\/uploads\/2024\/03\/nationaal-logo_mauve-cmjn.png\",\"contentUrl\":\"https:\/\/nationalstore.be\/wp-content\/uploads\/2024\/03\/nationaal-logo_mauve-cmjn.png\",\"width\":3475,\"height\":1352,\"caption\":\"NATIONA(A)L ARTIST MARKET\"},\"image\":{\"@id\":\"https:\/\/nationalstore.be\/fr#\/schema\/logo\/image\/\"}},{\"@type\":\"WebSite\",\"@id\":\"https:\/\/nationalstore.be\/fr#website\",\"url\":\"https:\/\/nationalstore.be\/fr\",\"name\":\"NATIONA(A)L ARTIST SUPERMARKET\",\"description\":\"\",\"publisher\":{\"@id\":\"https:\/\/nationalstore.be\/fr#organization\"},\"potentialAction\":[{\"@type\":\"SearchAction\",\"target\":{\"@type\":\"EntryPoint\",\"urlTemplate\":\"https:\/\/nationalstore.be\/fr?s={search_term_string}\"},\"query-input\":\"required name=search_term_string\"}],\"inLanguage\":\"fr-FR\"},{\"@type\":\"ImageObject\",\"inLanguage\":\"fr-FR\",\"@id\":\"https:\/\/nationalstore.be\/fr\/produit\/waly-etagere-flottante#primaryimage\",\"url\":\"https:\/\/nationalstore.be\/wp-content\/uploads\/2022\/04\/Capture-decran-2022-04-11-a-10.54.13.png\",\"contentUrl\":\"https:\/\/nationalstore.be\/wp-content\/uploads\/2022\/04\/Capture-decran-2022-04-11-a-10.54.13.png\",\"width\":930,\"height\":970},{\"@type\":[\"WebPage\",\"ItemPage\"],\"@id\":\"https:\/\/nationalstore.be\/fr\/produit\/waly-etagere-flottante#webpage\",\"url\":\"https:\/\/nationalstore.be\/fr\/produit\/waly-etagere-flottante\",\"name\":\"WALY \u00e9tag\u00e8re flottante - Set 1 | E-shop artistes belges\",\"isPartOf\":{\"@id\":\"https:\/\/nationalstore.be\/fr#website\"},\"primaryImageOfPage\":{\"@id\":\"https:\/\/nationalstore.be\/fr\/produit\/waly-etagere-flottante#primaryimage\"},\"datePublished\":\"2022-04-15T13:31:59+00:00\",\"dateModified\":\"2022-06-25T13:23:27+00:00\",\"description\":\"\u00c9tag\u00e8res autoportantes. Deux coloris de bois : fr\u00eane blanchi et fr\u00eane lasur\u00e9 noir. Cordon en cuir color\u00e9 \u00e0 la teinture aniline orange br\u00fbl\u00e9.\",\"breadcrumb\":{\"@id\":\"https:\/\/nationalstore.be\/fr\/produit\/waly-etagere-flottante#breadcrumb\"},\"inLanguage\":\"fr-FR\",\"potentialAction\":[{\"@type\":\"ReadAction\",\"target\":[\"https:\/\/nationalstore.be\/fr\/produit\/waly-etagere-flottante\"]}]},{\"@type\":\"BreadcrumbList\",\"@id\":\"https:\/\/nationalstore.be\/fr\/produit\/waly-etagere-flottante#breadcrumb\",\"itemListElement\":[{\"@type\":\"ListItem\",\"position\":1,\"name\":\"Home\",\"item\":\"https:\/\/nationalstore.be\/fr\"},{\"@type\":\"ListItem\",\"position\":2,\"name\":\"Produits\",\"item\":\"https:\/\/nationalstore.be\/fr\/shop\"},{\"@type\":\"ListItem\",\"position\":3,\"name\":\"Subcategories\",\"item\":\"https:\/\/nationalstore.be\/fr\/pc\/subcategories-fr\"},{\"@type\":\"ListItem\",\"position\":4,\"name\":\"Design &amp; Durabilit\u00e9\",\"item\":\"https:\/\/nationalstore.be\/fr\/pc\/subcategories-fr\/design-durabilite\"},{\"@type\":\"ListItem\",\"position\":5,\"name\":\"WALY \u00e9tag\u00e8re flottante &#8211; Set 1\"}]}]}<\/script>\n<!-- \/ Yoast SEO plugin. -->","yoast_head_json":{"title":"WALY \u00e9tag\u00e8re flottante - Set 1 | E-shop artistes belges","description":"\u00c9tag\u00e8res autoportantes. Deux coloris de bois : fr\u00eane blanchi et fr\u00eane lasur\u00e9 noir. Cordon en cuir color\u00e9 \u00e0 la teinture aniline orange br\u00fbl\u00e9.","robots":{"index":"index","follow":"follow","max-snippet":"max-snippet:-1","max-image-preview":"max-image-preview:large","max-video-preview":"max-video-preview:-1"},"canonical":"https:\/\/nationalstore.be\/fr\/produit\/waly-etagere-flottante","og_locale":"fr_FR","og_type":"article","og_title":"WALY \u00e9tag\u00e8re flottante - Set 1 | E-shop artistes belges","og_description":"\u00c9tag\u00e8res autoportantes. Deux coloris de bois : fr\u00eane blanchi et fr\u00eane lasur\u00e9 noir. Cordon en cuir color\u00e9 \u00e0 la teinture aniline orange br\u00fbl\u00e9.","og_url":"https:\/\/nationalstore.be\/fr\/produit\/waly-etagere-flottante","og_site_name":"NATIONA(A)L ARTIST SUPERMARKET","article_publisher":"https:\/\/www.facebook.com\/nationalstore\/?ref=br_rs","article_modified_time":"2022-06-25T13:23:27+00:00","og_image":[{"width":930,"height":970,"url":"https:\/\/nationalstore.be\/wp-content\/uploads\/2022\/04\/Capture-decran-2022-04-11-a-10.54.13.png","type":"image\/png"}],"twitter_card":"summary_large_image","twitter_site":"@Nationalstore","schema":{"@context":"https:\/\/schema.org","@graph":[{"@type":"Organization","@id":"https:\/\/nationalstore.be\/fr#organization","name":"NATIONA(A)L ARTIST MARKET","url":"https:\/\/nationalstore.be\/fr","sameAs":["https:\/\/www.instagram.com\/nationalstore\/","https:\/\/www.facebook.com\/nationalstore\/?ref=br_rs","https:\/\/twitter.com\/Nationalstore"],"logo":{"@type":"ImageObject","inLanguage":"fr-FR","@id":"https:\/\/nationalstore.be\/fr#\/schema\/logo\/image\/","url":"https:\/\/nationalstore.be\/wp-content\/uploads\/2024\/03\/nationaal-logo_mauve-cmjn.png","contentUrl":"https:\/\/nationalstore.be\/wp-content\/uploads\/2024\/03\/nationaal-logo_mauve-cmjn.png","width":3475,"height":1352,"caption":"NATIONA(A)L ARTIST MARKET"},"image":{"@id":"https:\/\/nationalstore.be\/fr#\/schema\/logo\/image\/"}},{"@type":"WebSite","@id":"https:\/\/nationalstore.be\/fr#website","url":"https:\/\/nationalstore.be\/fr","name":"NATIONA(A)L ARTIST SUPERMARKET","description":"","publisher":{"@id":"https:\/\/nationalstore.be\/fr#organization"},"potentialAction":[{"@type":"SearchAction","target":{"@type":"EntryPoint","urlTemplate":"https:\/\/nationalstore.be\/fr?s={search_term_string}"},"query-input":"required name=search_term_string"}],"inLanguage":"fr-FR"},{"@type":"ImageObject","inLanguage":"fr-FR","@id":"https:\/\/nationalstore.be\/fr\/produit\/waly-etagere-flottante#primaryimage","url":"https:\/\/nationalstore.be\/wp-content\/uploads\/2022\/04\/Capture-decran-2022-04-11-a-10.54.13.png","contentUrl":"https:\/\/nationalstore.be\/wp-content\/uploads\/2022\/04\/Capture-decran-2022-04-11-a-10.54.13.png","width":930,"height":970},{"@type":["WebPage","ItemPage"],"@id":"https:\/\/nationalstore.be\/fr\/produit\/waly-etagere-flottante#webpage","url":"https:\/\/nationalstore.be\/fr\/produit\/waly-etagere-flottante","name":"WALY \u00e9tag\u00e8re flottante - Set 1 | E-shop artistes belges","isPartOf":{"@id":"https:\/\/nationalstore.be\/fr#website"},"primaryImageOfPage":{"@id":"https:\/\/nationalstore.be\/fr\/produit\/waly-etagere-flottante#primaryimage"},"datePublished":"2022-04-15T13:31:59+00:00","dateModified":"2022-06-25T13:23:27+00:00","description":"\u00c9tag\u00e8res autoportantes. Deux coloris de bois : fr\u00eane blanchi et fr\u00eane lasur\u00e9 noir. Cordon en cuir color\u00e9 \u00e0 la teinture aniline orange br\u00fbl\u00e9.","breadcrumb":{"@id":"https:\/\/nationalstore.be\/fr\/produit\/waly-etagere-flottante#breadcrumb"},"inLanguage":"fr-FR","potentialAction":[{"@type":"ReadAction","target":["https:\/\/nationalstore.be\/fr\/produit\/waly-etagere-flottante"]}]},{"@type":"BreadcrumbList","@id":"https:\/\/nationalstore.be\/fr\/produit\/waly-etagere-flottante#breadcrumb","itemListElement":[{"@type":"ListItem","position":1,"name":"Home","item":"https:\/\/nationalstore.be\/fr"},{"@type":"ListItem","position":2,"name":"Produits","item":"https:\/\/nationalstore.be\/fr\/shop"},{"@type":"ListItem","position":3,"name":"Subcategories","item":"https:\/\/nationalstore.be\/fr\/pc\/subcategories-fr"},{"@type":"ListItem","position":4,"name":"Design &amp; Durabilit\u00e9","item":"https:\/\/nationalstore.be\/fr\/pc\/subcategories-fr\/design-durabilite"},{"@type":"ListItem","position":5,"name":"WALY \u00e9tag\u00e8re flottante &#8211; Set 1"}]}]}},"_links":{"self":[{"href":"https:\/\/nationalstore.be\/fr\/wp-json\/wp\/v2\/product\/33358"}],"collection":[{"href":"https:\/\/nationalstore.be\/fr\/wp-json\/wp\/v2\/product"}],"about":[{"href":"https:\/\/nationalstore.be\/fr\/wp-json\/wp\/v2\/types\/product"}],"wp:featuredmedia":[{"embeddable":true,"href":"https:\/\/nationalstore.be\/fr\/wp-json\/wp\/v2\/media\/32926"}],"wp:attachment":[{"href":"https:\/\/nationalstore.be\/fr\/wp-json\/wp\/v2\/media?parent=33358"}],"wp:term":[{"taxonomy":"product_cat","embeddable":true,"href":"https:\/\/nationalstore.be\/fr\/wp-json\/wp\/v2\/product_cat?post=33358"},{"taxonomy":"product_tag","embeddable":true,"href":"https:\/\/nationalstore.be\/fr\/wp-json\/wp\/v2\/product_tag?post=33358"}],"curies":[{"name":"wp","href":"https:\/\/api.w.org\/{rel}","templated":true}]}}