{"id":33352,"date":"2022-06-25T15:23:14","date_gmt":"2022-04-15T13:21:14","guid":{"rendered":"https:\/\/nationalstore.be\/?post_type=product&#038;p=33352"},"modified":"2022-06-25T15:25:18","modified_gmt":"2022-06-25T13:25:18","slug":"waly-etagere-flottante-set-2","status":"publish","type":"product","link":"https:\/\/nationalstore.be\/fr\/produit\/waly-etagere-flottante-set-2","title":{"rendered":"WALY Etag\u00e8re flottante \u2013 Set 2"},"content":{"rendered":"<p>Les e\u0301tage\u0300res autoportantes WALY sont re\u0301alise\u0301es en bois de fre\u0302ne, avec un cordon en cuir colore\u0301 a\u0300 la teinture aniline orange bru\u0302le\u0301 qui souligne ses arrondis.<\/p>\n<p>Configuration 2 :<\/p>\n<p>2 pie\u0300ces horizontales avec une partie verticale faisant office de porte documents :<br \/>\u2013 17\u00d718 cm<br \/>\u2013 17\u00d790 cm<\/p>\n","protected":false},"excerpt":{"rendered":"<p>\u00c9tag\u00e8re flottante en bois de fr\u00eane blanchi \/ fr\u00eane lasur\u00e9 noir avec un contour cuir orange br\u00fbl\u00e9.<\/p>\n","protected":false},"featured_media":32929,"template":"","meta":[],"product_cat":[1589,527,2311,2903],"product_tag":[1272,1080,3238,3134,823],"yoast_head":"<!-- This site is optimized with the Yoast SEO plugin v19.1 - https:\/\/yoast.com\/wordpress\/plugins\/seo\/ -->\n<title>WALY Etag\u00e8re flottante \u2013 Set 2 | E-shop artistes belges<\/title>\n<meta name=\"description\" content=\"\u00c9tag\u00e8res autoportantes. Deux coloris de bois : fr\u00eane blanchi et fr\u00eane lasur\u00e9 noir. Cordon en cuir color\u00e9 \u00e0 la teinture aniline orange br\u00fbl\u00e9.\" \/>\n<meta name=\"robots\" content=\"index, follow, max-snippet:-1, max-image-preview:large, max-video-preview:-1\" \/>\n<link rel=\"canonical\" href=\"https:\/\/nationalstore.be\/fr\/produit\/waly-etagere-flottante-set-2\" \/>\n<meta property=\"og:locale\" content=\"fr_FR\" \/>\n<meta property=\"og:type\" content=\"article\" \/>\n<meta property=\"og:title\" content=\"WALY Etag\u00e8re flottante \u2013 Set 2 | E-shop artistes belges\" \/>\n<meta property=\"og:description\" content=\"\u00c9tag\u00e8res autoportantes. Deux coloris de bois : fr\u00eane blanchi et fr\u00eane lasur\u00e9 noir. Cordon en cuir color\u00e9 \u00e0 la teinture aniline orange br\u00fbl\u00e9.\" \/>\n<meta property=\"og:url\" content=\"https:\/\/nationalstore.be\/fr\/produit\/waly-etagere-flottante-set-2\" \/>\n<meta property=\"og:site_name\" content=\"NATIONA(A)L ARTIST SUPERMARKET\" \/>\n<meta property=\"article:publisher\" content=\"https:\/\/www.facebook.com\/nationalstore\/?ref=br_rs\" \/>\n<meta property=\"article:modified_time\" content=\"2022-06-25T13:25:18+00:00\" \/>\n<meta property=\"og:image\" content=\"https:\/\/nationalstore.be\/wp-content\/uploads\/2022\/04\/Capture-decran-2022-04-11-a-10.54.23.png\" \/>\n\t<meta property=\"og:image:width\" content=\"940\" \/>\n\t<meta property=\"og:image:height\" content=\"1246\" \/>\n\t<meta property=\"og:image:type\" content=\"image\/png\" \/>\n<meta name=\"twitter:card\" content=\"summary_large_image\" \/>\n<meta name=\"twitter:site\" content=\"@Nationalstore\" \/>\n<script type=\"application\/ld+json\" class=\"yoast-schema-graph\">{\"@context\":\"https:\/\/schema.org\",\"@graph\":[{\"@type\":\"Organization\",\"@id\":\"https:\/\/nationalstore.be\/fr#organization\",\"name\":\"NATIONA(A)L ARTIST MARKET\",\"url\":\"https:\/\/nationalstore.be\/fr\",\"sameAs\":[\"https:\/\/www.instagram.com\/nationalstore\/\",\"https:\/\/www.facebook.com\/nationalstore\/?ref=br_rs\",\"https:\/\/twitter.com\/Nationalstore\"],\"logo\":{\"@type\":\"ImageObject\",\"inLanguage\":\"fr-FR\",\"@id\":\"https:\/\/nationalstore.be\/fr#\/schema\/logo\/image\/\",\"url\":\"https:\/\/nationalstore.be\/wp-content\/uploads\/2024\/03\/nationaal-logo_mauve-cmjn.png\",\"contentUrl\":\"https:\/\/nationalstore.be\/wp-content\/uploads\/2024\/03\/nationaal-logo_mauve-cmjn.png\",\"width\":3475,\"height\":1352,\"caption\":\"NATIONA(A)L ARTIST MARKET\"},\"image\":{\"@id\":\"https:\/\/nationalstore.be\/fr#\/schema\/logo\/image\/\"}},{\"@type\":\"WebSite\",\"@id\":\"https:\/\/nationalstore.be\/fr#website\",\"url\":\"https:\/\/nationalstore.be\/fr\",\"name\":\"NATIONA(A)L ARTIST SUPERMARKET\",\"description\":\"\",\"publisher\":{\"@id\":\"https:\/\/nationalstore.be\/fr#organization\"},\"potentialAction\":[{\"@type\":\"SearchAction\",\"target\":{\"@type\":\"EntryPoint\",\"urlTemplate\":\"https:\/\/nationalstore.be\/fr?s={search_term_string}\"},\"query-input\":\"required name=search_term_string\"}],\"inLanguage\":\"fr-FR\"},{\"@type\":\"ImageObject\",\"inLanguage\":\"fr-FR\",\"@id\":\"https:\/\/nationalstore.be\/fr\/produit\/waly-etagere-flottante-set-2#primaryimage\",\"url\":\"https:\/\/nationalstore.be\/wp-content\/uploads\/2022\/04\/Capture-decran-2022-04-11-a-10.54.23.png\",\"contentUrl\":\"https:\/\/nationalstore.be\/wp-content\/uploads\/2022\/04\/Capture-decran-2022-04-11-a-10.54.23.png\",\"width\":940,\"height\":1246},{\"@type\":[\"WebPage\",\"ItemPage\"],\"@id\":\"https:\/\/nationalstore.be\/fr\/produit\/waly-etagere-flottante-set-2#webpage\",\"url\":\"https:\/\/nationalstore.be\/fr\/produit\/waly-etagere-flottante-set-2\",\"name\":\"WALY Etag\u00e8re flottante \u2013 Set 2 | E-shop artistes belges\",\"isPartOf\":{\"@id\":\"https:\/\/nationalstore.be\/fr#website\"},\"primaryImageOfPage\":{\"@id\":\"https:\/\/nationalstore.be\/fr\/produit\/waly-etagere-flottante-set-2#primaryimage\"},\"datePublished\":\"2022-04-15T13:21:14+00:00\",\"dateModified\":\"2022-06-25T13:25:18+00:00\",\"description\":\"\u00c9tag\u00e8res autoportantes. Deux coloris de bois : fr\u00eane blanchi et fr\u00eane lasur\u00e9 noir. Cordon en cuir color\u00e9 \u00e0 la teinture aniline orange br\u00fbl\u00e9.\",\"breadcrumb\":{\"@id\":\"https:\/\/nationalstore.be\/fr\/produit\/waly-etagere-flottante-set-2#breadcrumb\"},\"inLanguage\":\"fr-FR\",\"potentialAction\":[{\"@type\":\"ReadAction\",\"target\":[\"https:\/\/nationalstore.be\/fr\/produit\/waly-etagere-flottante-set-2\"]}]},{\"@type\":\"BreadcrumbList\",\"@id\":\"https:\/\/nationalstore.be\/fr\/produit\/waly-etagere-flottante-set-2#breadcrumb\",\"itemListElement\":[{\"@type\":\"ListItem\",\"position\":1,\"name\":\"Home\",\"item\":\"https:\/\/nationalstore.be\/fr\"},{\"@type\":\"ListItem\",\"position\":2,\"name\":\"Produits\",\"item\":\"https:\/\/nationalstore.be\/fr\/shop\"},{\"@type\":\"ListItem\",\"position\":3,\"name\":\"Subcategories\",\"item\":\"https:\/\/nationalstore.be\/fr\/pc\/subcategories-fr\"},{\"@type\":\"ListItem\",\"position\":4,\"name\":\"Design &amp; Durabilit\u00e9\",\"item\":\"https:\/\/nationalstore.be\/fr\/pc\/subcategories-fr\/design-durabilite\"},{\"@type\":\"ListItem\",\"position\":5,\"name\":\"WALY Etag\u00e8re flottante \u2013 Set 2\"}]}]}<\/script>\n<!-- \/ Yoast SEO plugin. -->","yoast_head_json":{"title":"WALY Etag\u00e8re flottante \u2013 Set 2 | E-shop artistes belges","description":"\u00c9tag\u00e8res autoportantes. Deux coloris de bois : fr\u00eane blanchi et fr\u00eane lasur\u00e9 noir. Cordon en cuir color\u00e9 \u00e0 la teinture aniline orange br\u00fbl\u00e9.","robots":{"index":"index","follow":"follow","max-snippet":"max-snippet:-1","max-image-preview":"max-image-preview:large","max-video-preview":"max-video-preview:-1"},"canonical":"https:\/\/nationalstore.be\/fr\/produit\/waly-etagere-flottante-set-2","og_locale":"fr_FR","og_type":"article","og_title":"WALY Etag\u00e8re flottante \u2013 Set 2 | E-shop artistes belges","og_description":"\u00c9tag\u00e8res autoportantes. Deux coloris de bois : fr\u00eane blanchi et fr\u00eane lasur\u00e9 noir. Cordon en cuir color\u00e9 \u00e0 la teinture aniline orange br\u00fbl\u00e9.","og_url":"https:\/\/nationalstore.be\/fr\/produit\/waly-etagere-flottante-set-2","og_site_name":"NATIONA(A)L ARTIST SUPERMARKET","article_publisher":"https:\/\/www.facebook.com\/nationalstore\/?ref=br_rs","article_modified_time":"2022-06-25T13:25:18+00:00","og_image":[{"width":940,"height":1246,"url":"https:\/\/nationalstore.be\/wp-content\/uploads\/2022\/04\/Capture-decran-2022-04-11-a-10.54.23.png","type":"image\/png"}],"twitter_card":"summary_large_image","twitter_site":"@Nationalstore","schema":{"@context":"https:\/\/schema.org","@graph":[{"@type":"Organization","@id":"https:\/\/nationalstore.be\/fr#organization","name":"NATIONA(A)L ARTIST MARKET","url":"https:\/\/nationalstore.be\/fr","sameAs":["https:\/\/www.instagram.com\/nationalstore\/","https:\/\/www.facebook.com\/nationalstore\/?ref=br_rs","https:\/\/twitter.com\/Nationalstore"],"logo":{"@type":"ImageObject","inLanguage":"fr-FR","@id":"https:\/\/nationalstore.be\/fr#\/schema\/logo\/image\/","url":"https:\/\/nationalstore.be\/wp-content\/uploads\/2024\/03\/nationaal-logo_mauve-cmjn.png","contentUrl":"https:\/\/nationalstore.be\/wp-content\/uploads\/2024\/03\/nationaal-logo_mauve-cmjn.png","width":3475,"height":1352,"caption":"NATIONA(A)L ARTIST MARKET"},"image":{"@id":"https:\/\/nationalstore.be\/fr#\/schema\/logo\/image\/"}},{"@type":"WebSite","@id":"https:\/\/nationalstore.be\/fr#website","url":"https:\/\/nationalstore.be\/fr","name":"NATIONA(A)L ARTIST SUPERMARKET","description":"","publisher":{"@id":"https:\/\/nationalstore.be\/fr#organization"},"potentialAction":[{"@type":"SearchAction","target":{"@type":"EntryPoint","urlTemplate":"https:\/\/nationalstore.be\/fr?s={search_term_string}"},"query-input":"required name=search_term_string"}],"inLanguage":"fr-FR"},{"@type":"ImageObject","inLanguage":"fr-FR","@id":"https:\/\/nationalstore.be\/fr\/produit\/waly-etagere-flottante-set-2#primaryimage","url":"https:\/\/nationalstore.be\/wp-content\/uploads\/2022\/04\/Capture-decran-2022-04-11-a-10.54.23.png","contentUrl":"https:\/\/nationalstore.be\/wp-content\/uploads\/2022\/04\/Capture-decran-2022-04-11-a-10.54.23.png","width":940,"height":1246},{"@type":["WebPage","ItemPage"],"@id":"https:\/\/nationalstore.be\/fr\/produit\/waly-etagere-flottante-set-2#webpage","url":"https:\/\/nationalstore.be\/fr\/produit\/waly-etagere-flottante-set-2","name":"WALY Etag\u00e8re flottante \u2013 Set 2 | E-shop artistes belges","isPartOf":{"@id":"https:\/\/nationalstore.be\/fr#website"},"primaryImageOfPage":{"@id":"https:\/\/nationalstore.be\/fr\/produit\/waly-etagere-flottante-set-2#primaryimage"},"datePublished":"2022-04-15T13:21:14+00:00","dateModified":"2022-06-25T13:25:18+00:00","description":"\u00c9tag\u00e8res autoportantes. Deux coloris de bois : fr\u00eane blanchi et fr\u00eane lasur\u00e9 noir. Cordon en cuir color\u00e9 \u00e0 la teinture aniline orange br\u00fbl\u00e9.","breadcrumb":{"@id":"https:\/\/nationalstore.be\/fr\/produit\/waly-etagere-flottante-set-2#breadcrumb"},"inLanguage":"fr-FR","potentialAction":[{"@type":"ReadAction","target":["https:\/\/nationalstore.be\/fr\/produit\/waly-etagere-flottante-set-2"]}]},{"@type":"BreadcrumbList","@id":"https:\/\/nationalstore.be\/fr\/produit\/waly-etagere-flottante-set-2#breadcrumb","itemListElement":[{"@type":"ListItem","position":1,"name":"Home","item":"https:\/\/nationalstore.be\/fr"},{"@type":"ListItem","position":2,"name":"Produits","item":"https:\/\/nationalstore.be\/fr\/shop"},{"@type":"ListItem","position":3,"name":"Subcategories","item":"https:\/\/nationalstore.be\/fr\/pc\/subcategories-fr"},{"@type":"ListItem","position":4,"name":"Design &amp; Durabilit\u00e9","item":"https:\/\/nationalstore.be\/fr\/pc\/subcategories-fr\/design-durabilite"},{"@type":"ListItem","position":5,"name":"WALY Etag\u00e8re flottante \u2013 Set 2"}]}]}},"_links":{"self":[{"href":"https:\/\/nationalstore.be\/fr\/wp-json\/wp\/v2\/product\/33352"}],"collection":[{"href":"https:\/\/nationalstore.be\/fr\/wp-json\/wp\/v2\/product"}],"about":[{"href":"https:\/\/nationalstore.be\/fr\/wp-json\/wp\/v2\/types\/product"}],"wp:featuredmedia":[{"embeddable":true,"href":"https:\/\/nationalstore.be\/fr\/wp-json\/wp\/v2\/media\/32929"}],"wp:attachment":[{"href":"https:\/\/nationalstore.be\/fr\/wp-json\/wp\/v2\/media?parent=33352"}],"wp:term":[{"taxonomy":"product_cat","embeddable":true,"href":"https:\/\/nationalstore.be\/fr\/wp-json\/wp\/v2\/product_cat?post=33352"},{"taxonomy":"product_tag","embeddable":true,"href":"https:\/\/nationalstore.be\/fr\/wp-json\/wp\/v2\/product_tag?post=33352"}],"curies":[{"name":"wp","href":"https:\/\/api.w.org\/{rel}","templated":true}]}}