{"id":33273,"date":"2022-06-25T15:42:13","date_gmt":"2022-04-12T13:36:16","guid":{"rendered":"https:\/\/nationalstore.be\/?post_type=product&#038;p=33273"},"modified":"2022-06-25T15:43:02","modified_gmt":"2022-06-25T13:43:02","slug":"etagere-simply-sans-miroir-blanc-foggy","status":"publish","type":"product","link":"https:\/\/nationalstore.be\/fr\/produit\/etagere-simply-sans-miroir-blanc-foggy","title":{"rendered":"Etag\u00e8re SIMPLY sans miroir blanc \/ foggy"},"content":{"rendered":"<p>R\u00e9alis\u00e9e en m\u00e9tal pli\u00e9, SIMPLY est une \u00e9tag\u00e8re fine et l\u00e9g\u00e8re qui se fixe facilement \u00e0 tout type de support.<\/p>\n<p>La modularit\u00e9 de l\u2019\u00e9tag\u00e8re r\u00e9side dans la magn\u00e9tisation des diff\u00e9rents \u00e9l\u00e9ments qui la constituent et autorisent toutes les variations possibles selon les envies ou besoins de chacun.<\/p>\n<p>L\u2019\u00e9tag\u00e8re trouve ainsi sa place dans n\u2019importe quelle pi\u00e8ce de la maison, pour y accueillir livres, bibelots, courrier, produits de maquillage, bijoux clefs&#8230;<\/p>\n<p>La designer l\u2019a imagin\u00e9e en deux versions : un set de quatre pi\u00e8ces ou un set de trois pi\u00e8ces assorties d\u2019un miroir ; et d\u00e9clin\u00e9e en deux coloris : blanc poudr\u00e9 pour la SIMPLY White ou acier foggy light pour la version SIMPLY Foggy.<\/p>\n","protected":false},"excerpt":{"rendered":"<p>\u00c9tag\u00e8re en m\u00e9tal pli\u00e9 comprenant diff\u00e9rents \u00e9l\u00e9ments magn\u00e9tiques pouvant \u00eatre modul\u00e9s selon ses envies.<br data-mce-bogus=\"1\"><\/p>\n","protected":false},"featured_media":32654,"template":"","meta":[],"product_cat":[3121,1589,527,2311,550,2903],"product_tag":[1272,1080,3134,823,825],"yoast_head":"<!-- This site is optimized with the Yoast SEO plugin v19.1 - https:\/\/yoast.com\/wordpress\/plugins\/seo\/ -->\n<title>Etag\u00e8re SIMPLY sans miroir blanc \/ foggy | E-shop artistes belges<\/title>\n<meta name=\"description\" content=\"\u00c9tag\u00e8re en m\u00e9tal pli\u00e9 comprenant diff\u00e9rents \u00e9l\u00e9ments magn\u00e9tiques pouvant \u00eatre modul\u00e9s selon ses envies.\" \/>\n<meta name=\"robots\" content=\"index, follow, max-snippet:-1, max-image-preview:large, max-video-preview:-1\" \/>\n<link rel=\"canonical\" href=\"https:\/\/nationalstore.be\/fr\/produit\/etagere-simply-sans-miroir-blanc-foggy\" \/>\n<meta property=\"og:locale\" content=\"fr_FR\" \/>\n<meta property=\"og:type\" content=\"article\" \/>\n<meta property=\"og:title\" content=\"Etag\u00e8re SIMPLY sans miroir blanc \/ foggy | E-shop artistes belges\" \/>\n<meta property=\"og:description\" content=\"\u00c9tag\u00e8re en m\u00e9tal pli\u00e9 comprenant diff\u00e9rents \u00e9l\u00e9ments magn\u00e9tiques pouvant \u00eatre modul\u00e9s selon ses envies.\" \/>\n<meta property=\"og:url\" content=\"https:\/\/nationalstore.be\/fr\/produit\/etagere-simply-sans-miroir-blanc-foggy\" \/>\n<meta property=\"og:site_name\" content=\"NATIONA(A)L ARTIST SUPERMARKET\" \/>\n<meta property=\"article:publisher\" content=\"https:\/\/www.facebook.com\/nationalstore\/?ref=br_rs\" \/>\n<meta property=\"article:modified_time\" content=\"2022-06-25T13:43:02+00:00\" \/>\n<meta property=\"og:image\" content=\"https:\/\/nationalstore.be\/wp-content\/uploads\/2022\/04\/Capture-decran-2022-04-01-a-15.32.39.png\" \/>\n\t<meta property=\"og:image:width\" content=\"624\" \/>\n\t<meta property=\"og:image:height\" content=\"980\" \/>\n\t<meta property=\"og:image:type\" content=\"image\/png\" \/>\n<meta name=\"twitter:card\" content=\"summary_large_image\" \/>\n<meta name=\"twitter:site\" content=\"@Nationalstore\" \/>\n<meta name=\"twitter:label1\" content=\"Dur\u00e9e de lecture estim\u00e9e\" \/>\n\t<meta name=\"twitter:data1\" content=\"1 minute\" \/>\n<script type=\"application\/ld+json\" class=\"yoast-schema-graph\">{\"@context\":\"https:\/\/schema.org\",\"@graph\":[{\"@type\":\"Organization\",\"@id\":\"https:\/\/nationalstore.be\/fr#organization\",\"name\":\"NATIONA(A)L ARTIST MARKET\",\"url\":\"https:\/\/nationalstore.be\/fr\",\"sameAs\":[\"https:\/\/www.instagram.com\/nationalstore\/\",\"https:\/\/www.facebook.com\/nationalstore\/?ref=br_rs\",\"https:\/\/twitter.com\/Nationalstore\"],\"logo\":{\"@type\":\"ImageObject\",\"inLanguage\":\"fr-FR\",\"@id\":\"https:\/\/nationalstore.be\/fr#\/schema\/logo\/image\/\",\"url\":\"https:\/\/nationalstore.be\/wp-content\/uploads\/2024\/03\/nationaal-logo_mauve-cmjn.png\",\"contentUrl\":\"https:\/\/nationalstore.be\/wp-content\/uploads\/2024\/03\/nationaal-logo_mauve-cmjn.png\",\"width\":3475,\"height\":1352,\"caption\":\"NATIONA(A)L ARTIST MARKET\"},\"image\":{\"@id\":\"https:\/\/nationalstore.be\/fr#\/schema\/logo\/image\/\"}},{\"@type\":\"WebSite\",\"@id\":\"https:\/\/nationalstore.be\/fr#website\",\"url\":\"https:\/\/nationalstore.be\/fr\",\"name\":\"NATIONA(A)L ARTIST SUPERMARKET\",\"description\":\"\",\"publisher\":{\"@id\":\"https:\/\/nationalstore.be\/fr#organization\"},\"potentialAction\":[{\"@type\":\"SearchAction\",\"target\":{\"@type\":\"EntryPoint\",\"urlTemplate\":\"https:\/\/nationalstore.be\/fr?s={search_term_string}\"},\"query-input\":\"required name=search_term_string\"}],\"inLanguage\":\"fr-FR\"},{\"@type\":\"ImageObject\",\"inLanguage\":\"fr-FR\",\"@id\":\"https:\/\/nationalstore.be\/fr\/produit\/etagere-simply-sans-miroir-blanc-foggy#primaryimage\",\"url\":\"https:\/\/nationalstore.be\/wp-content\/uploads\/2022\/04\/Capture-decran-2022-04-01-a-15.32.39.png\",\"contentUrl\":\"https:\/\/nationalstore.be\/wp-content\/uploads\/2022\/04\/Capture-decran-2022-04-01-a-15.32.39.png\",\"width\":624,\"height\":980},{\"@type\":[\"WebPage\",\"ItemPage\"],\"@id\":\"https:\/\/nationalstore.be\/fr\/produit\/etagere-simply-sans-miroir-blanc-foggy#webpage\",\"url\":\"https:\/\/nationalstore.be\/fr\/produit\/etagere-simply-sans-miroir-blanc-foggy\",\"name\":\"Etag\u00e8re SIMPLY sans miroir blanc \/ foggy | E-shop artistes belges\",\"isPartOf\":{\"@id\":\"https:\/\/nationalstore.be\/fr#website\"},\"primaryImageOfPage\":{\"@id\":\"https:\/\/nationalstore.be\/fr\/produit\/etagere-simply-sans-miroir-blanc-foggy#primaryimage\"},\"datePublished\":\"2022-04-12T13:36:16+00:00\",\"dateModified\":\"2022-06-25T13:43:02+00:00\",\"description\":\"\u00c9tag\u00e8re en m\u00e9tal pli\u00e9 comprenant diff\u00e9rents \u00e9l\u00e9ments magn\u00e9tiques pouvant \u00eatre modul\u00e9s selon ses envies.\",\"breadcrumb\":{\"@id\":\"https:\/\/nationalstore.be\/fr\/produit\/etagere-simply-sans-miroir-blanc-foggy#breadcrumb\"},\"inLanguage\":\"fr-FR\",\"potentialAction\":[{\"@type\":\"ReadAction\",\"target\":[\"https:\/\/nationalstore.be\/fr\/produit\/etagere-simply-sans-miroir-blanc-foggy\"]}]},{\"@type\":\"BreadcrumbList\",\"@id\":\"https:\/\/nationalstore.be\/fr\/produit\/etagere-simply-sans-miroir-blanc-foggy#breadcrumb\",\"itemListElement\":[{\"@type\":\"ListItem\",\"position\":1,\"name\":\"Home\",\"item\":\"https:\/\/nationalstore.be\/fr\"},{\"@type\":\"ListItem\",\"position\":2,\"name\":\"Produits\",\"item\":\"https:\/\/nationalstore.be\/fr\/shop\"},{\"@type\":\"ListItem\",\"position\":3,\"name\":\"Subcategories\",\"item\":\"https:\/\/nationalstore.be\/fr\/pc\/subcategories-fr\"},{\"@type\":\"ListItem\",\"position\":4,\"name\":\"Design &amp; Durabilit\u00e9\",\"item\":\"https:\/\/nationalstore.be\/fr\/pc\/subcategories-fr\/design-durabilite\"},{\"@type\":\"ListItem\",\"position\":5,\"name\":\"Etag\u00e8re SIMPLY sans miroir blanc \/ foggy\"}]}]}<\/script>\n<!-- \/ Yoast SEO plugin. -->","yoast_head_json":{"title":"Etag\u00e8re SIMPLY sans miroir blanc \/ foggy | E-shop artistes belges","description":"\u00c9tag\u00e8re en m\u00e9tal pli\u00e9 comprenant diff\u00e9rents \u00e9l\u00e9ments magn\u00e9tiques pouvant \u00eatre modul\u00e9s selon ses envies.","robots":{"index":"index","follow":"follow","max-snippet":"max-snippet:-1","max-image-preview":"max-image-preview:large","max-video-preview":"max-video-preview:-1"},"canonical":"https:\/\/nationalstore.be\/fr\/produit\/etagere-simply-sans-miroir-blanc-foggy","og_locale":"fr_FR","og_type":"article","og_title":"Etag\u00e8re SIMPLY sans miroir blanc \/ foggy | E-shop artistes belges","og_description":"\u00c9tag\u00e8re en m\u00e9tal pli\u00e9 comprenant diff\u00e9rents \u00e9l\u00e9ments magn\u00e9tiques pouvant \u00eatre modul\u00e9s selon ses envies.","og_url":"https:\/\/nationalstore.be\/fr\/produit\/etagere-simply-sans-miroir-blanc-foggy","og_site_name":"NATIONA(A)L ARTIST SUPERMARKET","article_publisher":"https:\/\/www.facebook.com\/nationalstore\/?ref=br_rs","article_modified_time":"2022-06-25T13:43:02+00:00","og_image":[{"width":624,"height":980,"url":"https:\/\/nationalstore.be\/wp-content\/uploads\/2022\/04\/Capture-decran-2022-04-01-a-15.32.39.png","type":"image\/png"}],"twitter_card":"summary_large_image","twitter_site":"@Nationalstore","twitter_misc":{"Dur\u00e9e de lecture estim\u00e9e":"1 minute"},"schema":{"@context":"https:\/\/schema.org","@graph":[{"@type":"Organization","@id":"https:\/\/nationalstore.be\/fr#organization","name":"NATIONA(A)L ARTIST MARKET","url":"https:\/\/nationalstore.be\/fr","sameAs":["https:\/\/www.instagram.com\/nationalstore\/","https:\/\/www.facebook.com\/nationalstore\/?ref=br_rs","https:\/\/twitter.com\/Nationalstore"],"logo":{"@type":"ImageObject","inLanguage":"fr-FR","@id":"https:\/\/nationalstore.be\/fr#\/schema\/logo\/image\/","url":"https:\/\/nationalstore.be\/wp-content\/uploads\/2024\/03\/nationaal-logo_mauve-cmjn.png","contentUrl":"https:\/\/nationalstore.be\/wp-content\/uploads\/2024\/03\/nationaal-logo_mauve-cmjn.png","width":3475,"height":1352,"caption":"NATIONA(A)L ARTIST MARKET"},"image":{"@id":"https:\/\/nationalstore.be\/fr#\/schema\/logo\/image\/"}},{"@type":"WebSite","@id":"https:\/\/nationalstore.be\/fr#website","url":"https:\/\/nationalstore.be\/fr","name":"NATIONA(A)L ARTIST SUPERMARKET","description":"","publisher":{"@id":"https:\/\/nationalstore.be\/fr#organization"},"potentialAction":[{"@type":"SearchAction","target":{"@type":"EntryPoint","urlTemplate":"https:\/\/nationalstore.be\/fr?s={search_term_string}"},"query-input":"required name=search_term_string"}],"inLanguage":"fr-FR"},{"@type":"ImageObject","inLanguage":"fr-FR","@id":"https:\/\/nationalstore.be\/fr\/produit\/etagere-simply-sans-miroir-blanc-foggy#primaryimage","url":"https:\/\/nationalstore.be\/wp-content\/uploads\/2022\/04\/Capture-decran-2022-04-01-a-15.32.39.png","contentUrl":"https:\/\/nationalstore.be\/wp-content\/uploads\/2022\/04\/Capture-decran-2022-04-01-a-15.32.39.png","width":624,"height":980},{"@type":["WebPage","ItemPage"],"@id":"https:\/\/nationalstore.be\/fr\/produit\/etagere-simply-sans-miroir-blanc-foggy#webpage","url":"https:\/\/nationalstore.be\/fr\/produit\/etagere-simply-sans-miroir-blanc-foggy","name":"Etag\u00e8re SIMPLY sans miroir blanc \/ foggy | E-shop artistes belges","isPartOf":{"@id":"https:\/\/nationalstore.be\/fr#website"},"primaryImageOfPage":{"@id":"https:\/\/nationalstore.be\/fr\/produit\/etagere-simply-sans-miroir-blanc-foggy#primaryimage"},"datePublished":"2022-04-12T13:36:16+00:00","dateModified":"2022-06-25T13:43:02+00:00","description":"\u00c9tag\u00e8re en m\u00e9tal pli\u00e9 comprenant diff\u00e9rents \u00e9l\u00e9ments magn\u00e9tiques pouvant \u00eatre modul\u00e9s selon ses envies.","breadcrumb":{"@id":"https:\/\/nationalstore.be\/fr\/produit\/etagere-simply-sans-miroir-blanc-foggy#breadcrumb"},"inLanguage":"fr-FR","potentialAction":[{"@type":"ReadAction","target":["https:\/\/nationalstore.be\/fr\/produit\/etagere-simply-sans-miroir-blanc-foggy"]}]},{"@type":"BreadcrumbList","@id":"https:\/\/nationalstore.be\/fr\/produit\/etagere-simply-sans-miroir-blanc-foggy#breadcrumb","itemListElement":[{"@type":"ListItem","position":1,"name":"Home","item":"https:\/\/nationalstore.be\/fr"},{"@type":"ListItem","position":2,"name":"Produits","item":"https:\/\/nationalstore.be\/fr\/shop"},{"@type":"ListItem","position":3,"name":"Subcategories","item":"https:\/\/nationalstore.be\/fr\/pc\/subcategories-fr"},{"@type":"ListItem","position":4,"name":"Design &amp; Durabilit\u00e9","item":"https:\/\/nationalstore.be\/fr\/pc\/subcategories-fr\/design-durabilite"},{"@type":"ListItem","position":5,"name":"Etag\u00e8re SIMPLY sans miroir blanc \/ foggy"}]}]}},"_links":{"self":[{"href":"https:\/\/nationalstore.be\/fr\/wp-json\/wp\/v2\/product\/33273"}],"collection":[{"href":"https:\/\/nationalstore.be\/fr\/wp-json\/wp\/v2\/product"}],"about":[{"href":"https:\/\/nationalstore.be\/fr\/wp-json\/wp\/v2\/types\/product"}],"wp:featuredmedia":[{"embeddable":true,"href":"https:\/\/nationalstore.be\/fr\/wp-json\/wp\/v2\/media\/32654"}],"wp:attachment":[{"href":"https:\/\/nationalstore.be\/fr\/wp-json\/wp\/v2\/media?parent=33273"}],"wp:term":[{"taxonomy":"product_cat","embeddable":true,"href":"https:\/\/nationalstore.be\/fr\/wp-json\/wp\/v2\/product_cat?post=33273"},{"taxonomy":"product_tag","embeddable":true,"href":"https:\/\/nationalstore.be\/fr\/wp-json\/wp\/v2\/product_tag?post=33273"}],"curies":[{"name":"wp","href":"https:\/\/api.w.org\/{rel}","templated":true}]}}