{"id":33247,"date":"2022-04-20T14:52:08","date_gmt":"2022-04-12T13:32:14","guid":{"rendered":"https:\/\/nationalstore.be\/?post_type=product&#038;p=33247"},"modified":"2022-07-01T10:52:44","modified_gmt":"2022-07-01T08:52:44","slug":"popyplate-frene-blanchi-frene-teinte-noir","status":"publish","type":"product","link":"https:\/\/nationalstore.be\/fr\/produit\/popyplate-frene-blanchi-frene-teinte-noir","title":{"rendered":"POPYPLATE fr\u00eane blanchi \/ fr\u00eane teint\u00e9 noir"},"content":{"rendered":"<p>A la fois \u00e9l\u00e9ment d&#8217;\u00e9clairage et de d\u00e9coration, POPY est le doux nom donn\u00e9 \u00e0 un petit plateau incurv\u00e9, compos\u00e9 d&#8217;une base arqu\u00e9e et surmont\u00e9 d&#8217;un disque, le tout en bois de fr\u00eane et r\u00e9alis\u00e9 par les mains expertes d&#8217;un tourneur sur bois en Belgique.<\/p>\n","protected":false},"excerpt":{"rendered":"<p>Install\u00e9 sur une table ou une console, POPYPLATEz vos bijoux, trombones ou autres petits objets du quotidien.<\/p>\n","protected":false},"featured_media":33757,"template":"","meta":[],"product_cat":[3121,1589,527,2311,2903,2986,3342],"product_tag":[1272,1080,3238,3134,823,825],"yoast_head":"<!-- This site is optimized with the Yoast SEO plugin v19.1 - https:\/\/yoast.com\/wordpress\/plugins\/seo\/ -->\n<title>POPYPLATE fr\u00eane blanchi \/ fr\u00eane teint\u00e9 noir | E-shop artistes belges<\/title>\n<meta name=\"description\" content=\"Petit plateau tout en courbes, compos\u00e9 d\u2019un pied en arc de cercle et surmont\u00e9 d\u2019un disque, le tout en bois de fr\u00eane. Deux coloris de bois : fr\u00eane blanchi et fr\u00eane lasur\u00e9 noir.\" \/>\n<meta name=\"robots\" content=\"index, follow, max-snippet:-1, max-image-preview:large, max-video-preview:-1\" \/>\n<link rel=\"canonical\" href=\"https:\/\/nationalstore.be\/fr\/produit\/popyplate-frene-blanchi-frene-teinte-noir\" \/>\n<meta property=\"og:locale\" content=\"fr_FR\" \/>\n<meta property=\"og:type\" content=\"article\" \/>\n<meta property=\"og:title\" content=\"POPYPLATE fr\u00eane blanchi \/ fr\u00eane teint\u00e9 noir | E-shop artistes belges\" \/>\n<meta property=\"og:description\" content=\"Petit plateau tout en courbes, compos\u00e9 d\u2019un pied en arc de cercle et surmont\u00e9 d\u2019un disque, le tout en bois de fr\u00eane. Deux coloris de bois : fr\u00eane blanchi et fr\u00eane lasur\u00e9 noir.\" \/>\n<meta property=\"og:url\" content=\"https:\/\/nationalstore.be\/fr\/produit\/popyplate-frene-blanchi-frene-teinte-noir\" \/>\n<meta property=\"og:site_name\" content=\"NATIONA(A)L ARTIST SUPERMARKET\" \/>\n<meta property=\"article:publisher\" content=\"https:\/\/www.facebook.com\/nationalstore\/?ref=br_rs\" \/>\n<meta property=\"article:modified_time\" content=\"2022-07-01T08:52:44+00:00\" \/>\n<meta property=\"og:image\" content=\"https:\/\/nationalstore.be\/wp-content\/uploads\/2022\/04\/mlle-jo-popyplate-blanc-1.jpeg\" \/>\n\t<meta property=\"og:image:width\" content=\"1086\" \/>\n\t<meta property=\"og:image:height\" content=\"1454\" \/>\n\t<meta property=\"og:image:type\" content=\"image\/jpeg\" \/>\n<meta name=\"twitter:card\" content=\"summary_large_image\" \/>\n<meta name=\"twitter:site\" content=\"@Nationalstore\" \/>\n<script type=\"application\/ld+json\" class=\"yoast-schema-graph\">{\"@context\":\"https:\/\/schema.org\",\"@graph\":[{\"@type\":\"Organization\",\"@id\":\"https:\/\/nationalstore.be\/fr#organization\",\"name\":\"NATIONA(A)L ARTIST MARKET\",\"url\":\"https:\/\/nationalstore.be\/fr\",\"sameAs\":[\"https:\/\/www.instagram.com\/nationalstore\/\",\"https:\/\/www.facebook.com\/nationalstore\/?ref=br_rs\",\"https:\/\/twitter.com\/Nationalstore\"],\"logo\":{\"@type\":\"ImageObject\",\"inLanguage\":\"fr-FR\",\"@id\":\"https:\/\/nationalstore.be\/fr#\/schema\/logo\/image\/\",\"url\":\"https:\/\/nationalstore.be\/wp-content\/uploads\/2024\/03\/nationaal-logo_mauve-cmjn.png\",\"contentUrl\":\"https:\/\/nationalstore.be\/wp-content\/uploads\/2024\/03\/nationaal-logo_mauve-cmjn.png\",\"width\":3475,\"height\":1352,\"caption\":\"NATIONA(A)L ARTIST MARKET\"},\"image\":{\"@id\":\"https:\/\/nationalstore.be\/fr#\/schema\/logo\/image\/\"}},{\"@type\":\"WebSite\",\"@id\":\"https:\/\/nationalstore.be\/fr#website\",\"url\":\"https:\/\/nationalstore.be\/fr\",\"name\":\"NATIONA(A)L ARTIST SUPERMARKET\",\"description\":\"\",\"publisher\":{\"@id\":\"https:\/\/nationalstore.be\/fr#organization\"},\"potentialAction\":[{\"@type\":\"SearchAction\",\"target\":{\"@type\":\"EntryPoint\",\"urlTemplate\":\"https:\/\/nationalstore.be\/fr?s={search_term_string}\"},\"query-input\":\"required name=search_term_string\"}],\"inLanguage\":\"fr-FR\"},{\"@type\":\"ImageObject\",\"inLanguage\":\"fr-FR\",\"@id\":\"https:\/\/nationalstore.be\/fr\/produit\/popyplate-frene-blanchi-frene-teinte-noir#primaryimage\",\"url\":\"https:\/\/nationalstore.be\/wp-content\/uploads\/2022\/04\/mlle-jo-popyplate-blanc-1.jpeg\",\"contentUrl\":\"https:\/\/nationalstore.be\/wp-content\/uploads\/2022\/04\/mlle-jo-popyplate-blanc-1.jpeg\",\"width\":1086,\"height\":1454},{\"@type\":[\"WebPage\",\"ItemPage\"],\"@id\":\"https:\/\/nationalstore.be\/fr\/produit\/popyplate-frene-blanchi-frene-teinte-noir#webpage\",\"url\":\"https:\/\/nationalstore.be\/fr\/produit\/popyplate-frene-blanchi-frene-teinte-noir\",\"name\":\"POPYPLATE fr\u00eane blanchi \/ fr\u00eane teint\u00e9 noir | E-shop artistes belges\",\"isPartOf\":{\"@id\":\"https:\/\/nationalstore.be\/fr#website\"},\"primaryImageOfPage\":{\"@id\":\"https:\/\/nationalstore.be\/fr\/produit\/popyplate-frene-blanchi-frene-teinte-noir#primaryimage\"},\"datePublished\":\"2022-04-12T13:32:14+00:00\",\"dateModified\":\"2022-07-01T08:52:44+00:00\",\"description\":\"Petit plateau tout en courbes, compos\u00e9 d\u2019un pied en arc de cercle et surmont\u00e9 d\u2019un disque, le tout en bois de fr\u00eane. Deux coloris de bois : fr\u00eane blanchi et fr\u00eane lasur\u00e9 noir.\",\"breadcrumb\":{\"@id\":\"https:\/\/nationalstore.be\/fr\/produit\/popyplate-frene-blanchi-frene-teinte-noir#breadcrumb\"},\"inLanguage\":\"fr-FR\",\"potentialAction\":[{\"@type\":\"ReadAction\",\"target\":[\"https:\/\/nationalstore.be\/fr\/produit\/popyplate-frene-blanchi-frene-teinte-noir\"]}]},{\"@type\":\"BreadcrumbList\",\"@id\":\"https:\/\/nationalstore.be\/fr\/produit\/popyplate-frene-blanchi-frene-teinte-noir#breadcrumb\",\"itemListElement\":[{\"@type\":\"ListItem\",\"position\":1,\"name\":\"Home\",\"item\":\"https:\/\/nationalstore.be\/fr\"},{\"@type\":\"ListItem\",\"position\":2,\"name\":\"Produits\",\"item\":\"https:\/\/nationalstore.be\/fr\/shop\"},{\"@type\":\"ListItem\",\"position\":3,\"name\":\"Design &amp; Durabilit\u00e9\",\"item\":\"https:\/\/nationalstore.be\/fr\/pc\/subcategories-fr\/design-durabilite\"},{\"@type\":\"ListItem\",\"position\":4,\"name\":\"POPYPLATE fr\u00eane blanchi \/ fr\u00eane teint\u00e9 noir\"}]}]}<\/script>\n<!-- \/ Yoast SEO plugin. -->","yoast_head_json":{"title":"POPYPLATE fr\u00eane blanchi \/ fr\u00eane teint\u00e9 noir | E-shop artistes belges","description":"Petit plateau tout en courbes, compos\u00e9 d\u2019un pied en arc de cercle et surmont\u00e9 d\u2019un disque, le tout en bois de fr\u00eane. Deux coloris de bois : fr\u00eane blanchi et fr\u00eane lasur\u00e9 noir.","robots":{"index":"index","follow":"follow","max-snippet":"max-snippet:-1","max-image-preview":"max-image-preview:large","max-video-preview":"max-video-preview:-1"},"canonical":"https:\/\/nationalstore.be\/fr\/produit\/popyplate-frene-blanchi-frene-teinte-noir","og_locale":"fr_FR","og_type":"article","og_title":"POPYPLATE fr\u00eane blanchi \/ fr\u00eane teint\u00e9 noir | E-shop artistes belges","og_description":"Petit plateau tout en courbes, compos\u00e9 d\u2019un pied en arc de cercle et surmont\u00e9 d\u2019un disque, le tout en bois de fr\u00eane. Deux coloris de bois : fr\u00eane blanchi et fr\u00eane lasur\u00e9 noir.","og_url":"https:\/\/nationalstore.be\/fr\/produit\/popyplate-frene-blanchi-frene-teinte-noir","og_site_name":"NATIONA(A)L ARTIST SUPERMARKET","article_publisher":"https:\/\/www.facebook.com\/nationalstore\/?ref=br_rs","article_modified_time":"2022-07-01T08:52:44+00:00","og_image":[{"width":1086,"height":1454,"url":"https:\/\/nationalstore.be\/wp-content\/uploads\/2022\/04\/mlle-jo-popyplate-blanc-1.jpeg","type":"image\/jpeg"}],"twitter_card":"summary_large_image","twitter_site":"@Nationalstore","schema":{"@context":"https:\/\/schema.org","@graph":[{"@type":"Organization","@id":"https:\/\/nationalstore.be\/fr#organization","name":"NATIONA(A)L ARTIST MARKET","url":"https:\/\/nationalstore.be\/fr","sameAs":["https:\/\/www.instagram.com\/nationalstore\/","https:\/\/www.facebook.com\/nationalstore\/?ref=br_rs","https:\/\/twitter.com\/Nationalstore"],"logo":{"@type":"ImageObject","inLanguage":"fr-FR","@id":"https:\/\/nationalstore.be\/fr#\/schema\/logo\/image\/","url":"https:\/\/nationalstore.be\/wp-content\/uploads\/2024\/03\/nationaal-logo_mauve-cmjn.png","contentUrl":"https:\/\/nationalstore.be\/wp-content\/uploads\/2024\/03\/nationaal-logo_mauve-cmjn.png","width":3475,"height":1352,"caption":"NATIONA(A)L ARTIST MARKET"},"image":{"@id":"https:\/\/nationalstore.be\/fr#\/schema\/logo\/image\/"}},{"@type":"WebSite","@id":"https:\/\/nationalstore.be\/fr#website","url":"https:\/\/nationalstore.be\/fr","name":"NATIONA(A)L ARTIST SUPERMARKET","description":"","publisher":{"@id":"https:\/\/nationalstore.be\/fr#organization"},"potentialAction":[{"@type":"SearchAction","target":{"@type":"EntryPoint","urlTemplate":"https:\/\/nationalstore.be\/fr?s={search_term_string}"},"query-input":"required name=search_term_string"}],"inLanguage":"fr-FR"},{"@type":"ImageObject","inLanguage":"fr-FR","@id":"https:\/\/nationalstore.be\/fr\/produit\/popyplate-frene-blanchi-frene-teinte-noir#primaryimage","url":"https:\/\/nationalstore.be\/wp-content\/uploads\/2022\/04\/mlle-jo-popyplate-blanc-1.jpeg","contentUrl":"https:\/\/nationalstore.be\/wp-content\/uploads\/2022\/04\/mlle-jo-popyplate-blanc-1.jpeg","width":1086,"height":1454},{"@type":["WebPage","ItemPage"],"@id":"https:\/\/nationalstore.be\/fr\/produit\/popyplate-frene-blanchi-frene-teinte-noir#webpage","url":"https:\/\/nationalstore.be\/fr\/produit\/popyplate-frene-blanchi-frene-teinte-noir","name":"POPYPLATE fr\u00eane blanchi \/ fr\u00eane teint\u00e9 noir | E-shop artistes belges","isPartOf":{"@id":"https:\/\/nationalstore.be\/fr#website"},"primaryImageOfPage":{"@id":"https:\/\/nationalstore.be\/fr\/produit\/popyplate-frene-blanchi-frene-teinte-noir#primaryimage"},"datePublished":"2022-04-12T13:32:14+00:00","dateModified":"2022-07-01T08:52:44+00:00","description":"Petit plateau tout en courbes, compos\u00e9 d\u2019un pied en arc de cercle et surmont\u00e9 d\u2019un disque, le tout en bois de fr\u00eane. Deux coloris de bois : fr\u00eane blanchi et fr\u00eane lasur\u00e9 noir.","breadcrumb":{"@id":"https:\/\/nationalstore.be\/fr\/produit\/popyplate-frene-blanchi-frene-teinte-noir#breadcrumb"},"inLanguage":"fr-FR","potentialAction":[{"@type":"ReadAction","target":["https:\/\/nationalstore.be\/fr\/produit\/popyplate-frene-blanchi-frene-teinte-noir"]}]},{"@type":"BreadcrumbList","@id":"https:\/\/nationalstore.be\/fr\/produit\/popyplate-frene-blanchi-frene-teinte-noir#breadcrumb","itemListElement":[{"@type":"ListItem","position":1,"name":"Home","item":"https:\/\/nationalstore.be\/fr"},{"@type":"ListItem","position":2,"name":"Produits","item":"https:\/\/nationalstore.be\/fr\/shop"},{"@type":"ListItem","position":3,"name":"Design &amp; Durabilit\u00e9","item":"https:\/\/nationalstore.be\/fr\/pc\/subcategories-fr\/design-durabilite"},{"@type":"ListItem","position":4,"name":"POPYPLATE fr\u00eane blanchi \/ fr\u00eane teint\u00e9 noir"}]}]}},"_links":{"self":[{"href":"https:\/\/nationalstore.be\/fr\/wp-json\/wp\/v2\/product\/33247"}],"collection":[{"href":"https:\/\/nationalstore.be\/fr\/wp-json\/wp\/v2\/product"}],"about":[{"href":"https:\/\/nationalstore.be\/fr\/wp-json\/wp\/v2\/types\/product"}],"wp:featuredmedia":[{"embeddable":true,"href":"https:\/\/nationalstore.be\/fr\/wp-json\/wp\/v2\/media\/33757"}],"wp:attachment":[{"href":"https:\/\/nationalstore.be\/fr\/wp-json\/wp\/v2\/media?parent=33247"}],"wp:term":[{"taxonomy":"product_cat","embeddable":true,"href":"https:\/\/nationalstore.be\/fr\/wp-json\/wp\/v2\/product_cat?post=33247"},{"taxonomy":"product_tag","embeddable":true,"href":"https:\/\/nationalstore.be\/fr\/wp-json\/wp\/v2\/product_tag?post=33247"}],"curies":[{"name":"wp","href":"https:\/\/api.w.org\/{rel}","templated":true}]}}