{"id":33224,"date":"2022-04-20T14:56:04","date_gmt":"2022-04-12T13:20:16","guid":{"rendered":"https:\/\/nationalstore.be\/?post_type=product&#038;p=33224"},"modified":"2025-07-07T11:44:08","modified_gmt":"2025-07-07T09:44:08","slug":"etagere-simply-avec-miroir-blanche-foggy","status":"publish","type":"product","link":"https:\/\/nationalstore.be\/fr\/produit\/etagere-simply-avec-miroir-blanche-foggy","title":{"rendered":"\u00c9tag\u00e8re SIMPLY avec miroir blanche \/ foggy"},"content":{"rendered":"<p>L&#8217;\u00e9tag\u00e8re peut \u00eatre plac\u00e9e dans n&#8217;importe quelle pi\u00e8ce de la maison pour accueillir livres, bibelots, courrier, produits de maquillage, bijoux, cl\u00e9s, etc.<\/p>\n<p>Le designer l&#8217;a con\u00e7ue en deux versions : un ensemble de quatre pi\u00e8ces ou un ensemble de trois pi\u00e8ces avec un miroir ; et disponible en deux couleurs : blanc poudr\u00e9 pour la version SIMPLY White ou acier clair embu\u00e9 pour la version SIMPLY Foggy.<\/p>\n","protected":false},"excerpt":{"rendered":"<p>R\u00e9alis\u00e9e en m\u00e9tal pli\u00e9, SIMPLY est une \u00e9tag\u00e8re fine et l\u00e9g\u00e8re qui se fixe facilement \u00e0 tout type de support.<\/p>\n<p>La modularit\u00e9 de l\u2019\u00e9tag\u00e8re r\u00e9side dans la magn\u00e9tisation des diff\u00e9rents \u00e9l\u00e9ments qui la constituent et autorisent toutes les variations possibles selon les envies ou besoins de chacun.<\/p>\n","protected":false},"featured_media":32664,"template":"","meta":[],"product_cat":[3121,1589,527,2311,550,2903,3342],"product_tag":[356,335,2046,3134,139,321],"yoast_head":"<!-- This site is optimized with the Yoast SEO plugin v19.1 - https:\/\/yoast.com\/wordpress\/plugins\/seo\/ -->\n<title>\u00c9tag\u00e8re SIMPLY avec miroir blanche \/ foggy | E-shop artistes belges<\/title>\n<meta name=\"description\" content=\"R\u00e9alis\u00e9e en m\u00e9tal pli\u00e9, SIMPLY est une \u00e9tag\u00e8re fine et l\u00e9g\u00e8re qui se fixe facilement \u00e0 tout type de support.\" \/>\n<meta name=\"robots\" content=\"index, follow, max-snippet:-1, max-image-preview:large, max-video-preview:-1\" \/>\n<link rel=\"canonical\" href=\"https:\/\/nationalstore.be\/fr\/produit\/etagere-simply-avec-miroir-blanche-foggy\" \/>\n<meta property=\"og:locale\" content=\"fr_FR\" \/>\n<meta property=\"og:type\" content=\"article\" \/>\n<meta property=\"og:title\" content=\"\u00c9tag\u00e8re SIMPLY avec miroir blanche \/ foggy | E-shop artistes belges\" \/>\n<meta property=\"og:description\" content=\"R\u00e9alis\u00e9e en m\u00e9tal pli\u00e9, SIMPLY est une \u00e9tag\u00e8re fine et l\u00e9g\u00e8re qui se fixe facilement \u00e0 tout type de support.\" \/>\n<meta property=\"og:url\" content=\"https:\/\/nationalstore.be\/fr\/produit\/etagere-simply-avec-miroir-blanche-foggy\" \/>\n<meta property=\"og:site_name\" content=\"NATIONA(A)L ARTIST SUPERMARKET\" \/>\n<meta property=\"article:publisher\" content=\"https:\/\/www.facebook.com\/nationalstore\/?ref=br_rs\" \/>\n<meta property=\"article:modified_time\" content=\"2025-07-07T09:44:08+00:00\" \/>\n<meta property=\"og:image\" content=\"https:\/\/nationalstore.be\/wp-content\/uploads\/2022\/04\/Capture-decran-2022-04-02-a-03.41.35.png\" \/>\n\t<meta property=\"og:image:width\" content=\"948\" \/>\n\t<meta property=\"og:image:height\" content=\"1164\" \/>\n\t<meta property=\"og:image:type\" content=\"image\/png\" \/>\n<meta name=\"twitter:card\" content=\"summary_large_image\" \/>\n<meta name=\"twitter:site\" content=\"@Nationalstore\" \/>\n<script type=\"application\/ld+json\" class=\"yoast-schema-graph\">{\"@context\":\"https:\/\/schema.org\",\"@graph\":[{\"@type\":\"Organization\",\"@id\":\"https:\/\/nationalstore.be\/fr#organization\",\"name\":\"NATIONA(A)L ARTIST MARKET\",\"url\":\"https:\/\/nationalstore.be\/fr\",\"sameAs\":[\"https:\/\/www.instagram.com\/nationalstore\/\",\"https:\/\/www.facebook.com\/nationalstore\/?ref=br_rs\",\"https:\/\/twitter.com\/Nationalstore\"],\"logo\":{\"@type\":\"ImageObject\",\"inLanguage\":\"fr-FR\",\"@id\":\"https:\/\/nationalstore.be\/fr#\/schema\/logo\/image\/\",\"url\":\"https:\/\/nationalstore.be\/wp-content\/uploads\/2024\/03\/nationaal-logo_mauve-cmjn.png\",\"contentUrl\":\"https:\/\/nationalstore.be\/wp-content\/uploads\/2024\/03\/nationaal-logo_mauve-cmjn.png\",\"width\":3475,\"height\":1352,\"caption\":\"NATIONA(A)L ARTIST MARKET\"},\"image\":{\"@id\":\"https:\/\/nationalstore.be\/fr#\/schema\/logo\/image\/\"}},{\"@type\":\"WebSite\",\"@id\":\"https:\/\/nationalstore.be\/fr#website\",\"url\":\"https:\/\/nationalstore.be\/fr\",\"name\":\"NATIONA(A)L ARTIST SUPERMARKET\",\"description\":\"\",\"publisher\":{\"@id\":\"https:\/\/nationalstore.be\/fr#organization\"},\"potentialAction\":[{\"@type\":\"SearchAction\",\"target\":{\"@type\":\"EntryPoint\",\"urlTemplate\":\"https:\/\/nationalstore.be\/fr?s={search_term_string}\"},\"query-input\":\"required name=search_term_string\"}],\"inLanguage\":\"fr-FR\"},{\"@type\":\"ImageObject\",\"inLanguage\":\"fr-FR\",\"@id\":\"https:\/\/nationalstore.be\/fr\/produit\/etagere-simply-avec-miroir-blanche-foggy#primaryimage\",\"url\":\"https:\/\/nationalstore.be\/wp-content\/uploads\/2022\/04\/Capture-decran-2022-04-02-a-03.41.35.png\",\"contentUrl\":\"https:\/\/nationalstore.be\/wp-content\/uploads\/2022\/04\/Capture-decran-2022-04-02-a-03.41.35.png\",\"width\":948,\"height\":1164},{\"@type\":[\"WebPage\",\"ItemPage\"],\"@id\":\"https:\/\/nationalstore.be\/fr\/produit\/etagere-simply-avec-miroir-blanche-foggy#webpage\",\"url\":\"https:\/\/nationalstore.be\/fr\/produit\/etagere-simply-avec-miroir-blanche-foggy\",\"name\":\"\u00c9tag\u00e8re SIMPLY avec miroir blanche \/ foggy | E-shop artistes belges\",\"isPartOf\":{\"@id\":\"https:\/\/nationalstore.be\/fr#website\"},\"primaryImageOfPage\":{\"@id\":\"https:\/\/nationalstore.be\/fr\/produit\/etagere-simply-avec-miroir-blanche-foggy#primaryimage\"},\"datePublished\":\"2022-04-12T13:20:16+00:00\",\"dateModified\":\"2025-07-07T09:44:08+00:00\",\"description\":\"R\u00e9alis\u00e9e en m\u00e9tal pli\u00e9, SIMPLY est une \u00e9tag\u00e8re fine et l\u00e9g\u00e8re qui se fixe facilement \u00e0 tout type de support.\",\"breadcrumb\":{\"@id\":\"https:\/\/nationalstore.be\/fr\/produit\/etagere-simply-avec-miroir-blanche-foggy#breadcrumb\"},\"inLanguage\":\"fr-FR\",\"potentialAction\":[{\"@type\":\"ReadAction\",\"target\":[\"https:\/\/nationalstore.be\/fr\/produit\/etagere-simply-avec-miroir-blanche-foggy\"]}]},{\"@type\":\"BreadcrumbList\",\"@id\":\"https:\/\/nationalstore.be\/fr\/produit\/etagere-simply-avec-miroir-blanche-foggy#breadcrumb\",\"itemListElement\":[{\"@type\":\"ListItem\",\"position\":1,\"name\":\"Home\",\"item\":\"https:\/\/nationalstore.be\/fr\"},{\"@type\":\"ListItem\",\"position\":2,\"name\":\"Produits\",\"item\":\"https:\/\/nationalstore.be\/fr\/shop\"},{\"@type\":\"ListItem\",\"position\":3,\"name\":\"Design &amp; Durabilit\u00e9\",\"item\":\"https:\/\/nationalstore.be\/fr\/pc\/subcategories-fr\/design-durabilite\"},{\"@type\":\"ListItem\",\"position\":4,\"name\":\"\u00c9tag\u00e8re SIMPLY avec miroir blanche \/ foggy\"}]}]}<\/script>\n<!-- \/ Yoast SEO plugin. -->","yoast_head_json":{"title":"\u00c9tag\u00e8re SIMPLY avec miroir blanche \/ foggy | E-shop artistes belges","description":"R\u00e9alis\u00e9e en m\u00e9tal pli\u00e9, SIMPLY est une \u00e9tag\u00e8re fine et l\u00e9g\u00e8re qui se fixe facilement \u00e0 tout type de support.","robots":{"index":"index","follow":"follow","max-snippet":"max-snippet:-1","max-image-preview":"max-image-preview:large","max-video-preview":"max-video-preview:-1"},"canonical":"https:\/\/nationalstore.be\/fr\/produit\/etagere-simply-avec-miroir-blanche-foggy","og_locale":"fr_FR","og_type":"article","og_title":"\u00c9tag\u00e8re SIMPLY avec miroir blanche \/ foggy | E-shop artistes belges","og_description":"R\u00e9alis\u00e9e en m\u00e9tal pli\u00e9, SIMPLY est une \u00e9tag\u00e8re fine et l\u00e9g\u00e8re qui se fixe facilement \u00e0 tout type de support.","og_url":"https:\/\/nationalstore.be\/fr\/produit\/etagere-simply-avec-miroir-blanche-foggy","og_site_name":"NATIONA(A)L ARTIST SUPERMARKET","article_publisher":"https:\/\/www.facebook.com\/nationalstore\/?ref=br_rs","article_modified_time":"2025-07-07T09:44:08+00:00","og_image":[{"width":948,"height":1164,"url":"https:\/\/nationalstore.be\/wp-content\/uploads\/2022\/04\/Capture-decran-2022-04-02-a-03.41.35.png","type":"image\/png"}],"twitter_card":"summary_large_image","twitter_site":"@Nationalstore","schema":{"@context":"https:\/\/schema.org","@graph":[{"@type":"Organization","@id":"https:\/\/nationalstore.be\/fr#organization","name":"NATIONA(A)L ARTIST MARKET","url":"https:\/\/nationalstore.be\/fr","sameAs":["https:\/\/www.instagram.com\/nationalstore\/","https:\/\/www.facebook.com\/nationalstore\/?ref=br_rs","https:\/\/twitter.com\/Nationalstore"],"logo":{"@type":"ImageObject","inLanguage":"fr-FR","@id":"https:\/\/nationalstore.be\/fr#\/schema\/logo\/image\/","url":"https:\/\/nationalstore.be\/wp-content\/uploads\/2024\/03\/nationaal-logo_mauve-cmjn.png","contentUrl":"https:\/\/nationalstore.be\/wp-content\/uploads\/2024\/03\/nationaal-logo_mauve-cmjn.png","width":3475,"height":1352,"caption":"NATIONA(A)L ARTIST MARKET"},"image":{"@id":"https:\/\/nationalstore.be\/fr#\/schema\/logo\/image\/"}},{"@type":"WebSite","@id":"https:\/\/nationalstore.be\/fr#website","url":"https:\/\/nationalstore.be\/fr","name":"NATIONA(A)L ARTIST SUPERMARKET","description":"","publisher":{"@id":"https:\/\/nationalstore.be\/fr#organization"},"potentialAction":[{"@type":"SearchAction","target":{"@type":"EntryPoint","urlTemplate":"https:\/\/nationalstore.be\/fr?s={search_term_string}"},"query-input":"required name=search_term_string"}],"inLanguage":"fr-FR"},{"@type":"ImageObject","inLanguage":"fr-FR","@id":"https:\/\/nationalstore.be\/fr\/produit\/etagere-simply-avec-miroir-blanche-foggy#primaryimage","url":"https:\/\/nationalstore.be\/wp-content\/uploads\/2022\/04\/Capture-decran-2022-04-02-a-03.41.35.png","contentUrl":"https:\/\/nationalstore.be\/wp-content\/uploads\/2022\/04\/Capture-decran-2022-04-02-a-03.41.35.png","width":948,"height":1164},{"@type":["WebPage","ItemPage"],"@id":"https:\/\/nationalstore.be\/fr\/produit\/etagere-simply-avec-miroir-blanche-foggy#webpage","url":"https:\/\/nationalstore.be\/fr\/produit\/etagere-simply-avec-miroir-blanche-foggy","name":"\u00c9tag\u00e8re SIMPLY avec miroir blanche \/ foggy | E-shop artistes belges","isPartOf":{"@id":"https:\/\/nationalstore.be\/fr#website"},"primaryImageOfPage":{"@id":"https:\/\/nationalstore.be\/fr\/produit\/etagere-simply-avec-miroir-blanche-foggy#primaryimage"},"datePublished":"2022-04-12T13:20:16+00:00","dateModified":"2025-07-07T09:44:08+00:00","description":"R\u00e9alis\u00e9e en m\u00e9tal pli\u00e9, SIMPLY est une \u00e9tag\u00e8re fine et l\u00e9g\u00e8re qui se fixe facilement \u00e0 tout type de support.","breadcrumb":{"@id":"https:\/\/nationalstore.be\/fr\/produit\/etagere-simply-avec-miroir-blanche-foggy#breadcrumb"},"inLanguage":"fr-FR","potentialAction":[{"@type":"ReadAction","target":["https:\/\/nationalstore.be\/fr\/produit\/etagere-simply-avec-miroir-blanche-foggy"]}]},{"@type":"BreadcrumbList","@id":"https:\/\/nationalstore.be\/fr\/produit\/etagere-simply-avec-miroir-blanche-foggy#breadcrumb","itemListElement":[{"@type":"ListItem","position":1,"name":"Home","item":"https:\/\/nationalstore.be\/fr"},{"@type":"ListItem","position":2,"name":"Produits","item":"https:\/\/nationalstore.be\/fr\/shop"},{"@type":"ListItem","position":3,"name":"Design &amp; Durabilit\u00e9","item":"https:\/\/nationalstore.be\/fr\/pc\/subcategories-fr\/design-durabilite"},{"@type":"ListItem","position":4,"name":"\u00c9tag\u00e8re SIMPLY avec miroir blanche \/ foggy"}]}]}},"_links":{"self":[{"href":"https:\/\/nationalstore.be\/fr\/wp-json\/wp\/v2\/product\/33224"}],"collection":[{"href":"https:\/\/nationalstore.be\/fr\/wp-json\/wp\/v2\/product"}],"about":[{"href":"https:\/\/nationalstore.be\/fr\/wp-json\/wp\/v2\/types\/product"}],"wp:featuredmedia":[{"embeddable":true,"href":"https:\/\/nationalstore.be\/fr\/wp-json\/wp\/v2\/media\/32664"}],"wp:attachment":[{"href":"https:\/\/nationalstore.be\/fr\/wp-json\/wp\/v2\/media?parent=33224"}],"wp:term":[{"taxonomy":"product_cat","embeddable":true,"href":"https:\/\/nationalstore.be\/fr\/wp-json\/wp\/v2\/product_cat?post=33224"},{"taxonomy":"product_tag","embeddable":true,"href":"https:\/\/nationalstore.be\/fr\/wp-json\/wp\/v2\/product_tag?post=33224"}],"curies":[{"name":"wp","href":"https:\/\/api.w.org\/{rel}","templated":true}]}}