{"id":33206,"date":"2022-06-25T15:45:51","date_gmt":"2022-04-12T13:14:26","guid":{"rendered":"https:\/\/nationalstore.be\/?post_type=product&#038;p=33206"},"modified":"2022-06-25T15:46:38","modified_gmt":"2022-06-25T13:46:38","slug":"soliflore-blanc-noir-laiton","status":"publish","type":"product","link":"https:\/\/nationalstore.be\/fr\/produit\/soliflore-blanc-noir-laiton","title":{"rendered":"SOLIFLORE blanc\/noir\/laiton"},"content":{"rendered":"<p>Le soliflore est compos\u00e9 de 2 tubes \u00e0 essai magn\u00e9tiques plac\u00e9s sur un plateau m\u00e9tallique avec de la mousse EVA.<\/p>\n<p>Utile et \u00e9pur\u00e9, il apporte une touche de po\u00e9sie \u00e0 la maison.<\/p>\n<p>Il se pose fi\u00e8rement sur la table YOUMY et ne fait plus qu&#8217;un.<\/p>\n<p>&#8211; Cylindre creux de 15 cm et 10 cm de haut, diam\u00e8tre : 2,5 cm<\/p>\n<p>&#8211; Plateau avec mousse EVA, diam\u00e8tre : 8,5 cm<\/p>\n","protected":false},"excerpt":{"rendered":"<p>Les lignes pures du Soliflore en m\u00e9tal\/laiton tourn\u00e9, d\u00e9licatement poudr\u00e9 et magn\u00e9tis\u00e9, en font un objet s\u00e9duisant qui r\u00e9siste au temps.<\/p>\n","protected":false},"featured_media":32766,"template":"","meta":[],"product_cat":[1589,527,2311,2903],"product_tag":[1272,1080,3134,823],"yoast_head":"<!-- This site is optimized with the Yoast SEO plugin v19.1 - https:\/\/yoast.com\/wordpress\/plugins\/seo\/ -->\n<title>SOLIFLORE blanc\/noir\/laiton | E-shop artistes belges<\/title>\n<meta name=\"description\" content=\"Le soliflore est compos\u00e9 de deux cylindres en m\u00e9tal ou laiton tourn\u00e9, et d&#039;un plateau en m\u00e9tal ou laiton assorti avec mousse EVA.\" \/>\n<meta name=\"robots\" content=\"index, follow, max-snippet:-1, max-image-preview:large, max-video-preview:-1\" \/>\n<link rel=\"canonical\" href=\"https:\/\/nationalstore.be\/fr\/produit\/soliflore-blanc-noir-laiton\" \/>\n<meta property=\"og:locale\" content=\"fr_FR\" \/>\n<meta property=\"og:type\" content=\"article\" \/>\n<meta property=\"og:title\" content=\"SOLIFLORE blanc\/noir\/laiton | E-shop artistes belges\" \/>\n<meta property=\"og:description\" content=\"Le soliflore est compos\u00e9 de deux cylindres en m\u00e9tal ou laiton tourn\u00e9, et d&#039;un plateau en m\u00e9tal ou laiton assorti avec mousse EVA.\" \/>\n<meta property=\"og:url\" content=\"https:\/\/nationalstore.be\/fr\/produit\/soliflore-blanc-noir-laiton\" \/>\n<meta property=\"og:site_name\" content=\"NATIONA(A)L ARTIST SUPERMARKET\" \/>\n<meta property=\"article:publisher\" content=\"https:\/\/www.facebook.com\/nationalstore\/?ref=br_rs\" \/>\n<meta property=\"article:modified_time\" content=\"2022-06-25T13:46:38+00:00\" \/>\n<meta property=\"og:image\" content=\"https:\/\/nationalstore.be\/wp-content\/uploads\/2022\/04\/Capture-decran-2022-04-11-a-09.44.49.png\" \/>\n\t<meta property=\"og:image:width\" content=\"934\" \/>\n\t<meta property=\"og:image:height\" content=\"1094\" \/>\n\t<meta property=\"og:image:type\" content=\"image\/png\" \/>\n<meta name=\"twitter:card\" content=\"summary_large_image\" \/>\n<meta name=\"twitter:site\" content=\"@Nationalstore\" \/>\n<script type=\"application\/ld+json\" class=\"yoast-schema-graph\">{\"@context\":\"https:\/\/schema.org\",\"@graph\":[{\"@type\":\"Organization\",\"@id\":\"https:\/\/nationalstore.be\/fr#organization\",\"name\":\"NATIONA(A)L ARTIST MARKET\",\"url\":\"https:\/\/nationalstore.be\/fr\",\"sameAs\":[\"https:\/\/www.instagram.com\/nationalstore\/\",\"https:\/\/www.facebook.com\/nationalstore\/?ref=br_rs\",\"https:\/\/twitter.com\/Nationalstore\"],\"logo\":{\"@type\":\"ImageObject\",\"inLanguage\":\"fr-FR\",\"@id\":\"https:\/\/nationalstore.be\/fr#\/schema\/logo\/image\/\",\"url\":\"https:\/\/nationalstore.be\/wp-content\/uploads\/2024\/03\/nationaal-logo_mauve-cmjn.png\",\"contentUrl\":\"https:\/\/nationalstore.be\/wp-content\/uploads\/2024\/03\/nationaal-logo_mauve-cmjn.png\",\"width\":3475,\"height\":1352,\"caption\":\"NATIONA(A)L ARTIST MARKET\"},\"image\":{\"@id\":\"https:\/\/nationalstore.be\/fr#\/schema\/logo\/image\/\"}},{\"@type\":\"WebSite\",\"@id\":\"https:\/\/nationalstore.be\/fr#website\",\"url\":\"https:\/\/nationalstore.be\/fr\",\"name\":\"NATIONA(A)L ARTIST SUPERMARKET\",\"description\":\"\",\"publisher\":{\"@id\":\"https:\/\/nationalstore.be\/fr#organization\"},\"potentialAction\":[{\"@type\":\"SearchAction\",\"target\":{\"@type\":\"EntryPoint\",\"urlTemplate\":\"https:\/\/nationalstore.be\/fr?s={search_term_string}\"},\"query-input\":\"required name=search_term_string\"}],\"inLanguage\":\"fr-FR\"},{\"@type\":\"ImageObject\",\"inLanguage\":\"fr-FR\",\"@id\":\"https:\/\/nationalstore.be\/fr\/produit\/soliflore-blanc-noir-laiton#primaryimage\",\"url\":\"https:\/\/nationalstore.be\/wp-content\/uploads\/2022\/04\/Capture-decran-2022-04-11-a-09.44.49.png\",\"contentUrl\":\"https:\/\/nationalstore.be\/wp-content\/uploads\/2022\/04\/Capture-decran-2022-04-11-a-09.44.49.png\",\"width\":934,\"height\":1094},{\"@type\":[\"WebPage\",\"ItemPage\"],\"@id\":\"https:\/\/nationalstore.be\/fr\/produit\/soliflore-blanc-noir-laiton#webpage\",\"url\":\"https:\/\/nationalstore.be\/fr\/produit\/soliflore-blanc-noir-laiton\",\"name\":\"SOLIFLORE blanc\/noir\/laiton | E-shop artistes belges\",\"isPartOf\":{\"@id\":\"https:\/\/nationalstore.be\/fr#website\"},\"primaryImageOfPage\":{\"@id\":\"https:\/\/nationalstore.be\/fr\/produit\/soliflore-blanc-noir-laiton#primaryimage\"},\"datePublished\":\"2022-04-12T13:14:26+00:00\",\"dateModified\":\"2022-06-25T13:46:38+00:00\",\"description\":\"Le soliflore est compos\u00e9 de deux cylindres en m\u00e9tal ou laiton tourn\u00e9, et d'un plateau en m\u00e9tal ou laiton assorti avec mousse EVA.\",\"breadcrumb\":{\"@id\":\"https:\/\/nationalstore.be\/fr\/produit\/soliflore-blanc-noir-laiton#breadcrumb\"},\"inLanguage\":\"fr-FR\",\"potentialAction\":[{\"@type\":\"ReadAction\",\"target\":[\"https:\/\/nationalstore.be\/fr\/produit\/soliflore-blanc-noir-laiton\"]}]},{\"@type\":\"BreadcrumbList\",\"@id\":\"https:\/\/nationalstore.be\/fr\/produit\/soliflore-blanc-noir-laiton#breadcrumb\",\"itemListElement\":[{\"@type\":\"ListItem\",\"position\":1,\"name\":\"Home\",\"item\":\"https:\/\/nationalstore.be\/fr\"},{\"@type\":\"ListItem\",\"position\":2,\"name\":\"Produits\",\"item\":\"https:\/\/nationalstore.be\/fr\/shop\"},{\"@type\":\"ListItem\",\"position\":3,\"name\":\"Subcategories\",\"item\":\"https:\/\/nationalstore.be\/fr\/pc\/subcategories-fr\"},{\"@type\":\"ListItem\",\"position\":4,\"name\":\"Design uniques pour des M\u00e8res uniques\",\"item\":\"https:\/\/nationalstore.be\/fr\/pc\/subcategories-fr\/design-uniques-pour-des-meres-uniques\"},{\"@type\":\"ListItem\",\"position\":5,\"name\":\"SOLIFLORE blanc\/noir\/laiton\"}]}]}<\/script>\n<!-- \/ Yoast SEO plugin. -->","yoast_head_json":{"title":"SOLIFLORE blanc\/noir\/laiton | E-shop artistes belges","description":"Le soliflore est compos\u00e9 de deux cylindres en m\u00e9tal ou laiton tourn\u00e9, et d'un plateau en m\u00e9tal ou laiton assorti avec mousse EVA.","robots":{"index":"index","follow":"follow","max-snippet":"max-snippet:-1","max-image-preview":"max-image-preview:large","max-video-preview":"max-video-preview:-1"},"canonical":"https:\/\/nationalstore.be\/fr\/produit\/soliflore-blanc-noir-laiton","og_locale":"fr_FR","og_type":"article","og_title":"SOLIFLORE blanc\/noir\/laiton | E-shop artistes belges","og_description":"Le soliflore est compos\u00e9 de deux cylindres en m\u00e9tal ou laiton tourn\u00e9, et d'un plateau en m\u00e9tal ou laiton assorti avec mousse EVA.","og_url":"https:\/\/nationalstore.be\/fr\/produit\/soliflore-blanc-noir-laiton","og_site_name":"NATIONA(A)L ARTIST SUPERMARKET","article_publisher":"https:\/\/www.facebook.com\/nationalstore\/?ref=br_rs","article_modified_time":"2022-06-25T13:46:38+00:00","og_image":[{"width":934,"height":1094,"url":"https:\/\/nationalstore.be\/wp-content\/uploads\/2022\/04\/Capture-decran-2022-04-11-a-09.44.49.png","type":"image\/png"}],"twitter_card":"summary_large_image","twitter_site":"@Nationalstore","schema":{"@context":"https:\/\/schema.org","@graph":[{"@type":"Organization","@id":"https:\/\/nationalstore.be\/fr#organization","name":"NATIONA(A)L ARTIST MARKET","url":"https:\/\/nationalstore.be\/fr","sameAs":["https:\/\/www.instagram.com\/nationalstore\/","https:\/\/www.facebook.com\/nationalstore\/?ref=br_rs","https:\/\/twitter.com\/Nationalstore"],"logo":{"@type":"ImageObject","inLanguage":"fr-FR","@id":"https:\/\/nationalstore.be\/fr#\/schema\/logo\/image\/","url":"https:\/\/nationalstore.be\/wp-content\/uploads\/2024\/03\/nationaal-logo_mauve-cmjn.png","contentUrl":"https:\/\/nationalstore.be\/wp-content\/uploads\/2024\/03\/nationaal-logo_mauve-cmjn.png","width":3475,"height":1352,"caption":"NATIONA(A)L ARTIST MARKET"},"image":{"@id":"https:\/\/nationalstore.be\/fr#\/schema\/logo\/image\/"}},{"@type":"WebSite","@id":"https:\/\/nationalstore.be\/fr#website","url":"https:\/\/nationalstore.be\/fr","name":"NATIONA(A)L ARTIST SUPERMARKET","description":"","publisher":{"@id":"https:\/\/nationalstore.be\/fr#organization"},"potentialAction":[{"@type":"SearchAction","target":{"@type":"EntryPoint","urlTemplate":"https:\/\/nationalstore.be\/fr?s={search_term_string}"},"query-input":"required name=search_term_string"}],"inLanguage":"fr-FR"},{"@type":"ImageObject","inLanguage":"fr-FR","@id":"https:\/\/nationalstore.be\/fr\/produit\/soliflore-blanc-noir-laiton#primaryimage","url":"https:\/\/nationalstore.be\/wp-content\/uploads\/2022\/04\/Capture-decran-2022-04-11-a-09.44.49.png","contentUrl":"https:\/\/nationalstore.be\/wp-content\/uploads\/2022\/04\/Capture-decran-2022-04-11-a-09.44.49.png","width":934,"height":1094},{"@type":["WebPage","ItemPage"],"@id":"https:\/\/nationalstore.be\/fr\/produit\/soliflore-blanc-noir-laiton#webpage","url":"https:\/\/nationalstore.be\/fr\/produit\/soliflore-blanc-noir-laiton","name":"SOLIFLORE blanc\/noir\/laiton | E-shop artistes belges","isPartOf":{"@id":"https:\/\/nationalstore.be\/fr#website"},"primaryImageOfPage":{"@id":"https:\/\/nationalstore.be\/fr\/produit\/soliflore-blanc-noir-laiton#primaryimage"},"datePublished":"2022-04-12T13:14:26+00:00","dateModified":"2022-06-25T13:46:38+00:00","description":"Le soliflore est compos\u00e9 de deux cylindres en m\u00e9tal ou laiton tourn\u00e9, et d'un plateau en m\u00e9tal ou laiton assorti avec mousse EVA.","breadcrumb":{"@id":"https:\/\/nationalstore.be\/fr\/produit\/soliflore-blanc-noir-laiton#breadcrumb"},"inLanguage":"fr-FR","potentialAction":[{"@type":"ReadAction","target":["https:\/\/nationalstore.be\/fr\/produit\/soliflore-blanc-noir-laiton"]}]},{"@type":"BreadcrumbList","@id":"https:\/\/nationalstore.be\/fr\/produit\/soliflore-blanc-noir-laiton#breadcrumb","itemListElement":[{"@type":"ListItem","position":1,"name":"Home","item":"https:\/\/nationalstore.be\/fr"},{"@type":"ListItem","position":2,"name":"Produits","item":"https:\/\/nationalstore.be\/fr\/shop"},{"@type":"ListItem","position":3,"name":"Subcategories","item":"https:\/\/nationalstore.be\/fr\/pc\/subcategories-fr"},{"@type":"ListItem","position":4,"name":"Design uniques pour des M\u00e8res uniques","item":"https:\/\/nationalstore.be\/fr\/pc\/subcategories-fr\/design-uniques-pour-des-meres-uniques"},{"@type":"ListItem","position":5,"name":"SOLIFLORE blanc\/noir\/laiton"}]}]}},"_links":{"self":[{"href":"https:\/\/nationalstore.be\/fr\/wp-json\/wp\/v2\/product\/33206"}],"collection":[{"href":"https:\/\/nationalstore.be\/fr\/wp-json\/wp\/v2\/product"}],"about":[{"href":"https:\/\/nationalstore.be\/fr\/wp-json\/wp\/v2\/types\/product"}],"wp:featuredmedia":[{"embeddable":true,"href":"https:\/\/nationalstore.be\/fr\/wp-json\/wp\/v2\/media\/32766"}],"wp:attachment":[{"href":"https:\/\/nationalstore.be\/fr\/wp-json\/wp\/v2\/media?parent=33206"}],"wp:term":[{"taxonomy":"product_cat","embeddable":true,"href":"https:\/\/nationalstore.be\/fr\/wp-json\/wp\/v2\/product_cat?post=33206"},{"taxonomy":"product_tag","embeddable":true,"href":"https:\/\/nationalstore.be\/fr\/wp-json\/wp\/v2\/product_tag?post=33206"}],"curies":[{"name":"wp","href":"https:\/\/api.w.org\/{rel}","templated":true}]}}