{"id":33050,"date":"2022-06-25T15:18:43","date_gmt":"2022-04-12T12:36:25","guid":{"rendered":"https:\/\/nationalstore.be\/?post_type=product&#038;p=33050"},"modified":"2022-06-25T15:19:12","modified_gmt":"2022-06-25T13:19:12","slug":"table-youmy-ronde-foggy","status":"publish","type":"product","link":"https:\/\/nationalstore.be\/fr\/produit\/table-youmy-ronde-foggy","title":{"rendered":"Table YOUMY ronde foggy"},"content":{"rendered":"<p>Table d&#8217;appoint en acier coup\u00e9, pli\u00e9 et laqu\u00e9, compos\u00e9e de 2 parties.<\/p>\n<p>Avec son pied sous le bord du canap\u00e9, il s&#8217;int\u00e8gre parfaitement dans votre salon.<\/p>\n<p>&#8211; Diam\u00e8tre du plateau de table : 34 cm<\/p>\n<p>&#8211; Hauteur : 43 cm<\/p>\n<p>&#8211; Poids : 7,6 kg (2 pi\u00e8ces ensemble)<\/p>\n<p>&#8211; D\u00e9tails : patins en feutre sous les 2 pieds<\/p>\n<p>L&#8217;\u00e9l\u00e9ment avec le logo est plac\u00e9 au-dessus de l&#8217;\u00e9l\u00e9ment sans logo.<\/p>\n","protected":false},"excerpt":{"rendered":"<p>Table ronde compos\u00e9e de 2 parties sym\u00e9triques, elle peut \u00eatre assembl\u00e9e ou s\u00e9par\u00e9e selon vos souhaits.<\/p>\n","protected":false},"featured_media":32782,"template":"","meta":[],"product_cat":[1589,527,2311,550],"product_tag":[2363,2362,2361,1272,1080,878,3238,3134,823,827],"yoast_head":"<!-- This site is optimized with the Yoast SEO plugin v19.1 - https:\/\/yoast.com\/wordpress\/plugins\/seo\/ -->\n<title>Table YOUMY ronde foggy | E-shop artistes belges<\/title>\n<meta name=\"description\" content=\"Round design side table in cut, bent and lacquered steel. Consists of two symmetrical parts, which can be separated or interlocked. The part with the logo is placed above the other part.\" \/>\n<meta name=\"robots\" content=\"index, follow, max-snippet:-1, max-image-preview:large, max-video-preview:-1\" \/>\n<link rel=\"canonical\" href=\"https:\/\/nationalstore.be\/fr\/produit\/table-youmy-ronde-foggy\" \/>\n<meta property=\"og:locale\" content=\"fr_FR\" \/>\n<meta property=\"og:type\" content=\"article\" \/>\n<meta property=\"og:title\" content=\"Table YOUMY ronde foggy | E-shop artistes belges\" \/>\n<meta property=\"og:description\" content=\"Round design side table in cut, bent and lacquered steel. Consists of two symmetrical parts, which can be separated or interlocked. The part with the logo is placed above the other part.\" \/>\n<meta property=\"og:url\" content=\"https:\/\/nationalstore.be\/fr\/produit\/table-youmy-ronde-foggy\" \/>\n<meta property=\"og:site_name\" content=\"NATIONA(A)L ARTIST SUPERMARKET\" \/>\n<meta property=\"article:publisher\" content=\"https:\/\/www.facebook.com\/nationalstore\/?ref=br_rs\" \/>\n<meta property=\"article:modified_time\" content=\"2022-06-25T13:19:12+00:00\" \/>\n<meta property=\"og:image\" content=\"https:\/\/nationalstore.be\/wp-content\/uploads\/2022\/04\/Capture-decran-2022-04-11-a-09.55.03.png\" \/>\n\t<meta property=\"og:image:width\" content=\"952\" \/>\n\t<meta property=\"og:image:height\" content=\"1270\" \/>\n\t<meta property=\"og:image:type\" content=\"image\/png\" \/>\n<meta name=\"twitter:card\" content=\"summary_large_image\" \/>\n<meta name=\"twitter:site\" content=\"@Nationalstore\" \/>\n<script type=\"application\/ld+json\" class=\"yoast-schema-graph\">{\"@context\":\"https:\/\/schema.org\",\"@graph\":[{\"@type\":\"Organization\",\"@id\":\"https:\/\/nationalstore.be\/fr#organization\",\"name\":\"NATIONA(A)L ARTIST MARKET\",\"url\":\"https:\/\/nationalstore.be\/fr\",\"sameAs\":[\"https:\/\/www.instagram.com\/nationalstore\/\",\"https:\/\/www.facebook.com\/nationalstore\/?ref=br_rs\",\"https:\/\/twitter.com\/Nationalstore\"],\"logo\":{\"@type\":\"ImageObject\",\"inLanguage\":\"fr-FR\",\"@id\":\"https:\/\/nationalstore.be\/fr#\/schema\/logo\/image\/\",\"url\":\"https:\/\/nationalstore.be\/wp-content\/uploads\/2024\/03\/nationaal-logo_mauve-cmjn.png\",\"contentUrl\":\"https:\/\/nationalstore.be\/wp-content\/uploads\/2024\/03\/nationaal-logo_mauve-cmjn.png\",\"width\":3475,\"height\":1352,\"caption\":\"NATIONA(A)L ARTIST MARKET\"},\"image\":{\"@id\":\"https:\/\/nationalstore.be\/fr#\/schema\/logo\/image\/\"}},{\"@type\":\"WebSite\",\"@id\":\"https:\/\/nationalstore.be\/fr#website\",\"url\":\"https:\/\/nationalstore.be\/fr\",\"name\":\"NATIONA(A)L ARTIST SUPERMARKET\",\"description\":\"\",\"publisher\":{\"@id\":\"https:\/\/nationalstore.be\/fr#organization\"},\"potentialAction\":[{\"@type\":\"SearchAction\",\"target\":{\"@type\":\"EntryPoint\",\"urlTemplate\":\"https:\/\/nationalstore.be\/fr?s={search_term_string}\"},\"query-input\":\"required name=search_term_string\"}],\"inLanguage\":\"fr-FR\"},{\"@type\":\"ImageObject\",\"inLanguage\":\"fr-FR\",\"@id\":\"https:\/\/nationalstore.be\/fr\/produit\/table-youmy-ronde-foggy#primaryimage\",\"url\":\"https:\/\/nationalstore.be\/wp-content\/uploads\/2022\/04\/Capture-decran-2022-04-11-a-09.55.03.png\",\"contentUrl\":\"https:\/\/nationalstore.be\/wp-content\/uploads\/2022\/04\/Capture-decran-2022-04-11-a-09.55.03.png\",\"width\":952,\"height\":1270},{\"@type\":[\"WebPage\",\"ItemPage\"],\"@id\":\"https:\/\/nationalstore.be\/fr\/produit\/table-youmy-ronde-foggy#webpage\",\"url\":\"https:\/\/nationalstore.be\/fr\/produit\/table-youmy-ronde-foggy\",\"name\":\"Table YOUMY ronde foggy | E-shop artistes belges\",\"isPartOf\":{\"@id\":\"https:\/\/nationalstore.be\/fr#website\"},\"primaryImageOfPage\":{\"@id\":\"https:\/\/nationalstore.be\/fr\/produit\/table-youmy-ronde-foggy#primaryimage\"},\"datePublished\":\"2022-04-12T12:36:25+00:00\",\"dateModified\":\"2022-06-25T13:19:12+00:00\",\"description\":\"Round design side table in cut, bent and lacquered steel. Consists of two symmetrical parts, which can be separated or interlocked. The part with the logo is placed above the other part.\",\"breadcrumb\":{\"@id\":\"https:\/\/nationalstore.be\/fr\/produit\/table-youmy-ronde-foggy#breadcrumb\"},\"inLanguage\":\"fr-FR\",\"potentialAction\":[{\"@type\":\"ReadAction\",\"target\":[\"https:\/\/nationalstore.be\/fr\/produit\/table-youmy-ronde-foggy\"]}]},{\"@type\":\"BreadcrumbList\",\"@id\":\"https:\/\/nationalstore.be\/fr\/produit\/table-youmy-ronde-foggy#breadcrumb\",\"itemListElement\":[{\"@type\":\"ListItem\",\"position\":1,\"name\":\"Home\",\"item\":\"https:\/\/nationalstore.be\/fr\"},{\"@type\":\"ListItem\",\"position\":2,\"name\":\"Produits\",\"item\":\"https:\/\/nationalstore.be\/fr\/shop\"},{\"@type\":\"ListItem\",\"position\":3,\"name\":\"Subcategories\",\"item\":\"https:\/\/nationalstore.be\/fr\/pc\/subcategories-fr\"},{\"@type\":\"ListItem\",\"position\":4,\"name\":\"Design &amp; Durabilit\u00e9\",\"item\":\"https:\/\/nationalstore.be\/fr\/pc\/subcategories-fr\/design-durabilite\"},{\"@type\":\"ListItem\",\"position\":5,\"name\":\"Table YOUMY ronde foggy\"}]}]}<\/script>\n<!-- \/ Yoast SEO plugin. -->","yoast_head_json":{"title":"Table YOUMY ronde foggy | E-shop artistes belges","description":"Round design side table in cut, bent and lacquered steel. Consists of two symmetrical parts, which can be separated or interlocked. The part with the logo is placed above the other part.","robots":{"index":"index","follow":"follow","max-snippet":"max-snippet:-1","max-image-preview":"max-image-preview:large","max-video-preview":"max-video-preview:-1"},"canonical":"https:\/\/nationalstore.be\/fr\/produit\/table-youmy-ronde-foggy","og_locale":"fr_FR","og_type":"article","og_title":"Table YOUMY ronde foggy | E-shop artistes belges","og_description":"Round design side table in cut, bent and lacquered steel. Consists of two symmetrical parts, which can be separated or interlocked. The part with the logo is placed above the other part.","og_url":"https:\/\/nationalstore.be\/fr\/produit\/table-youmy-ronde-foggy","og_site_name":"NATIONA(A)L ARTIST SUPERMARKET","article_publisher":"https:\/\/www.facebook.com\/nationalstore\/?ref=br_rs","article_modified_time":"2022-06-25T13:19:12+00:00","og_image":[{"width":952,"height":1270,"url":"https:\/\/nationalstore.be\/wp-content\/uploads\/2022\/04\/Capture-decran-2022-04-11-a-09.55.03.png","type":"image\/png"}],"twitter_card":"summary_large_image","twitter_site":"@Nationalstore","schema":{"@context":"https:\/\/schema.org","@graph":[{"@type":"Organization","@id":"https:\/\/nationalstore.be\/fr#organization","name":"NATIONA(A)L ARTIST MARKET","url":"https:\/\/nationalstore.be\/fr","sameAs":["https:\/\/www.instagram.com\/nationalstore\/","https:\/\/www.facebook.com\/nationalstore\/?ref=br_rs","https:\/\/twitter.com\/Nationalstore"],"logo":{"@type":"ImageObject","inLanguage":"fr-FR","@id":"https:\/\/nationalstore.be\/fr#\/schema\/logo\/image\/","url":"https:\/\/nationalstore.be\/wp-content\/uploads\/2024\/03\/nationaal-logo_mauve-cmjn.png","contentUrl":"https:\/\/nationalstore.be\/wp-content\/uploads\/2024\/03\/nationaal-logo_mauve-cmjn.png","width":3475,"height":1352,"caption":"NATIONA(A)L ARTIST MARKET"},"image":{"@id":"https:\/\/nationalstore.be\/fr#\/schema\/logo\/image\/"}},{"@type":"WebSite","@id":"https:\/\/nationalstore.be\/fr#website","url":"https:\/\/nationalstore.be\/fr","name":"NATIONA(A)L ARTIST SUPERMARKET","description":"","publisher":{"@id":"https:\/\/nationalstore.be\/fr#organization"},"potentialAction":[{"@type":"SearchAction","target":{"@type":"EntryPoint","urlTemplate":"https:\/\/nationalstore.be\/fr?s={search_term_string}"},"query-input":"required name=search_term_string"}],"inLanguage":"fr-FR"},{"@type":"ImageObject","inLanguage":"fr-FR","@id":"https:\/\/nationalstore.be\/fr\/produit\/table-youmy-ronde-foggy#primaryimage","url":"https:\/\/nationalstore.be\/wp-content\/uploads\/2022\/04\/Capture-decran-2022-04-11-a-09.55.03.png","contentUrl":"https:\/\/nationalstore.be\/wp-content\/uploads\/2022\/04\/Capture-decran-2022-04-11-a-09.55.03.png","width":952,"height":1270},{"@type":["WebPage","ItemPage"],"@id":"https:\/\/nationalstore.be\/fr\/produit\/table-youmy-ronde-foggy#webpage","url":"https:\/\/nationalstore.be\/fr\/produit\/table-youmy-ronde-foggy","name":"Table YOUMY ronde foggy | E-shop artistes belges","isPartOf":{"@id":"https:\/\/nationalstore.be\/fr#website"},"primaryImageOfPage":{"@id":"https:\/\/nationalstore.be\/fr\/produit\/table-youmy-ronde-foggy#primaryimage"},"datePublished":"2022-04-12T12:36:25+00:00","dateModified":"2022-06-25T13:19:12+00:00","description":"Round design side table in cut, bent and lacquered steel. Consists of two symmetrical parts, which can be separated or interlocked. The part with the logo is placed above the other part.","breadcrumb":{"@id":"https:\/\/nationalstore.be\/fr\/produit\/table-youmy-ronde-foggy#breadcrumb"},"inLanguage":"fr-FR","potentialAction":[{"@type":"ReadAction","target":["https:\/\/nationalstore.be\/fr\/produit\/table-youmy-ronde-foggy"]}]},{"@type":"BreadcrumbList","@id":"https:\/\/nationalstore.be\/fr\/produit\/table-youmy-ronde-foggy#breadcrumb","itemListElement":[{"@type":"ListItem","position":1,"name":"Home","item":"https:\/\/nationalstore.be\/fr"},{"@type":"ListItem","position":2,"name":"Produits","item":"https:\/\/nationalstore.be\/fr\/shop"},{"@type":"ListItem","position":3,"name":"Subcategories","item":"https:\/\/nationalstore.be\/fr\/pc\/subcategories-fr"},{"@type":"ListItem","position":4,"name":"Design &amp; Durabilit\u00e9","item":"https:\/\/nationalstore.be\/fr\/pc\/subcategories-fr\/design-durabilite"},{"@type":"ListItem","position":5,"name":"Table YOUMY ronde foggy"}]}]}},"_links":{"self":[{"href":"https:\/\/nationalstore.be\/fr\/wp-json\/wp\/v2\/product\/33050"}],"collection":[{"href":"https:\/\/nationalstore.be\/fr\/wp-json\/wp\/v2\/product"}],"about":[{"href":"https:\/\/nationalstore.be\/fr\/wp-json\/wp\/v2\/types\/product"}],"wp:featuredmedia":[{"embeddable":true,"href":"https:\/\/nationalstore.be\/fr\/wp-json\/wp\/v2\/media\/32782"}],"wp:attachment":[{"href":"https:\/\/nationalstore.be\/fr\/wp-json\/wp\/v2\/media?parent=33050"}],"wp:term":[{"taxonomy":"product_cat","embeddable":true,"href":"https:\/\/nationalstore.be\/fr\/wp-json\/wp\/v2\/product_cat?post=33050"},{"taxonomy":"product_tag","embeddable":true,"href":"https:\/\/nationalstore.be\/fr\/wp-json\/wp\/v2\/product_tag?post=33050"}],"curies":[{"name":"wp","href":"https:\/\/api.w.org\/{rel}","templated":true}]}}