{"id":32749,"date":"2022-04-11T13:27:55","date_gmt":"2022-04-07T20:26:36","guid":{"rendered":"https:\/\/nationalstore.be\/?post_type=product&#038;p=32749"},"modified":"2023-04-17T21:42:56","modified_gmt":"2023-04-17T19:42:56","slug":"sans-titre-31","status":"publish","type":"product","link":"https:\/\/nationalstore.be\/fr\/produit\/sans-titre-31","title":{"rendered":"Sans titre 31"},"content":{"rendered":"<p>A l\u2019origine des peintures d\u2019Elise Leboutte, il y a une envie d\u2019explorer les possibilit\u00e9s mat\u00e9rielles de la peinture et de se laisser surprendre par elle. La nature du m\u00e9dium am\u00e8ne les diff\u00e9rents processus d\u2019\u00e9mergence de l\u2019image, ce qui constitue un moteur essentiel du travail de l\u2019artiste. Celle-ci revendique d\u2019ailleurs ce plaisir d\u2019\u00eatre en connivence avec la technique et de pouvoir la suivre dans ses contraintes.<\/p>\n<p>Les glacis sont les premiers vecteurs de transparence et donc de lumi\u00e8re. Ils sont au c\u0153ur de ce travail : ils sugg\u00e8rent des \u00e9clairages sous-jacents, des ombrages subtils et des lueurs filtr\u00e9es. La couleur et la lumi\u00e8re, l\u2019ambiance et l\u2019espace, la fronti\u00e8re et la surface, la disparition et l\u2019apparition sont au centre de ses pr\u00e9occupations. Son travail r\u00e9sume sa volont\u00e9 de partager avec le spectateur une exp\u00e9rience chromatique.\u00a0<\/p>\n<p><a data-mce-href=\"https:\/\/eliseleboutte.com\/\" href=\"https:\/\/eliseleboutte.com\/\">https:\/\/eliseleboutte.com\/<\/a><\/p>\n","protected":false},"excerpt":{"rendered":"<p>Acrylique sur toile, 150 x 200 cm, 2022<\/p>\n<p>Contactez-moi pour voir l&#8217;\u0153uvre en vrai<\/p>\n<p>Frais de livraison inclus dans le prix<\/p>\n","protected":false},"featured_media":48076,"template":"","meta":[],"product_cat":[3410,570,2933],"product_tag":[2341,1080,825,2969],"yoast_head":"<!-- This site is optimized with the Yoast SEO plugin v19.1 - https:\/\/yoast.com\/wordpress\/plugins\/seo\/ -->\n<title>Sans titre 31 | E-shop artistes belges<\/title>\n<meta name=\"description\" content=\"Acheter un produit comme Sans titre 31? Laissez vous surprendre par nos artistes belges sp\u00e9cialis\u00e9s en produits artisanaux!\" \/>\n<meta name=\"robots\" content=\"index, follow, max-snippet:-1, max-image-preview:large, max-video-preview:-1\" \/>\n<link rel=\"canonical\" href=\"https:\/\/nationalstore.be\/fr\/produit\/sans-titre-31\" \/>\n<meta property=\"og:locale\" content=\"fr_FR\" \/>\n<meta property=\"og:type\" content=\"article\" \/>\n<meta property=\"og:title\" content=\"Sans titre 31 | E-shop artistes belges\" \/>\n<meta property=\"og:description\" content=\"Acheter un produit comme Sans titre 31? Laissez vous surprendre par nos artistes belges sp\u00e9cialis\u00e9s en produits artisanaux!\" \/>\n<meta property=\"og:url\" content=\"https:\/\/nationalstore.be\/fr\/produit\/sans-titre-31\" \/>\n<meta property=\"og:site_name\" content=\"NATIONA(A)L ARTIST SUPERMARKET\" \/>\n<meta property=\"article:publisher\" content=\"https:\/\/www.facebook.com\/nationalstore\/?ref=br_rs\" \/>\n<meta property=\"article:modified_time\" content=\"2023-04-17T19:42:56+00:00\" \/>\n<meta property=\"og:image\" content=\"https:\/\/nationalstore.be\/wp-content\/uploads\/2023\/04\/Sans_titre_31_150x200cm_2022_site.jpg\" \/>\n\t<meta property=\"og:image:width\" content=\"1473\" \/>\n\t<meta property=\"og:image:height\" content=\"1999\" \/>\n\t<meta property=\"og:image:type\" content=\"image\/jpeg\" \/>\n<meta name=\"twitter:card\" content=\"summary_large_image\" \/>\n<meta name=\"twitter:site\" content=\"@Nationalstore\" \/>\n<meta name=\"twitter:label1\" content=\"Dur\u00e9e de lecture estim\u00e9e\" \/>\n\t<meta name=\"twitter:data1\" content=\"1 minute\" \/>\n<script type=\"application\/ld+json\" class=\"yoast-schema-graph\">{\"@context\":\"https:\/\/schema.org\",\"@graph\":[{\"@type\":\"Organization\",\"@id\":\"https:\/\/nationalstore.be\/fr#organization\",\"name\":\"NATIONA(A)L ARTIST MARKET\",\"url\":\"https:\/\/nationalstore.be\/fr\",\"sameAs\":[\"https:\/\/www.instagram.com\/nationalstore\/\",\"https:\/\/www.facebook.com\/nationalstore\/?ref=br_rs\",\"https:\/\/twitter.com\/Nationalstore\"],\"logo\":{\"@type\":\"ImageObject\",\"inLanguage\":\"fr-FR\",\"@id\":\"https:\/\/nationalstore.be\/fr#\/schema\/logo\/image\/\",\"url\":\"https:\/\/nationalstore.be\/wp-content\/uploads\/2024\/03\/nationaal-logo_mauve-cmjn.png\",\"contentUrl\":\"https:\/\/nationalstore.be\/wp-content\/uploads\/2024\/03\/nationaal-logo_mauve-cmjn.png\",\"width\":3475,\"height\":1352,\"caption\":\"NATIONA(A)L ARTIST MARKET\"},\"image\":{\"@id\":\"https:\/\/nationalstore.be\/fr#\/schema\/logo\/image\/\"}},{\"@type\":\"WebSite\",\"@id\":\"https:\/\/nationalstore.be\/fr#website\",\"url\":\"https:\/\/nationalstore.be\/fr\",\"name\":\"NATIONA(A)L ARTIST SUPERMARKET\",\"description\":\"\",\"publisher\":{\"@id\":\"https:\/\/nationalstore.be\/fr#organization\"},\"potentialAction\":[{\"@type\":\"SearchAction\",\"target\":{\"@type\":\"EntryPoint\",\"urlTemplate\":\"https:\/\/nationalstore.be\/fr?s={search_term_string}\"},\"query-input\":\"required name=search_term_string\"}],\"inLanguage\":\"fr-FR\"},{\"@type\":\"ImageObject\",\"inLanguage\":\"fr-FR\",\"@id\":\"https:\/\/nationalstore.be\/fr\/produit\/sans-titre-31#primaryimage\",\"url\":\"https:\/\/nationalstore.be\/wp-content\/uploads\/2023\/04\/Sans_titre_31_150x200cm_2022_site.jpg\",\"contentUrl\":\"https:\/\/nationalstore.be\/wp-content\/uploads\/2023\/04\/Sans_titre_31_150x200cm_2022_site.jpg\",\"width\":1473,\"height\":1999},{\"@type\":[\"WebPage\",\"ItemPage\"],\"@id\":\"https:\/\/nationalstore.be\/fr\/produit\/sans-titre-31#webpage\",\"url\":\"https:\/\/nationalstore.be\/fr\/produit\/sans-titre-31\",\"name\":\"Sans titre 31 | E-shop artistes belges\",\"isPartOf\":{\"@id\":\"https:\/\/nationalstore.be\/fr#website\"},\"primaryImageOfPage\":{\"@id\":\"https:\/\/nationalstore.be\/fr\/produit\/sans-titre-31#primaryimage\"},\"datePublished\":\"2022-04-07T20:26:36+00:00\",\"dateModified\":\"2023-04-17T19:42:56+00:00\",\"description\":\"Acheter un produit comme Sans titre 31? Laissez vous surprendre par nos artistes belges sp\u00e9cialis\u00e9s en produits artisanaux!\",\"breadcrumb\":{\"@id\":\"https:\/\/nationalstore.be\/fr\/produit\/sans-titre-31#breadcrumb\"},\"inLanguage\":\"fr-FR\",\"potentialAction\":[{\"@type\":\"ReadAction\",\"target\":[\"https:\/\/nationalstore.be\/fr\/produit\/sans-titre-31\"]}]},{\"@type\":\"BreadcrumbList\",\"@id\":\"https:\/\/nationalstore.be\/fr\/produit\/sans-titre-31#breadcrumb\",\"itemListElement\":[{\"@type\":\"ListItem\",\"position\":1,\"name\":\"Home\",\"item\":\"https:\/\/nationalstore.be\/fr\"},{\"@type\":\"ListItem\",\"position\":2,\"name\":\"Produits\",\"item\":\"https:\/\/nationalstore.be\/fr\/shop\"},{\"@type\":\"ListItem\",\"position\":3,\"name\":\"Arts plastiques\",\"item\":\"https:\/\/nationalstore.be\/fr\/pc\/arts-plastiques\"},{\"@type\":\"ListItem\",\"position\":4,\"name\":\"Peinture\",\"item\":\"https:\/\/nationalstore.be\/fr\/pc\/arts-plastiques\/peinture\"},{\"@type\":\"ListItem\",\"position\":5,\"name\":\"Sans titre 31\"}]}]}<\/script>\n<!-- \/ Yoast SEO plugin. -->","yoast_head_json":{"title":"Sans titre 31 | E-shop artistes belges","description":"Acheter un produit comme Sans titre 31? Laissez vous surprendre par nos artistes belges sp\u00e9cialis\u00e9s en produits artisanaux!","robots":{"index":"index","follow":"follow","max-snippet":"max-snippet:-1","max-image-preview":"max-image-preview:large","max-video-preview":"max-video-preview:-1"},"canonical":"https:\/\/nationalstore.be\/fr\/produit\/sans-titre-31","og_locale":"fr_FR","og_type":"article","og_title":"Sans titre 31 | E-shop artistes belges","og_description":"Acheter un produit comme Sans titre 31? Laissez vous surprendre par nos artistes belges sp\u00e9cialis\u00e9s en produits artisanaux!","og_url":"https:\/\/nationalstore.be\/fr\/produit\/sans-titre-31","og_site_name":"NATIONA(A)L ARTIST SUPERMARKET","article_publisher":"https:\/\/www.facebook.com\/nationalstore\/?ref=br_rs","article_modified_time":"2023-04-17T19:42:56+00:00","og_image":[{"width":1473,"height":1999,"url":"https:\/\/nationalstore.be\/wp-content\/uploads\/2023\/04\/Sans_titre_31_150x200cm_2022_site.jpg","type":"image\/jpeg"}],"twitter_card":"summary_large_image","twitter_site":"@Nationalstore","twitter_misc":{"Dur\u00e9e de lecture estim\u00e9e":"1 minute"},"schema":{"@context":"https:\/\/schema.org","@graph":[{"@type":"Organization","@id":"https:\/\/nationalstore.be\/fr#organization","name":"NATIONA(A)L ARTIST MARKET","url":"https:\/\/nationalstore.be\/fr","sameAs":["https:\/\/www.instagram.com\/nationalstore\/","https:\/\/www.facebook.com\/nationalstore\/?ref=br_rs","https:\/\/twitter.com\/Nationalstore"],"logo":{"@type":"ImageObject","inLanguage":"fr-FR","@id":"https:\/\/nationalstore.be\/fr#\/schema\/logo\/image\/","url":"https:\/\/nationalstore.be\/wp-content\/uploads\/2024\/03\/nationaal-logo_mauve-cmjn.png","contentUrl":"https:\/\/nationalstore.be\/wp-content\/uploads\/2024\/03\/nationaal-logo_mauve-cmjn.png","width":3475,"height":1352,"caption":"NATIONA(A)L ARTIST MARKET"},"image":{"@id":"https:\/\/nationalstore.be\/fr#\/schema\/logo\/image\/"}},{"@type":"WebSite","@id":"https:\/\/nationalstore.be\/fr#website","url":"https:\/\/nationalstore.be\/fr","name":"NATIONA(A)L ARTIST SUPERMARKET","description":"","publisher":{"@id":"https:\/\/nationalstore.be\/fr#organization"},"potentialAction":[{"@type":"SearchAction","target":{"@type":"EntryPoint","urlTemplate":"https:\/\/nationalstore.be\/fr?s={search_term_string}"},"query-input":"required name=search_term_string"}],"inLanguage":"fr-FR"},{"@type":"ImageObject","inLanguage":"fr-FR","@id":"https:\/\/nationalstore.be\/fr\/produit\/sans-titre-31#primaryimage","url":"https:\/\/nationalstore.be\/wp-content\/uploads\/2023\/04\/Sans_titre_31_150x200cm_2022_site.jpg","contentUrl":"https:\/\/nationalstore.be\/wp-content\/uploads\/2023\/04\/Sans_titre_31_150x200cm_2022_site.jpg","width":1473,"height":1999},{"@type":["WebPage","ItemPage"],"@id":"https:\/\/nationalstore.be\/fr\/produit\/sans-titre-31#webpage","url":"https:\/\/nationalstore.be\/fr\/produit\/sans-titre-31","name":"Sans titre 31 | E-shop artistes belges","isPartOf":{"@id":"https:\/\/nationalstore.be\/fr#website"},"primaryImageOfPage":{"@id":"https:\/\/nationalstore.be\/fr\/produit\/sans-titre-31#primaryimage"},"datePublished":"2022-04-07T20:26:36+00:00","dateModified":"2023-04-17T19:42:56+00:00","description":"Acheter un produit comme Sans titre 31? Laissez vous surprendre par nos artistes belges sp\u00e9cialis\u00e9s en produits artisanaux!","breadcrumb":{"@id":"https:\/\/nationalstore.be\/fr\/produit\/sans-titre-31#breadcrumb"},"inLanguage":"fr-FR","potentialAction":[{"@type":"ReadAction","target":["https:\/\/nationalstore.be\/fr\/produit\/sans-titre-31"]}]},{"@type":"BreadcrumbList","@id":"https:\/\/nationalstore.be\/fr\/produit\/sans-titre-31#breadcrumb","itemListElement":[{"@type":"ListItem","position":1,"name":"Home","item":"https:\/\/nationalstore.be\/fr"},{"@type":"ListItem","position":2,"name":"Produits","item":"https:\/\/nationalstore.be\/fr\/shop"},{"@type":"ListItem","position":3,"name":"Arts plastiques","item":"https:\/\/nationalstore.be\/fr\/pc\/arts-plastiques"},{"@type":"ListItem","position":4,"name":"Peinture","item":"https:\/\/nationalstore.be\/fr\/pc\/arts-plastiques\/peinture"},{"@type":"ListItem","position":5,"name":"Sans titre 31"}]}]}},"_links":{"self":[{"href":"https:\/\/nationalstore.be\/fr\/wp-json\/wp\/v2\/product\/32749"}],"collection":[{"href":"https:\/\/nationalstore.be\/fr\/wp-json\/wp\/v2\/product"}],"about":[{"href":"https:\/\/nationalstore.be\/fr\/wp-json\/wp\/v2\/types\/product"}],"wp:featuredmedia":[{"embeddable":true,"href":"https:\/\/nationalstore.be\/fr\/wp-json\/wp\/v2\/media\/48076"}],"wp:attachment":[{"href":"https:\/\/nationalstore.be\/fr\/wp-json\/wp\/v2\/media?parent=32749"}],"wp:term":[{"taxonomy":"product_cat","embeddable":true,"href":"https:\/\/nationalstore.be\/fr\/wp-json\/wp\/v2\/product_cat?post=32749"},{"taxonomy":"product_tag","embeddable":true,"href":"https:\/\/nationalstore.be\/fr\/wp-json\/wp\/v2\/product_tag?post=32749"}],"curies":[{"name":"wp","href":"https:\/\/api.w.org\/{rel}","templated":true}]}}