{"id":31856,"date":"2022-03-09T12:07:44","date_gmt":"2022-03-11T16:27:40","guid":{"rendered":"https:\/\/nationalstore.be\/?post_type=product&#038;p=31856"},"modified":"2022-08-24T15:44:33","modified_gmt":"2022-08-24T13:44:33","slug":"slow-11","status":"publish","type":"product","link":"https:\/\/nationalstore.be\/fr\/produit\/slow-11","title":{"rendered":"Slow #11"},"content":{"rendered":"<p>Diam\u00e8tre: \u00d8 100 cm<\/p>\n<p>Mati\u00e8re: 100% laine<\/p>\n<p>Le vibrant motif apparaissant dans la s\u00e9rie Slow vient de la mati\u00e8re elle-m\u00eame dans la structure de sa fabrication, et \u00e9voque un mouvement.\u00a0<\/p>\n","protected":false},"excerpt":{"rendered":"<p>Le d\u00e9grad\u00e9 de couleurs apporte ici encore plus de profondeur. Le mod\u00e8le est disponible sur commande.<\/p>\n","protected":false},"featured_media":30829,"template":"","meta":[],"product_cat":[3121,527,3382,2903,2876,2867],"product_tag":[2363,1296,1272,823,827],"yoast_head":"<!-- This site is optimized with the Yoast SEO plugin v19.1 - https:\/\/yoast.com\/wordpress\/plugins\/seo\/ -->\n<title>Slow #11 | E-shop artistes belges<\/title>\n<meta name=\"description\" content=\"Hypnotisant petit tapis constitu\u00e9 de laine bleue marine et d\u2019accents argent\u00e9s. Le dessin vient de la structure m\u00eame du tapis et r\u00e9v\u00e8le un mouvement circulaire. Comme la plupart de mes tapis, cette pi\u00e8ce peut \u00eatre accroch\u00e9e sur un mur ou pos\u00e9e au sol.\" \/>\n<meta name=\"robots\" content=\"index, follow, max-snippet:-1, max-image-preview:large, max-video-preview:-1\" \/>\n<link rel=\"canonical\" href=\"https:\/\/nationalstore.be\/fr\/produit\/slow-11\" \/>\n<meta property=\"og:locale\" content=\"fr_FR\" \/>\n<meta property=\"og:type\" content=\"article\" \/>\n<meta property=\"og:title\" content=\"Slow #11 | E-shop artistes belges\" \/>\n<meta property=\"og:description\" content=\"Hypnotisant petit tapis constitu\u00e9 de laine bleue marine et d\u2019accents argent\u00e9s. Le dessin vient de la structure m\u00eame du tapis et r\u00e9v\u00e8le un mouvement circulaire. Comme la plupart de mes tapis, cette pi\u00e8ce peut \u00eatre accroch\u00e9e sur un mur ou pos\u00e9e au sol.\" \/>\n<meta property=\"og:url\" content=\"https:\/\/nationalstore.be\/fr\/produit\/slow-11\" \/>\n<meta property=\"og:site_name\" content=\"NATIONA(A)L ARTIST SUPERMARKET\" \/>\n<meta property=\"article:publisher\" content=\"https:\/\/www.facebook.com\/nationalstore\/?ref=br_rs\" \/>\n<meta property=\"article:modified_time\" content=\"2022-08-24T13:44:33+00:00\" \/>\n<meta property=\"og:image\" content=\"https:\/\/nationalstore.be\/wp-content\/uploads\/2022\/03\/IMG_0325-1024x1024.jpg\" \/>\n\t<meta property=\"og:image:width\" content=\"1024\" \/>\n\t<meta property=\"og:image:height\" content=\"1024\" \/>\n\t<meta property=\"og:image:type\" content=\"image\/jpeg\" \/>\n<meta name=\"twitter:card\" content=\"summary_large_image\" \/>\n<meta name=\"twitter:site\" content=\"@Nationalstore\" \/>\n<meta name=\"twitter:label1\" content=\"Dur\u00e9e de lecture estim\u00e9e\" \/>\n\t<meta name=\"twitter:data1\" content=\"1 minute\" \/>\n<script type=\"application\/ld+json\" class=\"yoast-schema-graph\">{\"@context\":\"https:\/\/schema.org\",\"@graph\":[{\"@type\":\"Organization\",\"@id\":\"https:\/\/nationalstore.be\/fr#organization\",\"name\":\"NATIONA(A)L ARTIST MARKET\",\"url\":\"https:\/\/nationalstore.be\/fr\",\"sameAs\":[\"https:\/\/www.instagram.com\/nationalstore\/\",\"https:\/\/www.facebook.com\/nationalstore\/?ref=br_rs\",\"https:\/\/twitter.com\/Nationalstore\"],\"logo\":{\"@type\":\"ImageObject\",\"inLanguage\":\"fr-FR\",\"@id\":\"https:\/\/nationalstore.be\/fr#\/schema\/logo\/image\/\",\"url\":\"https:\/\/nationalstore.be\/wp-content\/uploads\/2024\/03\/nationaal-logo_mauve-cmjn.png\",\"contentUrl\":\"https:\/\/nationalstore.be\/wp-content\/uploads\/2024\/03\/nationaal-logo_mauve-cmjn.png\",\"width\":3475,\"height\":1352,\"caption\":\"NATIONA(A)L ARTIST MARKET\"},\"image\":{\"@id\":\"https:\/\/nationalstore.be\/fr#\/schema\/logo\/image\/\"}},{\"@type\":\"WebSite\",\"@id\":\"https:\/\/nationalstore.be\/fr#website\",\"url\":\"https:\/\/nationalstore.be\/fr\",\"name\":\"NATIONA(A)L ARTIST SUPERMARKET\",\"description\":\"\",\"publisher\":{\"@id\":\"https:\/\/nationalstore.be\/fr#organization\"},\"potentialAction\":[{\"@type\":\"SearchAction\",\"target\":{\"@type\":\"EntryPoint\",\"urlTemplate\":\"https:\/\/nationalstore.be\/fr?s={search_term_string}\"},\"query-input\":\"required name=search_term_string\"}],\"inLanguage\":\"fr-FR\"},{\"@type\":\"ImageObject\",\"inLanguage\":\"fr-FR\",\"@id\":\"https:\/\/nationalstore.be\/fr\/produit\/slow-11#primaryimage\",\"url\":\"https:\/\/nationalstore.be\/wp-content\/uploads\/2022\/03\/IMG_0325.jpg\",\"contentUrl\":\"https:\/\/nationalstore.be\/wp-content\/uploads\/2022\/03\/IMG_0325.jpg\",\"width\":1280,\"height\":1280},{\"@type\":[\"WebPage\",\"ItemPage\"],\"@id\":\"https:\/\/nationalstore.be\/fr\/produit\/slow-11#webpage\",\"url\":\"https:\/\/nationalstore.be\/fr\/produit\/slow-11\",\"name\":\"Slow #11 | E-shop artistes belges\",\"isPartOf\":{\"@id\":\"https:\/\/nationalstore.be\/fr#website\"},\"primaryImageOfPage\":{\"@id\":\"https:\/\/nationalstore.be\/fr\/produit\/slow-11#primaryimage\"},\"datePublished\":\"2022-03-11T16:27:40+00:00\",\"dateModified\":\"2022-08-24T13:44:33+00:00\",\"description\":\"Hypnotisant petit tapis constitu\u00e9 de laine bleue marine et d\u2019accents argent\u00e9s. Le dessin vient de la structure m\u00eame du tapis et r\u00e9v\u00e8le un mouvement circulaire. Comme la plupart de mes tapis, cette pi\u00e8ce peut \u00eatre accroch\u00e9e sur un mur ou pos\u00e9e au sol.\",\"breadcrumb\":{\"@id\":\"https:\/\/nationalstore.be\/fr\/produit\/slow-11#breadcrumb\"},\"inLanguage\":\"fr-FR\",\"potentialAction\":[{\"@type\":\"ReadAction\",\"target\":[\"https:\/\/nationalstore.be\/fr\/produit\/slow-11\"]}]},{\"@type\":\"BreadcrumbList\",\"@id\":\"https:\/\/nationalstore.be\/fr\/produit\/slow-11#breadcrumb\",\"itemListElement\":[{\"@type\":\"ListItem\",\"position\":1,\"name\":\"Home\",\"item\":\"https:\/\/nationalstore.be\/fr\"},{\"@type\":\"ListItem\",\"position\":2,\"name\":\"Produits\",\"item\":\"https:\/\/nationalstore.be\/fr\/shop\"},{\"@type\":\"ListItem\",\"position\":3,\"name\":\"Subcategories\",\"item\":\"https:\/\/nationalstore.be\/fr\/pc\/subcategories-fr\"},{\"@type\":\"ListItem\",\"position\":4,\"name\":\"CDM x NATIONA(A)L: Un nouveau language partag\u00e9\",\"item\":\"https:\/\/nationalstore.be\/fr\/pc\/subcategories-fr\/cdm-x-nationaal-un-nouveau-language-partage\"},{\"@type\":\"ListItem\",\"position\":5,\"name\":\"Slow #11\"}]}]}<\/script>\n<!-- \/ Yoast SEO plugin. -->","yoast_head_json":{"title":"Slow #11 | E-shop artistes belges","description":"Hypnotisant petit tapis constitu\u00e9 de laine bleue marine et d\u2019accents argent\u00e9s. Le dessin vient de la structure m\u00eame du tapis et r\u00e9v\u00e8le un mouvement circulaire. Comme la plupart de mes tapis, cette pi\u00e8ce peut \u00eatre accroch\u00e9e sur un mur ou pos\u00e9e au sol.","robots":{"index":"index","follow":"follow","max-snippet":"max-snippet:-1","max-image-preview":"max-image-preview:large","max-video-preview":"max-video-preview:-1"},"canonical":"https:\/\/nationalstore.be\/fr\/produit\/slow-11","og_locale":"fr_FR","og_type":"article","og_title":"Slow #11 | E-shop artistes belges","og_description":"Hypnotisant petit tapis constitu\u00e9 de laine bleue marine et d\u2019accents argent\u00e9s. Le dessin vient de la structure m\u00eame du tapis et r\u00e9v\u00e8le un mouvement circulaire. Comme la plupart de mes tapis, cette pi\u00e8ce peut \u00eatre accroch\u00e9e sur un mur ou pos\u00e9e au sol.","og_url":"https:\/\/nationalstore.be\/fr\/produit\/slow-11","og_site_name":"NATIONA(A)L ARTIST SUPERMARKET","article_publisher":"https:\/\/www.facebook.com\/nationalstore\/?ref=br_rs","article_modified_time":"2022-08-24T13:44:33+00:00","og_image":[{"width":1024,"height":1024,"url":"https:\/\/nationalstore.be\/wp-content\/uploads\/2022\/03\/IMG_0325-1024x1024.jpg","type":"image\/jpeg"}],"twitter_card":"summary_large_image","twitter_site":"@Nationalstore","twitter_misc":{"Dur\u00e9e de lecture estim\u00e9e":"1 minute"},"schema":{"@context":"https:\/\/schema.org","@graph":[{"@type":"Organization","@id":"https:\/\/nationalstore.be\/fr#organization","name":"NATIONA(A)L ARTIST MARKET","url":"https:\/\/nationalstore.be\/fr","sameAs":["https:\/\/www.instagram.com\/nationalstore\/","https:\/\/www.facebook.com\/nationalstore\/?ref=br_rs","https:\/\/twitter.com\/Nationalstore"],"logo":{"@type":"ImageObject","inLanguage":"fr-FR","@id":"https:\/\/nationalstore.be\/fr#\/schema\/logo\/image\/","url":"https:\/\/nationalstore.be\/wp-content\/uploads\/2024\/03\/nationaal-logo_mauve-cmjn.png","contentUrl":"https:\/\/nationalstore.be\/wp-content\/uploads\/2024\/03\/nationaal-logo_mauve-cmjn.png","width":3475,"height":1352,"caption":"NATIONA(A)L ARTIST MARKET"},"image":{"@id":"https:\/\/nationalstore.be\/fr#\/schema\/logo\/image\/"}},{"@type":"WebSite","@id":"https:\/\/nationalstore.be\/fr#website","url":"https:\/\/nationalstore.be\/fr","name":"NATIONA(A)L ARTIST SUPERMARKET","description":"","publisher":{"@id":"https:\/\/nationalstore.be\/fr#organization"},"potentialAction":[{"@type":"SearchAction","target":{"@type":"EntryPoint","urlTemplate":"https:\/\/nationalstore.be\/fr?s={search_term_string}"},"query-input":"required name=search_term_string"}],"inLanguage":"fr-FR"},{"@type":"ImageObject","inLanguage":"fr-FR","@id":"https:\/\/nationalstore.be\/fr\/produit\/slow-11#primaryimage","url":"https:\/\/nationalstore.be\/wp-content\/uploads\/2022\/03\/IMG_0325.jpg","contentUrl":"https:\/\/nationalstore.be\/wp-content\/uploads\/2022\/03\/IMG_0325.jpg","width":1280,"height":1280},{"@type":["WebPage","ItemPage"],"@id":"https:\/\/nationalstore.be\/fr\/produit\/slow-11#webpage","url":"https:\/\/nationalstore.be\/fr\/produit\/slow-11","name":"Slow #11 | E-shop artistes belges","isPartOf":{"@id":"https:\/\/nationalstore.be\/fr#website"},"primaryImageOfPage":{"@id":"https:\/\/nationalstore.be\/fr\/produit\/slow-11#primaryimage"},"datePublished":"2022-03-11T16:27:40+00:00","dateModified":"2022-08-24T13:44:33+00:00","description":"Hypnotisant petit tapis constitu\u00e9 de laine bleue marine et d\u2019accents argent\u00e9s. Le dessin vient de la structure m\u00eame du tapis et r\u00e9v\u00e8le un mouvement circulaire. Comme la plupart de mes tapis, cette pi\u00e8ce peut \u00eatre accroch\u00e9e sur un mur ou pos\u00e9e au sol.","breadcrumb":{"@id":"https:\/\/nationalstore.be\/fr\/produit\/slow-11#breadcrumb"},"inLanguage":"fr-FR","potentialAction":[{"@type":"ReadAction","target":["https:\/\/nationalstore.be\/fr\/produit\/slow-11"]}]},{"@type":"BreadcrumbList","@id":"https:\/\/nationalstore.be\/fr\/produit\/slow-11#breadcrumb","itemListElement":[{"@type":"ListItem","position":1,"name":"Home","item":"https:\/\/nationalstore.be\/fr"},{"@type":"ListItem","position":2,"name":"Produits","item":"https:\/\/nationalstore.be\/fr\/shop"},{"@type":"ListItem","position":3,"name":"Subcategories","item":"https:\/\/nationalstore.be\/fr\/pc\/subcategories-fr"},{"@type":"ListItem","position":4,"name":"CDM x NATIONA(A)L: Un nouveau language partag\u00e9","item":"https:\/\/nationalstore.be\/fr\/pc\/subcategories-fr\/cdm-x-nationaal-un-nouveau-language-partage"},{"@type":"ListItem","position":5,"name":"Slow #11"}]}]}},"_links":{"self":[{"href":"https:\/\/nationalstore.be\/fr\/wp-json\/wp\/v2\/product\/31856"}],"collection":[{"href":"https:\/\/nationalstore.be\/fr\/wp-json\/wp\/v2\/product"}],"about":[{"href":"https:\/\/nationalstore.be\/fr\/wp-json\/wp\/v2\/types\/product"}],"wp:featuredmedia":[{"embeddable":true,"href":"https:\/\/nationalstore.be\/fr\/wp-json\/wp\/v2\/media\/30829"}],"wp:attachment":[{"href":"https:\/\/nationalstore.be\/fr\/wp-json\/wp\/v2\/media?parent=31856"}],"wp:term":[{"taxonomy":"product_cat","embeddable":true,"href":"https:\/\/nationalstore.be\/fr\/wp-json\/wp\/v2\/product_cat?post=31856"},{"taxonomy":"product_tag","embeddable":true,"href":"https:\/\/nationalstore.be\/fr\/wp-json\/wp\/v2\/product_tag?post=31856"}],"curies":[{"name":"wp","href":"https:\/\/api.w.org\/{rel}","templated":true}]}}