{"id":30848,"date":"2022-03-09T12:18:51","date_gmt":"2022-03-09T11:18:51","guid":{"rendered":"https:\/\/nationalstore.be\/?post_type=product&#038;p=30848"},"modified":"2022-09-27T10:16:58","modified_gmt":"2022-09-27T08:16:58","slug":"coral-5","status":"publish","type":"product","link":"https:\/\/nationalstore.be\/fr\/produit\/coral-5","title":{"rendered":"Coral #5"},"content":{"rendered":"<div class=\"ProductItem-details-excerpt\" data-content-field=\"excerpt\" style=\"caret-color: #000000; color: #000000; font-size: calc(1rem + 0vw); letter-spacing: 0em; margin-bottom: 40px; order: 5; font-family: acumin-pro; line-height: 1.5em;\" data-mce-style=\"caret-color: #000000; color: #000000; font-size: calc(1rem + 0vw); letter-spacing: 0em; margin-bottom: 40px; order: 5; font-family: acumin-pro; line-height: 1.5em;\">\n<p class=\"\" style=\"margin: 1rem 0px; font-size: 18px; white-space: pre-wrap;\" data-mce-style=\"margin: 1rem 0px; font-size: 18px; white-space: pre-wrap;\">Celui-ci, d\u2019une taille de 57cm pourrait aussi faire un beau petit tapis de sol dans une chambre d\u2019enfant ou en descente de lit. Il est compos\u00e9 en partie d\u2019une m\u00e8che de laine d\u00e9grad\u00e9e offrant un spectre de couleurs vives, qui donne au tapis une tonalit\u00e9 tr\u00e8s joyeuse.<\/p>\n<p class=\"\" style=\"margin: 1rem 0px; font-size: 18px; white-space: pre-wrap;\" data-mce-style=\"margin: 1rem 0px; font-size: 18px; white-space: pre-wrap;\">Diam\u00e8tre: \u00d8 57 cm<br \/>Mati\u00e8re: 90% laine, 10% autres fibres<\/p>\n<\/div>\n","protected":false},"excerpt":{"rendered":"<p><span style=\"color: #000000; font-family: acumin-pro; font-size: 18px; white-space: pre-wrap; caret-color: #000000;\" data-mce-style=\"color: #000000; font-family: acumin-pro; font-size: 18px; white-space: pre-wrap; caret-color: #000000;\">Les petits tapis Coral, d\u00e9clin\u00e9s en plusieurs tailles et plusieurs couleurs, avec un motif fort et organique, se destinent \u00e0 \u00eatre mis au mur, dans un but d\u00e9coratif et isolant, \u00e0 la mani\u00e8re d\u2019une tapisserie, ou pos\u00e9s sur un meuble comme un napperon.<\/span><\/p>\n","protected":false},"featured_media":30855,"template":"","meta":[],"product_cat":[3121,2387,1589,527,2876,2867],"product_tag":[1248,287,827],"yoast_head":"<!-- This site is optimized with the Yoast SEO plugin v19.1 - https:\/\/yoast.com\/wordpress\/plugins\/seo\/ -->\n<title>Coral #5 | E-shop artistes belges<\/title>\n<meta name=\"description\" content=\"Hypnotisant petit tapis constitu\u00e9 de laine bleue marine et d\u2019accents argent\u00e9s. Le dessin vient de la structure m\u00eame du tapis et r\u00e9v\u00e8le un mouvement circulaire. Comme la plupart de mes tapis, cette pi\u00e8ce peut \u00eatre accroch\u00e9e sur un mur ou pos\u00e9e au sol.\" \/>\n<meta name=\"robots\" content=\"index, follow, max-snippet:-1, max-image-preview:large, max-video-preview:-1\" \/>\n<link rel=\"canonical\" href=\"https:\/\/nationalstore.be\/fr\/produit\/coral-5\" \/>\n<meta property=\"og:locale\" content=\"fr_FR\" \/>\n<meta property=\"og:type\" content=\"article\" \/>\n<meta property=\"og:title\" content=\"Coral #5 | E-shop artistes belges\" \/>\n<meta property=\"og:description\" content=\"Hypnotisant petit tapis constitu\u00e9 de laine bleue marine et d\u2019accents argent\u00e9s. Le dessin vient de la structure m\u00eame du tapis et r\u00e9v\u00e8le un mouvement circulaire. Comme la plupart de mes tapis, cette pi\u00e8ce peut \u00eatre accroch\u00e9e sur un mur ou pos\u00e9e au sol.\" \/>\n<meta property=\"og:url\" content=\"https:\/\/nationalstore.be\/fr\/produit\/coral-5\" \/>\n<meta property=\"og:site_name\" content=\"NATIONA(A)L ARTIST SUPERMARKET\" \/>\n<meta property=\"article:publisher\" content=\"https:\/\/www.facebook.com\/nationalstore\/?ref=br_rs\" \/>\n<meta property=\"article:modified_time\" content=\"2022-09-27T08:16:58+00:00\" \/>\n<meta property=\"og:image\" content=\"https:\/\/nationalstore.be\/wp-content\/uploads\/2022\/03\/Coral-5-DSC03376-1024x665.jpg\" \/>\n\t<meta property=\"og:image:width\" content=\"1024\" \/>\n\t<meta property=\"og:image:height\" content=\"665\" \/>\n\t<meta property=\"og:image:type\" content=\"image\/jpeg\" \/>\n<meta name=\"twitter:card\" content=\"summary_large_image\" \/>\n<meta name=\"twitter:site\" content=\"@Nationalstore\" \/>\n<script type=\"application\/ld+json\" class=\"yoast-schema-graph\">{\"@context\":\"https:\/\/schema.org\",\"@graph\":[{\"@type\":\"Organization\",\"@id\":\"https:\/\/nationalstore.be\/fr#organization\",\"name\":\"NATIONA(A)L ARTIST MARKET\",\"url\":\"https:\/\/nationalstore.be\/fr\",\"sameAs\":[\"https:\/\/www.instagram.com\/nationalstore\/\",\"https:\/\/www.facebook.com\/nationalstore\/?ref=br_rs\",\"https:\/\/twitter.com\/Nationalstore\"],\"logo\":{\"@type\":\"ImageObject\",\"inLanguage\":\"fr-FR\",\"@id\":\"https:\/\/nationalstore.be\/fr#\/schema\/logo\/image\/\",\"url\":\"https:\/\/nationalstore.be\/wp-content\/uploads\/2024\/03\/nationaal-logo_mauve-cmjn.png\",\"contentUrl\":\"https:\/\/nationalstore.be\/wp-content\/uploads\/2024\/03\/nationaal-logo_mauve-cmjn.png\",\"width\":3475,\"height\":1352,\"caption\":\"NATIONA(A)L ARTIST MARKET\"},\"image\":{\"@id\":\"https:\/\/nationalstore.be\/fr#\/schema\/logo\/image\/\"}},{\"@type\":\"WebSite\",\"@id\":\"https:\/\/nationalstore.be\/fr#website\",\"url\":\"https:\/\/nationalstore.be\/fr\",\"name\":\"NATIONA(A)L ARTIST SUPERMARKET\",\"description\":\"\",\"publisher\":{\"@id\":\"https:\/\/nationalstore.be\/fr#organization\"},\"potentialAction\":[{\"@type\":\"SearchAction\",\"target\":{\"@type\":\"EntryPoint\",\"urlTemplate\":\"https:\/\/nationalstore.be\/fr?s={search_term_string}\"},\"query-input\":\"required name=search_term_string\"}],\"inLanguage\":\"fr-FR\"},{\"@type\":\"ImageObject\",\"inLanguage\":\"fr-FR\",\"@id\":\"https:\/\/nationalstore.be\/fr\/produit\/coral-5#primaryimage\",\"url\":\"https:\/\/nationalstore.be\/wp-content\/uploads\/2022\/03\/Coral-5-DSC03376.jpg\",\"contentUrl\":\"https:\/\/nationalstore.be\/wp-content\/uploads\/2022\/03\/Coral-5-DSC03376.jpg\",\"width\":2340,\"height\":1519},{\"@type\":[\"WebPage\",\"ItemPage\"],\"@id\":\"https:\/\/nationalstore.be\/fr\/produit\/coral-5#webpage\",\"url\":\"https:\/\/nationalstore.be\/fr\/produit\/coral-5\",\"name\":\"Coral #5 | E-shop artistes belges\",\"isPartOf\":{\"@id\":\"https:\/\/nationalstore.be\/fr#website\"},\"primaryImageOfPage\":{\"@id\":\"https:\/\/nationalstore.be\/fr\/produit\/coral-5#primaryimage\"},\"datePublished\":\"2022-03-09T11:18:51+00:00\",\"dateModified\":\"2022-09-27T08:16:58+00:00\",\"description\":\"Hypnotisant petit tapis constitu\u00e9 de laine bleue marine et d\u2019accents argent\u00e9s. Le dessin vient de la structure m\u00eame du tapis et r\u00e9v\u00e8le un mouvement circulaire. Comme la plupart de mes tapis, cette pi\u00e8ce peut \u00eatre accroch\u00e9e sur un mur ou pos\u00e9e au sol.\",\"breadcrumb\":{\"@id\":\"https:\/\/nationalstore.be\/fr\/produit\/coral-5#breadcrumb\"},\"inLanguage\":\"fr-FR\",\"potentialAction\":[{\"@type\":\"ReadAction\",\"target\":[\"https:\/\/nationalstore.be\/fr\/produit\/coral-5\"]}]},{\"@type\":\"BreadcrumbList\",\"@id\":\"https:\/\/nationalstore.be\/fr\/produit\/coral-5#breadcrumb\",\"itemListElement\":[{\"@type\":\"ListItem\",\"position\":1,\"name\":\"Home\",\"item\":\"https:\/\/nationalstore.be\/fr\"},{\"@type\":\"ListItem\",\"position\":2,\"name\":\"Produits\",\"item\":\"https:\/\/nationalstore.be\/fr\/shop\"},{\"@type\":\"ListItem\",\"position\":3,\"name\":\"Subcategories\",\"item\":\"https:\/\/nationalstore.be\/fr\/pc\/subcategories-fr\"},{\"@type\":\"ListItem\",\"position\":4,\"name\":\"CDM x NATIONA(A)L: Un nouveau language partag\u00e9\",\"item\":\"https:\/\/nationalstore.be\/fr\/pc\/subcategories-fr\/cdm-x-nationaal-un-nouveau-language-partage\"},{\"@type\":\"ListItem\",\"position\":5,\"name\":\"Coral #5\"}]}]}<\/script>\n<!-- \/ Yoast SEO plugin. -->","yoast_head_json":{"title":"Coral #5 | E-shop artistes belges","description":"Hypnotisant petit tapis constitu\u00e9 de laine bleue marine et d\u2019accents argent\u00e9s. Le dessin vient de la structure m\u00eame du tapis et r\u00e9v\u00e8le un mouvement circulaire. Comme la plupart de mes tapis, cette pi\u00e8ce peut \u00eatre accroch\u00e9e sur un mur ou pos\u00e9e au sol.","robots":{"index":"index","follow":"follow","max-snippet":"max-snippet:-1","max-image-preview":"max-image-preview:large","max-video-preview":"max-video-preview:-1"},"canonical":"https:\/\/nationalstore.be\/fr\/produit\/coral-5","og_locale":"fr_FR","og_type":"article","og_title":"Coral #5 | E-shop artistes belges","og_description":"Hypnotisant petit tapis constitu\u00e9 de laine bleue marine et d\u2019accents argent\u00e9s. Le dessin vient de la structure m\u00eame du tapis et r\u00e9v\u00e8le un mouvement circulaire. Comme la plupart de mes tapis, cette pi\u00e8ce peut \u00eatre accroch\u00e9e sur un mur ou pos\u00e9e au sol.","og_url":"https:\/\/nationalstore.be\/fr\/produit\/coral-5","og_site_name":"NATIONA(A)L ARTIST SUPERMARKET","article_publisher":"https:\/\/www.facebook.com\/nationalstore\/?ref=br_rs","article_modified_time":"2022-09-27T08:16:58+00:00","og_image":[{"width":1024,"height":665,"url":"https:\/\/nationalstore.be\/wp-content\/uploads\/2022\/03\/Coral-5-DSC03376-1024x665.jpg","type":"image\/jpeg"}],"twitter_card":"summary_large_image","twitter_site":"@Nationalstore","schema":{"@context":"https:\/\/schema.org","@graph":[{"@type":"Organization","@id":"https:\/\/nationalstore.be\/fr#organization","name":"NATIONA(A)L ARTIST MARKET","url":"https:\/\/nationalstore.be\/fr","sameAs":["https:\/\/www.instagram.com\/nationalstore\/","https:\/\/www.facebook.com\/nationalstore\/?ref=br_rs","https:\/\/twitter.com\/Nationalstore"],"logo":{"@type":"ImageObject","inLanguage":"fr-FR","@id":"https:\/\/nationalstore.be\/fr#\/schema\/logo\/image\/","url":"https:\/\/nationalstore.be\/wp-content\/uploads\/2024\/03\/nationaal-logo_mauve-cmjn.png","contentUrl":"https:\/\/nationalstore.be\/wp-content\/uploads\/2024\/03\/nationaal-logo_mauve-cmjn.png","width":3475,"height":1352,"caption":"NATIONA(A)L ARTIST MARKET"},"image":{"@id":"https:\/\/nationalstore.be\/fr#\/schema\/logo\/image\/"}},{"@type":"WebSite","@id":"https:\/\/nationalstore.be\/fr#website","url":"https:\/\/nationalstore.be\/fr","name":"NATIONA(A)L ARTIST SUPERMARKET","description":"","publisher":{"@id":"https:\/\/nationalstore.be\/fr#organization"},"potentialAction":[{"@type":"SearchAction","target":{"@type":"EntryPoint","urlTemplate":"https:\/\/nationalstore.be\/fr?s={search_term_string}"},"query-input":"required name=search_term_string"}],"inLanguage":"fr-FR"},{"@type":"ImageObject","inLanguage":"fr-FR","@id":"https:\/\/nationalstore.be\/fr\/produit\/coral-5#primaryimage","url":"https:\/\/nationalstore.be\/wp-content\/uploads\/2022\/03\/Coral-5-DSC03376.jpg","contentUrl":"https:\/\/nationalstore.be\/wp-content\/uploads\/2022\/03\/Coral-5-DSC03376.jpg","width":2340,"height":1519},{"@type":["WebPage","ItemPage"],"@id":"https:\/\/nationalstore.be\/fr\/produit\/coral-5#webpage","url":"https:\/\/nationalstore.be\/fr\/produit\/coral-5","name":"Coral #5 | E-shop artistes belges","isPartOf":{"@id":"https:\/\/nationalstore.be\/fr#website"},"primaryImageOfPage":{"@id":"https:\/\/nationalstore.be\/fr\/produit\/coral-5#primaryimage"},"datePublished":"2022-03-09T11:18:51+00:00","dateModified":"2022-09-27T08:16:58+00:00","description":"Hypnotisant petit tapis constitu\u00e9 de laine bleue marine et d\u2019accents argent\u00e9s. Le dessin vient de la structure m\u00eame du tapis et r\u00e9v\u00e8le un mouvement circulaire. Comme la plupart de mes tapis, cette pi\u00e8ce peut \u00eatre accroch\u00e9e sur un mur ou pos\u00e9e au sol.","breadcrumb":{"@id":"https:\/\/nationalstore.be\/fr\/produit\/coral-5#breadcrumb"},"inLanguage":"fr-FR","potentialAction":[{"@type":"ReadAction","target":["https:\/\/nationalstore.be\/fr\/produit\/coral-5"]}]},{"@type":"BreadcrumbList","@id":"https:\/\/nationalstore.be\/fr\/produit\/coral-5#breadcrumb","itemListElement":[{"@type":"ListItem","position":1,"name":"Home","item":"https:\/\/nationalstore.be\/fr"},{"@type":"ListItem","position":2,"name":"Produits","item":"https:\/\/nationalstore.be\/fr\/shop"},{"@type":"ListItem","position":3,"name":"Subcategories","item":"https:\/\/nationalstore.be\/fr\/pc\/subcategories-fr"},{"@type":"ListItem","position":4,"name":"CDM x NATIONA(A)L: Un nouveau language partag\u00e9","item":"https:\/\/nationalstore.be\/fr\/pc\/subcategories-fr\/cdm-x-nationaal-un-nouveau-language-partage"},{"@type":"ListItem","position":5,"name":"Coral #5"}]}]}},"_links":{"self":[{"href":"https:\/\/nationalstore.be\/fr\/wp-json\/wp\/v2\/product\/30848"}],"collection":[{"href":"https:\/\/nationalstore.be\/fr\/wp-json\/wp\/v2\/product"}],"about":[{"href":"https:\/\/nationalstore.be\/fr\/wp-json\/wp\/v2\/types\/product"}],"wp:featuredmedia":[{"embeddable":true,"href":"https:\/\/nationalstore.be\/fr\/wp-json\/wp\/v2\/media\/30855"}],"wp:attachment":[{"href":"https:\/\/nationalstore.be\/fr\/wp-json\/wp\/v2\/media?parent=30848"}],"wp:term":[{"taxonomy":"product_cat","embeddable":true,"href":"https:\/\/nationalstore.be\/fr\/wp-json\/wp\/v2\/product_cat?post=30848"},{"taxonomy":"product_tag","embeddable":true,"href":"https:\/\/nationalstore.be\/fr\/wp-json\/wp\/v2\/product_tag?post=30848"}],"curies":[{"name":"wp","href":"https:\/\/api.w.org\/{rel}","templated":true}]}}