{"id":30373,"date":"2022-02-24T17:41:42","date_gmt":"2022-02-24T16:41:42","guid":{"rendered":"https:\/\/nationalstore.be\/?post_type=product&#038;p=30373"},"modified":"2022-09-26T15:29:13","modified_gmt":"2022-09-26T13:29:13","slug":"la-poudre-ep-cd-usb-2","status":"publish","type":"product","link":"https:\/\/nationalstore.be\/fr\/produit\/la-poudre-ep-cd-usb-2","title":{"rendered":"la poudre ep \u2013 CD + USB"},"content":{"rendered":"<p>Cinq titres aussi divers dans les styles que semblables dans l&#8217;\u00e9nergie et les intentions. Vous embarquerez pour un voyage vers la destruction totale des codes et des r\u00e8gles. Une odyss\u00e9e progressive de party rock, puisant ses influences dans des groupes comme les Red Hot Chili Peppers, les Libertines, les Violent Femmes, Muse, et une myriade d&#8217;autres.<\/p>\n<p>Nous vous offrons le pack de f\u00eate ultime avec le CD et la cl\u00e9 USB pour que vous puissiez l&#8217;emmener partout. Essayez-le dans votre voiture. Loud.<\/p>\n<p>Liste des pistes :<\/p>\n<p>1 Week Ties<\/p>\n<p>2 Alexander von Humboldt<\/p>\n<p>3 Mambo<\/p>\n<p>4 Superbien<\/p>\n<p>5 Mr Greedy<\/p>\n<p><br data-mce-bogus=\"1\"><\/p>\n","protected":false},"excerpt":{"rendered":"<p>Un premier ep qui sonne comme un Best Of !<\/p>\n<p>la poudre livre en seulement cinq titres ce qui s&#8217;apparente \u00e0 un tsunami d&#8217;\u00e9nergie, d&#8217;\u00e9motions, de m\u00e9lodies, et finalement de libert\u00e9.<\/p>\n<p>L&#8217;Ultimate party package avec le CD et la cl\u00e9 USB pour l&#8217;emmener partout. Essayez-le dans votre voiture. Bruyant.<\/p>\n<p>***<\/p>\n","protected":false},"featured_media":29791,"template":"","meta":[],"product_cat":[2735,533],"product_tag":[502],"yoast_head":"<!-- This site is optimized with the Yoast SEO plugin v19.1 - https:\/\/yoast.com\/wordpress\/plugins\/seo\/ -->\n<title>la poudre ep \u2013 CD + USB | E-shop artistes belges<\/title>\n<meta name=\"description\" content=\"la poudre ep. A first ep that sounds like a Best Of! A party rock trip to total freedom.\" \/>\n<meta name=\"robots\" content=\"index, follow, max-snippet:-1, max-image-preview:large, max-video-preview:-1\" \/>\n<link rel=\"canonical\" href=\"https:\/\/nationalstore.be\/fr\/produit\/la-poudre-ep-cd-usb-2\" \/>\n<meta property=\"og:locale\" content=\"fr_FR\" \/>\n<meta property=\"og:type\" content=\"article\" \/>\n<meta property=\"og:title\" content=\"la poudre ep \u2013 CD + USB | E-shop artistes belges\" \/>\n<meta property=\"og:description\" content=\"la poudre ep. A first ep that sounds like a Best Of! A party rock trip to total freedom.\" \/>\n<meta property=\"og:url\" content=\"https:\/\/nationalstore.be\/fr\/produit\/la-poudre-ep-cd-usb-2\" \/>\n<meta property=\"og:site_name\" content=\"NATIONA(A)L ARTIST SUPERMARKET\" \/>\n<meta property=\"article:publisher\" content=\"https:\/\/www.facebook.com\/nationalstore\/?ref=br_rs\" \/>\n<meta property=\"article:modified_time\" content=\"2022-09-26T13:29:13+00:00\" \/>\n<meta property=\"og:image\" content=\"https:\/\/nationalstore.be\/wp-content\/uploads\/2022\/02\/1-POCHETTE-EP.png\" \/>\n\t<meta property=\"og:image:width\" content=\"1512\" \/>\n\t<meta property=\"og:image:height\" content=\"1512\" \/>\n\t<meta property=\"og:image:type\" content=\"image\/png\" \/>\n<meta name=\"twitter:card\" content=\"summary_large_image\" \/>\n<meta name=\"twitter:site\" content=\"@Nationalstore\" \/>\n<script type=\"application\/ld+json\" class=\"yoast-schema-graph\">{\"@context\":\"https:\/\/schema.org\",\"@graph\":[{\"@type\":\"Organization\",\"@id\":\"https:\/\/nationalstore.be\/fr#organization\",\"name\":\"NATIONA(A)L ARTIST MARKET\",\"url\":\"https:\/\/nationalstore.be\/fr\",\"sameAs\":[\"https:\/\/www.instagram.com\/nationalstore\/\",\"https:\/\/www.facebook.com\/nationalstore\/?ref=br_rs\",\"https:\/\/twitter.com\/Nationalstore\"],\"logo\":{\"@type\":\"ImageObject\",\"inLanguage\":\"fr-FR\",\"@id\":\"https:\/\/nationalstore.be\/fr#\/schema\/logo\/image\/\",\"url\":\"https:\/\/nationalstore.be\/wp-content\/uploads\/2024\/03\/nationaal-logo_mauve-cmjn.png\",\"contentUrl\":\"https:\/\/nationalstore.be\/wp-content\/uploads\/2024\/03\/nationaal-logo_mauve-cmjn.png\",\"width\":3475,\"height\":1352,\"caption\":\"NATIONA(A)L ARTIST MARKET\"},\"image\":{\"@id\":\"https:\/\/nationalstore.be\/fr#\/schema\/logo\/image\/\"}},{\"@type\":\"WebSite\",\"@id\":\"https:\/\/nationalstore.be\/fr#website\",\"url\":\"https:\/\/nationalstore.be\/fr\",\"name\":\"NATIONA(A)L ARTIST SUPERMARKET\",\"description\":\"\",\"publisher\":{\"@id\":\"https:\/\/nationalstore.be\/fr#organization\"},\"potentialAction\":[{\"@type\":\"SearchAction\",\"target\":{\"@type\":\"EntryPoint\",\"urlTemplate\":\"https:\/\/nationalstore.be\/fr?s={search_term_string}\"},\"query-input\":\"required name=search_term_string\"}],\"inLanguage\":\"fr-FR\"},{\"@type\":\"ImageObject\",\"inLanguage\":\"fr-FR\",\"@id\":\"https:\/\/nationalstore.be\/fr\/produit\/la-poudre-ep-cd-usb-2#primaryimage\",\"url\":\"https:\/\/nationalstore.be\/wp-content\/uploads\/2022\/02\/1-POCHETTE-EP.png\",\"contentUrl\":\"https:\/\/nationalstore.be\/wp-content\/uploads\/2022\/02\/1-POCHETTE-EP.png\",\"width\":1512,\"height\":1512,\"caption\":\"la poudre ep cover\"},{\"@type\":[\"WebPage\",\"ItemPage\"],\"@id\":\"https:\/\/nationalstore.be\/fr\/produit\/la-poudre-ep-cd-usb-2#webpage\",\"url\":\"https:\/\/nationalstore.be\/fr\/produit\/la-poudre-ep-cd-usb-2\",\"name\":\"la poudre ep \u2013 CD + USB | E-shop artistes belges\",\"isPartOf\":{\"@id\":\"https:\/\/nationalstore.be\/fr#website\"},\"primaryImageOfPage\":{\"@id\":\"https:\/\/nationalstore.be\/fr\/produit\/la-poudre-ep-cd-usb-2#primaryimage\"},\"datePublished\":\"2022-02-24T16:41:42+00:00\",\"dateModified\":\"2022-09-26T13:29:13+00:00\",\"description\":\"la poudre ep. A first ep that sounds like a Best Of! A party rock trip to total freedom.\",\"breadcrumb\":{\"@id\":\"https:\/\/nationalstore.be\/fr\/produit\/la-poudre-ep-cd-usb-2#breadcrumb\"},\"inLanguage\":\"fr-FR\",\"potentialAction\":[{\"@type\":\"ReadAction\",\"target\":[\"https:\/\/nationalstore.be\/fr\/produit\/la-poudre-ep-cd-usb-2\"]}]},{\"@type\":\"BreadcrumbList\",\"@id\":\"https:\/\/nationalstore.be\/fr\/produit\/la-poudre-ep-cd-usb-2#breadcrumb\",\"itemListElement\":[{\"@type\":\"ListItem\",\"position\":1,\"name\":\"Home\",\"item\":\"https:\/\/nationalstore.be\/fr\"},{\"@type\":\"ListItem\",\"position\":2,\"name\":\"Produits\",\"item\":\"https:\/\/nationalstore.be\/fr\/shop\"},{\"@type\":\"ListItem\",\"position\":3,\"name\":\"Musique\",\"item\":\"https:\/\/nationalstore.be\/fr\/pc\/musique\"},{\"@type\":\"ListItem\",\"position\":4,\"name\":\"Indie\/Rock\",\"item\":\"https:\/\/nationalstore.be\/fr\/pc\/musique\/indie-rock-fr\"},{\"@type\":\"ListItem\",\"position\":5,\"name\":\"la poudre ep \u2013 CD + USB\"}]}]}<\/script>\n<!-- \/ Yoast SEO plugin. -->","yoast_head_json":{"title":"la poudre ep \u2013 CD + USB | E-shop artistes belges","description":"la poudre ep. A first ep that sounds like a Best Of! A party rock trip to total freedom.","robots":{"index":"index","follow":"follow","max-snippet":"max-snippet:-1","max-image-preview":"max-image-preview:large","max-video-preview":"max-video-preview:-1"},"canonical":"https:\/\/nationalstore.be\/fr\/produit\/la-poudre-ep-cd-usb-2","og_locale":"fr_FR","og_type":"article","og_title":"la poudre ep \u2013 CD + USB | E-shop artistes belges","og_description":"la poudre ep. A first ep that sounds like a Best Of! A party rock trip to total freedom.","og_url":"https:\/\/nationalstore.be\/fr\/produit\/la-poudre-ep-cd-usb-2","og_site_name":"NATIONA(A)L ARTIST SUPERMARKET","article_publisher":"https:\/\/www.facebook.com\/nationalstore\/?ref=br_rs","article_modified_time":"2022-09-26T13:29:13+00:00","og_image":[{"width":1512,"height":1512,"url":"https:\/\/nationalstore.be\/wp-content\/uploads\/2022\/02\/1-POCHETTE-EP.png","type":"image\/png"}],"twitter_card":"summary_large_image","twitter_site":"@Nationalstore","schema":{"@context":"https:\/\/schema.org","@graph":[{"@type":"Organization","@id":"https:\/\/nationalstore.be\/fr#organization","name":"NATIONA(A)L ARTIST MARKET","url":"https:\/\/nationalstore.be\/fr","sameAs":["https:\/\/www.instagram.com\/nationalstore\/","https:\/\/www.facebook.com\/nationalstore\/?ref=br_rs","https:\/\/twitter.com\/Nationalstore"],"logo":{"@type":"ImageObject","inLanguage":"fr-FR","@id":"https:\/\/nationalstore.be\/fr#\/schema\/logo\/image\/","url":"https:\/\/nationalstore.be\/wp-content\/uploads\/2024\/03\/nationaal-logo_mauve-cmjn.png","contentUrl":"https:\/\/nationalstore.be\/wp-content\/uploads\/2024\/03\/nationaal-logo_mauve-cmjn.png","width":3475,"height":1352,"caption":"NATIONA(A)L ARTIST MARKET"},"image":{"@id":"https:\/\/nationalstore.be\/fr#\/schema\/logo\/image\/"}},{"@type":"WebSite","@id":"https:\/\/nationalstore.be\/fr#website","url":"https:\/\/nationalstore.be\/fr","name":"NATIONA(A)L ARTIST SUPERMARKET","description":"","publisher":{"@id":"https:\/\/nationalstore.be\/fr#organization"},"potentialAction":[{"@type":"SearchAction","target":{"@type":"EntryPoint","urlTemplate":"https:\/\/nationalstore.be\/fr?s={search_term_string}"},"query-input":"required name=search_term_string"}],"inLanguage":"fr-FR"},{"@type":"ImageObject","inLanguage":"fr-FR","@id":"https:\/\/nationalstore.be\/fr\/produit\/la-poudre-ep-cd-usb-2#primaryimage","url":"https:\/\/nationalstore.be\/wp-content\/uploads\/2022\/02\/1-POCHETTE-EP.png","contentUrl":"https:\/\/nationalstore.be\/wp-content\/uploads\/2022\/02\/1-POCHETTE-EP.png","width":1512,"height":1512,"caption":"la poudre ep cover"},{"@type":["WebPage","ItemPage"],"@id":"https:\/\/nationalstore.be\/fr\/produit\/la-poudre-ep-cd-usb-2#webpage","url":"https:\/\/nationalstore.be\/fr\/produit\/la-poudre-ep-cd-usb-2","name":"la poudre ep \u2013 CD + USB | E-shop artistes belges","isPartOf":{"@id":"https:\/\/nationalstore.be\/fr#website"},"primaryImageOfPage":{"@id":"https:\/\/nationalstore.be\/fr\/produit\/la-poudre-ep-cd-usb-2#primaryimage"},"datePublished":"2022-02-24T16:41:42+00:00","dateModified":"2022-09-26T13:29:13+00:00","description":"la poudre ep. A first ep that sounds like a Best Of! A party rock trip to total freedom.","breadcrumb":{"@id":"https:\/\/nationalstore.be\/fr\/produit\/la-poudre-ep-cd-usb-2#breadcrumb"},"inLanguage":"fr-FR","potentialAction":[{"@type":"ReadAction","target":["https:\/\/nationalstore.be\/fr\/produit\/la-poudre-ep-cd-usb-2"]}]},{"@type":"BreadcrumbList","@id":"https:\/\/nationalstore.be\/fr\/produit\/la-poudre-ep-cd-usb-2#breadcrumb","itemListElement":[{"@type":"ListItem","position":1,"name":"Home","item":"https:\/\/nationalstore.be\/fr"},{"@type":"ListItem","position":2,"name":"Produits","item":"https:\/\/nationalstore.be\/fr\/shop"},{"@type":"ListItem","position":3,"name":"Musique","item":"https:\/\/nationalstore.be\/fr\/pc\/musique"},{"@type":"ListItem","position":4,"name":"Indie\/Rock","item":"https:\/\/nationalstore.be\/fr\/pc\/musique\/indie-rock-fr"},{"@type":"ListItem","position":5,"name":"la poudre ep \u2013 CD + USB"}]}]}},"_links":{"self":[{"href":"https:\/\/nationalstore.be\/fr\/wp-json\/wp\/v2\/product\/30373"}],"collection":[{"href":"https:\/\/nationalstore.be\/fr\/wp-json\/wp\/v2\/product"}],"about":[{"href":"https:\/\/nationalstore.be\/fr\/wp-json\/wp\/v2\/types\/product"}],"wp:featuredmedia":[{"embeddable":true,"href":"https:\/\/nationalstore.be\/fr\/wp-json\/wp\/v2\/media\/29791"}],"wp:attachment":[{"href":"https:\/\/nationalstore.be\/fr\/wp-json\/wp\/v2\/media?parent=30373"}],"wp:term":[{"taxonomy":"product_cat","embeddable":true,"href":"https:\/\/nationalstore.be\/fr\/wp-json\/wp\/v2\/product_cat?post=30373"},{"taxonomy":"product_tag","embeddable":true,"href":"https:\/\/nationalstore.be\/fr\/wp-json\/wp\/v2\/product_tag?post=30373"}],"curies":[{"name":"wp","href":"https:\/\/api.w.org\/{rel}","templated":true}]}}