{"id":29651,"date":"2022-03-11T10:39:04","date_gmt":"2022-02-03T11:38:46","guid":{"rendered":"https:\/\/nationalstore.be\/?post_type=product&#038;p=29651"},"modified":"2022-03-11T16:55:33","modified_gmt":"2022-03-11T15:55:33","slug":"strata-3","status":"publish","type":"product","link":"https:\/\/nationalstore.be\/fr\/produit\/strata-3","title":{"rendered":"Strata #3"},"content":{"rendered":"<p class=\"\" style=\"margin: 1rem 0px; caret-color: #000000; color: #000000; font-family: acumin-pro; font-size: 18px;\" data-mce-style=\"margin: 1rem 0px; caret-color: #000000; color: #000000; font-family: acumin-pro; font-size: 18px;\">Le lin est un mat\u00e9riau naturel et \u00e9cologique. Il est produit localement, sa culture n\u00e9cessite peu d&#8217;eau et subit des traitements chimiques tr\u00e8s l\u00e9gers. Le lin pr\u00e9sente \u00e9galement des avantages pratiques: il est un bon isolant acoustique, anti-poussi\u00e8re et r\u00e9gule la temp\u00e9rature et l&#8217;humidit\u00e9 de son environnement.<\/p>\n<p><span style=\"caret-color: #000000; color: #000000; font-family: acumin-pro; font-size: 18px; background-color: #f5f5f5;\" data-mce-style=\"caret-color: #000000; color: #000000; font-family: acumin-pro; font-size: 18px; background-color: #f5f5f5;\">Taille: 63 x 80 cm<\/span><br style=\"caret-color: #000000; color: #000000; font-family: acumin-pro; font-size: 18px;\" data-mce-style=\"caret-color: #000000; color: #000000; font-family: acumin-pro; font-size: 18px;\"><span style=\"caret-color: #000000; color: #000000; font-family: acumin-pro; font-size: 18px; background-color: #f5f5f5;\" data-mce-style=\"caret-color: #000000; color: #000000; font-family: acumin-pro; font-size: 18px; background-color: #f5f5f5;\">Mat\u00e9riaux: 100% lin<\/span><\/p>\n","protected":false},"excerpt":{"rendered":"<p><span style=\"color: rgb(0, 0, 0); font-family: acumin-pro; font-size: 18px; caret-color: rgb(0, 0, 0);\">La structure du dessin qui combine des lignes verticales avec des states horizontales s\u2019anime par la vibration du d\u00e9grad\u00e9 qui s\u2019y immisce. Ce tapis invite \u00e0 l\u2019\u00e9vasion, on l\u2019imagine ais\u00e9ment au mur.<\/span><\/p>\n","protected":false},"featured_media":29640,"template":"","meta":[],"product_cat":[1589,527,548,2876,2867],"product_tag":[2363,3134,823],"yoast_head":"<!-- This site is optimized with the Yoast SEO plugin v19.1 - https:\/\/yoast.com\/wordpress\/plugins\/seo\/ -->\n<title>Strata #3 | E-shop artistes belges<\/title>\n<meta name=\"description\" content=\"Acheter un produit comme Strata #3? Laissez vous surprendre par nos artistes belges sp\u00e9cialis\u00e9s en produits artisanaux!\" \/>\n<meta name=\"robots\" content=\"index, follow, max-snippet:-1, max-image-preview:large, max-video-preview:-1\" \/>\n<link rel=\"canonical\" href=\"https:\/\/nationalstore.be\/fr\/produit\/strata-3\" \/>\n<meta property=\"og:locale\" content=\"fr_FR\" \/>\n<meta property=\"og:type\" content=\"article\" \/>\n<meta property=\"og:title\" content=\"Strata #3 | E-shop artistes belges\" \/>\n<meta property=\"og:description\" content=\"Acheter un produit comme Strata #3? Laissez vous surprendre par nos artistes belges sp\u00e9cialis\u00e9s en produits artisanaux!\" \/>\n<meta property=\"og:url\" content=\"https:\/\/nationalstore.be\/fr\/produit\/strata-3\" \/>\n<meta property=\"og:site_name\" content=\"NATIONA(A)L ARTIST SUPERMARKET\" \/>\n<meta property=\"article:publisher\" content=\"https:\/\/www.facebook.com\/nationalstore\/?ref=br_rs\" \/>\n<meta property=\"article:modified_time\" content=\"2022-03-11T15:55:33+00:00\" \/>\n<meta property=\"og:image\" content=\"https:\/\/nationalstore.be\/wp-content\/uploads\/2022\/02\/IMG_0761-scaled.jpg\" \/>\n\t<meta property=\"og:image:width\" content=\"2560\" \/>\n\t<meta property=\"og:image:height\" content=\"1920\" \/>\n\t<meta property=\"og:image:type\" content=\"image\/jpeg\" \/>\n<meta name=\"twitter:card\" content=\"summary_large_image\" \/>\n<meta name=\"twitter:site\" content=\"@Nationalstore\" \/>\n<script type=\"application\/ld+json\" class=\"yoast-schema-graph\">{\"@context\":\"https:\/\/schema.org\",\"@graph\":[{\"@type\":\"Organization\",\"@id\":\"https:\/\/nationalstore.be\/fr#organization\",\"name\":\"NATIONA(A)L ARTIST MARKET\",\"url\":\"https:\/\/nationalstore.be\/fr\",\"sameAs\":[\"https:\/\/www.instagram.com\/nationalstore\/\",\"https:\/\/www.facebook.com\/nationalstore\/?ref=br_rs\",\"https:\/\/twitter.com\/Nationalstore\"],\"logo\":{\"@type\":\"ImageObject\",\"inLanguage\":\"fr-FR\",\"@id\":\"https:\/\/nationalstore.be\/fr#\/schema\/logo\/image\/\",\"url\":\"https:\/\/nationalstore.be\/wp-content\/uploads\/2024\/03\/nationaal-logo_mauve-cmjn.png\",\"contentUrl\":\"https:\/\/nationalstore.be\/wp-content\/uploads\/2024\/03\/nationaal-logo_mauve-cmjn.png\",\"width\":3475,\"height\":1352,\"caption\":\"NATIONA(A)L ARTIST MARKET\"},\"image\":{\"@id\":\"https:\/\/nationalstore.be\/fr#\/schema\/logo\/image\/\"}},{\"@type\":\"WebSite\",\"@id\":\"https:\/\/nationalstore.be\/fr#website\",\"url\":\"https:\/\/nationalstore.be\/fr\",\"name\":\"NATIONA(A)L ARTIST SUPERMARKET\",\"description\":\"\",\"publisher\":{\"@id\":\"https:\/\/nationalstore.be\/fr#organization\"},\"potentialAction\":[{\"@type\":\"SearchAction\",\"target\":{\"@type\":\"EntryPoint\",\"urlTemplate\":\"https:\/\/nationalstore.be\/fr?s={search_term_string}\"},\"query-input\":\"required name=search_term_string\"}],\"inLanguage\":\"fr-FR\"},{\"@type\":\"ImageObject\",\"inLanguage\":\"fr-FR\",\"@id\":\"https:\/\/nationalstore.be\/fr\/produit\/strata-3#primaryimage\",\"url\":\"https:\/\/nationalstore.be\/wp-content\/uploads\/2022\/02\/IMG_0761-scaled.jpg\",\"contentUrl\":\"https:\/\/nationalstore.be\/wp-content\/uploads\/2022\/02\/IMG_0761-scaled.jpg\",\"width\":2560,\"height\":1920},{\"@type\":[\"WebPage\",\"ItemPage\"],\"@id\":\"https:\/\/nationalstore.be\/fr\/produit\/strata-3#webpage\",\"url\":\"https:\/\/nationalstore.be\/fr\/produit\/strata-3\",\"name\":\"Strata #3 | E-shop artistes belges\",\"isPartOf\":{\"@id\":\"https:\/\/nationalstore.be\/fr#website\"},\"primaryImageOfPage\":{\"@id\":\"https:\/\/nationalstore.be\/fr\/produit\/strata-3#primaryimage\"},\"datePublished\":\"2022-02-03T11:38:46+00:00\",\"dateModified\":\"2022-03-11T15:55:33+00:00\",\"description\":\"Acheter un produit comme Strata #3? Laissez vous surprendre par nos artistes belges sp\u00e9cialis\u00e9s en produits artisanaux!\",\"breadcrumb\":{\"@id\":\"https:\/\/nationalstore.be\/fr\/produit\/strata-3#breadcrumb\"},\"inLanguage\":\"fr-FR\",\"potentialAction\":[{\"@type\":\"ReadAction\",\"target\":[\"https:\/\/nationalstore.be\/fr\/produit\/strata-3\"]}]},{\"@type\":\"BreadcrumbList\",\"@id\":\"https:\/\/nationalstore.be\/fr\/produit\/strata-3#breadcrumb\",\"itemListElement\":[{\"@type\":\"ListItem\",\"position\":1,\"name\":\"Home\",\"item\":\"https:\/\/nationalstore.be\/fr\"},{\"@type\":\"ListItem\",\"position\":2,\"name\":\"Produits\",\"item\":\"https:\/\/nationalstore.be\/fr\/shop\"},{\"@type\":\"ListItem\",\"position\":3,\"name\":\"Subcategories\",\"item\":\"https:\/\/nationalstore.be\/fr\/pc\/subcategories-fr\"},{\"@type\":\"ListItem\",\"position\":4,\"name\":\"Pour la maison\",\"item\":\"https:\/\/nationalstore.be\/fr\/pc\/subcategories-fr\/pour-la-maison\"},{\"@type\":\"ListItem\",\"position\":5,\"name\":\"Strata #3\"}]}]}<\/script>\n<!-- \/ Yoast SEO plugin. -->","yoast_head_json":{"title":"Strata #3 | E-shop artistes belges","description":"Acheter un produit comme Strata #3? Laissez vous surprendre par nos artistes belges sp\u00e9cialis\u00e9s en produits artisanaux!","robots":{"index":"index","follow":"follow","max-snippet":"max-snippet:-1","max-image-preview":"max-image-preview:large","max-video-preview":"max-video-preview:-1"},"canonical":"https:\/\/nationalstore.be\/fr\/produit\/strata-3","og_locale":"fr_FR","og_type":"article","og_title":"Strata #3 | E-shop artistes belges","og_description":"Acheter un produit comme Strata #3? Laissez vous surprendre par nos artistes belges sp\u00e9cialis\u00e9s en produits artisanaux!","og_url":"https:\/\/nationalstore.be\/fr\/produit\/strata-3","og_site_name":"NATIONA(A)L ARTIST SUPERMARKET","article_publisher":"https:\/\/www.facebook.com\/nationalstore\/?ref=br_rs","article_modified_time":"2022-03-11T15:55:33+00:00","og_image":[{"width":2560,"height":1920,"url":"https:\/\/nationalstore.be\/wp-content\/uploads\/2022\/02\/IMG_0761-scaled.jpg","type":"image\/jpeg"}],"twitter_card":"summary_large_image","twitter_site":"@Nationalstore","schema":{"@context":"https:\/\/schema.org","@graph":[{"@type":"Organization","@id":"https:\/\/nationalstore.be\/fr#organization","name":"NATIONA(A)L ARTIST MARKET","url":"https:\/\/nationalstore.be\/fr","sameAs":["https:\/\/www.instagram.com\/nationalstore\/","https:\/\/www.facebook.com\/nationalstore\/?ref=br_rs","https:\/\/twitter.com\/Nationalstore"],"logo":{"@type":"ImageObject","inLanguage":"fr-FR","@id":"https:\/\/nationalstore.be\/fr#\/schema\/logo\/image\/","url":"https:\/\/nationalstore.be\/wp-content\/uploads\/2024\/03\/nationaal-logo_mauve-cmjn.png","contentUrl":"https:\/\/nationalstore.be\/wp-content\/uploads\/2024\/03\/nationaal-logo_mauve-cmjn.png","width":3475,"height":1352,"caption":"NATIONA(A)L ARTIST MARKET"},"image":{"@id":"https:\/\/nationalstore.be\/fr#\/schema\/logo\/image\/"}},{"@type":"WebSite","@id":"https:\/\/nationalstore.be\/fr#website","url":"https:\/\/nationalstore.be\/fr","name":"NATIONA(A)L ARTIST SUPERMARKET","description":"","publisher":{"@id":"https:\/\/nationalstore.be\/fr#organization"},"potentialAction":[{"@type":"SearchAction","target":{"@type":"EntryPoint","urlTemplate":"https:\/\/nationalstore.be\/fr?s={search_term_string}"},"query-input":"required name=search_term_string"}],"inLanguage":"fr-FR"},{"@type":"ImageObject","inLanguage":"fr-FR","@id":"https:\/\/nationalstore.be\/fr\/produit\/strata-3#primaryimage","url":"https:\/\/nationalstore.be\/wp-content\/uploads\/2022\/02\/IMG_0761-scaled.jpg","contentUrl":"https:\/\/nationalstore.be\/wp-content\/uploads\/2022\/02\/IMG_0761-scaled.jpg","width":2560,"height":1920},{"@type":["WebPage","ItemPage"],"@id":"https:\/\/nationalstore.be\/fr\/produit\/strata-3#webpage","url":"https:\/\/nationalstore.be\/fr\/produit\/strata-3","name":"Strata #3 | E-shop artistes belges","isPartOf":{"@id":"https:\/\/nationalstore.be\/fr#website"},"primaryImageOfPage":{"@id":"https:\/\/nationalstore.be\/fr\/produit\/strata-3#primaryimage"},"datePublished":"2022-02-03T11:38:46+00:00","dateModified":"2022-03-11T15:55:33+00:00","description":"Acheter un produit comme Strata #3? Laissez vous surprendre par nos artistes belges sp\u00e9cialis\u00e9s en produits artisanaux!","breadcrumb":{"@id":"https:\/\/nationalstore.be\/fr\/produit\/strata-3#breadcrumb"},"inLanguage":"fr-FR","potentialAction":[{"@type":"ReadAction","target":["https:\/\/nationalstore.be\/fr\/produit\/strata-3"]}]},{"@type":"BreadcrumbList","@id":"https:\/\/nationalstore.be\/fr\/produit\/strata-3#breadcrumb","itemListElement":[{"@type":"ListItem","position":1,"name":"Home","item":"https:\/\/nationalstore.be\/fr"},{"@type":"ListItem","position":2,"name":"Produits","item":"https:\/\/nationalstore.be\/fr\/shop"},{"@type":"ListItem","position":3,"name":"Subcategories","item":"https:\/\/nationalstore.be\/fr\/pc\/subcategories-fr"},{"@type":"ListItem","position":4,"name":"Pour la maison","item":"https:\/\/nationalstore.be\/fr\/pc\/subcategories-fr\/pour-la-maison"},{"@type":"ListItem","position":5,"name":"Strata #3"}]}]}},"_links":{"self":[{"href":"https:\/\/nationalstore.be\/fr\/wp-json\/wp\/v2\/product\/29651"}],"collection":[{"href":"https:\/\/nationalstore.be\/fr\/wp-json\/wp\/v2\/product"}],"about":[{"href":"https:\/\/nationalstore.be\/fr\/wp-json\/wp\/v2\/types\/product"}],"wp:featuredmedia":[{"embeddable":true,"href":"https:\/\/nationalstore.be\/fr\/wp-json\/wp\/v2\/media\/29640"}],"wp:attachment":[{"href":"https:\/\/nationalstore.be\/fr\/wp-json\/wp\/v2\/media?parent=29651"}],"wp:term":[{"taxonomy":"product_cat","embeddable":true,"href":"https:\/\/nationalstore.be\/fr\/wp-json\/wp\/v2\/product_cat?post=29651"},{"taxonomy":"product_tag","embeddable":true,"href":"https:\/\/nationalstore.be\/fr\/wp-json\/wp\/v2\/product_tag?post=29651"}],"curies":[{"name":"wp","href":"https:\/\/api.w.org\/{rel}","templated":true}]}}